{"id":6303,"date":"2023-07-05T10:57:19","date_gmt":"2023-07-05T10:57:19","guid":{"rendered":"https:\/\/kohvieri.ee\/?page_id=6303"},"modified":"2025-03-06T16:12:12","modified_gmt":"2025-03-06T16:12:12","slug":"tarneviisid","status":"publish","type":"page","link":"https:\/\/kohvieri.ee\/en\/tarneviisid\/","title":{"rendered":"Shipping"},"content":{"rendered":"<p>In Estonia the options are:<\/p>\n<ul>\n<li><strong>Omniva<\/strong> parcel terminal - \u20ac 3.29<\/li>\n<li><strong>SmartPosti<\/strong> parcel terminal -  \u20ac 2.95<\/li>\n<li class=\"translation-block\"><strong>Self pick-up<\/strong> from Kohvieri Old Town shop in Tallinn, Olevim\u00e4gi 11 (Monday-Saturday 10.00-18.00, Sunday 10.00-17.00)<\/li>\n<\/ul>\n<p>Foreign country different shipping methods:<\/p>\n<ul>\n<li><strong>Finland Itella SmartPosti<\/strong> parcel terminal - \u20ac 11.59<\/li>\n<li><strong>Other country<\/strong>\u00a0-from \u20ac 17 (the package will be sent with regular post, the cost depends on the country and the weight of the package, the exact delivery cost will be added to the prepayment invoice)<\/li>\n<\/ul>\n<p>You can choose the shipping methods after you have entered your country in the Check-out page.<\/p>\n<p>All the prices include taxes.<\/p>","protected":false},"excerpt":{"rendered":"<p>Eestisiseselt on Sul v\u00f5imalik valida mitme erineva tarneviisi vahel: Omniva pakiautomaat &#8211; \u20ac 3.29 SmartPosti pakiautomaat &#8211; \u20ac 2.95 Tulen ise j\u00e4rgi\u00a0Kohvieri esinduspoodi Tallinna vanalinnas Olevim\u00e4gi 11 (E-L 10.00-18.00 ja P 10.00-17.00). V\u00e4lismaale tellides on j\u00e4rgnevad valikuv\u00f5imalused: Soome SmartPosti pakiautomaat &#8211; \u20ac 11.59 Muud riigid\u00a0&#8211; alates \u20ac 17 (pakk saadetakse tavapostiga, summa s\u00f5ltub sihtriigist ja [&hellip;]<\/p>\n","protected":false},"author":1,"featured_media":0,"parent":0,"menu_order":0,"comment_status":"closed","ping_status":"closed","template":"","meta":{"_uag_custom_page_level_css":"","site-sidebar-layout":"default","site-content-layout":"default","ast-site-content-layout":"default","site-content-style":"default","site-sidebar-style":"default","ast-global-header-display":"","ast-banner-title-visibility":"","ast-main-header-display":"","ast-hfb-above-header-display":"","ast-hfb-below-header-display":"","ast-hfb-mobile-header-display":"","site-post-title":"","ast-breadcrumbs-content":"","ast-featured-img":"","footer-sml-layout":"","ast-disable-related-posts":"","theme-transparent-header-meta":"default","adv-header-id-meta":"","stick-header-meta":"default","header-above-stick-meta":"","header-main-stick-meta":"","header-below-stick-meta":"","astra-migrate-meta-layouts":"set","ast-page-background-enabled":"default","ast-page-background-meta":{"desktop":{"background-color":"var(--ast-global-color-4)","background-image":"","background-repeat":"repeat","background-position":"center center","background-size":"auto","background-attachment":"scroll","background-type":"","background-media":"","overlay-type":"","overlay-color":"","overlay-opacity":"","overlay-gradient":""},"tablet":{"background-color":"","background-image":"","background-repeat":"repeat","background-position":"center center","background-size":"auto","background-attachment":"scroll","background-type":"","background-media":"","overlay-type":"","overlay-color":"","overlay-opacity":"","overlay-gradient":""},"mobile":{"background-color":"","background-image":"","background-repeat":"repeat","background-position":"center center","background-size":"auto","background-attachment":"scroll","background-type":"","background-media":"","overlay-type":"","overlay-color":"","overlay-opacity":"","overlay-gradient":""}},"ast-content-background-meta":{"desktop":{"background-color":"var(--ast-global-color-5)","background-image":"","background-repeat":"repeat","background-position":"center center","background-size":"auto","background-attachment":"scroll","background-type":"","background-media":"","overlay-type":"","overlay-color":"","overlay-opacity":"","overlay-gradient":""},"tablet":{"background-color":"var(--ast-global-color-5)","background-image":"","background-repeat":"repeat","background-position":"center center","background-size":"auto","background-attachment":"scroll","background-type":"","background-media":"","overlay-type":"","overlay-color":"","overlay-opacity":"","overlay-gradient":""},"mobile":{"background-color":"var(--ast-global-color-5)","background-image":"","background-repeat":"repeat","background-position":"center center","background-size":"auto","background-attachment":"scroll","background-type":"","background-media":"","overlay-type":"","overlay-color":"","overlay-opacity":"","overlay-gradient":""}},"footnotes":""},"class_list":["post-6303","page","type-page","status-publish","hentry"],"yoast_head":"<!-- This site is optimized with the Yoast SEO plugin v27.5 - https:\/\/yoast.com\/product\/yoast-seo-wordpress\/ -->\n<title>Tarneviisid - Kohvieri<\/title>\n<meta name=\"robots\" content=\"index, follow, max-snippet:-1, max-image-preview:large, max-video-preview:-1\" \/>\n<link rel=\"canonical\" href=\"https:\/\/kohvieri.ee\/en\/tarneviisid\/\" \/>\n<meta property=\"og:locale\" content=\"en_GB\" \/>\n<meta property=\"og:type\" content=\"article\" \/>\n<meta property=\"og:title\" content=\"Tarneviisid - Kohvieri\" \/>\n<meta property=\"og:description\" content=\"Eestisiseselt on Sul v\u00f5imalik valida mitme erineva tarneviisi vahel: Omniva pakiautomaat &#8211; \u20ac 3.29 SmartPosti pakiautomaat &#8211; \u20ac 2.95 Tulen ise j\u00e4rgi\u00a0Kohvieri esinduspoodi Tallinna vanalinnas Olevim\u00e4gi 11 (E-L 10.00-18.00 ja P 10.00-17.00). V\u00e4lismaale tellides on j\u00e4rgnevad valikuv\u00f5imalused: Soome SmartPosti pakiautomaat &#8211; \u20ac 11.59 Muud riigid\u00a0&#8211; alates \u20ac 17 (pakk saadetakse tavapostiga, summa s\u00f5ltub sihtriigist ja [&hellip;]\" \/>\n<meta property=\"og:url\" content=\"https:\/\/kohvieri.ee\/en\/tarneviisid\/\" \/>\n<meta property=\"og:site_name\" content=\"Kohvieri\" \/>\n<meta property=\"article:publisher\" content=\"https:\/\/www.facebook.com\/kohvieri\" \/>\n<meta property=\"article:modified_time\" content=\"2025-03-06T16:12:12+00:00\" \/>\n<meta name=\"twitter:card\" content=\"summary_large_image\" \/>\n<meta name=\"twitter:label1\" content=\"Estimated reading time\" \/>\n\t<meta name=\"twitter:data1\" content=\"1 minute\" \/>\n<script type=\"application\/ld+json\" class=\"yoast-schema-graph\">{\"@context\":\"https:\\\/\\\/schema.org\",\"@graph\":[{\"@type\":\"WebPage\",\"@id\":\"https:\\\/\\\/kohvieri.ee\\\/et\\\/tarneviisid\\\/\",\"url\":\"https:\\\/\\\/kohvieri.ee\\\/et\\\/tarneviisid\\\/\",\"name\":\"Tarneviisid - Kohvieri\",\"isPartOf\":{\"@id\":\"https:\\\/\\\/kohvieri.ee\\\/et\\\/#website\"},\"datePublished\":\"2023-07-05T10:57:19+00:00\",\"dateModified\":\"2025-03-06T16:12:12+00:00\",\"breadcrumb\":{\"@id\":\"https:\\\/\\\/kohvieri.ee\\\/et\\\/tarneviisid\\\/#breadcrumb\"},\"inLanguage\":\"en-GB\",\"potentialAction\":[{\"@type\":\"ReadAction\",\"target\":[\"https:\\\/\\\/kohvieri.ee\\\/et\\\/tarneviisid\\\/\"]}]},{\"@type\":\"BreadcrumbList\",\"@id\":\"https:\\\/\\\/kohvieri.ee\\\/et\\\/tarneviisid\\\/#breadcrumb\",\"itemListElement\":[{\"@type\":\"ListItem\",\"position\":1,\"name\":\"Home\",\"item\":\"https:\\\/\\\/kohvieri.ee\\\/et\\\/\"},{\"@type\":\"ListItem\",\"position\":2,\"name\":\"Tarneviisid\"}]},{\"@type\":\"WebSite\",\"@id\":\"https:\\\/\\\/kohvieri.ee\\\/et\\\/#website\",\"url\":\"https:\\\/\\\/kohvieri.ee\\\/et\\\/\",\"name\":\"Kohvieri\",\"description\":\"Kohvi - ja teepood\",\"publisher\":{\"@id\":\"https:\\\/\\\/kohvieri.ee\\\/et\\\/#organization\"},\"potentialAction\":[{\"@type\":\"SearchAction\",\"target\":{\"@type\":\"EntryPoint\",\"urlTemplate\":\"https:\\\/\\\/kohvieri.ee\\\/et\\\/?s={search_term_string}\"},\"query-input\":{\"@type\":\"PropertyValueSpecification\",\"valueRequired\":true,\"valueName\":\"search_term_string\"}}],\"inLanguage\":\"en-GB\"},{\"@type\":\"Organization\",\"@id\":\"https:\\\/\\\/kohvieri.ee\\\/et\\\/#organization\",\"name\":\"Kohvieri\",\"url\":\"https:\\\/\\\/kohvieri.ee\\\/et\\\/\",\"logo\":{\"@type\":\"ImageObject\",\"inLanguage\":\"en-GB\",\"@id\":\"https:\\\/\\\/kohvieri.ee\\\/et\\\/#\\\/schema\\\/logo\\\/image\\\/\",\"url\":\"https:\\\/\\\/kohvieri.ee\\\/wp-content\\\/uploads\\\/2023\\\/07\\\/07cd6507-9210-4922-a9ff-55a59759ce72-e1689614757153.png\",\"contentUrl\":\"https:\\\/\\\/kohvieri.ee\\\/wp-content\\\/uploads\\\/2023\\\/07\\\/07cd6507-9210-4922-a9ff-55a59759ce72-e1689614757153.png\",\"width\":945,\"height\":318,\"caption\":\" Kohvieri\"},\"image\":{\"@id\":\"https:\\\/\\\/kohvieri.ee\\\/et\\\/#\\\/schema\\\/logo\\\/image\\\/\"},\"sameAs\":[\"https:\\\/\\\/www.facebook.com\\\/kohvieri\",\"https:\\\/\\\/www.instagram.com\\\/kohvieripood\"]}]}<\/script>\n<!-- \/ Yoast SEO plugin. -->","yoast_head_json":{"title":"Tarneviisid - Kohvieri","robots":{"index":"index","follow":"follow","max-snippet":"max-snippet:-1","max-image-preview":"max-image-preview:large","max-video-preview":"max-video-preview:-1"},"canonical":"https:\/\/kohvieri.ee\/en\/tarneviisid\/","og_locale":"en_GB","og_type":"article","og_title":"Tarneviisid - Kohvieri","og_description":"Eestisiseselt on Sul v\u00f5imalik valida mitme erineva tarneviisi vahel: Omniva pakiautomaat &#8211; \u20ac 3.29 SmartPosti pakiautomaat &#8211; \u20ac 2.95 Tulen ise j\u00e4rgi\u00a0Kohvieri esinduspoodi Tallinna vanalinnas Olevim\u00e4gi 11 (E-L 10.00-18.00 ja P 10.00-17.00). V\u00e4lismaale tellides on j\u00e4rgnevad valikuv\u00f5imalused: Soome SmartPosti pakiautomaat &#8211; \u20ac 11.59 Muud riigid\u00a0&#8211; alates \u20ac 17 (pakk saadetakse tavapostiga, summa s\u00f5ltub sihtriigist ja [&hellip;]","og_url":"https:\/\/kohvieri.ee\/en\/tarneviisid\/","og_site_name":"Kohvieri","article_publisher":"https:\/\/www.facebook.com\/kohvieri","article_modified_time":"2025-03-06T16:12:12+00:00","twitter_card":"summary_large_image","twitter_misc":{"Estimated reading time":"1 minute"},"schema":{"@context":"https:\/\/schema.org","@graph":[{"@type":"WebPage","@id":"https:\/\/kohvieri.ee\/et\/tarneviisid\/","url":"https:\/\/kohvieri.ee\/et\/tarneviisid\/","name":"Tarneviisid - Kohvieri","isPartOf":{"@id":"https:\/\/kohvieri.ee\/et\/#website"},"datePublished":"2023-07-05T10:57:19+00:00","dateModified":"2025-03-06T16:12:12+00:00","breadcrumb":{"@id":"https:\/\/kohvieri.ee\/et\/tarneviisid\/#breadcrumb"},"inLanguage":"en-GB","potentialAction":[{"@type":"ReadAction","target":["https:\/\/kohvieri.ee\/et\/tarneviisid\/"]}]},{"@type":"BreadcrumbList","@id":"https:\/\/kohvieri.ee\/et\/tarneviisid\/#breadcrumb","itemListElement":[{"@type":"ListItem","position":1,"name":"Home","item":"https:\/\/kohvieri.ee\/et\/"},{"@type":"ListItem","position":2,"name":"Tarneviisid"}]},{"@type":"WebSite","@id":"https:\/\/kohvieri.ee\/et\/#website","url":"https:\/\/kohvieri.ee\/et\/","name":"Kohvieri","description":"Kohvi - ja teepood","publisher":{"@id":"https:\/\/kohvieri.ee\/et\/#organization"},"potentialAction":[{"@type":"SearchAction","target":{"@type":"EntryPoint","urlTemplate":"https:\/\/kohvieri.ee\/et\/?s={search_term_string}"},"query-input":{"@type":"PropertyValueSpecification","valueRequired":true,"valueName":"search_term_string"}}],"inLanguage":"en-GB"},{"@type":"Organization","@id":"https:\/\/kohvieri.ee\/et\/#organization","name":"Kohvieri","url":"https:\/\/kohvieri.ee\/et\/","logo":{"@type":"ImageObject","inLanguage":"en-GB","@id":"https:\/\/kohvieri.ee\/et\/#\/schema\/logo\/image\/","url":"https:\/\/kohvieri.ee\/wp-content\/uploads\/2023\/07\/07cd6507-9210-4922-a9ff-55a59759ce72-e1689614757153.png","contentUrl":"https:\/\/kohvieri.ee\/wp-content\/uploads\/2023\/07\/07cd6507-9210-4922-a9ff-55a59759ce72-e1689614757153.png","width":945,"height":318,"caption":" Kohvieri"},"image":{"@id":"https:\/\/kohvieri.ee\/et\/#\/schema\/logo\/image\/"},"sameAs":["https:\/\/www.facebook.com\/kohvieri","https:\/\/www.instagram.com\/kohvieripood"]}]}},"uagb_featured_image_src":{"full":false,"thumbnail":false,"medium":false,"medium_large":false,"large":false,"1536x1536":false,"2048x2048":false,"trp-custom-language-flag":false,"woocommerce_thumbnail":false,"woocommerce_single":false,"woocommerce_gallery_thumbnail":false},"uagb_author_info":{"display_name":"Kohvieri","author_link":"https:\/\/kohvieri.ee\/en\/author\/kaisu\/"},"uagb_comment_info":0,"uagb_excerpt":"Eestisiseselt on Sul v\u00f5imalik valida mitme erineva tarneviisi vahel: Omniva pakiautomaat &#8211; \u20ac 3.29 SmartPosti pakiautomaat &#8211; \u20ac 2.95 Tulen ise j\u00e4rgi\u00a0Kohvieri esinduspoodi Tallinna vanalinnas Olevim\u00e4gi 11 (E-L 10.00-18.00 ja P 10.00-17.00). V\u00e4lismaale tellides on j\u00e4rgnevad valikuv\u00f5imalused: Soome SmartPosti pakiautomaat &#8211; \u20ac 11.59 Muud riigid\u00a0&#8211; alates \u20ac 17 (pakk saadetakse tavapostiga, summa s\u00f5ltub sihtriigist ja&hellip;","jetpack_sharing_enabled":true,"_links":{"self":[{"href":"https:\/\/kohvieri.ee\/en\/wp-json\/wp\/v2\/pages\/6303","targetHints":{"allow":["GET"]}}],"collection":[{"href":"https:\/\/kohvieri.ee\/en\/wp-json\/wp\/v2\/pages"}],"about":[{"href":"https:\/\/kohvieri.ee\/en\/wp-json\/wp\/v2\/types\/page"}],"author":[{"embeddable":true,"href":"https:\/\/kohvieri.ee\/en\/wp-json\/wp\/v2\/users\/1"}],"replies":[{"embeddable":true,"href":"https:\/\/kohvieri.ee\/en\/wp-json\/wp\/v2\/comments?post=6303"}],"version-history":[{"count":5,"href":"https:\/\/kohvieri.ee\/en\/wp-json\/wp\/v2\/pages\/6303\/revisions"}],"predecessor-version":[{"id":15111,"href":"https:\/\/kohvieri.ee\/en\/wp-json\/wp\/v2\/pages\/6303\/revisions\/15111"}],"wp:attachment":[{"href":"https:\/\/kohvieri.ee\/en\/wp-json\/wp\/v2\/media?parent=6303"}],"curies":[{"name":"wp","href":"https:\/\/api.w.org\/{rel}","templated":true}]}}