{"id":12160,"date":"2023-10-22T16:19:04","date_gmt":"2023-10-22T16:19:04","guid":{"rendered":"https:\/\/kohvieri.ee\/?post_type=product&#038;p=12160"},"modified":"2025-11-22T19:55:38","modified_gmt":"2025-11-22T19:55:38","slug":"mustsostratee","status":"publish","type":"product","link":"https:\/\/kohvieri.ee\/en\/product\/mustsostratee\/","title":{"rendered":"Black Currant"},"content":{"rendered":"<div data-elementor-type=\"wp-post\" data-elementor-id=\"12160\" class=\"elementor elementor-12160\">\n\t\t\t\t<div class=\"elementor-element elementor-element-2f60d1a7 e-flex e-con-boxed e-con e-parent\" data-id=\"2f60d1a7\" data-element_type=\"container\" data-e-type=\"container\">\n\t\t\t\t\t<div class=\"e-con-inner\">\n\t\t<div class=\"elementor-element elementor-element-1b0977a8 e-con-full e-flex e-con e-child\" data-id=\"1b0977a8\" data-element_type=\"container\" data-e-type=\"container\">\n\t\t\t\t<div class=\"elementor-element elementor-element-32de3ccc elementor-widget__width-initial e-transform elementor-position-top exad-sticky-section-no exad-glass-effect-no elementor-widget elementor-widget-image-box\" data-id=\"32de3ccc\" data-element_type=\"widget\" data-e-type=\"widget\" data-settings=\"{&quot;_transform_translateX_effect&quot;:{&quot;unit&quot;:&quot;px&quot;,&quot;size&quot;:2,&quot;sizes&quot;:[]},&quot;_transform_translateY_effect&quot;:{&quot;unit&quot;:&quot;px&quot;,&quot;size&quot;:-9,&quot;sizes&quot;:[]},&quot;_transform_translateX_effect_tablet&quot;:{&quot;unit&quot;:&quot;px&quot;,&quot;size&quot;:&quot;&quot;,&quot;sizes&quot;:[]},&quot;_transform_translateX_effect_mobile&quot;:{&quot;unit&quot;:&quot;px&quot;,&quot;size&quot;:&quot;&quot;,&quot;sizes&quot;:[]},&quot;_transform_translateY_effect_tablet&quot;:{&quot;unit&quot;:&quot;px&quot;,&quot;size&quot;:&quot;&quot;,&quot;sizes&quot;:[]},&quot;_transform_translateY_effect_mobile&quot;:{&quot;unit&quot;:&quot;px&quot;,&quot;size&quot;:&quot;&quot;,&quot;sizes&quot;:[]}}\" data-widget_type=\"image-box.default\">\n\t\t\t\t<div class=\"elementor-widget-container\">\n\t\t\t\t\t<div class=\"elementor-image-box-wrapper\"><figure class=\"elementor-image-box-img\"><img fetchpriority=\"high\" decoding=\"async\" width=\"500\" height=\"500\" src=\"https:\/\/kohvieri.ee\/wp-content\/uploads\/2023\/08\/2gr.png\" class=\"attachment-1536x1536 size-1536x1536 wp-image-10475\" alt=\"\" srcset=\"https:\/\/kohvieri.ee\/wp-content\/uploads\/2023\/08\/2gr.png 500w, https:\/\/kohvieri.ee\/wp-content\/uploads\/2023\/08\/2gr-300x300.png 300w, https:\/\/kohvieri.ee\/wp-content\/uploads\/2023\/08\/2gr-150x150.png 150w, https:\/\/kohvieri.ee\/wp-content\/uploads\/2023\/08\/2gr-12x12.png 12w, https:\/\/kohvieri.ee\/wp-content\/uploads\/2023\/08\/2gr-100x100.png 100w\" sizes=\"(max-width: 500px) 100vw, 500px\" \/><\/figure><div class=\"elementor-image-box-content\"><h3 class=\"elementor-image-box-title\">2gr (1tsp) per 200ml of water.<\/h3><\/div><\/div>\t\t\t\t<\/div>\n\t\t\t\t<\/div>\n\t\t\t\t<\/div>\n\t\t<div class=\"elementor-element elementor-element-5133bad8 e-con-full e-flex e-con e-child\" data-id=\"5133bad8\" data-element_type=\"container\" data-e-type=\"container\">\n\t\t\t\t<div class=\"elementor-element elementor-element-65bfa2b9 e-transform elementor-position-top exad-sticky-section-no exad-glass-effect-no elementor-widget elementor-widget-image-box\" data-id=\"65bfa2b9\" data-element_type=\"widget\" data-e-type=\"widget\" data-settings=\"{&quot;_transform_translateX_effect&quot;:{&quot;unit&quot;:&quot;px&quot;,&quot;size&quot;:-16,&quot;sizes&quot;:[]},&quot;_transform_translateY_effect&quot;:{&quot;unit&quot;:&quot;px&quot;,&quot;size&quot;:-1,&quot;sizes&quot;:[]},&quot;_transform_translateX_effect_tablet&quot;:{&quot;unit&quot;:&quot;px&quot;,&quot;size&quot;:&quot;&quot;,&quot;sizes&quot;:[]},&quot;_transform_translateX_effect_mobile&quot;:{&quot;unit&quot;:&quot;px&quot;,&quot;size&quot;:&quot;&quot;,&quot;sizes&quot;:[]},&quot;_transform_translateY_effect_tablet&quot;:{&quot;unit&quot;:&quot;px&quot;,&quot;size&quot;:&quot;&quot;,&quot;sizes&quot;:[]},&quot;_transform_translateY_effect_mobile&quot;:{&quot;unit&quot;:&quot;px&quot;,&quot;size&quot;:&quot;&quot;,&quot;sizes&quot;:[]}}\" data-widget_type=\"image-box.default\">\n\t\t\t\t<div class=\"elementor-widget-container\">\n\t\t\t\t\t<div class=\"elementor-image-box-wrapper\"><figure class=\"elementor-image-box-img\"><img decoding=\"async\" width=\"500\" height=\"500\" src=\"https:\/\/kohvieri.ee\/wp-content\/uploads\/2022\/03\/Gray-4.png\" class=\"attachment-large size-large wp-image-8542\" alt=\"\" srcset=\"https:\/\/kohvieri.ee\/wp-content\/uploads\/2022\/03\/Gray-4.png 500w, https:\/\/kohvieri.ee\/wp-content\/uploads\/2022\/03\/Gray-4-300x300.png 300w, https:\/\/kohvieri.ee\/wp-content\/uploads\/2022\/03\/Gray-4-150x150.png 150w, https:\/\/kohvieri.ee\/wp-content\/uploads\/2022\/03\/Gray-4-12x12.png 12w, https:\/\/kohvieri.ee\/wp-content\/uploads\/2022\/03\/Gray-4-100x100.png 100w\" sizes=\"(max-width: 500px) 100vw, 500px\" \/><\/figure><div class=\"elementor-image-box-content\"><h3 class=\"elementor-image-box-title\">90\u00b0- 100\u00b0C water temperature<\/h3><\/div><\/div>\t\t\t\t<\/div>\n\t\t\t\t<\/div>\n\t\t\t\t<\/div>\n\t\t<div class=\"elementor-element elementor-element-58fde16e e-con-full e-flex e-con e-child\" data-id=\"58fde16e\" data-element_type=\"container\" data-e-type=\"container\">\n\t\t\t\t<div class=\"elementor-element elementor-element-10c4d4b3 e-transform elementor-position-top exad-sticky-section-no exad-glass-effect-no elementor-widget elementor-widget-image-box\" data-id=\"10c4d4b3\" data-element_type=\"widget\" data-e-type=\"widget\" data-settings=\"{&quot;_transform_translateY_effect&quot;:{&quot;unit&quot;:&quot;px&quot;,&quot;size&quot;:-11,&quot;sizes&quot;:[]},&quot;_transform_translateX_effect&quot;:{&quot;unit&quot;:&quot;px&quot;,&quot;size&quot;:&quot;&quot;,&quot;sizes&quot;:[]},&quot;_transform_translateX_effect_tablet&quot;:{&quot;unit&quot;:&quot;px&quot;,&quot;size&quot;:&quot;&quot;,&quot;sizes&quot;:[]},&quot;_transform_translateX_effect_mobile&quot;:{&quot;unit&quot;:&quot;px&quot;,&quot;size&quot;:&quot;&quot;,&quot;sizes&quot;:[]},&quot;_transform_translateY_effect_tablet&quot;:{&quot;unit&quot;:&quot;px&quot;,&quot;size&quot;:&quot;&quot;,&quot;sizes&quot;:[]},&quot;_transform_translateY_effect_mobile&quot;:{&quot;unit&quot;:&quot;px&quot;,&quot;size&quot;:&quot;&quot;,&quot;sizes&quot;:[]}}\" data-widget_type=\"image-box.default\">\n\t\t\t\t<div class=\"elementor-widget-container\">\n\t\t\t\t\t<div class=\"elementor-image-box-wrapper\"><figure class=\"elementor-image-box-img\"><img decoding=\"async\" width=\"500\" height=\"500\" src=\"https:\/\/kohvieri.ee\/wp-content\/uploads\/2022\/03\/Dusty-Beige-Rustic-Hotel-Logo-6.png\" class=\"attachment-full size-full wp-image-8543\" alt=\"\" srcset=\"https:\/\/kohvieri.ee\/wp-content\/uploads\/2022\/03\/Dusty-Beige-Rustic-Hotel-Logo-6.png 500w, https:\/\/kohvieri.ee\/wp-content\/uploads\/2022\/03\/Dusty-Beige-Rustic-Hotel-Logo-6-300x300.png 300w, https:\/\/kohvieri.ee\/wp-content\/uploads\/2022\/03\/Dusty-Beige-Rustic-Hotel-Logo-6-150x150.png 150w, https:\/\/kohvieri.ee\/wp-content\/uploads\/2022\/03\/Dusty-Beige-Rustic-Hotel-Logo-6-12x12.png 12w, https:\/\/kohvieri.ee\/wp-content\/uploads\/2022\/03\/Dusty-Beige-Rustic-Hotel-Logo-6-100x100.png 100w\" sizes=\"(max-width: 500px) 100vw, 500px\" \/><\/figure><div class=\"elementor-image-box-content\"><h3 class=\"elementor-image-box-title\">3-5 minutes preparation time<\/h3><\/div><\/div>\t\t\t\t<\/div>\n\t\t\t\t<\/div>\n\t\t\t\t<\/div>\n\t\t\t\t\t<\/div>\n\t\t\t\t<\/div>\n\t\t\t\t<\/div>","protected":false},"excerpt":{"rendered":"<p>Do you love the taste of grandma's homemade currant jelly? Then you will love our Black Currant black tea! With its intense taste of blackcurrants, it awakens memories of bygone times and at the same time creates new moments of enjoyment. Treat yourself to a cup and let yourself be enchanted by the full-bodied and fruity taste. The Black Currant is a real taste experience that you shouldn't miss.<\/p>\n<p>Ingredients: Black tea, black currants, currant leaves, natural aroma.<\/p>\n<p><a href=\"https:\/\/kohvieri.ee\/en\/teedest\/\">Read more about teas<\/a><\/p>","protected":false},"featured_media":12164,"template":"","meta":{"_uag_custom_page_level_css":"","site-sidebar-layout":"default","site-content-layout":"default","ast-site-content-layout":"default","site-content-style":"default","site-sidebar-style":"default","ast-global-header-display":"","ast-banner-title-visibility":"","ast-main-header-display":"","ast-hfb-above-header-display":"","ast-hfb-below-header-display":"","ast-hfb-mobile-header-display":"","site-post-title":"","ast-breadcrumbs-content":"","ast-featured-img":"","footer-sml-layout":"","ast-disable-related-posts":"","theme-transparent-header-meta":"default","adv-header-id-meta":"","stick-header-meta":"default","header-above-stick-meta":"","header-main-stick-meta":"","header-below-stick-meta":"","astra-migrate-meta-layouts":"set","ast-page-background-enabled":"default","ast-page-background-meta":{"desktop":{"background-color":"var(--ast-global-color-4)","background-image":"","background-repeat":"repeat","background-position":"center center","background-size":"auto","background-attachment":"scroll","background-type":"","background-media":"","overlay-type":"","overlay-color":"","overlay-opacity":"","overlay-gradient":""},"tablet":{"background-color":"","background-image":"","background-repeat":"repeat","background-position":"center center","background-size":"auto","background-attachment":"scroll","background-type":"","background-media":"","overlay-type":"","overlay-color":"","overlay-opacity":"","overlay-gradient":""},"mobile":{"background-color":"","background-image":"","background-repeat":"repeat","background-position":"center center","background-size":"auto","background-attachment":"scroll","background-type":"","background-media":"","overlay-type":"","overlay-color":"","overlay-opacity":"","overlay-gradient":""}},"ast-content-background-meta":{"desktop":{"background-color":"var(--ast-global-color-5)","background-image":"","background-repeat":"repeat","background-position":"center center","background-size":"auto","background-attachment":"scroll","background-type":"","background-media":"","overlay-type":"","overlay-color":"","overlay-opacity":"","overlay-gradient":""},"tablet":{"background-color":"var(--ast-global-color-5)","background-image":"","background-repeat":"repeat","background-position":"center center","background-size":"auto","background-attachment":"scroll","background-type":"","background-media":"","overlay-type":"","overlay-color":"","overlay-opacity":"","overlay-gradient":""},"mobile":{"background-color":"var(--ast-global-color-5)","background-image":"","background-repeat":"repeat","background-position":"center center","background-size":"auto","background-attachment":"scroll","background-type":"","background-media":"","overlay-type":"","overlay-color":"","overlay-opacity":"","overlay-gradient":""}}},"product_brand":[],"product_cat":[83,47],"product_tag":[233,284],"class_list":{"0":"post-12160","1":"product","2":"type-product","3":"status-publish","4":"has-post-thumbnail","6":"product_cat-must-tee","7":"product_cat-teed","8":"product_tag-mustsostar","9":"product_tag-mustsostra-lehed","10":"desktop-align-center","11":"tablet-align-left","12":"mobile-align-left","14":"first","15":"instock","16":"taxable","17":"shipping-taxable","18":"purchasable","19":"product-type-variable"},"yoast_head":"<!-- This site is optimized with the Yoast SEO plugin v27.5 - https:\/\/yoast.com\/product\/yoast-seo-wordpress\/ -->\n<title>Black Currant - Kohvieri<\/title>\n<meta name=\"description\" content=\"Oma intensiivse musts\u00f5stramaitsega \u00e4ratab see m\u00e4lestusi m\u00f6\u00f6dunud aegadest ja loob samas uusi naudinguhetki.\" \/>\n<meta name=\"robots\" content=\"index, follow, max-snippet:-1, max-image-preview:large, max-video-preview:-1\" \/>\n<link rel=\"canonical\" href=\"https:\/\/kohvieri.ee\/en\/product\/mustsostratee\/\" \/>\n<meta property=\"og:locale\" content=\"en_GB\" \/>\n<meta property=\"og:type\" content=\"article\" \/>\n<meta property=\"og:title\" content=\"Black Currant - Kohvieri\" \/>\n<meta property=\"og:description\" content=\"Oma intensiivse musts\u00f5stramaitsega \u00e4ratab see m\u00e4lestusi m\u00f6\u00f6dunud aegadest ja loob samas uusi naudinguhetki.\" \/>\n<meta property=\"og:url\" content=\"https:\/\/kohvieri.ee\/en\/product\/mustsostratee\/\" \/>\n<meta property=\"og:site_name\" content=\"Kohvieri\" \/>\n<meta property=\"article:publisher\" content=\"https:\/\/www.facebook.com\/kohvieri\" \/>\n<meta property=\"article:modified_time\" content=\"2025-11-22T19:55:38+00:00\" \/>\n<meta property=\"og:image\" content=\"https:\/\/kohvieri.ee\/wp-content\/uploads\/2023\/10\/Nimetu-kujundus-39.png\" \/>\n\t<meta property=\"og:image:width\" content=\"600\" \/>\n\t<meta property=\"og:image:height\" content=\"600\" \/>\n\t<meta property=\"og:image:type\" content=\"image\/png\" \/>\n<meta name=\"twitter:card\" content=\"summary_large_image\" \/>\n<meta name=\"twitter:label1\" content=\"Estimated reading time\" \/>\n\t<meta name=\"twitter:data1\" content=\"1 minute\" \/>\n<script type=\"application\/ld+json\" class=\"yoast-schema-graph\">{\"@context\":\"https:\\\/\\\/schema.org\",\"@graph\":[{\"@type\":\"WebPage\",\"@id\":\"https:\\\/\\\/kohvieri.ee\\\/product\\\/mustsostratee\\\/\",\"url\":\"https:\\\/\\\/kohvieri.ee\\\/product\\\/mustsostratee\\\/\",\"name\":\"Black Currant - Kohvieri\",\"isPartOf\":{\"@id\":\"https:\\\/\\\/kohvieri.ee\\\/et\\\/#website\"},\"primaryImageOfPage\":{\"@id\":\"https:\\\/\\\/kohvieri.ee\\\/product\\\/mustsostratee\\\/#primaryimage\"},\"image\":{\"@id\":\"https:\\\/\\\/kohvieri.ee\\\/product\\\/mustsostratee\\\/#primaryimage\"},\"thumbnailUrl\":\"https:\\\/\\\/kohvieri.ee\\\/wp-content\\\/uploads\\\/2023\\\/10\\\/Nimetu-kujundus-39.png\",\"datePublished\":\"2023-10-22T16:19:04+00:00\",\"dateModified\":\"2025-11-22T19:55:38+00:00\",\"description\":\"Oma intensiivse musts\u00f5stramaitsega \u00e4ratab see m\u00e4lestusi m\u00f6\u00f6dunud aegadest ja loob samas uusi naudinguhetki.\",\"breadcrumb\":{\"@id\":\"https:\\\/\\\/kohvieri.ee\\\/product\\\/mustsostratee\\\/#breadcrumb\"},\"inLanguage\":\"en-GB\",\"potentialAction\":[{\"@type\":\"ReadAction\",\"target\":[\"https:\\\/\\\/kohvieri.ee\\\/product\\\/mustsostratee\\\/\"]}]},{\"@type\":\"ImageObject\",\"inLanguage\":\"en-GB\",\"@id\":\"https:\\\/\\\/kohvieri.ee\\\/product\\\/mustsostratee\\\/#primaryimage\",\"url\":\"https:\\\/\\\/kohvieri.ee\\\/wp-content\\\/uploads\\\/2023\\\/10\\\/Nimetu-kujundus-39.png\",\"contentUrl\":\"https:\\\/\\\/kohvieri.ee\\\/wp-content\\\/uploads\\\/2023\\\/10\\\/Nimetu-kujundus-39.png\",\"width\":600,\"height\":600,\"caption\":\"Black Currant\"},{\"@type\":\"BreadcrumbList\",\"@id\":\"https:\\\/\\\/kohvieri.ee\\\/product\\\/mustsostratee\\\/#breadcrumb\",\"itemListElement\":[{\"@type\":\"ListItem\",\"position\":1,\"name\":\"Home\",\"item\":\"https:\\\/\\\/kohvieri.ee\\\/et\\\/\"},{\"@type\":\"ListItem\",\"position\":2,\"name\":\"E-pood\",\"item\":\"https:\\\/\\\/kohvieri.ee\\\/et\\\/e-pood\\\/\"},{\"@type\":\"ListItem\",\"position\":3,\"name\":\"Black Currant\"}]},{\"@type\":\"WebSite\",\"@id\":\"https:\\\/\\\/kohvieri.ee\\\/et\\\/#website\",\"url\":\"https:\\\/\\\/kohvieri.ee\\\/et\\\/\",\"name\":\"Kohvieri\",\"description\":\"Kohvi - ja teepood\",\"publisher\":{\"@id\":\"https:\\\/\\\/kohvieri.ee\\\/et\\\/#organization\"},\"potentialAction\":[{\"@type\":\"SearchAction\",\"target\":{\"@type\":\"EntryPoint\",\"urlTemplate\":\"https:\\\/\\\/kohvieri.ee\\\/et\\\/?s={search_term_string}\"},\"query-input\":{\"@type\":\"PropertyValueSpecification\",\"valueRequired\":true,\"valueName\":\"search_term_string\"}}],\"inLanguage\":\"en-GB\"},{\"@type\":\"Organization\",\"@id\":\"https:\\\/\\\/kohvieri.ee\\\/et\\\/#organization\",\"name\":\"Kohvieri\",\"url\":\"https:\\\/\\\/kohvieri.ee\\\/et\\\/\",\"logo\":{\"@type\":\"ImageObject\",\"inLanguage\":\"en-GB\",\"@id\":\"https:\\\/\\\/kohvieri.ee\\\/et\\\/#\\\/schema\\\/logo\\\/image\\\/\",\"url\":\"https:\\\/\\\/kohvieri.ee\\\/wp-content\\\/uploads\\\/2023\\\/07\\\/07cd6507-9210-4922-a9ff-55a59759ce72-e1689614757153.png\",\"contentUrl\":\"https:\\\/\\\/kohvieri.ee\\\/wp-content\\\/uploads\\\/2023\\\/07\\\/07cd6507-9210-4922-a9ff-55a59759ce72-e1689614757153.png\",\"width\":945,\"height\":318,\"caption\":\" Kohvieri\"},\"image\":{\"@id\":\"https:\\\/\\\/kohvieri.ee\\\/et\\\/#\\\/schema\\\/logo\\\/image\\\/\"},\"sameAs\":[\"https:\\\/\\\/www.facebook.com\\\/kohvieri\",\"https:\\\/\\\/www.instagram.com\\\/kohvieripood\"]}]}<\/script>\n<!-- \/ Yoast SEO plugin. -->","yoast_head_json":{"title":"Black Currant - Kohvieri","description":"Oma intensiivse musts\u00f5stramaitsega \u00e4ratab see m\u00e4lestusi m\u00f6\u00f6dunud aegadest ja loob samas uusi naudinguhetki.","robots":{"index":"index","follow":"follow","max-snippet":"max-snippet:-1","max-image-preview":"max-image-preview:large","max-video-preview":"max-video-preview:-1"},"canonical":"https:\/\/kohvieri.ee\/en\/product\/mustsostratee\/","og_locale":"en_GB","og_type":"article","og_title":"Black Currant - Kohvieri","og_description":"Oma intensiivse musts\u00f5stramaitsega \u00e4ratab see m\u00e4lestusi m\u00f6\u00f6dunud aegadest ja loob samas uusi naudinguhetki.","og_url":"https:\/\/kohvieri.ee\/en\/product\/mustsostratee\/","og_site_name":"Kohvieri","article_publisher":"https:\/\/www.facebook.com\/kohvieri","article_modified_time":"2025-11-22T19:55:38+00:00","og_image":[{"width":600,"height":600,"url":"https:\/\/kohvieri.ee\/wp-content\/uploads\/2023\/10\/Nimetu-kujundus-39.png","type":"image\/png"}],"twitter_card":"summary_large_image","twitter_misc":{"Estimated reading time":"1 minute"},"schema":{"@context":"https:\/\/schema.org","@graph":[{"@type":"WebPage","@id":"https:\/\/kohvieri.ee\/product\/mustsostratee\/","url":"https:\/\/kohvieri.ee\/product\/mustsostratee\/","name":"Black Currant - Kohvieri","isPartOf":{"@id":"https:\/\/kohvieri.ee\/et\/#website"},"primaryImageOfPage":{"@id":"https:\/\/kohvieri.ee\/product\/mustsostratee\/#primaryimage"},"image":{"@id":"https:\/\/kohvieri.ee\/product\/mustsostratee\/#primaryimage"},"thumbnailUrl":"https:\/\/kohvieri.ee\/wp-content\/uploads\/2023\/10\/Nimetu-kujundus-39.png","datePublished":"2023-10-22T16:19:04+00:00","dateModified":"2025-11-22T19:55:38+00:00","description":"Oma intensiivse musts\u00f5stramaitsega \u00e4ratab see m\u00e4lestusi m\u00f6\u00f6dunud aegadest ja loob samas uusi naudinguhetki.","breadcrumb":{"@id":"https:\/\/kohvieri.ee\/product\/mustsostratee\/#breadcrumb"},"inLanguage":"en-GB","potentialAction":[{"@type":"ReadAction","target":["https:\/\/kohvieri.ee\/product\/mustsostratee\/"]}]},{"@type":"ImageObject","inLanguage":"en-GB","@id":"https:\/\/kohvieri.ee\/product\/mustsostratee\/#primaryimage","url":"https:\/\/kohvieri.ee\/wp-content\/uploads\/2023\/10\/Nimetu-kujundus-39.png","contentUrl":"https:\/\/kohvieri.ee\/wp-content\/uploads\/2023\/10\/Nimetu-kujundus-39.png","width":600,"height":600,"caption":"Black Currant"},{"@type":"BreadcrumbList","@id":"https:\/\/kohvieri.ee\/product\/mustsostratee\/#breadcrumb","itemListElement":[{"@type":"ListItem","position":1,"name":"Home","item":"https:\/\/kohvieri.ee\/et\/"},{"@type":"ListItem","position":2,"name":"E-pood","item":"https:\/\/kohvieri.ee\/et\/e-pood\/"},{"@type":"ListItem","position":3,"name":"Black Currant"}]},{"@type":"WebSite","@id":"https:\/\/kohvieri.ee\/et\/#website","url":"https:\/\/kohvieri.ee\/et\/","name":"Kohvieri","description":"Kohvi - ja teepood","publisher":{"@id":"https:\/\/kohvieri.ee\/et\/#organization"},"potentialAction":[{"@type":"SearchAction","target":{"@type":"EntryPoint","urlTemplate":"https:\/\/kohvieri.ee\/et\/?s={search_term_string}"},"query-input":{"@type":"PropertyValueSpecification","valueRequired":true,"valueName":"search_term_string"}}],"inLanguage":"en-GB"},{"@type":"Organization","@id":"https:\/\/kohvieri.ee\/et\/#organization","name":"Kohvieri","url":"https:\/\/kohvieri.ee\/et\/","logo":{"@type":"ImageObject","inLanguage":"en-GB","@id":"https:\/\/kohvieri.ee\/et\/#\/schema\/logo\/image\/","url":"https:\/\/kohvieri.ee\/wp-content\/uploads\/2023\/07\/07cd6507-9210-4922-a9ff-55a59759ce72-e1689614757153.png","contentUrl":"https:\/\/kohvieri.ee\/wp-content\/uploads\/2023\/07\/07cd6507-9210-4922-a9ff-55a59759ce72-e1689614757153.png","width":945,"height":318,"caption":" Kohvieri"},"image":{"@id":"https:\/\/kohvieri.ee\/et\/#\/schema\/logo\/image\/"},"sameAs":["https:\/\/www.facebook.com\/kohvieri","https:\/\/www.instagram.com\/kohvieripood"]}]}},"uagb_featured_image_src":{"full":["https:\/\/kohvieri.ee\/wp-content\/uploads\/2023\/10\/Nimetu-kujundus-39.png",600,600,false],"thumbnail":["https:\/\/kohvieri.ee\/wp-content\/uploads\/2023\/10\/Nimetu-kujundus-39-150x150.png",150,150,true],"medium":["https:\/\/kohvieri.ee\/wp-content\/uploads\/2023\/10\/Nimetu-kujundus-39-300x300.png",300,300,true],"medium_large":["https:\/\/kohvieri.ee\/wp-content\/uploads\/2023\/10\/Nimetu-kujundus-39.png",600,600,false],"large":["https:\/\/kohvieri.ee\/wp-content\/uploads\/2023\/10\/Nimetu-kujundus-39.png",600,600,false],"1536x1536":["https:\/\/kohvieri.ee\/wp-content\/uploads\/2023\/10\/Nimetu-kujundus-39.png",600,600,false],"2048x2048":["https:\/\/kohvieri.ee\/wp-content\/uploads\/2023\/10\/Nimetu-kujundus-39.png",600,600,false],"trp-custom-language-flag":["https:\/\/kohvieri.ee\/wp-content\/uploads\/2023\/10\/Nimetu-kujundus-39-12x12.png",12,12,true],"woocommerce_thumbnail":["https:\/\/kohvieri.ee\/wp-content\/uploads\/2023\/10\/Nimetu-kujundus-39-300x300.png",300,300,true],"woocommerce_single":["https:\/\/kohvieri.ee\/wp-content\/uploads\/2023\/10\/Nimetu-kujundus-39.png",600,600,false],"woocommerce_gallery_thumbnail":["https:\/\/kohvieri.ee\/wp-content\/uploads\/2023\/10\/Nimetu-kujundus-39-100x100.png",100,100,true]},"uagb_author_info":{"display_name":"Kohvieri","author_link":"https:\/\/kohvieri.ee\/en\/author\/"},"uagb_comment_info":0,"uagb_excerpt":"Kas sulle meeldib vanaema omatehtud s\u00f5stratarretise maitse?\u00a0Siis meeldib teile meie Musta s\u00f5stra musta tee!\u00a0Oma intensiivse musts\u00f5stramaitsega \u00e4ratab see m\u00e4lestusi m\u00f6\u00f6dunud aegadest ja loob samas uusi naudinguhetki.\u00a0Luba endale tass ja lase end t\u00e4idlasest ja puuviljasest maitsest v\u00f5luda.\u00a0Must s\u00f5star on t\u00f5eline maitseelamus, millest ei tasu ilma j\u00e4\u00e4da. Koostisosad: Must tee, must s\u00f5strad, s\u00f5stralehed ning looduslik aroomiaine. Loe&hellip;","jetpack_sharing_enabled":true,"_links":{"self":[{"href":"https:\/\/kohvieri.ee\/en\/wp-json\/wp\/v2\/product\/12160","targetHints":{"allow":["GET"]}}],"collection":[{"href":"https:\/\/kohvieri.ee\/en\/wp-json\/wp\/v2\/product"}],"about":[{"href":"https:\/\/kohvieri.ee\/en\/wp-json\/wp\/v2\/types\/product"}],"version-history":[{"count":5,"href":"https:\/\/kohvieri.ee\/en\/wp-json\/wp\/v2\/product\/12160\/revisions"}],"predecessor-version":[{"id":12170,"href":"https:\/\/kohvieri.ee\/en\/wp-json\/wp\/v2\/product\/12160\/revisions\/12170"}],"wp:featuredmedia":[{"embeddable":true,"href":"https:\/\/kohvieri.ee\/en\/wp-json\/wp\/v2\/media\/12164"}],"wp:attachment":[{"href":"https:\/\/kohvieri.ee\/en\/wp-json\/wp\/v2\/media?parent=12160"}],"wp:term":[{"taxonomy":"product_brand","embeddable":true,"href":"https:\/\/kohvieri.ee\/en\/wp-json\/wp\/v2\/product_brand?post=12160"},{"taxonomy":"product_cat","embeddable":true,"href":"https:\/\/kohvieri.ee\/en\/wp-json\/wp\/v2\/product_cat?post=12160"},{"taxonomy":"product_tag","embeddable":true,"href":"https:\/\/kohvieri.ee\/en\/wp-json\/wp\/v2\/product_tag?post=12160"}],"curies":[{"name":"wp","href":"https:\/\/api.w.org\/{rel}","templated":true}]}}