{"id":13011,"date":"2023-11-21T10:37:33","date_gmt":"2023-11-21T10:37:33","guid":{"rendered":"https:\/\/kohvieri.ee\/?post_type=product&#038;p=13011"},"modified":"2024-11-18T14:14:47","modified_gmt":"2024-11-18T14:14:47","slug":"bredemeijer-malm-teekannu-komplekt-chengdu-10l","status":"publish","type":"product","link":"https:\/\/kohvieri.ee\/en\/product\/bredemeijer-malm-teekannu-komplekt-chengdu-10l\/","title":{"rendered":"Bredemeijer cast iron teapot set Chengdu 1.0l"},"content":{"rendered":"<div data-elementor-type=\"wp-post\" data-elementor-id=\"13011\" class=\"elementor elementor-13011\">\n\t\t\t\t<div class=\"elementor-element elementor-element-8006cfb e-flex e-con-boxed e-con e-parent\" data-id=\"8006cfb\" data-element_type=\"container\" data-e-type=\"container\">\n\t\t\t\t\t<div class=\"e-con-inner\">\n\t\t\t\t\t<\/div>\n\t\t\t\t<\/div>\n\t\t\t\t<\/div>","protected":false},"excerpt":{"rendered":"<p>Chengdu kinkekomplekt koosneb malmist teekannust koos 4 sobiva portselanist tassiga.\u00a0Suurep\u00e4rane kingitus kellelegi kinkimiseks v\u00f5i isegi enda hoidmiseks!\u00a0L\u00e4ikiva ja mati musta portselani kombinatsioon annab kaunitele tassidele luksusliku v\u00e4limuse.\u00a0Kinkekomplekt on ilusas lukustatavas bambuskarbis.\u00a0See teeb veelgi kenamaks kingituseks ja mugavaks komplekti hoidmiseks.\u00a0Teekannu maht on 1 liiter.<\/p>\n<ul>\n<li>the inside of the teapot is enamelled<\/li>\n<li>\n<p id=\"tw-target-text\" class=\"tw-data-text tw-text-large tw-ta\" dir=\"ltr\" data-placeholder=\"T\u00f5lge\"><span class=\"Y2IQFc\" lang=\"et\">the teapot is equipped with a stainless steel filter<\/span><\/p>\n<\/li>\n<li>\n<p id=\"tw-target-text\" class=\"tw-data-text tw-text-large tw-ta\" dir=\"ltr\" data-placeholder=\"T\u00f5lge\">set of 4  porcelain tea mugs<\/p>\n<\/li>\n<li>20,9cm x 39,5cm x 16,9cm<\/li>\n<\/ul>\n<p>Country of origin: Netherlands<\/p>\n<p><a href=\"https:\/\/kohvieri.ee\/en\/teekannud\/\">Read more about teapots<\/a><\/p>\n<div>\n<p>&nbsp;<\/p>\n<\/div>","protected":false},"featured_media":14423,"template":"","meta":{"_uag_custom_page_level_css":"","site-sidebar-layout":"no-sidebar","site-content-layout":"plain-container","ast-site-content-layout":"normal-width-container","site-content-style":"unboxed","site-sidebar-style":"unboxed","ast-global-header-display":"","ast-banner-title-visibility":"","ast-main-header-display":"","ast-hfb-above-header-display":"","ast-hfb-below-header-display":"","ast-hfb-mobile-header-display":"","site-post-title":"disabled","ast-breadcrumbs-content":"","ast-featured-img":"disabled","footer-sml-layout":"","ast-disable-related-posts":"","theme-transparent-header-meta":"default","adv-header-id-meta":"","stick-header-meta":"default","header-above-stick-meta":"","header-main-stick-meta":"","header-below-stick-meta":"","astra-migrate-meta-layouts":"set","ast-page-background-enabled":"default","ast-page-background-meta":{"desktop":{"background-color":"var(--ast-global-color-4)","background-image":"","background-repeat":"repeat","background-position":"center center","background-size":"auto","background-attachment":"scroll","background-type":"","background-media":"","overlay-type":"","overlay-color":"","overlay-opacity":"","overlay-gradient":""},"tablet":{"background-color":"","background-image":"","background-repeat":"repeat","background-position":"center center","background-size":"auto","background-attachment":"scroll","background-type":"","background-media":"","overlay-type":"","overlay-color":"","overlay-opacity":"","overlay-gradient":""},"mobile":{"background-color":"","background-image":"","background-repeat":"repeat","background-position":"center center","background-size":"auto","background-attachment":"scroll","background-type":"","background-media":"","overlay-type":"","overlay-color":"","overlay-opacity":"","overlay-gradient":""}},"ast-content-background-meta":{"desktop":{"background-color":"var(--ast-global-color-5)","background-image":"","background-repeat":"repeat","background-position":"center center","background-size":"auto","background-attachment":"scroll","background-type":"","background-media":"","overlay-type":"","overlay-color":"","overlay-opacity":"","overlay-gradient":""},"tablet":{"background-color":"var(--ast-global-color-5)","background-image":"","background-repeat":"repeat","background-position":"center center","background-size":"auto","background-attachment":"scroll","background-type":"","background-media":"","overlay-type":"","overlay-color":"","overlay-opacity":"","overlay-gradient":""},"mobile":{"background-color":"var(--ast-global-color-5)","background-image":"","background-repeat":"repeat","background-position":"center center","background-size":"auto","background-attachment":"scroll","background-type":"","background-media":"","overlay-type":"","overlay-color":"","overlay-opacity":"","overlay-gradient":""}}},"product_brand":[],"product_cat":[49,15],"product_tag":[164],"class_list":{"0":"post-13011","1":"product","2":"type-product","3":"status-publish","4":"has-post-thumbnail","6":"product_cat-tarvikud","7":"product_cat-teekannud","8":"product_tag-komplekt","9":"desktop-align-center","10":"tablet-align-left","11":"mobile-align-left","13":"first","14":"instock","15":"taxable","16":"shipping-taxable","17":"purchasable","18":"product-type-simple"},"yoast_head":"<!-- This site is optimized with the Yoast SEO plugin v27.5 - https:\/\/yoast.com\/product\/yoast-seo-wordpress\/ -->\n<title>Bredemeijer malm teekannu komplekt Chengdu 1,0l - Kohvieri<\/title>\n<meta name=\"description\" content=\"Bredemeijer malm teekannu komplektil Chengdu 1,0l on suurep\u00e4rane soojapidavus ja praktiline kasutusmugavus. Malm tagab pika eluea ja usaldusv\u00e4\u00e4rsuse.\" \/>\n<meta name=\"robots\" content=\"index, follow, max-snippet:-1, max-image-preview:large, max-video-preview:-1\" \/>\n<link rel=\"canonical\" href=\"https:\/\/kohvieri.ee\/en\/product\/bredemeijer-malm-teekannu-komplekt-chengdu-10l\/\" \/>\n<meta property=\"og:locale\" content=\"en_GB\" \/>\n<meta property=\"og:type\" content=\"article\" \/>\n<meta property=\"og:title\" content=\"Bredemeijer malm teekannu komplekt Chengdu 1,0l - Kohvieri\" \/>\n<meta property=\"og:description\" content=\"Bredemeijer malm teekannu komplektil Chengdu 1,0l on suurep\u00e4rane soojapidavus ja praktiline kasutusmugavus. Malm tagab pika eluea ja usaldusv\u00e4\u00e4rsuse.\" \/>\n<meta property=\"og:url\" content=\"https:\/\/kohvieri.ee\/en\/product\/bredemeijer-malm-teekannu-komplekt-chengdu-10l\/\" \/>\n<meta property=\"og:site_name\" content=\"Kohvieri\" \/>\n<meta property=\"article:publisher\" content=\"https:\/\/www.facebook.com\/kohvieri\" \/>\n<meta property=\"article:modified_time\" content=\"2024-11-18T14:14:47+00:00\" \/>\n<meta property=\"og:image\" content=\"https:\/\/kohvieri.ee\/wp-content\/uploads\/2023\/11\/Bredemeijer-malm-teekannu-komplekt-Chengdu-10l.png\" \/>\n\t<meta property=\"og:image:width\" content=\"1080\" \/>\n\t<meta property=\"og:image:height\" content=\"1080\" \/>\n\t<meta property=\"og:image:type\" content=\"image\/png\" \/>\n<meta name=\"twitter:card\" content=\"summary_large_image\" \/>\n<meta name=\"twitter:label1\" content=\"Estimated reading time\" \/>\n\t<meta name=\"twitter:data1\" content=\"1 minute\" \/>\n<script type=\"application\/ld+json\" class=\"yoast-schema-graph\">{\"@context\":\"https:\\\/\\\/schema.org\",\"@graph\":[{\"@type\":\"WebPage\",\"@id\":\"https:\\\/\\\/kohvieri.ee\\\/et\\\/product\\\/bredemeijer-malm-teekannu-komplekt-chengdu-10l\\\/\",\"url\":\"https:\\\/\\\/kohvieri.ee\\\/et\\\/product\\\/bredemeijer-malm-teekannu-komplekt-chengdu-10l\\\/\",\"name\":\"Bredemeijer malm teekannu komplekt Chengdu 1,0l - Kohvieri\",\"isPartOf\":{\"@id\":\"https:\\\/\\\/kohvieri.ee\\\/et\\\/#website\"},\"primaryImageOfPage\":{\"@id\":\"https:\\\/\\\/kohvieri.ee\\\/et\\\/product\\\/bredemeijer-malm-teekannu-komplekt-chengdu-10l\\\/#primaryimage\"},\"image\":{\"@id\":\"https:\\\/\\\/kohvieri.ee\\\/et\\\/product\\\/bredemeijer-malm-teekannu-komplekt-chengdu-10l\\\/#primaryimage\"},\"thumbnailUrl\":\"https:\\\/\\\/kohvieri.ee\\\/wp-content\\\/uploads\\\/2023\\\/11\\\/Bredemeijer-malm-teekannu-komplekt-Chengdu-10l.png\",\"datePublished\":\"2023-11-21T10:37:33+00:00\",\"dateModified\":\"2024-11-18T14:14:47+00:00\",\"description\":\"Bredemeijer malm teekannu komplektil Chengdu 1,0l on suurep\u00e4rane soojapidavus ja praktiline kasutusmugavus. Malm tagab pika eluea ja usaldusv\u00e4\u00e4rsuse.\",\"breadcrumb\":{\"@id\":\"https:\\\/\\\/kohvieri.ee\\\/et\\\/product\\\/bredemeijer-malm-teekannu-komplekt-chengdu-10l\\\/#breadcrumb\"},\"inLanguage\":\"en-GB\",\"potentialAction\":[{\"@type\":\"ReadAction\",\"target\":[\"https:\\\/\\\/kohvieri.ee\\\/et\\\/product\\\/bredemeijer-malm-teekannu-komplekt-chengdu-10l\\\/\"]}]},{\"@type\":\"ImageObject\",\"inLanguage\":\"en-GB\",\"@id\":\"https:\\\/\\\/kohvieri.ee\\\/et\\\/product\\\/bredemeijer-malm-teekannu-komplekt-chengdu-10l\\\/#primaryimage\",\"url\":\"https:\\\/\\\/kohvieri.ee\\\/wp-content\\\/uploads\\\/2023\\\/11\\\/Bredemeijer-malm-teekannu-komplekt-Chengdu-10l.png\",\"contentUrl\":\"https:\\\/\\\/kohvieri.ee\\\/wp-content\\\/uploads\\\/2023\\\/11\\\/Bredemeijer-malm-teekannu-komplekt-Chengdu-10l.png\",\"width\":1080,\"height\":1080,\"caption\":\"Bredemeijer malm teekannu komplekt Chengdu 1,0l\"},{\"@type\":\"BreadcrumbList\",\"@id\":\"https:\\\/\\\/kohvieri.ee\\\/et\\\/product\\\/bredemeijer-malm-teekannu-komplekt-chengdu-10l\\\/#breadcrumb\",\"itemListElement\":[{\"@type\":\"ListItem\",\"position\":1,\"name\":\"Home\",\"item\":\"https:\\\/\\\/kohvieri.ee\\\/et\\\/\"},{\"@type\":\"ListItem\",\"position\":2,\"name\":\"E-pood\",\"item\":\"https:\\\/\\\/kohvieri.ee\\\/et\\\/e-pood\\\/\"},{\"@type\":\"ListItem\",\"position\":3,\"name\":\"Bredemeijer malm teekannu komplekt Chengdu 1,0l\"}]},{\"@type\":\"WebSite\",\"@id\":\"https:\\\/\\\/kohvieri.ee\\\/et\\\/#website\",\"url\":\"https:\\\/\\\/kohvieri.ee\\\/et\\\/\",\"name\":\"Kohvieri\",\"description\":\"Kohvi - ja teepood\",\"publisher\":{\"@id\":\"https:\\\/\\\/kohvieri.ee\\\/et\\\/#organization\"},\"potentialAction\":[{\"@type\":\"SearchAction\",\"target\":{\"@type\":\"EntryPoint\",\"urlTemplate\":\"https:\\\/\\\/kohvieri.ee\\\/et\\\/?s={search_term_string}\"},\"query-input\":{\"@type\":\"PropertyValueSpecification\",\"valueRequired\":true,\"valueName\":\"search_term_string\"}}],\"inLanguage\":\"en-GB\"},{\"@type\":\"Organization\",\"@id\":\"https:\\\/\\\/kohvieri.ee\\\/et\\\/#organization\",\"name\":\"Kohvieri\",\"url\":\"https:\\\/\\\/kohvieri.ee\\\/et\\\/\",\"logo\":{\"@type\":\"ImageObject\",\"inLanguage\":\"en-GB\",\"@id\":\"https:\\\/\\\/kohvieri.ee\\\/et\\\/#\\\/schema\\\/logo\\\/image\\\/\",\"url\":\"https:\\\/\\\/kohvieri.ee\\\/wp-content\\\/uploads\\\/2023\\\/07\\\/07cd6507-9210-4922-a9ff-55a59759ce72-e1689614757153.png\",\"contentUrl\":\"https:\\\/\\\/kohvieri.ee\\\/wp-content\\\/uploads\\\/2023\\\/07\\\/07cd6507-9210-4922-a9ff-55a59759ce72-e1689614757153.png\",\"width\":945,\"height\":318,\"caption\":\" Kohvieri\"},\"image\":{\"@id\":\"https:\\\/\\\/kohvieri.ee\\\/et\\\/#\\\/schema\\\/logo\\\/image\\\/\"},\"sameAs\":[\"https:\\\/\\\/www.facebook.com\\\/kohvieri\",\"https:\\\/\\\/www.instagram.com\\\/kohvieripood\"]}]}<\/script>\n<!-- \/ Yoast SEO plugin. -->","yoast_head_json":{"title":"Bredemeijer malm teekannu komplekt Chengdu 1,0l - Kohvieri","description":"Bredemeijer malm teekannu komplektil Chengdu 1,0l on suurep\u00e4rane soojapidavus ja praktiline kasutusmugavus. Malm tagab pika eluea ja usaldusv\u00e4\u00e4rsuse.","robots":{"index":"index","follow":"follow","max-snippet":"max-snippet:-1","max-image-preview":"max-image-preview:large","max-video-preview":"max-video-preview:-1"},"canonical":"https:\/\/kohvieri.ee\/en\/product\/bredemeijer-malm-teekannu-komplekt-chengdu-10l\/","og_locale":"en_GB","og_type":"article","og_title":"Bredemeijer malm teekannu komplekt Chengdu 1,0l - Kohvieri","og_description":"Bredemeijer malm teekannu komplektil Chengdu 1,0l on suurep\u00e4rane soojapidavus ja praktiline kasutusmugavus. Malm tagab pika eluea ja usaldusv\u00e4\u00e4rsuse.","og_url":"https:\/\/kohvieri.ee\/en\/product\/bredemeijer-malm-teekannu-komplekt-chengdu-10l\/","og_site_name":"Kohvieri","article_publisher":"https:\/\/www.facebook.com\/kohvieri","article_modified_time":"2024-11-18T14:14:47+00:00","og_image":[{"width":1080,"height":1080,"url":"https:\/\/kohvieri.ee\/wp-content\/uploads\/2023\/11\/Bredemeijer-malm-teekannu-komplekt-Chengdu-10l.png","type":"image\/png"}],"twitter_card":"summary_large_image","twitter_misc":{"Estimated reading time":"1 minute"},"schema":{"@context":"https:\/\/schema.org","@graph":[{"@type":"WebPage","@id":"https:\/\/kohvieri.ee\/et\/product\/bredemeijer-malm-teekannu-komplekt-chengdu-10l\/","url":"https:\/\/kohvieri.ee\/et\/product\/bredemeijer-malm-teekannu-komplekt-chengdu-10l\/","name":"Bredemeijer malm teekannu komplekt Chengdu 1,0l - Kohvieri","isPartOf":{"@id":"https:\/\/kohvieri.ee\/et\/#website"},"primaryImageOfPage":{"@id":"https:\/\/kohvieri.ee\/et\/product\/bredemeijer-malm-teekannu-komplekt-chengdu-10l\/#primaryimage"},"image":{"@id":"https:\/\/kohvieri.ee\/et\/product\/bredemeijer-malm-teekannu-komplekt-chengdu-10l\/#primaryimage"},"thumbnailUrl":"https:\/\/kohvieri.ee\/wp-content\/uploads\/2023\/11\/Bredemeijer-malm-teekannu-komplekt-Chengdu-10l.png","datePublished":"2023-11-21T10:37:33+00:00","dateModified":"2024-11-18T14:14:47+00:00","description":"Bredemeijer malm teekannu komplektil Chengdu 1,0l on suurep\u00e4rane soojapidavus ja praktiline kasutusmugavus. Malm tagab pika eluea ja usaldusv\u00e4\u00e4rsuse.","breadcrumb":{"@id":"https:\/\/kohvieri.ee\/et\/product\/bredemeijer-malm-teekannu-komplekt-chengdu-10l\/#breadcrumb"},"inLanguage":"en-GB","potentialAction":[{"@type":"ReadAction","target":["https:\/\/kohvieri.ee\/et\/product\/bredemeijer-malm-teekannu-komplekt-chengdu-10l\/"]}]},{"@type":"ImageObject","inLanguage":"en-GB","@id":"https:\/\/kohvieri.ee\/et\/product\/bredemeijer-malm-teekannu-komplekt-chengdu-10l\/#primaryimage","url":"https:\/\/kohvieri.ee\/wp-content\/uploads\/2023\/11\/Bredemeijer-malm-teekannu-komplekt-Chengdu-10l.png","contentUrl":"https:\/\/kohvieri.ee\/wp-content\/uploads\/2023\/11\/Bredemeijer-malm-teekannu-komplekt-Chengdu-10l.png","width":1080,"height":1080,"caption":"Bredemeijer malm teekannu komplekt Chengdu 1,0l"},{"@type":"BreadcrumbList","@id":"https:\/\/kohvieri.ee\/et\/product\/bredemeijer-malm-teekannu-komplekt-chengdu-10l\/#breadcrumb","itemListElement":[{"@type":"ListItem","position":1,"name":"Home","item":"https:\/\/kohvieri.ee\/et\/"},{"@type":"ListItem","position":2,"name":"E-pood","item":"https:\/\/kohvieri.ee\/et\/e-pood\/"},{"@type":"ListItem","position":3,"name":"Bredemeijer malm teekannu komplekt Chengdu 1,0l"}]},{"@type":"WebSite","@id":"https:\/\/kohvieri.ee\/et\/#website","url":"https:\/\/kohvieri.ee\/et\/","name":"Kohvieri","description":"Kohvi - ja teepood","publisher":{"@id":"https:\/\/kohvieri.ee\/et\/#organization"},"potentialAction":[{"@type":"SearchAction","target":{"@type":"EntryPoint","urlTemplate":"https:\/\/kohvieri.ee\/et\/?s={search_term_string}"},"query-input":{"@type":"PropertyValueSpecification","valueRequired":true,"valueName":"search_term_string"}}],"inLanguage":"en-GB"},{"@type":"Organization","@id":"https:\/\/kohvieri.ee\/et\/#organization","name":"Kohvieri","url":"https:\/\/kohvieri.ee\/et\/","logo":{"@type":"ImageObject","inLanguage":"en-GB","@id":"https:\/\/kohvieri.ee\/et\/#\/schema\/logo\/image\/","url":"https:\/\/kohvieri.ee\/wp-content\/uploads\/2023\/07\/07cd6507-9210-4922-a9ff-55a59759ce72-e1689614757153.png","contentUrl":"https:\/\/kohvieri.ee\/wp-content\/uploads\/2023\/07\/07cd6507-9210-4922-a9ff-55a59759ce72-e1689614757153.png","width":945,"height":318,"caption":" Kohvieri"},"image":{"@id":"https:\/\/kohvieri.ee\/et\/#\/schema\/logo\/image\/"},"sameAs":["https:\/\/www.facebook.com\/kohvieri","https:\/\/www.instagram.com\/kohvieripood"]}]}},"uagb_featured_image_src":{"full":["https:\/\/kohvieri.ee\/wp-content\/uploads\/2023\/11\/Bredemeijer-malm-teekannu-komplekt-Chengdu-10l.png",1080,1080,false],"thumbnail":["https:\/\/kohvieri.ee\/wp-content\/uploads\/2023\/11\/Bredemeijer-malm-teekannu-komplekt-Chengdu-10l-150x150.png",150,150,true],"medium":["https:\/\/kohvieri.ee\/wp-content\/uploads\/2023\/11\/Bredemeijer-malm-teekannu-komplekt-Chengdu-10l-300x300.png",300,300,true],"medium_large":["https:\/\/kohvieri.ee\/wp-content\/uploads\/2023\/11\/Bredemeijer-malm-teekannu-komplekt-Chengdu-10l-768x768.png",768,768,true],"large":["https:\/\/kohvieri.ee\/wp-content\/uploads\/2023\/11\/Bredemeijer-malm-teekannu-komplekt-Chengdu-10l-1024x1024.png",1024,1024,true],"1536x1536":["https:\/\/kohvieri.ee\/wp-content\/uploads\/2023\/11\/Bredemeijer-malm-teekannu-komplekt-Chengdu-10l.png",1080,1080,false],"2048x2048":["https:\/\/kohvieri.ee\/wp-content\/uploads\/2023\/11\/Bredemeijer-malm-teekannu-komplekt-Chengdu-10l.png",1080,1080,false],"trp-custom-language-flag":["https:\/\/kohvieri.ee\/wp-content\/uploads\/2023\/11\/Bredemeijer-malm-teekannu-komplekt-Chengdu-10l-12x12.png",12,12,true],"woocommerce_thumbnail":["https:\/\/kohvieri.ee\/wp-content\/uploads\/2023\/11\/Bredemeijer-malm-teekannu-komplekt-Chengdu-10l-300x300.png",300,300,true],"woocommerce_single":["https:\/\/kohvieri.ee\/wp-content\/uploads\/2023\/11\/Bredemeijer-malm-teekannu-komplekt-Chengdu-10l-600x600.png",600,600,true],"woocommerce_gallery_thumbnail":["https:\/\/kohvieri.ee\/wp-content\/uploads\/2023\/11\/Bredemeijer-malm-teekannu-komplekt-Chengdu-10l-100x100.png",100,100,true]},"uagb_author_info":{"display_name":"Kohvieri","author_link":"https:\/\/kohvieri.ee\/en\/author\/"},"uagb_comment_info":0,"uagb_excerpt":"Chengdu kinkekomplekt koosneb malmist teekannust koos 4 sobiva portselanist tassiga.\u00a0Suurep\u00e4rane kingitus kellelegi kinkimiseks v\u00f5i isegi enda hoidmiseks!\u00a0L\u00e4ikiva ja mati musta portselani kombinatsioon annab kaunitele tassidele luksusliku v\u00e4limuse.\u00a0Kinkekomplekt on ilusas lukustatavas bambuskarbis.\u00a0See teeb veelgi kenamaks kingituseks ja mugavaks komplekti hoidmiseks.\u00a0Teekannu maht on 1 liiter. teekannu sisemus emailitud teekann on varustatud roostevabast terasest filtriga komplektis 4 portselanist\u00a0&hellip;","jetpack_sharing_enabled":true,"_links":{"self":[{"href":"https:\/\/kohvieri.ee\/en\/wp-json\/wp\/v2\/product\/13011","targetHints":{"allow":["GET"]}}],"collection":[{"href":"https:\/\/kohvieri.ee\/en\/wp-json\/wp\/v2\/product"}],"about":[{"href":"https:\/\/kohvieri.ee\/en\/wp-json\/wp\/v2\/types\/product"}],"version-history":[{"count":3,"href":"https:\/\/kohvieri.ee\/en\/wp-json\/wp\/v2\/product\/13011\/revisions"}],"predecessor-version":[{"id":14425,"href":"https:\/\/kohvieri.ee\/en\/wp-json\/wp\/v2\/product\/13011\/revisions\/14425"}],"wp:featuredmedia":[{"embeddable":true,"href":"https:\/\/kohvieri.ee\/en\/wp-json\/wp\/v2\/media\/14423"}],"wp:attachment":[{"href":"https:\/\/kohvieri.ee\/en\/wp-json\/wp\/v2\/media?parent=13011"}],"wp:term":[{"taxonomy":"product_brand","embeddable":true,"href":"https:\/\/kohvieri.ee\/en\/wp-json\/wp\/v2\/product_brand?post=13011"},{"taxonomy":"product_cat","embeddable":true,"href":"https:\/\/kohvieri.ee\/en\/wp-json\/wp\/v2\/product_cat?post=13011"},{"taxonomy":"product_tag","embeddable":true,"href":"https:\/\/kohvieri.ee\/en\/wp-json\/wp\/v2\/product_tag?post=13011"}],"curies":[{"name":"wp","href":"https:\/\/api.w.org\/{rel}","templated":true}]}}