{"id":13423,"date":"2024-03-01T15:37:14","date_gmt":"2024-03-01T15:37:14","guid":{"rendered":"https:\/\/kohvieri.ee\/?post_type=product&#038;p=13423"},"modified":"2024-11-18T11:20:37","modified_gmt":"2024-11-18T11:20:37","slug":"jaapani-teekann-aika-0650l-2","status":"publish","type":"product","link":"https:\/\/kohvieri.ee\/en\/product\/jaapani-teekann-aika-0650l-2\/","title":{"rendered":"Japanese Aika Tokusa Beni teapot 0,650l"},"content":{"rendered":"<div data-elementor-type=\"wp-post\" data-elementor-id=\"13423\" class=\"elementor elementor-13423\">\n\t\t\t\t<div class=\"elementor-element elementor-element-8006cfb e-flex e-con-boxed e-con e-parent\" data-id=\"8006cfb\" data-element_type=\"container\" data-e-type=\"container\">\n\t\t\t\t\t<div class=\"e-con-inner\">\n\t\t\t\t\t<\/div>\n\t\t\t\t<\/div>\n\t\t\t\t<\/div>","protected":false},"excerpt":{"rendered":"<p class=\"tw-data-text tw-text-large tw-ta\" dir=\"ltr\" data-placeholder=\"T\u00f5lge\" data-ved=\"2ahUKEwiAgJujwtCEAxVDGBAIHcgaAzcQ3ewLegQIBRAU\"><span class=\"Y2IQFc\" lang=\"et\">Production takes place <\/span><span class=\"Y2IQFc\" lang=\"et\">in the world-famous Aika ceramics company <\/span><span class=\"Y2IQFc\" lang=\"et\">in a small artisan workshop in Japan.<\/span><\/p>\n<p id=\"tw-target-text\" class=\"tw-data-text tw-text-large tw-ta\" dir=\"ltr\" data-placeholder=\"T\u00f5lge\" data-ved=\"2ahUKEwiAgJujwtCEAxVDGBAIHcgaAzcQ3ewLegQIBRAU\"><span class=\"Y2IQFc\" lang=\"et\">The flat shape and small size of 650 ml ensure perfect tea preparation.<\/span><\/p>\n<p class=\"tw-data-text tw-text-large tw-ta\" dir=\"ltr\" data-placeholder=\"T\u00f5lge\" data-ved=\"2ahUKEwiAgJujwtCEAxVDGBAIHcgaAzcQ3ewLegQIBRAU\"><span class=\"Y2IQFc\" lang=\"et\">The jug has some traditional Japanese influences, but is designed for the modern table in Japan and the Western world.<\/span><\/p>\n<p dir=\"ltr\" data-placeholder=\"T\u00f5lge\" data-ved=\"2ahUKEwiAgJujwtCEAxVDGBAIHcgaAzcQ3ewLegQIBRAU\">Stainless tea filter on the teapot<\/p>\n<p>Country of origin: Japan<\/p>\n<p><a href=\"https:\/\/kohvieri.ee\/en\/teekannud\/\">Read more about teapots<\/a><\/p>\n<div>\n<p>&nbsp;<\/p>\n<\/div>","protected":false},"featured_media":14417,"template":"","meta":{"_uag_custom_page_level_css":"","site-sidebar-layout":"no-sidebar","site-content-layout":"plain-container","ast-site-content-layout":"normal-width-container","site-content-style":"unboxed","site-sidebar-style":"unboxed","ast-global-header-display":"","ast-banner-title-visibility":"","ast-main-header-display":"","ast-hfb-above-header-display":"","ast-hfb-below-header-display":"","ast-hfb-mobile-header-display":"","site-post-title":"disabled","ast-breadcrumbs-content":"","ast-featured-img":"disabled","footer-sml-layout":"","ast-disable-related-posts":"","theme-transparent-header-meta":"default","adv-header-id-meta":"","stick-header-meta":"default","header-above-stick-meta":"","header-main-stick-meta":"","header-below-stick-meta":"","astra-migrate-meta-layouts":"set","ast-page-background-enabled":"default","ast-page-background-meta":{"desktop":{"background-color":"var(--ast-global-color-4)","background-image":"","background-repeat":"repeat","background-position":"center center","background-size":"auto","background-attachment":"scroll","background-type":"","background-media":"","overlay-type":"","overlay-color":"","overlay-opacity":"","overlay-gradient":""},"tablet":{"background-color":"","background-image":"","background-repeat":"repeat","background-position":"center center","background-size":"auto","background-attachment":"scroll","background-type":"","background-media":"","overlay-type":"","overlay-color":"","overlay-opacity":"","overlay-gradient":""},"mobile":{"background-color":"","background-image":"","background-repeat":"repeat","background-position":"center center","background-size":"auto","background-attachment":"scroll","background-type":"","background-media":"","overlay-type":"","overlay-color":"","overlay-opacity":"","overlay-gradient":""}},"ast-content-background-meta":{"desktop":{"background-color":"var(--ast-global-color-5)","background-image":"","background-repeat":"repeat","background-position":"center center","background-size":"auto","background-attachment":"scroll","background-type":"","background-media":"","overlay-type":"","overlay-color":"","overlay-opacity":"","overlay-gradient":""},"tablet":{"background-color":"var(--ast-global-color-5)","background-image":"","background-repeat":"repeat","background-position":"center center","background-size":"auto","background-attachment":"scroll","background-type":"","background-media":"","overlay-type":"","overlay-color":"","overlay-opacity":"","overlay-gradient":""},"mobile":{"background-color":"var(--ast-global-color-5)","background-image":"","background-repeat":"repeat","background-position":"center center","background-size":"auto","background-attachment":"scroll","background-type":"","background-media":"","overlay-type":"","overlay-color":"","overlay-opacity":"","overlay-gradient":""}}},"product_brand":[],"product_cat":[49,15],"product_tag":[197],"class_list":{"0":"post-13423","1":"product","2":"type-product","3":"status-publish","4":"has-post-thumbnail","6":"product_cat-tarvikud","7":"product_cat-teekannud","8":"product_tag-jaapan","9":"desktop-align-center","10":"tablet-align-left","11":"mobile-align-left","13":"first","14":"instock","15":"taxable","16":"shipping-taxable","17":"purchasable","18":"product-type-simple"},"yoast_head":"<!-- This site is optimized with the Yoast SEO plugin v27.4 - https:\/\/yoast.com\/product\/yoast-seo-wordpress\/ -->\n<title>Jaapani Aika Tokusa Beni teekann 0,650l - Kohvieri<\/title>\n<meta name=\"description\" content=\"Jaapani Aika Tenmoku Kyusu teekann 0,360l. Kannul on m\u00f5ned traditsioonilised Jaapani m\u00f5jud, kuid mis on m\u00f5eldud Jaapani ja l\u00e4\u00e4nemaailma kaasaegsele lauale.\" \/>\n<meta name=\"robots\" content=\"index, follow, max-snippet:-1, max-image-preview:large, max-video-preview:-1\" \/>\n<link rel=\"canonical\" href=\"https:\/\/kohvieri.ee\/en\/product\/jaapani-teekann-aika-0650l-2\/\" \/>\n<meta property=\"og:locale\" content=\"en_GB\" \/>\n<meta property=\"og:type\" content=\"article\" \/>\n<meta property=\"og:title\" content=\"Jaapani Aika Tokusa Beni teekann 0,650l - Kohvieri\" \/>\n<meta property=\"og:description\" content=\"Jaapani Aika Tenmoku Kyusu teekann 0,360l. Kannul on m\u00f5ned traditsioonilised Jaapani m\u00f5jud, kuid mis on m\u00f5eldud Jaapani ja l\u00e4\u00e4nemaailma kaasaegsele lauale.\" \/>\n<meta property=\"og:url\" content=\"https:\/\/kohvieri.ee\/en\/product\/jaapani-teekann-aika-0650l-2\/\" \/>\n<meta property=\"og:site_name\" content=\"Kohvieri\" \/>\n<meta property=\"article:publisher\" content=\"https:\/\/www.facebook.com\/kohvieri\" \/>\n<meta property=\"article:modified_time\" content=\"2024-11-18T11:20:37+00:00\" \/>\n<meta property=\"og:image\" content=\"https:\/\/kohvieri.ee\/wp-content\/uploads\/2024\/03\/Jaapani-Aika-Tenmoku-Kyusu-teekann-0360l-2.png\" \/>\n\t<meta property=\"og:image:width\" content=\"1080\" \/>\n\t<meta property=\"og:image:height\" content=\"1080\" \/>\n\t<meta property=\"og:image:type\" content=\"image\/png\" \/>\n<meta name=\"twitter:card\" content=\"summary_large_image\" \/>\n<meta name=\"twitter:label1\" content=\"Estimated reading time\" \/>\n\t<meta name=\"twitter:data1\" content=\"1 minute\" \/>\n<script type=\"application\/ld+json\" class=\"yoast-schema-graph\">{\"@context\":\"https:\\\/\\\/schema.org\",\"@graph\":[{\"@type\":\"WebPage\",\"@id\":\"https:\\\/\\\/kohvieri.ee\\\/et\\\/product\\\/jaapani-teekann-aika-0650l-2\\\/\",\"url\":\"https:\\\/\\\/kohvieri.ee\\\/et\\\/product\\\/jaapani-teekann-aika-0650l-2\\\/\",\"name\":\"Jaapani Aika Tokusa Beni teekann 0,650l - Kohvieri\",\"isPartOf\":{\"@id\":\"https:\\\/\\\/kohvieri.ee\\\/et\\\/#website\"},\"primaryImageOfPage\":{\"@id\":\"https:\\\/\\\/kohvieri.ee\\\/et\\\/product\\\/jaapani-teekann-aika-0650l-2\\\/#primaryimage\"},\"image\":{\"@id\":\"https:\\\/\\\/kohvieri.ee\\\/et\\\/product\\\/jaapani-teekann-aika-0650l-2\\\/#primaryimage\"},\"thumbnailUrl\":\"https:\\\/\\\/kohvieri.ee\\\/wp-content\\\/uploads\\\/2024\\\/03\\\/Jaapani-Aika-Tenmoku-Kyusu-teekann-0360l-2.png\",\"datePublished\":\"2024-03-01T15:37:14+00:00\",\"dateModified\":\"2024-11-18T11:20:37+00:00\",\"description\":\"Jaapani Aika Tenmoku Kyusu teekann 0,360l. Kannul on m\u00f5ned traditsioonilised Jaapani m\u00f5jud, kuid mis on m\u00f5eldud Jaapani ja l\u00e4\u00e4nemaailma kaasaegsele lauale.\",\"breadcrumb\":{\"@id\":\"https:\\\/\\\/kohvieri.ee\\\/et\\\/product\\\/jaapani-teekann-aika-0650l-2\\\/#breadcrumb\"},\"inLanguage\":\"en-GB\",\"potentialAction\":[{\"@type\":\"ReadAction\",\"target\":[\"https:\\\/\\\/kohvieri.ee\\\/et\\\/product\\\/jaapani-teekann-aika-0650l-2\\\/\"]}]},{\"@type\":\"ImageObject\",\"inLanguage\":\"en-GB\",\"@id\":\"https:\\\/\\\/kohvieri.ee\\\/et\\\/product\\\/jaapani-teekann-aika-0650l-2\\\/#primaryimage\",\"url\":\"https:\\\/\\\/kohvieri.ee\\\/wp-content\\\/uploads\\\/2024\\\/03\\\/Jaapani-Aika-Tenmoku-Kyusu-teekann-0360l-2.png\",\"contentUrl\":\"https:\\\/\\\/kohvieri.ee\\\/wp-content\\\/uploads\\\/2024\\\/03\\\/Jaapani-Aika-Tenmoku-Kyusu-teekann-0360l-2.png\",\"width\":1080,\"height\":1080,\"caption\":\"Jaapani Aika Tenmoku Kyusu teekann 0,360l\"},{\"@type\":\"BreadcrumbList\",\"@id\":\"https:\\\/\\\/kohvieri.ee\\\/et\\\/product\\\/jaapani-teekann-aika-0650l-2\\\/#breadcrumb\",\"itemListElement\":[{\"@type\":\"ListItem\",\"position\":1,\"name\":\"Home\",\"item\":\"https:\\\/\\\/kohvieri.ee\\\/et\\\/\"},{\"@type\":\"ListItem\",\"position\":2,\"name\":\"E-pood\",\"item\":\"https:\\\/\\\/kohvieri.ee\\\/et\\\/e-pood\\\/\"},{\"@type\":\"ListItem\",\"position\":3,\"name\":\"Jaapani Aika Tokusa Beni teekann 0,650l\"}]},{\"@type\":\"WebSite\",\"@id\":\"https:\\\/\\\/kohvieri.ee\\\/et\\\/#website\",\"url\":\"https:\\\/\\\/kohvieri.ee\\\/et\\\/\",\"name\":\"Kohvieri\",\"description\":\"Kohvi - ja teepood\",\"publisher\":{\"@id\":\"https:\\\/\\\/kohvieri.ee\\\/et\\\/#organization\"},\"potentialAction\":[{\"@type\":\"SearchAction\",\"target\":{\"@type\":\"EntryPoint\",\"urlTemplate\":\"https:\\\/\\\/kohvieri.ee\\\/et\\\/?s={search_term_string}\"},\"query-input\":{\"@type\":\"PropertyValueSpecification\",\"valueRequired\":true,\"valueName\":\"search_term_string\"}}],\"inLanguage\":\"en-GB\"},{\"@type\":\"Organization\",\"@id\":\"https:\\\/\\\/kohvieri.ee\\\/et\\\/#organization\",\"name\":\"Kohvieri\",\"url\":\"https:\\\/\\\/kohvieri.ee\\\/et\\\/\",\"logo\":{\"@type\":\"ImageObject\",\"inLanguage\":\"en-GB\",\"@id\":\"https:\\\/\\\/kohvieri.ee\\\/et\\\/#\\\/schema\\\/logo\\\/image\\\/\",\"url\":\"https:\\\/\\\/kohvieri.ee\\\/wp-content\\\/uploads\\\/2023\\\/07\\\/07cd6507-9210-4922-a9ff-55a59759ce72-e1689614757153.png\",\"contentUrl\":\"https:\\\/\\\/kohvieri.ee\\\/wp-content\\\/uploads\\\/2023\\\/07\\\/07cd6507-9210-4922-a9ff-55a59759ce72-e1689614757153.png\",\"width\":945,\"height\":318,\"caption\":\" Kohvieri\"},\"image\":{\"@id\":\"https:\\\/\\\/kohvieri.ee\\\/et\\\/#\\\/schema\\\/logo\\\/image\\\/\"},\"sameAs\":[\"https:\\\/\\\/www.facebook.com\\\/kohvieri\",\"https:\\\/\\\/www.instagram.com\\\/kohvieripood\"]}]}<\/script>\n<!-- \/ Yoast SEO plugin. -->","yoast_head_json":{"title":"Jaapani Aika Tokusa Beni teekann 0,650l - Kohvieri","description":"Jaapani Aika Tenmoku Kyusu teekann 0,360l. Kannul on m\u00f5ned traditsioonilised Jaapani m\u00f5jud, kuid mis on m\u00f5eldud Jaapani ja l\u00e4\u00e4nemaailma kaasaegsele lauale.","robots":{"index":"index","follow":"follow","max-snippet":"max-snippet:-1","max-image-preview":"max-image-preview:large","max-video-preview":"max-video-preview:-1"},"canonical":"https:\/\/kohvieri.ee\/en\/product\/jaapani-teekann-aika-0650l-2\/","og_locale":"en_GB","og_type":"article","og_title":"Jaapani Aika Tokusa Beni teekann 0,650l - Kohvieri","og_description":"Jaapani Aika Tenmoku Kyusu teekann 0,360l. Kannul on m\u00f5ned traditsioonilised Jaapani m\u00f5jud, kuid mis on m\u00f5eldud Jaapani ja l\u00e4\u00e4nemaailma kaasaegsele lauale.","og_url":"https:\/\/kohvieri.ee\/en\/product\/jaapani-teekann-aika-0650l-2\/","og_site_name":"Kohvieri","article_publisher":"https:\/\/www.facebook.com\/kohvieri","article_modified_time":"2024-11-18T11:20:37+00:00","og_image":[{"width":1080,"height":1080,"url":"https:\/\/kohvieri.ee\/wp-content\/uploads\/2024\/03\/Jaapani-Aika-Tenmoku-Kyusu-teekann-0360l-2.png","type":"image\/png"}],"twitter_card":"summary_large_image","twitter_misc":{"Estimated reading time":"1 minute"},"schema":{"@context":"https:\/\/schema.org","@graph":[{"@type":"WebPage","@id":"https:\/\/kohvieri.ee\/et\/product\/jaapani-teekann-aika-0650l-2\/","url":"https:\/\/kohvieri.ee\/et\/product\/jaapani-teekann-aika-0650l-2\/","name":"Jaapani Aika Tokusa Beni teekann 0,650l - Kohvieri","isPartOf":{"@id":"https:\/\/kohvieri.ee\/et\/#website"},"primaryImageOfPage":{"@id":"https:\/\/kohvieri.ee\/et\/product\/jaapani-teekann-aika-0650l-2\/#primaryimage"},"image":{"@id":"https:\/\/kohvieri.ee\/et\/product\/jaapani-teekann-aika-0650l-2\/#primaryimage"},"thumbnailUrl":"https:\/\/kohvieri.ee\/wp-content\/uploads\/2024\/03\/Jaapani-Aika-Tenmoku-Kyusu-teekann-0360l-2.png","datePublished":"2024-03-01T15:37:14+00:00","dateModified":"2024-11-18T11:20:37+00:00","description":"Jaapani Aika Tenmoku Kyusu teekann 0,360l. Kannul on m\u00f5ned traditsioonilised Jaapani m\u00f5jud, kuid mis on m\u00f5eldud Jaapani ja l\u00e4\u00e4nemaailma kaasaegsele lauale.","breadcrumb":{"@id":"https:\/\/kohvieri.ee\/et\/product\/jaapani-teekann-aika-0650l-2\/#breadcrumb"},"inLanguage":"en-GB","potentialAction":[{"@type":"ReadAction","target":["https:\/\/kohvieri.ee\/et\/product\/jaapani-teekann-aika-0650l-2\/"]}]},{"@type":"ImageObject","inLanguage":"en-GB","@id":"https:\/\/kohvieri.ee\/et\/product\/jaapani-teekann-aika-0650l-2\/#primaryimage","url":"https:\/\/kohvieri.ee\/wp-content\/uploads\/2024\/03\/Jaapani-Aika-Tenmoku-Kyusu-teekann-0360l-2.png","contentUrl":"https:\/\/kohvieri.ee\/wp-content\/uploads\/2024\/03\/Jaapani-Aika-Tenmoku-Kyusu-teekann-0360l-2.png","width":1080,"height":1080,"caption":"Jaapani Aika Tenmoku Kyusu teekann 0,360l"},{"@type":"BreadcrumbList","@id":"https:\/\/kohvieri.ee\/et\/product\/jaapani-teekann-aika-0650l-2\/#breadcrumb","itemListElement":[{"@type":"ListItem","position":1,"name":"Home","item":"https:\/\/kohvieri.ee\/et\/"},{"@type":"ListItem","position":2,"name":"E-pood","item":"https:\/\/kohvieri.ee\/et\/e-pood\/"},{"@type":"ListItem","position":3,"name":"Jaapani Aika Tokusa Beni teekann 0,650l"}]},{"@type":"WebSite","@id":"https:\/\/kohvieri.ee\/et\/#website","url":"https:\/\/kohvieri.ee\/et\/","name":"Kohvieri","description":"Kohvi - ja teepood","publisher":{"@id":"https:\/\/kohvieri.ee\/et\/#organization"},"potentialAction":[{"@type":"SearchAction","target":{"@type":"EntryPoint","urlTemplate":"https:\/\/kohvieri.ee\/et\/?s={search_term_string}"},"query-input":{"@type":"PropertyValueSpecification","valueRequired":true,"valueName":"search_term_string"}}],"inLanguage":"en-GB"},{"@type":"Organization","@id":"https:\/\/kohvieri.ee\/et\/#organization","name":"Kohvieri","url":"https:\/\/kohvieri.ee\/et\/","logo":{"@type":"ImageObject","inLanguage":"en-GB","@id":"https:\/\/kohvieri.ee\/et\/#\/schema\/logo\/image\/","url":"https:\/\/kohvieri.ee\/wp-content\/uploads\/2023\/07\/07cd6507-9210-4922-a9ff-55a59759ce72-e1689614757153.png","contentUrl":"https:\/\/kohvieri.ee\/wp-content\/uploads\/2023\/07\/07cd6507-9210-4922-a9ff-55a59759ce72-e1689614757153.png","width":945,"height":318,"caption":" Kohvieri"},"image":{"@id":"https:\/\/kohvieri.ee\/et\/#\/schema\/logo\/image\/"},"sameAs":["https:\/\/www.facebook.com\/kohvieri","https:\/\/www.instagram.com\/kohvieripood"]}]}},"uagb_featured_image_src":{"full":["https:\/\/kohvieri.ee\/wp-content\/uploads\/2024\/03\/Jaapani-Aika-Tenmoku-Kyusu-teekann-0360l-2.png",1080,1080,false],"thumbnail":["https:\/\/kohvieri.ee\/wp-content\/uploads\/2024\/03\/Jaapani-Aika-Tenmoku-Kyusu-teekann-0360l-2-150x150.png",150,150,true],"medium":["https:\/\/kohvieri.ee\/wp-content\/uploads\/2024\/03\/Jaapani-Aika-Tenmoku-Kyusu-teekann-0360l-2-300x300.png",300,300,true],"medium_large":["https:\/\/kohvieri.ee\/wp-content\/uploads\/2024\/03\/Jaapani-Aika-Tenmoku-Kyusu-teekann-0360l-2-768x768.png",768,768,true],"large":["https:\/\/kohvieri.ee\/wp-content\/uploads\/2024\/03\/Jaapani-Aika-Tenmoku-Kyusu-teekann-0360l-2-1024x1024.png",1024,1024,true],"1536x1536":["https:\/\/kohvieri.ee\/wp-content\/uploads\/2024\/03\/Jaapani-Aika-Tenmoku-Kyusu-teekann-0360l-2.png",1080,1080,false],"2048x2048":["https:\/\/kohvieri.ee\/wp-content\/uploads\/2024\/03\/Jaapani-Aika-Tenmoku-Kyusu-teekann-0360l-2.png",1080,1080,false],"trp-custom-language-flag":["https:\/\/kohvieri.ee\/wp-content\/uploads\/2024\/03\/Jaapani-Aika-Tenmoku-Kyusu-teekann-0360l-2-12x12.png",12,12,true],"woocommerce_thumbnail":["https:\/\/kohvieri.ee\/wp-content\/uploads\/2024\/03\/Jaapani-Aika-Tenmoku-Kyusu-teekann-0360l-2-300x300.png",300,300,true],"woocommerce_single":["https:\/\/kohvieri.ee\/wp-content\/uploads\/2024\/03\/Jaapani-Aika-Tenmoku-Kyusu-teekann-0360l-2-600x600.png",600,600,true],"woocommerce_gallery_thumbnail":["https:\/\/kohvieri.ee\/wp-content\/uploads\/2024\/03\/Jaapani-Aika-Tenmoku-Kyusu-teekann-0360l-2-100x100.png",100,100,true]},"uagb_author_info":{"display_name":"Kohvieri","author_link":"https:\/\/kohvieri.ee\/en\/author\/"},"uagb_comment_info":0,"uagb_excerpt":"Tootmine toimub maailmakuulsas Aika keraamikafirma v\u00e4ikeses k\u00e4sit\u00f6\u00f6liste t\u00f6\u00f6kojas Jaapanis. Lame kuju ja v\u00e4ike suurus, 650 ml, tagavad t\u00e4iusliku tee valmistamise. Kannul on m\u00f5ned traditsioonilised Jaapani m\u00f5jud, kuid mis on m\u00f5eldud Jaapani ja l\u00e4\u00e4nemaailma kaasaegsele lauale. Teekannul roostevaba teefilter P\u00e4ritolumaa: Jaapan Loe rohkem teekannudest &nbsp;","jetpack_sharing_enabled":true,"_links":{"self":[{"href":"https:\/\/kohvieri.ee\/en\/wp-json\/wp\/v2\/product\/13423","targetHints":{"allow":["GET"]}}],"collection":[{"href":"https:\/\/kohvieri.ee\/en\/wp-json\/wp\/v2\/product"}],"about":[{"href":"https:\/\/kohvieri.ee\/en\/wp-json\/wp\/v2\/types\/product"}],"version-history":[{"count":3,"href":"https:\/\/kohvieri.ee\/en\/wp-json\/wp\/v2\/product\/13423\/revisions"}],"predecessor-version":[{"id":13437,"href":"https:\/\/kohvieri.ee\/en\/wp-json\/wp\/v2\/product\/13423\/revisions\/13437"}],"wp:featuredmedia":[{"embeddable":true,"href":"https:\/\/kohvieri.ee\/en\/wp-json\/wp\/v2\/media\/14417"}],"wp:attachment":[{"href":"https:\/\/kohvieri.ee\/en\/wp-json\/wp\/v2\/media?parent=13423"}],"wp:term":[{"taxonomy":"product_brand","embeddable":true,"href":"https:\/\/kohvieri.ee\/en\/wp-json\/wp\/v2\/product_brand?post=13423"},{"taxonomy":"product_cat","embeddable":true,"href":"https:\/\/kohvieri.ee\/en\/wp-json\/wp\/v2\/product_cat?post=13423"},{"taxonomy":"product_tag","embeddable":true,"href":"https:\/\/kohvieri.ee\/en\/wp-json\/wp\/v2\/product_tag?post=13423"}],"curies":[{"name":"wp","href":"https:\/\/api.w.org\/{rel}","templated":true}]}}