{"id":13543,"date":"2024-04-16T12:11:05","date_gmt":"2024-04-16T12:11:05","guid":{"rendered":"https:\/\/kohvieri.ee\/?post_type=product&#038;p=13543"},"modified":"2024-11-16T17:27:54","modified_gmt":"2024-11-16T17:27:54","slug":"price-kensington-teekann-matt-betty-11l-taupe","status":"publish","type":"product","link":"https:\/\/kohvieri.ee\/en\/product\/price-kensington-teekann-matt-betty-11l-taupe\/","title":{"rendered":"Price &amp; Kensington teapot Matt Betty 1,1l matt taupe"},"content":{"rendered":"","protected":false},"excerpt":{"rendered":"<p><a href=\"https:\/\/kohvieri.ee\/en\/product-tag\/price-kensington\/\">Price &amp; Kensington<\/a>\u00a0teapot Matt 1.1L in taupe color is a classic and stylish choice for every kitchen. Its timeless design and neutral taupe color give the teapot a calm and modern look, matching with different styles, whether it's rustic or modern interiors. The 1.1 liter capacity allows you to prepare several cups of tea at once, making it ideal for both family morning tea time and entertaining guests. The teapot is made of high-quality ceramics that retain heat well, ensuring that the tea stays warm longer. The matte finish adds a luxurious touch to the surface and makes cleaning and maintenance easier.<\/p>\n<ul>\n<li>ergonomically shaped handle<\/li>\n<li>lid design that keeps the lid in place even when pouring.<\/li>\n<li>suitable for use in the microwave and dishwasher<\/li>\n<li>stoneware<\/li>\n<li><span style=\"vertical-align: inherit;\"><span style=\"vertical-align: inherit;\">matte color<\/span><\/span><\/li>\n<li>size: 22.8 x 14.2 x 14cm<\/li>\n<li><span style=\"vertical-align: inherit;\"><span style=\"vertical-align: inherit;\">fits with <\/span><\/span><a href=\"https:\/\/kohvieri.ee\/en\/product\/price-kensington-teekannu-filter-85cm\/\"><span style=\"vertical-align: inherit;\"><span style=\"vertical-align: inherit;\">Price &amp; Kensington teapot filter 8.5cm<\/span><\/span><\/a><\/li>\n<\/ul>\n<p>Country of origin: England<\/p>\n<p><a href=\"https:\/\/kohvieri.ee\/en\/teekannud\/\">Read more about teapots<\/a><\/p>\n<div>\n<p>&nbsp;<\/p>\n<\/div>","protected":false},"featured_media":14303,"template":"","meta":{"_uag_custom_page_level_css":"","site-sidebar-layout":"no-sidebar","site-content-layout":"plain-container","ast-site-content-layout":"normal-width-container","site-content-style":"unboxed","site-sidebar-style":"unboxed","ast-global-header-display":"","ast-banner-title-visibility":"","ast-main-header-display":"","ast-hfb-above-header-display":"","ast-hfb-below-header-display":"","ast-hfb-mobile-header-display":"","site-post-title":"disabled","ast-breadcrumbs-content":"","ast-featured-img":"disabled","footer-sml-layout":"","ast-disable-related-posts":"","theme-transparent-header-meta":"default","adv-header-id-meta":"","stick-header-meta":"default","header-above-stick-meta":"","header-main-stick-meta":"","header-below-stick-meta":"","astra-migrate-meta-layouts":"set","ast-page-background-enabled":"default","ast-page-background-meta":{"desktop":{"background-color":"var(--ast-global-color-4)","background-image":"","background-repeat":"repeat","background-position":"center center","background-size":"auto","background-attachment":"scroll","background-type":"","background-media":"","overlay-type":"","overlay-color":"","overlay-opacity":"","overlay-gradient":""},"tablet":{"background-color":"","background-image":"","background-repeat":"repeat","background-position":"center center","background-size":"auto","background-attachment":"scroll","background-type":"","background-media":"","overlay-type":"","overlay-color":"","overlay-opacity":"","overlay-gradient":""},"mobile":{"background-color":"","background-image":"","background-repeat":"repeat","background-position":"center center","background-size":"auto","background-attachment":"scroll","background-type":"","background-media":"","overlay-type":"","overlay-color":"","overlay-opacity":"","overlay-gradient":""}},"ast-content-background-meta":{"desktop":{"background-color":"var(--ast-global-color-5)","background-image":"","background-repeat":"repeat","background-position":"center center","background-size":"auto","background-attachment":"scroll","background-type":"","background-media":"","overlay-type":"","overlay-color":"","overlay-opacity":"","overlay-gradient":""},"tablet":{"background-color":"var(--ast-global-color-5)","background-image":"","background-repeat":"repeat","background-position":"center center","background-size":"auto","background-attachment":"scroll","background-type":"","background-media":"","overlay-type":"","overlay-color":"","overlay-opacity":"","overlay-gradient":""},"mobile":{"background-color":"var(--ast-global-color-5)","background-image":"","background-repeat":"repeat","background-position":"center center","background-size":"auto","background-attachment":"scroll","background-type":"","background-media":"","overlay-type":"","overlay-color":"","overlay-opacity":"","overlay-gradient":""}}},"product_brand":[],"product_cat":[49,15],"product_tag":[299,300,316],"class_list":{"0":"post-13543","1":"product","2":"type-product","3":"status-publish","4":"has-post-thumbnail","6":"product_cat-tarvikud","7":"product_cat-teekannud","8":"product_tag-inglismaa","9":"product_tag-kivikeraamika","10":"product_tag-price-kensington","11":"desktop-align-center","12":"tablet-align-left","13":"mobile-align-left","15":"first","16":"instock","17":"sold-individually","18":"taxable","19":"shipping-taxable","20":"purchasable","21":"product-type-simple"},"yoast_head":"<!-- This site is optimized with the Yoast SEO plugin v27.4 - https:\/\/yoast.com\/product\/yoast-seo-wordpress\/ -->\n<title>Price &amp; Kensington teekann Matt Betty 1,1l taupe - Kohvieri<\/title>\n<meta name=\"description\" content=\"Price &amp; Kensington teekann Matt Betty 1,1l taupe on valmistatud kvaliteetsest keraamikast, mis on vastupidav ja s\u00e4ilitab h\u00e4sti soojust.\" \/>\n<meta name=\"robots\" content=\"index, follow, max-snippet:-1, max-image-preview:large, max-video-preview:-1\" \/>\n<link rel=\"canonical\" href=\"https:\/\/kohvieri.ee\/en\/product\/price-kensington-teekann-matt-betty-11l-taupe\/\" \/>\n<meta property=\"og:locale\" content=\"en_GB\" \/>\n<meta property=\"og:type\" content=\"article\" \/>\n<meta property=\"og:title\" content=\"Price &amp; Kensington teekann Matt Betty 1,1l taupe - Kohvieri\" \/>\n<meta property=\"og:description\" content=\"Price &amp; Kensington teekann Matt Betty 1,1l taupe on valmistatud kvaliteetsest keraamikast, mis on vastupidav ja s\u00e4ilitab h\u00e4sti soojust.\" \/>\n<meta property=\"og:url\" content=\"https:\/\/kohvieri.ee\/en\/product\/price-kensington-teekann-matt-betty-11l-taupe\/\" \/>\n<meta property=\"og:site_name\" content=\"Kohvieri\" \/>\n<meta property=\"article:publisher\" content=\"https:\/\/www.facebook.com\/kohvieri\" \/>\n<meta property=\"article:modified_time\" content=\"2024-11-16T17:27:54+00:00\" \/>\n<meta property=\"og:image\" content=\"https:\/\/kohvieri.ee\/wp-content\/uploads\/2024\/04\/teeknn-taupe-1.png\" \/>\n\t<meta property=\"og:image:width\" content=\"1080\" \/>\n\t<meta property=\"og:image:height\" content=\"1080\" \/>\n\t<meta property=\"og:image:type\" content=\"image\/png\" \/>\n<meta name=\"twitter:card\" content=\"summary_large_image\" \/>\n<meta name=\"twitter:label1\" content=\"Estimated reading time\" \/>\n\t<meta name=\"twitter:data1\" content=\"1 minute\" \/>\n<script type=\"application\/ld+json\" class=\"yoast-schema-graph\">{\"@context\":\"https:\\\/\\\/schema.org\",\"@graph\":[{\"@type\":\"WebPage\",\"@id\":\"https:\\\/\\\/kohvieri.ee\\\/et\\\/product\\\/price-kensington-teekann-matt-betty-11l-taupe\\\/\",\"url\":\"https:\\\/\\\/kohvieri.ee\\\/et\\\/product\\\/price-kensington-teekann-matt-betty-11l-taupe\\\/\",\"name\":\"Price & Kensington teekann Matt Betty 1,1l taupe - Kohvieri\",\"isPartOf\":{\"@id\":\"https:\\\/\\\/kohvieri.ee\\\/et\\\/#website\"},\"primaryImageOfPage\":{\"@id\":\"https:\\\/\\\/kohvieri.ee\\\/et\\\/product\\\/price-kensington-teekann-matt-betty-11l-taupe\\\/#primaryimage\"},\"image\":{\"@id\":\"https:\\\/\\\/kohvieri.ee\\\/et\\\/product\\\/price-kensington-teekann-matt-betty-11l-taupe\\\/#primaryimage\"},\"thumbnailUrl\":\"https:\\\/\\\/kohvieri.ee\\\/wp-content\\\/uploads\\\/2024\\\/04\\\/teeknn-taupe-1.png\",\"datePublished\":\"2024-04-16T12:11:05+00:00\",\"dateModified\":\"2024-11-16T17:27:54+00:00\",\"description\":\"Price & Kensington teekann Matt Betty 1,1l taupe on valmistatud kvaliteetsest keraamikast, mis on vastupidav ja s\u00e4ilitab h\u00e4sti soojust.\",\"breadcrumb\":{\"@id\":\"https:\\\/\\\/kohvieri.ee\\\/et\\\/product\\\/price-kensington-teekann-matt-betty-11l-taupe\\\/#breadcrumb\"},\"inLanguage\":\"en-GB\",\"potentialAction\":[{\"@type\":\"ReadAction\",\"target\":[\"https:\\\/\\\/kohvieri.ee\\\/et\\\/product\\\/price-kensington-teekann-matt-betty-11l-taupe\\\/\"]}]},{\"@type\":\"ImageObject\",\"inLanguage\":\"en-GB\",\"@id\":\"https:\\\/\\\/kohvieri.ee\\\/et\\\/product\\\/price-kensington-teekann-matt-betty-11l-taupe\\\/#primaryimage\",\"url\":\"https:\\\/\\\/kohvieri.ee\\\/wp-content\\\/uploads\\\/2024\\\/04\\\/teeknn-taupe-1.png\",\"contentUrl\":\"https:\\\/\\\/kohvieri.ee\\\/wp-content\\\/uploads\\\/2024\\\/04\\\/teeknn-taupe-1.png\",\"width\":1080,\"height\":1080,\"caption\":\"Price & Kensington teekann Matt Betty taupe\"},{\"@type\":\"BreadcrumbList\",\"@id\":\"https:\\\/\\\/kohvieri.ee\\\/et\\\/product\\\/price-kensington-teekann-matt-betty-11l-taupe\\\/#breadcrumb\",\"itemListElement\":[{\"@type\":\"ListItem\",\"position\":1,\"name\":\"Home\",\"item\":\"https:\\\/\\\/kohvieri.ee\\\/et\\\/\"},{\"@type\":\"ListItem\",\"position\":2,\"name\":\"E-pood\",\"item\":\"https:\\\/\\\/kohvieri.ee\\\/et\\\/e-pood\\\/\"},{\"@type\":\"ListItem\",\"position\":3,\"name\":\"Price &#038; Kensington teekann Matt Betty 1,1l taupe\"}]},{\"@type\":\"WebSite\",\"@id\":\"https:\\\/\\\/kohvieri.ee\\\/et\\\/#website\",\"url\":\"https:\\\/\\\/kohvieri.ee\\\/et\\\/\",\"name\":\"Kohvieri\",\"description\":\"Kohvi - ja teepood\",\"publisher\":{\"@id\":\"https:\\\/\\\/kohvieri.ee\\\/et\\\/#organization\"},\"potentialAction\":[{\"@type\":\"SearchAction\",\"target\":{\"@type\":\"EntryPoint\",\"urlTemplate\":\"https:\\\/\\\/kohvieri.ee\\\/et\\\/?s={search_term_string}\"},\"query-input\":{\"@type\":\"PropertyValueSpecification\",\"valueRequired\":true,\"valueName\":\"search_term_string\"}}],\"inLanguage\":\"en-GB\"},{\"@type\":\"Organization\",\"@id\":\"https:\\\/\\\/kohvieri.ee\\\/et\\\/#organization\",\"name\":\"Kohvieri\",\"url\":\"https:\\\/\\\/kohvieri.ee\\\/et\\\/\",\"logo\":{\"@type\":\"ImageObject\",\"inLanguage\":\"en-GB\",\"@id\":\"https:\\\/\\\/kohvieri.ee\\\/et\\\/#\\\/schema\\\/logo\\\/image\\\/\",\"url\":\"https:\\\/\\\/kohvieri.ee\\\/wp-content\\\/uploads\\\/2023\\\/07\\\/07cd6507-9210-4922-a9ff-55a59759ce72-e1689614757153.png\",\"contentUrl\":\"https:\\\/\\\/kohvieri.ee\\\/wp-content\\\/uploads\\\/2023\\\/07\\\/07cd6507-9210-4922-a9ff-55a59759ce72-e1689614757153.png\",\"width\":945,\"height\":318,\"caption\":\" Kohvieri\"},\"image\":{\"@id\":\"https:\\\/\\\/kohvieri.ee\\\/et\\\/#\\\/schema\\\/logo\\\/image\\\/\"},\"sameAs\":[\"https:\\\/\\\/www.facebook.com\\\/kohvieri\",\"https:\\\/\\\/www.instagram.com\\\/kohvieripood\"]}]}<\/script>\n<!-- \/ Yoast SEO plugin. -->","yoast_head_json":{"title":"Price & Kensington teekann Matt Betty 1,1l taupe - Kohvieri","description":"Price & Kensington teekann Matt Betty 1,1l taupe on valmistatud kvaliteetsest keraamikast, mis on vastupidav ja s\u00e4ilitab h\u00e4sti soojust.","robots":{"index":"index","follow":"follow","max-snippet":"max-snippet:-1","max-image-preview":"max-image-preview:large","max-video-preview":"max-video-preview:-1"},"canonical":"https:\/\/kohvieri.ee\/en\/product\/price-kensington-teekann-matt-betty-11l-taupe\/","og_locale":"en_GB","og_type":"article","og_title":"Price & Kensington teekann Matt Betty 1,1l taupe - Kohvieri","og_description":"Price & Kensington teekann Matt Betty 1,1l taupe on valmistatud kvaliteetsest keraamikast, mis on vastupidav ja s\u00e4ilitab h\u00e4sti soojust.","og_url":"https:\/\/kohvieri.ee\/en\/product\/price-kensington-teekann-matt-betty-11l-taupe\/","og_site_name":"Kohvieri","article_publisher":"https:\/\/www.facebook.com\/kohvieri","article_modified_time":"2024-11-16T17:27:54+00:00","og_image":[{"width":1080,"height":1080,"url":"https:\/\/kohvieri.ee\/wp-content\/uploads\/2024\/04\/teeknn-taupe-1.png","type":"image\/png"}],"twitter_card":"summary_large_image","twitter_misc":{"Estimated reading time":"1 minute"},"schema":{"@context":"https:\/\/schema.org","@graph":[{"@type":"WebPage","@id":"https:\/\/kohvieri.ee\/et\/product\/price-kensington-teekann-matt-betty-11l-taupe\/","url":"https:\/\/kohvieri.ee\/et\/product\/price-kensington-teekann-matt-betty-11l-taupe\/","name":"Price & Kensington teekann Matt Betty 1,1l taupe - Kohvieri","isPartOf":{"@id":"https:\/\/kohvieri.ee\/et\/#website"},"primaryImageOfPage":{"@id":"https:\/\/kohvieri.ee\/et\/product\/price-kensington-teekann-matt-betty-11l-taupe\/#primaryimage"},"image":{"@id":"https:\/\/kohvieri.ee\/et\/product\/price-kensington-teekann-matt-betty-11l-taupe\/#primaryimage"},"thumbnailUrl":"https:\/\/kohvieri.ee\/wp-content\/uploads\/2024\/04\/teeknn-taupe-1.png","datePublished":"2024-04-16T12:11:05+00:00","dateModified":"2024-11-16T17:27:54+00:00","description":"Price & Kensington teekann Matt Betty 1,1l taupe on valmistatud kvaliteetsest keraamikast, mis on vastupidav ja s\u00e4ilitab h\u00e4sti soojust.","breadcrumb":{"@id":"https:\/\/kohvieri.ee\/et\/product\/price-kensington-teekann-matt-betty-11l-taupe\/#breadcrumb"},"inLanguage":"en-GB","potentialAction":[{"@type":"ReadAction","target":["https:\/\/kohvieri.ee\/et\/product\/price-kensington-teekann-matt-betty-11l-taupe\/"]}]},{"@type":"ImageObject","inLanguage":"en-GB","@id":"https:\/\/kohvieri.ee\/et\/product\/price-kensington-teekann-matt-betty-11l-taupe\/#primaryimage","url":"https:\/\/kohvieri.ee\/wp-content\/uploads\/2024\/04\/teeknn-taupe-1.png","contentUrl":"https:\/\/kohvieri.ee\/wp-content\/uploads\/2024\/04\/teeknn-taupe-1.png","width":1080,"height":1080,"caption":"Price & Kensington teekann Matt Betty taupe"},{"@type":"BreadcrumbList","@id":"https:\/\/kohvieri.ee\/et\/product\/price-kensington-teekann-matt-betty-11l-taupe\/#breadcrumb","itemListElement":[{"@type":"ListItem","position":1,"name":"Home","item":"https:\/\/kohvieri.ee\/et\/"},{"@type":"ListItem","position":2,"name":"E-pood","item":"https:\/\/kohvieri.ee\/et\/e-pood\/"},{"@type":"ListItem","position":3,"name":"Price &#038; Kensington teekann Matt Betty 1,1l taupe"}]},{"@type":"WebSite","@id":"https:\/\/kohvieri.ee\/et\/#website","url":"https:\/\/kohvieri.ee\/et\/","name":"Kohvieri","description":"Kohvi - ja teepood","publisher":{"@id":"https:\/\/kohvieri.ee\/et\/#organization"},"potentialAction":[{"@type":"SearchAction","target":{"@type":"EntryPoint","urlTemplate":"https:\/\/kohvieri.ee\/et\/?s={search_term_string}"},"query-input":{"@type":"PropertyValueSpecification","valueRequired":true,"valueName":"search_term_string"}}],"inLanguage":"en-GB"},{"@type":"Organization","@id":"https:\/\/kohvieri.ee\/et\/#organization","name":"Kohvieri","url":"https:\/\/kohvieri.ee\/et\/","logo":{"@type":"ImageObject","inLanguage":"en-GB","@id":"https:\/\/kohvieri.ee\/et\/#\/schema\/logo\/image\/","url":"https:\/\/kohvieri.ee\/wp-content\/uploads\/2023\/07\/07cd6507-9210-4922-a9ff-55a59759ce72-e1689614757153.png","contentUrl":"https:\/\/kohvieri.ee\/wp-content\/uploads\/2023\/07\/07cd6507-9210-4922-a9ff-55a59759ce72-e1689614757153.png","width":945,"height":318,"caption":" Kohvieri"},"image":{"@id":"https:\/\/kohvieri.ee\/et\/#\/schema\/logo\/image\/"},"sameAs":["https:\/\/www.facebook.com\/kohvieri","https:\/\/www.instagram.com\/kohvieripood"]}]}},"uagb_featured_image_src":{"full":["https:\/\/kohvieri.ee\/wp-content\/uploads\/2024\/04\/teeknn-taupe-1.png",1080,1080,false],"thumbnail":["https:\/\/kohvieri.ee\/wp-content\/uploads\/2024\/04\/teeknn-taupe-1-150x150.png",150,150,true],"medium":["https:\/\/kohvieri.ee\/wp-content\/uploads\/2024\/04\/teeknn-taupe-1-300x300.png",300,300,true],"medium_large":["https:\/\/kohvieri.ee\/wp-content\/uploads\/2024\/04\/teeknn-taupe-1-768x768.png",768,768,true],"large":["https:\/\/kohvieri.ee\/wp-content\/uploads\/2024\/04\/teeknn-taupe-1-1024x1024.png",1024,1024,true],"1536x1536":["https:\/\/kohvieri.ee\/wp-content\/uploads\/2024\/04\/teeknn-taupe-1.png",1080,1080,false],"2048x2048":["https:\/\/kohvieri.ee\/wp-content\/uploads\/2024\/04\/teeknn-taupe-1.png",1080,1080,false],"trp-custom-language-flag":["https:\/\/kohvieri.ee\/wp-content\/uploads\/2024\/04\/teeknn-taupe-1-12x12.png",12,12,true],"woocommerce_thumbnail":["https:\/\/kohvieri.ee\/wp-content\/uploads\/2024\/04\/teeknn-taupe-1-300x300.png",300,300,true],"woocommerce_single":["https:\/\/kohvieri.ee\/wp-content\/uploads\/2024\/04\/teeknn-taupe-1-600x600.png",600,600,true],"woocommerce_gallery_thumbnail":["https:\/\/kohvieri.ee\/wp-content\/uploads\/2024\/04\/teeknn-taupe-1-100x100.png",100,100,true]},"uagb_author_info":{"display_name":"Kohvieri","author_link":"https:\/\/kohvieri.ee\/en\/author\/"},"uagb_comment_info":0,"uagb_excerpt":"Price &amp; Kensington\u00a0teekann Matt 1,1L taupe v\u00e4rvitoonis on klassikaline ja stiilne valik igasse k\u00f6\u00f6ki. Selle ajatu disain ja neutraalne taupe v\u00e4rv annavad kannule rahuliku ja modernse v\u00e4limuse, sobitudes erinevate stiilidega, olgu tegu maal\u00e4hedase v\u00f5i kaasaegse interj\u00f6\u00f6riga. 1,1-liitrine mahutavus v\u00f5imaldab valmistada korraga mitu tassi teed, tehes selle ideaalseks nii pere hommikuseks teeajaks kui ka k\u00fclaliste kostitamiseks.&hellip;","jetpack_sharing_enabled":true,"_links":{"self":[{"href":"https:\/\/kohvieri.ee\/en\/wp-json\/wp\/v2\/product\/13543","targetHints":{"allow":["GET"]}}],"collection":[{"href":"https:\/\/kohvieri.ee\/en\/wp-json\/wp\/v2\/product"}],"about":[{"href":"https:\/\/kohvieri.ee\/en\/wp-json\/wp\/v2\/types\/product"}],"version-history":[{"count":5,"href":"https:\/\/kohvieri.ee\/en\/wp-json\/wp\/v2\/product\/13543\/revisions"}],"predecessor-version":[{"id":14314,"href":"https:\/\/kohvieri.ee\/en\/wp-json\/wp\/v2\/product\/13543\/revisions\/14314"}],"wp:featuredmedia":[{"embeddable":true,"href":"https:\/\/kohvieri.ee\/en\/wp-json\/wp\/v2\/media\/14303"}],"wp:attachment":[{"href":"https:\/\/kohvieri.ee\/en\/wp-json\/wp\/v2\/media?parent=13543"}],"wp:term":[{"taxonomy":"product_brand","embeddable":true,"href":"https:\/\/kohvieri.ee\/en\/wp-json\/wp\/v2\/product_brand?post=13543"},{"taxonomy":"product_cat","embeddable":true,"href":"https:\/\/kohvieri.ee\/en\/wp-json\/wp\/v2\/product_cat?post=13543"},{"taxonomy":"product_tag","embeddable":true,"href":"https:\/\/kohvieri.ee\/en\/wp-json\/wp\/v2\/product_tag?post=13543"}],"curies":[{"name":"wp","href":"https:\/\/api.w.org\/{rel}","templated":true}]}}