{"id":13887,"date":"2024-07-31T10:30:11","date_gmt":"2024-07-31T10:30:11","guid":{"rendered":"https:\/\/kohvieri.ee\/?post_type=product&#038;p=13887"},"modified":"2026-02-06T19:38:29","modified_gmt":"2026-02-06T19:38:29","slug":"littles-dreamy-decaf-kofeiinivaba-lahustuv-kohv","status":"publish","type":"product","link":"https:\/\/kohvieri.ee\/en\/product\/littles-dreamy-decaf-kofeiinivaba-lahustuv-kohv\/","title":{"rendered":"Little's Dreamy Decaf decaffeinated instant coffee"},"content":{"rendered":"<div data-elementor-type=\"wp-post\" data-elementor-id=\"13887\" class=\"elementor elementor-13887\">\n\t\t\t\t<div class=\"elementor-element elementor-element-bff6317 e-flex e-con-boxed e-con e-parent\" data-id=\"bff6317\" data-element_type=\"container\" data-e-type=\"container\">\n\t\t\t\t\t<div class=\"e-con-inner\">\n\t\t<div class=\"elementor-element elementor-element-38d051fc e-con-full e-flex e-con e-child\" data-id=\"38d051fc\" data-element_type=\"container\" data-e-type=\"container\">\n\t\t\t\t<div class=\"elementor-element elementor-element-63071a3e elementor-widget__width-initial elementor-position-top exad-sticky-section-no exad-glass-effect-no elementor-widget elementor-widget-image-box\" data-id=\"63071a3e\" data-element_type=\"widget\" data-e-type=\"widget\" data-widget_type=\"image-box.default\">\n\t\t\t\t<div class=\"elementor-widget-container\">\n\t\t\t\t\t<div class=\"elementor-image-box-wrapper\"><figure class=\"elementor-image-box-img\"><img fetchpriority=\"high\" decoding=\"async\" width=\"600\" height=\"600\" src=\"https:\/\/kohvieri.ee\/wp-content\/uploads\/2023\/06\/56492928-0c84-410b-a442-44f182533278.png\" class=\"attachment-full size-full wp-image-6974\" alt=\"\" srcset=\"https:\/\/kohvieri.ee\/wp-content\/uploads\/2023\/06\/56492928-0c84-410b-a442-44f182533278.png 600w, https:\/\/kohvieri.ee\/wp-content\/uploads\/2023\/06\/56492928-0c84-410b-a442-44f182533278-300x300.png 300w, https:\/\/kohvieri.ee\/wp-content\/uploads\/2023\/06\/56492928-0c84-410b-a442-44f182533278-150x150.png 150w, https:\/\/kohvieri.ee\/wp-content\/uploads\/2023\/06\/56492928-0c84-410b-a442-44f182533278-12x12.png 12w, https:\/\/kohvieri.ee\/wp-content\/uploads\/2023\/06\/56492928-0c84-410b-a442-44f182533278-100x100.png 100w\" sizes=\"(max-width: 600px) 100vw, 600px\" \/><\/figure><div class=\"elementor-image-box-content\"><h3 class=\"elementor-image-box-title\">No added sugars<\/h3><\/div><\/div>\t\t\t\t<\/div>\n\t\t\t\t<\/div>\n\t\t\t\t<\/div>\n\t\t<div class=\"elementor-element elementor-element-169da785 e-con-full e-flex e-con e-child\" data-id=\"169da785\" data-element_type=\"container\" data-e-type=\"container\">\n\t\t\t\t<div class=\"elementor-element elementor-element-19a70f15 elementor-widget__width-initial elementor-position-top exad-sticky-section-no exad-glass-effect-no elementor-widget elementor-widget-image-box\" data-id=\"19a70f15\" data-element_type=\"widget\" data-e-type=\"widget\" data-widget_type=\"image-box.default\">\n\t\t\t\t<div class=\"elementor-widget-container\">\n\t\t\t\t\t<div class=\"elementor-image-box-wrapper\"><figure class=\"elementor-image-box-img\"><img decoding=\"async\" width=\"600\" height=\"600\" src=\"https:\/\/kohvieri.ee\/wp-content\/uploads\/2023\/06\/7d69ecfa-66e3-4493-893a-c1b12d17044f.png\" class=\"attachment-full size-full wp-image-6985\" alt=\"\" srcset=\"https:\/\/kohvieri.ee\/wp-content\/uploads\/2023\/06\/7d69ecfa-66e3-4493-893a-c1b12d17044f.png 600w, https:\/\/kohvieri.ee\/wp-content\/uploads\/2023\/06\/7d69ecfa-66e3-4493-893a-c1b12d17044f-300x300.png 300w, https:\/\/kohvieri.ee\/wp-content\/uploads\/2023\/06\/7d69ecfa-66e3-4493-893a-c1b12d17044f-150x150.png 150w, https:\/\/kohvieri.ee\/wp-content\/uploads\/2023\/06\/7d69ecfa-66e3-4493-893a-c1b12d17044f-12x12.png 12w, https:\/\/kohvieri.ee\/wp-content\/uploads\/2023\/06\/7d69ecfa-66e3-4493-893a-c1b12d17044f-100x100.png 100w\" sizes=\"(max-width: 600px) 100vw, 600px\" \/><\/figure><div class=\"elementor-image-box-content\"><h3 class=\"elementor-image-box-title\">4 calories per cup<\/h3><\/div><\/div>\t\t\t\t<\/div>\n\t\t\t\t<\/div>\n\t\t\t\t<\/div>\n\t\t\t\t<div class=\"elementor-element elementor-element-7460106e elementor-position-top exad-sticky-section-no exad-glass-effect-no elementor-widget elementor-widget-image-box\" data-id=\"7460106e\" data-element_type=\"widget\" data-e-type=\"widget\" data-widget_type=\"image-box.default\">\n\t\t\t\t<div class=\"elementor-widget-container\">\n\t\t\t\t\t<div class=\"elementor-image-box-wrapper\"><figure class=\"elementor-image-box-img\"><img decoding=\"async\" width=\"500\" height=\"500\" src=\"https:\/\/kohvieri.ee\/wp-content\/uploads\/2023\/06\/345be801-a998-45b4-9d5c-5aceb4c55d90.png\" class=\"attachment-full size-full wp-image-6975\" alt=\"\" srcset=\"https:\/\/kohvieri.ee\/wp-content\/uploads\/2023\/06\/345be801-a998-45b4-9d5c-5aceb4c55d90.png 500w, https:\/\/kohvieri.ee\/wp-content\/uploads\/2023\/06\/345be801-a998-45b4-9d5c-5aceb4c55d90-300x300.png 300w, https:\/\/kohvieri.ee\/wp-content\/uploads\/2023\/06\/345be801-a998-45b4-9d5c-5aceb4c55d90-150x150.png 150w, https:\/\/kohvieri.ee\/wp-content\/uploads\/2023\/06\/345be801-a998-45b4-9d5c-5aceb4c55d90-12x12.png 12w, https:\/\/kohvieri.ee\/wp-content\/uploads\/2023\/06\/345be801-a998-45b4-9d5c-5aceb4c55d90-100x100.png 100w\" sizes=\"(max-width: 500px) 100vw, 500px\" \/><\/figure><div class=\"elementor-image-box-content\"><h3 class=\"elementor-image-box-title\">Vegan friendly<\/h3><\/div><\/div>\t\t\t\t<\/div>\n\t\t\t\t<\/div>\n\t\t\t\t\t<\/div>\n\t\t\t\t<\/div>\n\t\t\t\t<\/div>","protected":false},"excerpt":{"rendered":"<p>Great tasting coffee without caffeine? You're a dreamer! We've prepared a decaffeinated coffee for you that retains all the flavors and is caffeine-free. The medium roast coffee gives a round, smooth and balanced taste.<\/p>\n<p>Contains freeze-dried coffee, which is caffeine-free.<\/p>\n<p>No added sugars.<\/p>\n<p>Produced in Great Britain.<\/p>\n<p><a href=\"https:\/\/kohvieri.ee\/en\/lahustuvad-kohvid\/\">Read more about instant coffee<\/a><\/p>","protected":false},"featured_media":15632,"template":"","meta":{"_uag_custom_page_level_css":"","site-sidebar-layout":"no-sidebar","site-content-layout":"plain-container","ast-site-content-layout":"normal-width-container","site-content-style":"unboxed","site-sidebar-style":"unboxed","ast-global-header-display":"","ast-banner-title-visibility":"","ast-main-header-display":"","ast-hfb-above-header-display":"","ast-hfb-below-header-display":"","ast-hfb-mobile-header-display":"","site-post-title":"disabled","ast-breadcrumbs-content":"","ast-featured-img":"disabled","footer-sml-layout":"","ast-disable-related-posts":"","theme-transparent-header-meta":"default","adv-header-id-meta":"","stick-header-meta":"default","header-above-stick-meta":"","header-main-stick-meta":"","header-below-stick-meta":"","astra-migrate-meta-layouts":"set","ast-page-background-enabled":"default","ast-page-background-meta":{"desktop":{"background-color":"var(--ast-global-color-4)","background-image":"","background-repeat":"repeat","background-position":"center center","background-size":"auto","background-attachment":"scroll","background-type":"","background-media":"","overlay-type":"","overlay-color":"","overlay-opacity":"","overlay-gradient":""},"tablet":{"background-color":"","background-image":"","background-repeat":"repeat","background-position":"center center","background-size":"auto","background-attachment":"scroll","background-type":"","background-media":"","overlay-type":"","overlay-color":"","overlay-opacity":"","overlay-gradient":""},"mobile":{"background-color":"","background-image":"","background-repeat":"repeat","background-position":"center center","background-size":"auto","background-attachment":"scroll","background-type":"","background-media":"","overlay-type":"","overlay-color":"","overlay-opacity":"","overlay-gradient":""}},"ast-content-background-meta":{"desktop":{"background-color":"var(--ast-global-color-5)","background-image":"","background-repeat":"repeat","background-position":"center center","background-size":"auto","background-attachment":"scroll","background-type":"","background-media":"","overlay-type":"","overlay-color":"","overlay-opacity":"","overlay-gradient":""},"tablet":{"background-color":"var(--ast-global-color-5)","background-image":"","background-repeat":"repeat","background-position":"center center","background-size":"auto","background-attachment":"scroll","background-type":"","background-media":"","overlay-type":"","overlay-color":"","overlay-opacity":"","overlay-gradient":""},"mobile":{"background-color":"var(--ast-global-color-5)","background-image":"","background-repeat":"repeat","background-position":"center center","background-size":"auto","background-attachment":"scroll","background-type":"","background-media":"","overlay-type":"","overlay-color":"","overlay-opacity":"","overlay-gradient":""}}},"product_brand":[],"product_cat":[53,46,79],"product_tag":[126,299,125,134],"class_list":{"0":"post-13887","1":"product","2":"type-product","3":"status-publish","4":"has-post-thumbnail","6":"product_cat-kofeiinivaba-kohv","7":"product_cat-kohvid","8":"product_cat-lahustuv-kohv","9":"product_tag-brasiilia","10":"product_tag-inglismaa","11":"product_tag-kofeiinivaba-kohv","12":"product_tag-lahustuv-kohv","13":"desktop-align-center","14":"tablet-align-left","15":"mobile-align-left","17":"first","18":"instock","19":"taxable","20":"shipping-taxable","21":"purchasable","22":"product-type-variable"},"yoast_head":"<!-- This site is optimized with the Yoast SEO plugin v27.5 - https:\/\/yoast.com\/product\/yoast-seo-wordpress\/ -->\n<title>Little&#039;s Dreamy Decaf kofeiinivaba lahustuv kohv - Kohvieri<\/title>\n<meta name=\"robots\" content=\"index, follow, max-snippet:-1, max-image-preview:large, max-video-preview:-1\" \/>\n<link rel=\"canonical\" href=\"https:\/\/kohvieri.ee\/en\/product\/littles-dreamy-decaf-kofeiinivaba-lahustuv-kohv\/\" \/>\n<meta property=\"og:locale\" content=\"en_GB\" \/>\n<meta property=\"og:type\" content=\"article\" \/>\n<meta property=\"og:title\" content=\"Little&#039;s Dreamy Decaf kofeiinivaba lahustuv kohv - Kohvieri\" \/>\n<meta property=\"og:description\" content=\"Suurep\u00e4rase maitsega kohv ilma kofeiinita? Oled unistaja! Oleme Sulle valmistanud kofeiinivaba kohvi, mis s\u00e4ilitab k\u00f5ik maitsed ja on ilma kofeiinita. Keskmise r\u00f6stiga kohv annab \u00fcmara, maheda ja tasakaalustatud maitse.  Sisaldab\u00a0 k\u00fclmkuivatatud\u00a0 kohvi, mis on kofeiinivaba.  Ei ole lisatud suhkruid.  Toodetud Suurbritannias.  Loe rohkem lahustuvast kohvist\" \/>\n<meta property=\"og:url\" content=\"https:\/\/kohvieri.ee\/en\/product\/littles-dreamy-decaf-kofeiinivaba-lahustuv-kohv\/\" \/>\n<meta property=\"og:site_name\" content=\"Kohvieri\" \/>\n<meta property=\"article:publisher\" content=\"https:\/\/www.facebook.com\/kohvieri\" \/>\n<meta property=\"article:modified_time\" content=\"2026-02-06T19:38:29+00:00\" \/>\n<meta property=\"og:image\" content=\"https:\/\/kohvieri.ee\/wp-content\/uploads\/2024\/07\/dreamy-decaf.webp\" \/>\n\t<meta property=\"og:image:width\" content=\"1000\" \/>\n\t<meta property=\"og:image:height\" content=\"1000\" \/>\n\t<meta property=\"og:image:type\" content=\"image\/webp\" \/>\n<meta name=\"twitter:card\" content=\"summary_large_image\" \/>\n<meta name=\"twitter:label1\" content=\"Estimated reading time\" \/>\n\t<meta name=\"twitter:data1\" content=\"1 minute\" \/>\n<script type=\"application\/ld+json\" class=\"yoast-schema-graph\">{\"@context\":\"https:\\\/\\\/schema.org\",\"@graph\":[{\"@type\":\"WebPage\",\"@id\":\"https:\\\/\\\/kohvieri.ee\\\/product\\\/littles-dreamy-decaf-kofeiinivaba-lahustuv-kohv\\\/\",\"url\":\"https:\\\/\\\/kohvieri.ee\\\/product\\\/littles-dreamy-decaf-kofeiinivaba-lahustuv-kohv\\\/\",\"name\":\"Little's Dreamy Decaf kofeiinivaba lahustuv kohv - Kohvieri\",\"isPartOf\":{\"@id\":\"https:\\\/\\\/kohvieri.ee\\\/et\\\/#website\"},\"primaryImageOfPage\":{\"@id\":\"https:\\\/\\\/kohvieri.ee\\\/product\\\/littles-dreamy-decaf-kofeiinivaba-lahustuv-kohv\\\/#primaryimage\"},\"image\":{\"@id\":\"https:\\\/\\\/kohvieri.ee\\\/product\\\/littles-dreamy-decaf-kofeiinivaba-lahustuv-kohv\\\/#primaryimage\"},\"thumbnailUrl\":\"https:\\\/\\\/kohvieri.ee\\\/wp-content\\\/uploads\\\/2024\\\/07\\\/dreamy-decaf.webp\",\"datePublished\":\"2024-07-31T10:30:11+00:00\",\"dateModified\":\"2026-02-06T19:38:29+00:00\",\"breadcrumb\":{\"@id\":\"https:\\\/\\\/kohvieri.ee\\\/product\\\/littles-dreamy-decaf-kofeiinivaba-lahustuv-kohv\\\/#breadcrumb\"},\"inLanguage\":\"en-GB\",\"potentialAction\":[{\"@type\":\"ReadAction\",\"target\":[\"https:\\\/\\\/kohvieri.ee\\\/product\\\/littles-dreamy-decaf-kofeiinivaba-lahustuv-kohv\\\/\"]}]},{\"@type\":\"ImageObject\",\"inLanguage\":\"en-GB\",\"@id\":\"https:\\\/\\\/kohvieri.ee\\\/product\\\/littles-dreamy-decaf-kofeiinivaba-lahustuv-kohv\\\/#primaryimage\",\"url\":\"https:\\\/\\\/kohvieri.ee\\\/wp-content\\\/uploads\\\/2024\\\/07\\\/dreamy-decaf.webp\",\"contentUrl\":\"https:\\\/\\\/kohvieri.ee\\\/wp-content\\\/uploads\\\/2024\\\/07\\\/dreamy-decaf.webp\",\"width\":1000,\"height\":1000,\"caption\":\"Little's Dreamy Decaf kofeiinivaba lahustuv kohv\"},{\"@type\":\"BreadcrumbList\",\"@id\":\"https:\\\/\\\/kohvieri.ee\\\/product\\\/littles-dreamy-decaf-kofeiinivaba-lahustuv-kohv\\\/#breadcrumb\",\"itemListElement\":[{\"@type\":\"ListItem\",\"position\":1,\"name\":\"Home\",\"item\":\"https:\\\/\\\/kohvieri.ee\\\/et\\\/\"},{\"@type\":\"ListItem\",\"position\":2,\"name\":\"E-pood\",\"item\":\"https:\\\/\\\/kohvieri.ee\\\/et\\\/e-pood\\\/\"},{\"@type\":\"ListItem\",\"position\":3,\"name\":\"Little&#8217;s Dreamy Decaf kofeiinivaba lahustuv kohv\"}]},{\"@type\":\"WebSite\",\"@id\":\"https:\\\/\\\/kohvieri.ee\\\/et\\\/#website\",\"url\":\"https:\\\/\\\/kohvieri.ee\\\/et\\\/\",\"name\":\"Kohvieri\",\"description\":\"Kohvi - ja teepood\",\"publisher\":{\"@id\":\"https:\\\/\\\/kohvieri.ee\\\/et\\\/#organization\"},\"potentialAction\":[{\"@type\":\"SearchAction\",\"target\":{\"@type\":\"EntryPoint\",\"urlTemplate\":\"https:\\\/\\\/kohvieri.ee\\\/et\\\/?s={search_term_string}\"},\"query-input\":{\"@type\":\"PropertyValueSpecification\",\"valueRequired\":true,\"valueName\":\"search_term_string\"}}],\"inLanguage\":\"en-GB\"},{\"@type\":\"Organization\",\"@id\":\"https:\\\/\\\/kohvieri.ee\\\/et\\\/#organization\",\"name\":\"Kohvieri\",\"url\":\"https:\\\/\\\/kohvieri.ee\\\/et\\\/\",\"logo\":{\"@type\":\"ImageObject\",\"inLanguage\":\"en-GB\",\"@id\":\"https:\\\/\\\/kohvieri.ee\\\/et\\\/#\\\/schema\\\/logo\\\/image\\\/\",\"url\":\"https:\\\/\\\/kohvieri.ee\\\/wp-content\\\/uploads\\\/2023\\\/07\\\/07cd6507-9210-4922-a9ff-55a59759ce72-e1689614757153.png\",\"contentUrl\":\"https:\\\/\\\/kohvieri.ee\\\/wp-content\\\/uploads\\\/2023\\\/07\\\/07cd6507-9210-4922-a9ff-55a59759ce72-e1689614757153.png\",\"width\":945,\"height\":318,\"caption\":\" Kohvieri\"},\"image\":{\"@id\":\"https:\\\/\\\/kohvieri.ee\\\/et\\\/#\\\/schema\\\/logo\\\/image\\\/\"},\"sameAs\":[\"https:\\\/\\\/www.facebook.com\\\/kohvieri\",\"https:\\\/\\\/www.instagram.com\\\/kohvieripood\"]}]}<\/script>\n<!-- \/ Yoast SEO plugin. -->","yoast_head_json":{"title":"Little's Dreamy Decaf kofeiinivaba lahustuv kohv - Kohvieri","robots":{"index":"index","follow":"follow","max-snippet":"max-snippet:-1","max-image-preview":"max-image-preview:large","max-video-preview":"max-video-preview:-1"},"canonical":"https:\/\/kohvieri.ee\/en\/product\/littles-dreamy-decaf-kofeiinivaba-lahustuv-kohv\/","og_locale":"en_GB","og_type":"article","og_title":"Little's Dreamy Decaf kofeiinivaba lahustuv kohv - Kohvieri","og_description":"Suurep\u00e4rase maitsega kohv ilma kofeiinita? Oled unistaja! Oleme Sulle valmistanud kofeiinivaba kohvi, mis s\u00e4ilitab k\u00f5ik maitsed ja on ilma kofeiinita. Keskmise r\u00f6stiga kohv annab \u00fcmara, maheda ja tasakaalustatud maitse.  Sisaldab\u00a0 k\u00fclmkuivatatud\u00a0 kohvi, mis on kofeiinivaba.  Ei ole lisatud suhkruid.  Toodetud Suurbritannias.  Loe rohkem lahustuvast kohvist","og_url":"https:\/\/kohvieri.ee\/en\/product\/littles-dreamy-decaf-kofeiinivaba-lahustuv-kohv\/","og_site_name":"Kohvieri","article_publisher":"https:\/\/www.facebook.com\/kohvieri","article_modified_time":"2026-02-06T19:38:29+00:00","og_image":[{"width":1000,"height":1000,"url":"https:\/\/kohvieri.ee\/wp-content\/uploads\/2024\/07\/dreamy-decaf.webp","type":"image\/webp"}],"twitter_card":"summary_large_image","twitter_misc":{"Estimated reading time":"1 minute"},"schema":{"@context":"https:\/\/schema.org","@graph":[{"@type":"WebPage","@id":"https:\/\/kohvieri.ee\/product\/littles-dreamy-decaf-kofeiinivaba-lahustuv-kohv\/","url":"https:\/\/kohvieri.ee\/product\/littles-dreamy-decaf-kofeiinivaba-lahustuv-kohv\/","name":"Little's Dreamy Decaf kofeiinivaba lahustuv kohv - Kohvieri","isPartOf":{"@id":"https:\/\/kohvieri.ee\/et\/#website"},"primaryImageOfPage":{"@id":"https:\/\/kohvieri.ee\/product\/littles-dreamy-decaf-kofeiinivaba-lahustuv-kohv\/#primaryimage"},"image":{"@id":"https:\/\/kohvieri.ee\/product\/littles-dreamy-decaf-kofeiinivaba-lahustuv-kohv\/#primaryimage"},"thumbnailUrl":"https:\/\/kohvieri.ee\/wp-content\/uploads\/2024\/07\/dreamy-decaf.webp","datePublished":"2024-07-31T10:30:11+00:00","dateModified":"2026-02-06T19:38:29+00:00","breadcrumb":{"@id":"https:\/\/kohvieri.ee\/product\/littles-dreamy-decaf-kofeiinivaba-lahustuv-kohv\/#breadcrumb"},"inLanguage":"en-GB","potentialAction":[{"@type":"ReadAction","target":["https:\/\/kohvieri.ee\/product\/littles-dreamy-decaf-kofeiinivaba-lahustuv-kohv\/"]}]},{"@type":"ImageObject","inLanguage":"en-GB","@id":"https:\/\/kohvieri.ee\/product\/littles-dreamy-decaf-kofeiinivaba-lahustuv-kohv\/#primaryimage","url":"https:\/\/kohvieri.ee\/wp-content\/uploads\/2024\/07\/dreamy-decaf.webp","contentUrl":"https:\/\/kohvieri.ee\/wp-content\/uploads\/2024\/07\/dreamy-decaf.webp","width":1000,"height":1000,"caption":"Little's Dreamy Decaf kofeiinivaba lahustuv kohv"},{"@type":"BreadcrumbList","@id":"https:\/\/kohvieri.ee\/product\/littles-dreamy-decaf-kofeiinivaba-lahustuv-kohv\/#breadcrumb","itemListElement":[{"@type":"ListItem","position":1,"name":"Home","item":"https:\/\/kohvieri.ee\/et\/"},{"@type":"ListItem","position":2,"name":"E-pood","item":"https:\/\/kohvieri.ee\/et\/e-pood\/"},{"@type":"ListItem","position":3,"name":"Little&#8217;s Dreamy Decaf kofeiinivaba lahustuv kohv"}]},{"@type":"WebSite","@id":"https:\/\/kohvieri.ee\/et\/#website","url":"https:\/\/kohvieri.ee\/et\/","name":"Kohvieri","description":"Kohvi - ja teepood","publisher":{"@id":"https:\/\/kohvieri.ee\/et\/#organization"},"potentialAction":[{"@type":"SearchAction","target":{"@type":"EntryPoint","urlTemplate":"https:\/\/kohvieri.ee\/et\/?s={search_term_string}"},"query-input":{"@type":"PropertyValueSpecification","valueRequired":true,"valueName":"search_term_string"}}],"inLanguage":"en-GB"},{"@type":"Organization","@id":"https:\/\/kohvieri.ee\/et\/#organization","name":"Kohvieri","url":"https:\/\/kohvieri.ee\/et\/","logo":{"@type":"ImageObject","inLanguage":"en-GB","@id":"https:\/\/kohvieri.ee\/et\/#\/schema\/logo\/image\/","url":"https:\/\/kohvieri.ee\/wp-content\/uploads\/2023\/07\/07cd6507-9210-4922-a9ff-55a59759ce72-e1689614757153.png","contentUrl":"https:\/\/kohvieri.ee\/wp-content\/uploads\/2023\/07\/07cd6507-9210-4922-a9ff-55a59759ce72-e1689614757153.png","width":945,"height":318,"caption":" Kohvieri"},"image":{"@id":"https:\/\/kohvieri.ee\/et\/#\/schema\/logo\/image\/"},"sameAs":["https:\/\/www.facebook.com\/kohvieri","https:\/\/www.instagram.com\/kohvieripood"]}]}},"uagb_featured_image_src":{"full":["https:\/\/kohvieri.ee\/wp-content\/uploads\/2024\/07\/dreamy-decaf.webp",1000,1000,false],"thumbnail":["https:\/\/kohvieri.ee\/wp-content\/uploads\/2024\/07\/dreamy-decaf-150x150.webp",150,150,true],"medium":["https:\/\/kohvieri.ee\/wp-content\/uploads\/2024\/07\/dreamy-decaf-300x300.webp",300,300,true],"medium_large":["https:\/\/kohvieri.ee\/wp-content\/uploads\/2024\/07\/dreamy-decaf-768x768.webp",768,768,true],"large":["https:\/\/kohvieri.ee\/wp-content\/uploads\/2024\/07\/dreamy-decaf.webp",1000,1000,false],"1536x1536":["https:\/\/kohvieri.ee\/wp-content\/uploads\/2024\/07\/dreamy-decaf.webp",1000,1000,false],"2048x2048":["https:\/\/kohvieri.ee\/wp-content\/uploads\/2024\/07\/dreamy-decaf.webp",1000,1000,false],"trp-custom-language-flag":["https:\/\/kohvieri.ee\/wp-content\/uploads\/2024\/07\/dreamy-decaf-12x12.webp",12,12,true],"woocommerce_thumbnail":["https:\/\/kohvieri.ee\/wp-content\/uploads\/2024\/07\/dreamy-decaf-300x300.webp",300,300,true],"woocommerce_single":["https:\/\/kohvieri.ee\/wp-content\/uploads\/2024\/07\/dreamy-decaf-600x600.webp",600,600,true],"woocommerce_gallery_thumbnail":["https:\/\/kohvieri.ee\/wp-content\/uploads\/2024\/07\/dreamy-decaf-100x100.webp",100,100,true]},"uagb_author_info":{"display_name":"Kohvieri","author_link":"https:\/\/kohvieri.ee\/en\/author\/"},"uagb_comment_info":0,"uagb_excerpt":"Suurep\u00e4rase maitsega kohv ilma kofeiinita? Oled unistaja! Oleme Sulle valmistanud kofeiinivaba kohvi, mis s\u00e4ilitab k\u00f5ik maitsed ja on ilma kofeiinita. Keskmise r\u00f6stiga kohv annab \u00fcmara, maheda ja tasakaalustatud maitse. Sisaldab\u00a0 k\u00fclmkuivatatud\u00a0 kohvi, mis on kofeiinivaba. Ei ole lisatud suhkruid. Toodetud Suurbritannias. Loe rohkem lahustuvast kohvist","jetpack_sharing_enabled":true,"_links":{"self":[{"href":"https:\/\/kohvieri.ee\/en\/wp-json\/wp\/v2\/product\/13887","targetHints":{"allow":["GET"]}}],"collection":[{"href":"https:\/\/kohvieri.ee\/en\/wp-json\/wp\/v2\/product"}],"about":[{"href":"https:\/\/kohvieri.ee\/en\/wp-json\/wp\/v2\/types\/product"}],"version-history":[{"count":5,"href":"https:\/\/kohvieri.ee\/en\/wp-json\/wp\/v2\/product\/13887\/revisions"}],"predecessor-version":[{"id":15634,"href":"https:\/\/kohvieri.ee\/en\/wp-json\/wp\/v2\/product\/13887\/revisions\/15634"}],"wp:featuredmedia":[{"embeddable":true,"href":"https:\/\/kohvieri.ee\/en\/wp-json\/wp\/v2\/media\/15632"}],"wp:attachment":[{"href":"https:\/\/kohvieri.ee\/en\/wp-json\/wp\/v2\/media?parent=13887"}],"wp:term":[{"taxonomy":"product_brand","embeddable":true,"href":"https:\/\/kohvieri.ee\/en\/wp-json\/wp\/v2\/product_brand?post=13887"},{"taxonomy":"product_cat","embeddable":true,"href":"https:\/\/kohvieri.ee\/en\/wp-json\/wp\/v2\/product_cat?post=13887"},{"taxonomy":"product_tag","embeddable":true,"href":"https:\/\/kohvieri.ee\/en\/wp-json\/wp\/v2\/product_tag?post=13887"}],"curies":[{"name":"wp","href":"https:\/\/api.w.org\/{rel}","templated":true}]}}