{"id":15186,"date":"2025-03-18T15:20:48","date_gmt":"2025-03-18T15:20:48","guid":{"rendered":"https:\/\/kohvieri.ee\/?post_type=product&#038;p=15186"},"modified":"2026-04-08T18:37:29","modified_gmt":"2026-04-08T18:37:29","slug":"bredemeijer-malmist-teekann-sakura-12l-pruun","status":"publish","type":"product","link":"https:\/\/kohvieri.ee\/en\/product\/bredemeijer-malmist-teekann-sakura-12l-pruun\/","title":{"rendered":"Bredemeijer cast iron teapot Sakura 1.2l brown"},"content":{"rendered":"<div data-elementor-type=\"wp-post\" data-elementor-id=\"15186\" class=\"elementor elementor-15186\">\n\t\t\t\t<div class=\"elementor-element elementor-element-8006cfb e-flex e-con-boxed e-con e-parent\" data-id=\"8006cfb\" data-element_type=\"container\" data-e-type=\"container\">\n\t\t\t\t\t<div class=\"e-con-inner\">\n\t\t\t\t\t<\/div>\n\t\t\t\t<\/div>\n\t\t\t\t<\/div>","protected":false},"excerpt":{"rendered":"<p><span dir=\"auto\">Sakura\u00a0<\/span><strong><span dir=\"auto\">teapot<\/span><\/strong><span dir=\"auto\">\u00a0brings to life the essence of Japanese tea culture \u2013 calm, elegant and attentive to every detail. The distinctive high handle and elegant design makes the\u00a0<\/span><strong><span dir=\"auto\">cast iron teapot<\/span><\/strong><span dir=\"auto\">\u00a0striking and soothing.<\/span><\/p>\n<p><strong><span dir=\"auto\">Made of high-quality cast iron and<\/span><\/strong><span dir=\"auto\">\u00a0enamelled\u00a0<\/span><strong><span dir=\"auto\">interior<\/span><\/strong><span dir=\"auto\">\u00a0the brewed tea stays warm and retains its full flavor. Included\u00a0<\/span><strong><span dir=\"auto\">stainless steel fine mesh tea filter makes it easy to brew loose tea.\u00a0<\/span><\/strong><strong><span dir=\"auto\">1,2-liter<\/span><\/strong><span dir=\"auto\">\u00a0capacity, Sakura is ideal for 5-6 cups - enough for a holiday or a shared ritual.<\/span><\/p>\n<p><strong><span dir=\"auto\">It's time to drink tea.<\/span><\/strong><span dir=\"auto\">\u00a0Where form becomes ritual.<\/span><\/p>\n<ul>\n<li><strong><span dir=\"auto\">high-quality cast iron \u2013 <\/span><\/strong><span dir=\"auto\">\u00a0keeps tea warm for a long time without losing its flavor.<\/span><\/li>\n<li><strong><span dir=\"auto\">enamelled interior \u2013<\/span><\/strong><span dir=\"auto\">\u00a0\u00a0preserves flavor and prevents rust<\/span><\/li>\n<li><strong><span dir=\"auto\">Includes a fine-mesh stainless steel tea filter - <\/span><\/strong><span dir=\"auto\">\u00a0suitable for loose tea and herbs. The filter is dishwasher safe.<\/span><\/li>\n<li><strong><span dir=\"auto\">drip-free pouring <\/span><\/strong><span dir=\"auto\">\u00a0Spetsiaalselt vormitud tila tagab sujuva valamise ilma tilkumiseta.<\/span><\/li>\n<li><strong><span dir=\"auto\">ideal 1.2 liter capacity \u2013 <\/span><\/strong><span dir=\"auto\">\u00a0Makes 5-6 cups of tea. Perfect for quiet mornings or long, conversation-filled afternoons.<\/span><\/li>\n<\/ul>\n<p>Country of origin: Netherlands<\/p>\n<p><a href=\"https:\/\/kohvieri.ee\/en\/teekannud\/\">Read more about teapots<\/a><\/p>\n<div>\n<p>&nbsp;<\/p>\n<\/div>","protected":false},"featured_media":15188,"template":"","meta":{"_uag_custom_page_level_css":"","site-sidebar-layout":"no-sidebar","site-content-layout":"plain-container","ast-site-content-layout":"normal-width-container","site-content-style":"unboxed","site-sidebar-style":"unboxed","ast-global-header-display":"","ast-banner-title-visibility":"","ast-main-header-display":"","ast-hfb-above-header-display":"","ast-hfb-below-header-display":"","ast-hfb-mobile-header-display":"","site-post-title":"disabled","ast-breadcrumbs-content":"","ast-featured-img":"disabled","footer-sml-layout":"","ast-disable-related-posts":"","theme-transparent-header-meta":"default","adv-header-id-meta":"","stick-header-meta":"default","header-above-stick-meta":"","header-main-stick-meta":"","header-below-stick-meta":"","astra-migrate-meta-layouts":"set","ast-page-background-enabled":"default","ast-page-background-meta":{"desktop":{"background-color":"var(--ast-global-color-4)","background-image":"","background-repeat":"repeat","background-position":"center center","background-size":"auto","background-attachment":"scroll","background-type":"","background-media":"","overlay-type":"","overlay-color":"","overlay-opacity":"","overlay-gradient":""},"tablet":{"background-color":"","background-image":"","background-repeat":"repeat","background-position":"center center","background-size":"auto","background-attachment":"scroll","background-type":"","background-media":"","overlay-type":"","overlay-color":"","overlay-opacity":"","overlay-gradient":""},"mobile":{"background-color":"","background-image":"","background-repeat":"repeat","background-position":"center center","background-size":"auto","background-attachment":"scroll","background-type":"","background-media":"","overlay-type":"","overlay-color":"","overlay-opacity":"","overlay-gradient":""}},"ast-content-background-meta":{"desktop":{"background-color":"var(--ast-global-color-5)","background-image":"","background-repeat":"repeat","background-position":"center center","background-size":"auto","background-attachment":"scroll","background-type":"","background-media":"","overlay-type":"","overlay-color":"","overlay-opacity":"","overlay-gradient":""},"tablet":{"background-color":"var(--ast-global-color-5)","background-image":"","background-repeat":"repeat","background-position":"center center","background-size":"auto","background-attachment":"scroll","background-type":"","background-media":"","overlay-type":"","overlay-color":"","overlay-opacity":"","overlay-gradient":""},"mobile":{"background-color":"var(--ast-global-color-5)","background-image":"","background-repeat":"repeat","background-position":"center center","background-size":"auto","background-attachment":"scroll","background-type":"","background-media":"","overlay-type":"","overlay-color":"","overlay-opacity":"","overlay-gradient":""}}},"product_brand":[328],"product_cat":[49,15],"product_tag":[158],"class_list":{"0":"post-15186","1":"product","2":"type-product","3":"status-publish","4":"has-post-thumbnail","6":"product_brand-bredemeijer","7":"product_cat-tarvikud","8":"product_cat-teekannud","9":"product_tag-malm","10":"desktop-align-center","11":"tablet-align-left","12":"mobile-align-left","14":"first","15":"outofstock","16":"taxable","17":"shipping-taxable","18":"purchasable","19":"product-type-simple"},"yoast_head":"<!-- This site is optimized with the Yoast SEO plugin v27.3 - https:\/\/yoast.com\/product\/yoast-seo-wordpress\/ -->\n<title>Bredemeijer malmist teekann Sakura 1,2l pruun - Kohvieri<\/title>\n<meta name=\"description\" content=\"Bredemeijer malm teekannud sobivad ideaalselt mitmesuguste teesortide, nagu roheline, must v\u00f5i taimeteed, valmistamiseks.\" \/>\n<meta name=\"robots\" content=\"index, follow, max-snippet:-1, max-image-preview:large, max-video-preview:-1\" \/>\n<link rel=\"canonical\" href=\"https:\/\/kohvieri.ee\/en\/product\/bredemeijer-malmist-teekann-sakura-12l-pruun\/\" \/>\n<meta property=\"og:locale\" content=\"en_GB\" \/>\n<meta property=\"og:type\" content=\"article\" \/>\n<meta property=\"og:title\" content=\"Bredemeijer malmist teekann Sakura 1,2l pruun - Kohvieri\" \/>\n<meta property=\"og:description\" content=\"Bredemeijer malm teekannud sobivad ideaalselt mitmesuguste teesortide, nagu roheline, must v\u00f5i taimeteed, valmistamiseks.\" \/>\n<meta property=\"og:url\" content=\"https:\/\/kohvieri.ee\/en\/product\/bredemeijer-malmist-teekann-sakura-12l-pruun\/\" \/>\n<meta property=\"og:site_name\" content=\"Kohvieri\" \/>\n<meta property=\"article:publisher\" content=\"https:\/\/www.facebook.com\/kohvieri\" \/>\n<meta property=\"article:modified_time\" content=\"2026-04-08T18:37:29+00:00\" \/>\n<meta name=\"twitter:card\" content=\"summary_large_image\" \/>\n<meta name=\"twitter:label1\" content=\"Estimated reading time\" \/>\n\t<meta name=\"twitter:data1\" content=\"1 minute\" \/>\n<script type=\"application\/ld+json\" class=\"yoast-schema-graph\">{\"@context\":\"https:\\\/\\\/schema.org\",\"@graph\":[{\"@type\":\"WebPage\",\"@id\":\"https:\\\/\\\/kohvieri.ee\\\/product\\\/bredemeijer-malmist-teekann-sakura-12l-pruun\\\/\",\"url\":\"https:\\\/\\\/kohvieri.ee\\\/product\\\/bredemeijer-malmist-teekann-sakura-12l-pruun\\\/\",\"name\":\"Bredemeijer malmist teekann Sakura 1,2l pruun - Kohvieri\",\"isPartOf\":{\"@id\":\"https:\\\/\\\/kohvieri.ee\\\/et\\\/#website\"},\"primaryImageOfPage\":{\"@id\":\"https:\\\/\\\/kohvieri.ee\\\/product\\\/bredemeijer-malmist-teekann-sakura-12l-pruun\\\/#primaryimage\"},\"image\":{\"@id\":\"https:\\\/\\\/kohvieri.ee\\\/product\\\/bredemeijer-malmist-teekann-sakura-12l-pruun\\\/#primaryimage\"},\"thumbnailUrl\":\"https:\\\/\\\/kohvieri.ee\\\/wp-content\\\/uploads\\\/2025\\\/03\\\/Bredemeijer-malmist-teekann-Sakura-12l-pruun.avif\",\"datePublished\":\"2025-03-18T15:20:48+00:00\",\"dateModified\":\"2026-04-08T18:37:29+00:00\",\"description\":\"Bredemeijer malm teekannud sobivad ideaalselt mitmesuguste teesortide, nagu roheline, must v\u00f5i taimeteed, valmistamiseks.\",\"breadcrumb\":{\"@id\":\"https:\\\/\\\/kohvieri.ee\\\/product\\\/bredemeijer-malmist-teekann-sakura-12l-pruun\\\/#breadcrumb\"},\"inLanguage\":\"en-GB\",\"potentialAction\":[{\"@type\":\"ReadAction\",\"target\":[\"https:\\\/\\\/kohvieri.ee\\\/product\\\/bredemeijer-malmist-teekann-sakura-12l-pruun\\\/\"]}]},{\"@type\":\"ImageObject\",\"inLanguage\":\"en-GB\",\"@id\":\"https:\\\/\\\/kohvieri.ee\\\/product\\\/bredemeijer-malmist-teekann-sakura-12l-pruun\\\/#primaryimage\",\"url\":\"https:\\\/\\\/kohvieri.ee\\\/wp-content\\\/uploads\\\/2025\\\/03\\\/Bredemeijer-malmist-teekann-Sakura-12l-pruun.avif\",\"contentUrl\":\"https:\\\/\\\/kohvieri.ee\\\/wp-content\\\/uploads\\\/2025\\\/03\\\/Bredemeijer-malmist-teekann-Sakura-12l-pruun.avif\",\"width\":1080,\"height\":1080,\"caption\":\"Bredemeijer malmist teekann Sakura 1,2l pruun\"},{\"@type\":\"BreadcrumbList\",\"@id\":\"https:\\\/\\\/kohvieri.ee\\\/product\\\/bredemeijer-malmist-teekann-sakura-12l-pruun\\\/#breadcrumb\",\"itemListElement\":[{\"@type\":\"ListItem\",\"position\":1,\"name\":\"Home\",\"item\":\"https:\\\/\\\/kohvieri.ee\\\/et\\\/\"},{\"@type\":\"ListItem\",\"position\":2,\"name\":\"E-pood\",\"item\":\"https:\\\/\\\/kohvieri.ee\\\/et\\\/e-pood\\\/\"},{\"@type\":\"ListItem\",\"position\":3,\"name\":\"Bredemeijer malmist teekann Sakura 1,2l pruun\"}]},{\"@type\":\"WebSite\",\"@id\":\"https:\\\/\\\/kohvieri.ee\\\/et\\\/#website\",\"url\":\"https:\\\/\\\/kohvieri.ee\\\/et\\\/\",\"name\":\"Kohvieri\",\"description\":\"Kohvi - ja teepood\",\"publisher\":{\"@id\":\"https:\\\/\\\/kohvieri.ee\\\/et\\\/#organization\"},\"potentialAction\":[{\"@type\":\"SearchAction\",\"target\":{\"@type\":\"EntryPoint\",\"urlTemplate\":\"https:\\\/\\\/kohvieri.ee\\\/et\\\/?s={search_term_string}\"},\"query-input\":{\"@type\":\"PropertyValueSpecification\",\"valueRequired\":true,\"valueName\":\"search_term_string\"}}],\"inLanguage\":\"en-GB\"},{\"@type\":\"Organization\",\"@id\":\"https:\\\/\\\/kohvieri.ee\\\/et\\\/#organization\",\"name\":\"Kohvieri\",\"url\":\"https:\\\/\\\/kohvieri.ee\\\/et\\\/\",\"logo\":{\"@type\":\"ImageObject\",\"inLanguage\":\"en-GB\",\"@id\":\"https:\\\/\\\/kohvieri.ee\\\/et\\\/#\\\/schema\\\/logo\\\/image\\\/\",\"url\":\"https:\\\/\\\/kohvieri.ee\\\/wp-content\\\/uploads\\\/2023\\\/07\\\/07cd6507-9210-4922-a9ff-55a59759ce72-e1689614757153.png\",\"contentUrl\":\"https:\\\/\\\/kohvieri.ee\\\/wp-content\\\/uploads\\\/2023\\\/07\\\/07cd6507-9210-4922-a9ff-55a59759ce72-e1689614757153.png\",\"width\":945,\"height\":318,\"caption\":\" Kohvieri\"},\"image\":{\"@id\":\"https:\\\/\\\/kohvieri.ee\\\/et\\\/#\\\/schema\\\/logo\\\/image\\\/\"},\"sameAs\":[\"https:\\\/\\\/www.facebook.com\\\/kohvieri\",\"https:\\\/\\\/www.instagram.com\\\/kohvieripood\"]}]}<\/script>\n<!-- \/ Yoast SEO plugin. -->","yoast_head_json":{"title":"Bredemeijer malmist teekann Sakura 1,2l pruun - Kohvieri","description":"Bredemeijer malm teekannud sobivad ideaalselt mitmesuguste teesortide, nagu roheline, must v\u00f5i taimeteed, valmistamiseks.","robots":{"index":"index","follow":"follow","max-snippet":"max-snippet:-1","max-image-preview":"max-image-preview:large","max-video-preview":"max-video-preview:-1"},"canonical":"https:\/\/kohvieri.ee\/en\/product\/bredemeijer-malmist-teekann-sakura-12l-pruun\/","og_locale":"en_GB","og_type":"article","og_title":"Bredemeijer malmist teekann Sakura 1,2l pruun - Kohvieri","og_description":"Bredemeijer malm teekannud sobivad ideaalselt mitmesuguste teesortide, nagu roheline, must v\u00f5i taimeteed, valmistamiseks.","og_url":"https:\/\/kohvieri.ee\/en\/product\/bredemeijer-malmist-teekann-sakura-12l-pruun\/","og_site_name":"Kohvieri","article_publisher":"https:\/\/www.facebook.com\/kohvieri","article_modified_time":"2026-04-08T18:37:29+00:00","twitter_card":"summary_large_image","twitter_misc":{"Estimated reading time":"1 minute"},"schema":{"@context":"https:\/\/schema.org","@graph":[{"@type":"WebPage","@id":"https:\/\/kohvieri.ee\/product\/bredemeijer-malmist-teekann-sakura-12l-pruun\/","url":"https:\/\/kohvieri.ee\/product\/bredemeijer-malmist-teekann-sakura-12l-pruun\/","name":"Bredemeijer malmist teekann Sakura 1,2l pruun - Kohvieri","isPartOf":{"@id":"https:\/\/kohvieri.ee\/et\/#website"},"primaryImageOfPage":{"@id":"https:\/\/kohvieri.ee\/product\/bredemeijer-malmist-teekann-sakura-12l-pruun\/#primaryimage"},"image":{"@id":"https:\/\/kohvieri.ee\/product\/bredemeijer-malmist-teekann-sakura-12l-pruun\/#primaryimage"},"thumbnailUrl":"https:\/\/kohvieri.ee\/wp-content\/uploads\/2025\/03\/Bredemeijer-malmist-teekann-Sakura-12l-pruun.avif","datePublished":"2025-03-18T15:20:48+00:00","dateModified":"2026-04-08T18:37:29+00:00","description":"Bredemeijer malm teekannud sobivad ideaalselt mitmesuguste teesortide, nagu roheline, must v\u00f5i taimeteed, valmistamiseks.","breadcrumb":{"@id":"https:\/\/kohvieri.ee\/product\/bredemeijer-malmist-teekann-sakura-12l-pruun\/#breadcrumb"},"inLanguage":"en-GB","potentialAction":[{"@type":"ReadAction","target":["https:\/\/kohvieri.ee\/product\/bredemeijer-malmist-teekann-sakura-12l-pruun\/"]}]},{"@type":"ImageObject","inLanguage":"en-GB","@id":"https:\/\/kohvieri.ee\/product\/bredemeijer-malmist-teekann-sakura-12l-pruun\/#primaryimage","url":"https:\/\/kohvieri.ee\/wp-content\/uploads\/2025\/03\/Bredemeijer-malmist-teekann-Sakura-12l-pruun.avif","contentUrl":"https:\/\/kohvieri.ee\/wp-content\/uploads\/2025\/03\/Bredemeijer-malmist-teekann-Sakura-12l-pruun.avif","width":1080,"height":1080,"caption":"Bredemeijer malmist teekann Sakura 1,2l pruun"},{"@type":"BreadcrumbList","@id":"https:\/\/kohvieri.ee\/product\/bredemeijer-malmist-teekann-sakura-12l-pruun\/#breadcrumb","itemListElement":[{"@type":"ListItem","position":1,"name":"Home","item":"https:\/\/kohvieri.ee\/et\/"},{"@type":"ListItem","position":2,"name":"E-pood","item":"https:\/\/kohvieri.ee\/et\/e-pood\/"},{"@type":"ListItem","position":3,"name":"Bredemeijer malmist teekann Sakura 1,2l pruun"}]},{"@type":"WebSite","@id":"https:\/\/kohvieri.ee\/et\/#website","url":"https:\/\/kohvieri.ee\/et\/","name":"Kohvieri","description":"Kohvi - ja teepood","publisher":{"@id":"https:\/\/kohvieri.ee\/et\/#organization"},"potentialAction":[{"@type":"SearchAction","target":{"@type":"EntryPoint","urlTemplate":"https:\/\/kohvieri.ee\/et\/?s={search_term_string}"},"query-input":{"@type":"PropertyValueSpecification","valueRequired":true,"valueName":"search_term_string"}}],"inLanguage":"en-GB"},{"@type":"Organization","@id":"https:\/\/kohvieri.ee\/et\/#organization","name":"Kohvieri","url":"https:\/\/kohvieri.ee\/et\/","logo":{"@type":"ImageObject","inLanguage":"en-GB","@id":"https:\/\/kohvieri.ee\/et\/#\/schema\/logo\/image\/","url":"https:\/\/kohvieri.ee\/wp-content\/uploads\/2023\/07\/07cd6507-9210-4922-a9ff-55a59759ce72-e1689614757153.png","contentUrl":"https:\/\/kohvieri.ee\/wp-content\/uploads\/2023\/07\/07cd6507-9210-4922-a9ff-55a59759ce72-e1689614757153.png","width":945,"height":318,"caption":" Kohvieri"},"image":{"@id":"https:\/\/kohvieri.ee\/et\/#\/schema\/logo\/image\/"},"sameAs":["https:\/\/www.facebook.com\/kohvieri","https:\/\/www.instagram.com\/kohvieripood"]}]}},"uagb_featured_image_src":{"full":["https:\/\/kohvieri.ee\/wp-content\/uploads\/2025\/03\/Bredemeijer-malmist-teekann-Sakura-12l-pruun.avif",1080,1080,false],"thumbnail":["https:\/\/kohvieri.ee\/wp-content\/uploads\/2025\/03\/Bredemeijer-malmist-teekann-Sakura-12l-pruun-150x150.avif",150,150,true],"medium":["https:\/\/kohvieri.ee\/wp-content\/uploads\/2025\/03\/Bredemeijer-malmist-teekann-Sakura-12l-pruun-300x300.avif",300,300,true],"medium_large":["https:\/\/kohvieri.ee\/wp-content\/uploads\/2025\/03\/Bredemeijer-malmist-teekann-Sakura-12l-pruun-768x768.avif",768,768,true],"large":["https:\/\/kohvieri.ee\/wp-content\/uploads\/2025\/03\/Bredemeijer-malmist-teekann-Sakura-12l-pruun-1024x1024.avif",1024,1024,true],"1536x1536":["https:\/\/kohvieri.ee\/wp-content\/uploads\/2025\/03\/Bredemeijer-malmist-teekann-Sakura-12l-pruun.avif",1080,1080,false],"2048x2048":["https:\/\/kohvieri.ee\/wp-content\/uploads\/2025\/03\/Bredemeijer-malmist-teekann-Sakura-12l-pruun.avif",1080,1080,false],"trp-custom-language-flag":["https:\/\/kohvieri.ee\/wp-content\/uploads\/2025\/03\/Bredemeijer-malmist-teekann-Sakura-12l-pruun-12x12.png",12,12,true],"woocommerce_thumbnail":["https:\/\/kohvieri.ee\/wp-content\/uploads\/2025\/03\/Bredemeijer-malmist-teekann-Sakura-12l-pruun-300x300.avif",300,300,true],"woocommerce_single":["https:\/\/kohvieri.ee\/wp-content\/uploads\/2025\/03\/Bredemeijer-malmist-teekann-Sakura-12l-pruun-600x600.avif",600,600,true],"woocommerce_gallery_thumbnail":["https:\/\/kohvieri.ee\/wp-content\/uploads\/2025\/03\/Bredemeijer-malmist-teekann-Sakura-12l-pruun-100x100.avif",100,100,true]},"uagb_author_info":{"display_name":"Kohvieri","author_link":"https:\/\/kohvieri.ee\/en\/author\/"},"uagb_comment_info":0,"uagb_excerpt":"Sakura\u00a0teekann\u00a0\u00e4ratab ellu Jaapani teekultuuri olemuse \u2013 on rahulik, elegantne ja iga detaili suhtes t\u00e4helepanelik. Eristuv k\u00f5rge k\u00e4epide ja elegantne disain muudavad selle\u00a0malmist teekannu\u00a0silmatorkavaks ja rahustavaks. Kvaliteetsest malmist ja\u00a0emailitud\u00a0sisemusega\u00a0valmistatud\u00a0tee p\u00fcsib soojana ja s\u00e4ilitab oma t\u00e4ieliku maitse. Komplektis olev\u00a0roostevabast terasest peene v\u00f5rguga teefilter muudab lahtise tee valmistamise lihtsaks.\u00a01,2-liitrise\u00a0mahutavusega\u00a0Sakura sobib ideaalselt 5\u20136 tassi jaoks \u2013 piisavalt puhkuseks v\u00f5i&hellip;","jetpack_sharing_enabled":true,"_links":{"self":[{"href":"https:\/\/kohvieri.ee\/en\/wp-json\/wp\/v2\/product\/15186","targetHints":{"allow":["GET"]}}],"collection":[{"href":"https:\/\/kohvieri.ee\/en\/wp-json\/wp\/v2\/product"}],"about":[{"href":"https:\/\/kohvieri.ee\/en\/wp-json\/wp\/v2\/types\/product"}],"version-history":[{"count":2,"href":"https:\/\/kohvieri.ee\/en\/wp-json\/wp\/v2\/product\/15186\/revisions"}],"predecessor-version":[{"id":16826,"href":"https:\/\/kohvieri.ee\/en\/wp-json\/wp\/v2\/product\/15186\/revisions\/16826"}],"wp:featuredmedia":[{"embeddable":true,"href":"https:\/\/kohvieri.ee\/en\/wp-json\/wp\/v2\/media\/15188"}],"wp:attachment":[{"href":"https:\/\/kohvieri.ee\/en\/wp-json\/wp\/v2\/media?parent=15186"}],"wp:term":[{"taxonomy":"product_brand","embeddable":true,"href":"https:\/\/kohvieri.ee\/en\/wp-json\/wp\/v2\/product_brand?post=15186"},{"taxonomy":"product_cat","embeddable":true,"href":"https:\/\/kohvieri.ee\/en\/wp-json\/wp\/v2\/product_cat?post=15186"},{"taxonomy":"product_tag","embeddable":true,"href":"https:\/\/kohvieri.ee\/en\/wp-json\/wp\/v2\/product_tag?post=15186"}],"curies":[{"name":"wp","href":"https:\/\/api.w.org\/{rel}","templated":true}]}}