{"id":16283,"date":"2026-01-26T18:19:32","date_gmt":"2026-01-26T18:19:32","guid":{"rendered":"https:\/\/kohvieri.ee\/?post_type=product&#038;p=16283"},"modified":"2026-01-26T19:27:27","modified_gmt":"2026-01-26T19:27:27","slug":"weis-termospudel-kaanega-ja-joogifunktsiooniga-05l-tumehall","status":"publish","type":"product","link":"https:\/\/kohvieri.ee\/en\/product\/weis-termospudel-kaanega-ja-joogifunktsiooniga-05l-tumehall\/","title":{"rendered":"Weis thermos bottle with lid and drinking function 0.5l dark grey"},"content":{"rendered":"<div data-elementor-type=\"wp-post\" data-elementor-id=\"16283\" class=\"elementor elementor-16283\">\n\t\t\t\t<div class=\"elementor-element elementor-element-8006cfb e-flex e-con-boxed e-con e-parent\" data-id=\"8006cfb\" data-element_type=\"container\" data-e-type=\"container\">\n\t\t\t\t\t<div class=\"e-con-inner\">\n\t\t\t\t\t<\/div>\n\t\t\t\t<\/div>\n\t\t\t\t<\/div>","protected":false},"excerpt":{"rendered":"<ul>\n<li><span dir=\"auto\">stainless steel, double-walled<\/span><\/li>\n<li><span dir=\"auto\">\u00a0unique vacuum insulation \u2013 keeps drinks hot for up to 18 hours or cold for up to 24 hours<\/span><\/li>\n<li><span dir=\"auto\">\u00a0lid with carrying handle and integrated drinking and pouring system<\/span><\/li>\n<li><span dir=\"auto\">\u00a0high-quality stainless steel \u2013 tasteless, food-safe and shatterproof<\/span><\/li>\n<li><span style=\"font-size: 16px;\">\u00a0100% leak-proof thanks to the high-quality silicone seal on the lid<\/span><span dir=\"auto\">Note: Not suitable for carbonated drinks.<\/span><\/li>\n<\/ul>\n<ul>\n<li>length: 7,4cm<\/li>\n<li class=\"base-info--entry entry--width\">width: 7,4<span class=\"entry--content\">cm<\/span><\/li>\n<li class=\"base-info--entry entry--height\">height:\u00a0<span class=\"entry--content\">22,5cm<\/span><\/li>\n<\/ul>\n<p>Country of origin: Germany<\/p>\n<p><a href=\"https:\/\/kohvieri.ee\/en\/kohvikannud\/\">Read more about accessories<\/a><\/p>\n<div>\n<p>&nbsp;<\/p>\n<\/div>","protected":false},"featured_media":16284,"template":"","meta":{"_uag_custom_page_level_css":"","site-sidebar-layout":"no-sidebar","site-content-layout":"plain-container","ast-site-content-layout":"normal-width-container","site-content-style":"unboxed","site-sidebar-style":"unboxed","ast-global-header-display":"","ast-banner-title-visibility":"","ast-main-header-display":"","ast-hfb-above-header-display":"","ast-hfb-below-header-display":"","ast-hfb-mobile-header-display":"","site-post-title":"disabled","ast-breadcrumbs-content":"","ast-featured-img":"disabled","footer-sml-layout":"","ast-disable-related-posts":"","theme-transparent-header-meta":"default","adv-header-id-meta":"","stick-header-meta":"default","header-above-stick-meta":"","header-main-stick-meta":"","header-below-stick-meta":"","astra-migrate-meta-layouts":"set","ast-page-background-enabled":"default","ast-page-background-meta":{"desktop":{"background-color":"var(--ast-global-color-4)","background-image":"","background-repeat":"repeat","background-position":"center center","background-size":"auto","background-attachment":"scroll","background-type":"","background-media":"","overlay-type":"","overlay-color":"","overlay-opacity":"","overlay-gradient":""},"tablet":{"background-color":"","background-image":"","background-repeat":"repeat","background-position":"center center","background-size":"auto","background-attachment":"scroll","background-type":"","background-media":"","overlay-type":"","overlay-color":"","overlay-opacity":"","overlay-gradient":""},"mobile":{"background-color":"","background-image":"","background-repeat":"repeat","background-position":"center center","background-size":"auto","background-attachment":"scroll","background-type":"","background-media":"","overlay-type":"","overlay-color":"","overlay-opacity":"","overlay-gradient":""}},"ast-content-background-meta":{"desktop":{"background-color":"var(--ast-global-color-5)","background-image":"","background-repeat":"repeat","background-position":"center center","background-size":"auto","background-attachment":"scroll","background-type":"","background-media":"","overlay-type":"","overlay-color":"","overlay-opacity":"","overlay-gradient":""},"tablet":{"background-color":"var(--ast-global-color-5)","background-image":"","background-repeat":"repeat","background-position":"center center","background-size":"auto","background-attachment":"scroll","background-type":"","background-media":"","overlay-type":"","overlay-color":"","overlay-opacity":"","overlay-gradient":""},"mobile":{"background-color":"var(--ast-global-color-5)","background-image":"","background-repeat":"repeat","background-position":"center center","background-size":"auto","background-attachment":"scroll","background-type":"","background-media":"","overlay-type":"","overlay-color":"","overlay-opacity":"","overlay-gradient":""}}},"product_brand":[],"product_cat":[120,49],"product_tag":[149],"class_list":{"0":"post-16283","1":"product","2":"type-product","3":"status-publish","4":"has-post-thumbnail","6":"product_cat-muud-tarvikud","7":"product_cat-tarvikud","8":"product_tag-termos","9":"desktop-align-center","10":"tablet-align-left","11":"mobile-align-left","13":"first","14":"instock","15":"taxable","16":"shipping-taxable","17":"purchasable","18":"product-type-simple"},"yoast_head":"<!-- This site is optimized with the Yoast SEO plugin v27.5 - https:\/\/yoast.com\/product\/yoast-seo-wordpress\/ -->\n<title>Weis termospudel kaanega ja joogifunktsiooniga 0,5l tumehall - Kohvieri<\/title>\n<meta name=\"description\" content=\"Weis termospudel kaanega ja joogifunktsiooniga 0,5l tumehall, hoiab joogid kuumana kuni 18 tundi v\u00f5i k\u00fclmana kuni 24 tundi\" \/>\n<meta name=\"robots\" content=\"index, follow, max-snippet:-1, max-image-preview:large, max-video-preview:-1\" \/>\n<link rel=\"canonical\" href=\"https:\/\/kohvieri.ee\/en\/product\/weis-termospudel-kaanega-ja-joogifunktsiooniga-05l-tumehall\/\" \/>\n<meta property=\"og:locale\" content=\"en_GB\" \/>\n<meta property=\"og:type\" content=\"article\" \/>\n<meta property=\"og:title\" content=\"Weis termospudel kaanega ja joogifunktsiooniga 0,5l tumehall - Kohvieri\" \/>\n<meta property=\"og:description\" content=\"Weis termospudel kaanega ja joogifunktsiooniga 0,5l tumehall, hoiab joogid kuumana kuni 18 tundi v\u00f5i k\u00fclmana kuni 24 tundi\" \/>\n<meta property=\"og:url\" content=\"https:\/\/kohvieri.ee\/en\/product\/weis-termospudel-kaanega-ja-joogifunktsiooniga-05l-tumehall\/\" \/>\n<meta property=\"og:site_name\" content=\"Kohvieri\" \/>\n<meta property=\"article:publisher\" content=\"https:\/\/www.facebook.com\/kohvieri\" \/>\n<meta property=\"article:modified_time\" content=\"2026-01-26T19:27:27+00:00\" \/>\n<meta property=\"og:image\" content=\"https:\/\/kohvieri.ee\/wp-content\/uploads\/2026\/01\/12672_01_Trinkflasche_Karl_Weis_600x600@2x.jpg\" \/>\n\t<meta property=\"og:image:width\" content=\"1200\" \/>\n\t<meta property=\"og:image:height\" content=\"800\" \/>\n\t<meta property=\"og:image:type\" content=\"image\/jpeg\" \/>\n<meta name=\"twitter:card\" content=\"summary_large_image\" \/>\n<meta name=\"twitter:label1\" content=\"Estimated reading time\" \/>\n\t<meta name=\"twitter:data1\" content=\"1 minute\" \/>\n<script type=\"application\/ld+json\" class=\"yoast-schema-graph\">{\"@context\":\"https:\\\/\\\/schema.org\",\"@graph\":[{\"@type\":\"WebPage\",\"@id\":\"https:\\\/\\\/kohvieri.ee\\\/product\\\/weis-termospudel-kaanega-ja-joogifunktsiooniga-05l-tumehall\\\/\",\"url\":\"https:\\\/\\\/kohvieri.ee\\\/product\\\/weis-termospudel-kaanega-ja-joogifunktsiooniga-05l-tumehall\\\/\",\"name\":\"Weis termospudel kaanega ja joogifunktsiooniga 0,5l tumehall - Kohvieri\",\"isPartOf\":{\"@id\":\"https:\\\/\\\/kohvieri.ee\\\/et\\\/#website\"},\"primaryImageOfPage\":{\"@id\":\"https:\\\/\\\/kohvieri.ee\\\/product\\\/weis-termospudel-kaanega-ja-joogifunktsiooniga-05l-tumehall\\\/#primaryimage\"},\"image\":{\"@id\":\"https:\\\/\\\/kohvieri.ee\\\/product\\\/weis-termospudel-kaanega-ja-joogifunktsiooniga-05l-tumehall\\\/#primaryimage\"},\"thumbnailUrl\":\"https:\\\/\\\/kohvieri.ee\\\/wp-content\\\/uploads\\\/2026\\\/01\\\/12672_01_Trinkflasche_Karl_Weis_600x600@2x.jpg\",\"datePublished\":\"2026-01-26T18:19:32+00:00\",\"dateModified\":\"2026-01-26T19:27:27+00:00\",\"description\":\"Weis termospudel kaanega ja joogifunktsiooniga 0,5l tumehall, hoiab joogid kuumana kuni 18 tundi v\u00f5i k\u00fclmana kuni 24 tundi\",\"breadcrumb\":{\"@id\":\"https:\\\/\\\/kohvieri.ee\\\/product\\\/weis-termospudel-kaanega-ja-joogifunktsiooniga-05l-tumehall\\\/#breadcrumb\"},\"inLanguage\":\"en-GB\",\"potentialAction\":[{\"@type\":\"ReadAction\",\"target\":[\"https:\\\/\\\/kohvieri.ee\\\/product\\\/weis-termospudel-kaanega-ja-joogifunktsiooniga-05l-tumehall\\\/\"]}]},{\"@type\":\"ImageObject\",\"inLanguage\":\"en-GB\",\"@id\":\"https:\\\/\\\/kohvieri.ee\\\/product\\\/weis-termospudel-kaanega-ja-joogifunktsiooniga-05l-tumehall\\\/#primaryimage\",\"url\":\"https:\\\/\\\/kohvieri.ee\\\/wp-content\\\/uploads\\\/2026\\\/01\\\/12672_01_Trinkflasche_Karl_Weis_600x600@2x.jpg\",\"contentUrl\":\"https:\\\/\\\/kohvieri.ee\\\/wp-content\\\/uploads\\\/2026\\\/01\\\/12672_01_Trinkflasche_Karl_Weis_600x600@2x.jpg\",\"width\":1200,\"height\":800,\"caption\":\"Termospudel kaanega ja joogifunktsiooniga 0,5 L hall\"},{\"@type\":\"BreadcrumbList\",\"@id\":\"https:\\\/\\\/kohvieri.ee\\\/product\\\/weis-termospudel-kaanega-ja-joogifunktsiooniga-05l-tumehall\\\/#breadcrumb\",\"itemListElement\":[{\"@type\":\"ListItem\",\"position\":1,\"name\":\"Home\",\"item\":\"https:\\\/\\\/kohvieri.ee\\\/et\\\/\"},{\"@type\":\"ListItem\",\"position\":2,\"name\":\"E-pood\",\"item\":\"https:\\\/\\\/kohvieri.ee\\\/et\\\/e-pood\\\/\"},{\"@type\":\"ListItem\",\"position\":3,\"name\":\"Weis termospudel kaanega ja joogifunktsiooniga 0,5l tumehall\"}]},{\"@type\":\"WebSite\",\"@id\":\"https:\\\/\\\/kohvieri.ee\\\/et\\\/#website\",\"url\":\"https:\\\/\\\/kohvieri.ee\\\/et\\\/\",\"name\":\"Kohvieri\",\"description\":\"Kohvi - ja teepood\",\"publisher\":{\"@id\":\"https:\\\/\\\/kohvieri.ee\\\/et\\\/#organization\"},\"potentialAction\":[{\"@type\":\"SearchAction\",\"target\":{\"@type\":\"EntryPoint\",\"urlTemplate\":\"https:\\\/\\\/kohvieri.ee\\\/et\\\/?s={search_term_string}\"},\"query-input\":{\"@type\":\"PropertyValueSpecification\",\"valueRequired\":true,\"valueName\":\"search_term_string\"}}],\"inLanguage\":\"en-GB\"},{\"@type\":\"Organization\",\"@id\":\"https:\\\/\\\/kohvieri.ee\\\/et\\\/#organization\",\"name\":\"Kohvieri\",\"url\":\"https:\\\/\\\/kohvieri.ee\\\/et\\\/\",\"logo\":{\"@type\":\"ImageObject\",\"inLanguage\":\"en-GB\",\"@id\":\"https:\\\/\\\/kohvieri.ee\\\/et\\\/#\\\/schema\\\/logo\\\/image\\\/\",\"url\":\"https:\\\/\\\/kohvieri.ee\\\/wp-content\\\/uploads\\\/2023\\\/07\\\/07cd6507-9210-4922-a9ff-55a59759ce72-e1689614757153.png\",\"contentUrl\":\"https:\\\/\\\/kohvieri.ee\\\/wp-content\\\/uploads\\\/2023\\\/07\\\/07cd6507-9210-4922-a9ff-55a59759ce72-e1689614757153.png\",\"width\":945,\"height\":318,\"caption\":\" Kohvieri\"},\"image\":{\"@id\":\"https:\\\/\\\/kohvieri.ee\\\/et\\\/#\\\/schema\\\/logo\\\/image\\\/\"},\"sameAs\":[\"https:\\\/\\\/www.facebook.com\\\/kohvieri\",\"https:\\\/\\\/www.instagram.com\\\/kohvieripood\"]}]}<\/script>\n<!-- \/ Yoast SEO plugin. -->","yoast_head_json":{"title":"Weis termospudel kaanega ja joogifunktsiooniga 0,5l tumehall - Kohvieri","description":"Weis termospudel kaanega ja joogifunktsiooniga 0,5l tumehall, hoiab joogid kuumana kuni 18 tundi v\u00f5i k\u00fclmana kuni 24 tundi","robots":{"index":"index","follow":"follow","max-snippet":"max-snippet:-1","max-image-preview":"max-image-preview:large","max-video-preview":"max-video-preview:-1"},"canonical":"https:\/\/kohvieri.ee\/en\/product\/weis-termospudel-kaanega-ja-joogifunktsiooniga-05l-tumehall\/","og_locale":"en_GB","og_type":"article","og_title":"Weis termospudel kaanega ja joogifunktsiooniga 0,5l tumehall - Kohvieri","og_description":"Weis termospudel kaanega ja joogifunktsiooniga 0,5l tumehall, hoiab joogid kuumana kuni 18 tundi v\u00f5i k\u00fclmana kuni 24 tundi","og_url":"https:\/\/kohvieri.ee\/en\/product\/weis-termospudel-kaanega-ja-joogifunktsiooniga-05l-tumehall\/","og_site_name":"Kohvieri","article_publisher":"https:\/\/www.facebook.com\/kohvieri","article_modified_time":"2026-01-26T19:27:27+00:00","og_image":[{"width":1200,"height":800,"url":"https:\/\/kohvieri.ee\/wp-content\/uploads\/2026\/01\/12672_01_Trinkflasche_Karl_Weis_600x600@2x.jpg","type":"image\/jpeg"}],"twitter_card":"summary_large_image","twitter_misc":{"Estimated reading time":"1 minute"},"schema":{"@context":"https:\/\/schema.org","@graph":[{"@type":"WebPage","@id":"https:\/\/kohvieri.ee\/product\/weis-termospudel-kaanega-ja-joogifunktsiooniga-05l-tumehall\/","url":"https:\/\/kohvieri.ee\/product\/weis-termospudel-kaanega-ja-joogifunktsiooniga-05l-tumehall\/","name":"Weis termospudel kaanega ja joogifunktsiooniga 0,5l tumehall - Kohvieri","isPartOf":{"@id":"https:\/\/kohvieri.ee\/et\/#website"},"primaryImageOfPage":{"@id":"https:\/\/kohvieri.ee\/product\/weis-termospudel-kaanega-ja-joogifunktsiooniga-05l-tumehall\/#primaryimage"},"image":{"@id":"https:\/\/kohvieri.ee\/product\/weis-termospudel-kaanega-ja-joogifunktsiooniga-05l-tumehall\/#primaryimage"},"thumbnailUrl":"https:\/\/kohvieri.ee\/wp-content\/uploads\/2026\/01\/12672_01_Trinkflasche_Karl_Weis_600x600@2x.jpg","datePublished":"2026-01-26T18:19:32+00:00","dateModified":"2026-01-26T19:27:27+00:00","description":"Weis termospudel kaanega ja joogifunktsiooniga 0,5l tumehall, hoiab joogid kuumana kuni 18 tundi v\u00f5i k\u00fclmana kuni 24 tundi","breadcrumb":{"@id":"https:\/\/kohvieri.ee\/product\/weis-termospudel-kaanega-ja-joogifunktsiooniga-05l-tumehall\/#breadcrumb"},"inLanguage":"en-GB","potentialAction":[{"@type":"ReadAction","target":["https:\/\/kohvieri.ee\/product\/weis-termospudel-kaanega-ja-joogifunktsiooniga-05l-tumehall\/"]}]},{"@type":"ImageObject","inLanguage":"en-GB","@id":"https:\/\/kohvieri.ee\/product\/weis-termospudel-kaanega-ja-joogifunktsiooniga-05l-tumehall\/#primaryimage","url":"https:\/\/kohvieri.ee\/wp-content\/uploads\/2026\/01\/12672_01_Trinkflasche_Karl_Weis_600x600@2x.jpg","contentUrl":"https:\/\/kohvieri.ee\/wp-content\/uploads\/2026\/01\/12672_01_Trinkflasche_Karl_Weis_600x600@2x.jpg","width":1200,"height":800,"caption":"Termospudel kaanega ja joogifunktsiooniga 0,5 L hall"},{"@type":"BreadcrumbList","@id":"https:\/\/kohvieri.ee\/product\/weis-termospudel-kaanega-ja-joogifunktsiooniga-05l-tumehall\/#breadcrumb","itemListElement":[{"@type":"ListItem","position":1,"name":"Home","item":"https:\/\/kohvieri.ee\/et\/"},{"@type":"ListItem","position":2,"name":"E-pood","item":"https:\/\/kohvieri.ee\/et\/e-pood\/"},{"@type":"ListItem","position":3,"name":"Weis termospudel kaanega ja joogifunktsiooniga 0,5l tumehall"}]},{"@type":"WebSite","@id":"https:\/\/kohvieri.ee\/et\/#website","url":"https:\/\/kohvieri.ee\/et\/","name":"Kohvieri","description":"Kohvi - ja teepood","publisher":{"@id":"https:\/\/kohvieri.ee\/et\/#organization"},"potentialAction":[{"@type":"SearchAction","target":{"@type":"EntryPoint","urlTemplate":"https:\/\/kohvieri.ee\/et\/?s={search_term_string}"},"query-input":{"@type":"PropertyValueSpecification","valueRequired":true,"valueName":"search_term_string"}}],"inLanguage":"en-GB"},{"@type":"Organization","@id":"https:\/\/kohvieri.ee\/et\/#organization","name":"Kohvieri","url":"https:\/\/kohvieri.ee\/et\/","logo":{"@type":"ImageObject","inLanguage":"en-GB","@id":"https:\/\/kohvieri.ee\/et\/#\/schema\/logo\/image\/","url":"https:\/\/kohvieri.ee\/wp-content\/uploads\/2023\/07\/07cd6507-9210-4922-a9ff-55a59759ce72-e1689614757153.png","contentUrl":"https:\/\/kohvieri.ee\/wp-content\/uploads\/2023\/07\/07cd6507-9210-4922-a9ff-55a59759ce72-e1689614757153.png","width":945,"height":318,"caption":" Kohvieri"},"image":{"@id":"https:\/\/kohvieri.ee\/et\/#\/schema\/logo\/image\/"},"sameAs":["https:\/\/www.facebook.com\/kohvieri","https:\/\/www.instagram.com\/kohvieripood"]}]}},"uagb_featured_image_src":{"full":["https:\/\/kohvieri.ee\/wp-content\/uploads\/2026\/01\/12672_01_Trinkflasche_Karl_Weis_600x600@2x.jpg",1200,800,false],"thumbnail":["https:\/\/kohvieri.ee\/wp-content\/uploads\/2026\/01\/12672_01_Trinkflasche_Karl_Weis_600x600@2x-150x150.jpg",150,150,true],"medium":["https:\/\/kohvieri.ee\/wp-content\/uploads\/2026\/01\/12672_01_Trinkflasche_Karl_Weis_600x600@2x-300x200.jpg",300,200,true],"medium_large":["https:\/\/kohvieri.ee\/wp-content\/uploads\/2026\/01\/12672_01_Trinkflasche_Karl_Weis_600x600@2x-768x512.jpg",768,512,true],"large":["https:\/\/kohvieri.ee\/wp-content\/uploads\/2026\/01\/12672_01_Trinkflasche_Karl_Weis_600x600@2x-1024x683.jpg",1024,683,true],"1536x1536":["https:\/\/kohvieri.ee\/wp-content\/uploads\/2026\/01\/12672_01_Trinkflasche_Karl_Weis_600x600@2x.jpg",1200,800,false],"2048x2048":["https:\/\/kohvieri.ee\/wp-content\/uploads\/2026\/01\/12672_01_Trinkflasche_Karl_Weis_600x600@2x.jpg",1200,800,false],"trp-custom-language-flag":["https:\/\/kohvieri.ee\/wp-content\/uploads\/2026\/01\/12672_01_Trinkflasche_Karl_Weis_600x600@2x-18x12.jpg",18,12,true],"woocommerce_thumbnail":["https:\/\/kohvieri.ee\/wp-content\/uploads\/2026\/01\/12672_01_Trinkflasche_Karl_Weis_600x600@2x-300x300.jpg",300,300,true],"woocommerce_single":["https:\/\/kohvieri.ee\/wp-content\/uploads\/2026\/01\/12672_01_Trinkflasche_Karl_Weis_600x600@2x-600x400.jpg",600,400,true],"woocommerce_gallery_thumbnail":["https:\/\/kohvieri.ee\/wp-content\/uploads\/2026\/01\/12672_01_Trinkflasche_Karl_Weis_600x600@2x-100x100.jpg",100,100,true]},"uagb_author_info":{"display_name":"Kohvieri","author_link":"https:\/\/kohvieri.ee\/en\/author\/"},"uagb_comment_info":0,"uagb_excerpt":"roostevabast terasest, topeltseinaga \u00a0ainulaadne vaakumisolatsioon \u2013 hoiab joogid kuumana kuni 18 tundi v\u00f5i k\u00fclmana kuni 24 tundi \u00a0kaas kandek\u00e4epideme ja integreeritud joomise- ja valamiss\u00fcsteemiga \u00a0kvaliteetne roostevaba teras \u2013 maitsetu, toiduohutu ja purunemiskindel \u00a0100% lekkekindel t\u00e4nu kaane kvaliteetsele silikoontihendileM\u00e4rkus: ei sobi gaseeritud jookide jaoks. pikkus: 7,4cm laius: 7,4cm k\u00f5rgus:\u00a022,5cm P\u00e4ritolumaa: Saksamaa Loe rohkem tarvikutest &nbsp;","jetpack_sharing_enabled":true,"_links":{"self":[{"href":"https:\/\/kohvieri.ee\/en\/wp-json\/wp\/v2\/product\/16283","targetHints":{"allow":["GET"]}}],"collection":[{"href":"https:\/\/kohvieri.ee\/en\/wp-json\/wp\/v2\/product"}],"about":[{"href":"https:\/\/kohvieri.ee\/en\/wp-json\/wp\/v2\/types\/product"}],"version-history":[{"count":3,"href":"https:\/\/kohvieri.ee\/en\/wp-json\/wp\/v2\/product\/16283\/revisions"}],"predecessor-version":[{"id":16292,"href":"https:\/\/kohvieri.ee\/en\/wp-json\/wp\/v2\/product\/16283\/revisions\/16292"}],"wp:featuredmedia":[{"embeddable":true,"href":"https:\/\/kohvieri.ee\/en\/wp-json\/wp\/v2\/media\/16284"}],"wp:attachment":[{"href":"https:\/\/kohvieri.ee\/en\/wp-json\/wp\/v2\/media?parent=16283"}],"wp:term":[{"taxonomy":"product_brand","embeddable":true,"href":"https:\/\/kohvieri.ee\/en\/wp-json\/wp\/v2\/product_brand?post=16283"},{"taxonomy":"product_cat","embeddable":true,"href":"https:\/\/kohvieri.ee\/en\/wp-json\/wp\/v2\/product_cat?post=16283"},{"taxonomy":"product_tag","embeddable":true,"href":"https:\/\/kohvieri.ee\/en\/wp-json\/wp\/v2\/product_tag?post=16283"}],"curies":[{"name":"wp","href":"https:\/\/api.w.org\/{rel}","templated":true}]}}