{"id":16791,"date":"2026-04-07T16:07:35","date_gmt":"2026-04-07T16:07:35","guid":{"rendered":"https:\/\/kohvieri.ee\/?post_type=product&#038;p=16791"},"modified":"2026-04-07T16:29:28","modified_gmt":"2026-04-07T16:29:28","slug":"bredemeijer-malmist-teekann-guizhou-0-75l-must","status":"publish","type":"product","link":"https:\/\/kohvieri.ee\/en\/product\/bredemeijer-malmist-teekann-guizhou-0-75l-must\/","title":{"rendered":"Bredemeijer malmist teekann Guizhou 0.75l must"},"content":{"rendered":"<div data-elementor-type=\"wp-post\" data-elementor-id=\"16791\" class=\"elementor elementor-16791\">\n\t\t\t\t<div class=\"elementor-element elementor-element-8006cfb e-flex e-con-boxed e-con e-parent\" data-id=\"8006cfb\" data-element_type=\"container\" data-e-type=\"container\">\n\t\t\t\t\t<div class=\"e-con-inner\">\n\t\t\t\t\t<\/div>\n\t\t\t\t<\/div>\n\t\t\t\t<\/div>","protected":false},"excerpt":{"rendered":"<p><span dir=\"auto\">Minimalistlik vormilt, j\u00f5uline v\u00e4limuselt: see 0,75-liitrine mattmusta malmist teekann kehastab vaikset j\u00f5udu ja teadlikku lihtsust. \u00dcmar kuju koos nurga all oleva kaanega annab sellele teekannule erilise iseloomu. Olenemata sellest, kas naudite \u00fcksi pausi v\u00f5i jagate koos rahulikku hommikut, muudab see teekann tee t\u00e4helepanu rituaaliks.<\/span><br \/>\n<span dir=\"auto\">Komplektis on eemaldatav roostevabast terasest teefilter \u2013 peene v\u00f5rguga ja n\u00f5udepesumasinas pestav.<\/span><\/p>\n<p><strong><span dir=\"auto\">On aeg teed juua!<\/span><\/strong><\/p>\n<ul>\n<li><strong><span dir=\"auto\">minimalistlik zen-esteetika.<\/span><\/strong><br \/>\n<span dir=\"auto\">Sujuv must viimistlus pehmete \u00fcmarate joontega, mis loovad visuaalse rahu. Enam kui lihtsalt teekann: disainobjekt, mis toetab teie teadlikku eluviisi.<\/span><\/li>\n<li><strong><span dir=\"auto\">mahutavus 0,75 l<\/span><\/strong><br \/>\n<span dir=\"auto\">Ideaalne kolme kuni nelja tassi jaoks, pakkudes palju aega rahulikuks nautimiseks. See suurus kutsub aeglaselt lonksama.<\/span><\/li>\n<li><strong><span dir=\"auto\">Kvaliteetne malm.<\/span><\/strong><br \/>\n<span dir=\"auto\">Loodud suurep\u00e4raseks soojapidavuseks. Teie tee p\u00fcsib kauem soe.<\/span><\/li>\n<li><strong><span dir=\"auto\">Sisaldab roostevabast terasest teefiltrit.<\/span><\/strong><br \/>\n<span dir=\"auto\">Ideaalne lahtiste lehtedega tee jaoks. Lihtne t\u00e4ita, lihtne puhastada ja h\u00e4davajalik t\u00e4ieliku maitse saavutamiseks.<\/span><\/li>\n<li><strong><span dir=\"auto\">Loodud teadveloleku hetkedeks.<\/span><\/strong><br \/>\n<span dir=\"auto\">Neile, kes eelistavad kvaliteeti kvantiteedile, vaikust m\u00fcrale ja kohalolu j\u00f5udlusele.<\/span><\/li>\n<\/ul>\n<p><span style=\"font-size: 16px;\">Country of origin: Netherlands<\/span><\/p>\n<p><a href=\"https:\/\/kohvieri.ee\/en\/teekannud\/\">Read more about teapots<\/a><\/p>\n<div>\n<p>&nbsp;<\/p>\n<\/div>","protected":false},"featured_media":16794,"template":"","meta":{"_uag_custom_page_level_css":"","site-sidebar-layout":"no-sidebar","site-content-layout":"plain-container","ast-site-content-layout":"normal-width-container","site-content-style":"unboxed","site-sidebar-style":"unboxed","ast-global-header-display":"","ast-banner-title-visibility":"","ast-main-header-display":"","ast-hfb-above-header-display":"","ast-hfb-below-header-display":"","ast-hfb-mobile-header-display":"","site-post-title":"disabled","ast-breadcrumbs-content":"","ast-featured-img":"disabled","footer-sml-layout":"","ast-disable-related-posts":"","theme-transparent-header-meta":"default","adv-header-id-meta":"","stick-header-meta":"default","header-above-stick-meta":"","header-main-stick-meta":"","header-below-stick-meta":"","astra-migrate-meta-layouts":"set","ast-page-background-enabled":"default","ast-page-background-meta":{"desktop":{"background-color":"var(--ast-global-color-4)","background-image":"","background-repeat":"repeat","background-position":"center center","background-size":"auto","background-attachment":"scroll","background-type":"","background-media":"","overlay-type":"","overlay-color":"","overlay-opacity":"","overlay-gradient":""},"tablet":{"background-color":"","background-image":"","background-repeat":"repeat","background-position":"center center","background-size":"auto","background-attachment":"scroll","background-type":"","background-media":"","overlay-type":"","overlay-color":"","overlay-opacity":"","overlay-gradient":""},"mobile":{"background-color":"","background-image":"","background-repeat":"repeat","background-position":"center center","background-size":"auto","background-attachment":"scroll","background-type":"","background-media":"","overlay-type":"","overlay-color":"","overlay-opacity":"","overlay-gradient":""}},"ast-content-background-meta":{"desktop":{"background-color":"var(--ast-global-color-5)","background-image":"","background-repeat":"repeat","background-position":"center center","background-size":"auto","background-attachment":"scroll","background-type":"","background-media":"","overlay-type":"","overlay-color":"","overlay-opacity":"","overlay-gradient":""},"tablet":{"background-color":"var(--ast-global-color-5)","background-image":"","background-repeat":"repeat","background-position":"center center","background-size":"auto","background-attachment":"scroll","background-type":"","background-media":"","overlay-type":"","overlay-color":"","overlay-opacity":"","overlay-gradient":""},"mobile":{"background-color":"var(--ast-global-color-5)","background-image":"","background-repeat":"repeat","background-position":"center center","background-size":"auto","background-attachment":"scroll","background-type":"","background-media":"","overlay-type":"","overlay-color":"","overlay-opacity":"","overlay-gradient":""}}},"product_brand":[328],"product_cat":[49,15],"product_tag":[158],"class_list":{"0":"post-16791","1":"product","2":"type-product","3":"status-publish","4":"has-post-thumbnail","6":"product_brand-bredemeijer","7":"product_cat-tarvikud","8":"product_cat-teekannud","9":"product_tag-malm","10":"desktop-align-center","11":"tablet-align-left","12":"mobile-align-left","14":"first","15":"outofstock","16":"taxable","17":"shipping-taxable","18":"purchasable","19":"product-type-simple"},"yoast_head":"<!-- This site is optimized with the Yoast SEO plugin v27.3 - https:\/\/yoast.com\/product\/yoast-seo-wordpress\/ -->\n<title>Bredemeijer malmist teekann Guizhou 0.75l must - Kohvieri<\/title>\n<meta name=\"description\" content=\"Minimalistlik vormilt, j\u00f5uline v\u00e4limuselt: see 0,75-liitrine mattmusta malmist teekann kehastab vaikset j\u00f5udu ja teadlikku lihtsust.\" \/>\n<meta name=\"robots\" content=\"index, follow, max-snippet:-1, max-image-preview:large, max-video-preview:-1\" \/>\n<link rel=\"canonical\" href=\"https:\/\/kohvieri.ee\/en\/product\/bredemeijer-malmist-teekann-guizhou-0-75l-must\/\" \/>\n<meta property=\"og:locale\" content=\"en_GB\" \/>\n<meta property=\"og:type\" content=\"article\" \/>\n<meta property=\"og:title\" content=\"Bredemeijer malmist teekann Guizhou 0.75l must - Kohvieri\" \/>\n<meta property=\"og:description\" content=\"Minimalistlik vormilt, j\u00f5uline v\u00e4limuselt: see 0,75-liitrine mattmusta malmist teekann kehastab vaikset j\u00f5udu ja teadlikku lihtsust.\" \/>\n<meta property=\"og:url\" content=\"https:\/\/kohvieri.ee\/en\/product\/bredemeijer-malmist-teekann-guizhou-0-75l-must\/\" \/>\n<meta property=\"og:site_name\" content=\"Kohvieri\" \/>\n<meta property=\"article:publisher\" content=\"https:\/\/www.facebook.com\/kohvieri\" \/>\n<meta property=\"article:modified_time\" content=\"2026-04-07T16:29:28+00:00\" \/>\n<meta property=\"og:image\" content=\"https:\/\/kohvieri.ee\/wp-content\/uploads\/2026\/04\/Teekann-Guizhou.png\" \/>\n\t<meta property=\"og:image:width\" content=\"1080\" \/>\n\t<meta property=\"og:image:height\" content=\"1080\" \/>\n\t<meta property=\"og:image:type\" content=\"image\/png\" \/>\n<meta name=\"twitter:card\" content=\"summary_large_image\" \/>\n<meta name=\"twitter:label1\" content=\"Estimated reading time\" \/>\n\t<meta name=\"twitter:data1\" content=\"1 minute\" \/>\n<script type=\"application\/ld+json\" class=\"yoast-schema-graph\">{\"@context\":\"https:\\\/\\\/schema.org\",\"@graph\":[{\"@type\":\"WebPage\",\"@id\":\"https:\\\/\\\/kohvieri.ee\\\/product\\\/bredemeijer-malmist-teekann-guizhou-0-75l-must\\\/\",\"url\":\"https:\\\/\\\/kohvieri.ee\\\/product\\\/bredemeijer-malmist-teekann-guizhou-0-75l-must\\\/\",\"name\":\"Bredemeijer malmist teekann Guizhou 0.75l must - Kohvieri\",\"isPartOf\":{\"@id\":\"https:\\\/\\\/kohvieri.ee\\\/et\\\/#website\"},\"primaryImageOfPage\":{\"@id\":\"https:\\\/\\\/kohvieri.ee\\\/product\\\/bredemeijer-malmist-teekann-guizhou-0-75l-must\\\/#primaryimage\"},\"image\":{\"@id\":\"https:\\\/\\\/kohvieri.ee\\\/product\\\/bredemeijer-malmist-teekann-guizhou-0-75l-must\\\/#primaryimage\"},\"thumbnailUrl\":\"https:\\\/\\\/kohvieri.ee\\\/wp-content\\\/uploads\\\/2026\\\/04\\\/Teekann-Guizhou.png\",\"datePublished\":\"2026-04-07T16:07:35+00:00\",\"dateModified\":\"2026-04-07T16:29:28+00:00\",\"description\":\"Minimalistlik vormilt, j\u00f5uline v\u00e4limuselt: see 0,75-liitrine mattmusta malmist teekann kehastab vaikset j\u00f5udu ja teadlikku lihtsust.\",\"breadcrumb\":{\"@id\":\"https:\\\/\\\/kohvieri.ee\\\/product\\\/bredemeijer-malmist-teekann-guizhou-0-75l-must\\\/#breadcrumb\"},\"inLanguage\":\"en-GB\",\"potentialAction\":[{\"@type\":\"ReadAction\",\"target\":[\"https:\\\/\\\/kohvieri.ee\\\/product\\\/bredemeijer-malmist-teekann-guizhou-0-75l-must\\\/\"]}]},{\"@type\":\"ImageObject\",\"inLanguage\":\"en-GB\",\"@id\":\"https:\\\/\\\/kohvieri.ee\\\/product\\\/bredemeijer-malmist-teekann-guizhou-0-75l-must\\\/#primaryimage\",\"url\":\"https:\\\/\\\/kohvieri.ee\\\/wp-content\\\/uploads\\\/2026\\\/04\\\/Teekann-Guizhou.png\",\"contentUrl\":\"https:\\\/\\\/kohvieri.ee\\\/wp-content\\\/uploads\\\/2026\\\/04\\\/Teekann-Guizhou.png\",\"width\":1080,\"height\":1080,\"caption\":\"Bredemeijer malm teekann Guizhou 0.75l must\"},{\"@type\":\"BreadcrumbList\",\"@id\":\"https:\\\/\\\/kohvieri.ee\\\/product\\\/bredemeijer-malmist-teekann-guizhou-0-75l-must\\\/#breadcrumb\",\"itemListElement\":[{\"@type\":\"ListItem\",\"position\":1,\"name\":\"Home\",\"item\":\"https:\\\/\\\/kohvieri.ee\\\/et\\\/\"},{\"@type\":\"ListItem\",\"position\":2,\"name\":\"E-pood\",\"item\":\"https:\\\/\\\/kohvieri.ee\\\/et\\\/e-pood\\\/\"},{\"@type\":\"ListItem\",\"position\":3,\"name\":\"Bredemeijer malmist teekann Guizhou 0.75l must\"}]},{\"@type\":\"WebSite\",\"@id\":\"https:\\\/\\\/kohvieri.ee\\\/et\\\/#website\",\"url\":\"https:\\\/\\\/kohvieri.ee\\\/et\\\/\",\"name\":\"Kohvieri\",\"description\":\"Kohvi - ja teepood\",\"publisher\":{\"@id\":\"https:\\\/\\\/kohvieri.ee\\\/et\\\/#organization\"},\"potentialAction\":[{\"@type\":\"SearchAction\",\"target\":{\"@type\":\"EntryPoint\",\"urlTemplate\":\"https:\\\/\\\/kohvieri.ee\\\/et\\\/?s={search_term_string}\"},\"query-input\":{\"@type\":\"PropertyValueSpecification\",\"valueRequired\":true,\"valueName\":\"search_term_string\"}}],\"inLanguage\":\"en-GB\"},{\"@type\":\"Organization\",\"@id\":\"https:\\\/\\\/kohvieri.ee\\\/et\\\/#organization\",\"name\":\"Kohvieri\",\"url\":\"https:\\\/\\\/kohvieri.ee\\\/et\\\/\",\"logo\":{\"@type\":\"ImageObject\",\"inLanguage\":\"en-GB\",\"@id\":\"https:\\\/\\\/kohvieri.ee\\\/et\\\/#\\\/schema\\\/logo\\\/image\\\/\",\"url\":\"https:\\\/\\\/kohvieri.ee\\\/wp-content\\\/uploads\\\/2023\\\/07\\\/07cd6507-9210-4922-a9ff-55a59759ce72-e1689614757153.png\",\"contentUrl\":\"https:\\\/\\\/kohvieri.ee\\\/wp-content\\\/uploads\\\/2023\\\/07\\\/07cd6507-9210-4922-a9ff-55a59759ce72-e1689614757153.png\",\"width\":945,\"height\":318,\"caption\":\" Kohvieri\"},\"image\":{\"@id\":\"https:\\\/\\\/kohvieri.ee\\\/et\\\/#\\\/schema\\\/logo\\\/image\\\/\"},\"sameAs\":[\"https:\\\/\\\/www.facebook.com\\\/kohvieri\",\"https:\\\/\\\/www.instagram.com\\\/kohvieripood\"]}]}<\/script>\n<!-- \/ Yoast SEO plugin. -->","yoast_head_json":{"title":"Bredemeijer malmist teekann Guizhou 0.75l must - Kohvieri","description":"Minimalistlik vormilt, j\u00f5uline v\u00e4limuselt: see 0,75-liitrine mattmusta malmist teekann kehastab vaikset j\u00f5udu ja teadlikku lihtsust.","robots":{"index":"index","follow":"follow","max-snippet":"max-snippet:-1","max-image-preview":"max-image-preview:large","max-video-preview":"max-video-preview:-1"},"canonical":"https:\/\/kohvieri.ee\/en\/product\/bredemeijer-malmist-teekann-guizhou-0-75l-must\/","og_locale":"en_GB","og_type":"article","og_title":"Bredemeijer malmist teekann Guizhou 0.75l must - Kohvieri","og_description":"Minimalistlik vormilt, j\u00f5uline v\u00e4limuselt: see 0,75-liitrine mattmusta malmist teekann kehastab vaikset j\u00f5udu ja teadlikku lihtsust.","og_url":"https:\/\/kohvieri.ee\/en\/product\/bredemeijer-malmist-teekann-guizhou-0-75l-must\/","og_site_name":"Kohvieri","article_publisher":"https:\/\/www.facebook.com\/kohvieri","article_modified_time":"2026-04-07T16:29:28+00:00","og_image":[{"width":1080,"height":1080,"url":"https:\/\/kohvieri.ee\/wp-content\/uploads\/2026\/04\/Teekann-Guizhou.png","type":"image\/png"}],"twitter_card":"summary_large_image","twitter_misc":{"Estimated reading time":"1 minute"},"schema":{"@context":"https:\/\/schema.org","@graph":[{"@type":"WebPage","@id":"https:\/\/kohvieri.ee\/product\/bredemeijer-malmist-teekann-guizhou-0-75l-must\/","url":"https:\/\/kohvieri.ee\/product\/bredemeijer-malmist-teekann-guizhou-0-75l-must\/","name":"Bredemeijer malmist teekann Guizhou 0.75l must - Kohvieri","isPartOf":{"@id":"https:\/\/kohvieri.ee\/et\/#website"},"primaryImageOfPage":{"@id":"https:\/\/kohvieri.ee\/product\/bredemeijer-malmist-teekann-guizhou-0-75l-must\/#primaryimage"},"image":{"@id":"https:\/\/kohvieri.ee\/product\/bredemeijer-malmist-teekann-guizhou-0-75l-must\/#primaryimage"},"thumbnailUrl":"https:\/\/kohvieri.ee\/wp-content\/uploads\/2026\/04\/Teekann-Guizhou.png","datePublished":"2026-04-07T16:07:35+00:00","dateModified":"2026-04-07T16:29:28+00:00","description":"Minimalistlik vormilt, j\u00f5uline v\u00e4limuselt: see 0,75-liitrine mattmusta malmist teekann kehastab vaikset j\u00f5udu ja teadlikku lihtsust.","breadcrumb":{"@id":"https:\/\/kohvieri.ee\/product\/bredemeijer-malmist-teekann-guizhou-0-75l-must\/#breadcrumb"},"inLanguage":"en-GB","potentialAction":[{"@type":"ReadAction","target":["https:\/\/kohvieri.ee\/product\/bredemeijer-malmist-teekann-guizhou-0-75l-must\/"]}]},{"@type":"ImageObject","inLanguage":"en-GB","@id":"https:\/\/kohvieri.ee\/product\/bredemeijer-malmist-teekann-guizhou-0-75l-must\/#primaryimage","url":"https:\/\/kohvieri.ee\/wp-content\/uploads\/2026\/04\/Teekann-Guizhou.png","contentUrl":"https:\/\/kohvieri.ee\/wp-content\/uploads\/2026\/04\/Teekann-Guizhou.png","width":1080,"height":1080,"caption":"Bredemeijer malm teekann Guizhou 0.75l must"},{"@type":"BreadcrumbList","@id":"https:\/\/kohvieri.ee\/product\/bredemeijer-malmist-teekann-guizhou-0-75l-must\/#breadcrumb","itemListElement":[{"@type":"ListItem","position":1,"name":"Home","item":"https:\/\/kohvieri.ee\/et\/"},{"@type":"ListItem","position":2,"name":"E-pood","item":"https:\/\/kohvieri.ee\/et\/e-pood\/"},{"@type":"ListItem","position":3,"name":"Bredemeijer malmist teekann Guizhou 0.75l must"}]},{"@type":"WebSite","@id":"https:\/\/kohvieri.ee\/et\/#website","url":"https:\/\/kohvieri.ee\/et\/","name":"Kohvieri","description":"Kohvi - ja teepood","publisher":{"@id":"https:\/\/kohvieri.ee\/et\/#organization"},"potentialAction":[{"@type":"SearchAction","target":{"@type":"EntryPoint","urlTemplate":"https:\/\/kohvieri.ee\/et\/?s={search_term_string}"},"query-input":{"@type":"PropertyValueSpecification","valueRequired":true,"valueName":"search_term_string"}}],"inLanguage":"en-GB"},{"@type":"Organization","@id":"https:\/\/kohvieri.ee\/et\/#organization","name":"Kohvieri","url":"https:\/\/kohvieri.ee\/et\/","logo":{"@type":"ImageObject","inLanguage":"en-GB","@id":"https:\/\/kohvieri.ee\/et\/#\/schema\/logo\/image\/","url":"https:\/\/kohvieri.ee\/wp-content\/uploads\/2023\/07\/07cd6507-9210-4922-a9ff-55a59759ce72-e1689614757153.png","contentUrl":"https:\/\/kohvieri.ee\/wp-content\/uploads\/2023\/07\/07cd6507-9210-4922-a9ff-55a59759ce72-e1689614757153.png","width":945,"height":318,"caption":" Kohvieri"},"image":{"@id":"https:\/\/kohvieri.ee\/et\/#\/schema\/logo\/image\/"},"sameAs":["https:\/\/www.facebook.com\/kohvieri","https:\/\/www.instagram.com\/kohvieripood"]}]}},"uagb_featured_image_src":{"full":["https:\/\/kohvieri.ee\/wp-content\/uploads\/2026\/04\/Teekann-Guizhou.png",1080,1080,false],"thumbnail":["https:\/\/kohvieri.ee\/wp-content\/uploads\/2026\/04\/Teekann-Guizhou-150x150.png",150,150,true],"medium":["https:\/\/kohvieri.ee\/wp-content\/uploads\/2026\/04\/Teekann-Guizhou-300x300.png",300,300,true],"medium_large":["https:\/\/kohvieri.ee\/wp-content\/uploads\/2026\/04\/Teekann-Guizhou-768x768.png",768,768,true],"large":["https:\/\/kohvieri.ee\/wp-content\/uploads\/2026\/04\/Teekann-Guizhou-1024x1024.png",1024,1024,true],"1536x1536":["https:\/\/kohvieri.ee\/wp-content\/uploads\/2026\/04\/Teekann-Guizhou.png",1080,1080,false],"2048x2048":["https:\/\/kohvieri.ee\/wp-content\/uploads\/2026\/04\/Teekann-Guizhou.png",1080,1080,false],"trp-custom-language-flag":["https:\/\/kohvieri.ee\/wp-content\/uploads\/2026\/04\/Teekann-Guizhou-12x12.png",12,12,true],"woocommerce_thumbnail":["https:\/\/kohvieri.ee\/wp-content\/uploads\/2026\/04\/Teekann-Guizhou-300x300.png",300,300,true],"woocommerce_single":["https:\/\/kohvieri.ee\/wp-content\/uploads\/2026\/04\/Teekann-Guizhou-600x600.png",600,600,true],"woocommerce_gallery_thumbnail":["https:\/\/kohvieri.ee\/wp-content\/uploads\/2026\/04\/Teekann-Guizhou-100x100.png",100,100,true]},"uagb_author_info":{"display_name":"Kohvieri","author_link":"https:\/\/kohvieri.ee\/en\/author\/"},"uagb_comment_info":0,"uagb_excerpt":"Minimalistlik vormilt, j\u00f5uline v\u00e4limuselt: see 0,75-liitrine mattmusta malmist teekann kehastab vaikset j\u00f5udu ja teadlikku lihtsust. \u00dcmar kuju koos nurga all oleva kaanega annab sellele teekannule erilise iseloomu. Olenemata sellest, kas naudite \u00fcksi pausi v\u00f5i jagate koos rahulikku hommikut, muudab see teekann tee t\u00e4helepanu rituaaliks. Komplektis on eemaldatav roostevabast terasest teefilter \u2013 peene v\u00f5rguga ja n\u00f5udepesumasinas&hellip;","jetpack_sharing_enabled":true,"_links":{"self":[{"href":"https:\/\/kohvieri.ee\/en\/wp-json\/wp\/v2\/product\/16791","targetHints":{"allow":["GET"]}}],"collection":[{"href":"https:\/\/kohvieri.ee\/en\/wp-json\/wp\/v2\/product"}],"about":[{"href":"https:\/\/kohvieri.ee\/en\/wp-json\/wp\/v2\/types\/product"}],"version-history":[{"count":3,"href":"https:\/\/kohvieri.ee\/en\/wp-json\/wp\/v2\/product\/16791\/revisions"}],"predecessor-version":[{"id":16802,"href":"https:\/\/kohvieri.ee\/en\/wp-json\/wp\/v2\/product\/16791\/revisions\/16802"}],"wp:featuredmedia":[{"embeddable":true,"href":"https:\/\/kohvieri.ee\/en\/wp-json\/wp\/v2\/media\/16794"}],"wp:attachment":[{"href":"https:\/\/kohvieri.ee\/en\/wp-json\/wp\/v2\/media?parent=16791"}],"wp:term":[{"taxonomy":"product_brand","embeddable":true,"href":"https:\/\/kohvieri.ee\/en\/wp-json\/wp\/v2\/product_brand?post=16791"},{"taxonomy":"product_cat","embeddable":true,"href":"https:\/\/kohvieri.ee\/en\/wp-json\/wp\/v2\/product_cat?post=16791"},{"taxonomy":"product_tag","embeddable":true,"href":"https:\/\/kohvieri.ee\/en\/wp-json\/wp\/v2\/product_tag?post=16791"}],"curies":[{"name":"wp","href":"https:\/\/api.w.org\/{rel}","templated":true}]}}