{"id":16817,"date":"2026-04-08T10:03:44","date_gmt":"2026-04-08T10:03:44","guid":{"rendered":"https:\/\/kohvieri.ee\/?post_type=product&#038;p=16817"},"modified":"2026-04-08T10:57:33","modified_gmt":"2026-04-08T10:57:33","slug":"bredemeijer-malmist-teekann-sichuan-1l-sampanja","status":"publish","type":"product","link":"https:\/\/kohvieri.ee\/en\/product\/bredemeijer-malmist-teekann-sichuan-1l-sampanja\/","title":{"rendered":"Bredemeijer cast iron teapot Sichuan 1L champagne"},"content":{"rendered":"<div data-elementor-type=\"wp-post\" data-elementor-id=\"16817\" class=\"elementor elementor-16817\">\n\t\t\t\t<div class=\"elementor-element elementor-element-8006cfb e-flex e-con-boxed e-con e-parent\" data-id=\"8006cfb\" data-element_type=\"container\" data-e-type=\"container\">\n\t\t\t\t\t<div class=\"e-con-inner\">\n\t\t\t\t\t<\/div>\n\t\t\t\t<\/div>\n\t\t\t\t<\/div>","protected":false},"excerpt":{"rendered":"<p><span dir=\"auto\">The Sichuan teapot exudes peace and luxury at first glance. The distinctive texture combined with a striking gold handle makes this cast iron teapot a unique showpiece for any tea lover. Inspired by traditional Japanese tea ceremonies, but with a modern twist.<\/span><\/p>\n<p><span dir=\"auto\">The high-quality cast iron exterior retains heat, while the enamel interior preserves the pure taste of your tea and prevents rusting. Enjoy your loose tea or herbs at their best thanks to the included fine-mesh stainless steel tea filter. The 1-liter teapot is ideal for 5 cups of pure relaxation.<\/span><\/p>\n<p><strong><span dir=\"auto\">It's time to drink tea.<\/span><\/strong><span dir=\"auto\">\u00a0Where peace shines, connection is created.<\/span><\/p>\n<ul>\n<li><strong><span dir=\"auto\">High-quality cast iron with a unique Japanese design<\/span><\/strong><span dir=\"auto\">\u00a0\u2013 keeps tea warm for a long time without losing its flavor. The elegant shape with a characteristic texture adds an oriental atmosphere to your interior.<\/span><\/li>\n<li><strong><span dir=\"auto\">enamelled interior<\/span><\/strong><span dir=\"auto\">\u00a0\u2013 preserves flavor and prevents rust<\/span><\/li>\n<li><strong><span dir=\"auto\">Includes a fine-mesh stainless steel tea filter<\/span><\/strong><span dir=\"auto\">\u00a0\u2013 suitable for loose tea and herbs. The filter is dishwasher safe.<\/span><\/li>\n<li><strong><span dir=\"auto\">drip-free pouring<\/span><\/strong><span dir=\"auto\">\u00a0\u2013 Specially designed spout ensures comfortable pouring without dripping<\/span><\/li>\n<li><strong><span dir=\"auto\">capacity 1 liter<\/span><\/strong><span dir=\"auto\">\u00a0\u2013 Enough for 5 cups of tea. Perfect for shared moments or quiet mornings alone.<\/span><\/li>\n<\/ul>\n<p>&nbsp;<\/p>\n<ul>\n<li><span style=\"font-size: 16px;\">Country of origin: Netherlands<\/span><\/li>\n<\/ul>\n<p><a href=\"https:\/\/kohvieri.ee\/en\/teekannud\/\">Read more about teapots<\/a><\/p>\n<div>\n<p>&nbsp;<\/p>\n<\/div>","protected":false},"featured_media":16818,"template":"","meta":{"_uag_custom_page_level_css":"","site-sidebar-layout":"no-sidebar","site-content-layout":"plain-container","ast-site-content-layout":"normal-width-container","site-content-style":"unboxed","site-sidebar-style":"unboxed","ast-global-header-display":"","ast-banner-title-visibility":"","ast-main-header-display":"","ast-hfb-above-header-display":"","ast-hfb-below-header-display":"","ast-hfb-mobile-header-display":"","site-post-title":"disabled","ast-breadcrumbs-content":"","ast-featured-img":"disabled","footer-sml-layout":"","ast-disable-related-posts":"","theme-transparent-header-meta":"default","adv-header-id-meta":"","stick-header-meta":"default","header-above-stick-meta":"","header-main-stick-meta":"","header-below-stick-meta":"","astra-migrate-meta-layouts":"set","ast-page-background-enabled":"default","ast-page-background-meta":{"desktop":{"background-color":"var(--ast-global-color-4)","background-image":"","background-repeat":"repeat","background-position":"center center","background-size":"auto","background-attachment":"scroll","background-type":"","background-media":"","overlay-type":"","overlay-color":"","overlay-opacity":"","overlay-gradient":""},"tablet":{"background-color":"","background-image":"","background-repeat":"repeat","background-position":"center center","background-size":"auto","background-attachment":"scroll","background-type":"","background-media":"","overlay-type":"","overlay-color":"","overlay-opacity":"","overlay-gradient":""},"mobile":{"background-color":"","background-image":"","background-repeat":"repeat","background-position":"center center","background-size":"auto","background-attachment":"scroll","background-type":"","background-media":"","overlay-type":"","overlay-color":"","overlay-opacity":"","overlay-gradient":""}},"ast-content-background-meta":{"desktop":{"background-color":"var(--ast-global-color-5)","background-image":"","background-repeat":"repeat","background-position":"center center","background-size":"auto","background-attachment":"scroll","background-type":"","background-media":"","overlay-type":"","overlay-color":"","overlay-opacity":"","overlay-gradient":""},"tablet":{"background-color":"var(--ast-global-color-5)","background-image":"","background-repeat":"repeat","background-position":"center center","background-size":"auto","background-attachment":"scroll","background-type":"","background-media":"","overlay-type":"","overlay-color":"","overlay-opacity":"","overlay-gradient":""},"mobile":{"background-color":"var(--ast-global-color-5)","background-image":"","background-repeat":"repeat","background-position":"center center","background-size":"auto","background-attachment":"scroll","background-type":"","background-media":"","overlay-type":"","overlay-color":"","overlay-opacity":"","overlay-gradient":""}}},"product_brand":[],"product_cat":[49,15],"product_tag":[164,158],"class_list":{"0":"post-16817","1":"product","2":"type-product","3":"status-publish","4":"has-post-thumbnail","6":"product_cat-tarvikud","7":"product_cat-teekannud","8":"product_tag-komplekt","9":"product_tag-malm","10":"desktop-align-center","11":"tablet-align-left","12":"mobile-align-left","14":"first","15":"outofstock","16":"taxable","17":"shipping-taxable","18":"purchasable","19":"product-type-simple"},"yoast_head":"<!-- This site is optimized with the Yoast SEO plugin v27.3 - https:\/\/yoast.com\/product\/yoast-seo-wordpress\/ -->\n<title>Bredemeijer malmist teekann Sichuan 1L \u0161ampanja - Kohvieri<\/title>\n<meta name=\"description\" content=\"Sichuani teekann kiirgab esmapilgul rahu ja luksust. Eristuv tekstuur koos silmatorkava kuldse k\u00e4epidemega. Kvaliteetne malmist v\u00e4lispind hoiab soojust.\" \/>\n<meta name=\"robots\" content=\"index, follow, max-snippet:-1, max-image-preview:large, max-video-preview:-1\" \/>\n<link rel=\"canonical\" href=\"https:\/\/kohvieri.ee\/en\/product\/bredemeijer-malmist-teekann-sichuan-1l-sampanja\/\" \/>\n<meta property=\"og:locale\" content=\"en_GB\" \/>\n<meta property=\"og:type\" content=\"article\" \/>\n<meta property=\"og:title\" content=\"Bredemeijer malmist teekann Sichuan 1L \u0161ampanja - Kohvieri\" \/>\n<meta property=\"og:description\" content=\"Sichuani teekann kiirgab esmapilgul rahu ja luksust. Eristuv tekstuur koos silmatorkava kuldse k\u00e4epidemega. Kvaliteetne malmist v\u00e4lispind hoiab soojust.\" \/>\n<meta property=\"og:url\" content=\"https:\/\/kohvieri.ee\/en\/product\/bredemeijer-malmist-teekann-sichuan-1l-sampanja\/\" \/>\n<meta property=\"og:site_name\" content=\"Kohvieri\" \/>\n<meta property=\"article:publisher\" content=\"https:\/\/www.facebook.com\/kohvieri\" \/>\n<meta property=\"article:modified_time\" content=\"2026-04-08T10:57:33+00:00\" \/>\n<meta property=\"og:image\" content=\"https:\/\/kohvieri.ee\/wp-content\/uploads\/2026\/04\/sampanja.png\" \/>\n\t<meta property=\"og:image:width\" content=\"1080\" \/>\n\t<meta property=\"og:image:height\" content=\"1080\" \/>\n\t<meta property=\"og:image:type\" content=\"image\/png\" \/>\n<meta name=\"twitter:card\" content=\"summary_large_image\" \/>\n<meta name=\"twitter:label1\" content=\"Estimated reading time\" \/>\n\t<meta name=\"twitter:data1\" content=\"1 minute\" \/>\n<script type=\"application\/ld+json\" class=\"yoast-schema-graph\">{\"@context\":\"https:\\\/\\\/schema.org\",\"@graph\":[{\"@type\":\"WebPage\",\"@id\":\"https:\\\/\\\/kohvieri.ee\\\/product\\\/bredemeijer-malmist-teekann-sichuan-1l-sampanja\\\/\",\"url\":\"https:\\\/\\\/kohvieri.ee\\\/product\\\/bredemeijer-malmist-teekann-sichuan-1l-sampanja\\\/\",\"name\":\"Bredemeijer malmist teekann Sichuan 1L \u0161ampanja - Kohvieri\",\"isPartOf\":{\"@id\":\"https:\\\/\\\/kohvieri.ee\\\/et\\\/#website\"},\"primaryImageOfPage\":{\"@id\":\"https:\\\/\\\/kohvieri.ee\\\/product\\\/bredemeijer-malmist-teekann-sichuan-1l-sampanja\\\/#primaryimage\"},\"image\":{\"@id\":\"https:\\\/\\\/kohvieri.ee\\\/product\\\/bredemeijer-malmist-teekann-sichuan-1l-sampanja\\\/#primaryimage\"},\"thumbnailUrl\":\"https:\\\/\\\/kohvieri.ee\\\/wp-content\\\/uploads\\\/2026\\\/04\\\/sampanja.png\",\"datePublished\":\"2026-04-08T10:03:44+00:00\",\"dateModified\":\"2026-04-08T10:57:33+00:00\",\"description\":\"Sichuani teekann kiirgab esmapilgul rahu ja luksust. Eristuv tekstuur koos silmatorkava kuldse k\u00e4epidemega. Kvaliteetne malmist v\u00e4lispind hoiab soojust.\",\"breadcrumb\":{\"@id\":\"https:\\\/\\\/kohvieri.ee\\\/product\\\/bredemeijer-malmist-teekann-sichuan-1l-sampanja\\\/#breadcrumb\"},\"inLanguage\":\"en-GB\",\"potentialAction\":[{\"@type\":\"ReadAction\",\"target\":[\"https:\\\/\\\/kohvieri.ee\\\/product\\\/bredemeijer-malmist-teekann-sichuan-1l-sampanja\\\/\"]}]},{\"@type\":\"ImageObject\",\"inLanguage\":\"en-GB\",\"@id\":\"https:\\\/\\\/kohvieri.ee\\\/product\\\/bredemeijer-malmist-teekann-sichuan-1l-sampanja\\\/#primaryimage\",\"url\":\"https:\\\/\\\/kohvieri.ee\\\/wp-content\\\/uploads\\\/2026\\\/04\\\/sampanja.png\",\"contentUrl\":\"https:\\\/\\\/kohvieri.ee\\\/wp-content\\\/uploads\\\/2026\\\/04\\\/sampanja.png\",\"width\":1080,\"height\":1080,\"caption\":\"Bredemeijer malmist teekann Sichuan 1L \u0161ampanja\"},{\"@type\":\"BreadcrumbList\",\"@id\":\"https:\\\/\\\/kohvieri.ee\\\/product\\\/bredemeijer-malmist-teekann-sichuan-1l-sampanja\\\/#breadcrumb\",\"itemListElement\":[{\"@type\":\"ListItem\",\"position\":1,\"name\":\"Home\",\"item\":\"https:\\\/\\\/kohvieri.ee\\\/et\\\/\"},{\"@type\":\"ListItem\",\"position\":2,\"name\":\"E-pood\",\"item\":\"https:\\\/\\\/kohvieri.ee\\\/et\\\/e-pood\\\/\"},{\"@type\":\"ListItem\",\"position\":3,\"name\":\"Bredemeijer malmist teekann Sichuan 1L \u0161ampanja\"}]},{\"@type\":\"WebSite\",\"@id\":\"https:\\\/\\\/kohvieri.ee\\\/et\\\/#website\",\"url\":\"https:\\\/\\\/kohvieri.ee\\\/et\\\/\",\"name\":\"Kohvieri\",\"description\":\"Kohvi - ja teepood\",\"publisher\":{\"@id\":\"https:\\\/\\\/kohvieri.ee\\\/et\\\/#organization\"},\"potentialAction\":[{\"@type\":\"SearchAction\",\"target\":{\"@type\":\"EntryPoint\",\"urlTemplate\":\"https:\\\/\\\/kohvieri.ee\\\/et\\\/?s={search_term_string}\"},\"query-input\":{\"@type\":\"PropertyValueSpecification\",\"valueRequired\":true,\"valueName\":\"search_term_string\"}}],\"inLanguage\":\"en-GB\"},{\"@type\":\"Organization\",\"@id\":\"https:\\\/\\\/kohvieri.ee\\\/et\\\/#organization\",\"name\":\"Kohvieri\",\"url\":\"https:\\\/\\\/kohvieri.ee\\\/et\\\/\",\"logo\":{\"@type\":\"ImageObject\",\"inLanguage\":\"en-GB\",\"@id\":\"https:\\\/\\\/kohvieri.ee\\\/et\\\/#\\\/schema\\\/logo\\\/image\\\/\",\"url\":\"https:\\\/\\\/kohvieri.ee\\\/wp-content\\\/uploads\\\/2023\\\/07\\\/07cd6507-9210-4922-a9ff-55a59759ce72-e1689614757153.png\",\"contentUrl\":\"https:\\\/\\\/kohvieri.ee\\\/wp-content\\\/uploads\\\/2023\\\/07\\\/07cd6507-9210-4922-a9ff-55a59759ce72-e1689614757153.png\",\"width\":945,\"height\":318,\"caption\":\" Kohvieri\"},\"image\":{\"@id\":\"https:\\\/\\\/kohvieri.ee\\\/et\\\/#\\\/schema\\\/logo\\\/image\\\/\"},\"sameAs\":[\"https:\\\/\\\/www.facebook.com\\\/kohvieri\",\"https:\\\/\\\/www.instagram.com\\\/kohvieripood\"]}]}<\/script>\n<!-- \/ Yoast SEO plugin. -->","yoast_head_json":{"title":"Bredemeijer malmist teekann Sichuan 1L \u0161ampanja - Kohvieri","description":"Sichuani teekann kiirgab esmapilgul rahu ja luksust. Eristuv tekstuur koos silmatorkava kuldse k\u00e4epidemega. Kvaliteetne malmist v\u00e4lispind hoiab soojust.","robots":{"index":"index","follow":"follow","max-snippet":"max-snippet:-1","max-image-preview":"max-image-preview:large","max-video-preview":"max-video-preview:-1"},"canonical":"https:\/\/kohvieri.ee\/en\/product\/bredemeijer-malmist-teekann-sichuan-1l-sampanja\/","og_locale":"en_GB","og_type":"article","og_title":"Bredemeijer malmist teekann Sichuan 1L \u0161ampanja - Kohvieri","og_description":"Sichuani teekann kiirgab esmapilgul rahu ja luksust. Eristuv tekstuur koos silmatorkava kuldse k\u00e4epidemega. Kvaliteetne malmist v\u00e4lispind hoiab soojust.","og_url":"https:\/\/kohvieri.ee\/en\/product\/bredemeijer-malmist-teekann-sichuan-1l-sampanja\/","og_site_name":"Kohvieri","article_publisher":"https:\/\/www.facebook.com\/kohvieri","article_modified_time":"2026-04-08T10:57:33+00:00","og_image":[{"width":1080,"height":1080,"url":"https:\/\/kohvieri.ee\/wp-content\/uploads\/2026\/04\/sampanja.png","type":"image\/png"}],"twitter_card":"summary_large_image","twitter_misc":{"Estimated reading time":"1 minute"},"schema":{"@context":"https:\/\/schema.org","@graph":[{"@type":"WebPage","@id":"https:\/\/kohvieri.ee\/product\/bredemeijer-malmist-teekann-sichuan-1l-sampanja\/","url":"https:\/\/kohvieri.ee\/product\/bredemeijer-malmist-teekann-sichuan-1l-sampanja\/","name":"Bredemeijer malmist teekann Sichuan 1L \u0161ampanja - Kohvieri","isPartOf":{"@id":"https:\/\/kohvieri.ee\/et\/#website"},"primaryImageOfPage":{"@id":"https:\/\/kohvieri.ee\/product\/bredemeijer-malmist-teekann-sichuan-1l-sampanja\/#primaryimage"},"image":{"@id":"https:\/\/kohvieri.ee\/product\/bredemeijer-malmist-teekann-sichuan-1l-sampanja\/#primaryimage"},"thumbnailUrl":"https:\/\/kohvieri.ee\/wp-content\/uploads\/2026\/04\/sampanja.png","datePublished":"2026-04-08T10:03:44+00:00","dateModified":"2026-04-08T10:57:33+00:00","description":"Sichuani teekann kiirgab esmapilgul rahu ja luksust. Eristuv tekstuur koos silmatorkava kuldse k\u00e4epidemega. Kvaliteetne malmist v\u00e4lispind hoiab soojust.","breadcrumb":{"@id":"https:\/\/kohvieri.ee\/product\/bredemeijer-malmist-teekann-sichuan-1l-sampanja\/#breadcrumb"},"inLanguage":"en-GB","potentialAction":[{"@type":"ReadAction","target":["https:\/\/kohvieri.ee\/product\/bredemeijer-malmist-teekann-sichuan-1l-sampanja\/"]}]},{"@type":"ImageObject","inLanguage":"en-GB","@id":"https:\/\/kohvieri.ee\/product\/bredemeijer-malmist-teekann-sichuan-1l-sampanja\/#primaryimage","url":"https:\/\/kohvieri.ee\/wp-content\/uploads\/2026\/04\/sampanja.png","contentUrl":"https:\/\/kohvieri.ee\/wp-content\/uploads\/2026\/04\/sampanja.png","width":1080,"height":1080,"caption":"Bredemeijer malmist teekann Sichuan 1L \u0161ampanja"},{"@type":"BreadcrumbList","@id":"https:\/\/kohvieri.ee\/product\/bredemeijer-malmist-teekann-sichuan-1l-sampanja\/#breadcrumb","itemListElement":[{"@type":"ListItem","position":1,"name":"Home","item":"https:\/\/kohvieri.ee\/et\/"},{"@type":"ListItem","position":2,"name":"E-pood","item":"https:\/\/kohvieri.ee\/et\/e-pood\/"},{"@type":"ListItem","position":3,"name":"Bredemeijer malmist teekann Sichuan 1L \u0161ampanja"}]},{"@type":"WebSite","@id":"https:\/\/kohvieri.ee\/et\/#website","url":"https:\/\/kohvieri.ee\/et\/","name":"Kohvieri","description":"Kohvi - ja teepood","publisher":{"@id":"https:\/\/kohvieri.ee\/et\/#organization"},"potentialAction":[{"@type":"SearchAction","target":{"@type":"EntryPoint","urlTemplate":"https:\/\/kohvieri.ee\/et\/?s={search_term_string}"},"query-input":{"@type":"PropertyValueSpecification","valueRequired":true,"valueName":"search_term_string"}}],"inLanguage":"en-GB"},{"@type":"Organization","@id":"https:\/\/kohvieri.ee\/et\/#organization","name":"Kohvieri","url":"https:\/\/kohvieri.ee\/et\/","logo":{"@type":"ImageObject","inLanguage":"en-GB","@id":"https:\/\/kohvieri.ee\/et\/#\/schema\/logo\/image\/","url":"https:\/\/kohvieri.ee\/wp-content\/uploads\/2023\/07\/07cd6507-9210-4922-a9ff-55a59759ce72-e1689614757153.png","contentUrl":"https:\/\/kohvieri.ee\/wp-content\/uploads\/2023\/07\/07cd6507-9210-4922-a9ff-55a59759ce72-e1689614757153.png","width":945,"height":318,"caption":" Kohvieri"},"image":{"@id":"https:\/\/kohvieri.ee\/et\/#\/schema\/logo\/image\/"},"sameAs":["https:\/\/www.facebook.com\/kohvieri","https:\/\/www.instagram.com\/kohvieripood"]}]}},"uagb_featured_image_src":{"full":["https:\/\/kohvieri.ee\/wp-content\/uploads\/2026\/04\/sampanja.png",1080,1080,false],"thumbnail":["https:\/\/kohvieri.ee\/wp-content\/uploads\/2026\/04\/sampanja-150x150.png",150,150,true],"medium":["https:\/\/kohvieri.ee\/wp-content\/uploads\/2026\/04\/sampanja-300x300.png",300,300,true],"medium_large":["https:\/\/kohvieri.ee\/wp-content\/uploads\/2026\/04\/sampanja-768x768.png",768,768,true],"large":["https:\/\/kohvieri.ee\/wp-content\/uploads\/2026\/04\/sampanja-1024x1024.png",1024,1024,true],"1536x1536":["https:\/\/kohvieri.ee\/wp-content\/uploads\/2026\/04\/sampanja.png",1080,1080,false],"2048x2048":["https:\/\/kohvieri.ee\/wp-content\/uploads\/2026\/04\/sampanja.png",1080,1080,false],"trp-custom-language-flag":["https:\/\/kohvieri.ee\/wp-content\/uploads\/2026\/04\/sampanja-12x12.png",12,12,true],"woocommerce_thumbnail":["https:\/\/kohvieri.ee\/wp-content\/uploads\/2026\/04\/sampanja-300x300.png",300,300,true],"woocommerce_single":["https:\/\/kohvieri.ee\/wp-content\/uploads\/2026\/04\/sampanja-600x600.png",600,600,true],"woocommerce_gallery_thumbnail":["https:\/\/kohvieri.ee\/wp-content\/uploads\/2026\/04\/sampanja-100x100.png",100,100,true]},"uagb_author_info":{"display_name":"Kohvieri","author_link":"https:\/\/kohvieri.ee\/en\/author\/"},"uagb_comment_info":0,"uagb_excerpt":"Sichuani teekann kiirgab esmapilgul rahu ja luksust. Eristuv tekstuur koos silmatorkava kuldse k\u00e4epidemega muudab selle malmist teekannust ainulaadse n\u00e4ituseeseme igale tees\u00f5brale. Inspireeritud traditsioonilistest Jaapani teetseremooniatest, kuid moodsa keerdk\u00e4iguga. Kvaliteetne malmist v\u00e4lispind hoiab soojust, samas kui emailitud sisemus s\u00e4ilitab tee puhta maitse ja hoiab \u00e4ra roostetamise. T\u00e4nu kaasasolevale peenekoelisele roostevabast terasest teefiltrile saate nautida parimal viisil&hellip;","jetpack_sharing_enabled":true,"_links":{"self":[{"href":"https:\/\/kohvieri.ee\/en\/wp-json\/wp\/v2\/product\/16817","targetHints":{"allow":["GET"]}}],"collection":[{"href":"https:\/\/kohvieri.ee\/en\/wp-json\/wp\/v2\/product"}],"about":[{"href":"https:\/\/kohvieri.ee\/en\/wp-json\/wp\/v2\/types\/product"}],"version-history":[{"count":1,"href":"https:\/\/kohvieri.ee\/en\/wp-json\/wp\/v2\/product\/16817\/revisions"}],"predecessor-version":[{"id":16825,"href":"https:\/\/kohvieri.ee\/en\/wp-json\/wp\/v2\/product\/16817\/revisions\/16825"}],"wp:featuredmedia":[{"embeddable":true,"href":"https:\/\/kohvieri.ee\/en\/wp-json\/wp\/v2\/media\/16818"}],"wp:attachment":[{"href":"https:\/\/kohvieri.ee\/en\/wp-json\/wp\/v2\/media?parent=16817"}],"wp:term":[{"taxonomy":"product_brand","embeddable":true,"href":"https:\/\/kohvieri.ee\/en\/wp-json\/wp\/v2\/product_brand?post=16817"},{"taxonomy":"product_cat","embeddable":true,"href":"https:\/\/kohvieri.ee\/en\/wp-json\/wp\/v2\/product_cat?post=16817"},{"taxonomy":"product_tag","embeddable":true,"href":"https:\/\/kohvieri.ee\/en\/wp-json\/wp\/v2\/product_tag?post=16817"}],"curies":[{"name":"wp","href":"https:\/\/api.w.org\/{rel}","templated":true}]}}