{"id":16827,"date":"2026-04-08T11:30:02","date_gmt":"2026-04-08T11:30:02","guid":{"rendered":"https:\/\/kohvieri.ee\/?post_type=product&#038;p=16827"},"modified":"2026-04-08T11:45:02","modified_gmt":"2026-04-08T11:45:02","slug":"bredemeijer-malm-teekann-xilin-1-25l-heleroheline","status":"publish","type":"product","link":"https:\/\/kohvieri.ee\/en\/product\/bredemeijer-malm-teekann-xilin-1-25l-heleroheline\/","title":{"rendered":"Bredemeijer cast iron teapot Xilin 1.25l light green"},"content":{"rendered":"<div data-elementor-type=\"wp-post\" data-elementor-id=\"16827\" class=\"elementor elementor-16827\">\n\t\t\t\t<div class=\"elementor-element elementor-element-8006cfb e-flex e-con-boxed e-con e-parent\" data-id=\"8006cfb\" data-element_type=\"container\" data-e-type=\"container\">\n\t\t\t\t\t<div class=\"e-con-inner\">\n\t\t\t\t\t<\/div>\n\t\t\t\t<\/div>\n\t\t\t\t<\/div>","protected":false},"excerpt":{"rendered":"<p><span dir=\"auto\">The Xilin teapot brings a touch of Japanese elegance to your daily ritual. Its distinctive texture and authentic cast iron give the pot a timeless look that radiates peace and determination. Perfect for anyone who makes tea drinking a little ritual \u2013 both alone and together.<\/span><\/p>\n<p><span dir=\"auto\">The high-quality cast iron construction with enamel interior keeps your tea warm and delicious for a long time, without the risk of rusting. The specially shaped spout allows for smooth, drip-free pouring. Thanks to the included fine-mesh stainless steel tea filter, you can enjoy loose tea in its purest form.<\/span><\/p>\n<p><strong><span dir=\"auto\">It's time for tea. In simplicity we find connection.<\/span><\/strong><\/p>\n<ul>\n<li style=\"list-style-type: none;\">\n<ul>\n<li><strong><span dir=\"auto\">high quality cast iron<\/span><\/strong><span dir=\"auto\">\u00a0\u2013 keeps tea warm for a long time without losing its flavor<\/span><\/li>\n<li><strong><span dir=\"auto\">enamelled interior<\/span><\/strong><span dir=\"auto\">\u00a0\u2013 preserves flavor and prevents rust<\/span><\/li>\n<li><strong><span dir=\"auto\">Includes a fine-mesh stainless steel tea filter<\/span><\/strong><span dir=\"auto\">\u00a0\u2013 suitable for loose tea and herbs - filter is dishwasher safe.<\/span><\/li>\n<li><strong><span dir=\"auto\">drip-free pouring<\/span><\/strong><span dir=\"auto\">\u00a0\u2013 thanks to the specially shaped spout. Quiet, smooth and without spills.<\/span><\/li>\n<li><strong><span dir=\"auto\">ideal 1.25 liter capacity \u2013<\/span><\/strong><span dir=\"auto\">\u00a0\u2013 Enough for 6-7 cups of tea. Perfect for long conversations or multiple tea moments throughout the day<\/span><\/li>\n<\/ul>\n<\/li>\n<\/ul>\n<p><span style=\"font-size: 16px;\">Country of origin: Netherlands<\/span><\/p>\n<p><a href=\"https:\/\/kohvieri.ee\/en\/teekannud\/\">Read more about teapots<\/a><\/p>\n<div>\n<p>&nbsp;<\/p>\n<\/div>","protected":false},"featured_media":16828,"template":"","meta":{"_uag_custom_page_level_css":"","site-sidebar-layout":"no-sidebar","site-content-layout":"plain-container","ast-site-content-layout":"normal-width-container","site-content-style":"unboxed","site-sidebar-style":"unboxed","ast-global-header-display":"","ast-banner-title-visibility":"","ast-main-header-display":"","ast-hfb-above-header-display":"","ast-hfb-below-header-display":"","ast-hfb-mobile-header-display":"","site-post-title":"disabled","ast-breadcrumbs-content":"","ast-featured-img":"disabled","footer-sml-layout":"","ast-disable-related-posts":"","theme-transparent-header-meta":"default","adv-header-id-meta":"","stick-header-meta":"default","header-above-stick-meta":"","header-main-stick-meta":"","header-below-stick-meta":"","astra-migrate-meta-layouts":"set","ast-page-background-enabled":"default","ast-page-background-meta":{"desktop":{"background-color":"var(--ast-global-color-4)","background-image":"","background-repeat":"repeat","background-position":"center center","background-size":"auto","background-attachment":"scroll","background-type":"","background-media":"","overlay-type":"","overlay-color":"","overlay-opacity":"","overlay-gradient":""},"tablet":{"background-color":"","background-image":"","background-repeat":"repeat","background-position":"center center","background-size":"auto","background-attachment":"scroll","background-type":"","background-media":"","overlay-type":"","overlay-color":"","overlay-opacity":"","overlay-gradient":""},"mobile":{"background-color":"","background-image":"","background-repeat":"repeat","background-position":"center center","background-size":"auto","background-attachment":"scroll","background-type":"","background-media":"","overlay-type":"","overlay-color":"","overlay-opacity":"","overlay-gradient":""}},"ast-content-background-meta":{"desktop":{"background-color":"var(--ast-global-color-5)","background-image":"","background-repeat":"repeat","background-position":"center center","background-size":"auto","background-attachment":"scroll","background-type":"","background-media":"","overlay-type":"","overlay-color":"","overlay-opacity":"","overlay-gradient":""},"tablet":{"background-color":"var(--ast-global-color-5)","background-image":"","background-repeat":"repeat","background-position":"center center","background-size":"auto","background-attachment":"scroll","background-type":"","background-media":"","overlay-type":"","overlay-color":"","overlay-opacity":"","overlay-gradient":""},"mobile":{"background-color":"var(--ast-global-color-5)","background-image":"","background-repeat":"repeat","background-position":"center center","background-size":"auto","background-attachment":"scroll","background-type":"","background-media":"","overlay-type":"","overlay-color":"","overlay-opacity":"","overlay-gradient":""}}},"product_brand":[328],"product_cat":[49,15],"product_tag":[158],"class_list":{"0":"post-16827","1":"product","2":"type-product","3":"status-publish","4":"has-post-thumbnail","6":"product_brand-bredemeijer","7":"product_cat-tarvikud","8":"product_cat-teekannud","9":"product_tag-malm","10":"desktop-align-center","11":"tablet-align-left","12":"mobile-align-left","14":"first","15":"outofstock","16":"taxable","17":"shipping-taxable","18":"purchasable","19":"product-type-simple"},"yoast_head":"<!-- This site is optimized with the Yoast SEO plugin v27.3 - https:\/\/yoast.com\/product\/yoast-seo-wordpress\/ -->\n<title>Bredemeijer malm teekann Xilin 1.25l heleroheline - Kohvieri<\/title>\n<meta name=\"description\" content=\"Xilini teekann\u00a0 toob teie igap\u00e4evasesse rituaali Jaapani elegantsi. Selle iseloomulik tekstuur ja autentne malm annavad kannule ajatu v\u00e4limuse\" \/>\n<meta name=\"robots\" content=\"index, follow, max-snippet:-1, max-image-preview:large, max-video-preview:-1\" \/>\n<link rel=\"canonical\" href=\"https:\/\/kohvieri.ee\/en\/product\/bredemeijer-malm-teekann-xilin-1-25l-heleroheline\/\" \/>\n<meta property=\"og:locale\" content=\"en_GB\" \/>\n<meta property=\"og:type\" content=\"article\" \/>\n<meta property=\"og:title\" content=\"Bredemeijer malm teekann Xilin 1.25l heleroheline - Kohvieri\" \/>\n<meta property=\"og:description\" content=\"Xilini teekann\u00a0 toob teie igap\u00e4evasesse rituaali Jaapani elegantsi. Selle iseloomulik tekstuur ja autentne malm annavad kannule ajatu v\u00e4limuse\" \/>\n<meta property=\"og:url\" content=\"https:\/\/kohvieri.ee\/en\/product\/bredemeijer-malm-teekann-xilin-1-25l-heleroheline\/\" \/>\n<meta property=\"og:site_name\" content=\"Kohvieri\" \/>\n<meta property=\"article:publisher\" content=\"https:\/\/www.facebook.com\/kohvieri\" \/>\n<meta property=\"article:modified_time\" content=\"2026-04-08T11:45:02+00:00\" \/>\n<meta property=\"og:image\" content=\"https:\/\/kohvieri.ee\/wp-content\/uploads\/2026\/04\/Bredemeijer-malm-teekann-Xilin-1.25l-heleroheline.png\" \/>\n\t<meta property=\"og:image:width\" content=\"1080\" \/>\n\t<meta property=\"og:image:height\" content=\"1080\" \/>\n\t<meta property=\"og:image:type\" content=\"image\/png\" \/>\n<meta name=\"twitter:card\" content=\"summary_large_image\" \/>\n<meta name=\"twitter:label1\" content=\"Estimated reading time\" \/>\n\t<meta name=\"twitter:data1\" content=\"1 minute\" \/>\n<script type=\"application\/ld+json\" class=\"yoast-schema-graph\">{\"@context\":\"https:\\\/\\\/schema.org\",\"@graph\":[{\"@type\":\"WebPage\",\"@id\":\"https:\\\/\\\/kohvieri.ee\\\/product\\\/bredemeijer-malm-teekann-xilin-1-25l-heleroheline\\\/\",\"url\":\"https:\\\/\\\/kohvieri.ee\\\/product\\\/bredemeijer-malm-teekann-xilin-1-25l-heleroheline\\\/\",\"name\":\"Bredemeijer malm teekann Xilin 1.25l heleroheline - Kohvieri\",\"isPartOf\":{\"@id\":\"https:\\\/\\\/kohvieri.ee\\\/et\\\/#website\"},\"primaryImageOfPage\":{\"@id\":\"https:\\\/\\\/kohvieri.ee\\\/product\\\/bredemeijer-malm-teekann-xilin-1-25l-heleroheline\\\/#primaryimage\"},\"image\":{\"@id\":\"https:\\\/\\\/kohvieri.ee\\\/product\\\/bredemeijer-malm-teekann-xilin-1-25l-heleroheline\\\/#primaryimage\"},\"thumbnailUrl\":\"https:\\\/\\\/kohvieri.ee\\\/wp-content\\\/uploads\\\/2026\\\/04\\\/Bredemeijer-malm-teekann-Xilin-1.25l-heleroheline.png\",\"datePublished\":\"2026-04-08T11:30:02+00:00\",\"dateModified\":\"2026-04-08T11:45:02+00:00\",\"description\":\"Xilini teekann\u00a0 toob teie igap\u00e4evasesse rituaali Jaapani elegantsi. Selle iseloomulik tekstuur ja autentne malm annavad kannule ajatu v\u00e4limuse\",\"breadcrumb\":{\"@id\":\"https:\\\/\\\/kohvieri.ee\\\/product\\\/bredemeijer-malm-teekann-xilin-1-25l-heleroheline\\\/#breadcrumb\"},\"inLanguage\":\"en-GB\",\"potentialAction\":[{\"@type\":\"ReadAction\",\"target\":[\"https:\\\/\\\/kohvieri.ee\\\/product\\\/bredemeijer-malm-teekann-xilin-1-25l-heleroheline\\\/\"]}]},{\"@type\":\"ImageObject\",\"inLanguage\":\"en-GB\",\"@id\":\"https:\\\/\\\/kohvieri.ee\\\/product\\\/bredemeijer-malm-teekann-xilin-1-25l-heleroheline\\\/#primaryimage\",\"url\":\"https:\\\/\\\/kohvieri.ee\\\/wp-content\\\/uploads\\\/2026\\\/04\\\/Bredemeijer-malm-teekann-Xilin-1.25l-heleroheline.png\",\"contentUrl\":\"https:\\\/\\\/kohvieri.ee\\\/wp-content\\\/uploads\\\/2026\\\/04\\\/Bredemeijer-malm-teekann-Xilin-1.25l-heleroheline.png\",\"width\":1080,\"height\":1080,\"caption\":\"Bredemeijer malm teekann Xilin 1.25l heleroheline\"},{\"@type\":\"BreadcrumbList\",\"@id\":\"https:\\\/\\\/kohvieri.ee\\\/product\\\/bredemeijer-malm-teekann-xilin-1-25l-heleroheline\\\/#breadcrumb\",\"itemListElement\":[{\"@type\":\"ListItem\",\"position\":1,\"name\":\"Home\",\"item\":\"https:\\\/\\\/kohvieri.ee\\\/et\\\/\"},{\"@type\":\"ListItem\",\"position\":2,\"name\":\"E-pood\",\"item\":\"https:\\\/\\\/kohvieri.ee\\\/et\\\/e-pood\\\/\"},{\"@type\":\"ListItem\",\"position\":3,\"name\":\"Bredemeijer malm teekann Xilin 1.25l heleroheline\"}]},{\"@type\":\"WebSite\",\"@id\":\"https:\\\/\\\/kohvieri.ee\\\/et\\\/#website\",\"url\":\"https:\\\/\\\/kohvieri.ee\\\/et\\\/\",\"name\":\"Kohvieri\",\"description\":\"Kohvi - ja teepood\",\"publisher\":{\"@id\":\"https:\\\/\\\/kohvieri.ee\\\/et\\\/#organization\"},\"potentialAction\":[{\"@type\":\"SearchAction\",\"target\":{\"@type\":\"EntryPoint\",\"urlTemplate\":\"https:\\\/\\\/kohvieri.ee\\\/et\\\/?s={search_term_string}\"},\"query-input\":{\"@type\":\"PropertyValueSpecification\",\"valueRequired\":true,\"valueName\":\"search_term_string\"}}],\"inLanguage\":\"en-GB\"},{\"@type\":\"Organization\",\"@id\":\"https:\\\/\\\/kohvieri.ee\\\/et\\\/#organization\",\"name\":\"Kohvieri\",\"url\":\"https:\\\/\\\/kohvieri.ee\\\/et\\\/\",\"logo\":{\"@type\":\"ImageObject\",\"inLanguage\":\"en-GB\",\"@id\":\"https:\\\/\\\/kohvieri.ee\\\/et\\\/#\\\/schema\\\/logo\\\/image\\\/\",\"url\":\"https:\\\/\\\/kohvieri.ee\\\/wp-content\\\/uploads\\\/2023\\\/07\\\/07cd6507-9210-4922-a9ff-55a59759ce72-e1689614757153.png\",\"contentUrl\":\"https:\\\/\\\/kohvieri.ee\\\/wp-content\\\/uploads\\\/2023\\\/07\\\/07cd6507-9210-4922-a9ff-55a59759ce72-e1689614757153.png\",\"width\":945,\"height\":318,\"caption\":\" Kohvieri\"},\"image\":{\"@id\":\"https:\\\/\\\/kohvieri.ee\\\/et\\\/#\\\/schema\\\/logo\\\/image\\\/\"},\"sameAs\":[\"https:\\\/\\\/www.facebook.com\\\/kohvieri\",\"https:\\\/\\\/www.instagram.com\\\/kohvieripood\"]}]}<\/script>\n<!-- \/ Yoast SEO plugin. -->","yoast_head_json":{"title":"Bredemeijer malm teekann Xilin 1.25l heleroheline - Kohvieri","description":"Xilini teekann\u00a0 toob teie igap\u00e4evasesse rituaali Jaapani elegantsi. Selle iseloomulik tekstuur ja autentne malm annavad kannule ajatu v\u00e4limuse","robots":{"index":"index","follow":"follow","max-snippet":"max-snippet:-1","max-image-preview":"max-image-preview:large","max-video-preview":"max-video-preview:-1"},"canonical":"https:\/\/kohvieri.ee\/en\/product\/bredemeijer-malm-teekann-xilin-1-25l-heleroheline\/","og_locale":"en_GB","og_type":"article","og_title":"Bredemeijer malm teekann Xilin 1.25l heleroheline - Kohvieri","og_description":"Xilini teekann\u00a0 toob teie igap\u00e4evasesse rituaali Jaapani elegantsi. Selle iseloomulik tekstuur ja autentne malm annavad kannule ajatu v\u00e4limuse","og_url":"https:\/\/kohvieri.ee\/en\/product\/bredemeijer-malm-teekann-xilin-1-25l-heleroheline\/","og_site_name":"Kohvieri","article_publisher":"https:\/\/www.facebook.com\/kohvieri","article_modified_time":"2026-04-08T11:45:02+00:00","og_image":[{"width":1080,"height":1080,"url":"https:\/\/kohvieri.ee\/wp-content\/uploads\/2026\/04\/Bredemeijer-malm-teekann-Xilin-1.25l-heleroheline.png","type":"image\/png"}],"twitter_card":"summary_large_image","twitter_misc":{"Estimated reading time":"1 minute"},"schema":{"@context":"https:\/\/schema.org","@graph":[{"@type":"WebPage","@id":"https:\/\/kohvieri.ee\/product\/bredemeijer-malm-teekann-xilin-1-25l-heleroheline\/","url":"https:\/\/kohvieri.ee\/product\/bredemeijer-malm-teekann-xilin-1-25l-heleroheline\/","name":"Bredemeijer malm teekann Xilin 1.25l heleroheline - Kohvieri","isPartOf":{"@id":"https:\/\/kohvieri.ee\/et\/#website"},"primaryImageOfPage":{"@id":"https:\/\/kohvieri.ee\/product\/bredemeijer-malm-teekann-xilin-1-25l-heleroheline\/#primaryimage"},"image":{"@id":"https:\/\/kohvieri.ee\/product\/bredemeijer-malm-teekann-xilin-1-25l-heleroheline\/#primaryimage"},"thumbnailUrl":"https:\/\/kohvieri.ee\/wp-content\/uploads\/2026\/04\/Bredemeijer-malm-teekann-Xilin-1.25l-heleroheline.png","datePublished":"2026-04-08T11:30:02+00:00","dateModified":"2026-04-08T11:45:02+00:00","description":"Xilini teekann\u00a0 toob teie igap\u00e4evasesse rituaali Jaapani elegantsi. Selle iseloomulik tekstuur ja autentne malm annavad kannule ajatu v\u00e4limuse","breadcrumb":{"@id":"https:\/\/kohvieri.ee\/product\/bredemeijer-malm-teekann-xilin-1-25l-heleroheline\/#breadcrumb"},"inLanguage":"en-GB","potentialAction":[{"@type":"ReadAction","target":["https:\/\/kohvieri.ee\/product\/bredemeijer-malm-teekann-xilin-1-25l-heleroheline\/"]}]},{"@type":"ImageObject","inLanguage":"en-GB","@id":"https:\/\/kohvieri.ee\/product\/bredemeijer-malm-teekann-xilin-1-25l-heleroheline\/#primaryimage","url":"https:\/\/kohvieri.ee\/wp-content\/uploads\/2026\/04\/Bredemeijer-malm-teekann-Xilin-1.25l-heleroheline.png","contentUrl":"https:\/\/kohvieri.ee\/wp-content\/uploads\/2026\/04\/Bredemeijer-malm-teekann-Xilin-1.25l-heleroheline.png","width":1080,"height":1080,"caption":"Bredemeijer malm teekann Xilin 1.25l heleroheline"},{"@type":"BreadcrumbList","@id":"https:\/\/kohvieri.ee\/product\/bredemeijer-malm-teekann-xilin-1-25l-heleroheline\/#breadcrumb","itemListElement":[{"@type":"ListItem","position":1,"name":"Home","item":"https:\/\/kohvieri.ee\/et\/"},{"@type":"ListItem","position":2,"name":"E-pood","item":"https:\/\/kohvieri.ee\/et\/e-pood\/"},{"@type":"ListItem","position":3,"name":"Bredemeijer malm teekann Xilin 1.25l heleroheline"}]},{"@type":"WebSite","@id":"https:\/\/kohvieri.ee\/et\/#website","url":"https:\/\/kohvieri.ee\/et\/","name":"Kohvieri","description":"Kohvi - ja teepood","publisher":{"@id":"https:\/\/kohvieri.ee\/et\/#organization"},"potentialAction":[{"@type":"SearchAction","target":{"@type":"EntryPoint","urlTemplate":"https:\/\/kohvieri.ee\/et\/?s={search_term_string}"},"query-input":{"@type":"PropertyValueSpecification","valueRequired":true,"valueName":"search_term_string"}}],"inLanguage":"en-GB"},{"@type":"Organization","@id":"https:\/\/kohvieri.ee\/et\/#organization","name":"Kohvieri","url":"https:\/\/kohvieri.ee\/et\/","logo":{"@type":"ImageObject","inLanguage":"en-GB","@id":"https:\/\/kohvieri.ee\/et\/#\/schema\/logo\/image\/","url":"https:\/\/kohvieri.ee\/wp-content\/uploads\/2023\/07\/07cd6507-9210-4922-a9ff-55a59759ce72-e1689614757153.png","contentUrl":"https:\/\/kohvieri.ee\/wp-content\/uploads\/2023\/07\/07cd6507-9210-4922-a9ff-55a59759ce72-e1689614757153.png","width":945,"height":318,"caption":" Kohvieri"},"image":{"@id":"https:\/\/kohvieri.ee\/et\/#\/schema\/logo\/image\/"},"sameAs":["https:\/\/www.facebook.com\/kohvieri","https:\/\/www.instagram.com\/kohvieripood"]}]}},"uagb_featured_image_src":{"full":["https:\/\/kohvieri.ee\/wp-content\/uploads\/2026\/04\/Bredemeijer-malm-teekann-Xilin-1.25l-heleroheline.png",1080,1080,false],"thumbnail":["https:\/\/kohvieri.ee\/wp-content\/uploads\/2026\/04\/Bredemeijer-malm-teekann-Xilin-1.25l-heleroheline-150x150.png",150,150,true],"medium":["https:\/\/kohvieri.ee\/wp-content\/uploads\/2026\/04\/Bredemeijer-malm-teekann-Xilin-1.25l-heleroheline-300x300.png",300,300,true],"medium_large":["https:\/\/kohvieri.ee\/wp-content\/uploads\/2026\/04\/Bredemeijer-malm-teekann-Xilin-1.25l-heleroheline-768x768.png",768,768,true],"large":["https:\/\/kohvieri.ee\/wp-content\/uploads\/2026\/04\/Bredemeijer-malm-teekann-Xilin-1.25l-heleroheline-1024x1024.png",1024,1024,true],"1536x1536":["https:\/\/kohvieri.ee\/wp-content\/uploads\/2026\/04\/Bredemeijer-malm-teekann-Xilin-1.25l-heleroheline.png",1080,1080,false],"2048x2048":["https:\/\/kohvieri.ee\/wp-content\/uploads\/2026\/04\/Bredemeijer-malm-teekann-Xilin-1.25l-heleroheline.png",1080,1080,false],"trp-custom-language-flag":["https:\/\/kohvieri.ee\/wp-content\/uploads\/2026\/04\/Bredemeijer-malm-teekann-Xilin-1.25l-heleroheline-12x12.png",12,12,true],"woocommerce_thumbnail":["https:\/\/kohvieri.ee\/wp-content\/uploads\/2026\/04\/Bredemeijer-malm-teekann-Xilin-1.25l-heleroheline-300x300.png",300,300,true],"woocommerce_single":["https:\/\/kohvieri.ee\/wp-content\/uploads\/2026\/04\/Bredemeijer-malm-teekann-Xilin-1.25l-heleroheline-600x600.png",600,600,true],"woocommerce_gallery_thumbnail":["https:\/\/kohvieri.ee\/wp-content\/uploads\/2026\/04\/Bredemeijer-malm-teekann-Xilin-1.25l-heleroheline-100x100.png",100,100,true]},"uagb_author_info":{"display_name":"Kohvieri","author_link":"https:\/\/kohvieri.ee\/en\/author\/"},"uagb_comment_info":0,"uagb_excerpt":"Xilini teekann\u00a0 toob teie igap\u00e4evasesse rituaali Jaapani elegantsi. Selle iseloomulik tekstuur ja autentne malm annavad kannule ajatu v\u00e4limuse, mis kiirgab rahu ja sihikindlust. Ideaalne k\u00f5igile, kes muudavad teejoomise v\u00e4ikeseks rituaaliks \u2013 nii \u00fcksi kui ka koos. Kvaliteetne malmist konstruktsioon emailitud sisemusega hoiab teie tee pikka aega sooja ja maitsvana, ilma roostetamise ohuta. Spetsiaalselt vormitud tila&hellip;","jetpack_sharing_enabled":true,"_links":{"self":[{"href":"https:\/\/kohvieri.ee\/en\/wp-json\/wp\/v2\/product\/16827","targetHints":{"allow":["GET"]}}],"collection":[{"href":"https:\/\/kohvieri.ee\/en\/wp-json\/wp\/v2\/product"}],"about":[{"href":"https:\/\/kohvieri.ee\/en\/wp-json\/wp\/v2\/types\/product"}],"version-history":[{"count":1,"href":"https:\/\/kohvieri.ee\/en\/wp-json\/wp\/v2\/product\/16827\/revisions"}],"predecessor-version":[{"id":16830,"href":"https:\/\/kohvieri.ee\/en\/wp-json\/wp\/v2\/product\/16827\/revisions\/16830"}],"wp:featuredmedia":[{"embeddable":true,"href":"https:\/\/kohvieri.ee\/en\/wp-json\/wp\/v2\/media\/16828"}],"wp:attachment":[{"href":"https:\/\/kohvieri.ee\/en\/wp-json\/wp\/v2\/media?parent=16827"}],"wp:term":[{"taxonomy":"product_brand","embeddable":true,"href":"https:\/\/kohvieri.ee\/en\/wp-json\/wp\/v2\/product_brand?post=16827"},{"taxonomy":"product_cat","embeddable":true,"href":"https:\/\/kohvieri.ee\/en\/wp-json\/wp\/v2\/product_cat?post=16827"},{"taxonomy":"product_tag","embeddable":true,"href":"https:\/\/kohvieri.ee\/en\/wp-json\/wp\/v2\/product_tag?post=16827"}],"curies":[{"name":"wp","href":"https:\/\/api.w.org\/{rel}","templated":true}]}}