{"id":16853,"date":"2026-04-08T19:47:42","date_gmt":"2026-04-08T19:47:42","guid":{"rendered":"https:\/\/kohvieri.ee\/?post_type=product&#038;p=16853"},"modified":"2026-04-09T07:08:05","modified_gmt":"2026-04-09T07:08:05","slug":"bredemeijer-teekausid-jara-komplektis-5-tk","status":"publish","type":"product","link":"https:\/\/kohvieri.ee\/en\/product\/bredemeijer-teekausid-jara-komplektis-5-tk\/","title":{"rendered":"Bredemeijer Jara tea bowls set of 5"},"content":{"rendered":"<div data-elementor-type=\"wp-post\" data-elementor-id=\"16853\" class=\"elementor elementor-16853\">\n\t\t\t\t<div class=\"elementor-element elementor-element-8006cfb e-flex e-con-boxed e-con e-parent\" data-id=\"8006cfb\" data-element_type=\"container\" data-e-type=\"container\">\n\t\t\t\t\t<div class=\"e-con-inner\">\n\t\t\t\t\t<\/div>\n\t\t\t\t<\/div>\n\t\t\t\t<\/div>","protected":false},"excerpt":{"rendered":"<p><strong><span dir=\"auto\">\u00a0Jara tea mugs | versatile pleasure in natural simplicity<\/span><\/strong><\/p>\n<p><span dir=\"auto\">\u00a0With Jara tea mugs, you bring a versatile and stylish set into your home. This set of five porcelain mugs features a subtle color gradient and a subtle striped design, creating a calm and natural look. The mugs have a compact 220 ml capacity and are comfortable in the hand - perfect for everyday tea moments or as small serving bowls for nuts, chocolate or a small dessert.<\/span><\/p>\n<p><strong><span dir=\"auto\">Its time for tea<\/span><\/strong><span dir=\"auto\">\u00a0\u2013 sharing the tea becomes even more meaningful when attention is paid to details.<\/span><\/p>\n<ul>\n<li><span dir=\"auto\"><strong>set of five porcelain teacups<\/strong> \u2013 versatile and atmospheric \u2013 ideal for cozy teatimes with several guests.<\/span><\/li>\n<li><span dir=\"auto\"><strong>220 ml cup capacity<\/strong> \u2013 compact and handy size for loose tea, herbal tea or a small espresso.<\/span><\/li>\n<li><span dir=\"auto\"><strong>dual purpose<\/strong> \u2013 not only as mugs, but also as small serving bowls for snacks or sweets.<\/span><\/li>\n<li><span dir=\"auto\"><strong>color gradient with a subtle striped pattern<\/strong> \u2013 Each mug is slightly different \u2013 \u200b\u200btogether they form a harmonious set.<\/span><\/li>\n<li><span dir=\"auto\"><strong>dishwasher safe<\/strong> \u2013 practical and easy to clean \u2013 ideal for everyday use.<\/span><\/li>\n<\/ul>\n<p>Country of origin: Netherlands<\/p>\n<p><a href=\"https:\/\/kohvieri.ee\/en\/tarvikud\/\">Read more about accessories<\/a><\/p>\n<div>\n<p>&nbsp;<\/p>\n<\/div>","protected":false},"featured_media":16854,"template":"","meta":{"_uag_custom_page_level_css":"","site-sidebar-layout":"no-sidebar","site-content-layout":"plain-container","ast-site-content-layout":"normal-width-container","site-content-style":"unboxed","site-sidebar-style":"unboxed","ast-global-header-display":"","ast-banner-title-visibility":"","ast-main-header-display":"","ast-hfb-above-header-display":"","ast-hfb-below-header-display":"","ast-hfb-mobile-header-display":"","site-post-title":"disabled","ast-breadcrumbs-content":"","ast-featured-img":"disabled","footer-sml-layout":"","ast-disable-related-posts":"","theme-transparent-header-meta":"default","adv-header-id-meta":"","stick-header-meta":"default","header-above-stick-meta":"","header-main-stick-meta":"","header-below-stick-meta":"","astra-migrate-meta-layouts":"set","ast-page-background-enabled":"default","ast-page-background-meta":{"desktop":{"background-color":"var(--ast-global-color-4)","background-image":"","background-repeat":"repeat","background-position":"center center","background-size":"auto","background-attachment":"scroll","background-type":"","background-media":"","overlay-type":"","overlay-color":"","overlay-opacity":"","overlay-gradient":""},"tablet":{"background-color":"","background-image":"","background-repeat":"repeat","background-position":"center center","background-size":"auto","background-attachment":"scroll","background-type":"","background-media":"","overlay-type":"","overlay-color":"","overlay-opacity":"","overlay-gradient":""},"mobile":{"background-color":"","background-image":"","background-repeat":"repeat","background-position":"center center","background-size":"auto","background-attachment":"scroll","background-type":"","background-media":"","overlay-type":"","overlay-color":"","overlay-opacity":"","overlay-gradient":""}},"ast-content-background-meta":{"desktop":{"background-color":"var(--ast-global-color-5)","background-image":"","background-repeat":"repeat","background-position":"center center","background-size":"auto","background-attachment":"scroll","background-type":"","background-media":"","overlay-type":"","overlay-color":"","overlay-opacity":"","overlay-gradient":""},"tablet":{"background-color":"var(--ast-global-color-5)","background-image":"","background-repeat":"repeat","background-position":"center center","background-size":"auto","background-attachment":"scroll","background-type":"","background-media":"","overlay-type":"","overlay-color":"","overlay-opacity":"","overlay-gradient":""},"mobile":{"background-color":"var(--ast-global-color-5)","background-image":"","background-repeat":"repeat","background-position":"center center","background-size":"auto","background-attachment":"scroll","background-type":"","background-media":"","overlay-type":"","overlay-color":"","overlay-opacity":"","overlay-gradient":""}}},"product_brand":[328],"product_cat":[120,49],"product_tag":[154],"class_list":{"0":"post-16853","1":"product","2":"type-product","3":"status-publish","4":"has-post-thumbnail","6":"product_brand-bredemeijer","7":"product_cat-muud-tarvikud","8":"product_cat-tarvikud","9":"product_tag-tassid","10":"desktop-align-center","11":"tablet-align-left","12":"mobile-align-left","14":"first","15":"outofstock","16":"taxable","17":"shipping-taxable","18":"purchasable","19":"product-type-simple"},"yoast_head":"<!-- This site is optimized with the Yoast SEO plugin v27.3 - https:\/\/yoast.com\/product\/yoast-seo-wordpress\/ -->\n<title>Bredemeijer teekausid Jara komplektis 5 tk - Kohvieri<\/title>\n<meta name=\"description\" content=\"Jara teekruusidega tood oma koju stiilse komplekti. See viiest portselanist kruusist koosnev komplekt on peene v\u00e4rvigradiendi ja peene triibulise disainiga\" \/>\n<meta name=\"robots\" content=\"index, follow, max-snippet:-1, max-image-preview:large, max-video-preview:-1\" \/>\n<link rel=\"canonical\" href=\"https:\/\/kohvieri.ee\/en\/product\/bredemeijer-teekausid-jara-komplektis-5-tk\/\" \/>\n<meta property=\"og:locale\" content=\"en_GB\" \/>\n<meta property=\"og:type\" content=\"article\" \/>\n<meta property=\"og:title\" content=\"Bredemeijer teekausid Jara komplektis 5 tk - Kohvieri\" \/>\n<meta property=\"og:description\" content=\"Jara teekruusidega tood oma koju stiilse komplekti. See viiest portselanist kruusist koosnev komplekt on peene v\u00e4rvigradiendi ja peene triibulise disainiga\" \/>\n<meta property=\"og:url\" content=\"https:\/\/kohvieri.ee\/en\/product\/bredemeijer-teekausid-jara-komplektis-5-tk\/\" \/>\n<meta property=\"og:site_name\" content=\"Kohvieri\" \/>\n<meta property=\"article:publisher\" content=\"https:\/\/www.facebook.com\/kohvieri\" \/>\n<meta property=\"article:modified_time\" content=\"2026-04-09T07:08:05+00:00\" \/>\n<meta property=\"og:image\" content=\"https:\/\/kohvieri.ee\/wp-content\/uploads\/2026\/04\/Bredemeijer-teekausid-Jara-komplektis-5-tk.png\" \/>\n\t<meta property=\"og:image:width\" content=\"1080\" \/>\n\t<meta property=\"og:image:height\" content=\"1080\" \/>\n\t<meta property=\"og:image:type\" content=\"image\/png\" \/>\n<meta name=\"twitter:card\" content=\"summary_large_image\" \/>\n<meta name=\"twitter:label1\" content=\"Estimated reading time\" \/>\n\t<meta name=\"twitter:data1\" content=\"1 minute\" \/>\n<script type=\"application\/ld+json\" class=\"yoast-schema-graph\">{\"@context\":\"https:\\\/\\\/schema.org\",\"@graph\":[{\"@type\":\"WebPage\",\"@id\":\"https:\\\/\\\/kohvieri.ee\\\/product\\\/bredemeijer-teekausid-jara-komplektis-5-tk\\\/\",\"url\":\"https:\\\/\\\/kohvieri.ee\\\/product\\\/bredemeijer-teekausid-jara-komplektis-5-tk\\\/\",\"name\":\"Bredemeijer teekausid Jara komplektis 5 tk - Kohvieri\",\"isPartOf\":{\"@id\":\"https:\\\/\\\/kohvieri.ee\\\/et\\\/#website\"},\"primaryImageOfPage\":{\"@id\":\"https:\\\/\\\/kohvieri.ee\\\/product\\\/bredemeijer-teekausid-jara-komplektis-5-tk\\\/#primaryimage\"},\"image\":{\"@id\":\"https:\\\/\\\/kohvieri.ee\\\/product\\\/bredemeijer-teekausid-jara-komplektis-5-tk\\\/#primaryimage\"},\"thumbnailUrl\":\"https:\\\/\\\/kohvieri.ee\\\/wp-content\\\/uploads\\\/2026\\\/04\\\/Bredemeijer-teekausid-Jara-komplektis-5-tk.png\",\"datePublished\":\"2026-04-08T19:47:42+00:00\",\"dateModified\":\"2026-04-09T07:08:05+00:00\",\"description\":\"Jara teekruusidega tood oma koju stiilse komplekti. See viiest portselanist kruusist koosnev komplekt on peene v\u00e4rvigradiendi ja peene triibulise disainiga\",\"breadcrumb\":{\"@id\":\"https:\\\/\\\/kohvieri.ee\\\/product\\\/bredemeijer-teekausid-jara-komplektis-5-tk\\\/#breadcrumb\"},\"inLanguage\":\"en-GB\",\"potentialAction\":[{\"@type\":\"ReadAction\",\"target\":[\"https:\\\/\\\/kohvieri.ee\\\/product\\\/bredemeijer-teekausid-jara-komplektis-5-tk\\\/\"]}]},{\"@type\":\"ImageObject\",\"inLanguage\":\"en-GB\",\"@id\":\"https:\\\/\\\/kohvieri.ee\\\/product\\\/bredemeijer-teekausid-jara-komplektis-5-tk\\\/#primaryimage\",\"url\":\"https:\\\/\\\/kohvieri.ee\\\/wp-content\\\/uploads\\\/2026\\\/04\\\/Bredemeijer-teekausid-Jara-komplektis-5-tk.png\",\"contentUrl\":\"https:\\\/\\\/kohvieri.ee\\\/wp-content\\\/uploads\\\/2026\\\/04\\\/Bredemeijer-teekausid-Jara-komplektis-5-tk.png\",\"width\":1080,\"height\":1080,\"caption\":\"Bredemeijer teekausid Jara komplektis 5 tk\"},{\"@type\":\"BreadcrumbList\",\"@id\":\"https:\\\/\\\/kohvieri.ee\\\/product\\\/bredemeijer-teekausid-jara-komplektis-5-tk\\\/#breadcrumb\",\"itemListElement\":[{\"@type\":\"ListItem\",\"position\":1,\"name\":\"Home\",\"item\":\"https:\\\/\\\/kohvieri.ee\\\/et\\\/\"},{\"@type\":\"ListItem\",\"position\":2,\"name\":\"E-pood\",\"item\":\"https:\\\/\\\/kohvieri.ee\\\/et\\\/e-pood\\\/\"},{\"@type\":\"ListItem\",\"position\":3,\"name\":\"Bredemeijer teekausid Jara komplektis 5 tk\"}]},{\"@type\":\"WebSite\",\"@id\":\"https:\\\/\\\/kohvieri.ee\\\/et\\\/#website\",\"url\":\"https:\\\/\\\/kohvieri.ee\\\/et\\\/\",\"name\":\"Kohvieri\",\"description\":\"Kohvi - ja teepood\",\"publisher\":{\"@id\":\"https:\\\/\\\/kohvieri.ee\\\/et\\\/#organization\"},\"potentialAction\":[{\"@type\":\"SearchAction\",\"target\":{\"@type\":\"EntryPoint\",\"urlTemplate\":\"https:\\\/\\\/kohvieri.ee\\\/et\\\/?s={search_term_string}\"},\"query-input\":{\"@type\":\"PropertyValueSpecification\",\"valueRequired\":true,\"valueName\":\"search_term_string\"}}],\"inLanguage\":\"en-GB\"},{\"@type\":\"Organization\",\"@id\":\"https:\\\/\\\/kohvieri.ee\\\/et\\\/#organization\",\"name\":\"Kohvieri\",\"url\":\"https:\\\/\\\/kohvieri.ee\\\/et\\\/\",\"logo\":{\"@type\":\"ImageObject\",\"inLanguage\":\"en-GB\",\"@id\":\"https:\\\/\\\/kohvieri.ee\\\/et\\\/#\\\/schema\\\/logo\\\/image\\\/\",\"url\":\"https:\\\/\\\/kohvieri.ee\\\/wp-content\\\/uploads\\\/2023\\\/07\\\/07cd6507-9210-4922-a9ff-55a59759ce72-e1689614757153.png\",\"contentUrl\":\"https:\\\/\\\/kohvieri.ee\\\/wp-content\\\/uploads\\\/2023\\\/07\\\/07cd6507-9210-4922-a9ff-55a59759ce72-e1689614757153.png\",\"width\":945,\"height\":318,\"caption\":\" Kohvieri\"},\"image\":{\"@id\":\"https:\\\/\\\/kohvieri.ee\\\/et\\\/#\\\/schema\\\/logo\\\/image\\\/\"},\"sameAs\":[\"https:\\\/\\\/www.facebook.com\\\/kohvieri\",\"https:\\\/\\\/www.instagram.com\\\/kohvieripood\"]}]}<\/script>\n<!-- \/ Yoast SEO plugin. -->","yoast_head_json":{"title":"Bredemeijer teekausid Jara komplektis 5 tk - Kohvieri","description":"Jara teekruusidega tood oma koju stiilse komplekti. See viiest portselanist kruusist koosnev komplekt on peene v\u00e4rvigradiendi ja peene triibulise disainiga","robots":{"index":"index","follow":"follow","max-snippet":"max-snippet:-1","max-image-preview":"max-image-preview:large","max-video-preview":"max-video-preview:-1"},"canonical":"https:\/\/kohvieri.ee\/en\/product\/bredemeijer-teekausid-jara-komplektis-5-tk\/","og_locale":"en_GB","og_type":"article","og_title":"Bredemeijer teekausid Jara komplektis 5 tk - Kohvieri","og_description":"Jara teekruusidega tood oma koju stiilse komplekti. See viiest portselanist kruusist koosnev komplekt on peene v\u00e4rvigradiendi ja peene triibulise disainiga","og_url":"https:\/\/kohvieri.ee\/en\/product\/bredemeijer-teekausid-jara-komplektis-5-tk\/","og_site_name":"Kohvieri","article_publisher":"https:\/\/www.facebook.com\/kohvieri","article_modified_time":"2026-04-09T07:08:05+00:00","og_image":[{"width":1080,"height":1080,"url":"https:\/\/kohvieri.ee\/wp-content\/uploads\/2026\/04\/Bredemeijer-teekausid-Jara-komplektis-5-tk.png","type":"image\/png"}],"twitter_card":"summary_large_image","twitter_misc":{"Estimated reading time":"1 minute"},"schema":{"@context":"https:\/\/schema.org","@graph":[{"@type":"WebPage","@id":"https:\/\/kohvieri.ee\/product\/bredemeijer-teekausid-jara-komplektis-5-tk\/","url":"https:\/\/kohvieri.ee\/product\/bredemeijer-teekausid-jara-komplektis-5-tk\/","name":"Bredemeijer teekausid Jara komplektis 5 tk - Kohvieri","isPartOf":{"@id":"https:\/\/kohvieri.ee\/et\/#website"},"primaryImageOfPage":{"@id":"https:\/\/kohvieri.ee\/product\/bredemeijer-teekausid-jara-komplektis-5-tk\/#primaryimage"},"image":{"@id":"https:\/\/kohvieri.ee\/product\/bredemeijer-teekausid-jara-komplektis-5-tk\/#primaryimage"},"thumbnailUrl":"https:\/\/kohvieri.ee\/wp-content\/uploads\/2026\/04\/Bredemeijer-teekausid-Jara-komplektis-5-tk.png","datePublished":"2026-04-08T19:47:42+00:00","dateModified":"2026-04-09T07:08:05+00:00","description":"Jara teekruusidega tood oma koju stiilse komplekti. See viiest portselanist kruusist koosnev komplekt on peene v\u00e4rvigradiendi ja peene triibulise disainiga","breadcrumb":{"@id":"https:\/\/kohvieri.ee\/product\/bredemeijer-teekausid-jara-komplektis-5-tk\/#breadcrumb"},"inLanguage":"en-GB","potentialAction":[{"@type":"ReadAction","target":["https:\/\/kohvieri.ee\/product\/bredemeijer-teekausid-jara-komplektis-5-tk\/"]}]},{"@type":"ImageObject","inLanguage":"en-GB","@id":"https:\/\/kohvieri.ee\/product\/bredemeijer-teekausid-jara-komplektis-5-tk\/#primaryimage","url":"https:\/\/kohvieri.ee\/wp-content\/uploads\/2026\/04\/Bredemeijer-teekausid-Jara-komplektis-5-tk.png","contentUrl":"https:\/\/kohvieri.ee\/wp-content\/uploads\/2026\/04\/Bredemeijer-teekausid-Jara-komplektis-5-tk.png","width":1080,"height":1080,"caption":"Bredemeijer teekausid Jara komplektis 5 tk"},{"@type":"BreadcrumbList","@id":"https:\/\/kohvieri.ee\/product\/bredemeijer-teekausid-jara-komplektis-5-tk\/#breadcrumb","itemListElement":[{"@type":"ListItem","position":1,"name":"Home","item":"https:\/\/kohvieri.ee\/et\/"},{"@type":"ListItem","position":2,"name":"E-pood","item":"https:\/\/kohvieri.ee\/et\/e-pood\/"},{"@type":"ListItem","position":3,"name":"Bredemeijer teekausid Jara komplektis 5 tk"}]},{"@type":"WebSite","@id":"https:\/\/kohvieri.ee\/et\/#website","url":"https:\/\/kohvieri.ee\/et\/","name":"Kohvieri","description":"Kohvi - ja teepood","publisher":{"@id":"https:\/\/kohvieri.ee\/et\/#organization"},"potentialAction":[{"@type":"SearchAction","target":{"@type":"EntryPoint","urlTemplate":"https:\/\/kohvieri.ee\/et\/?s={search_term_string}"},"query-input":{"@type":"PropertyValueSpecification","valueRequired":true,"valueName":"search_term_string"}}],"inLanguage":"en-GB"},{"@type":"Organization","@id":"https:\/\/kohvieri.ee\/et\/#organization","name":"Kohvieri","url":"https:\/\/kohvieri.ee\/et\/","logo":{"@type":"ImageObject","inLanguage":"en-GB","@id":"https:\/\/kohvieri.ee\/et\/#\/schema\/logo\/image\/","url":"https:\/\/kohvieri.ee\/wp-content\/uploads\/2023\/07\/07cd6507-9210-4922-a9ff-55a59759ce72-e1689614757153.png","contentUrl":"https:\/\/kohvieri.ee\/wp-content\/uploads\/2023\/07\/07cd6507-9210-4922-a9ff-55a59759ce72-e1689614757153.png","width":945,"height":318,"caption":" Kohvieri"},"image":{"@id":"https:\/\/kohvieri.ee\/et\/#\/schema\/logo\/image\/"},"sameAs":["https:\/\/www.facebook.com\/kohvieri","https:\/\/www.instagram.com\/kohvieripood"]}]}},"uagb_featured_image_src":{"full":["https:\/\/kohvieri.ee\/wp-content\/uploads\/2026\/04\/Bredemeijer-teekausid-Jara-komplektis-5-tk.png",1080,1080,false],"thumbnail":["https:\/\/kohvieri.ee\/wp-content\/uploads\/2026\/04\/Bredemeijer-teekausid-Jara-komplektis-5-tk-150x150.png",150,150,true],"medium":["https:\/\/kohvieri.ee\/wp-content\/uploads\/2026\/04\/Bredemeijer-teekausid-Jara-komplektis-5-tk-300x300.png",300,300,true],"medium_large":["https:\/\/kohvieri.ee\/wp-content\/uploads\/2026\/04\/Bredemeijer-teekausid-Jara-komplektis-5-tk-768x768.png",768,768,true],"large":["https:\/\/kohvieri.ee\/wp-content\/uploads\/2026\/04\/Bredemeijer-teekausid-Jara-komplektis-5-tk-1024x1024.png",1024,1024,true],"1536x1536":["https:\/\/kohvieri.ee\/wp-content\/uploads\/2026\/04\/Bredemeijer-teekausid-Jara-komplektis-5-tk.png",1080,1080,false],"2048x2048":["https:\/\/kohvieri.ee\/wp-content\/uploads\/2026\/04\/Bredemeijer-teekausid-Jara-komplektis-5-tk.png",1080,1080,false],"trp-custom-language-flag":["https:\/\/kohvieri.ee\/wp-content\/uploads\/2026\/04\/Bredemeijer-teekausid-Jara-komplektis-5-tk-12x12.png",12,12,true],"woocommerce_thumbnail":["https:\/\/kohvieri.ee\/wp-content\/uploads\/2026\/04\/Bredemeijer-teekausid-Jara-komplektis-5-tk-300x300.png",300,300,true],"woocommerce_single":["https:\/\/kohvieri.ee\/wp-content\/uploads\/2026\/04\/Bredemeijer-teekausid-Jara-komplektis-5-tk-600x600.png",600,600,true],"woocommerce_gallery_thumbnail":["https:\/\/kohvieri.ee\/wp-content\/uploads\/2026\/04\/Bredemeijer-teekausid-Jara-komplektis-5-tk-100x100.png",100,100,true]},"uagb_author_info":{"display_name":"Kohvieri","author_link":"https:\/\/kohvieri.ee\/en\/author\/"},"uagb_comment_info":0,"uagb_excerpt":"\u00a0Jara teekruusid | mitmek\u00fclgne nauding loomulikus lihtsuses \u00a0Jara teekruusidega tood oma koju mitmek\u00fclgse ja stiilse komplekti. See viiest portselanist kruusist koosnev komplekt on peene v\u00e4rvigradiendi ja peene triibulise disainiga, luues rahuliku ja loomuliku ilme. Kruusidel on kompaktne 220 ml mahutavus ja need on k\u00e4es mugavad \u2013 ideaalsed igap\u00e4evasteks teehetkedeks v\u00f5i v\u00e4ikesteks serveerimiskaussideks p\u00e4hklite, \u0161okolaadi v\u00f5i&hellip;","jetpack_sharing_enabled":true,"_links":{"self":[{"href":"https:\/\/kohvieri.ee\/en\/wp-json\/wp\/v2\/product\/16853","targetHints":{"allow":["GET"]}}],"collection":[{"href":"https:\/\/kohvieri.ee\/en\/wp-json\/wp\/v2\/product"}],"about":[{"href":"https:\/\/kohvieri.ee\/en\/wp-json\/wp\/v2\/types\/product"}],"version-history":[{"count":1,"href":"https:\/\/kohvieri.ee\/en\/wp-json\/wp\/v2\/product\/16853\/revisions"}],"predecessor-version":[{"id":16864,"href":"https:\/\/kohvieri.ee\/en\/wp-json\/wp\/v2\/product\/16853\/revisions\/16864"}],"wp:featuredmedia":[{"embeddable":true,"href":"https:\/\/kohvieri.ee\/en\/wp-json\/wp\/v2\/media\/16854"}],"wp:attachment":[{"href":"https:\/\/kohvieri.ee\/en\/wp-json\/wp\/v2\/media?parent=16853"}],"wp:term":[{"taxonomy":"product_brand","embeddable":true,"href":"https:\/\/kohvieri.ee\/en\/wp-json\/wp\/v2\/product_brand?post=16853"},{"taxonomy":"product_cat","embeddable":true,"href":"https:\/\/kohvieri.ee\/en\/wp-json\/wp\/v2\/product_cat?post=16853"},{"taxonomy":"product_tag","embeddable":true,"href":"https:\/\/kohvieri.ee\/en\/wp-json\/wp\/v2\/product_tag?post=16853"}],"curies":[{"name":"wp","href":"https:\/\/api.w.org\/{rel}","templated":true}]}}