{"id":16865,"date":"2026-04-08T20:19:02","date_gmt":"2026-04-08T20:19:02","guid":{"rendered":"https:\/\/kohvieri.ee\/?post_type=product&#038;p=16865"},"modified":"2026-04-09T07:07:26","modified_gmt":"2026-04-09T07:07:26","slug":"bredemeijer-teekann-topeltseinaga-eva-11l-valge","status":"publish","type":"product","link":"https:\/\/kohvieri.ee\/en\/product\/bredemeijer-teekann-topeltseinaga-eva-11l-valge\/","title":{"rendered":"Bredemeijer double-walled metal teapot Eva 1.1l white"},"content":{"rendered":"<div data-elementor-type=\"wp-post\" data-elementor-id=\"16865\" class=\"elementor elementor-16865\">\n\t\t\t\t<div class=\"elementor-element elementor-element-8006cfb e-flex e-con-boxed e-con e-parent\" data-id=\"8006cfb\" data-element_type=\"container\" data-e-type=\"container\">\n\t\t\t\t\t<div class=\"e-con-inner\">\n\t\t\t\t\t<\/div>\n\t\t\t\t<\/div>\n\t\t\t\t<\/div>","protected":false},"excerpt":{"rendered":"<div class=\"product-info-main\">\n<div class=\"product info detailed\">\n<div class=\"product data items mage-tabs-disabled\" role=\"tablist\">\n<div id=\"description\" class=\"data item content\" role=\"tabpanel\" aria-labelledby=\"tab-label-description\" data-role=\"content\" aria-hidden=\"false\">\n<div class=\"product attribute description general_description\">\n<div class=\"value\">\n<p><strong><span dir=\"auto\">\u00a0Eva | subtle simplicity, deep peace<\/span><\/strong><\/p>\n<p><span dir=\"auto\">Eva is an ode to understated beauty. With its soft shapes and pure simplicity, this teapot brings peace to your table and your day. Loved for its timeless design and thoughtful functionality.<\/span><\/p>\n<p><span dir=\"auto\">The double-wall insulation keeps your tea warm for up to an hour without losing any of its aroma or flavor. The specially shaped spout makes pouring effortless and drip-free. The Eva is made from durable, high-quality materials that are designed to last for years. And with the included filter, you can fully enjoy your loose tea or fragrant herbs.<\/span><\/p>\n<p><strong><span dir=\"auto\">Its time to drink tea<\/span><\/strong><span dir=\"auto\">\u00a0\u2013 With its gentle curves, soothing silhouette, and sustainable materials, the teapot is the perfect companion for mindful tea experiences \u2013 both alone and with others.<\/span><\/p>\n<ul>\n<li><strong><span dir=\"auto\">double-walled construction<\/span><\/strong><span dir=\"auto\">\u00a0\u2013 keeps tea warm for up to 60 minutes while preserving its flavor. Allows for natural cooling that brings out the aromas. Optimal performance with at least 90% filling.<\/span><\/li>\n<li><strong><span dir=\"auto\">drip-free pouring<\/span><\/strong><span dir=\"auto\">\u00a0\u2013 The teapot is equipped with a specially shaped spout that prevents dripping while pouring. Smooth and controlled serving.<\/span><\/li>\n<li><strong><span dir=\"auto\">easy to use<\/span><\/strong><span dir=\"auto\">\u00a0\u2013 The teapot has an ergonomically shaped handle that feels good in the hand. The knob and handle only remain warm to the hand.<\/span><\/li>\n<li><strong><span dir=\"auto\">capacity 1.1 liters<\/span><\/strong><span dir=\"auto\"> \u2013 suitable for 5 cups of tea. The perfect size for shared moments.<\/span><\/li>\n<li><strong><span dir=\"auto\">minimalist design with timeless charm<\/span><\/strong><span dir=\"auto\"> \u2013 aesthetic, modest and durable.<\/span><\/li>\n<li><strong><span dir=\"auto\">includes a removable stainless steel tea filter<\/span><\/strong><span dir=\"auto\">\u00a0\u2013 suitable for loose tea and fresh herbs. The fine mesh filter ensures that no tea residue remains in the cup. Easy to clean and dishwasher safe.<\/span><\/li>\n<\/ul>\n<\/div>\n<p>Country of origin: Netherlands<\/p>\n<p><a href=\"https:\/\/kohvieri.ee\/en\/teekannud\/\">Read more about teapots<\/a><\/p>\n<p>&nbsp;<\/p>\n<\/div>\n<\/div>\n<\/div>\n<\/div>\n<\/div>","protected":false},"featured_media":16866,"template":"","meta":{"_uag_custom_page_level_css":"","site-sidebar-layout":"no-sidebar","site-content-layout":"plain-container","ast-site-content-layout":"normal-width-container","site-content-style":"unboxed","site-sidebar-style":"unboxed","ast-global-header-display":"","ast-banner-title-visibility":"","ast-main-header-display":"","ast-hfb-above-header-display":"","ast-hfb-below-header-display":"","ast-hfb-mobile-header-display":"","site-post-title":"disabled","ast-breadcrumbs-content":"","ast-featured-img":"disabled","footer-sml-layout":"","ast-disable-related-posts":"","theme-transparent-header-meta":"default","adv-header-id-meta":"","stick-header-meta":"default","header-above-stick-meta":"","header-main-stick-meta":"","header-below-stick-meta":"","astra-migrate-meta-layouts":"set","ast-page-background-enabled":"default","ast-page-background-meta":{"desktop":{"background-color":"var(--ast-global-color-4)","background-image":"","background-repeat":"repeat","background-position":"center center","background-size":"auto","background-attachment":"scroll","background-type":"","background-media":"","overlay-type":"","overlay-color":"","overlay-opacity":"","overlay-gradient":""},"tablet":{"background-color":"","background-image":"","background-repeat":"repeat","background-position":"center center","background-size":"auto","background-attachment":"scroll","background-type":"","background-media":"","overlay-type":"","overlay-color":"","overlay-opacity":"","overlay-gradient":""},"mobile":{"background-color":"","background-image":"","background-repeat":"repeat","background-position":"center center","background-size":"auto","background-attachment":"scroll","background-type":"","background-media":"","overlay-type":"","overlay-color":"","overlay-opacity":"","overlay-gradient":""}},"ast-content-background-meta":{"desktop":{"background-color":"var(--ast-global-color-5)","background-image":"","background-repeat":"repeat","background-position":"center center","background-size":"auto","background-attachment":"scroll","background-type":"","background-media":"","overlay-type":"","overlay-color":"","overlay-opacity":"","overlay-gradient":""},"tablet":{"background-color":"var(--ast-global-color-5)","background-image":"","background-repeat":"repeat","background-position":"center center","background-size":"auto","background-attachment":"scroll","background-type":"","background-media":"","overlay-type":"","overlay-color":"","overlay-opacity":"","overlay-gradient":""},"mobile":{"background-color":"var(--ast-global-color-5)","background-image":"","background-repeat":"repeat","background-position":"center center","background-size":"auto","background-attachment":"scroll","background-type":"","background-media":"","overlay-type":"","overlay-color":"","overlay-opacity":"","overlay-gradient":""}}},"product_brand":[328],"product_cat":[49,15],"product_tag":[],"class_list":{"0":"post-16865","1":"product","2":"type-product","3":"status-publish","4":"has-post-thumbnail","6":"product_brand-bredemeijer","7":"product_cat-tarvikud","8":"product_cat-teekannud","9":"desktop-align-center","10":"tablet-align-left","11":"mobile-align-left","13":"first","14":"outofstock","15":"taxable","16":"shipping-taxable","17":"purchasable","18":"product-type-simple"},"yoast_head":"<!-- This site is optimized with the Yoast SEO plugin v27.3 - https:\/\/yoast.com\/product\/yoast-seo-wordpress\/ -->\n<title>Bredemeijer teekann topeltseinaga Eva 1,1l valge - Kohvieri<\/title>\n<meta name=\"description\" content=\"Eva on ood tagasihoidlikule ilule. Oma pehmete vormide ja puhta lihtsusega toob see teekann rahu teie lauale ja teie p\u00e4eva.\u00a0\" \/>\n<meta name=\"robots\" content=\"index, follow, max-snippet:-1, max-image-preview:large, max-video-preview:-1\" \/>\n<link rel=\"canonical\" href=\"https:\/\/kohvieri.ee\/en\/product\/bredemeijer-teekann-topeltseinaga-eva-11l-valge\/\" \/>\n<meta property=\"og:locale\" content=\"en_GB\" \/>\n<meta property=\"og:type\" content=\"article\" \/>\n<meta property=\"og:title\" content=\"Bredemeijer teekann topeltseinaga Eva 1,1l valge - Kohvieri\" \/>\n<meta property=\"og:description\" content=\"Eva on ood tagasihoidlikule ilule. Oma pehmete vormide ja puhta lihtsusega toob see teekann rahu teie lauale ja teie p\u00e4eva.\u00a0\" \/>\n<meta property=\"og:url\" content=\"https:\/\/kohvieri.ee\/en\/product\/bredemeijer-teekann-topeltseinaga-eva-11l-valge\/\" \/>\n<meta property=\"og:site_name\" content=\"Kohvieri\" \/>\n<meta property=\"article:publisher\" content=\"https:\/\/www.facebook.com\/kohvieri\" \/>\n<meta property=\"article:modified_time\" content=\"2026-04-09T07:07:26+00:00\" \/>\n<meta property=\"og:image\" content=\"https:\/\/kohvieri.ee\/wp-content\/uploads\/2026\/04\/eva-rrostevaba-teekann.png\" \/>\n\t<meta property=\"og:image:width\" content=\"1080\" \/>\n\t<meta property=\"og:image:height\" content=\"1080\" \/>\n\t<meta property=\"og:image:type\" content=\"image\/png\" \/>\n<meta name=\"twitter:card\" content=\"summary_large_image\" \/>\n<meta name=\"twitter:label1\" content=\"Estimated reading time\" \/>\n\t<meta name=\"twitter:data1\" content=\"1 minute\" \/>\n<script type=\"application\/ld+json\" class=\"yoast-schema-graph\">{\"@context\":\"https:\\\/\\\/schema.org\",\"@graph\":[{\"@type\":\"WebPage\",\"@id\":\"https:\\\/\\\/kohvieri.ee\\\/product\\\/bredemeijer-teekann-topeltseinaga-eva-11l-valge\\\/\",\"url\":\"https:\\\/\\\/kohvieri.ee\\\/product\\\/bredemeijer-teekann-topeltseinaga-eva-11l-valge\\\/\",\"name\":\"Bredemeijer teekann topeltseinaga Eva 1,1l valge - Kohvieri\",\"isPartOf\":{\"@id\":\"https:\\\/\\\/kohvieri.ee\\\/et\\\/#website\"},\"primaryImageOfPage\":{\"@id\":\"https:\\\/\\\/kohvieri.ee\\\/product\\\/bredemeijer-teekann-topeltseinaga-eva-11l-valge\\\/#primaryimage\"},\"image\":{\"@id\":\"https:\\\/\\\/kohvieri.ee\\\/product\\\/bredemeijer-teekann-topeltseinaga-eva-11l-valge\\\/#primaryimage\"},\"thumbnailUrl\":\"https:\\\/\\\/kohvieri.ee\\\/wp-content\\\/uploads\\\/2026\\\/04\\\/eva-rrostevaba-teekann.png\",\"datePublished\":\"2026-04-08T20:19:02+00:00\",\"dateModified\":\"2026-04-09T07:07:26+00:00\",\"description\":\"Eva on ood tagasihoidlikule ilule. Oma pehmete vormide ja puhta lihtsusega toob see teekann rahu teie lauale ja teie p\u00e4eva.\u00a0\",\"breadcrumb\":{\"@id\":\"https:\\\/\\\/kohvieri.ee\\\/product\\\/bredemeijer-teekann-topeltseinaga-eva-11l-valge\\\/#breadcrumb\"},\"inLanguage\":\"en-GB\",\"potentialAction\":[{\"@type\":\"ReadAction\",\"target\":[\"https:\\\/\\\/kohvieri.ee\\\/product\\\/bredemeijer-teekann-topeltseinaga-eva-11l-valge\\\/\"]}]},{\"@type\":\"ImageObject\",\"inLanguage\":\"en-GB\",\"@id\":\"https:\\\/\\\/kohvieri.ee\\\/product\\\/bredemeijer-teekann-topeltseinaga-eva-11l-valge\\\/#primaryimage\",\"url\":\"https:\\\/\\\/kohvieri.ee\\\/wp-content\\\/uploads\\\/2026\\\/04\\\/eva-rrostevaba-teekann.png\",\"contentUrl\":\"https:\\\/\\\/kohvieri.ee\\\/wp-content\\\/uploads\\\/2026\\\/04\\\/eva-rrostevaba-teekann.png\",\"width\":1080,\"height\":1080,\"caption\":\"Bredemeijer teekann topeltseinaga Eva 1,1l valge\"},{\"@type\":\"BreadcrumbList\",\"@id\":\"https:\\\/\\\/kohvieri.ee\\\/product\\\/bredemeijer-teekann-topeltseinaga-eva-11l-valge\\\/#breadcrumb\",\"itemListElement\":[{\"@type\":\"ListItem\",\"position\":1,\"name\":\"Home\",\"item\":\"https:\\\/\\\/kohvieri.ee\\\/et\\\/\"},{\"@type\":\"ListItem\",\"position\":2,\"name\":\"E-pood\",\"item\":\"https:\\\/\\\/kohvieri.ee\\\/et\\\/e-pood\\\/\"},{\"@type\":\"ListItem\",\"position\":3,\"name\":\"Bredemeijer teekann topeltseinaga Eva 1,1l valge\"}]},{\"@type\":\"WebSite\",\"@id\":\"https:\\\/\\\/kohvieri.ee\\\/et\\\/#website\",\"url\":\"https:\\\/\\\/kohvieri.ee\\\/et\\\/\",\"name\":\"Kohvieri\",\"description\":\"Kohvi - ja teepood\",\"publisher\":{\"@id\":\"https:\\\/\\\/kohvieri.ee\\\/et\\\/#organization\"},\"potentialAction\":[{\"@type\":\"SearchAction\",\"target\":{\"@type\":\"EntryPoint\",\"urlTemplate\":\"https:\\\/\\\/kohvieri.ee\\\/et\\\/?s={search_term_string}\"},\"query-input\":{\"@type\":\"PropertyValueSpecification\",\"valueRequired\":true,\"valueName\":\"search_term_string\"}}],\"inLanguage\":\"en-GB\"},{\"@type\":\"Organization\",\"@id\":\"https:\\\/\\\/kohvieri.ee\\\/et\\\/#organization\",\"name\":\"Kohvieri\",\"url\":\"https:\\\/\\\/kohvieri.ee\\\/et\\\/\",\"logo\":{\"@type\":\"ImageObject\",\"inLanguage\":\"en-GB\",\"@id\":\"https:\\\/\\\/kohvieri.ee\\\/et\\\/#\\\/schema\\\/logo\\\/image\\\/\",\"url\":\"https:\\\/\\\/kohvieri.ee\\\/wp-content\\\/uploads\\\/2023\\\/07\\\/07cd6507-9210-4922-a9ff-55a59759ce72-e1689614757153.png\",\"contentUrl\":\"https:\\\/\\\/kohvieri.ee\\\/wp-content\\\/uploads\\\/2023\\\/07\\\/07cd6507-9210-4922-a9ff-55a59759ce72-e1689614757153.png\",\"width\":945,\"height\":318,\"caption\":\" Kohvieri\"},\"image\":{\"@id\":\"https:\\\/\\\/kohvieri.ee\\\/et\\\/#\\\/schema\\\/logo\\\/image\\\/\"},\"sameAs\":[\"https:\\\/\\\/www.facebook.com\\\/kohvieri\",\"https:\\\/\\\/www.instagram.com\\\/kohvieripood\"]}]}<\/script>\n<!-- \/ Yoast SEO plugin. -->","yoast_head_json":{"title":"Bredemeijer teekann topeltseinaga Eva 1,1l valge - Kohvieri","description":"Eva on ood tagasihoidlikule ilule. Oma pehmete vormide ja puhta lihtsusega toob see teekann rahu teie lauale ja teie p\u00e4eva.\u00a0","robots":{"index":"index","follow":"follow","max-snippet":"max-snippet:-1","max-image-preview":"max-image-preview:large","max-video-preview":"max-video-preview:-1"},"canonical":"https:\/\/kohvieri.ee\/en\/product\/bredemeijer-teekann-topeltseinaga-eva-11l-valge\/","og_locale":"en_GB","og_type":"article","og_title":"Bredemeijer teekann topeltseinaga Eva 1,1l valge - Kohvieri","og_description":"Eva on ood tagasihoidlikule ilule. Oma pehmete vormide ja puhta lihtsusega toob see teekann rahu teie lauale ja teie p\u00e4eva.\u00a0","og_url":"https:\/\/kohvieri.ee\/en\/product\/bredemeijer-teekann-topeltseinaga-eva-11l-valge\/","og_site_name":"Kohvieri","article_publisher":"https:\/\/www.facebook.com\/kohvieri","article_modified_time":"2026-04-09T07:07:26+00:00","og_image":[{"width":1080,"height":1080,"url":"https:\/\/kohvieri.ee\/wp-content\/uploads\/2026\/04\/eva-rrostevaba-teekann.png","type":"image\/png"}],"twitter_card":"summary_large_image","twitter_misc":{"Estimated reading time":"1 minute"},"schema":{"@context":"https:\/\/schema.org","@graph":[{"@type":"WebPage","@id":"https:\/\/kohvieri.ee\/product\/bredemeijer-teekann-topeltseinaga-eva-11l-valge\/","url":"https:\/\/kohvieri.ee\/product\/bredemeijer-teekann-topeltseinaga-eva-11l-valge\/","name":"Bredemeijer teekann topeltseinaga Eva 1,1l valge - Kohvieri","isPartOf":{"@id":"https:\/\/kohvieri.ee\/et\/#website"},"primaryImageOfPage":{"@id":"https:\/\/kohvieri.ee\/product\/bredemeijer-teekann-topeltseinaga-eva-11l-valge\/#primaryimage"},"image":{"@id":"https:\/\/kohvieri.ee\/product\/bredemeijer-teekann-topeltseinaga-eva-11l-valge\/#primaryimage"},"thumbnailUrl":"https:\/\/kohvieri.ee\/wp-content\/uploads\/2026\/04\/eva-rrostevaba-teekann.png","datePublished":"2026-04-08T20:19:02+00:00","dateModified":"2026-04-09T07:07:26+00:00","description":"Eva on ood tagasihoidlikule ilule. Oma pehmete vormide ja puhta lihtsusega toob see teekann rahu teie lauale ja teie p\u00e4eva.\u00a0","breadcrumb":{"@id":"https:\/\/kohvieri.ee\/product\/bredemeijer-teekann-topeltseinaga-eva-11l-valge\/#breadcrumb"},"inLanguage":"en-GB","potentialAction":[{"@type":"ReadAction","target":["https:\/\/kohvieri.ee\/product\/bredemeijer-teekann-topeltseinaga-eva-11l-valge\/"]}]},{"@type":"ImageObject","inLanguage":"en-GB","@id":"https:\/\/kohvieri.ee\/product\/bredemeijer-teekann-topeltseinaga-eva-11l-valge\/#primaryimage","url":"https:\/\/kohvieri.ee\/wp-content\/uploads\/2026\/04\/eva-rrostevaba-teekann.png","contentUrl":"https:\/\/kohvieri.ee\/wp-content\/uploads\/2026\/04\/eva-rrostevaba-teekann.png","width":1080,"height":1080,"caption":"Bredemeijer teekann topeltseinaga Eva 1,1l valge"},{"@type":"BreadcrumbList","@id":"https:\/\/kohvieri.ee\/product\/bredemeijer-teekann-topeltseinaga-eva-11l-valge\/#breadcrumb","itemListElement":[{"@type":"ListItem","position":1,"name":"Home","item":"https:\/\/kohvieri.ee\/et\/"},{"@type":"ListItem","position":2,"name":"E-pood","item":"https:\/\/kohvieri.ee\/et\/e-pood\/"},{"@type":"ListItem","position":3,"name":"Bredemeijer teekann topeltseinaga Eva 1,1l valge"}]},{"@type":"WebSite","@id":"https:\/\/kohvieri.ee\/et\/#website","url":"https:\/\/kohvieri.ee\/et\/","name":"Kohvieri","description":"Kohvi - ja teepood","publisher":{"@id":"https:\/\/kohvieri.ee\/et\/#organization"},"potentialAction":[{"@type":"SearchAction","target":{"@type":"EntryPoint","urlTemplate":"https:\/\/kohvieri.ee\/et\/?s={search_term_string}"},"query-input":{"@type":"PropertyValueSpecification","valueRequired":true,"valueName":"search_term_string"}}],"inLanguage":"en-GB"},{"@type":"Organization","@id":"https:\/\/kohvieri.ee\/et\/#organization","name":"Kohvieri","url":"https:\/\/kohvieri.ee\/et\/","logo":{"@type":"ImageObject","inLanguage":"en-GB","@id":"https:\/\/kohvieri.ee\/et\/#\/schema\/logo\/image\/","url":"https:\/\/kohvieri.ee\/wp-content\/uploads\/2023\/07\/07cd6507-9210-4922-a9ff-55a59759ce72-e1689614757153.png","contentUrl":"https:\/\/kohvieri.ee\/wp-content\/uploads\/2023\/07\/07cd6507-9210-4922-a9ff-55a59759ce72-e1689614757153.png","width":945,"height":318,"caption":" Kohvieri"},"image":{"@id":"https:\/\/kohvieri.ee\/et\/#\/schema\/logo\/image\/"},"sameAs":["https:\/\/www.facebook.com\/kohvieri","https:\/\/www.instagram.com\/kohvieripood"]}]}},"uagb_featured_image_src":{"full":["https:\/\/kohvieri.ee\/wp-content\/uploads\/2026\/04\/eva-rrostevaba-teekann.png",1080,1080,false],"thumbnail":["https:\/\/kohvieri.ee\/wp-content\/uploads\/2026\/04\/eva-rrostevaba-teekann-150x150.png",150,150,true],"medium":["https:\/\/kohvieri.ee\/wp-content\/uploads\/2026\/04\/eva-rrostevaba-teekann-300x300.png",300,300,true],"medium_large":["https:\/\/kohvieri.ee\/wp-content\/uploads\/2026\/04\/eva-rrostevaba-teekann-768x768.png",768,768,true],"large":["https:\/\/kohvieri.ee\/wp-content\/uploads\/2026\/04\/eva-rrostevaba-teekann-1024x1024.png",1024,1024,true],"1536x1536":["https:\/\/kohvieri.ee\/wp-content\/uploads\/2026\/04\/eva-rrostevaba-teekann.png",1080,1080,false],"2048x2048":["https:\/\/kohvieri.ee\/wp-content\/uploads\/2026\/04\/eva-rrostevaba-teekann.png",1080,1080,false],"trp-custom-language-flag":["https:\/\/kohvieri.ee\/wp-content\/uploads\/2026\/04\/eva-rrostevaba-teekann-12x12.png",12,12,true],"woocommerce_thumbnail":["https:\/\/kohvieri.ee\/wp-content\/uploads\/2026\/04\/eva-rrostevaba-teekann-300x300.png",300,300,true],"woocommerce_single":["https:\/\/kohvieri.ee\/wp-content\/uploads\/2026\/04\/eva-rrostevaba-teekann-600x600.png",600,600,true],"woocommerce_gallery_thumbnail":["https:\/\/kohvieri.ee\/wp-content\/uploads\/2026\/04\/eva-rrostevaba-teekann-100x100.png",100,100,true]},"uagb_author_info":{"display_name":"Kohvieri","author_link":"https:\/\/kohvieri.ee\/en\/author\/"},"uagb_comment_info":0,"uagb_excerpt":"\u00a0Eva | peen lihtsus, s\u00fcgav rahu Eva on ood tagasihoidlikule ilule. Oma pehmete vormide ja puhta lihtsusega toob see teekann rahu teie lauale ja teie p\u00e4eva.\u00a0 Armastatakse ajatu disaini ja l\u00e4bim\u00f5eldud funktsionaalsuse poolest. Topelt isoleeriv sein hoiab teed soojas kuni tund aega, kaotamata aroomi v\u00f5i maitset. T\u00e4nu spetsiaalselt vormitud tilale on valamine vaevatu ja tilkumisvaba.&hellip;","jetpack_sharing_enabled":true,"_links":{"self":[{"href":"https:\/\/kohvieri.ee\/en\/wp-json\/wp\/v2\/product\/16865","targetHints":{"allow":["GET"]}}],"collection":[{"href":"https:\/\/kohvieri.ee\/en\/wp-json\/wp\/v2\/product"}],"about":[{"href":"https:\/\/kohvieri.ee\/en\/wp-json\/wp\/v2\/types\/product"}],"version-history":[{"count":1,"href":"https:\/\/kohvieri.ee\/en\/wp-json\/wp\/v2\/product\/16865\/revisions"}],"predecessor-version":[{"id":16874,"href":"https:\/\/kohvieri.ee\/en\/wp-json\/wp\/v2\/product\/16865\/revisions\/16874"}],"wp:featuredmedia":[{"embeddable":true,"href":"https:\/\/kohvieri.ee\/en\/wp-json\/wp\/v2\/media\/16866"}],"wp:attachment":[{"href":"https:\/\/kohvieri.ee\/en\/wp-json\/wp\/v2\/media?parent=16865"}],"wp:term":[{"taxonomy":"product_brand","embeddable":true,"href":"https:\/\/kohvieri.ee\/en\/wp-json\/wp\/v2\/product_brand?post=16865"},{"taxonomy":"product_cat","embeddable":true,"href":"https:\/\/kohvieri.ee\/en\/wp-json\/wp\/v2\/product_cat?post=16865"},{"taxonomy":"product_tag","embeddable":true,"href":"https:\/\/kohvieri.ee\/en\/wp-json\/wp\/v2\/product_tag?post=16865"}],"curies":[{"name":"wp","href":"https:\/\/api.w.org\/{rel}","templated":true}]}}