{"id":5870,"date":"2023-06-06T13:57:52","date_gmt":"2023-06-06T13:57:52","guid":{"rendered":"https:\/\/kohvieri.ee\/?post_type=product&#038;p=5870"},"modified":"2026-01-27T18:27:05","modified_gmt":"2026-01-27T18:27:05","slug":"draakonivilja-tee","status":"publish","type":"product","link":"https:\/\/kohvieri.ee\/en\/product\/draakonivilja-tee\/","title":{"rendered":"Draakonivilja Tee"},"content":{"rendered":"<div data-elementor-type=\"wp-post\" data-elementor-id=\"5870\" class=\"elementor elementor-5870\">\n\t\t\t\t<div class=\"elementor-element elementor-element-3fb71fd e-flex e-con-boxed e-con e-parent\" data-id=\"3fb71fd\" data-element_type=\"container\" data-e-type=\"container\">\n\t\t\t\t\t<div class=\"e-con-inner\">\n\t\t<div class=\"elementor-element elementor-element-e0da1d7 e-con-full e-flex e-con e-child\" data-id=\"e0da1d7\" data-element_type=\"container\" data-e-type=\"container\">\n\t\t\t\t<div class=\"elementor-element elementor-element-76fa31f9 elementor-widget__width-initial e-transform elementor-position-top exad-sticky-section-no exad-glass-effect-no elementor-widget elementor-widget-image-box\" data-id=\"76fa31f9\" data-element_type=\"widget\" data-e-type=\"widget\" data-settings=\"{&quot;_transform_translateX_effect&quot;:{&quot;unit&quot;:&quot;px&quot;,&quot;size&quot;:2,&quot;sizes&quot;:[]},&quot;_transform_translateY_effect&quot;:{&quot;unit&quot;:&quot;px&quot;,&quot;size&quot;:-9,&quot;sizes&quot;:[]},&quot;_transform_translateX_effect_tablet&quot;:{&quot;unit&quot;:&quot;px&quot;,&quot;size&quot;:&quot;&quot;,&quot;sizes&quot;:[]},&quot;_transform_translateX_effect_mobile&quot;:{&quot;unit&quot;:&quot;px&quot;,&quot;size&quot;:&quot;&quot;,&quot;sizes&quot;:[]},&quot;_transform_translateY_effect_tablet&quot;:{&quot;unit&quot;:&quot;px&quot;,&quot;size&quot;:&quot;&quot;,&quot;sizes&quot;:[]},&quot;_transform_translateY_effect_mobile&quot;:{&quot;unit&quot;:&quot;px&quot;,&quot;size&quot;:&quot;&quot;,&quot;sizes&quot;:[]}}\" data-widget_type=\"image-box.default\">\n\t\t\t\t<div class=\"elementor-widget-container\">\n\t\t\t\t\t<div class=\"elementor-image-box-wrapper\"><figure class=\"elementor-image-box-img\"><img fetchpriority=\"high\" decoding=\"async\" width=\"500\" height=\"500\" src=\"https:\/\/kohvieri.ee\/wp-content\/uploads\/2023\/08\/2gr.png\" class=\"attachment-1536x1536 size-1536x1536 wp-image-10475\" alt=\"\" srcset=\"https:\/\/kohvieri.ee\/wp-content\/uploads\/2023\/08\/2gr.png 500w, https:\/\/kohvieri.ee\/wp-content\/uploads\/2023\/08\/2gr-300x300.png 300w, https:\/\/kohvieri.ee\/wp-content\/uploads\/2023\/08\/2gr-150x150.png 150w, https:\/\/kohvieri.ee\/wp-content\/uploads\/2023\/08\/2gr-12x12.png 12w, https:\/\/kohvieri.ee\/wp-content\/uploads\/2023\/08\/2gr-100x100.png 100w\" sizes=\"(max-width: 500px) 100vw, 500px\" \/><\/figure><div class=\"elementor-image-box-content\"><h3 class=\"elementor-image-box-title\">2gr (1tsp) per 200ml of water.<\/h3><\/div><\/div>\t\t\t\t<\/div>\n\t\t\t\t<\/div>\n\t\t\t\t<\/div>\n\t\t<div class=\"elementor-element elementor-element-68ccc274 e-con-full e-flex e-con e-child\" data-id=\"68ccc274\" data-element_type=\"container\" data-e-type=\"container\">\n\t\t\t\t<div class=\"elementor-element elementor-element-5f5d01d9 e-transform elementor-position-top exad-sticky-section-no exad-glass-effect-no elementor-widget elementor-widget-image-box\" data-id=\"5f5d01d9\" data-element_type=\"widget\" data-e-type=\"widget\" data-settings=\"{&quot;_transform_translateX_effect&quot;:{&quot;unit&quot;:&quot;px&quot;,&quot;size&quot;:-16,&quot;sizes&quot;:[]},&quot;_transform_translateY_effect&quot;:{&quot;unit&quot;:&quot;px&quot;,&quot;size&quot;:-1,&quot;sizes&quot;:[]},&quot;_transform_translateX_effect_tablet&quot;:{&quot;unit&quot;:&quot;px&quot;,&quot;size&quot;:&quot;&quot;,&quot;sizes&quot;:[]},&quot;_transform_translateX_effect_mobile&quot;:{&quot;unit&quot;:&quot;px&quot;,&quot;size&quot;:&quot;&quot;,&quot;sizes&quot;:[]},&quot;_transform_translateY_effect_tablet&quot;:{&quot;unit&quot;:&quot;px&quot;,&quot;size&quot;:&quot;&quot;,&quot;sizes&quot;:[]},&quot;_transform_translateY_effect_mobile&quot;:{&quot;unit&quot;:&quot;px&quot;,&quot;size&quot;:&quot;&quot;,&quot;sizes&quot;:[]}}\" data-widget_type=\"image-box.default\">\n\t\t\t\t<div class=\"elementor-widget-container\">\n\t\t\t\t\t<div class=\"elementor-image-box-wrapper\"><figure class=\"elementor-image-box-img\"><img decoding=\"async\" width=\"500\" height=\"500\" src=\"https:\/\/kohvieri.ee\/wp-content\/uploads\/2023\/06\/Gray.png\" class=\"attachment-large size-large wp-image-7993\" alt=\"\" srcset=\"https:\/\/kohvieri.ee\/wp-content\/uploads\/2023\/06\/Gray.png 500w, https:\/\/kohvieri.ee\/wp-content\/uploads\/2023\/06\/Gray-300x300.png 300w, https:\/\/kohvieri.ee\/wp-content\/uploads\/2023\/06\/Gray-150x150.png 150w, https:\/\/kohvieri.ee\/wp-content\/uploads\/2023\/06\/Gray-12x12.png 12w, https:\/\/kohvieri.ee\/wp-content\/uploads\/2023\/06\/Gray-100x100.png 100w\" sizes=\"(max-width: 500px) 100vw, 500px\" \/><\/figure><div class=\"elementor-image-box-content\"><h3 class=\"elementor-image-box-title\">80\u00b0- 90\u00b0C water temperature<\/h3><\/div><\/div>\t\t\t\t<\/div>\n\t\t\t\t<\/div>\n\t\t\t\t<\/div>\n\t\t<div class=\"elementor-element elementor-element-2750623c e-con-full e-flex e-con e-child\" data-id=\"2750623c\" data-element_type=\"container\" data-e-type=\"container\">\n\t\t\t\t<div class=\"elementor-element elementor-element-45dfb96b e-transform elementor-position-top exad-sticky-section-no exad-glass-effect-no elementor-widget elementor-widget-image-box\" data-id=\"45dfb96b\" data-element_type=\"widget\" data-e-type=\"widget\" data-settings=\"{&quot;_transform_translateY_effect&quot;:{&quot;unit&quot;:&quot;px&quot;,&quot;size&quot;:-11,&quot;sizes&quot;:[]},&quot;_transform_translateX_effect&quot;:{&quot;unit&quot;:&quot;px&quot;,&quot;size&quot;:&quot;&quot;,&quot;sizes&quot;:[]},&quot;_transform_translateX_effect_tablet&quot;:{&quot;unit&quot;:&quot;px&quot;,&quot;size&quot;:&quot;&quot;,&quot;sizes&quot;:[]},&quot;_transform_translateX_effect_mobile&quot;:{&quot;unit&quot;:&quot;px&quot;,&quot;size&quot;:&quot;&quot;,&quot;sizes&quot;:[]},&quot;_transform_translateY_effect_tablet&quot;:{&quot;unit&quot;:&quot;px&quot;,&quot;size&quot;:&quot;&quot;,&quot;sizes&quot;:[]},&quot;_transform_translateY_effect_mobile&quot;:{&quot;unit&quot;:&quot;px&quot;,&quot;size&quot;:&quot;&quot;,&quot;sizes&quot;:[]}}\" data-widget_type=\"image-box.default\">\n\t\t\t\t<div class=\"elementor-widget-container\">\n\t\t\t\t\t<div class=\"elementor-image-box-wrapper\"><figure class=\"elementor-image-box-img\"><img decoding=\"async\" width=\"500\" height=\"500\" src=\"https:\/\/kohvieri.ee\/wp-content\/uploads\/2023\/06\/Beige-Green-Minimalist-Organic-Shop-Logo-2.png\" class=\"attachment-full size-full wp-image-8043\" alt=\"\" srcset=\"https:\/\/kohvieri.ee\/wp-content\/uploads\/2023\/06\/Beige-Green-Minimalist-Organic-Shop-Logo-2.png 500w, https:\/\/kohvieri.ee\/wp-content\/uploads\/2023\/06\/Beige-Green-Minimalist-Organic-Shop-Logo-2-300x300.png 300w, https:\/\/kohvieri.ee\/wp-content\/uploads\/2023\/06\/Beige-Green-Minimalist-Organic-Shop-Logo-2-150x150.png 150w, https:\/\/kohvieri.ee\/wp-content\/uploads\/2023\/06\/Beige-Green-Minimalist-Organic-Shop-Logo-2-12x12.png 12w, https:\/\/kohvieri.ee\/wp-content\/uploads\/2023\/06\/Beige-Green-Minimalist-Organic-Shop-Logo-2-100x100.png 100w\" sizes=\"(max-width: 500px) 100vw, 500px\" \/><\/figure><div class=\"elementor-image-box-content\"><h3 class=\"elementor-image-box-title\">2-3 minutes brewing time<\/h3><\/div><\/div>\t\t\t\t<\/div>\n\t\t\t\t<\/div>\n\t\t\t\t<\/div>\n\t\t\t\t\t<\/div>\n\t\t\t\t<\/div>\n\t\t\t\t<\/div>","protected":false},"excerpt":{"rendered":"<p>Ingredients: Japanese green tea 74% Sencha, Kukicha, Chinese white tea 5% Pai Mu Tan, dragon fruit pieces (rice flour), lemon grass, kiwi, raspberry, pomegranate pieces, natural aroma.<\/p>\n<p><a href=\"https:\/\/kohvieri.ee\/en\/teedest\/\">Read more about teas<\/a><\/p>\n<div>\n<p>&nbsp;<\/p>\n<\/div>","protected":false},"featured_media":7964,"template":"","meta":{"_uag_custom_page_level_css":"","site-sidebar-layout":"default","site-content-layout":"default","ast-site-content-layout":"default","site-content-style":"default","site-sidebar-style":"default","ast-global-header-display":"","ast-banner-title-visibility":"","ast-main-header-display":"","ast-hfb-above-header-display":"","ast-hfb-below-header-display":"","ast-hfb-mobile-header-display":"","site-post-title":"","ast-breadcrumbs-content":"","ast-featured-img":"","footer-sml-layout":"","ast-disable-related-posts":"","theme-transparent-header-meta":"default","adv-header-id-meta":"","stick-header-meta":"default","header-above-stick-meta":"","header-main-stick-meta":"","header-below-stick-meta":"","astra-migrate-meta-layouts":"set","ast-page-background-enabled":"default","ast-page-background-meta":{"desktop":{"background-color":"var(--ast-global-color-4)","background-image":"","background-repeat":"repeat","background-position":"center center","background-size":"auto","background-attachment":"scroll","background-type":"","background-media":"","overlay-type":"","overlay-color":"","overlay-opacity":"","overlay-gradient":""},"tablet":{"background-color":"","background-image":"","background-repeat":"repeat","background-position":"center center","background-size":"auto","background-attachment":"scroll","background-type":"","background-media":"","overlay-type":"","overlay-color":"","overlay-opacity":"","overlay-gradient":""},"mobile":{"background-color":"","background-image":"","background-repeat":"repeat","background-position":"center center","background-size":"auto","background-attachment":"scroll","background-type":"","background-media":"","overlay-type":"","overlay-color":"","overlay-opacity":"","overlay-gradient":""}},"ast-content-background-meta":{"desktop":{"background-color":"var(--ast-global-color-5)","background-image":"","background-repeat":"repeat","background-position":"center center","background-size":"auto","background-attachment":"scroll","background-type":"","background-media":"","overlay-type":"","overlay-color":"","overlay-opacity":"","overlay-gradient":""},"tablet":{"background-color":"var(--ast-global-color-5)","background-image":"","background-repeat":"repeat","background-position":"center center","background-size":"auto","background-attachment":"scroll","background-type":"","background-media":"","overlay-type":"","overlay-color":"","overlay-opacity":"","overlay-gradient":""},"mobile":{"background-color":"var(--ast-global-color-5)","background-image":"","background-repeat":"repeat","background-position":"center center","background-size":"auto","background-attachment":"scroll","background-type":"","background-media":"","overlay-type":"","overlay-color":"","overlay-opacity":"","overlay-gradient":""}}},"product_brand":[],"product_cat":[82,47,107],"product_tag":[255,283,282,112,202],"class_list":{"0":"post-5870","1":"product","2":"type-product","3":"status-publish","4":"has-post-thumbnail","6":"product_cat-roheline-tee","7":"product_cat-teed","8":"product_cat-valge-tee","9":"product_tag-draakonivili","10":"product_tag-granaatoun","11":"product_tag-kiivi","12":"product_tag-sidrunhein","13":"product_tag-vaarikas","14":"desktop-align-center","15":"tablet-align-left","16":"mobile-align-left","18":"first","19":"outofstock","20":"taxable","21":"shipping-taxable","22":"purchasable","23":"product-type-variable"},"yoast_head":"<!-- This site is optimized with the Yoast SEO plugin v27.5 - https:\/\/yoast.com\/product\/yoast-seo-wordpress\/ -->\n<title>Draakonivilja Tee - Kohvieri<\/title>\n<meta name=\"robots\" content=\"index, follow, max-snippet:-1, max-image-preview:large, max-video-preview:-1\" \/>\n<link rel=\"canonical\" href=\"https:\/\/kohvieri.ee\/en\/product\/draakonivilja-tee\/\" \/>\n<meta property=\"og:locale\" content=\"en_GB\" \/>\n<meta property=\"og:type\" content=\"article\" \/>\n<meta property=\"og:title\" content=\"Draakonivilja Tee - Kohvieri\" \/>\n<meta property=\"og:description\" content=\"Koostisosad: Jaapani roheline tee 74% Sencha, Kukicha, Hiina valge tee 5% Pai Mu Tan , draakoonivilja t\u00fckid (riisijahu), sidrunhein, kiivi, vaarika, granaat\u00f5una t\u00fckid, looduslik aroomi.  Loe teedest edasi   &nbsp;\" \/>\n<meta property=\"og:url\" content=\"https:\/\/kohvieri.ee\/en\/product\/draakonivilja-tee\/\" \/>\n<meta property=\"og:site_name\" content=\"Kohvieri\" \/>\n<meta property=\"article:publisher\" content=\"https:\/\/www.facebook.com\/kohvieri\" \/>\n<meta property=\"article:modified_time\" content=\"2026-01-27T18:27:05+00:00\" \/>\n<meta property=\"og:image\" content=\"https:\/\/kohvieri.ee\/wp-content\/uploads\/2023\/06\/Untitled-design-2023-07-26T190937.575.png\" \/>\n\t<meta property=\"og:image:width\" content=\"600\" \/>\n\t<meta property=\"og:image:height\" content=\"600\" \/>\n\t<meta property=\"og:image:type\" content=\"image\/png\" \/>\n<meta name=\"twitter:card\" content=\"summary_large_image\" \/>\n<meta name=\"twitter:label1\" content=\"Estimated reading time\" \/>\n\t<meta name=\"twitter:data1\" content=\"1 minute\" \/>\n<script type=\"application\/ld+json\" class=\"yoast-schema-graph\">{\"@context\":\"https:\\\/\\\/schema.org\",\"@graph\":[{\"@type\":\"WebPage\",\"@id\":\"https:\\\/\\\/kohvieri.ee\\\/product\\\/draakonivilja-tee\\\/\",\"url\":\"https:\\\/\\\/kohvieri.ee\\\/product\\\/draakonivilja-tee\\\/\",\"name\":\"Draakonivilja Tee - Kohvieri\",\"isPartOf\":{\"@id\":\"https:\\\/\\\/kohvieri.ee\\\/et\\\/#website\"},\"primaryImageOfPage\":{\"@id\":\"https:\\\/\\\/kohvieri.ee\\\/product\\\/draakonivilja-tee\\\/#primaryimage\"},\"image\":{\"@id\":\"https:\\\/\\\/kohvieri.ee\\\/product\\\/draakonivilja-tee\\\/#primaryimage\"},\"thumbnailUrl\":\"https:\\\/\\\/kohvieri.ee\\\/wp-content\\\/uploads\\\/2023\\\/06\\\/Untitled-design-2023-07-26T190937.575.png\",\"datePublished\":\"2023-06-06T13:57:52+00:00\",\"dateModified\":\"2026-01-27T18:27:05+00:00\",\"breadcrumb\":{\"@id\":\"https:\\\/\\\/kohvieri.ee\\\/product\\\/draakonivilja-tee\\\/#breadcrumb\"},\"inLanguage\":\"en-GB\",\"potentialAction\":[{\"@type\":\"ReadAction\",\"target\":[\"https:\\\/\\\/kohvieri.ee\\\/product\\\/draakonivilja-tee\\\/\"]}]},{\"@type\":\"ImageObject\",\"inLanguage\":\"en-GB\",\"@id\":\"https:\\\/\\\/kohvieri.ee\\\/product\\\/draakonivilja-tee\\\/#primaryimage\",\"url\":\"https:\\\/\\\/kohvieri.ee\\\/wp-content\\\/uploads\\\/2023\\\/06\\\/Untitled-design-2023-07-26T190937.575.png\",\"contentUrl\":\"https:\\\/\\\/kohvieri.ee\\\/wp-content\\\/uploads\\\/2023\\\/06\\\/Untitled-design-2023-07-26T190937.575.png\",\"width\":600,\"height\":600,\"caption\":\"Draakonivilja Tee\"},{\"@type\":\"BreadcrumbList\",\"@id\":\"https:\\\/\\\/kohvieri.ee\\\/product\\\/draakonivilja-tee\\\/#breadcrumb\",\"itemListElement\":[{\"@type\":\"ListItem\",\"position\":1,\"name\":\"Home\",\"item\":\"https:\\\/\\\/kohvieri.ee\\\/et\\\/\"},{\"@type\":\"ListItem\",\"position\":2,\"name\":\"E-pood\",\"item\":\"https:\\\/\\\/kohvieri.ee\\\/et\\\/e-pood\\\/\"},{\"@type\":\"ListItem\",\"position\":3,\"name\":\"Draakonivilja Tee\"}]},{\"@type\":\"WebSite\",\"@id\":\"https:\\\/\\\/kohvieri.ee\\\/et\\\/#website\",\"url\":\"https:\\\/\\\/kohvieri.ee\\\/et\\\/\",\"name\":\"Kohvieri\",\"description\":\"Kohvi - ja teepood\",\"publisher\":{\"@id\":\"https:\\\/\\\/kohvieri.ee\\\/et\\\/#organization\"},\"potentialAction\":[{\"@type\":\"SearchAction\",\"target\":{\"@type\":\"EntryPoint\",\"urlTemplate\":\"https:\\\/\\\/kohvieri.ee\\\/et\\\/?s={search_term_string}\"},\"query-input\":{\"@type\":\"PropertyValueSpecification\",\"valueRequired\":true,\"valueName\":\"search_term_string\"}}],\"inLanguage\":\"en-GB\"},{\"@type\":\"Organization\",\"@id\":\"https:\\\/\\\/kohvieri.ee\\\/et\\\/#organization\",\"name\":\"Kohvieri\",\"url\":\"https:\\\/\\\/kohvieri.ee\\\/et\\\/\",\"logo\":{\"@type\":\"ImageObject\",\"inLanguage\":\"en-GB\",\"@id\":\"https:\\\/\\\/kohvieri.ee\\\/et\\\/#\\\/schema\\\/logo\\\/image\\\/\",\"url\":\"https:\\\/\\\/kohvieri.ee\\\/wp-content\\\/uploads\\\/2023\\\/07\\\/07cd6507-9210-4922-a9ff-55a59759ce72-e1689614757153.png\",\"contentUrl\":\"https:\\\/\\\/kohvieri.ee\\\/wp-content\\\/uploads\\\/2023\\\/07\\\/07cd6507-9210-4922-a9ff-55a59759ce72-e1689614757153.png\",\"width\":945,\"height\":318,\"caption\":\" Kohvieri\"},\"image\":{\"@id\":\"https:\\\/\\\/kohvieri.ee\\\/et\\\/#\\\/schema\\\/logo\\\/image\\\/\"},\"sameAs\":[\"https:\\\/\\\/www.facebook.com\\\/kohvieri\",\"https:\\\/\\\/www.instagram.com\\\/kohvieripood\"]}]}<\/script>\n<!-- \/ Yoast SEO plugin. -->","yoast_head_json":{"title":"Draakonivilja Tee - Kohvieri","robots":{"index":"index","follow":"follow","max-snippet":"max-snippet:-1","max-image-preview":"max-image-preview:large","max-video-preview":"max-video-preview:-1"},"canonical":"https:\/\/kohvieri.ee\/en\/product\/draakonivilja-tee\/","og_locale":"en_GB","og_type":"article","og_title":"Draakonivilja Tee - Kohvieri","og_description":"Koostisosad: Jaapani roheline tee 74% Sencha, Kukicha, Hiina valge tee 5% Pai Mu Tan , draakoonivilja t\u00fckid (riisijahu), sidrunhein, kiivi, vaarika, granaat\u00f5una t\u00fckid, looduslik aroomi.  Loe teedest edasi   &nbsp;","og_url":"https:\/\/kohvieri.ee\/en\/product\/draakonivilja-tee\/","og_site_name":"Kohvieri","article_publisher":"https:\/\/www.facebook.com\/kohvieri","article_modified_time":"2026-01-27T18:27:05+00:00","og_image":[{"width":600,"height":600,"url":"https:\/\/kohvieri.ee\/wp-content\/uploads\/2023\/06\/Untitled-design-2023-07-26T190937.575.png","type":"image\/png"}],"twitter_card":"summary_large_image","twitter_misc":{"Estimated reading time":"1 minute"},"schema":{"@context":"https:\/\/schema.org","@graph":[{"@type":"WebPage","@id":"https:\/\/kohvieri.ee\/product\/draakonivilja-tee\/","url":"https:\/\/kohvieri.ee\/product\/draakonivilja-tee\/","name":"Draakonivilja Tee - Kohvieri","isPartOf":{"@id":"https:\/\/kohvieri.ee\/et\/#website"},"primaryImageOfPage":{"@id":"https:\/\/kohvieri.ee\/product\/draakonivilja-tee\/#primaryimage"},"image":{"@id":"https:\/\/kohvieri.ee\/product\/draakonivilja-tee\/#primaryimage"},"thumbnailUrl":"https:\/\/kohvieri.ee\/wp-content\/uploads\/2023\/06\/Untitled-design-2023-07-26T190937.575.png","datePublished":"2023-06-06T13:57:52+00:00","dateModified":"2026-01-27T18:27:05+00:00","breadcrumb":{"@id":"https:\/\/kohvieri.ee\/product\/draakonivilja-tee\/#breadcrumb"},"inLanguage":"en-GB","potentialAction":[{"@type":"ReadAction","target":["https:\/\/kohvieri.ee\/product\/draakonivilja-tee\/"]}]},{"@type":"ImageObject","inLanguage":"en-GB","@id":"https:\/\/kohvieri.ee\/product\/draakonivilja-tee\/#primaryimage","url":"https:\/\/kohvieri.ee\/wp-content\/uploads\/2023\/06\/Untitled-design-2023-07-26T190937.575.png","contentUrl":"https:\/\/kohvieri.ee\/wp-content\/uploads\/2023\/06\/Untitled-design-2023-07-26T190937.575.png","width":600,"height":600,"caption":"Draakonivilja Tee"},{"@type":"BreadcrumbList","@id":"https:\/\/kohvieri.ee\/product\/draakonivilja-tee\/#breadcrumb","itemListElement":[{"@type":"ListItem","position":1,"name":"Home","item":"https:\/\/kohvieri.ee\/et\/"},{"@type":"ListItem","position":2,"name":"E-pood","item":"https:\/\/kohvieri.ee\/et\/e-pood\/"},{"@type":"ListItem","position":3,"name":"Draakonivilja Tee"}]},{"@type":"WebSite","@id":"https:\/\/kohvieri.ee\/et\/#website","url":"https:\/\/kohvieri.ee\/et\/","name":"Kohvieri","description":"Kohvi - ja teepood","publisher":{"@id":"https:\/\/kohvieri.ee\/et\/#organization"},"potentialAction":[{"@type":"SearchAction","target":{"@type":"EntryPoint","urlTemplate":"https:\/\/kohvieri.ee\/et\/?s={search_term_string}"},"query-input":{"@type":"PropertyValueSpecification","valueRequired":true,"valueName":"search_term_string"}}],"inLanguage":"en-GB"},{"@type":"Organization","@id":"https:\/\/kohvieri.ee\/et\/#organization","name":"Kohvieri","url":"https:\/\/kohvieri.ee\/et\/","logo":{"@type":"ImageObject","inLanguage":"en-GB","@id":"https:\/\/kohvieri.ee\/et\/#\/schema\/logo\/image\/","url":"https:\/\/kohvieri.ee\/wp-content\/uploads\/2023\/07\/07cd6507-9210-4922-a9ff-55a59759ce72-e1689614757153.png","contentUrl":"https:\/\/kohvieri.ee\/wp-content\/uploads\/2023\/07\/07cd6507-9210-4922-a9ff-55a59759ce72-e1689614757153.png","width":945,"height":318,"caption":" Kohvieri"},"image":{"@id":"https:\/\/kohvieri.ee\/et\/#\/schema\/logo\/image\/"},"sameAs":["https:\/\/www.facebook.com\/kohvieri","https:\/\/www.instagram.com\/kohvieripood"]}]}},"uagb_featured_image_src":{"full":["https:\/\/kohvieri.ee\/wp-content\/uploads\/2023\/06\/Untitled-design-2023-07-26T190937.575.png",600,600,false],"thumbnail":["https:\/\/kohvieri.ee\/wp-content\/uploads\/2023\/06\/Untitled-design-2023-07-26T190937.575-150x150.png",150,150,true],"medium":["https:\/\/kohvieri.ee\/wp-content\/uploads\/2023\/06\/Untitled-design-2023-07-26T190937.575-300x300.png",300,300,true],"medium_large":["https:\/\/kohvieri.ee\/wp-content\/uploads\/2023\/06\/Untitled-design-2023-07-26T190937.575.png",600,600,false],"large":["https:\/\/kohvieri.ee\/wp-content\/uploads\/2023\/06\/Untitled-design-2023-07-26T190937.575.png",600,600,false],"1536x1536":["https:\/\/kohvieri.ee\/wp-content\/uploads\/2023\/06\/Untitled-design-2023-07-26T190937.575.png",600,600,false],"2048x2048":["https:\/\/kohvieri.ee\/wp-content\/uploads\/2023\/06\/Untitled-design-2023-07-26T190937.575.png",600,600,false],"trp-custom-language-flag":["https:\/\/kohvieri.ee\/wp-content\/uploads\/2023\/06\/Untitled-design-2023-07-26T190937.575-12x12.png",12,12,true],"woocommerce_thumbnail":["https:\/\/kohvieri.ee\/wp-content\/uploads\/2023\/06\/Untitled-design-2023-07-26T190937.575-300x300.png",300,300,true],"woocommerce_single":["https:\/\/kohvieri.ee\/wp-content\/uploads\/2023\/06\/Untitled-design-2023-07-26T190937.575.png",600,600,false],"woocommerce_gallery_thumbnail":["https:\/\/kohvieri.ee\/wp-content\/uploads\/2023\/06\/Untitled-design-2023-07-26T190937.575-100x100.png",100,100,true]},"uagb_author_info":{"display_name":"Kohvieri","author_link":"https:\/\/kohvieri.ee\/en\/author\/"},"uagb_comment_info":0,"uagb_excerpt":"Koostisosad: Jaapani roheline tee 74% Sencha, Kukicha, Hiina valge tee 5% Pai Mu Tan , draakoonivilja t\u00fckid (riisijahu), sidrunhein, kiivi, vaarika, granaat\u00f5una t\u00fckid, looduslik aroomi. Loe teedest edasi &nbsp;","jetpack_sharing_enabled":true,"_links":{"self":[{"href":"https:\/\/kohvieri.ee\/en\/wp-json\/wp\/v2\/product\/5870","targetHints":{"allow":["GET"]}}],"collection":[{"href":"https:\/\/kohvieri.ee\/en\/wp-json\/wp\/v2\/product"}],"about":[{"href":"https:\/\/kohvieri.ee\/en\/wp-json\/wp\/v2\/types\/product"}],"version-history":[{"count":5,"href":"https:\/\/kohvieri.ee\/en\/wp-json\/wp\/v2\/product\/5870\/revisions"}],"predecessor-version":[{"id":14803,"href":"https:\/\/kohvieri.ee\/en\/wp-json\/wp\/v2\/product\/5870\/revisions\/14803"}],"wp:featuredmedia":[{"embeddable":true,"href":"https:\/\/kohvieri.ee\/en\/wp-json\/wp\/v2\/media\/7964"}],"wp:attachment":[{"href":"https:\/\/kohvieri.ee\/en\/wp-json\/wp\/v2\/media?parent=5870"}],"wp:term":[{"taxonomy":"product_brand","embeddable":true,"href":"https:\/\/kohvieri.ee\/en\/wp-json\/wp\/v2\/product_brand?post=5870"},{"taxonomy":"product_cat","embeddable":true,"href":"https:\/\/kohvieri.ee\/en\/wp-json\/wp\/v2\/product_cat?post=5870"},{"taxonomy":"product_tag","embeddable":true,"href":"https:\/\/kohvieri.ee\/en\/wp-json\/wp\/v2\/product_tag?post=5870"}],"curies":[{"name":"wp","href":"https:\/\/api.w.org\/{rel}","templated":true}]}}