{"id":6688,"date":"2023-07-09T08:59:12","date_gmt":"2023-07-09T08:59:12","guid":{"rendered":"https:\/\/kohvieri.ee\/?post_type=product&#038;p=6688"},"modified":"2025-05-09T09:53:25","modified_gmt":"2025-05-09T09:53:25","slug":"weis-kahekihiline-roostevaba-kohvifilter","status":"publish","type":"product","link":"https:\/\/kohvieri.ee\/en\/product\/weis-kahekihiline-roostevaba-kohvifilter\/","title":{"rendered":"Weis permanent coffee filter, two-layer"},"content":{"rendered":"<div data-elementor-type=\"wp-post\" data-elementor-id=\"6688\" class=\"elementor elementor-6688\">\n\t\t\t\t<div class=\"elementor-element elementor-element-8006cfb e-flex e-con-boxed e-con e-parent\" data-id=\"8006cfb\" data-element_type=\"container\" data-e-type=\"container\">\n\t\t\t\t\t<div class=\"e-con-inner\">\n\t\t\t\t\t<\/div>\n\t\t\t\t<\/div>\n\t\t\t\t<\/div>","protected":false},"excerpt":{"rendered":"<p>&nbsp;<\/p>\n<ul>\n<li>double-layer stainless steel mesh: ultra-fine inside for aromatic coffee<\/li>\n<li>stable supporting mesh on the outside<\/li>\n<li>suitable for cups or pots<\/li>\n<li>can also be used for tea<\/li>\n<li>easy to clean, dishwasher safe<\/li>\n<\/ul>\n<p>Country of origin: Germany<\/p>\n<p><a href=\"https:\/\/kohvieri.ee\/en\/tarvikud\/\">Read more about accessories<\/a><\/p>\n<p>&nbsp;<\/p>\n<p>&nbsp;<\/p>","protected":false},"featured_media":7307,"template":"","meta":{"_uag_custom_page_level_css":"","site-sidebar-layout":"no-sidebar","site-content-layout":"plain-container","ast-site-content-layout":"normal-width-container","site-content-style":"unboxed","site-sidebar-style":"unboxed","ast-global-header-display":"","ast-banner-title-visibility":"","ast-main-header-display":"","ast-hfb-above-header-display":"","ast-hfb-below-header-display":"","ast-hfb-mobile-header-display":"","site-post-title":"disabled","ast-breadcrumbs-content":"","ast-featured-img":"disabled","footer-sml-layout":"","ast-disable-related-posts":"","theme-transparent-header-meta":"default","adv-header-id-meta":"","stick-header-meta":"default","header-above-stick-meta":"","header-main-stick-meta":"","header-below-stick-meta":"","astra-migrate-meta-layouts":"set","ast-page-background-enabled":"default","ast-page-background-meta":{"desktop":{"background-color":"var(--ast-global-color-4)","background-image":"","background-repeat":"repeat","background-position":"center center","background-size":"auto","background-attachment":"scroll","background-type":"","background-media":"","overlay-type":"","overlay-color":"","overlay-opacity":"","overlay-gradient":""},"tablet":{"background-color":"","background-image":"","background-repeat":"repeat","background-position":"center center","background-size":"auto","background-attachment":"scroll","background-type":"","background-media":"","overlay-type":"","overlay-color":"","overlay-opacity":"","overlay-gradient":""},"mobile":{"background-color":"","background-image":"","background-repeat":"repeat","background-position":"center center","background-size":"auto","background-attachment":"scroll","background-type":"","background-media":"","overlay-type":"","overlay-color":"","overlay-opacity":"","overlay-gradient":""}},"ast-content-background-meta":{"desktop":{"background-color":"var(--ast-global-color-5)","background-image":"","background-repeat":"repeat","background-position":"center center","background-size":"auto","background-attachment":"scroll","background-type":"","background-media":"","overlay-type":"","overlay-color":"","overlay-opacity":"","overlay-gradient":""},"tablet":{"background-color":"var(--ast-global-color-5)","background-image":"","background-repeat":"repeat","background-position":"center center","background-size":"auto","background-attachment":"scroll","background-type":"","background-media":"","overlay-type":"","overlay-color":"","overlay-opacity":"","overlay-gradient":""},"mobile":{"background-color":"var(--ast-global-color-5)","background-image":"","background-repeat":"repeat","background-position":"center center","background-size":"auto","background-attachment":"scroll","background-type":"","background-media":"","overlay-type":"","overlay-color":"","overlay-opacity":"","overlay-gradient":""}}},"product_brand":[],"product_cat":[120,119,49],"product_tag":[145,116],"class_list":{"0":"post-6688","1":"product","2":"type-product","3":"status-publish","4":"has-post-thumbnail","6":"product_cat-muud-tarvikud","7":"product_cat-soel","8":"product_cat-tarvikud","9":"product_tag-kohvifilter","10":"product_tag-roostevaba","11":"desktop-align-center","12":"tablet-align-left","13":"mobile-align-left","15":"first","16":"instock","17":"taxable","18":"shipping-taxable","19":"purchasable","20":"product-type-simple"},"yoast_head":"<!-- This site is optimized with the Yoast SEO plugin v27.3 - https:\/\/yoast.com\/product\/yoast-seo-wordpress\/ -->\n<title>Weis kahekihiline roostevaba kohvifilter - Kohvieri<\/title>\n<meta name=\"robots\" content=\"index, follow, max-snippet:-1, max-image-preview:large, max-video-preview:-1\" \/>\n<link rel=\"canonical\" href=\"https:\/\/kohvieri.ee\/en\/product\/weis-kahekihiline-roostevaba-kohvifilter\/\" \/>\n<meta property=\"og:locale\" content=\"en_GB\" \/>\n<meta property=\"og:type\" content=\"article\" \/>\n<meta property=\"og:title\" content=\"Weis kahekihiline roostevaba kohvifilter - Kohvieri\" \/>\n<meta property=\"og:description\" content=\"&nbsp;   kahekihiline roostevabast terasest v\u00f5rk: seest \u00fclipeen aromaatse kohvi jaoks, stabiilne  tugiv\u00f5rk v\u00e4ljast  sobib nii tassidele kui kannudele  v\u00f5ib kasutada ka tee jaoks  kergesti puhastatav, n\u00f5udepesumasinas pestav  P\u00e4ritolumaa: Saksamaa  Loe rohkem tarvikutest  &nbsp;  &nbsp;\" \/>\n<meta property=\"og:url\" content=\"https:\/\/kohvieri.ee\/en\/product\/weis-kahekihiline-roostevaba-kohvifilter\/\" \/>\n<meta property=\"og:site_name\" content=\"Kohvieri\" \/>\n<meta property=\"article:publisher\" content=\"https:\/\/www.facebook.com\/kohvieri\" \/>\n<meta property=\"article:modified_time\" content=\"2025-05-09T09:53:25+00:00\" \/>\n<meta property=\"og:image\" content=\"https:\/\/kohvieri.ee\/wp-content\/uploads\/2023\/07\/30ee9df9-fad4-485c-a2dd-7317fad47dfe.png\" \/>\n\t<meta property=\"og:image:width\" content=\"1200\" \/>\n\t<meta property=\"og:image:height\" content=\"800\" \/>\n\t<meta property=\"og:image:type\" content=\"image\/png\" \/>\n<meta name=\"twitter:card\" content=\"summary_large_image\" \/>\n<meta name=\"twitter:label1\" content=\"Estimated reading time\" \/>\n\t<meta name=\"twitter:data1\" content=\"1 minute\" \/>\n<script type=\"application\/ld+json\" class=\"yoast-schema-graph\">{\"@context\":\"https:\\\/\\\/schema.org\",\"@graph\":[{\"@type\":\"WebPage\",\"@id\":\"https:\\\/\\\/kohvieri.ee\\\/en\\\/product\\\/weis-kahekihiline-roostevaba-kohvifilter\\\/\",\"url\":\"https:\\\/\\\/kohvieri.ee\\\/en\\\/product\\\/weis-kahekihiline-roostevaba-kohvifilter\\\/\",\"name\":\"Weis kahekihiline roostevaba kohvifilter - Kohvieri\",\"isPartOf\":{\"@id\":\"https:\\\/\\\/kohvieri.ee\\\/et\\\/#website\"},\"primaryImageOfPage\":{\"@id\":\"https:\\\/\\\/kohvieri.ee\\\/en\\\/product\\\/weis-kahekihiline-roostevaba-kohvifilter\\\/#primaryimage\"},\"image\":{\"@id\":\"https:\\\/\\\/kohvieri.ee\\\/en\\\/product\\\/weis-kahekihiline-roostevaba-kohvifilter\\\/#primaryimage\"},\"thumbnailUrl\":\"https:\\\/\\\/kohvieri.ee\\\/wp-content\\\/uploads\\\/2023\\\/07\\\/30ee9df9-fad4-485c-a2dd-7317fad47dfe.png\",\"datePublished\":\"2023-07-09T08:59:12+00:00\",\"dateModified\":\"2025-05-09T09:53:25+00:00\",\"breadcrumb\":{\"@id\":\"https:\\\/\\\/kohvieri.ee\\\/en\\\/product\\\/weis-kahekihiline-roostevaba-kohvifilter\\\/#breadcrumb\"},\"inLanguage\":\"en-GB\",\"potentialAction\":[{\"@type\":\"ReadAction\",\"target\":[\"https:\\\/\\\/kohvieri.ee\\\/en\\\/product\\\/weis-kahekihiline-roostevaba-kohvifilter\\\/\"]}]},{\"@type\":\"ImageObject\",\"inLanguage\":\"en-GB\",\"@id\":\"https:\\\/\\\/kohvieri.ee\\\/en\\\/product\\\/weis-kahekihiline-roostevaba-kohvifilter\\\/#primaryimage\",\"url\":\"https:\\\/\\\/kohvieri.ee\\\/wp-content\\\/uploads\\\/2023\\\/07\\\/30ee9df9-fad4-485c-a2dd-7317fad47dfe.png\",\"contentUrl\":\"https:\\\/\\\/kohvieri.ee\\\/wp-content\\\/uploads\\\/2023\\\/07\\\/30ee9df9-fad4-485c-a2dd-7317fad47dfe.png\",\"width\":1200,\"height\":800,\"caption\":\"Weis kahekihiline roostevaba kohvifilter\"},{\"@type\":\"BreadcrumbList\",\"@id\":\"https:\\\/\\\/kohvieri.ee\\\/en\\\/product\\\/weis-kahekihiline-roostevaba-kohvifilter\\\/#breadcrumb\",\"itemListElement\":[{\"@type\":\"ListItem\",\"position\":1,\"name\":\"Home\",\"item\":\"https:\\\/\\\/kohvieri.ee\\\/et\\\/\"},{\"@type\":\"ListItem\",\"position\":2,\"name\":\"E-pood\",\"item\":\"https:\\\/\\\/kohvieri.ee\\\/et\\\/e-pood\\\/\"},{\"@type\":\"ListItem\",\"position\":3,\"name\":\"Weis kahekihiline roostevaba kohvifilter\"}]},{\"@type\":\"WebSite\",\"@id\":\"https:\\\/\\\/kohvieri.ee\\\/et\\\/#website\",\"url\":\"https:\\\/\\\/kohvieri.ee\\\/et\\\/\",\"name\":\"Kohvieri\",\"description\":\"Kohvi - ja teepood\",\"publisher\":{\"@id\":\"https:\\\/\\\/kohvieri.ee\\\/et\\\/#organization\"},\"potentialAction\":[{\"@type\":\"SearchAction\",\"target\":{\"@type\":\"EntryPoint\",\"urlTemplate\":\"https:\\\/\\\/kohvieri.ee\\\/et\\\/?s={search_term_string}\"},\"query-input\":{\"@type\":\"PropertyValueSpecification\",\"valueRequired\":true,\"valueName\":\"search_term_string\"}}],\"inLanguage\":\"en-GB\"},{\"@type\":\"Organization\",\"@id\":\"https:\\\/\\\/kohvieri.ee\\\/et\\\/#organization\",\"name\":\"Kohvieri\",\"url\":\"https:\\\/\\\/kohvieri.ee\\\/et\\\/\",\"logo\":{\"@type\":\"ImageObject\",\"inLanguage\":\"en-GB\",\"@id\":\"https:\\\/\\\/kohvieri.ee\\\/et\\\/#\\\/schema\\\/logo\\\/image\\\/\",\"url\":\"https:\\\/\\\/kohvieri.ee\\\/wp-content\\\/uploads\\\/2023\\\/07\\\/07cd6507-9210-4922-a9ff-55a59759ce72-e1689614757153.png\",\"contentUrl\":\"https:\\\/\\\/kohvieri.ee\\\/wp-content\\\/uploads\\\/2023\\\/07\\\/07cd6507-9210-4922-a9ff-55a59759ce72-e1689614757153.png\",\"width\":945,\"height\":318,\"caption\":\" Kohvieri\"},\"image\":{\"@id\":\"https:\\\/\\\/kohvieri.ee\\\/et\\\/#\\\/schema\\\/logo\\\/image\\\/\"},\"sameAs\":[\"https:\\\/\\\/www.facebook.com\\\/kohvieri\",\"https:\\\/\\\/www.instagram.com\\\/kohvieripood\"]}]}<\/script>\n<!-- \/ Yoast SEO plugin. -->","yoast_head_json":{"title":"Weis kahekihiline roostevaba kohvifilter - Kohvieri","robots":{"index":"index","follow":"follow","max-snippet":"max-snippet:-1","max-image-preview":"max-image-preview:large","max-video-preview":"max-video-preview:-1"},"canonical":"https:\/\/kohvieri.ee\/en\/product\/weis-kahekihiline-roostevaba-kohvifilter\/","og_locale":"en_GB","og_type":"article","og_title":"Weis kahekihiline roostevaba kohvifilter - Kohvieri","og_description":"&nbsp;   kahekihiline roostevabast terasest v\u00f5rk: seest \u00fclipeen aromaatse kohvi jaoks, stabiilne  tugiv\u00f5rk v\u00e4ljast  sobib nii tassidele kui kannudele  v\u00f5ib kasutada ka tee jaoks  kergesti puhastatav, n\u00f5udepesumasinas pestav  P\u00e4ritolumaa: Saksamaa  Loe rohkem tarvikutest  &nbsp;  &nbsp;","og_url":"https:\/\/kohvieri.ee\/en\/product\/weis-kahekihiline-roostevaba-kohvifilter\/","og_site_name":"Kohvieri","article_publisher":"https:\/\/www.facebook.com\/kohvieri","article_modified_time":"2025-05-09T09:53:25+00:00","og_image":[{"width":1200,"height":800,"url":"https:\/\/kohvieri.ee\/wp-content\/uploads\/2023\/07\/30ee9df9-fad4-485c-a2dd-7317fad47dfe.png","type":"image\/png"}],"twitter_card":"summary_large_image","twitter_misc":{"Estimated reading time":"1 minute"},"schema":{"@context":"https:\/\/schema.org","@graph":[{"@type":"WebPage","@id":"https:\/\/kohvieri.ee\/en\/product\/weis-kahekihiline-roostevaba-kohvifilter\/","url":"https:\/\/kohvieri.ee\/en\/product\/weis-kahekihiline-roostevaba-kohvifilter\/","name":"Weis kahekihiline roostevaba kohvifilter - Kohvieri","isPartOf":{"@id":"https:\/\/kohvieri.ee\/et\/#website"},"primaryImageOfPage":{"@id":"https:\/\/kohvieri.ee\/en\/product\/weis-kahekihiline-roostevaba-kohvifilter\/#primaryimage"},"image":{"@id":"https:\/\/kohvieri.ee\/en\/product\/weis-kahekihiline-roostevaba-kohvifilter\/#primaryimage"},"thumbnailUrl":"https:\/\/kohvieri.ee\/wp-content\/uploads\/2023\/07\/30ee9df9-fad4-485c-a2dd-7317fad47dfe.png","datePublished":"2023-07-09T08:59:12+00:00","dateModified":"2025-05-09T09:53:25+00:00","breadcrumb":{"@id":"https:\/\/kohvieri.ee\/en\/product\/weis-kahekihiline-roostevaba-kohvifilter\/#breadcrumb"},"inLanguage":"en-GB","potentialAction":[{"@type":"ReadAction","target":["https:\/\/kohvieri.ee\/en\/product\/weis-kahekihiline-roostevaba-kohvifilter\/"]}]},{"@type":"ImageObject","inLanguage":"en-GB","@id":"https:\/\/kohvieri.ee\/en\/product\/weis-kahekihiline-roostevaba-kohvifilter\/#primaryimage","url":"https:\/\/kohvieri.ee\/wp-content\/uploads\/2023\/07\/30ee9df9-fad4-485c-a2dd-7317fad47dfe.png","contentUrl":"https:\/\/kohvieri.ee\/wp-content\/uploads\/2023\/07\/30ee9df9-fad4-485c-a2dd-7317fad47dfe.png","width":1200,"height":800,"caption":"Weis kahekihiline roostevaba kohvifilter"},{"@type":"BreadcrumbList","@id":"https:\/\/kohvieri.ee\/en\/product\/weis-kahekihiline-roostevaba-kohvifilter\/#breadcrumb","itemListElement":[{"@type":"ListItem","position":1,"name":"Home","item":"https:\/\/kohvieri.ee\/et\/"},{"@type":"ListItem","position":2,"name":"E-pood","item":"https:\/\/kohvieri.ee\/et\/e-pood\/"},{"@type":"ListItem","position":3,"name":"Weis kahekihiline roostevaba kohvifilter"}]},{"@type":"WebSite","@id":"https:\/\/kohvieri.ee\/et\/#website","url":"https:\/\/kohvieri.ee\/et\/","name":"Kohvieri","description":"Kohvi - ja teepood","publisher":{"@id":"https:\/\/kohvieri.ee\/et\/#organization"},"potentialAction":[{"@type":"SearchAction","target":{"@type":"EntryPoint","urlTemplate":"https:\/\/kohvieri.ee\/et\/?s={search_term_string}"},"query-input":{"@type":"PropertyValueSpecification","valueRequired":true,"valueName":"search_term_string"}}],"inLanguage":"en-GB"},{"@type":"Organization","@id":"https:\/\/kohvieri.ee\/et\/#organization","name":"Kohvieri","url":"https:\/\/kohvieri.ee\/et\/","logo":{"@type":"ImageObject","inLanguage":"en-GB","@id":"https:\/\/kohvieri.ee\/et\/#\/schema\/logo\/image\/","url":"https:\/\/kohvieri.ee\/wp-content\/uploads\/2023\/07\/07cd6507-9210-4922-a9ff-55a59759ce72-e1689614757153.png","contentUrl":"https:\/\/kohvieri.ee\/wp-content\/uploads\/2023\/07\/07cd6507-9210-4922-a9ff-55a59759ce72-e1689614757153.png","width":945,"height":318,"caption":" Kohvieri"},"image":{"@id":"https:\/\/kohvieri.ee\/et\/#\/schema\/logo\/image\/"},"sameAs":["https:\/\/www.facebook.com\/kohvieri","https:\/\/www.instagram.com\/kohvieripood"]}]}},"uagb_featured_image_src":{"full":["https:\/\/kohvieri.ee\/wp-content\/uploads\/2023\/07\/30ee9df9-fad4-485c-a2dd-7317fad47dfe.png",1200,800,false],"thumbnail":["https:\/\/kohvieri.ee\/wp-content\/uploads\/2023\/07\/30ee9df9-fad4-485c-a2dd-7317fad47dfe-150x150.png",150,150,true],"medium":["https:\/\/kohvieri.ee\/wp-content\/uploads\/2023\/07\/30ee9df9-fad4-485c-a2dd-7317fad47dfe-300x200.png",300,200,true],"medium_large":["https:\/\/kohvieri.ee\/wp-content\/uploads\/2023\/07\/30ee9df9-fad4-485c-a2dd-7317fad47dfe-768x512.png",768,512,true],"large":["https:\/\/kohvieri.ee\/wp-content\/uploads\/2023\/07\/30ee9df9-fad4-485c-a2dd-7317fad47dfe-1024x683.png",1024,683,true],"1536x1536":["https:\/\/kohvieri.ee\/wp-content\/uploads\/2023\/07\/30ee9df9-fad4-485c-a2dd-7317fad47dfe.png",1200,800,false],"2048x2048":["https:\/\/kohvieri.ee\/wp-content\/uploads\/2023\/07\/30ee9df9-fad4-485c-a2dd-7317fad47dfe.png",1200,800,false],"trp-custom-language-flag":["https:\/\/kohvieri.ee\/wp-content\/uploads\/2023\/07\/30ee9df9-fad4-485c-a2dd-7317fad47dfe-18x12.png",18,12,true],"woocommerce_thumbnail":["https:\/\/kohvieri.ee\/wp-content\/uploads\/2023\/07\/30ee9df9-fad4-485c-a2dd-7317fad47dfe-300x300.png",300,300,true],"woocommerce_single":["https:\/\/kohvieri.ee\/wp-content\/uploads\/2023\/07\/30ee9df9-fad4-485c-a2dd-7317fad47dfe-600x400.png",600,400,true],"woocommerce_gallery_thumbnail":["https:\/\/kohvieri.ee\/wp-content\/uploads\/2023\/07\/30ee9df9-fad4-485c-a2dd-7317fad47dfe-100x100.png",100,100,true]},"uagb_author_info":{"display_name":"Kohvieri","author_link":"https:\/\/kohvieri.ee\/en\/author\/"},"uagb_comment_info":0,"uagb_excerpt":"&nbsp; kahekihiline roostevabast terasest v\u00f5rk: seest \u00fclipeen aromaatse kohvi jaoks, stabiilne tugiv\u00f5rk v\u00e4ljast sobib nii tassidele kui kannudele v\u00f5ib kasutada ka tee jaoks kergesti puhastatav, n\u00f5udepesumasinas pestav P\u00e4ritolumaa: Saksamaa Loe rohkem tarvikutest &nbsp; &nbsp;","jetpack_sharing_enabled":true,"_links":{"self":[{"href":"https:\/\/kohvieri.ee\/en\/wp-json\/wp\/v2\/product\/6688","targetHints":{"allow":["GET"]}}],"collection":[{"href":"https:\/\/kohvieri.ee\/en\/wp-json\/wp\/v2\/product"}],"about":[{"href":"https:\/\/kohvieri.ee\/en\/wp-json\/wp\/v2\/types\/product"}],"version-history":[{"count":3,"href":"https:\/\/kohvieri.ee\/en\/wp-json\/wp\/v2\/product\/6688\/revisions"}],"predecessor-version":[{"id":7310,"href":"https:\/\/kohvieri.ee\/en\/wp-json\/wp\/v2\/product\/6688\/revisions\/7310"}],"wp:featuredmedia":[{"embeddable":true,"href":"https:\/\/kohvieri.ee\/en\/wp-json\/wp\/v2\/media\/7307"}],"wp:attachment":[{"href":"https:\/\/kohvieri.ee\/en\/wp-json\/wp\/v2\/media?parent=6688"}],"wp:term":[{"taxonomy":"product_brand","embeddable":true,"href":"https:\/\/kohvieri.ee\/en\/wp-json\/wp\/v2\/product_brand?post=6688"},{"taxonomy":"product_cat","embeddable":true,"href":"https:\/\/kohvieri.ee\/en\/wp-json\/wp\/v2\/product_cat?post=6688"},{"taxonomy":"product_tag","embeddable":true,"href":"https:\/\/kohvieri.ee\/en\/wp-json\/wp\/v2\/product_tag?post=6688"}],"curies":[{"name":"wp","href":"https:\/\/api.w.org\/{rel}","templated":true}]}}