{"id":7485,"date":"2023-07-20T15:03:29","date_gmt":"2023-07-20T15:03:29","guid":{"rendered":"https:\/\/kohvieri.ee\/?post_type=product&#038;p=7485"},"modified":"2026-01-12T11:33:25","modified_gmt":"2026-01-12T11:33:25","slug":"weis-klaaskarahvin-sugavfiltriga-1-l","status":"publish","type":"product","link":"https:\/\/kohvieri.ee\/en\/product\/weis-klaaskarahvin-sugavfiltriga-1-l\/","title":{"rendered":"Weis glass carafe with deep filter 1.0l"},"content":{"rendered":"<div data-elementor-type=\"wp-post\" data-elementor-id=\"7485\" class=\"elementor elementor-7485\">\n\t\t\t\t<div class=\"elementor-element elementor-element-8006cfb e-flex e-con-boxed e-con e-parent\" data-id=\"8006cfb\" data-element_type=\"container\" data-e-type=\"container\">\n\t\t\t\t\t<div class=\"e-con-inner\">\n\t\t\t\t\t<\/div>\n\t\t\t\t<\/div>\n\t\t\t\t<\/div>","protected":false},"excerpt":{"rendered":"<ul>\n<li>tea filter with extra fine perforation<\/li>\n<li>ideally suited for preparing slow-brew coffee, tea or iced tea while preserving the aroma<\/li>\n<li>the filter is also suitable for ice cubes or fruit in cold drinks<\/li>\n<li><span style=\"font-size: 16px;\">can also be used without a filter as an elegant carafe for tea, juice, milk and much more<\/span><\/li>\n<li class=\"base-info--entry entry--length\">length<strong class=\"entry--label\">:<\/strong>\u00a0<span class=\"entry--content\">8,5 cm<\/span><\/li>\n<li class=\"base-info--entry entry--width\">width: <span class=\"entry--content\">14,5 cm<\/span><\/li>\n<li class=\"base-info--entry entry--height\">height:\u00a0<span class=\"entry--content\">26 cm<\/span><\/li>\n<\/ul>\n<p>Country of origin: Germany<\/p>\n<p><a href=\"https:\/\/kohvieri.ee\/en\/tarvikud\/\">Read more about accessories<\/a><\/p>\n<div>\n<p>&nbsp;<\/p>\n<\/div>","protected":false},"featured_media":14400,"template":"","meta":{"_uag_custom_page_level_css":"","site-sidebar-layout":"no-sidebar","site-content-layout":"plain-container","ast-site-content-layout":"normal-width-container","site-content-style":"unboxed","site-sidebar-style":"unboxed","ast-global-header-display":"","ast-banner-title-visibility":"","ast-main-header-display":"","ast-hfb-above-header-display":"","ast-hfb-below-header-display":"","ast-hfb-mobile-header-display":"","site-post-title":"disabled","ast-breadcrumbs-content":"","ast-featured-img":"disabled","footer-sml-layout":"","ast-disable-related-posts":"","theme-transparent-header-meta":"default","adv-header-id-meta":"","stick-header-meta":"default","header-above-stick-meta":"","header-main-stick-meta":"","header-below-stick-meta":"","astra-migrate-meta-layouts":"set","ast-page-background-enabled":"default","ast-page-background-meta":{"desktop":{"background-color":"var(--ast-global-color-4)","background-image":"","background-repeat":"repeat","background-position":"center center","background-size":"auto","background-attachment":"scroll","background-type":"","background-media":"","overlay-type":"","overlay-color":"","overlay-opacity":"","overlay-gradient":""},"tablet":{"background-color":"","background-image":"","background-repeat":"repeat","background-position":"center center","background-size":"auto","background-attachment":"scroll","background-type":"","background-media":"","overlay-type":"","overlay-color":"","overlay-opacity":"","overlay-gradient":""},"mobile":{"background-color":"","background-image":"","background-repeat":"repeat","background-position":"center center","background-size":"auto","background-attachment":"scroll","background-type":"","background-media":"","overlay-type":"","overlay-color":"","overlay-opacity":"","overlay-gradient":""}},"ast-content-background-meta":{"desktop":{"background-color":"var(--ast-global-color-5)","background-image":"","background-repeat":"repeat","background-position":"center center","background-size":"auto","background-attachment":"scroll","background-type":"","background-media":"","overlay-type":"","overlay-color":"","overlay-opacity":"","overlay-gradient":""},"tablet":{"background-color":"var(--ast-global-color-5)","background-image":"","background-repeat":"repeat","background-position":"center center","background-size":"auto","background-attachment":"scroll","background-type":"","background-media":"","overlay-type":"","overlay-color":"","overlay-opacity":"","overlay-gradient":""},"mobile":{"background-color":"var(--ast-global-color-5)","background-image":"","background-repeat":"repeat","background-position":"center center","background-size":"auto","background-attachment":"scroll","background-type":"","background-media":"","overlay-type":"","overlay-color":"","overlay-opacity":"","overlay-gradient":""}}},"product_brand":[],"product_cat":[115,120,49,15],"product_tag":[160,116,117],"class_list":{"0":"post-7485","1":"product","2":"type-product","3":"status-publish","4":"has-post-thumbnail","6":"product_cat-kohvikannud","7":"product_cat-muud-tarvikud","8":"product_cat-tarvikud","9":"product_cat-teekannud","10":"product_tag-klaas","11":"product_tag-roostevaba","12":"product_tag-termoskann","13":"desktop-align-center","14":"tablet-align-left","15":"mobile-align-left","17":"first","18":"instock","19":"taxable","20":"shipping-taxable","21":"purchasable","22":"product-type-simple"},"yoast_head":"<!-- This site is optimized with the Yoast SEO plugin v27.3 - https:\/\/yoast.com\/product\/yoast-seo-wordpress\/ -->\n<title>Weis klaaskarahvin s\u00fcgavfiltriga 1.0l - Kohvieri<\/title>\n<meta name=\"description\" content=\"K\u00f5rgekvaliteetne klaas on vastupidav ja v\u00f5imaldab j\u00e4lgida joogi valmistamise protsessi.\" \/>\n<meta name=\"robots\" content=\"index, follow, max-snippet:-1, max-image-preview:large, max-video-preview:-1\" \/>\n<link rel=\"canonical\" href=\"https:\/\/kohvieri.ee\/en\/product\/weis-klaaskarahvin-sugavfiltriga-1-l\/\" \/>\n<meta property=\"og:locale\" content=\"en_GB\" \/>\n<meta property=\"og:type\" content=\"article\" \/>\n<meta property=\"og:title\" content=\"Weis klaaskarahvin s\u00fcgavfiltriga 1.0l - Kohvieri\" \/>\n<meta property=\"og:description\" content=\"K\u00f5rgekvaliteetne klaas on vastupidav ja v\u00f5imaldab j\u00e4lgida joogi valmistamise protsessi.\" \/>\n<meta property=\"og:url\" content=\"https:\/\/kohvieri.ee\/en\/product\/weis-klaaskarahvin-sugavfiltriga-1-l\/\" \/>\n<meta property=\"og:site_name\" content=\"Kohvieri\" \/>\n<meta property=\"article:publisher\" content=\"https:\/\/www.facebook.com\/kohvieri\" \/>\n<meta property=\"article:modified_time\" content=\"2026-01-12T11:33:25+00:00\" \/>\n<meta property=\"og:image\" content=\"https:\/\/kohvieri.ee\/wp-content\/uploads\/2023\/07\/Weis-klaaskarahvin-sugavfiltriga-1-L.png\" \/>\n\t<meta property=\"og:image:width\" content=\"1080\" \/>\n\t<meta property=\"og:image:height\" content=\"1080\" \/>\n\t<meta property=\"og:image:type\" content=\"image\/png\" \/>\n<meta name=\"twitter:card\" content=\"summary_large_image\" \/>\n<meta name=\"twitter:label1\" content=\"Estimated reading time\" \/>\n\t<meta name=\"twitter:data1\" content=\"1 minute\" \/>\n<script type=\"application\/ld+json\" class=\"yoast-schema-graph\">{\"@context\":\"https:\\\/\\\/schema.org\",\"@graph\":[{\"@type\":\"WebPage\",\"@id\":\"https:\\\/\\\/kohvieri.ee\\\/product\\\/weis-klaaskarahvin-sugavfiltriga-1-l\\\/\",\"url\":\"https:\\\/\\\/kohvieri.ee\\\/product\\\/weis-klaaskarahvin-sugavfiltriga-1-l\\\/\",\"name\":\"Weis klaaskarahvin s\u00fcgavfiltriga 1.0l - Kohvieri\",\"isPartOf\":{\"@id\":\"https:\\\/\\\/kohvieri.ee\\\/et\\\/#website\"},\"primaryImageOfPage\":{\"@id\":\"https:\\\/\\\/kohvieri.ee\\\/product\\\/weis-klaaskarahvin-sugavfiltriga-1-l\\\/#primaryimage\"},\"image\":{\"@id\":\"https:\\\/\\\/kohvieri.ee\\\/product\\\/weis-klaaskarahvin-sugavfiltriga-1-l\\\/#primaryimage\"},\"thumbnailUrl\":\"https:\\\/\\\/kohvieri.ee\\\/wp-content\\\/uploads\\\/2023\\\/07\\\/Weis-klaaskarahvin-sugavfiltriga-1-L.png\",\"datePublished\":\"2023-07-20T15:03:29+00:00\",\"dateModified\":\"2026-01-12T11:33:25+00:00\",\"description\":\"K\u00f5rgekvaliteetne klaas on vastupidav ja v\u00f5imaldab j\u00e4lgida joogi valmistamise protsessi.\",\"breadcrumb\":{\"@id\":\"https:\\\/\\\/kohvieri.ee\\\/product\\\/weis-klaaskarahvin-sugavfiltriga-1-l\\\/#breadcrumb\"},\"inLanguage\":\"en-GB\",\"potentialAction\":[{\"@type\":\"ReadAction\",\"target\":[\"https:\\\/\\\/kohvieri.ee\\\/product\\\/weis-klaaskarahvin-sugavfiltriga-1-l\\\/\"]}]},{\"@type\":\"ImageObject\",\"inLanguage\":\"en-GB\",\"@id\":\"https:\\\/\\\/kohvieri.ee\\\/product\\\/weis-klaaskarahvin-sugavfiltriga-1-l\\\/#primaryimage\",\"url\":\"https:\\\/\\\/kohvieri.ee\\\/wp-content\\\/uploads\\\/2023\\\/07\\\/Weis-klaaskarahvin-sugavfiltriga-1-L.png\",\"contentUrl\":\"https:\\\/\\\/kohvieri.ee\\\/wp-content\\\/uploads\\\/2023\\\/07\\\/Weis-klaaskarahvin-sugavfiltriga-1-L.png\",\"width\":1080,\"height\":1080,\"caption\":\"Weis klaaskarahvin s\u00fcgavfiltriga, 1 L\"},{\"@type\":\"BreadcrumbList\",\"@id\":\"https:\\\/\\\/kohvieri.ee\\\/product\\\/weis-klaaskarahvin-sugavfiltriga-1-l\\\/#breadcrumb\",\"itemListElement\":[{\"@type\":\"ListItem\",\"position\":1,\"name\":\"Home\",\"item\":\"https:\\\/\\\/kohvieri.ee\\\/et\\\/\"},{\"@type\":\"ListItem\",\"position\":2,\"name\":\"E-pood\",\"item\":\"https:\\\/\\\/kohvieri.ee\\\/et\\\/e-pood\\\/\"},{\"@type\":\"ListItem\",\"position\":3,\"name\":\"Weis klaaskarahvin s\u00fcgavfiltriga 1.0l\"}]},{\"@type\":\"WebSite\",\"@id\":\"https:\\\/\\\/kohvieri.ee\\\/et\\\/#website\",\"url\":\"https:\\\/\\\/kohvieri.ee\\\/et\\\/\",\"name\":\"Kohvieri\",\"description\":\"Kohvi - ja teepood\",\"publisher\":{\"@id\":\"https:\\\/\\\/kohvieri.ee\\\/et\\\/#organization\"},\"potentialAction\":[{\"@type\":\"SearchAction\",\"target\":{\"@type\":\"EntryPoint\",\"urlTemplate\":\"https:\\\/\\\/kohvieri.ee\\\/et\\\/?s={search_term_string}\"},\"query-input\":{\"@type\":\"PropertyValueSpecification\",\"valueRequired\":true,\"valueName\":\"search_term_string\"}}],\"inLanguage\":\"en-GB\"},{\"@type\":\"Organization\",\"@id\":\"https:\\\/\\\/kohvieri.ee\\\/et\\\/#organization\",\"name\":\"Kohvieri\",\"url\":\"https:\\\/\\\/kohvieri.ee\\\/et\\\/\",\"logo\":{\"@type\":\"ImageObject\",\"inLanguage\":\"en-GB\",\"@id\":\"https:\\\/\\\/kohvieri.ee\\\/et\\\/#\\\/schema\\\/logo\\\/image\\\/\",\"url\":\"https:\\\/\\\/kohvieri.ee\\\/wp-content\\\/uploads\\\/2023\\\/07\\\/07cd6507-9210-4922-a9ff-55a59759ce72-e1689614757153.png\",\"contentUrl\":\"https:\\\/\\\/kohvieri.ee\\\/wp-content\\\/uploads\\\/2023\\\/07\\\/07cd6507-9210-4922-a9ff-55a59759ce72-e1689614757153.png\",\"width\":945,\"height\":318,\"caption\":\" Kohvieri\"},\"image\":{\"@id\":\"https:\\\/\\\/kohvieri.ee\\\/et\\\/#\\\/schema\\\/logo\\\/image\\\/\"},\"sameAs\":[\"https:\\\/\\\/www.facebook.com\\\/kohvieri\",\"https:\\\/\\\/www.instagram.com\\\/kohvieripood\"]}]}<\/script>\n<!-- \/ Yoast SEO plugin. -->","yoast_head_json":{"title":"Weis klaaskarahvin s\u00fcgavfiltriga 1.0l - Kohvieri","description":"K\u00f5rgekvaliteetne klaas on vastupidav ja v\u00f5imaldab j\u00e4lgida joogi valmistamise protsessi.","robots":{"index":"index","follow":"follow","max-snippet":"max-snippet:-1","max-image-preview":"max-image-preview:large","max-video-preview":"max-video-preview:-1"},"canonical":"https:\/\/kohvieri.ee\/en\/product\/weis-klaaskarahvin-sugavfiltriga-1-l\/","og_locale":"en_GB","og_type":"article","og_title":"Weis klaaskarahvin s\u00fcgavfiltriga 1.0l - Kohvieri","og_description":"K\u00f5rgekvaliteetne klaas on vastupidav ja v\u00f5imaldab j\u00e4lgida joogi valmistamise protsessi.","og_url":"https:\/\/kohvieri.ee\/en\/product\/weis-klaaskarahvin-sugavfiltriga-1-l\/","og_site_name":"Kohvieri","article_publisher":"https:\/\/www.facebook.com\/kohvieri","article_modified_time":"2026-01-12T11:33:25+00:00","og_image":[{"width":1080,"height":1080,"url":"https:\/\/kohvieri.ee\/wp-content\/uploads\/2023\/07\/Weis-klaaskarahvin-sugavfiltriga-1-L.png","type":"image\/png"}],"twitter_card":"summary_large_image","twitter_misc":{"Estimated reading time":"1 minute"},"schema":{"@context":"https:\/\/schema.org","@graph":[{"@type":"WebPage","@id":"https:\/\/kohvieri.ee\/product\/weis-klaaskarahvin-sugavfiltriga-1-l\/","url":"https:\/\/kohvieri.ee\/product\/weis-klaaskarahvin-sugavfiltriga-1-l\/","name":"Weis klaaskarahvin s\u00fcgavfiltriga 1.0l - Kohvieri","isPartOf":{"@id":"https:\/\/kohvieri.ee\/et\/#website"},"primaryImageOfPage":{"@id":"https:\/\/kohvieri.ee\/product\/weis-klaaskarahvin-sugavfiltriga-1-l\/#primaryimage"},"image":{"@id":"https:\/\/kohvieri.ee\/product\/weis-klaaskarahvin-sugavfiltriga-1-l\/#primaryimage"},"thumbnailUrl":"https:\/\/kohvieri.ee\/wp-content\/uploads\/2023\/07\/Weis-klaaskarahvin-sugavfiltriga-1-L.png","datePublished":"2023-07-20T15:03:29+00:00","dateModified":"2026-01-12T11:33:25+00:00","description":"K\u00f5rgekvaliteetne klaas on vastupidav ja v\u00f5imaldab j\u00e4lgida joogi valmistamise protsessi.","breadcrumb":{"@id":"https:\/\/kohvieri.ee\/product\/weis-klaaskarahvin-sugavfiltriga-1-l\/#breadcrumb"},"inLanguage":"en-GB","potentialAction":[{"@type":"ReadAction","target":["https:\/\/kohvieri.ee\/product\/weis-klaaskarahvin-sugavfiltriga-1-l\/"]}]},{"@type":"ImageObject","inLanguage":"en-GB","@id":"https:\/\/kohvieri.ee\/product\/weis-klaaskarahvin-sugavfiltriga-1-l\/#primaryimage","url":"https:\/\/kohvieri.ee\/wp-content\/uploads\/2023\/07\/Weis-klaaskarahvin-sugavfiltriga-1-L.png","contentUrl":"https:\/\/kohvieri.ee\/wp-content\/uploads\/2023\/07\/Weis-klaaskarahvin-sugavfiltriga-1-L.png","width":1080,"height":1080,"caption":"Weis klaaskarahvin s\u00fcgavfiltriga, 1 L"},{"@type":"BreadcrumbList","@id":"https:\/\/kohvieri.ee\/product\/weis-klaaskarahvin-sugavfiltriga-1-l\/#breadcrumb","itemListElement":[{"@type":"ListItem","position":1,"name":"Home","item":"https:\/\/kohvieri.ee\/et\/"},{"@type":"ListItem","position":2,"name":"E-pood","item":"https:\/\/kohvieri.ee\/et\/e-pood\/"},{"@type":"ListItem","position":3,"name":"Weis klaaskarahvin s\u00fcgavfiltriga 1.0l"}]},{"@type":"WebSite","@id":"https:\/\/kohvieri.ee\/et\/#website","url":"https:\/\/kohvieri.ee\/et\/","name":"Kohvieri","description":"Kohvi - ja teepood","publisher":{"@id":"https:\/\/kohvieri.ee\/et\/#organization"},"potentialAction":[{"@type":"SearchAction","target":{"@type":"EntryPoint","urlTemplate":"https:\/\/kohvieri.ee\/et\/?s={search_term_string}"},"query-input":{"@type":"PropertyValueSpecification","valueRequired":true,"valueName":"search_term_string"}}],"inLanguage":"en-GB"},{"@type":"Organization","@id":"https:\/\/kohvieri.ee\/et\/#organization","name":"Kohvieri","url":"https:\/\/kohvieri.ee\/et\/","logo":{"@type":"ImageObject","inLanguage":"en-GB","@id":"https:\/\/kohvieri.ee\/et\/#\/schema\/logo\/image\/","url":"https:\/\/kohvieri.ee\/wp-content\/uploads\/2023\/07\/07cd6507-9210-4922-a9ff-55a59759ce72-e1689614757153.png","contentUrl":"https:\/\/kohvieri.ee\/wp-content\/uploads\/2023\/07\/07cd6507-9210-4922-a9ff-55a59759ce72-e1689614757153.png","width":945,"height":318,"caption":" Kohvieri"},"image":{"@id":"https:\/\/kohvieri.ee\/et\/#\/schema\/logo\/image\/"},"sameAs":["https:\/\/www.facebook.com\/kohvieri","https:\/\/www.instagram.com\/kohvieripood"]}]}},"uagb_featured_image_src":{"full":["https:\/\/kohvieri.ee\/wp-content\/uploads\/2023\/07\/Weis-klaaskarahvin-sugavfiltriga-1-L.png",1080,1080,false],"thumbnail":["https:\/\/kohvieri.ee\/wp-content\/uploads\/2023\/07\/Weis-klaaskarahvin-sugavfiltriga-1-L-150x150.png",150,150,true],"medium":["https:\/\/kohvieri.ee\/wp-content\/uploads\/2023\/07\/Weis-klaaskarahvin-sugavfiltriga-1-L-300x300.png",300,300,true],"medium_large":["https:\/\/kohvieri.ee\/wp-content\/uploads\/2023\/07\/Weis-klaaskarahvin-sugavfiltriga-1-L-768x768.png",768,768,true],"large":["https:\/\/kohvieri.ee\/wp-content\/uploads\/2023\/07\/Weis-klaaskarahvin-sugavfiltriga-1-L-1024x1024.png",1024,1024,true],"1536x1536":["https:\/\/kohvieri.ee\/wp-content\/uploads\/2023\/07\/Weis-klaaskarahvin-sugavfiltriga-1-L.png",1080,1080,false],"2048x2048":["https:\/\/kohvieri.ee\/wp-content\/uploads\/2023\/07\/Weis-klaaskarahvin-sugavfiltriga-1-L.png",1080,1080,false],"trp-custom-language-flag":["https:\/\/kohvieri.ee\/wp-content\/uploads\/2023\/07\/Weis-klaaskarahvin-sugavfiltriga-1-L-12x12.png",12,12,true],"woocommerce_thumbnail":["https:\/\/kohvieri.ee\/wp-content\/uploads\/2023\/07\/Weis-klaaskarahvin-sugavfiltriga-1-L-300x300.png",300,300,true],"woocommerce_single":["https:\/\/kohvieri.ee\/wp-content\/uploads\/2023\/07\/Weis-klaaskarahvin-sugavfiltriga-1-L-600x600.png",600,600,true],"woocommerce_gallery_thumbnail":["https:\/\/kohvieri.ee\/wp-content\/uploads\/2023\/07\/Weis-klaaskarahvin-sugavfiltriga-1-L-100x100.png",100,100,true]},"uagb_author_info":{"display_name":"Kohvieri","author_link":"https:\/\/kohvieri.ee\/en\/author\/"},"uagb_comment_info":0,"uagb_excerpt":"eriti peene perforatsiooniga teefilter sobib ideaalselt aeglase kohvi, tee v\u00f5i j\u00e4\u00e4tee aroomi s\u00e4ilitavaks valmistamiseks filter sobib ka j\u00e4\u00e4kuubikute v\u00f5i puuviljade jaoks k\u00fclmades jookides vormikas ilma filtrita karahvin tee, mahlade, vee, piima ja palju muu jaoks pikkus:\u00a08,5 cm laius: 14,5 cm k\u00f5rgus:\u00a026 cm P\u00e4ritolumaa: Saksamaa Loe rohkem tarvikutest &nbsp;","jetpack_sharing_enabled":true,"_links":{"self":[{"href":"https:\/\/kohvieri.ee\/en\/wp-json\/wp\/v2\/product\/7485","targetHints":{"allow":["GET"]}}],"collection":[{"href":"https:\/\/kohvieri.ee\/en\/wp-json\/wp\/v2\/product"}],"about":[{"href":"https:\/\/kohvieri.ee\/en\/wp-json\/wp\/v2\/types\/product"}],"version-history":[{"count":5,"href":"https:\/\/kohvieri.ee\/en\/wp-json\/wp\/v2\/product\/7485\/revisions"}],"predecessor-version":[{"id":14556,"href":"https:\/\/kohvieri.ee\/en\/wp-json\/wp\/v2\/product\/7485\/revisions\/14556"}],"wp:featuredmedia":[{"embeddable":true,"href":"https:\/\/kohvieri.ee\/en\/wp-json\/wp\/v2\/media\/14400"}],"wp:attachment":[{"href":"https:\/\/kohvieri.ee\/en\/wp-json\/wp\/v2\/media?parent=7485"}],"wp:term":[{"taxonomy":"product_brand","embeddable":true,"href":"https:\/\/kohvieri.ee\/en\/wp-json\/wp\/v2\/product_brand?post=7485"},{"taxonomy":"product_cat","embeddable":true,"href":"https:\/\/kohvieri.ee\/en\/wp-json\/wp\/v2\/product_cat?post=7485"},{"taxonomy":"product_tag","embeddable":true,"href":"https:\/\/kohvieri.ee\/en\/wp-json\/wp\/v2\/product_tag?post=7485"}],"curies":[{"name":"wp","href":"https:\/\/api.w.org\/{rel}","templated":true}]}}