{"id":7537,"date":"2023-07-20T18:19:54","date_gmt":"2023-07-20T18:19:54","guid":{"rendered":"https:\/\/kohvieri.ee\/?post_type=product&#038;p=7537"},"modified":"2025-07-01T12:24:11","modified_gmt":"2025-07-01T12:24:11","slug":"weis-espresso-mokakann-03l","status":"publish","type":"product","link":"https:\/\/kohvieri.ee\/en\/product\/weis-espresso-mokakann-03l\/","title":{"rendered":"Weis espresso moka pot, 0,3l"},"content":{"rendered":"<div data-elementor-type=\"wp-post\" data-elementor-id=\"7537\" class=\"elementor elementor-7537\">\n\t\t\t\t<div class=\"elementor-element elementor-element-8006cfb e-flex e-con-boxed e-con e-parent\" data-id=\"8006cfb\" data-element_type=\"container\" data-e-type=\"container\">\n\t\t\t\t\t<div class=\"e-con-inner\">\n\t\t\t\t\t<\/div>\n\t\t\t\t<\/div>\n\t\t\t\t<\/div>","protected":false},"excerpt":{"rendered":"<ul>\n<li>suitable for gas, electric, ceran or induction stove<\/li>\n<li><span style=\"font-size: 16px;\">tested safety valve with movable central rod\u00a0<\/span><\/li>\n<li><span style=\"font-size: 16px;\"> valve movement prevents blockages caused by scale deposits<\/span><\/li>\n<li>ergonomically shaped handle<\/li>\n<li>6 espresso cups<\/li>\n<li class=\"base-info--entry entry--width\">length: <span class=\"entry--content\">11,5cm<\/span><\/li>\n<li>width: 13cm<\/li>\n<li class=\"base-info--entry entry--height\">height:\u00a0<span class=\"entry--content\">19cm<\/span><\/li>\n<\/ul>\n<p>Country of origin: Germany<\/p>\n<p><a href=\"https:\/\/kohvieri.ee\/en\/kohvikannud\/\">Read more about coffee pots<\/a><\/p>\n<div>\n<p>&nbsp;<\/p>\n<\/div>","protected":false},"featured_media":7538,"template":"","meta":{"_uag_custom_page_level_css":"","site-sidebar-layout":"no-sidebar","site-content-layout":"plain-container","ast-site-content-layout":"normal-width-container","site-content-style":"unboxed","site-sidebar-style":"unboxed","ast-global-header-display":"","ast-banner-title-visibility":"","ast-main-header-display":"","ast-hfb-above-header-display":"","ast-hfb-below-header-display":"","ast-hfb-mobile-header-display":"","site-post-title":"disabled","ast-breadcrumbs-content":"","ast-featured-img":"disabled","footer-sml-layout":"","ast-disable-related-posts":"","theme-transparent-header-meta":"default","adv-header-id-meta":"","stick-header-meta":"default","header-above-stick-meta":"","header-main-stick-meta":"","header-below-stick-meta":"","astra-migrate-meta-layouts":"set","ast-page-background-enabled":"default","ast-page-background-meta":{"desktop":{"background-color":"var(--ast-global-color-4)","background-image":"","background-repeat":"repeat","background-position":"center center","background-size":"auto","background-attachment":"scroll","background-type":"","background-media":"","overlay-type":"","overlay-color":"","overlay-opacity":"","overlay-gradient":""},"tablet":{"background-color":"","background-image":"","background-repeat":"repeat","background-position":"center center","background-size":"auto","background-attachment":"scroll","background-type":"","background-media":"","overlay-type":"","overlay-color":"","overlay-opacity":"","overlay-gradient":""},"mobile":{"background-color":"","background-image":"","background-repeat":"repeat","background-position":"center center","background-size":"auto","background-attachment":"scroll","background-type":"","background-media":"","overlay-type":"","overlay-color":"","overlay-opacity":"","overlay-gradient":""}},"ast-content-background-meta":{"desktop":{"background-color":"var(--ast-global-color-5)","background-image":"","background-repeat":"repeat","background-position":"center center","background-size":"auto","background-attachment":"scroll","background-type":"","background-media":"","overlay-type":"","overlay-color":"","overlay-opacity":"","overlay-gradient":""},"tablet":{"background-color":"var(--ast-global-color-5)","background-image":"","background-repeat":"repeat","background-position":"center center","background-size":"auto","background-attachment":"scroll","background-type":"","background-media":"","overlay-type":"","overlay-color":"","overlay-opacity":"","overlay-gradient":""},"mobile":{"background-color":"var(--ast-global-color-5)","background-image":"","background-repeat":"repeat","background-position":"center center","background-size":"auto","background-attachment":"scroll","background-type":"","background-media":"","overlay-type":"","overlay-color":"","overlay-opacity":"","overlay-gradient":""}}},"product_brand":[],"product_cat":[115,49],"product_tag":[153,151,116],"class_list":{"0":"post-7537","1":"product","2":"type-product","3":"status-publish","4":"has-post-thumbnail","6":"product_cat-kohvikannud","7":"product_cat-tarvikud","8":"product_tag-espressokann","9":"product_tag-kohvikann","10":"product_tag-roostevaba","11":"desktop-align-center","12":"tablet-align-left","13":"mobile-align-left","15":"first","16":"instock","17":"taxable","18":"shipping-taxable","19":"purchasable","20":"product-type-simple"},"yoast_head":"<!-- This site is optimized with the Yoast SEO plugin v27.3 - https:\/\/yoast.com\/product\/yoast-seo-wordpress\/ -->\n<title>Weis espresso mokakann, 0,3l - Kohvieri<\/title>\n<meta name=\"description\" content=\"Weis espresso mokakann, 0,3l, Valmistab traditsioonilise Itaalia mokakohvi, mille maitse on tugev ja t\u00e4idlane.\" \/>\n<meta name=\"robots\" content=\"index, follow, max-snippet:-1, max-image-preview:large, max-video-preview:-1\" \/>\n<link rel=\"canonical\" href=\"https:\/\/kohvieri.ee\/en\/product\/weis-espresso-mokakann-03l\/\" \/>\n<meta property=\"og:locale\" content=\"en_GB\" \/>\n<meta property=\"og:type\" content=\"article\" \/>\n<meta property=\"og:title\" content=\"Weis espresso mokakann, 0,3l - Kohvieri\" \/>\n<meta property=\"og:description\" content=\"Weis espresso mokakann, 0,3l, Valmistab traditsioonilise Itaalia mokakohvi, mille maitse on tugev ja t\u00e4idlane.\" \/>\n<meta property=\"og:url\" content=\"https:\/\/kohvieri.ee\/en\/product\/weis-espresso-mokakann-03l\/\" \/>\n<meta property=\"og:site_name\" content=\"Kohvieri\" \/>\n<meta property=\"article:publisher\" content=\"https:\/\/www.facebook.com\/kohvieri\" \/>\n<meta property=\"article:modified_time\" content=\"2025-07-01T12:24:11+00:00\" \/>\n<meta property=\"og:image\" content=\"https:\/\/kohvieri.ee\/wp-content\/uploads\/2023\/07\/e73d7c0f-a86d-4d91-af43-aff483465690.png\" \/>\n\t<meta property=\"og:image:width\" content=\"1200\" \/>\n\t<meta property=\"og:image:height\" content=\"1200\" \/>\n\t<meta property=\"og:image:type\" content=\"image\/png\" \/>\n<meta name=\"twitter:card\" content=\"summary_large_image\" \/>\n<meta name=\"twitter:label1\" content=\"Estimated reading time\" \/>\n\t<meta name=\"twitter:data1\" content=\"1 minute\" \/>\n<script type=\"application\/ld+json\" class=\"yoast-schema-graph\">{\"@context\":\"https:\\\/\\\/schema.org\",\"@graph\":[{\"@type\":\"WebPage\",\"@id\":\"https:\\\/\\\/kohvieri.ee\\\/et\\\/product\\\/weis-espresso-mokakann-03l\\\/\",\"url\":\"https:\\\/\\\/kohvieri.ee\\\/et\\\/product\\\/weis-espresso-mokakann-03l\\\/\",\"name\":\"Weis espresso mokakann, 0,3l - Kohvieri\",\"isPartOf\":{\"@id\":\"https:\\\/\\\/kohvieri.ee\\\/et\\\/#website\"},\"primaryImageOfPage\":{\"@id\":\"https:\\\/\\\/kohvieri.ee\\\/et\\\/product\\\/weis-espresso-mokakann-03l\\\/#primaryimage\"},\"image\":{\"@id\":\"https:\\\/\\\/kohvieri.ee\\\/et\\\/product\\\/weis-espresso-mokakann-03l\\\/#primaryimage\"},\"thumbnailUrl\":\"https:\\\/\\\/kohvieri.ee\\\/wp-content\\\/uploads\\\/2023\\\/07\\\/e73d7c0f-a86d-4d91-af43-aff483465690.png\",\"datePublished\":\"2023-07-20T18:19:54+00:00\",\"dateModified\":\"2025-07-01T12:24:11+00:00\",\"description\":\"Weis espresso mokakann, 0,3l, Valmistab traditsioonilise Itaalia mokakohvi, mille maitse on tugev ja t\u00e4idlane.\",\"breadcrumb\":{\"@id\":\"https:\\\/\\\/kohvieri.ee\\\/et\\\/product\\\/weis-espresso-mokakann-03l\\\/#breadcrumb\"},\"inLanguage\":\"en-GB\",\"potentialAction\":[{\"@type\":\"ReadAction\",\"target\":[\"https:\\\/\\\/kohvieri.ee\\\/et\\\/product\\\/weis-espresso-mokakann-03l\\\/\"]}]},{\"@type\":\"ImageObject\",\"inLanguage\":\"en-GB\",\"@id\":\"https:\\\/\\\/kohvieri.ee\\\/et\\\/product\\\/weis-espresso-mokakann-03l\\\/#primaryimage\",\"url\":\"https:\\\/\\\/kohvieri.ee\\\/wp-content\\\/uploads\\\/2023\\\/07\\\/e73d7c0f-a86d-4d91-af43-aff483465690.png\",\"contentUrl\":\"https:\\\/\\\/kohvieri.ee\\\/wp-content\\\/uploads\\\/2023\\\/07\\\/e73d7c0f-a86d-4d91-af43-aff483465690.png\",\"width\":1200,\"height\":1200,\"caption\":\"Weis espresso mokakann, 0,3l\"},{\"@type\":\"BreadcrumbList\",\"@id\":\"https:\\\/\\\/kohvieri.ee\\\/et\\\/product\\\/weis-espresso-mokakann-03l\\\/#breadcrumb\",\"itemListElement\":[{\"@type\":\"ListItem\",\"position\":1,\"name\":\"Home\",\"item\":\"https:\\\/\\\/kohvieri.ee\\\/et\\\/\"},{\"@type\":\"ListItem\",\"position\":2,\"name\":\"E-pood\",\"item\":\"https:\\\/\\\/kohvieri.ee\\\/et\\\/e-pood\\\/\"},{\"@type\":\"ListItem\",\"position\":3,\"name\":\"Weis espresso mokakann, 0,3l\"}]},{\"@type\":\"WebSite\",\"@id\":\"https:\\\/\\\/kohvieri.ee\\\/et\\\/#website\",\"url\":\"https:\\\/\\\/kohvieri.ee\\\/et\\\/\",\"name\":\"Kohvieri\",\"description\":\"Kohvi - ja teepood\",\"publisher\":{\"@id\":\"https:\\\/\\\/kohvieri.ee\\\/et\\\/#organization\"},\"potentialAction\":[{\"@type\":\"SearchAction\",\"target\":{\"@type\":\"EntryPoint\",\"urlTemplate\":\"https:\\\/\\\/kohvieri.ee\\\/et\\\/?s={search_term_string}\"},\"query-input\":{\"@type\":\"PropertyValueSpecification\",\"valueRequired\":true,\"valueName\":\"search_term_string\"}}],\"inLanguage\":\"en-GB\"},{\"@type\":\"Organization\",\"@id\":\"https:\\\/\\\/kohvieri.ee\\\/et\\\/#organization\",\"name\":\"Kohvieri\",\"url\":\"https:\\\/\\\/kohvieri.ee\\\/et\\\/\",\"logo\":{\"@type\":\"ImageObject\",\"inLanguage\":\"en-GB\",\"@id\":\"https:\\\/\\\/kohvieri.ee\\\/et\\\/#\\\/schema\\\/logo\\\/image\\\/\",\"url\":\"https:\\\/\\\/kohvieri.ee\\\/wp-content\\\/uploads\\\/2023\\\/07\\\/07cd6507-9210-4922-a9ff-55a59759ce72-e1689614757153.png\",\"contentUrl\":\"https:\\\/\\\/kohvieri.ee\\\/wp-content\\\/uploads\\\/2023\\\/07\\\/07cd6507-9210-4922-a9ff-55a59759ce72-e1689614757153.png\",\"width\":945,\"height\":318,\"caption\":\" Kohvieri\"},\"image\":{\"@id\":\"https:\\\/\\\/kohvieri.ee\\\/et\\\/#\\\/schema\\\/logo\\\/image\\\/\"},\"sameAs\":[\"https:\\\/\\\/www.facebook.com\\\/kohvieri\",\"https:\\\/\\\/www.instagram.com\\\/kohvieripood\"]}]}<\/script>\n<!-- \/ Yoast SEO plugin. -->","yoast_head_json":{"title":"Weis espresso mokakann, 0,3l - Kohvieri","description":"Weis espresso mokakann, 0,3l, Valmistab traditsioonilise Itaalia mokakohvi, mille maitse on tugev ja t\u00e4idlane.","robots":{"index":"index","follow":"follow","max-snippet":"max-snippet:-1","max-image-preview":"max-image-preview:large","max-video-preview":"max-video-preview:-1"},"canonical":"https:\/\/kohvieri.ee\/en\/product\/weis-espresso-mokakann-03l\/","og_locale":"en_GB","og_type":"article","og_title":"Weis espresso mokakann, 0,3l - Kohvieri","og_description":"Weis espresso mokakann, 0,3l, Valmistab traditsioonilise Itaalia mokakohvi, mille maitse on tugev ja t\u00e4idlane.","og_url":"https:\/\/kohvieri.ee\/en\/product\/weis-espresso-mokakann-03l\/","og_site_name":"Kohvieri","article_publisher":"https:\/\/www.facebook.com\/kohvieri","article_modified_time":"2025-07-01T12:24:11+00:00","og_image":[{"width":1200,"height":1200,"url":"https:\/\/kohvieri.ee\/wp-content\/uploads\/2023\/07\/e73d7c0f-a86d-4d91-af43-aff483465690.png","type":"image\/png"}],"twitter_card":"summary_large_image","twitter_misc":{"Estimated reading time":"1 minute"},"schema":{"@context":"https:\/\/schema.org","@graph":[{"@type":"WebPage","@id":"https:\/\/kohvieri.ee\/et\/product\/weis-espresso-mokakann-03l\/","url":"https:\/\/kohvieri.ee\/et\/product\/weis-espresso-mokakann-03l\/","name":"Weis espresso mokakann, 0,3l - Kohvieri","isPartOf":{"@id":"https:\/\/kohvieri.ee\/et\/#website"},"primaryImageOfPage":{"@id":"https:\/\/kohvieri.ee\/et\/product\/weis-espresso-mokakann-03l\/#primaryimage"},"image":{"@id":"https:\/\/kohvieri.ee\/et\/product\/weis-espresso-mokakann-03l\/#primaryimage"},"thumbnailUrl":"https:\/\/kohvieri.ee\/wp-content\/uploads\/2023\/07\/e73d7c0f-a86d-4d91-af43-aff483465690.png","datePublished":"2023-07-20T18:19:54+00:00","dateModified":"2025-07-01T12:24:11+00:00","description":"Weis espresso mokakann, 0,3l, Valmistab traditsioonilise Itaalia mokakohvi, mille maitse on tugev ja t\u00e4idlane.","breadcrumb":{"@id":"https:\/\/kohvieri.ee\/et\/product\/weis-espresso-mokakann-03l\/#breadcrumb"},"inLanguage":"en-GB","potentialAction":[{"@type":"ReadAction","target":["https:\/\/kohvieri.ee\/et\/product\/weis-espresso-mokakann-03l\/"]}]},{"@type":"ImageObject","inLanguage":"en-GB","@id":"https:\/\/kohvieri.ee\/et\/product\/weis-espresso-mokakann-03l\/#primaryimage","url":"https:\/\/kohvieri.ee\/wp-content\/uploads\/2023\/07\/e73d7c0f-a86d-4d91-af43-aff483465690.png","contentUrl":"https:\/\/kohvieri.ee\/wp-content\/uploads\/2023\/07\/e73d7c0f-a86d-4d91-af43-aff483465690.png","width":1200,"height":1200,"caption":"Weis espresso mokakann, 0,3l"},{"@type":"BreadcrumbList","@id":"https:\/\/kohvieri.ee\/et\/product\/weis-espresso-mokakann-03l\/#breadcrumb","itemListElement":[{"@type":"ListItem","position":1,"name":"Home","item":"https:\/\/kohvieri.ee\/et\/"},{"@type":"ListItem","position":2,"name":"E-pood","item":"https:\/\/kohvieri.ee\/et\/e-pood\/"},{"@type":"ListItem","position":3,"name":"Weis espresso mokakann, 0,3l"}]},{"@type":"WebSite","@id":"https:\/\/kohvieri.ee\/et\/#website","url":"https:\/\/kohvieri.ee\/et\/","name":"Kohvieri","description":"Kohvi - ja teepood","publisher":{"@id":"https:\/\/kohvieri.ee\/et\/#organization"},"potentialAction":[{"@type":"SearchAction","target":{"@type":"EntryPoint","urlTemplate":"https:\/\/kohvieri.ee\/et\/?s={search_term_string}"},"query-input":{"@type":"PropertyValueSpecification","valueRequired":true,"valueName":"search_term_string"}}],"inLanguage":"en-GB"},{"@type":"Organization","@id":"https:\/\/kohvieri.ee\/et\/#organization","name":"Kohvieri","url":"https:\/\/kohvieri.ee\/et\/","logo":{"@type":"ImageObject","inLanguage":"en-GB","@id":"https:\/\/kohvieri.ee\/et\/#\/schema\/logo\/image\/","url":"https:\/\/kohvieri.ee\/wp-content\/uploads\/2023\/07\/07cd6507-9210-4922-a9ff-55a59759ce72-e1689614757153.png","contentUrl":"https:\/\/kohvieri.ee\/wp-content\/uploads\/2023\/07\/07cd6507-9210-4922-a9ff-55a59759ce72-e1689614757153.png","width":945,"height":318,"caption":" Kohvieri"},"image":{"@id":"https:\/\/kohvieri.ee\/et\/#\/schema\/logo\/image\/"},"sameAs":["https:\/\/www.facebook.com\/kohvieri","https:\/\/www.instagram.com\/kohvieripood"]}]}},"uagb_featured_image_src":{"full":["https:\/\/kohvieri.ee\/wp-content\/uploads\/2023\/07\/e73d7c0f-a86d-4d91-af43-aff483465690.png",1200,1200,false],"thumbnail":["https:\/\/kohvieri.ee\/wp-content\/uploads\/2023\/07\/e73d7c0f-a86d-4d91-af43-aff483465690-150x150.png",150,150,true],"medium":["https:\/\/kohvieri.ee\/wp-content\/uploads\/2023\/07\/e73d7c0f-a86d-4d91-af43-aff483465690-300x300.png",300,300,true],"medium_large":["https:\/\/kohvieri.ee\/wp-content\/uploads\/2023\/07\/e73d7c0f-a86d-4d91-af43-aff483465690-768x768.png",768,768,true],"large":["https:\/\/kohvieri.ee\/wp-content\/uploads\/2023\/07\/e73d7c0f-a86d-4d91-af43-aff483465690-1024x1024.png",1024,1024,true],"1536x1536":["https:\/\/kohvieri.ee\/wp-content\/uploads\/2023\/07\/e73d7c0f-a86d-4d91-af43-aff483465690.png",1200,1200,false],"2048x2048":["https:\/\/kohvieri.ee\/wp-content\/uploads\/2023\/07\/e73d7c0f-a86d-4d91-af43-aff483465690.png",1200,1200,false],"trp-custom-language-flag":["https:\/\/kohvieri.ee\/wp-content\/uploads\/2023\/07\/e73d7c0f-a86d-4d91-af43-aff483465690-12x12.png",12,12,true],"woocommerce_thumbnail":["https:\/\/kohvieri.ee\/wp-content\/uploads\/2023\/07\/e73d7c0f-a86d-4d91-af43-aff483465690-300x300.png",300,300,true],"woocommerce_single":["https:\/\/kohvieri.ee\/wp-content\/uploads\/2023\/07\/e73d7c0f-a86d-4d91-af43-aff483465690-600x600.png",600,600,true],"woocommerce_gallery_thumbnail":["https:\/\/kohvieri.ee\/wp-content\/uploads\/2023\/07\/e73d7c0f-a86d-4d91-af43-aff483465690-100x100.png",100,100,true]},"uagb_author_info":{"display_name":"Kohvieri","author_link":"https:\/\/kohvieri.ee\/en\/author\/"},"uagb_comment_info":0,"uagb_excerpt":"sobib igat t\u00fc\u00fcpi pliitidele, sealhulgas induktsioonpliitidele testitud kaitseklapp liikuva keskvardaga\u00a0 klapi liikumine hoiab \u00e4ra katlakivi ladestustest p\u00f5hjustatud ummistused ergonoomilise kujuga k\u00e4epide 6 espresso tassi pikkus: 11,5cm laius: 13cm k\u00f5rgus:\u00a019cm P\u00e4ritolumaa: Saksamaa Loe rohkem kohvikannudest &nbsp;","jetpack_sharing_enabled":true,"_links":{"self":[{"href":"https:\/\/kohvieri.ee\/en\/wp-json\/wp\/v2\/product\/7537","targetHints":{"allow":["GET"]}}],"collection":[{"href":"https:\/\/kohvieri.ee\/en\/wp-json\/wp\/v2\/product"}],"about":[{"href":"https:\/\/kohvieri.ee\/en\/wp-json\/wp\/v2\/types\/product"}],"version-history":[{"count":1,"href":"https:\/\/kohvieri.ee\/en\/wp-json\/wp\/v2\/product\/7537\/revisions"}],"predecessor-version":[{"id":7540,"href":"https:\/\/kohvieri.ee\/en\/wp-json\/wp\/v2\/product\/7537\/revisions\/7540"}],"wp:featuredmedia":[{"embeddable":true,"href":"https:\/\/kohvieri.ee\/en\/wp-json\/wp\/v2\/media\/7538"}],"wp:attachment":[{"href":"https:\/\/kohvieri.ee\/en\/wp-json\/wp\/v2\/media?parent=7537"}],"wp:term":[{"taxonomy":"product_brand","embeddable":true,"href":"https:\/\/kohvieri.ee\/en\/wp-json\/wp\/v2\/product_brand?post=7537"},{"taxonomy":"product_cat","embeddable":true,"href":"https:\/\/kohvieri.ee\/en\/wp-json\/wp\/v2\/product_cat?post=7537"},{"taxonomy":"product_tag","embeddable":true,"href":"https:\/\/kohvieri.ee\/en\/wp-json\/wp\/v2\/product_tag?post=7537"}],"curies":[{"name":"wp","href":"https:\/\/api.w.org\/{rel}","templated":true}]}}