{"id":7570,"date":"2023-07-21T16:33:29","date_gmt":"2023-07-21T16:33:29","guid":{"rendered":"https:\/\/kohvieri.ee\/?post_type=product&#038;p=7570"},"modified":"2024-11-17T16:47:04","modified_gmt":"2024-11-17T16:47:04","slug":"weis-topelt-seinaga-vaakumiga-presskann-07l","status":"publish","type":"product","link":"https:\/\/kohvieri.ee\/en\/product\/weis-topelt-seinaga-vaakumiga-presskann-07l\/","title":{"rendered":"Weis double-walled, vacuum-insulated french press, 0,7l"},"content":{"rendered":"<div data-elementor-type=\"wp-post\" data-elementor-id=\"7570\" class=\"elementor elementor-7570\">\n\t\t\t\t<div class=\"elementor-element elementor-element-8006cfb e-flex e-con-boxed e-con e-parent\" data-id=\"8006cfb\" data-element_type=\"container\" data-e-type=\"container\">\n\t\t\t\t\t<div class=\"e-con-inner\">\n\t\t\t\t\t<\/div>\n\t\t\t\t<\/div>\n\t\t\t\t<\/div>","protected":false},"excerpt":{"rendered":"<p><strong>Weis double-walled, vacuum-insulated french press<\/strong> has a stylish, minimalist and modern look that fits well in any kitchen or office desk.<\/p>\n<ul>\n<li>vacuum insulation keeps coffee hot for up to 8 hours<\/li>\n<li>made of high-quality, strong stainless steel with a double-wall design<\/li>\n<li>ergonomic handle with heat insulation and comfortable spout make pouring easy and convenient.<\/li>\n<li>replacement filter included<\/li>\n<li>3-4 cups<\/li>\n<li class=\"base-info--entry entry--length\">length: 13,5<span class=\"entry--content\">cm<\/span><\/li>\n<li>width: 9,6cm<\/li>\n<li class=\"base-info--entry entry--width\">height: <span class=\"entry--content\">23cm<\/span><\/li>\n<\/ul>\n<p>Country of origin: Germany<\/p>\n<p><a href=\"https:\/\/kohvieri.ee\/en\/kohvikannud\/\">Read more about coffee pots<\/a><\/p>\n<div>\n<p>&nbsp;<\/p>\n<\/div>","protected":false},"featured_media":14393,"template":"","meta":{"_uag_custom_page_level_css":"","site-sidebar-layout":"no-sidebar","site-content-layout":"plain-container","ast-site-content-layout":"normal-width-container","site-content-style":"unboxed","site-sidebar-style":"unboxed","ast-global-header-display":"","ast-banner-title-visibility":"","ast-main-header-display":"","ast-hfb-above-header-display":"","ast-hfb-below-header-display":"","ast-hfb-mobile-header-display":"","site-post-title":"disabled","ast-breadcrumbs-content":"","ast-featured-img":"disabled","footer-sml-layout":"","ast-disable-related-posts":"","theme-transparent-header-meta":"default","adv-header-id-meta":"","stick-header-meta":"default","header-above-stick-meta":"","header-main-stick-meta":"","header-below-stick-meta":"","astra-migrate-meta-layouts":"set","ast-page-background-enabled":"default","ast-page-background-meta":{"desktop":{"background-color":"var(--ast-global-color-4)","background-image":"","background-repeat":"repeat","background-position":"center center","background-size":"auto","background-attachment":"scroll","background-type":"","background-media":"","overlay-type":"","overlay-color":"","overlay-opacity":"","overlay-gradient":""},"tablet":{"background-color":"","background-image":"","background-repeat":"repeat","background-position":"center center","background-size":"auto","background-attachment":"scroll","background-type":"","background-media":"","overlay-type":"","overlay-color":"","overlay-opacity":"","overlay-gradient":""},"mobile":{"background-color":"","background-image":"","background-repeat":"repeat","background-position":"center center","background-size":"auto","background-attachment":"scroll","background-type":"","background-media":"","overlay-type":"","overlay-color":"","overlay-opacity":"","overlay-gradient":""}},"ast-content-background-meta":{"desktop":{"background-color":"var(--ast-global-color-5)","background-image":"","background-repeat":"repeat","background-position":"center center","background-size":"auto","background-attachment":"scroll","background-type":"","background-media":"","overlay-type":"","overlay-color":"","overlay-opacity":"","overlay-gradient":""},"tablet":{"background-color":"var(--ast-global-color-5)","background-image":"","background-repeat":"repeat","background-position":"center center","background-size":"auto","background-attachment":"scroll","background-type":"","background-media":"","overlay-type":"","overlay-color":"","overlay-opacity":"","overlay-gradient":""},"mobile":{"background-color":"var(--ast-global-color-5)","background-image":"","background-repeat":"repeat","background-position":"center center","background-size":"auto","background-attachment":"scroll","background-type":"","background-media":"","overlay-type":"","overlay-color":"","overlay-opacity":"","overlay-gradient":""}}},"product_brand":[],"product_cat":[115,49],"product_tag":[151,152,116,149],"class_list":{"0":"post-7570","1":"product","2":"type-product","3":"status-publish","4":"has-post-thumbnail","6":"product_cat-kohvikannud","7":"product_cat-tarvikud","8":"product_tag-kohvikann","9":"product_tag-presskann","10":"product_tag-roostevaba","11":"product_tag-termos","12":"desktop-align-center","13":"tablet-align-left","14":"mobile-align-left","16":"first","17":"instock","18":"taxable","19":"shipping-taxable","20":"purchasable","21":"product-type-simple"},"yoast_head":"<!-- This site is optimized with the Yoast SEO plugin v27.4 - https:\/\/yoast.com\/product\/yoast-seo-wordpress\/ -->\n<title>Weis topelt seinaga, vaakumiga presskann, 0,7l - Kohvieri<\/title>\n<meta name=\"description\" content=\"Weis topelt seinaga vaakumpresskann, 0,7L on k\u00f5rgekvaliteediline ja praktiline valik neile, kes hindavad sooja joogi valmistamise ja s\u00e4ilitamise mugavust.\" \/>\n<meta name=\"robots\" content=\"index, follow, max-snippet:-1, max-image-preview:large, max-video-preview:-1\" \/>\n<link rel=\"canonical\" href=\"https:\/\/kohvieri.ee\/en\/product\/weis-topelt-seinaga-vaakumiga-presskann-07l\/\" \/>\n<meta property=\"og:locale\" content=\"en_GB\" \/>\n<meta property=\"og:type\" content=\"article\" \/>\n<meta property=\"og:title\" content=\"Weis topelt seinaga, vaakumiga presskann, 0,7l - Kohvieri\" \/>\n<meta property=\"og:description\" content=\"Weis topelt seinaga vaakumpresskann, 0,7L on k\u00f5rgekvaliteediline ja praktiline valik neile, kes hindavad sooja joogi valmistamise ja s\u00e4ilitamise mugavust.\" \/>\n<meta property=\"og:url\" content=\"https:\/\/kohvieri.ee\/en\/product\/weis-topelt-seinaga-vaakumiga-presskann-07l\/\" \/>\n<meta property=\"og:site_name\" content=\"Kohvieri\" \/>\n<meta property=\"article:publisher\" content=\"https:\/\/www.facebook.com\/kohvieri\" \/>\n<meta property=\"article:modified_time\" content=\"2024-11-17T16:47:04+00:00\" \/>\n<meta property=\"og:image\" content=\"https:\/\/kohvieri.ee\/wp-content\/uploads\/2023\/07\/Weis-topelt-seinaga-vaakumiga-presskann-07l.png\" \/>\n\t<meta property=\"og:image:width\" content=\"1080\" \/>\n\t<meta property=\"og:image:height\" content=\"1080\" \/>\n\t<meta property=\"og:image:type\" content=\"image\/png\" \/>\n<meta name=\"twitter:card\" content=\"summary_large_image\" \/>\n<meta name=\"twitter:label1\" content=\"Estimated reading time\" \/>\n\t<meta name=\"twitter:data1\" content=\"1 minute\" \/>\n<script type=\"application\/ld+json\" class=\"yoast-schema-graph\">{\"@context\":\"https:\\\/\\\/schema.org\",\"@graph\":[{\"@type\":\"WebPage\",\"@id\":\"https:\\\/\\\/kohvieri.ee\\\/en\\\/product\\\/weis-topelt-seinaga-vaakumiga-presskann-07l\\\/\",\"url\":\"https:\\\/\\\/kohvieri.ee\\\/en\\\/product\\\/weis-topelt-seinaga-vaakumiga-presskann-07l\\\/\",\"name\":\"Weis topelt seinaga, vaakumiga presskann, 0,7l - Kohvieri\",\"isPartOf\":{\"@id\":\"https:\\\/\\\/kohvieri.ee\\\/et\\\/#website\"},\"primaryImageOfPage\":{\"@id\":\"https:\\\/\\\/kohvieri.ee\\\/en\\\/product\\\/weis-topelt-seinaga-vaakumiga-presskann-07l\\\/#primaryimage\"},\"image\":{\"@id\":\"https:\\\/\\\/kohvieri.ee\\\/en\\\/product\\\/weis-topelt-seinaga-vaakumiga-presskann-07l\\\/#primaryimage\"},\"thumbnailUrl\":\"https:\\\/\\\/kohvieri.ee\\\/wp-content\\\/uploads\\\/2023\\\/07\\\/Weis-topelt-seinaga-vaakumiga-presskann-07l.png\",\"datePublished\":\"2023-07-21T16:33:29+00:00\",\"dateModified\":\"2024-11-17T16:47:04+00:00\",\"description\":\"Weis topelt seinaga vaakumpresskann, 0,7L on k\u00f5rgekvaliteediline ja praktiline valik neile, kes hindavad sooja joogi valmistamise ja s\u00e4ilitamise mugavust.\",\"breadcrumb\":{\"@id\":\"https:\\\/\\\/kohvieri.ee\\\/en\\\/product\\\/weis-topelt-seinaga-vaakumiga-presskann-07l\\\/#breadcrumb\"},\"inLanguage\":\"en-GB\",\"potentialAction\":[{\"@type\":\"ReadAction\",\"target\":[\"https:\\\/\\\/kohvieri.ee\\\/en\\\/product\\\/weis-topelt-seinaga-vaakumiga-presskann-07l\\\/\"]}]},{\"@type\":\"ImageObject\",\"inLanguage\":\"en-GB\",\"@id\":\"https:\\\/\\\/kohvieri.ee\\\/en\\\/product\\\/weis-topelt-seinaga-vaakumiga-presskann-07l\\\/#primaryimage\",\"url\":\"https:\\\/\\\/kohvieri.ee\\\/wp-content\\\/uploads\\\/2023\\\/07\\\/Weis-topelt-seinaga-vaakumiga-presskann-07l.png\",\"contentUrl\":\"https:\\\/\\\/kohvieri.ee\\\/wp-content\\\/uploads\\\/2023\\\/07\\\/Weis-topelt-seinaga-vaakumiga-presskann-07l.png\",\"width\":1080,\"height\":1080,\"caption\":\"Weis topelt seinaga, vaakumiga presskann, 0,7l\"},{\"@type\":\"BreadcrumbList\",\"@id\":\"https:\\\/\\\/kohvieri.ee\\\/en\\\/product\\\/weis-topelt-seinaga-vaakumiga-presskann-07l\\\/#breadcrumb\",\"itemListElement\":[{\"@type\":\"ListItem\",\"position\":1,\"name\":\"Home\",\"item\":\"https:\\\/\\\/kohvieri.ee\\\/et\\\/\"},{\"@type\":\"ListItem\",\"position\":2,\"name\":\"E-pood\",\"item\":\"https:\\\/\\\/kohvieri.ee\\\/et\\\/e-pood\\\/\"},{\"@type\":\"ListItem\",\"position\":3,\"name\":\"Weis topelt seinaga, vaakumiga presskann, 0,7l\"}]},{\"@type\":\"WebSite\",\"@id\":\"https:\\\/\\\/kohvieri.ee\\\/et\\\/#website\",\"url\":\"https:\\\/\\\/kohvieri.ee\\\/et\\\/\",\"name\":\"Kohvieri\",\"description\":\"Kohvi - ja teepood\",\"publisher\":{\"@id\":\"https:\\\/\\\/kohvieri.ee\\\/et\\\/#organization\"},\"potentialAction\":[{\"@type\":\"SearchAction\",\"target\":{\"@type\":\"EntryPoint\",\"urlTemplate\":\"https:\\\/\\\/kohvieri.ee\\\/et\\\/?s={search_term_string}\"},\"query-input\":{\"@type\":\"PropertyValueSpecification\",\"valueRequired\":true,\"valueName\":\"search_term_string\"}}],\"inLanguage\":\"en-GB\"},{\"@type\":\"Organization\",\"@id\":\"https:\\\/\\\/kohvieri.ee\\\/et\\\/#organization\",\"name\":\"Kohvieri\",\"url\":\"https:\\\/\\\/kohvieri.ee\\\/et\\\/\",\"logo\":{\"@type\":\"ImageObject\",\"inLanguage\":\"en-GB\",\"@id\":\"https:\\\/\\\/kohvieri.ee\\\/et\\\/#\\\/schema\\\/logo\\\/image\\\/\",\"url\":\"https:\\\/\\\/kohvieri.ee\\\/wp-content\\\/uploads\\\/2023\\\/07\\\/07cd6507-9210-4922-a9ff-55a59759ce72-e1689614757153.png\",\"contentUrl\":\"https:\\\/\\\/kohvieri.ee\\\/wp-content\\\/uploads\\\/2023\\\/07\\\/07cd6507-9210-4922-a9ff-55a59759ce72-e1689614757153.png\",\"width\":945,\"height\":318,\"caption\":\" Kohvieri\"},\"image\":{\"@id\":\"https:\\\/\\\/kohvieri.ee\\\/et\\\/#\\\/schema\\\/logo\\\/image\\\/\"},\"sameAs\":[\"https:\\\/\\\/www.facebook.com\\\/kohvieri\",\"https:\\\/\\\/www.instagram.com\\\/kohvieripood\"]}]}<\/script>\n<!-- \/ Yoast SEO plugin. -->","yoast_head_json":{"title":"Weis topelt seinaga, vaakumiga presskann, 0,7l - Kohvieri","description":"Weis topelt seinaga vaakumpresskann, 0,7L on k\u00f5rgekvaliteediline ja praktiline valik neile, kes hindavad sooja joogi valmistamise ja s\u00e4ilitamise mugavust.","robots":{"index":"index","follow":"follow","max-snippet":"max-snippet:-1","max-image-preview":"max-image-preview:large","max-video-preview":"max-video-preview:-1"},"canonical":"https:\/\/kohvieri.ee\/en\/product\/weis-topelt-seinaga-vaakumiga-presskann-07l\/","og_locale":"en_GB","og_type":"article","og_title":"Weis topelt seinaga, vaakumiga presskann, 0,7l - Kohvieri","og_description":"Weis topelt seinaga vaakumpresskann, 0,7L on k\u00f5rgekvaliteediline ja praktiline valik neile, kes hindavad sooja joogi valmistamise ja s\u00e4ilitamise mugavust.","og_url":"https:\/\/kohvieri.ee\/en\/product\/weis-topelt-seinaga-vaakumiga-presskann-07l\/","og_site_name":"Kohvieri","article_publisher":"https:\/\/www.facebook.com\/kohvieri","article_modified_time":"2024-11-17T16:47:04+00:00","og_image":[{"width":1080,"height":1080,"url":"https:\/\/kohvieri.ee\/wp-content\/uploads\/2023\/07\/Weis-topelt-seinaga-vaakumiga-presskann-07l.png","type":"image\/png"}],"twitter_card":"summary_large_image","twitter_misc":{"Estimated reading time":"1 minute"},"schema":{"@context":"https:\/\/schema.org","@graph":[{"@type":"WebPage","@id":"https:\/\/kohvieri.ee\/en\/product\/weis-topelt-seinaga-vaakumiga-presskann-07l\/","url":"https:\/\/kohvieri.ee\/en\/product\/weis-topelt-seinaga-vaakumiga-presskann-07l\/","name":"Weis topelt seinaga, vaakumiga presskann, 0,7l - Kohvieri","isPartOf":{"@id":"https:\/\/kohvieri.ee\/et\/#website"},"primaryImageOfPage":{"@id":"https:\/\/kohvieri.ee\/en\/product\/weis-topelt-seinaga-vaakumiga-presskann-07l\/#primaryimage"},"image":{"@id":"https:\/\/kohvieri.ee\/en\/product\/weis-topelt-seinaga-vaakumiga-presskann-07l\/#primaryimage"},"thumbnailUrl":"https:\/\/kohvieri.ee\/wp-content\/uploads\/2023\/07\/Weis-topelt-seinaga-vaakumiga-presskann-07l.png","datePublished":"2023-07-21T16:33:29+00:00","dateModified":"2024-11-17T16:47:04+00:00","description":"Weis topelt seinaga vaakumpresskann, 0,7L on k\u00f5rgekvaliteediline ja praktiline valik neile, kes hindavad sooja joogi valmistamise ja s\u00e4ilitamise mugavust.","breadcrumb":{"@id":"https:\/\/kohvieri.ee\/en\/product\/weis-topelt-seinaga-vaakumiga-presskann-07l\/#breadcrumb"},"inLanguage":"en-GB","potentialAction":[{"@type":"ReadAction","target":["https:\/\/kohvieri.ee\/en\/product\/weis-topelt-seinaga-vaakumiga-presskann-07l\/"]}]},{"@type":"ImageObject","inLanguage":"en-GB","@id":"https:\/\/kohvieri.ee\/en\/product\/weis-topelt-seinaga-vaakumiga-presskann-07l\/#primaryimage","url":"https:\/\/kohvieri.ee\/wp-content\/uploads\/2023\/07\/Weis-topelt-seinaga-vaakumiga-presskann-07l.png","contentUrl":"https:\/\/kohvieri.ee\/wp-content\/uploads\/2023\/07\/Weis-topelt-seinaga-vaakumiga-presskann-07l.png","width":1080,"height":1080,"caption":"Weis topelt seinaga, vaakumiga presskann, 0,7l"},{"@type":"BreadcrumbList","@id":"https:\/\/kohvieri.ee\/en\/product\/weis-topelt-seinaga-vaakumiga-presskann-07l\/#breadcrumb","itemListElement":[{"@type":"ListItem","position":1,"name":"Home","item":"https:\/\/kohvieri.ee\/et\/"},{"@type":"ListItem","position":2,"name":"E-pood","item":"https:\/\/kohvieri.ee\/et\/e-pood\/"},{"@type":"ListItem","position":3,"name":"Weis topelt seinaga, vaakumiga presskann, 0,7l"}]},{"@type":"WebSite","@id":"https:\/\/kohvieri.ee\/et\/#website","url":"https:\/\/kohvieri.ee\/et\/","name":"Kohvieri","description":"Kohvi - ja teepood","publisher":{"@id":"https:\/\/kohvieri.ee\/et\/#organization"},"potentialAction":[{"@type":"SearchAction","target":{"@type":"EntryPoint","urlTemplate":"https:\/\/kohvieri.ee\/et\/?s={search_term_string}"},"query-input":{"@type":"PropertyValueSpecification","valueRequired":true,"valueName":"search_term_string"}}],"inLanguage":"en-GB"},{"@type":"Organization","@id":"https:\/\/kohvieri.ee\/et\/#organization","name":"Kohvieri","url":"https:\/\/kohvieri.ee\/et\/","logo":{"@type":"ImageObject","inLanguage":"en-GB","@id":"https:\/\/kohvieri.ee\/et\/#\/schema\/logo\/image\/","url":"https:\/\/kohvieri.ee\/wp-content\/uploads\/2023\/07\/07cd6507-9210-4922-a9ff-55a59759ce72-e1689614757153.png","contentUrl":"https:\/\/kohvieri.ee\/wp-content\/uploads\/2023\/07\/07cd6507-9210-4922-a9ff-55a59759ce72-e1689614757153.png","width":945,"height":318,"caption":" Kohvieri"},"image":{"@id":"https:\/\/kohvieri.ee\/et\/#\/schema\/logo\/image\/"},"sameAs":["https:\/\/www.facebook.com\/kohvieri","https:\/\/www.instagram.com\/kohvieripood"]}]}},"uagb_featured_image_src":{"full":["https:\/\/kohvieri.ee\/wp-content\/uploads\/2023\/07\/Weis-topelt-seinaga-vaakumiga-presskann-07l.png",1080,1080,false],"thumbnail":["https:\/\/kohvieri.ee\/wp-content\/uploads\/2023\/07\/Weis-topelt-seinaga-vaakumiga-presskann-07l-150x150.png",150,150,true],"medium":["https:\/\/kohvieri.ee\/wp-content\/uploads\/2023\/07\/Weis-topelt-seinaga-vaakumiga-presskann-07l-300x300.png",300,300,true],"medium_large":["https:\/\/kohvieri.ee\/wp-content\/uploads\/2023\/07\/Weis-topelt-seinaga-vaakumiga-presskann-07l-768x768.png",768,768,true],"large":["https:\/\/kohvieri.ee\/wp-content\/uploads\/2023\/07\/Weis-topelt-seinaga-vaakumiga-presskann-07l-1024x1024.png",1024,1024,true],"1536x1536":["https:\/\/kohvieri.ee\/wp-content\/uploads\/2023\/07\/Weis-topelt-seinaga-vaakumiga-presskann-07l.png",1080,1080,false],"2048x2048":["https:\/\/kohvieri.ee\/wp-content\/uploads\/2023\/07\/Weis-topelt-seinaga-vaakumiga-presskann-07l.png",1080,1080,false],"trp-custom-language-flag":["https:\/\/kohvieri.ee\/wp-content\/uploads\/2023\/07\/Weis-topelt-seinaga-vaakumiga-presskann-07l-12x12.png",12,12,true],"woocommerce_thumbnail":["https:\/\/kohvieri.ee\/wp-content\/uploads\/2023\/07\/Weis-topelt-seinaga-vaakumiga-presskann-07l-300x300.png",300,300,true],"woocommerce_single":["https:\/\/kohvieri.ee\/wp-content\/uploads\/2023\/07\/Weis-topelt-seinaga-vaakumiga-presskann-07l-600x600.png",600,600,true],"woocommerce_gallery_thumbnail":["https:\/\/kohvieri.ee\/wp-content\/uploads\/2023\/07\/Weis-topelt-seinaga-vaakumiga-presskann-07l-100x100.png",100,100,true]},"uagb_author_info":{"display_name":"Kohvieri","author_link":"https:\/\/kohvieri.ee\/en\/author\/"},"uagb_comment_info":0,"uagb_excerpt":"Weis topelt seinaga, vaakumiga presskann on stiilne, minimalistlik ja kaasaegne v\u00e4limus, mis sobib h\u00e4sti igasse k\u00f6\u00f6ki v\u00f5i kontorilauale. vaakumisolatsioon hoiab kohvi kuumana kuni 8 tundi valmistatud kvaliteetsest, tugevast roostevabast terasest kahekordse seinaga disainiga ergonomiline soojusisolatsiooniga k\u00e4epidemega ja mugav tila teevad valamise lihtsaks ja mugavaks. kaasas asendusfilter 3-4 tassi pikkus:13,5cm laius: 9,6cm k\u00f5rgus: 23cm P\u00e4ritolumaa: Saksamaa&hellip;","jetpack_sharing_enabled":true,"_links":{"self":[{"href":"https:\/\/kohvieri.ee\/en\/wp-json\/wp\/v2\/product\/7570","targetHints":{"allow":["GET"]}}],"collection":[{"href":"https:\/\/kohvieri.ee\/en\/wp-json\/wp\/v2\/product"}],"about":[{"href":"https:\/\/kohvieri.ee\/en\/wp-json\/wp\/v2\/types\/product"}],"version-history":[{"count":3,"href":"https:\/\/kohvieri.ee\/en\/wp-json\/wp\/v2\/product\/7570\/revisions"}],"predecessor-version":[{"id":14395,"href":"https:\/\/kohvieri.ee\/en\/wp-json\/wp\/v2\/product\/7570\/revisions\/14395"}],"wp:featuredmedia":[{"embeddable":true,"href":"https:\/\/kohvieri.ee\/en\/wp-json\/wp\/v2\/media\/14393"}],"wp:attachment":[{"href":"https:\/\/kohvieri.ee\/en\/wp-json\/wp\/v2\/media?parent=7570"}],"wp:term":[{"taxonomy":"product_brand","embeddable":true,"href":"https:\/\/kohvieri.ee\/en\/wp-json\/wp\/v2\/product_brand?post=7570"},{"taxonomy":"product_cat","embeddable":true,"href":"https:\/\/kohvieri.ee\/en\/wp-json\/wp\/v2\/product_cat?post=7570"},{"taxonomy":"product_tag","embeddable":true,"href":"https:\/\/kohvieri.ee\/en\/wp-json\/wp\/v2\/product_tag?post=7570"}],"curies":[{"name":"wp","href":"https:\/\/api.w.org\/{rel}","templated":true}]}}