{"id":9004,"date":"2023-08-04T06:31:48","date_gmt":"2023-08-04T06:31:48","guid":{"rendered":"https:\/\/kohvieri.ee\/?post_type=product&#038;p=9004"},"modified":"2025-12-29T20:27:17","modified_gmt":"2025-12-29T20:27:17","slug":"kreeka-magitee-segu","status":"publish","type":"product","link":"https:\/\/kohvieri.ee\/en\/product\/kreeka-magitee-segu\/","title":{"rendered":"Kreeka M\u00e4gitee Segu"},"content":{"rendered":"<div data-elementor-type=\"wp-post\" data-elementor-id=\"9004\" class=\"elementor elementor-9004\">\n\t\t\t\t<div class=\"elementor-element elementor-element-29f65fc4 e-flex e-con-boxed e-con e-parent\" data-id=\"29f65fc4\" data-element_type=\"container\" data-e-type=\"container\">\n\t\t\t\t\t<div class=\"e-con-inner\">\n\t\t<div class=\"elementor-element elementor-element-f31eac4 e-con-full e-flex e-con e-child\" data-id=\"f31eac4\" data-element_type=\"container\" data-e-type=\"container\">\n\t\t\t\t<div class=\"elementor-element elementor-element-3e8fbdfb elementor-widget__width-initial e-transform elementor-position-top exad-sticky-section-no exad-glass-effect-no elementor-widget elementor-widget-image-box\" data-id=\"3e8fbdfb\" data-element_type=\"widget\" data-e-type=\"widget\" data-settings=\"{&quot;_transform_translateX_effect&quot;:{&quot;unit&quot;:&quot;px&quot;,&quot;size&quot;:2,&quot;sizes&quot;:[]},&quot;_transform_translateY_effect&quot;:{&quot;unit&quot;:&quot;px&quot;,&quot;size&quot;:-9,&quot;sizes&quot;:[]},&quot;_transform_translateX_effect_tablet&quot;:{&quot;unit&quot;:&quot;px&quot;,&quot;size&quot;:&quot;&quot;,&quot;sizes&quot;:[]},&quot;_transform_translateX_effect_mobile&quot;:{&quot;unit&quot;:&quot;px&quot;,&quot;size&quot;:&quot;&quot;,&quot;sizes&quot;:[]},&quot;_transform_translateY_effect_tablet&quot;:{&quot;unit&quot;:&quot;px&quot;,&quot;size&quot;:&quot;&quot;,&quot;sizes&quot;:[]},&quot;_transform_translateY_effect_mobile&quot;:{&quot;unit&quot;:&quot;px&quot;,&quot;size&quot;:&quot;&quot;,&quot;sizes&quot;:[]}}\" data-widget_type=\"image-box.default\">\n\t\t\t\t<div class=\"elementor-widget-container\">\n\t\t\t\t\t<div class=\"elementor-image-box-wrapper\"><figure class=\"elementor-image-box-img\"><img fetchpriority=\"high\" decoding=\"async\" width=\"500\" height=\"500\" src=\"https:\/\/kohvieri.ee\/wp-content\/uploads\/2023\/08\/4.png\" class=\"attachment-1536x1536 size-1536x1536 wp-image-10477\" alt=\"\" srcset=\"https:\/\/kohvieri.ee\/wp-content\/uploads\/2023\/08\/4.png 500w, https:\/\/kohvieri.ee\/wp-content\/uploads\/2023\/08\/4-300x300.png 300w, https:\/\/kohvieri.ee\/wp-content\/uploads\/2023\/08\/4-150x150.png 150w, https:\/\/kohvieri.ee\/wp-content\/uploads\/2023\/08\/4-12x12.png 12w, https:\/\/kohvieri.ee\/wp-content\/uploads\/2023\/08\/4-100x100.png 100w\" sizes=\"(max-width: 500px) 100vw, 500px\" \/><\/figure><div class=\"elementor-image-box-content\"><h3 class=\"elementor-image-box-title\">4gr (2tsp) per 200ml of water.<\/h3><\/div><\/div>\t\t\t\t<\/div>\n\t\t\t\t<\/div>\n\t\t\t\t<\/div>\n\t\t<div class=\"elementor-element elementor-element-a6a827f e-con-full e-flex e-con e-child\" data-id=\"a6a827f\" data-element_type=\"container\" data-e-type=\"container\">\n\t\t\t\t<div class=\"elementor-element elementor-element-6e908238 e-transform elementor-position-top exad-sticky-section-no exad-glass-effect-no elementor-widget elementor-widget-image-box\" data-id=\"6e908238\" data-element_type=\"widget\" data-e-type=\"widget\" data-settings=\"{&quot;_transform_translateX_effect&quot;:{&quot;unit&quot;:&quot;px&quot;,&quot;size&quot;:-16,&quot;sizes&quot;:[]},&quot;_transform_translateY_effect&quot;:{&quot;unit&quot;:&quot;px&quot;,&quot;size&quot;:-1,&quot;sizes&quot;:[]},&quot;_transform_translateX_effect_tablet&quot;:{&quot;unit&quot;:&quot;px&quot;,&quot;size&quot;:&quot;&quot;,&quot;sizes&quot;:[]},&quot;_transform_translateX_effect_mobile&quot;:{&quot;unit&quot;:&quot;px&quot;,&quot;size&quot;:&quot;&quot;,&quot;sizes&quot;:[]},&quot;_transform_translateY_effect_tablet&quot;:{&quot;unit&quot;:&quot;px&quot;,&quot;size&quot;:&quot;&quot;,&quot;sizes&quot;:[]},&quot;_transform_translateY_effect_mobile&quot;:{&quot;unit&quot;:&quot;px&quot;,&quot;size&quot;:&quot;&quot;,&quot;sizes&quot;:[]}}\" data-widget_type=\"image-box.default\">\n\t\t\t\t<div class=\"elementor-widget-container\">\n\t\t\t\t\t<div class=\"elementor-image-box-wrapper\"><figure class=\"elementor-image-box-img\"><img decoding=\"async\" width=\"500\" height=\"500\" src=\"https:\/\/kohvieri.ee\/wp-content\/uploads\/2023\/07\/1ea3577b-2087-4362-b81b-93bdeafc1a84.png\" class=\"attachment-large size-large wp-image-8864\" alt=\"\" srcset=\"https:\/\/kohvieri.ee\/wp-content\/uploads\/2023\/07\/1ea3577b-2087-4362-b81b-93bdeafc1a84.png 500w, https:\/\/kohvieri.ee\/wp-content\/uploads\/2023\/07\/1ea3577b-2087-4362-b81b-93bdeafc1a84-300x300.png 300w, https:\/\/kohvieri.ee\/wp-content\/uploads\/2023\/07\/1ea3577b-2087-4362-b81b-93bdeafc1a84-150x150.png 150w, https:\/\/kohvieri.ee\/wp-content\/uploads\/2023\/07\/1ea3577b-2087-4362-b81b-93bdeafc1a84-12x12.png 12w, https:\/\/kohvieri.ee\/wp-content\/uploads\/2023\/07\/1ea3577b-2087-4362-b81b-93bdeafc1a84-100x100.png 100w\" sizes=\"(max-width: 500px) 100vw, 500px\" \/><\/figure><div class=\"elementor-image-box-content\"><h3 class=\"elementor-image-box-title\">100\u00b0C water temperature<\/h3><\/div><\/div>\t\t\t\t<\/div>\n\t\t\t\t<\/div>\n\t\t\t\t<\/div>\n\t\t<div class=\"elementor-element elementor-element-6c99c21c e-con-full e-flex e-con e-child\" data-id=\"6c99c21c\" data-element_type=\"container\" data-e-type=\"container\">\n\t\t\t\t<div class=\"elementor-element elementor-element-19b06fe7 e-transform elementor-position-top exad-sticky-section-no exad-glass-effect-no elementor-widget elementor-widget-image-box\" data-id=\"19b06fe7\" data-element_type=\"widget\" data-e-type=\"widget\" data-settings=\"{&quot;_transform_translateY_effect&quot;:{&quot;unit&quot;:&quot;px&quot;,&quot;size&quot;:-11,&quot;sizes&quot;:[]},&quot;_transform_translateX_effect&quot;:{&quot;unit&quot;:&quot;px&quot;,&quot;size&quot;:&quot;&quot;,&quot;sizes&quot;:[]},&quot;_transform_translateX_effect_tablet&quot;:{&quot;unit&quot;:&quot;px&quot;,&quot;size&quot;:&quot;&quot;,&quot;sizes&quot;:[]},&quot;_transform_translateX_effect_mobile&quot;:{&quot;unit&quot;:&quot;px&quot;,&quot;size&quot;:&quot;&quot;,&quot;sizes&quot;:[]},&quot;_transform_translateY_effect_tablet&quot;:{&quot;unit&quot;:&quot;px&quot;,&quot;size&quot;:&quot;&quot;,&quot;sizes&quot;:[]},&quot;_transform_translateY_effect_mobile&quot;:{&quot;unit&quot;:&quot;px&quot;,&quot;size&quot;:&quot;&quot;,&quot;sizes&quot;:[]}}\" data-widget_type=\"image-box.default\">\n\t\t\t\t<div class=\"elementor-widget-container\">\n\t\t\t\t\t<div class=\"elementor-image-box-wrapper\"><figure class=\"elementor-image-box-img\"><img decoding=\"async\" width=\"500\" height=\"500\" src=\"https:\/\/kohvieri.ee\/wp-content\/uploads\/2023\/08\/8fdb532f-010a-4a34-a9c4-31e0471111d3.png\" class=\"attachment-full size-full wp-image-9016\" alt=\"\" srcset=\"https:\/\/kohvieri.ee\/wp-content\/uploads\/2023\/08\/8fdb532f-010a-4a34-a9c4-31e0471111d3.png 500w, https:\/\/kohvieri.ee\/wp-content\/uploads\/2023\/08\/8fdb532f-010a-4a34-a9c4-31e0471111d3-300x300.png 300w, https:\/\/kohvieri.ee\/wp-content\/uploads\/2023\/08\/8fdb532f-010a-4a34-a9c4-31e0471111d3-150x150.png 150w, https:\/\/kohvieri.ee\/wp-content\/uploads\/2023\/08\/8fdb532f-010a-4a34-a9c4-31e0471111d3-12x12.png 12w, https:\/\/kohvieri.ee\/wp-content\/uploads\/2023\/08\/8fdb532f-010a-4a34-a9c4-31e0471111d3-100x100.png 100w\" sizes=\"(max-width: 500px) 100vw, 500px\" \/><\/figure><div class=\"elementor-image-box-content\"><h3 class=\"elementor-image-box-title\">5-10 minutes preparation time<\/h3><\/div><\/div>\t\t\t\t<\/div>\n\t\t\t\t<\/div>\n\t\t\t\t<\/div>\n\t\t\t\t\t<\/div>\n\t\t\t\t<\/div>\n\t\t\t\t<\/div>","protected":false},"excerpt":{"rendered":"<p>Lush green alpine pots covered in purple and yellow flowers\u2026 this wonderfully reflects the look of this herbal tea blend. Tart and sweet citrus notes combined with the typical taste of grapefruit create a sparkling and fresh treat. Sweet blackberry leaves and plenty of ginger finish off the taste perfectly.<\/p>\n<p>Ingredients: Acidified apple pieces (apple, acidulant: citric acid), ginger pieces, blackberry leaves, raspberry leaves, Greek mountain tea (5%), sweet blackberry leaves, mallow flowers, sunflower flowers and natural flavoring.<\/p>\n<p><a href=\"https:\/\/kohvieri.ee\/en\/teedest\/\">Read more about teas<\/a><\/p>","protected":false},"featured_media":9008,"template":"","meta":{"_uag_custom_page_level_css":"","site-sidebar-layout":"default","site-content-layout":"default","ast-site-content-layout":"default","site-content-style":"default","site-sidebar-style":"default","ast-global-header-display":"","ast-banner-title-visibility":"","ast-main-header-display":"","ast-hfb-above-header-display":"","ast-hfb-below-header-display":"","ast-hfb-mobile-header-display":"","site-post-title":"","ast-breadcrumbs-content":"","ast-featured-img":"","footer-sml-layout":"","ast-disable-related-posts":"","theme-transparent-header-meta":"default","adv-header-id-meta":"","stick-header-meta":"default","header-above-stick-meta":"","header-main-stick-meta":"","header-below-stick-meta":"","astra-migrate-meta-layouts":"set","ast-page-background-enabled":"default","ast-page-background-meta":{"desktop":{"background-color":"var(--ast-global-color-4)","background-image":"","background-repeat":"repeat","background-position":"center center","background-size":"auto","background-attachment":"scroll","background-type":"","background-media":"","overlay-type":"","overlay-color":"","overlay-opacity":"","overlay-gradient":""},"tablet":{"background-color":"","background-image":"","background-repeat":"repeat","background-position":"center center","background-size":"auto","background-attachment":"scroll","background-type":"","background-media":"","overlay-type":"","overlay-color":"","overlay-opacity":"","overlay-gradient":""},"mobile":{"background-color":"","background-image":"","background-repeat":"repeat","background-position":"center center","background-size":"auto","background-attachment":"scroll","background-type":"","background-media":"","overlay-type":"","overlay-color":"","overlay-opacity":"","overlay-gradient":""}},"ast-content-background-meta":{"desktop":{"background-color":"var(--ast-global-color-5)","background-image":"","background-repeat":"repeat","background-position":"center center","background-size":"auto","background-attachment":"scroll","background-type":"","background-media":"","overlay-type":"","overlay-color":"","overlay-opacity":"","overlay-gradient":""},"tablet":{"background-color":"var(--ast-global-color-5)","background-image":"","background-repeat":"repeat","background-position":"center center","background-size":"auto","background-attachment":"scroll","background-type":"","background-media":"","overlay-type":"","overlay-color":"","overlay-opacity":"","overlay-gradient":""},"mobile":{"background-color":"var(--ast-global-color-5)","background-image":"","background-repeat":"repeat","background-position":"center center","background-size":"auto","background-attachment":"scroll","background-type":"","background-media":"","overlay-type":"","overlay-color":"","overlay-opacity":"","overlay-gradient":""}}},"product_brand":[],"product_cat":[106,47],"product_tag":[141,169,238,217,110,185,237],"class_list":{"0":"post-9004","1":"product","2":"type-product","3":"status-publish","4":"has-post-thumbnail","6":"product_cat-taimetee-mate","7":"product_cat-teed","8":"product_tag-ingver","9":"product_tag-malva","10":"product_tag-murakalehed","11":"product_tag-murakas","12":"product_tag-oun","13":"product_tag-paevalill","14":"product_tag-vaarikalehed","15":"desktop-align-center","16":"tablet-align-left","17":"mobile-align-left","19":"first","20":"instock","21":"taxable","22":"shipping-taxable","23":"purchasable","24":"product-type-variable"},"yoast_head":"<!-- This site is optimized with the Yoast SEO plugin v27.5 - https:\/\/yoast.com\/product\/yoast-seo-wordpress\/ -->\n<title>Kreeka M\u00e4gitee Segu - Kohvieri<\/title>\n<meta name=\"robots\" content=\"index, follow, max-snippet:-1, max-image-preview:large, max-video-preview:-1\" \/>\n<link rel=\"canonical\" href=\"https:\/\/kohvieri.ee\/en\/product\/kreeka-magitee-segu\/\" \/>\n<meta property=\"og:locale\" content=\"en_GB\" \/>\n<meta property=\"og:type\" content=\"article\" \/>\n<meta property=\"og:title\" content=\"Kreeka M\u00e4gitee Segu - Kohvieri\" \/>\n<meta property=\"og:description\" content=\"Lillade ja kollaste \u00f5itega kaetud lopsakad rohelised alpikannid... see peegeldab imeliselt selle taimetee segu v\u00e4limust.\u00a0Hapud\u00a0ja\u00a0magusad\u00a0tsitruselised noodid koos greibile t\u00fc\u00fcpilise maitsega loovad\u00a0s\u00e4deleva ja v\u00e4rske\u00a0maiuse.\u00a0Magusad murakalehed ja rohke ingver viimistlevad maitse suurep\u00e4raselt.  Koostisosad: Hapendatud \u00f5unat\u00fckid (\u00f5un, hapendaja: sidrunhape), ingverit\u00fckid, murakalehed, vaarikalehed, kreeka m\u00e4gitee (5%), magusad murakalehed, malva \u00f5ied, p\u00e4evalille\u00f5ied ja looduslik aroomiaine.  Loe teedest rohkem\" \/>\n<meta property=\"og:url\" content=\"https:\/\/kohvieri.ee\/en\/product\/kreeka-magitee-segu\/\" \/>\n<meta property=\"og:site_name\" content=\"Kohvieri\" \/>\n<meta property=\"article:publisher\" content=\"https:\/\/www.facebook.com\/kohvieri\" \/>\n<meta property=\"article:modified_time\" content=\"2025-12-29T20:27:17+00:00\" \/>\n<meta property=\"og:image\" content=\"https:\/\/kohvieri.ee\/wp-content\/uploads\/2023\/08\/kreeka-magitee.png\" \/>\n\t<meta property=\"og:image:width\" content=\"600\" \/>\n\t<meta property=\"og:image:height\" content=\"600\" \/>\n\t<meta property=\"og:image:type\" content=\"image\/png\" \/>\n<meta name=\"twitter:card\" content=\"summary_large_image\" \/>\n<meta name=\"twitter:label1\" content=\"Estimated reading time\" \/>\n\t<meta name=\"twitter:data1\" content=\"1 minute\" \/>\n<script type=\"application\/ld+json\" class=\"yoast-schema-graph\">{\"@context\":\"https:\\\/\\\/schema.org\",\"@graph\":[{\"@type\":\"WebPage\",\"@id\":\"https:\\\/\\\/kohvieri.ee\\\/product\\\/kreeka-magitee-segu\\\/\",\"url\":\"https:\\\/\\\/kohvieri.ee\\\/product\\\/kreeka-magitee-segu\\\/\",\"name\":\"Kreeka M\u00e4gitee Segu - Kohvieri\",\"isPartOf\":{\"@id\":\"https:\\\/\\\/kohvieri.ee\\\/et\\\/#website\"},\"primaryImageOfPage\":{\"@id\":\"https:\\\/\\\/kohvieri.ee\\\/product\\\/kreeka-magitee-segu\\\/#primaryimage\"},\"image\":{\"@id\":\"https:\\\/\\\/kohvieri.ee\\\/product\\\/kreeka-magitee-segu\\\/#primaryimage\"},\"thumbnailUrl\":\"https:\\\/\\\/kohvieri.ee\\\/wp-content\\\/uploads\\\/2023\\\/08\\\/kreeka-magitee.png\",\"datePublished\":\"2023-08-04T06:31:48+00:00\",\"dateModified\":\"2025-12-29T20:27:17+00:00\",\"breadcrumb\":{\"@id\":\"https:\\\/\\\/kohvieri.ee\\\/product\\\/kreeka-magitee-segu\\\/#breadcrumb\"},\"inLanguage\":\"en-GB\",\"potentialAction\":[{\"@type\":\"ReadAction\",\"target\":[\"https:\\\/\\\/kohvieri.ee\\\/product\\\/kreeka-magitee-segu\\\/\"]}]},{\"@type\":\"ImageObject\",\"inLanguage\":\"en-GB\",\"@id\":\"https:\\\/\\\/kohvieri.ee\\\/product\\\/kreeka-magitee-segu\\\/#primaryimage\",\"url\":\"https:\\\/\\\/kohvieri.ee\\\/wp-content\\\/uploads\\\/2023\\\/08\\\/kreeka-magitee.png\",\"contentUrl\":\"https:\\\/\\\/kohvieri.ee\\\/wp-content\\\/uploads\\\/2023\\\/08\\\/kreeka-magitee.png\",\"width\":600,\"height\":600,\"caption\":\"Kreeka M\u00e4gitee Segu\"},{\"@type\":\"BreadcrumbList\",\"@id\":\"https:\\\/\\\/kohvieri.ee\\\/product\\\/kreeka-magitee-segu\\\/#breadcrumb\",\"itemListElement\":[{\"@type\":\"ListItem\",\"position\":1,\"name\":\"Home\",\"item\":\"https:\\\/\\\/kohvieri.ee\\\/et\\\/\"},{\"@type\":\"ListItem\",\"position\":2,\"name\":\"E-pood\",\"item\":\"https:\\\/\\\/kohvieri.ee\\\/et\\\/e-pood\\\/\"},{\"@type\":\"ListItem\",\"position\":3,\"name\":\"Kreeka M\u00e4gitee Segu\"}]},{\"@type\":\"WebSite\",\"@id\":\"https:\\\/\\\/kohvieri.ee\\\/et\\\/#website\",\"url\":\"https:\\\/\\\/kohvieri.ee\\\/et\\\/\",\"name\":\"Kohvieri\",\"description\":\"Kohvi - ja teepood\",\"publisher\":{\"@id\":\"https:\\\/\\\/kohvieri.ee\\\/et\\\/#organization\"},\"potentialAction\":[{\"@type\":\"SearchAction\",\"target\":{\"@type\":\"EntryPoint\",\"urlTemplate\":\"https:\\\/\\\/kohvieri.ee\\\/et\\\/?s={search_term_string}\"},\"query-input\":{\"@type\":\"PropertyValueSpecification\",\"valueRequired\":true,\"valueName\":\"search_term_string\"}}],\"inLanguage\":\"en-GB\"},{\"@type\":\"Organization\",\"@id\":\"https:\\\/\\\/kohvieri.ee\\\/et\\\/#organization\",\"name\":\"Kohvieri\",\"url\":\"https:\\\/\\\/kohvieri.ee\\\/et\\\/\",\"logo\":{\"@type\":\"ImageObject\",\"inLanguage\":\"en-GB\",\"@id\":\"https:\\\/\\\/kohvieri.ee\\\/et\\\/#\\\/schema\\\/logo\\\/image\\\/\",\"url\":\"https:\\\/\\\/kohvieri.ee\\\/wp-content\\\/uploads\\\/2023\\\/07\\\/07cd6507-9210-4922-a9ff-55a59759ce72-e1689614757153.png\",\"contentUrl\":\"https:\\\/\\\/kohvieri.ee\\\/wp-content\\\/uploads\\\/2023\\\/07\\\/07cd6507-9210-4922-a9ff-55a59759ce72-e1689614757153.png\",\"width\":945,\"height\":318,\"caption\":\" Kohvieri\"},\"image\":{\"@id\":\"https:\\\/\\\/kohvieri.ee\\\/et\\\/#\\\/schema\\\/logo\\\/image\\\/\"},\"sameAs\":[\"https:\\\/\\\/www.facebook.com\\\/kohvieri\",\"https:\\\/\\\/www.instagram.com\\\/kohvieripood\"]}]}<\/script>\n<!-- \/ Yoast SEO plugin. -->","yoast_head_json":{"title":"Kreeka M\u00e4gitee Segu - Kohvieri","robots":{"index":"index","follow":"follow","max-snippet":"max-snippet:-1","max-image-preview":"max-image-preview:large","max-video-preview":"max-video-preview:-1"},"canonical":"https:\/\/kohvieri.ee\/en\/product\/kreeka-magitee-segu\/","og_locale":"en_GB","og_type":"article","og_title":"Kreeka M\u00e4gitee Segu - Kohvieri","og_description":"Lillade ja kollaste \u00f5itega kaetud lopsakad rohelised alpikannid... see peegeldab imeliselt selle taimetee segu v\u00e4limust.\u00a0Hapud\u00a0ja\u00a0magusad\u00a0tsitruselised noodid koos greibile t\u00fc\u00fcpilise maitsega loovad\u00a0s\u00e4deleva ja v\u00e4rske\u00a0maiuse.\u00a0Magusad murakalehed ja rohke ingver viimistlevad maitse suurep\u00e4raselt.  Koostisosad: Hapendatud \u00f5unat\u00fckid (\u00f5un, hapendaja: sidrunhape), ingverit\u00fckid, murakalehed, vaarikalehed, kreeka m\u00e4gitee (5%), magusad murakalehed, malva \u00f5ied, p\u00e4evalille\u00f5ied ja looduslik aroomiaine.  Loe teedest rohkem","og_url":"https:\/\/kohvieri.ee\/en\/product\/kreeka-magitee-segu\/","og_site_name":"Kohvieri","article_publisher":"https:\/\/www.facebook.com\/kohvieri","article_modified_time":"2025-12-29T20:27:17+00:00","og_image":[{"width":600,"height":600,"url":"https:\/\/kohvieri.ee\/wp-content\/uploads\/2023\/08\/kreeka-magitee.png","type":"image\/png"}],"twitter_card":"summary_large_image","twitter_misc":{"Estimated reading time":"1 minute"},"schema":{"@context":"https:\/\/schema.org","@graph":[{"@type":"WebPage","@id":"https:\/\/kohvieri.ee\/product\/kreeka-magitee-segu\/","url":"https:\/\/kohvieri.ee\/product\/kreeka-magitee-segu\/","name":"Kreeka M\u00e4gitee Segu - Kohvieri","isPartOf":{"@id":"https:\/\/kohvieri.ee\/et\/#website"},"primaryImageOfPage":{"@id":"https:\/\/kohvieri.ee\/product\/kreeka-magitee-segu\/#primaryimage"},"image":{"@id":"https:\/\/kohvieri.ee\/product\/kreeka-magitee-segu\/#primaryimage"},"thumbnailUrl":"https:\/\/kohvieri.ee\/wp-content\/uploads\/2023\/08\/kreeka-magitee.png","datePublished":"2023-08-04T06:31:48+00:00","dateModified":"2025-12-29T20:27:17+00:00","breadcrumb":{"@id":"https:\/\/kohvieri.ee\/product\/kreeka-magitee-segu\/#breadcrumb"},"inLanguage":"en-GB","potentialAction":[{"@type":"ReadAction","target":["https:\/\/kohvieri.ee\/product\/kreeka-magitee-segu\/"]}]},{"@type":"ImageObject","inLanguage":"en-GB","@id":"https:\/\/kohvieri.ee\/product\/kreeka-magitee-segu\/#primaryimage","url":"https:\/\/kohvieri.ee\/wp-content\/uploads\/2023\/08\/kreeka-magitee.png","contentUrl":"https:\/\/kohvieri.ee\/wp-content\/uploads\/2023\/08\/kreeka-magitee.png","width":600,"height":600,"caption":"Kreeka M\u00e4gitee Segu"},{"@type":"BreadcrumbList","@id":"https:\/\/kohvieri.ee\/product\/kreeka-magitee-segu\/#breadcrumb","itemListElement":[{"@type":"ListItem","position":1,"name":"Home","item":"https:\/\/kohvieri.ee\/et\/"},{"@type":"ListItem","position":2,"name":"E-pood","item":"https:\/\/kohvieri.ee\/et\/e-pood\/"},{"@type":"ListItem","position":3,"name":"Kreeka M\u00e4gitee Segu"}]},{"@type":"WebSite","@id":"https:\/\/kohvieri.ee\/et\/#website","url":"https:\/\/kohvieri.ee\/et\/","name":"Kohvieri","description":"Kohvi - ja teepood","publisher":{"@id":"https:\/\/kohvieri.ee\/et\/#organization"},"potentialAction":[{"@type":"SearchAction","target":{"@type":"EntryPoint","urlTemplate":"https:\/\/kohvieri.ee\/et\/?s={search_term_string}"},"query-input":{"@type":"PropertyValueSpecification","valueRequired":true,"valueName":"search_term_string"}}],"inLanguage":"en-GB"},{"@type":"Organization","@id":"https:\/\/kohvieri.ee\/et\/#organization","name":"Kohvieri","url":"https:\/\/kohvieri.ee\/et\/","logo":{"@type":"ImageObject","inLanguage":"en-GB","@id":"https:\/\/kohvieri.ee\/et\/#\/schema\/logo\/image\/","url":"https:\/\/kohvieri.ee\/wp-content\/uploads\/2023\/07\/07cd6507-9210-4922-a9ff-55a59759ce72-e1689614757153.png","contentUrl":"https:\/\/kohvieri.ee\/wp-content\/uploads\/2023\/07\/07cd6507-9210-4922-a9ff-55a59759ce72-e1689614757153.png","width":945,"height":318,"caption":" Kohvieri"},"image":{"@id":"https:\/\/kohvieri.ee\/et\/#\/schema\/logo\/image\/"},"sameAs":["https:\/\/www.facebook.com\/kohvieri","https:\/\/www.instagram.com\/kohvieripood"]}]}},"uagb_featured_image_src":{"full":["https:\/\/kohvieri.ee\/wp-content\/uploads\/2023\/08\/kreeka-magitee.png",600,600,false],"thumbnail":["https:\/\/kohvieri.ee\/wp-content\/uploads\/2023\/08\/kreeka-magitee-150x150.png",150,150,true],"medium":["https:\/\/kohvieri.ee\/wp-content\/uploads\/2023\/08\/kreeka-magitee-300x300.png",300,300,true],"medium_large":["https:\/\/kohvieri.ee\/wp-content\/uploads\/2023\/08\/kreeka-magitee.png",600,600,false],"large":["https:\/\/kohvieri.ee\/wp-content\/uploads\/2023\/08\/kreeka-magitee.png",600,600,false],"1536x1536":["https:\/\/kohvieri.ee\/wp-content\/uploads\/2023\/08\/kreeka-magitee.png",600,600,false],"2048x2048":["https:\/\/kohvieri.ee\/wp-content\/uploads\/2023\/08\/kreeka-magitee.png",600,600,false],"trp-custom-language-flag":["https:\/\/kohvieri.ee\/wp-content\/uploads\/2023\/08\/kreeka-magitee-12x12.png",12,12,true],"woocommerce_thumbnail":["https:\/\/kohvieri.ee\/wp-content\/uploads\/2023\/08\/kreeka-magitee-300x300.png",300,300,true],"woocommerce_single":["https:\/\/kohvieri.ee\/wp-content\/uploads\/2023\/08\/kreeka-magitee.png",600,600,false],"woocommerce_gallery_thumbnail":["https:\/\/kohvieri.ee\/wp-content\/uploads\/2023\/08\/kreeka-magitee-100x100.png",100,100,true]},"uagb_author_info":{"display_name":"Kohvieri","author_link":"https:\/\/kohvieri.ee\/en\/author\/"},"uagb_comment_info":0,"uagb_excerpt":"Lillade ja kollaste \u00f5itega kaetud lopsakad rohelised alpikannid... see peegeldab imeliselt selle taimetee segu v\u00e4limust.\u00a0Hapud\u00a0ja\u00a0magusad\u00a0tsitruselised noodid koos greibile t\u00fc\u00fcpilise maitsega loovad\u00a0s\u00e4deleva ja v\u00e4rske\u00a0maiuse.\u00a0Magusad murakalehed ja rohke ingver viimistlevad maitse suurep\u00e4raselt. Koostisosad: Hapendatud \u00f5unat\u00fckid (\u00f5un, hapendaja: sidrunhape), ingverit\u00fckid, murakalehed, vaarikalehed, kreeka m\u00e4gitee (5%), magusad murakalehed, malva \u00f5ied, p\u00e4evalille\u00f5ied ja looduslik aroomiaine. Loe teedest rohkem","jetpack_sharing_enabled":true,"_links":{"self":[{"href":"https:\/\/kohvieri.ee\/en\/wp-json\/wp\/v2\/product\/9004","targetHints":{"allow":["GET"]}}],"collection":[{"href":"https:\/\/kohvieri.ee\/en\/wp-json\/wp\/v2\/product"}],"about":[{"href":"https:\/\/kohvieri.ee\/en\/wp-json\/wp\/v2\/types\/product"}],"version-history":[{"count":5,"href":"https:\/\/kohvieri.ee\/en\/wp-json\/wp\/v2\/product\/9004\/revisions"}],"predecessor-version":[{"id":14819,"href":"https:\/\/kohvieri.ee\/en\/wp-json\/wp\/v2\/product\/9004\/revisions\/14819"}],"wp:featuredmedia":[{"embeddable":true,"href":"https:\/\/kohvieri.ee\/en\/wp-json\/wp\/v2\/media\/9008"}],"wp:attachment":[{"href":"https:\/\/kohvieri.ee\/en\/wp-json\/wp\/v2\/media?parent=9004"}],"wp:term":[{"taxonomy":"product_brand","embeddable":true,"href":"https:\/\/kohvieri.ee\/en\/wp-json\/wp\/v2\/product_brand?post=9004"},{"taxonomy":"product_cat","embeddable":true,"href":"https:\/\/kohvieri.ee\/en\/wp-json\/wp\/v2\/product_cat?post=9004"},{"taxonomy":"product_tag","embeddable":true,"href":"https:\/\/kohvieri.ee\/en\/wp-json\/wp\/v2\/product_tag?post=9004"}],"curies":[{"name":"wp","href":"https:\/\/api.w.org\/{rel}","templated":true}]}}