{"id":9221,"date":"2023-08-04T17:22:11","date_gmt":"2023-08-04T17:22:11","guid":{"rendered":"https:\/\/kohvieri.ee\/?post_type=product&#038;p=9221"},"modified":"2026-03-27T17:33:02","modified_gmt":"2026-03-27T17:33:02","slug":"nicaragua-sultan","status":"publish","type":"product","link":"https:\/\/kohvieri.ee\/en\/product\/nicaragua-sultan\/","title":{"rendered":"Nicaragua Sultan"},"content":{"rendered":"","protected":false},"excerpt":{"rendered":"<p>Originally from the highlands of Nicaragua, growing at an altitude of 1,100\u20131,600 m.<\/p>\n<p>Arabica bean<\/p>\n<p>Acidity: medium, clean and pleasantly bright, not sharp.<\/p>\n<p>Aroma: clean, floral and slightly nutty nuance, chocolate background<\/p>\n<p>Flavor profile: soft marzipan or honey sweetness with slightly fruity (apple, apricot) or caramel tones.<\/p>\n<p>Aftertaste: long-lasting, sweet and slightly nutty or chocolatey aftertaste.<\/p>\n<p>Coffee beans are packaged on site according to your desired quantity and grinding (bean, espresso, filter pot, Italian mocha pot, press pot, Turkish coffee). Freshly ground coffee can be stored in a sealed package for about half a year.<\/p>\n<p><a href=\"https:\/\/kohvieri.ee\/en\/kohvist\/\">Read more about coffee<\/a><\/p>","protected":false},"featured_media":7970,"template":"","meta":{"_uag_custom_page_level_css":"","site-sidebar-layout":"default","site-content-layout":"default","ast-site-content-layout":"default","site-content-style":"default","site-sidebar-style":"default","ast-global-header-display":"","ast-banner-title-visibility":"","ast-main-header-display":"","ast-hfb-above-header-display":"","ast-hfb-below-header-display":"","ast-hfb-mobile-header-display":"","site-post-title":"","ast-breadcrumbs-content":"","ast-featured-img":"","footer-sml-layout":"","ast-disable-related-posts":"","theme-transparent-header-meta":"default","adv-header-id-meta":"","stick-header-meta":"default","header-above-stick-meta":"","header-main-stick-meta":"","header-below-stick-meta":"","astra-migrate-meta-layouts":"set","ast-page-background-enabled":"default","ast-page-background-meta":{"desktop":{"background-color":"var(--ast-global-color-4)","background-image":"","background-repeat":"repeat","background-position":"center center","background-size":"auto","background-attachment":"scroll","background-type":"","background-media":"","overlay-type":"","overlay-color":"","overlay-opacity":"","overlay-gradient":""},"tablet":{"background-color":"","background-image":"","background-repeat":"repeat","background-position":"center center","background-size":"auto","background-attachment":"scroll","background-type":"","background-media":"","overlay-type":"","overlay-color":"","overlay-opacity":"","overlay-gradient":""},"mobile":{"background-color":"","background-image":"","background-repeat":"repeat","background-position":"center center","background-size":"auto","background-attachment":"scroll","background-type":"","background-media":"","overlay-type":"","overlay-color":"","overlay-opacity":"","overlay-gradient":""}},"ast-content-background-meta":{"desktop":{"background-color":"var(--ast-global-color-5)","background-image":"","background-repeat":"repeat","background-position":"center center","background-size":"auto","background-attachment":"scroll","background-type":"","background-media":"","overlay-type":"","overlay-color":"","overlay-opacity":"","overlay-gradient":""},"tablet":{"background-color":"var(--ast-global-color-5)","background-image":"","background-repeat":"repeat","background-position":"center center","background-size":"auto","background-attachment":"scroll","background-type":"","background-media":"","overlay-type":"","overlay-color":"","overlay-opacity":"","overlay-gradient":""},"mobile":{"background-color":"var(--ast-global-color-5)","background-image":"","background-repeat":"repeat","background-position":"center center","background-size":"auto","background-attachment":"scroll","background-type":"","background-media":"","overlay-type":"","overlay-color":"","overlay-opacity":"","overlay-gradient":""}}},"product_brand":[],"product_cat":[46,81],"product_tag":[],"class_list":{"0":"post-9221","1":"product","2":"type-product","3":"status-publish","4":"has-post-thumbnail","6":"product_cat-kohvid","7":"product_cat-paritolumaa-kohv","8":"pa_jahvatus-espresso","9":"pa_jahvatus-filter","10":"pa_jahvatus-itaalia-mokakann","11":"pa_jahvatus-presskann","12":"pa_jahvatus-turgi-kohv","13":"pa_jahvatus-uba","14":"desktop-align-center","15":"tablet-align-left","16":"mobile-align-left","18":"first","19":"instock","20":"taxable","21":"shipping-taxable","22":"purchasable","23":"product-type-variable"},"yoast_head":"<!-- This site is optimized with the Yoast SEO plugin v27.5 - https:\/\/yoast.com\/product\/yoast-seo-wordpress\/ -->\n<title>Nicaragua Sultan - Kohvieri<\/title>\n<meta name=\"description\" content=\"Nicaragua Sultan pehme martsipani- v\u00f5i mee-magusus koos kergelt puuviljaste (\u00f5un, aprikoos) v\u00f5i karamelliste toonidega.\" \/>\n<meta name=\"robots\" content=\"index, follow, max-snippet:-1, max-image-preview:large, max-video-preview:-1\" \/>\n<link rel=\"canonical\" href=\"https:\/\/kohvieri.ee\/en\/product\/nicaragua-sultan\/\" \/>\n<meta property=\"og:locale\" content=\"en_GB\" \/>\n<meta property=\"og:type\" content=\"article\" \/>\n<meta property=\"og:title\" content=\"Nicaragua Sultan - Kohvieri\" \/>\n<meta property=\"og:description\" content=\"Nicaragua Sultan pehme martsipani- v\u00f5i mee-magusus koos kergelt puuviljaste (\u00f5un, aprikoos) v\u00f5i karamelliste toonidega.\" \/>\n<meta property=\"og:url\" content=\"https:\/\/kohvieri.ee\/en\/product\/nicaragua-sultan\/\" \/>\n<meta property=\"og:site_name\" content=\"Kohvieri\" \/>\n<meta property=\"article:publisher\" content=\"https:\/\/www.facebook.com\/kohvieri\" \/>\n<meta property=\"article:modified_time\" content=\"2026-03-27T17:33:02+00:00\" \/>\n<meta property=\"og:image\" content=\"https:\/\/kohvieri.ee\/wp-content\/uploads\/2023\/06\/Dusty-Beige-Rustic-Hotel-Logo-1.png\" \/>\n\t<meta property=\"og:image:width\" content=\"500\" \/>\n\t<meta property=\"og:image:height\" content=\"500\" \/>\n\t<meta property=\"og:image:type\" content=\"image\/png\" \/>\n<meta name=\"twitter:card\" content=\"summary_large_image\" \/>\n<meta name=\"twitter:label1\" content=\"Estimated reading time\" \/>\n\t<meta name=\"twitter:data1\" content=\"1 minute\" \/>\n<script type=\"application\/ld+json\" class=\"yoast-schema-graph\">{\"@context\":\"https:\\\/\\\/schema.org\",\"@graph\":[{\"@type\":\"WebPage\",\"@id\":\"https:\\\/\\\/kohvieri.ee\\\/product\\\/nicaragua-sultan\\\/\",\"url\":\"https:\\\/\\\/kohvieri.ee\\\/product\\\/nicaragua-sultan\\\/\",\"name\":\"Nicaragua Sultan - Kohvieri\",\"isPartOf\":{\"@id\":\"https:\\\/\\\/kohvieri.ee\\\/et\\\/#website\"},\"primaryImageOfPage\":{\"@id\":\"https:\\\/\\\/kohvieri.ee\\\/product\\\/nicaragua-sultan\\\/#primaryimage\"},\"image\":{\"@id\":\"https:\\\/\\\/kohvieri.ee\\\/product\\\/nicaragua-sultan\\\/#primaryimage\"},\"thumbnailUrl\":\"https:\\\/\\\/kohvieri.ee\\\/wp-content\\\/uploads\\\/2023\\\/06\\\/Dusty-Beige-Rustic-Hotel-Logo-1.png\",\"datePublished\":\"2023-08-04T17:22:11+00:00\",\"dateModified\":\"2026-03-27T17:33:02+00:00\",\"description\":\"Nicaragua Sultan pehme martsipani- v\u00f5i mee-magusus koos kergelt puuviljaste (\u00f5un, aprikoos) v\u00f5i karamelliste toonidega.\",\"breadcrumb\":{\"@id\":\"https:\\\/\\\/kohvieri.ee\\\/product\\\/nicaragua-sultan\\\/#breadcrumb\"},\"inLanguage\":\"en-GB\",\"potentialAction\":[{\"@type\":\"ReadAction\",\"target\":[\"https:\\\/\\\/kohvieri.ee\\\/product\\\/nicaragua-sultan\\\/\"]}]},{\"@type\":\"ImageObject\",\"inLanguage\":\"en-GB\",\"@id\":\"https:\\\/\\\/kohvieri.ee\\\/product\\\/nicaragua-sultan\\\/#primaryimage\",\"url\":\"https:\\\/\\\/kohvieri.ee\\\/wp-content\\\/uploads\\\/2023\\\/06\\\/Dusty-Beige-Rustic-Hotel-Logo-1.png\",\"contentUrl\":\"https:\\\/\\\/kohvieri.ee\\\/wp-content\\\/uploads\\\/2023\\\/06\\\/Dusty-Beige-Rustic-Hotel-Logo-1.png\",\"width\":500,\"height\":500,\"caption\":\"maitsekohv\"},{\"@type\":\"BreadcrumbList\",\"@id\":\"https:\\\/\\\/kohvieri.ee\\\/product\\\/nicaragua-sultan\\\/#breadcrumb\",\"itemListElement\":[{\"@type\":\"ListItem\",\"position\":1,\"name\":\"Home\",\"item\":\"https:\\\/\\\/kohvieri.ee\\\/et\\\/\"},{\"@type\":\"ListItem\",\"position\":2,\"name\":\"E-pood\",\"item\":\"https:\\\/\\\/kohvieri.ee\\\/et\\\/e-pood\\\/\"},{\"@type\":\"ListItem\",\"position\":3,\"name\":\"Nicaragua Sultan\"}]},{\"@type\":\"WebSite\",\"@id\":\"https:\\\/\\\/kohvieri.ee\\\/et\\\/#website\",\"url\":\"https:\\\/\\\/kohvieri.ee\\\/et\\\/\",\"name\":\"Kohvieri\",\"description\":\"Kohvi - ja teepood\",\"publisher\":{\"@id\":\"https:\\\/\\\/kohvieri.ee\\\/et\\\/#organization\"},\"potentialAction\":[{\"@type\":\"SearchAction\",\"target\":{\"@type\":\"EntryPoint\",\"urlTemplate\":\"https:\\\/\\\/kohvieri.ee\\\/et\\\/?s={search_term_string}\"},\"query-input\":{\"@type\":\"PropertyValueSpecification\",\"valueRequired\":true,\"valueName\":\"search_term_string\"}}],\"inLanguage\":\"en-GB\"},{\"@type\":\"Organization\",\"@id\":\"https:\\\/\\\/kohvieri.ee\\\/et\\\/#organization\",\"name\":\"Kohvieri\",\"url\":\"https:\\\/\\\/kohvieri.ee\\\/et\\\/\",\"logo\":{\"@type\":\"ImageObject\",\"inLanguage\":\"en-GB\",\"@id\":\"https:\\\/\\\/kohvieri.ee\\\/et\\\/#\\\/schema\\\/logo\\\/image\\\/\",\"url\":\"https:\\\/\\\/kohvieri.ee\\\/wp-content\\\/uploads\\\/2023\\\/07\\\/07cd6507-9210-4922-a9ff-55a59759ce72-e1689614757153.png\",\"contentUrl\":\"https:\\\/\\\/kohvieri.ee\\\/wp-content\\\/uploads\\\/2023\\\/07\\\/07cd6507-9210-4922-a9ff-55a59759ce72-e1689614757153.png\",\"width\":945,\"height\":318,\"caption\":\" Kohvieri\"},\"image\":{\"@id\":\"https:\\\/\\\/kohvieri.ee\\\/et\\\/#\\\/schema\\\/logo\\\/image\\\/\"},\"sameAs\":[\"https:\\\/\\\/www.facebook.com\\\/kohvieri\",\"https:\\\/\\\/www.instagram.com\\\/kohvieripood\"]}]}<\/script>\n<!-- \/ Yoast SEO plugin. -->","yoast_head_json":{"title":"Nicaragua Sultan - Kohvieri","description":"Nicaragua Sultan pehme martsipani- v\u00f5i mee-magusus koos kergelt puuviljaste (\u00f5un, aprikoos) v\u00f5i karamelliste toonidega.","robots":{"index":"index","follow":"follow","max-snippet":"max-snippet:-1","max-image-preview":"max-image-preview:large","max-video-preview":"max-video-preview:-1"},"canonical":"https:\/\/kohvieri.ee\/en\/product\/nicaragua-sultan\/","og_locale":"en_GB","og_type":"article","og_title":"Nicaragua Sultan - Kohvieri","og_description":"Nicaragua Sultan pehme martsipani- v\u00f5i mee-magusus koos kergelt puuviljaste (\u00f5un, aprikoos) v\u00f5i karamelliste toonidega.","og_url":"https:\/\/kohvieri.ee\/en\/product\/nicaragua-sultan\/","og_site_name":"Kohvieri","article_publisher":"https:\/\/www.facebook.com\/kohvieri","article_modified_time":"2026-03-27T17:33:02+00:00","og_image":[{"width":500,"height":500,"url":"https:\/\/kohvieri.ee\/wp-content\/uploads\/2023\/06\/Dusty-Beige-Rustic-Hotel-Logo-1.png","type":"image\/png"}],"twitter_card":"summary_large_image","twitter_misc":{"Estimated reading time":"1 minute"},"schema":{"@context":"https:\/\/schema.org","@graph":[{"@type":"WebPage","@id":"https:\/\/kohvieri.ee\/product\/nicaragua-sultan\/","url":"https:\/\/kohvieri.ee\/product\/nicaragua-sultan\/","name":"Nicaragua Sultan - Kohvieri","isPartOf":{"@id":"https:\/\/kohvieri.ee\/et\/#website"},"primaryImageOfPage":{"@id":"https:\/\/kohvieri.ee\/product\/nicaragua-sultan\/#primaryimage"},"image":{"@id":"https:\/\/kohvieri.ee\/product\/nicaragua-sultan\/#primaryimage"},"thumbnailUrl":"https:\/\/kohvieri.ee\/wp-content\/uploads\/2023\/06\/Dusty-Beige-Rustic-Hotel-Logo-1.png","datePublished":"2023-08-04T17:22:11+00:00","dateModified":"2026-03-27T17:33:02+00:00","description":"Nicaragua Sultan pehme martsipani- v\u00f5i mee-magusus koos kergelt puuviljaste (\u00f5un, aprikoos) v\u00f5i karamelliste toonidega.","breadcrumb":{"@id":"https:\/\/kohvieri.ee\/product\/nicaragua-sultan\/#breadcrumb"},"inLanguage":"en-GB","potentialAction":[{"@type":"ReadAction","target":["https:\/\/kohvieri.ee\/product\/nicaragua-sultan\/"]}]},{"@type":"ImageObject","inLanguage":"en-GB","@id":"https:\/\/kohvieri.ee\/product\/nicaragua-sultan\/#primaryimage","url":"https:\/\/kohvieri.ee\/wp-content\/uploads\/2023\/06\/Dusty-Beige-Rustic-Hotel-Logo-1.png","contentUrl":"https:\/\/kohvieri.ee\/wp-content\/uploads\/2023\/06\/Dusty-Beige-Rustic-Hotel-Logo-1.png","width":500,"height":500,"caption":"maitsekohv"},{"@type":"BreadcrumbList","@id":"https:\/\/kohvieri.ee\/product\/nicaragua-sultan\/#breadcrumb","itemListElement":[{"@type":"ListItem","position":1,"name":"Home","item":"https:\/\/kohvieri.ee\/et\/"},{"@type":"ListItem","position":2,"name":"E-pood","item":"https:\/\/kohvieri.ee\/et\/e-pood\/"},{"@type":"ListItem","position":3,"name":"Nicaragua Sultan"}]},{"@type":"WebSite","@id":"https:\/\/kohvieri.ee\/et\/#website","url":"https:\/\/kohvieri.ee\/et\/","name":"Kohvieri","description":"Kohvi - ja teepood","publisher":{"@id":"https:\/\/kohvieri.ee\/et\/#organization"},"potentialAction":[{"@type":"SearchAction","target":{"@type":"EntryPoint","urlTemplate":"https:\/\/kohvieri.ee\/et\/?s={search_term_string}"},"query-input":{"@type":"PropertyValueSpecification","valueRequired":true,"valueName":"search_term_string"}}],"inLanguage":"en-GB"},{"@type":"Organization","@id":"https:\/\/kohvieri.ee\/et\/#organization","name":"Kohvieri","url":"https:\/\/kohvieri.ee\/et\/","logo":{"@type":"ImageObject","inLanguage":"en-GB","@id":"https:\/\/kohvieri.ee\/et\/#\/schema\/logo\/image\/","url":"https:\/\/kohvieri.ee\/wp-content\/uploads\/2023\/07\/07cd6507-9210-4922-a9ff-55a59759ce72-e1689614757153.png","contentUrl":"https:\/\/kohvieri.ee\/wp-content\/uploads\/2023\/07\/07cd6507-9210-4922-a9ff-55a59759ce72-e1689614757153.png","width":945,"height":318,"caption":" Kohvieri"},"image":{"@id":"https:\/\/kohvieri.ee\/et\/#\/schema\/logo\/image\/"},"sameAs":["https:\/\/www.facebook.com\/kohvieri","https:\/\/www.instagram.com\/kohvieripood"]}]}},"uagb_featured_image_src":{"full":["https:\/\/kohvieri.ee\/wp-content\/uploads\/2023\/06\/Dusty-Beige-Rustic-Hotel-Logo-1.png",500,500,false],"thumbnail":["https:\/\/kohvieri.ee\/wp-content\/uploads\/2023\/06\/Dusty-Beige-Rustic-Hotel-Logo-1-150x150.png",150,150,true],"medium":["https:\/\/kohvieri.ee\/wp-content\/uploads\/2023\/06\/Dusty-Beige-Rustic-Hotel-Logo-1-300x300.png",300,300,true],"medium_large":["https:\/\/kohvieri.ee\/wp-content\/uploads\/2023\/06\/Dusty-Beige-Rustic-Hotel-Logo-1.png",500,500,false],"large":["https:\/\/kohvieri.ee\/wp-content\/uploads\/2023\/06\/Dusty-Beige-Rustic-Hotel-Logo-1.png",500,500,false],"1536x1536":["https:\/\/kohvieri.ee\/wp-content\/uploads\/2023\/06\/Dusty-Beige-Rustic-Hotel-Logo-1.png",500,500,false],"2048x2048":["https:\/\/kohvieri.ee\/wp-content\/uploads\/2023\/06\/Dusty-Beige-Rustic-Hotel-Logo-1.png",500,500,false],"trp-custom-language-flag":["https:\/\/kohvieri.ee\/wp-content\/uploads\/2023\/06\/Dusty-Beige-Rustic-Hotel-Logo-1-12x12.png",12,12,true],"woocommerce_thumbnail":["https:\/\/kohvieri.ee\/wp-content\/uploads\/2023\/06\/Dusty-Beige-Rustic-Hotel-Logo-1-300x300.png",300,300,true],"woocommerce_single":["https:\/\/kohvieri.ee\/wp-content\/uploads\/2023\/06\/Dusty-Beige-Rustic-Hotel-Logo-1.png",500,500,false],"woocommerce_gallery_thumbnail":["https:\/\/kohvieri.ee\/wp-content\/uploads\/2023\/06\/Dusty-Beige-Rustic-Hotel-Logo-1-100x100.png",100,100,true]},"uagb_author_info":{"display_name":"Kohvieri","author_link":"https:\/\/kohvieri.ee\/en\/author\/"},"uagb_comment_info":0,"uagb_excerpt":"P\u00e4rit Nicaragua k\u00f5rgm\u00e4estikust, kasvuk\u00f5rgus 1,100\u20131,600 Araabika uba Happesus: keskmine, puhas ja meeldivalt s\u00e4rav, mitte terav. Aroom: puhas, lilleline ja kergelt p\u00e4hkline n\u00fcanss, \u0161okolaadine taust Maitseprofiil: pehme martsipani- v\u00f5i mee-magusus koos kergelt puuviljaste (\u00f5un, aprikoos) v\u00f5i karamelliste toonidega. J\u00e4remaitse: kauakestev, magus ja kergelt p\u00e4hkline v\u00f5i \u0161okolaadine j\u00e4relmaik. Kohvioad pakendatakse kohapeal vastavalt Sinu soovitud kogusele ning jahvatusele&hellip;","jetpack_sharing_enabled":true,"_links":{"self":[{"href":"https:\/\/kohvieri.ee\/en\/wp-json\/wp\/v2\/product\/9221","targetHints":{"allow":["GET"]}}],"collection":[{"href":"https:\/\/kohvieri.ee\/en\/wp-json\/wp\/v2\/product"}],"about":[{"href":"https:\/\/kohvieri.ee\/en\/wp-json\/wp\/v2\/types\/product"}],"version-history":[{"count":4,"href":"https:\/\/kohvieri.ee\/en\/wp-json\/wp\/v2\/product\/9221\/revisions"}],"predecessor-version":[{"id":16745,"href":"https:\/\/kohvieri.ee\/en\/wp-json\/wp\/v2\/product\/9221\/revisions\/16745"}],"wp:featuredmedia":[{"embeddable":true,"href":"https:\/\/kohvieri.ee\/en\/wp-json\/wp\/v2\/media\/7970"}],"wp:attachment":[{"href":"https:\/\/kohvieri.ee\/en\/wp-json\/wp\/v2\/media?parent=9221"}],"wp:term":[{"taxonomy":"product_brand","embeddable":true,"href":"https:\/\/kohvieri.ee\/en\/wp-json\/wp\/v2\/product_brand?post=9221"},{"taxonomy":"product_cat","embeddable":true,"href":"https:\/\/kohvieri.ee\/en\/wp-json\/wp\/v2\/product_cat?post=9221"},{"taxonomy":"product_tag","embeddable":true,"href":"https:\/\/kohvieri.ee\/en\/wp-json\/wp\/v2\/product_tag?post=9221"}],"curies":[{"name":"wp","href":"https:\/\/api.w.org\/{rel}","templated":true}]}}