{"id":9424,"date":"2023-08-06T12:51:34","date_gmt":"2023-08-06T12:51:34","guid":{"rendered":"https:\/\/kohvieri.ee\/?post_type=product&#038;p=9424"},"modified":"2026-02-07T10:53:19","modified_gmt":"2026-02-07T10:53:19","slug":"honduras-hg","status":"publish","type":"product","link":"https:\/\/kohvieri.ee\/en\/product\/honduras-hg\/","title":{"rendered":"Honduras HG, medium roast 250g"},"content":{"rendered":"","protected":false},"excerpt":{"rendered":"<p data-start=\"99\" data-end=\"365\"><strong data-start=\"99\" data-end=\"114\">Honduras HG<\/strong> Honduras HG is 100% Arabica coffee from the mountainous regions of Honduras, grown at altitudes of 1,200\u20131,600 m. HG (Hard Grade) refers to high-quality, dense, and uniform beans that provide a clean and balanced flavor.<\/p>\n<p data-start=\"367\" data-end=\"546\">The taste is smooth and rounded, with medium acidity and a full body. Notes of chocolate and nuts are complemented by a subtle caramel sweetness and a pleasant aftertaste.<\/p>\n<p><strong>The coffee beans are prepackaged in a 250g vacuum package<\/strong>, to get a bigger collection, increase the number of packages (2pcs=500g, 3pcs=750g, etc.). If desired, it is possible to grind according to your wishes (bean, espresso, filter pot, Italian mocha pot, press pot, Turkish coffee). Freshly ground coffee can be stored in a sealed package for about half a year.<\/p>\n<p><a href=\"https:\/\/kohvieri.ee\/en\/kohvist\/\">Read more about coffee<\/a><\/p>","protected":false},"featured_media":7970,"template":"","meta":{"_uag_custom_page_level_css":"","site-sidebar-layout":"default","site-content-layout":"default","ast-site-content-layout":"default","site-content-style":"default","site-sidebar-style":"default","ast-global-header-display":"","ast-banner-title-visibility":"","ast-main-header-display":"","ast-hfb-above-header-display":"","ast-hfb-below-header-display":"","ast-hfb-mobile-header-display":"","site-post-title":"","ast-breadcrumbs-content":"","ast-featured-img":"","footer-sml-layout":"","ast-disable-related-posts":"","theme-transparent-header-meta":"default","adv-header-id-meta":"","stick-header-meta":"default","header-above-stick-meta":"","header-main-stick-meta":"","header-below-stick-meta":"","astra-migrate-meta-layouts":"set","ast-page-background-enabled":"default","ast-page-background-meta":{"desktop":{"background-color":"var(--ast-global-color-4)","background-image":"","background-repeat":"repeat","background-position":"center center","background-size":"auto","background-attachment":"scroll","background-type":"","background-media":"","overlay-type":"","overlay-color":"","overlay-opacity":"","overlay-gradient":""},"tablet":{"background-color":"","background-image":"","background-repeat":"repeat","background-position":"center center","background-size":"auto","background-attachment":"scroll","background-type":"","background-media":"","overlay-type":"","overlay-color":"","overlay-opacity":"","overlay-gradient":""},"mobile":{"background-color":"","background-image":"","background-repeat":"repeat","background-position":"center center","background-size":"auto","background-attachment":"scroll","background-type":"","background-media":"","overlay-type":"","overlay-color":"","overlay-opacity":"","overlay-gradient":""}},"ast-content-background-meta":{"desktop":{"background-color":"var(--ast-global-color-5)","background-image":"","background-repeat":"repeat","background-position":"center center","background-size":"auto","background-attachment":"scroll","background-type":"","background-media":"","overlay-type":"","overlay-color":"","overlay-opacity":"","overlay-gradient":""},"tablet":{"background-color":"var(--ast-global-color-5)","background-image":"","background-repeat":"repeat","background-position":"center center","background-size":"auto","background-attachment":"scroll","background-type":"","background-media":"","overlay-type":"","overlay-color":"","overlay-opacity":"","overlay-gradient":""},"mobile":{"background-color":"var(--ast-global-color-5)","background-image":"","background-repeat":"repeat","background-position":"center center","background-size":"auto","background-attachment":"scroll","background-type":"","background-media":"","overlay-type":"","overlay-color":"","overlay-opacity":"","overlay-gradient":""}}},"product_brand":[],"product_cat":[46,81],"product_tag":[],"class_list":{"0":"post-9424","1":"product","2":"type-product","3":"status-publish","4":"has-post-thumbnail","6":"product_cat-kohvid","7":"product_cat-paritolumaa-kohv","8":"pa_jahvatus-espresso","9":"pa_jahvatus-filter","10":"pa_jahvatus-itaalia-mokakann","11":"pa_jahvatus-presskann","12":"pa_jahvatus-turgi-kohv","13":"pa_jahvatus-uba","14":"desktop-align-center","15":"tablet-align-left","16":"mobile-align-left","18":"first","19":"instock","20":"taxable","21":"shipping-taxable","22":"purchasable","23":"product-type-variable"},"yoast_head":"<!-- This site is optimized with the Yoast SEO plugin v27.5 - https:\/\/yoast.com\/product\/yoast-seo-wordpress\/ -->\n<title>Honduras HG, keskmine r\u00f6st 250g - Kohvieri<\/title>\n<meta name=\"description\" content=\"Maitse on pehme ja \u00fcmar, keskmise happesusega ning t\u00e4idlase kehaga. \u0160okolaadi- ja p\u00e4hklinoodid, mida t\u00e4iendab kerge karamelline magusus.\" \/>\n<meta name=\"robots\" content=\"index, follow, max-snippet:-1, max-image-preview:large, max-video-preview:-1\" \/>\n<link rel=\"canonical\" href=\"https:\/\/kohvieri.ee\/en\/product\/honduras-hg\/\" \/>\n<meta property=\"og:locale\" content=\"en_GB\" \/>\n<meta property=\"og:type\" content=\"article\" \/>\n<meta property=\"og:title\" content=\"Honduras HG, keskmine r\u00f6st 250g - Kohvieri\" \/>\n<meta property=\"og:description\" content=\"Maitse on pehme ja \u00fcmar, keskmise happesusega ning t\u00e4idlase kehaga. \u0160okolaadi- ja p\u00e4hklinoodid, mida t\u00e4iendab kerge karamelline magusus.\" \/>\n<meta property=\"og:url\" content=\"https:\/\/kohvieri.ee\/en\/product\/honduras-hg\/\" \/>\n<meta property=\"og:site_name\" content=\"Kohvieri\" \/>\n<meta property=\"article:publisher\" content=\"https:\/\/www.facebook.com\/kohvieri\" \/>\n<meta property=\"article:modified_time\" content=\"2026-02-07T10:53:19+00:00\" \/>\n<meta property=\"og:image\" content=\"https:\/\/kohvieri.ee\/wp-content\/uploads\/2023\/06\/Dusty-Beige-Rustic-Hotel-Logo-1.png\" \/>\n\t<meta property=\"og:image:width\" content=\"500\" \/>\n\t<meta property=\"og:image:height\" content=\"500\" \/>\n\t<meta property=\"og:image:type\" content=\"image\/png\" \/>\n<meta name=\"twitter:card\" content=\"summary_large_image\" \/>\n<meta name=\"twitter:label1\" content=\"Estimated reading time\" \/>\n\t<meta name=\"twitter:data1\" content=\"1 minute\" \/>\n<script type=\"application\/ld+json\" class=\"yoast-schema-graph\">{\"@context\":\"https:\\\/\\\/schema.org\",\"@graph\":[{\"@type\":\"WebPage\",\"@id\":\"https:\\\/\\\/kohvieri.ee\\\/product\\\/honduras-hg\\\/\",\"url\":\"https:\\\/\\\/kohvieri.ee\\\/product\\\/honduras-hg\\\/\",\"name\":\"Honduras HG, keskmine r\u00f6st 250g - Kohvieri\",\"isPartOf\":{\"@id\":\"https:\\\/\\\/kohvieri.ee\\\/et\\\/#website\"},\"primaryImageOfPage\":{\"@id\":\"https:\\\/\\\/kohvieri.ee\\\/product\\\/honduras-hg\\\/#primaryimage\"},\"image\":{\"@id\":\"https:\\\/\\\/kohvieri.ee\\\/product\\\/honduras-hg\\\/#primaryimage\"},\"thumbnailUrl\":\"https:\\\/\\\/kohvieri.ee\\\/wp-content\\\/uploads\\\/2023\\\/06\\\/Dusty-Beige-Rustic-Hotel-Logo-1.png\",\"datePublished\":\"2023-08-06T12:51:34+00:00\",\"dateModified\":\"2026-02-07T10:53:19+00:00\",\"description\":\"Maitse on pehme ja \u00fcmar, keskmise happesusega ning t\u00e4idlase kehaga. \u0160okolaadi- ja p\u00e4hklinoodid, mida t\u00e4iendab kerge karamelline magusus.\",\"breadcrumb\":{\"@id\":\"https:\\\/\\\/kohvieri.ee\\\/product\\\/honduras-hg\\\/#breadcrumb\"},\"inLanguage\":\"en-GB\",\"potentialAction\":[{\"@type\":\"ReadAction\",\"target\":[\"https:\\\/\\\/kohvieri.ee\\\/product\\\/honduras-hg\\\/\"]}]},{\"@type\":\"ImageObject\",\"inLanguage\":\"en-GB\",\"@id\":\"https:\\\/\\\/kohvieri.ee\\\/product\\\/honduras-hg\\\/#primaryimage\",\"url\":\"https:\\\/\\\/kohvieri.ee\\\/wp-content\\\/uploads\\\/2023\\\/06\\\/Dusty-Beige-Rustic-Hotel-Logo-1.png\",\"contentUrl\":\"https:\\\/\\\/kohvieri.ee\\\/wp-content\\\/uploads\\\/2023\\\/06\\\/Dusty-Beige-Rustic-Hotel-Logo-1.png\",\"width\":500,\"height\":500,\"caption\":\"maitsekohv\"},{\"@type\":\"BreadcrumbList\",\"@id\":\"https:\\\/\\\/kohvieri.ee\\\/product\\\/honduras-hg\\\/#breadcrumb\",\"itemListElement\":[{\"@type\":\"ListItem\",\"position\":1,\"name\":\"Home\",\"item\":\"https:\\\/\\\/kohvieri.ee\\\/et\\\/\"},{\"@type\":\"ListItem\",\"position\":2,\"name\":\"E-pood\",\"item\":\"https:\\\/\\\/kohvieri.ee\\\/et\\\/e-pood\\\/\"},{\"@type\":\"ListItem\",\"position\":3,\"name\":\"Honduras HG, keskmine r\u00f6st 250g\"}]},{\"@type\":\"WebSite\",\"@id\":\"https:\\\/\\\/kohvieri.ee\\\/et\\\/#website\",\"url\":\"https:\\\/\\\/kohvieri.ee\\\/et\\\/\",\"name\":\"Kohvieri\",\"description\":\"Kohvi - ja teepood\",\"publisher\":{\"@id\":\"https:\\\/\\\/kohvieri.ee\\\/et\\\/#organization\"},\"potentialAction\":[{\"@type\":\"SearchAction\",\"target\":{\"@type\":\"EntryPoint\",\"urlTemplate\":\"https:\\\/\\\/kohvieri.ee\\\/et\\\/?s={search_term_string}\"},\"query-input\":{\"@type\":\"PropertyValueSpecification\",\"valueRequired\":true,\"valueName\":\"search_term_string\"}}],\"inLanguage\":\"en-GB\"},{\"@type\":\"Organization\",\"@id\":\"https:\\\/\\\/kohvieri.ee\\\/et\\\/#organization\",\"name\":\"Kohvieri\",\"url\":\"https:\\\/\\\/kohvieri.ee\\\/et\\\/\",\"logo\":{\"@type\":\"ImageObject\",\"inLanguage\":\"en-GB\",\"@id\":\"https:\\\/\\\/kohvieri.ee\\\/et\\\/#\\\/schema\\\/logo\\\/image\\\/\",\"url\":\"https:\\\/\\\/kohvieri.ee\\\/wp-content\\\/uploads\\\/2023\\\/07\\\/07cd6507-9210-4922-a9ff-55a59759ce72-e1689614757153.png\",\"contentUrl\":\"https:\\\/\\\/kohvieri.ee\\\/wp-content\\\/uploads\\\/2023\\\/07\\\/07cd6507-9210-4922-a9ff-55a59759ce72-e1689614757153.png\",\"width\":945,\"height\":318,\"caption\":\" Kohvieri\"},\"image\":{\"@id\":\"https:\\\/\\\/kohvieri.ee\\\/et\\\/#\\\/schema\\\/logo\\\/image\\\/\"},\"sameAs\":[\"https:\\\/\\\/www.facebook.com\\\/kohvieri\",\"https:\\\/\\\/www.instagram.com\\\/kohvieripood\"]}]}<\/script>\n<!-- \/ Yoast SEO plugin. -->","yoast_head_json":{"title":"Honduras HG, keskmine r\u00f6st 250g - Kohvieri","description":"Maitse on pehme ja \u00fcmar, keskmise happesusega ning t\u00e4idlase kehaga. \u0160okolaadi- ja p\u00e4hklinoodid, mida t\u00e4iendab kerge karamelline magusus.","robots":{"index":"index","follow":"follow","max-snippet":"max-snippet:-1","max-image-preview":"max-image-preview:large","max-video-preview":"max-video-preview:-1"},"canonical":"https:\/\/kohvieri.ee\/en\/product\/honduras-hg\/","og_locale":"en_GB","og_type":"article","og_title":"Honduras HG, keskmine r\u00f6st 250g - Kohvieri","og_description":"Maitse on pehme ja \u00fcmar, keskmise happesusega ning t\u00e4idlase kehaga. \u0160okolaadi- ja p\u00e4hklinoodid, mida t\u00e4iendab kerge karamelline magusus.","og_url":"https:\/\/kohvieri.ee\/en\/product\/honduras-hg\/","og_site_name":"Kohvieri","article_publisher":"https:\/\/www.facebook.com\/kohvieri","article_modified_time":"2026-02-07T10:53:19+00:00","og_image":[{"width":500,"height":500,"url":"https:\/\/kohvieri.ee\/wp-content\/uploads\/2023\/06\/Dusty-Beige-Rustic-Hotel-Logo-1.png","type":"image\/png"}],"twitter_card":"summary_large_image","twitter_misc":{"Estimated reading time":"1 minute"},"schema":{"@context":"https:\/\/schema.org","@graph":[{"@type":"WebPage","@id":"https:\/\/kohvieri.ee\/product\/honduras-hg\/","url":"https:\/\/kohvieri.ee\/product\/honduras-hg\/","name":"Honduras HG, keskmine r\u00f6st 250g - Kohvieri","isPartOf":{"@id":"https:\/\/kohvieri.ee\/et\/#website"},"primaryImageOfPage":{"@id":"https:\/\/kohvieri.ee\/product\/honduras-hg\/#primaryimage"},"image":{"@id":"https:\/\/kohvieri.ee\/product\/honduras-hg\/#primaryimage"},"thumbnailUrl":"https:\/\/kohvieri.ee\/wp-content\/uploads\/2023\/06\/Dusty-Beige-Rustic-Hotel-Logo-1.png","datePublished":"2023-08-06T12:51:34+00:00","dateModified":"2026-02-07T10:53:19+00:00","description":"Maitse on pehme ja \u00fcmar, keskmise happesusega ning t\u00e4idlase kehaga. \u0160okolaadi- ja p\u00e4hklinoodid, mida t\u00e4iendab kerge karamelline magusus.","breadcrumb":{"@id":"https:\/\/kohvieri.ee\/product\/honduras-hg\/#breadcrumb"},"inLanguage":"en-GB","potentialAction":[{"@type":"ReadAction","target":["https:\/\/kohvieri.ee\/product\/honduras-hg\/"]}]},{"@type":"ImageObject","inLanguage":"en-GB","@id":"https:\/\/kohvieri.ee\/product\/honduras-hg\/#primaryimage","url":"https:\/\/kohvieri.ee\/wp-content\/uploads\/2023\/06\/Dusty-Beige-Rustic-Hotel-Logo-1.png","contentUrl":"https:\/\/kohvieri.ee\/wp-content\/uploads\/2023\/06\/Dusty-Beige-Rustic-Hotel-Logo-1.png","width":500,"height":500,"caption":"maitsekohv"},{"@type":"BreadcrumbList","@id":"https:\/\/kohvieri.ee\/product\/honduras-hg\/#breadcrumb","itemListElement":[{"@type":"ListItem","position":1,"name":"Home","item":"https:\/\/kohvieri.ee\/et\/"},{"@type":"ListItem","position":2,"name":"E-pood","item":"https:\/\/kohvieri.ee\/et\/e-pood\/"},{"@type":"ListItem","position":3,"name":"Honduras HG, keskmine r\u00f6st 250g"}]},{"@type":"WebSite","@id":"https:\/\/kohvieri.ee\/et\/#website","url":"https:\/\/kohvieri.ee\/et\/","name":"Kohvieri","description":"Kohvi - ja teepood","publisher":{"@id":"https:\/\/kohvieri.ee\/et\/#organization"},"potentialAction":[{"@type":"SearchAction","target":{"@type":"EntryPoint","urlTemplate":"https:\/\/kohvieri.ee\/et\/?s={search_term_string}"},"query-input":{"@type":"PropertyValueSpecification","valueRequired":true,"valueName":"search_term_string"}}],"inLanguage":"en-GB"},{"@type":"Organization","@id":"https:\/\/kohvieri.ee\/et\/#organization","name":"Kohvieri","url":"https:\/\/kohvieri.ee\/et\/","logo":{"@type":"ImageObject","inLanguage":"en-GB","@id":"https:\/\/kohvieri.ee\/et\/#\/schema\/logo\/image\/","url":"https:\/\/kohvieri.ee\/wp-content\/uploads\/2023\/07\/07cd6507-9210-4922-a9ff-55a59759ce72-e1689614757153.png","contentUrl":"https:\/\/kohvieri.ee\/wp-content\/uploads\/2023\/07\/07cd6507-9210-4922-a9ff-55a59759ce72-e1689614757153.png","width":945,"height":318,"caption":" Kohvieri"},"image":{"@id":"https:\/\/kohvieri.ee\/et\/#\/schema\/logo\/image\/"},"sameAs":["https:\/\/www.facebook.com\/kohvieri","https:\/\/www.instagram.com\/kohvieripood"]}]}},"uagb_featured_image_src":{"full":["https:\/\/kohvieri.ee\/wp-content\/uploads\/2023\/06\/Dusty-Beige-Rustic-Hotel-Logo-1.png",500,500,false],"thumbnail":["https:\/\/kohvieri.ee\/wp-content\/uploads\/2023\/06\/Dusty-Beige-Rustic-Hotel-Logo-1-150x150.png",150,150,true],"medium":["https:\/\/kohvieri.ee\/wp-content\/uploads\/2023\/06\/Dusty-Beige-Rustic-Hotel-Logo-1-300x300.png",300,300,true],"medium_large":["https:\/\/kohvieri.ee\/wp-content\/uploads\/2023\/06\/Dusty-Beige-Rustic-Hotel-Logo-1.png",500,500,false],"large":["https:\/\/kohvieri.ee\/wp-content\/uploads\/2023\/06\/Dusty-Beige-Rustic-Hotel-Logo-1.png",500,500,false],"1536x1536":["https:\/\/kohvieri.ee\/wp-content\/uploads\/2023\/06\/Dusty-Beige-Rustic-Hotel-Logo-1.png",500,500,false],"2048x2048":["https:\/\/kohvieri.ee\/wp-content\/uploads\/2023\/06\/Dusty-Beige-Rustic-Hotel-Logo-1.png",500,500,false],"trp-custom-language-flag":["https:\/\/kohvieri.ee\/wp-content\/uploads\/2023\/06\/Dusty-Beige-Rustic-Hotel-Logo-1-12x12.png",12,12,true],"woocommerce_thumbnail":["https:\/\/kohvieri.ee\/wp-content\/uploads\/2023\/06\/Dusty-Beige-Rustic-Hotel-Logo-1-300x300.png",300,300,true],"woocommerce_single":["https:\/\/kohvieri.ee\/wp-content\/uploads\/2023\/06\/Dusty-Beige-Rustic-Hotel-Logo-1.png",500,500,false],"woocommerce_gallery_thumbnail":["https:\/\/kohvieri.ee\/wp-content\/uploads\/2023\/06\/Dusty-Beige-Rustic-Hotel-Logo-1-100x100.png",100,100,true]},"uagb_author_info":{"display_name":"Kohvieri","author_link":"https:\/\/kohvieri.ee\/en\/author\/"},"uagb_comment_info":0,"uagb_excerpt":"Honduras HG on 100% Araabika kohviuba Hondurase m\u00e4gisematest piirkondadest, kus kohv kasvab 1\u202f200\u20131\u202f600 m k\u00f5rgusel merepinnast. HG (Hard Grade) t\u00e4hendab k\u00f5rge kvaliteediga, tihedaid ja \u00fchtlase suurusega ube, mis annavad tassile selge ja tasakaalustatud maitse. Maitse on pehme ja \u00fcmar, keskmise happesusega ning t\u00e4idlase kehaga. Tassis avanevad \u0161okolaadi- ja p\u00e4hklinoodid, mida t\u00e4iendab kerge karamelline magusus ning&hellip;","jetpack_sharing_enabled":true,"_links":{"self":[{"href":"https:\/\/kohvieri.ee\/en\/wp-json\/wp\/v2\/product\/9424","targetHints":{"allow":["GET"]}}],"collection":[{"href":"https:\/\/kohvieri.ee\/en\/wp-json\/wp\/v2\/product"}],"about":[{"href":"https:\/\/kohvieri.ee\/en\/wp-json\/wp\/v2\/types\/product"}],"version-history":[{"count":5,"href":"https:\/\/kohvieri.ee\/en\/wp-json\/wp\/v2\/product\/9424\/revisions"}],"predecessor-version":[{"id":16382,"href":"https:\/\/kohvieri.ee\/en\/wp-json\/wp\/v2\/product\/9424\/revisions\/16382"}],"wp:featuredmedia":[{"embeddable":true,"href":"https:\/\/kohvieri.ee\/en\/wp-json\/wp\/v2\/media\/7970"}],"wp:attachment":[{"href":"https:\/\/kohvieri.ee\/en\/wp-json\/wp\/v2\/media?parent=9424"}],"wp:term":[{"taxonomy":"product_brand","embeddable":true,"href":"https:\/\/kohvieri.ee\/en\/wp-json\/wp\/v2\/product_brand?post=9424"},{"taxonomy":"product_cat","embeddable":true,"href":"https:\/\/kohvieri.ee\/en\/wp-json\/wp\/v2\/product_cat?post=9424"},{"taxonomy":"product_tag","embeddable":true,"href":"https:\/\/kohvieri.ee\/en\/wp-json\/wp\/v2\/product_tag?post=9424"}],"curies":[{"name":"wp","href":"https:\/\/api.w.org\/{rel}","templated":true}]}}