{"id":9694,"date":"2023-08-06T17:55:43","date_gmt":"2023-08-06T17:55:43","guid":{"rendered":"https:\/\/kohvieri.ee\/?post_type=product&#038;p=9694"},"modified":"2026-05-13T05:32:57","modified_gmt":"2026-05-13T05:32:57","slug":"valge-sokolaad","status":"publish","type":"product","link":"https:\/\/kohvieri.ee\/en\/product\/valge-sokolaad\/","title":{"rendered":"Valge \u0160okolaad"},"content":{"rendered":"","protected":false},"excerpt":{"rendered":"<p>White chocolate flavoured coffee, packaged on site according to your desired quantity and grinding (beans, espresso, filter pot, Italian moka pot, press pot, Turkish coffee). Freshly ground coffee will keep for about half a year in a sealed package.<\/p>\n<p>Flavored coffee can also be mixed with your regular coffee. You can change the ratio of flavored coffee to unflavored coffee to your desired ratio.<\/p>\n<p>Ingredients: coffee, natural white chocolate natural flavoring.<\/p>\n<p>Degree of roasting: medium.<\/p>\n<p><a href=\"https:\/\/kohvieri.ee\/en\/kohvist\/\">Read more about coffee<\/a><\/p>","protected":false},"featured_media":7970,"template":"","meta":{"_uag_custom_page_level_css":"","site-sidebar-layout":"default","site-content-layout":"default","ast-site-content-layout":"default","site-content-style":"default","site-sidebar-style":"default","ast-global-header-display":"","ast-banner-title-visibility":"","ast-main-header-display":"","ast-hfb-above-header-display":"","ast-hfb-below-header-display":"","ast-hfb-mobile-header-display":"","site-post-title":"","ast-breadcrumbs-content":"","ast-featured-img":"","footer-sml-layout":"","ast-disable-related-posts":"","theme-transparent-header-meta":"default","adv-header-id-meta":"","stick-header-meta":"default","header-above-stick-meta":"","header-main-stick-meta":"","header-below-stick-meta":"","astra-migrate-meta-layouts":"set","ast-page-background-enabled":"default","ast-page-background-meta":{"desktop":{"background-color":"var(--ast-global-color-4)","background-image":"","background-repeat":"repeat","background-position":"center center","background-size":"auto","background-attachment":"scroll","background-type":"","background-media":"","overlay-type":"","overlay-color":"","overlay-opacity":"","overlay-gradient":""},"tablet":{"background-color":"","background-image":"","background-repeat":"repeat","background-position":"center center","background-size":"auto","background-attachment":"scroll","background-type":"","background-media":"","overlay-type":"","overlay-color":"","overlay-opacity":"","overlay-gradient":""},"mobile":{"background-color":"","background-image":"","background-repeat":"repeat","background-position":"center center","background-size":"auto","background-attachment":"scroll","background-type":"","background-media":"","overlay-type":"","overlay-color":"","overlay-opacity":"","overlay-gradient":""}},"ast-content-background-meta":{"desktop":{"background-color":"var(--ast-global-color-5)","background-image":"","background-repeat":"repeat","background-position":"center center","background-size":"auto","background-attachment":"scroll","background-type":"","background-media":"","overlay-type":"","overlay-color":"","overlay-opacity":"","overlay-gradient":""},"tablet":{"background-color":"var(--ast-global-color-5)","background-image":"","background-repeat":"repeat","background-position":"center center","background-size":"auto","background-attachment":"scroll","background-type":"","background-media":"","overlay-type":"","overlay-color":"","overlay-opacity":"","overlay-gradient":""},"mobile":{"background-color":"var(--ast-global-color-5)","background-image":"","background-repeat":"repeat","background-position":"center center","background-size":"auto","background-attachment":"scroll","background-type":"","background-media":"","overlay-type":"","overlay-color":"","overlay-opacity":"","overlay-gradient":""}}},"product_brand":[],"product_cat":[46,52,51],"product_tag":[202,266],"class_list":{"0":"post-9694","1":"product","2":"type-product","3":"status-publish","4":"has-post-thumbnail","6":"product_cat-kohvid","7":"product_cat-maitsekohv","8":"product_cat-maitsekohvi-oad","9":"product_tag-vaarikas","10":"product_tag-valge-sokolaad","11":"pa_jahvatus-espresso","12":"pa_jahvatus-filter","13":"pa_jahvatus-itaalia-mokakann","14":"pa_jahvatus-presskann","15":"pa_jahvatus-turgi-kohv","16":"pa_jahvatus-uba","17":"desktop-align-center","18":"tablet-align-left","19":"mobile-align-left","21":"first","22":"instock","23":"taxable","24":"shipping-taxable","25":"purchasable","26":"product-type-variable"},"yoast_head":"<!-- This site is optimized with the Yoast SEO plugin v27.6 - https:\/\/yoast.com\/product\/yoast-seo-wordpress\/ -->\n<title>Valge \u0160okolaad - Kohvieri<\/title>\n<meta name=\"robots\" content=\"index, follow, max-snippet:-1, max-image-preview:large, max-video-preview:-1\" \/>\n<link rel=\"canonical\" href=\"https:\/\/kohvieri.ee\/en\/product\/valge-sokolaad\/\" \/>\n<meta property=\"og:locale\" content=\"en_GB\" \/>\n<meta property=\"og:type\" content=\"article\" \/>\n<meta property=\"og:title\" content=\"Valge \u0160okolaad - Kohvieri\" \/>\n<meta property=\"og:description\" content=\"Valge \u0161okolaadi\u00a0 maitsega maitsekohv, mis pakendatakse kohapeal vastavalt Sinu soovitud kogusele ning jahvatusele (uba, espresso, filterkann, Itaalia moka kann, presskann, T\u00fcrgi kohv). V\u00e4rskelt jahvatatud kohv s\u00e4ilib suletud pakendis u pool aastat.  Maitsekohvi v\u00f5ib segada ka oma tavalise kohviga. Saate muuta maitsestatud kohvi ja maitsestamata kohvi vahekorda enda soovitud suhtele.  Koostisosad: kohv, naturaalne valge \u0161okolaadi\u00a0 looduslik maitseaine.  R\u00f6stimisaste: keskmine.  Loe kohvist rohkem\" \/>\n<meta property=\"og:url\" content=\"https:\/\/kohvieri.ee\/en\/product\/valge-sokolaad\/\" \/>\n<meta property=\"og:site_name\" content=\"Kohvieri\" \/>\n<meta property=\"article:publisher\" content=\"https:\/\/www.facebook.com\/kohvieri\" \/>\n<meta property=\"article:modified_time\" content=\"2026-05-13T05:32:57+00:00\" \/>\n<meta property=\"og:image\" content=\"https:\/\/kohvieri.ee\/wp-content\/uploads\/2023\/06\/Dusty-Beige-Rustic-Hotel-Logo-1.png\" \/>\n\t<meta property=\"og:image:width\" content=\"500\" \/>\n\t<meta property=\"og:image:height\" content=\"500\" \/>\n\t<meta property=\"og:image:type\" content=\"image\/png\" \/>\n<meta name=\"twitter:card\" content=\"summary_large_image\" \/>\n<meta name=\"twitter:label1\" content=\"Estimated reading time\" \/>\n\t<meta name=\"twitter:data1\" content=\"1 minute\" \/>\n<script type=\"application\/ld+json\" class=\"yoast-schema-graph\">{\"@context\":\"https:\\\/\\\/schema.org\",\"@graph\":[{\"@type\":\"WebPage\",\"@id\":\"https:\\\/\\\/kohvieri.ee\\\/product\\\/valge-sokolaad\\\/\",\"url\":\"https:\\\/\\\/kohvieri.ee\\\/product\\\/valge-sokolaad\\\/\",\"name\":\"Valge \u0160okolaad - Kohvieri\",\"isPartOf\":{\"@id\":\"https:\\\/\\\/kohvieri.ee\\\/et\\\/#website\"},\"primaryImageOfPage\":{\"@id\":\"https:\\\/\\\/kohvieri.ee\\\/product\\\/valge-sokolaad\\\/#primaryimage\"},\"image\":{\"@id\":\"https:\\\/\\\/kohvieri.ee\\\/product\\\/valge-sokolaad\\\/#primaryimage\"},\"thumbnailUrl\":\"https:\\\/\\\/kohvieri.ee\\\/wp-content\\\/uploads\\\/2023\\\/06\\\/Dusty-Beige-Rustic-Hotel-Logo-1.png\",\"datePublished\":\"2023-08-06T17:55:43+00:00\",\"dateModified\":\"2026-05-13T05:32:57+00:00\",\"breadcrumb\":{\"@id\":\"https:\\\/\\\/kohvieri.ee\\\/product\\\/valge-sokolaad\\\/#breadcrumb\"},\"inLanguage\":\"en-GB\",\"potentialAction\":[{\"@type\":\"ReadAction\",\"target\":[\"https:\\\/\\\/kohvieri.ee\\\/product\\\/valge-sokolaad\\\/\"]}]},{\"@type\":\"ImageObject\",\"inLanguage\":\"en-GB\",\"@id\":\"https:\\\/\\\/kohvieri.ee\\\/product\\\/valge-sokolaad\\\/#primaryimage\",\"url\":\"https:\\\/\\\/kohvieri.ee\\\/wp-content\\\/uploads\\\/2023\\\/06\\\/Dusty-Beige-Rustic-Hotel-Logo-1.png\",\"contentUrl\":\"https:\\\/\\\/kohvieri.ee\\\/wp-content\\\/uploads\\\/2023\\\/06\\\/Dusty-Beige-Rustic-Hotel-Logo-1.png\",\"width\":500,\"height\":500,\"caption\":\"maitsekohv\"},{\"@type\":\"BreadcrumbList\",\"@id\":\"https:\\\/\\\/kohvieri.ee\\\/product\\\/valge-sokolaad\\\/#breadcrumb\",\"itemListElement\":[{\"@type\":\"ListItem\",\"position\":1,\"name\":\"Home\",\"item\":\"https:\\\/\\\/kohvieri.ee\\\/et\\\/\"},{\"@type\":\"ListItem\",\"position\":2,\"name\":\"E-pood\",\"item\":\"https:\\\/\\\/kohvieri.ee\\\/et\\\/e-pood\\\/\"},{\"@type\":\"ListItem\",\"position\":3,\"name\":\"Valge \u0160okolaad\"}]},{\"@type\":\"WebSite\",\"@id\":\"https:\\\/\\\/kohvieri.ee\\\/et\\\/#website\",\"url\":\"https:\\\/\\\/kohvieri.ee\\\/et\\\/\",\"name\":\"Kohvieri\",\"description\":\"Kohvi - ja teepood\",\"publisher\":{\"@id\":\"https:\\\/\\\/kohvieri.ee\\\/et\\\/#organization\"},\"potentialAction\":[{\"@type\":\"SearchAction\",\"target\":{\"@type\":\"EntryPoint\",\"urlTemplate\":\"https:\\\/\\\/kohvieri.ee\\\/et\\\/?s={search_term_string}\"},\"query-input\":{\"@type\":\"PropertyValueSpecification\",\"valueRequired\":true,\"valueName\":\"search_term_string\"}}],\"inLanguage\":\"en-GB\"},{\"@type\":\"Organization\",\"@id\":\"https:\\\/\\\/kohvieri.ee\\\/et\\\/#organization\",\"name\":\"Kohvieri\",\"url\":\"https:\\\/\\\/kohvieri.ee\\\/et\\\/\",\"logo\":{\"@type\":\"ImageObject\",\"inLanguage\":\"en-GB\",\"@id\":\"https:\\\/\\\/kohvieri.ee\\\/et\\\/#\\\/schema\\\/logo\\\/image\\\/\",\"url\":\"https:\\\/\\\/kohvieri.ee\\\/wp-content\\\/uploads\\\/2023\\\/07\\\/07cd6507-9210-4922-a9ff-55a59759ce72-e1689614757153.png\",\"contentUrl\":\"https:\\\/\\\/kohvieri.ee\\\/wp-content\\\/uploads\\\/2023\\\/07\\\/07cd6507-9210-4922-a9ff-55a59759ce72-e1689614757153.png\",\"width\":945,\"height\":318,\"caption\":\" Kohvieri\"},\"image\":{\"@id\":\"https:\\\/\\\/kohvieri.ee\\\/et\\\/#\\\/schema\\\/logo\\\/image\\\/\"},\"sameAs\":[\"https:\\\/\\\/www.facebook.com\\\/kohvieri\",\"https:\\\/\\\/www.instagram.com\\\/kohvieripood\"]}]}<\/script>\n<!-- \/ Yoast SEO plugin. -->","yoast_head_json":{"title":"Valge \u0160okolaad - Kohvieri","robots":{"index":"index","follow":"follow","max-snippet":"max-snippet:-1","max-image-preview":"max-image-preview:large","max-video-preview":"max-video-preview:-1"},"canonical":"https:\/\/kohvieri.ee\/en\/product\/valge-sokolaad\/","og_locale":"en_GB","og_type":"article","og_title":"Valge \u0160okolaad - Kohvieri","og_description":"Valge \u0161okolaadi\u00a0 maitsega maitsekohv, mis pakendatakse kohapeal vastavalt Sinu soovitud kogusele ning jahvatusele (uba, espresso, filterkann, Itaalia moka kann, presskann, T\u00fcrgi kohv). V\u00e4rskelt jahvatatud kohv s\u00e4ilib suletud pakendis u pool aastat.  Maitsekohvi v\u00f5ib segada ka oma tavalise kohviga. Saate muuta maitsestatud kohvi ja maitsestamata kohvi vahekorda enda soovitud suhtele.  Koostisosad: kohv, naturaalne valge \u0161okolaadi\u00a0 looduslik maitseaine.  R\u00f6stimisaste: keskmine.  Loe kohvist rohkem","og_url":"https:\/\/kohvieri.ee\/en\/product\/valge-sokolaad\/","og_site_name":"Kohvieri","article_publisher":"https:\/\/www.facebook.com\/kohvieri","article_modified_time":"2026-05-13T05:32:57+00:00","og_image":[{"width":500,"height":500,"url":"https:\/\/kohvieri.ee\/wp-content\/uploads\/2023\/06\/Dusty-Beige-Rustic-Hotel-Logo-1.png","type":"image\/png"}],"twitter_card":"summary_large_image","twitter_misc":{"Estimated reading time":"1 minute"},"schema":{"@context":"https:\/\/schema.org","@graph":[{"@type":"WebPage","@id":"https:\/\/kohvieri.ee\/product\/valge-sokolaad\/","url":"https:\/\/kohvieri.ee\/product\/valge-sokolaad\/","name":"Valge \u0160okolaad - Kohvieri","isPartOf":{"@id":"https:\/\/kohvieri.ee\/et\/#website"},"primaryImageOfPage":{"@id":"https:\/\/kohvieri.ee\/product\/valge-sokolaad\/#primaryimage"},"image":{"@id":"https:\/\/kohvieri.ee\/product\/valge-sokolaad\/#primaryimage"},"thumbnailUrl":"https:\/\/kohvieri.ee\/wp-content\/uploads\/2023\/06\/Dusty-Beige-Rustic-Hotel-Logo-1.png","datePublished":"2023-08-06T17:55:43+00:00","dateModified":"2026-05-13T05:32:57+00:00","breadcrumb":{"@id":"https:\/\/kohvieri.ee\/product\/valge-sokolaad\/#breadcrumb"},"inLanguage":"en-GB","potentialAction":[{"@type":"ReadAction","target":["https:\/\/kohvieri.ee\/product\/valge-sokolaad\/"]}]},{"@type":"ImageObject","inLanguage":"en-GB","@id":"https:\/\/kohvieri.ee\/product\/valge-sokolaad\/#primaryimage","url":"https:\/\/kohvieri.ee\/wp-content\/uploads\/2023\/06\/Dusty-Beige-Rustic-Hotel-Logo-1.png","contentUrl":"https:\/\/kohvieri.ee\/wp-content\/uploads\/2023\/06\/Dusty-Beige-Rustic-Hotel-Logo-1.png","width":500,"height":500,"caption":"maitsekohv"},{"@type":"BreadcrumbList","@id":"https:\/\/kohvieri.ee\/product\/valge-sokolaad\/#breadcrumb","itemListElement":[{"@type":"ListItem","position":1,"name":"Home","item":"https:\/\/kohvieri.ee\/et\/"},{"@type":"ListItem","position":2,"name":"E-pood","item":"https:\/\/kohvieri.ee\/et\/e-pood\/"},{"@type":"ListItem","position":3,"name":"Valge \u0160okolaad"}]},{"@type":"WebSite","@id":"https:\/\/kohvieri.ee\/et\/#website","url":"https:\/\/kohvieri.ee\/et\/","name":"Kohvieri","description":"Kohvi - ja teepood","publisher":{"@id":"https:\/\/kohvieri.ee\/et\/#organization"},"potentialAction":[{"@type":"SearchAction","target":{"@type":"EntryPoint","urlTemplate":"https:\/\/kohvieri.ee\/et\/?s={search_term_string}"},"query-input":{"@type":"PropertyValueSpecification","valueRequired":true,"valueName":"search_term_string"}}],"inLanguage":"en-GB"},{"@type":"Organization","@id":"https:\/\/kohvieri.ee\/et\/#organization","name":"Kohvieri","url":"https:\/\/kohvieri.ee\/et\/","logo":{"@type":"ImageObject","inLanguage":"en-GB","@id":"https:\/\/kohvieri.ee\/et\/#\/schema\/logo\/image\/","url":"https:\/\/kohvieri.ee\/wp-content\/uploads\/2023\/07\/07cd6507-9210-4922-a9ff-55a59759ce72-e1689614757153.png","contentUrl":"https:\/\/kohvieri.ee\/wp-content\/uploads\/2023\/07\/07cd6507-9210-4922-a9ff-55a59759ce72-e1689614757153.png","width":945,"height":318,"caption":" Kohvieri"},"image":{"@id":"https:\/\/kohvieri.ee\/et\/#\/schema\/logo\/image\/"},"sameAs":["https:\/\/www.facebook.com\/kohvieri","https:\/\/www.instagram.com\/kohvieripood"]}]}},"uagb_featured_image_src":{"full":["https:\/\/kohvieri.ee\/wp-content\/uploads\/2023\/06\/Dusty-Beige-Rustic-Hotel-Logo-1.png",500,500,false],"thumbnail":["https:\/\/kohvieri.ee\/wp-content\/uploads\/2023\/06\/Dusty-Beige-Rustic-Hotel-Logo-1-150x150.png",150,150,true],"medium":["https:\/\/kohvieri.ee\/wp-content\/uploads\/2023\/06\/Dusty-Beige-Rustic-Hotel-Logo-1-300x300.png",300,300,true],"medium_large":["https:\/\/kohvieri.ee\/wp-content\/uploads\/2023\/06\/Dusty-Beige-Rustic-Hotel-Logo-1.png",500,500,false],"large":["https:\/\/kohvieri.ee\/wp-content\/uploads\/2023\/06\/Dusty-Beige-Rustic-Hotel-Logo-1.png",500,500,false],"1536x1536":["https:\/\/kohvieri.ee\/wp-content\/uploads\/2023\/06\/Dusty-Beige-Rustic-Hotel-Logo-1.png",500,500,false],"2048x2048":["https:\/\/kohvieri.ee\/wp-content\/uploads\/2023\/06\/Dusty-Beige-Rustic-Hotel-Logo-1.png",500,500,false],"trp-custom-language-flag":["https:\/\/kohvieri.ee\/wp-content\/uploads\/2023\/06\/Dusty-Beige-Rustic-Hotel-Logo-1-12x12.png",12,12,true],"woocommerce_thumbnail":["https:\/\/kohvieri.ee\/wp-content\/uploads\/2023\/06\/Dusty-Beige-Rustic-Hotel-Logo-1-300x300.png",300,300,true],"woocommerce_single":["https:\/\/kohvieri.ee\/wp-content\/uploads\/2023\/06\/Dusty-Beige-Rustic-Hotel-Logo-1.png",500,500,false],"woocommerce_gallery_thumbnail":["https:\/\/kohvieri.ee\/wp-content\/uploads\/2023\/06\/Dusty-Beige-Rustic-Hotel-Logo-1-100x100.png",100,100,true]},"uagb_author_info":{"display_name":"Kohvieri","author_link":"https:\/\/kohvieri.ee\/en\/author\/"},"uagb_comment_info":0,"uagb_excerpt":"Valge \u0161okolaadi\u00a0 maitsega maitsekohv, mis pakendatakse kohapeal vastavalt Sinu soovitud kogusele ning jahvatusele (uba, espresso, filterkann, Itaalia moka kann, presskann, T\u00fcrgi kohv). V\u00e4rskelt jahvatatud kohv s\u00e4ilib suletud pakendis u pool aastat. Maitsekohvi v\u00f5ib segada ka oma tavalise kohviga. Saate muuta maitsestatud kohvi ja maitsestamata kohvi vahekorda enda soovitud suhtele. Koostisosad: kohv, naturaalne valge \u0161okolaadi\u00a0 looduslik&hellip;","jetpack_sharing_enabled":true,"_links":{"self":[{"href":"https:\/\/kohvieri.ee\/en\/wp-json\/wp\/v2\/product\/9694","targetHints":{"allow":["GET"]}}],"collection":[{"href":"https:\/\/kohvieri.ee\/en\/wp-json\/wp\/v2\/product"}],"about":[{"href":"https:\/\/kohvieri.ee\/en\/wp-json\/wp\/v2\/types\/product"}],"version-history":[{"count":5,"href":"https:\/\/kohvieri.ee\/en\/wp-json\/wp\/v2\/product\/9694\/revisions"}],"predecessor-version":[{"id":16952,"href":"https:\/\/kohvieri.ee\/en\/wp-json\/wp\/v2\/product\/9694\/revisions\/16952"}],"wp:featuredmedia":[{"embeddable":true,"href":"https:\/\/kohvieri.ee\/en\/wp-json\/wp\/v2\/media\/7970"}],"wp:attachment":[{"href":"https:\/\/kohvieri.ee\/en\/wp-json\/wp\/v2\/media?parent=9694"}],"wp:term":[{"taxonomy":"product_brand","embeddable":true,"href":"https:\/\/kohvieri.ee\/en\/wp-json\/wp\/v2\/product_brand?post=9694"},{"taxonomy":"product_cat","embeddable":true,"href":"https:\/\/kohvieri.ee\/en\/wp-json\/wp\/v2\/product_cat?post=9694"},{"taxonomy":"product_tag","embeddable":true,"href":"https:\/\/kohvieri.ee\/en\/wp-json\/wp\/v2\/product_tag?post=9694"}],"curies":[{"name":"wp","href":"https:\/\/api.w.org\/{rel}","templated":true}]}}