{"id":10321,"date":"2023-08-11T17:05:15","date_gmt":"2023-08-11T17:05:15","guid":{"rendered":"https:\/\/kohvieri.ee\/?page_id=10321"},"modified":"2024-10-25T11:26:18","modified_gmt":"2024-10-25T11:26:18","slug":"dunooni-tassid","status":"publish","type":"page","link":"https:\/\/kohvieri.ee\/et\/dunooni-tassid\/","title":{"rendered":"Dunooni tassid"},"content":{"rendered":"\t\t<div data-elementor-type=\"wp-page\" data-elementor-id=\"10321\" class=\"elementor elementor-10321\">\n\t\t\t\t<div class=\"elementor-element elementor-element-bc9b630 e-flex e-con-boxed e-con e-parent\" data-id=\"bc9b630\" data-element_type=\"container\" data-e-type=\"container\">\n\t\t\t\t\t<div class=\"e-con-inner\">\n\t\t<div class=\"elementor-element elementor-element-4c6bd48 e-con-full e-flex e-con e-child\" data-id=\"4c6bd48\" data-element_type=\"container\" data-e-type=\"container\">\n\t\t\t\t<div class=\"elementor-element elementor-element-413305e exad-sticky-section-no exad-glass-effect-no elementor-widget elementor-widget-heading\" data-id=\"413305e\" data-element_type=\"widget\" data-e-type=\"widget\" data-widget_type=\"heading.default\">\n\t\t\t\t<div class=\"elementor-widget-container\">\n\t\t\t\t\t<h2 class=\"elementor-heading-title elementor-size-default\">Kohvieri poes on suurim valik Dunooni kruuse<\/h2>\t\t\t\t<\/div>\n\t\t\t\t<\/div>\n\t\t\t\t<div class=\"elementor-element elementor-element-5149fd4 e-transform exad-sticky-section-no exad-glass-effect-no elementor-widget elementor-widget-image\" data-id=\"5149fd4\" data-element_type=\"widget\" data-e-type=\"widget\" data-settings=\"{&quot;_transform_translateX_effect&quot;:{&quot;unit&quot;:&quot;px&quot;,&quot;size&quot;:1,&quot;sizes&quot;:[]},&quot;_transform_translateY_effect&quot;:{&quot;unit&quot;:&quot;px&quot;,&quot;size&quot;:-33,&quot;sizes&quot;:[]},&quot;_transform_translateX_effect_tablet&quot;:{&quot;unit&quot;:&quot;px&quot;,&quot;size&quot;:&quot;&quot;,&quot;sizes&quot;:[]},&quot;_transform_translateX_effect_mobile&quot;:{&quot;unit&quot;:&quot;px&quot;,&quot;size&quot;:&quot;&quot;,&quot;sizes&quot;:[]},&quot;_transform_translateY_effect_tablet&quot;:{&quot;unit&quot;:&quot;px&quot;,&quot;size&quot;:&quot;&quot;,&quot;sizes&quot;:[]},&quot;_transform_translateY_effect_mobile&quot;:{&quot;unit&quot;:&quot;px&quot;,&quot;size&quot;:&quot;&quot;,&quot;sizes&quot;:[]}}\" data-widget_type=\"image.default\">\n\t\t\t\t<div class=\"elementor-widget-container\">\n\t\t\t\t\t\t\t\t\t\t\t\t\t\t\t<img fetchpriority=\"high\" decoding=\"async\" width=\"1024\" height=\"684\" src=\"https:\/\/kohvieri.ee\/wp-content\/uploads\/2023\/09\/dunoon-riiul-1024x684.jpg\" class=\"attachment-large size-large wp-image-11416\" alt=\"\" srcset=\"https:\/\/kohvieri.ee\/wp-content\/uploads\/2023\/09\/dunoon-riiul-1024x684.jpg 1024w, https:\/\/kohvieri.ee\/wp-content\/uploads\/2023\/09\/dunoon-riiul-300x201.jpg 300w, https:\/\/kohvieri.ee\/wp-content\/uploads\/2023\/09\/dunoon-riiul-768x513.jpg 768w, https:\/\/kohvieri.ee\/wp-content\/uploads\/2023\/09\/dunoon-riiul-1536x1027.jpg 1536w, https:\/\/kohvieri.ee\/wp-content\/uploads\/2023\/09\/dunoon-riiul-2048x1369.jpg 2048w, https:\/\/kohvieri.ee\/wp-content\/uploads\/2023\/09\/dunoon-riiul-18x12.jpg 18w, https:\/\/kohvieri.ee\/wp-content\/uploads\/2023\/09\/dunoon-riiul-600x401.jpg 600w\" sizes=\"(max-width: 1024px) 100vw, 1024px\" \/>\t\t\t\t\t\t\t\t\t\t\t\t\t\t\t<\/div>\n\t\t\t\t<\/div>\n\t\t\t\t<\/div>\n\t\t<div class=\"elementor-element elementor-element-873acae e-con-full e-flex e-con e-child\" data-id=\"873acae\" data-element_type=\"container\" data-e-type=\"container\">\n\t\t\t\t<div class=\"elementor-element elementor-element-c455c7e exad-sticky-section-no exad-glass-effect-no elementor-widget elementor-widget-text-editor\" data-id=\"c455c7e\" data-element_type=\"widget\" data-e-type=\"widget\" data-widget_type=\"text-editor.default\">\n\t\t\t\t<div class=\"elementor-widget-container\">\n\t\t\t\t\t\t\t\t\t<p>\u00a0<\/p><p><span style=\"vertical-align: inherit;\">Dunoon ltd on edukas pereettev\u00f5te, mis alustas k\u00f5rgeima kvaliteediga kruuside tootmist 1974. aastal \u0160otimaal Dunoonis. Idee oli toota kvaliteetseid kivikeraamika kruuse, t\u00e4ites turul oleva t\u00fchimiku kasutajas\u00f5bralike kauni disainiga originaalkruusidega. Dunooni kruuse on valmistatud Staffordshire&#8217;is, Potterieside traditsioonilises s\u00fcdames alates 1980. aastate algusest ja paljusid neist valmistatakse seal ka t\u00e4nap\u00e4eval. Nende kruusid on valmistatud peenest luukaoliinist, kasutades traditsioonilist libisemisprotsessi. Hiina savi on tuntud oma tugevuse, peenuse ja valgesuse poolest, mis v\u00f5imaldab seda kaunistada peaaegu igas stiilis.<\/span><\/p><p><span style=\"vertical-align: inherit;\">1982. aastal avati Staffordshire&#8217;i osariigis Stone&#8217;is, keraamikat\u00f6\u00f6stuse s\u00fcdames, uus tehas ning Gordoni, Alani ja Peter Smithi juhtimisel t\u00f6\u00f6tas Dunoon v\u00e4lja poliitika teha koost\u00f6\u00f6d paljude disainerite ja kunstnikega, et pidevalt v\u00e4rskendada oma tootevalikut uute disainide ja ainulaadse kruusiga. kujundeid Fine Bone Chinas.\u00a0<\/span><\/p>\t\t\t\t\t\t\t\t<\/div>\n\t\t\t\t<\/div>\n\t\t\t\t<\/div>\n\t\t\t\t\t<\/div>\n\t\t\t\t<\/div>\n\t\t<div class=\"elementor-element elementor-element-3dfb879 e-flex e-con-boxed e-con e-parent\" data-id=\"3dfb879\" data-element_type=\"container\" data-e-type=\"container\">\n\t\t\t\t\t<div class=\"e-con-inner\">\n\t\t<div class=\"elementor-element elementor-element-a99a8e3 e-con-full e-flex e-con e-child\" data-id=\"a99a8e3\" data-element_type=\"container\" data-e-type=\"container\">\n\t\t\t\t<div class=\"elementor-element elementor-element-64c20d8 elementor-widget__width-initial exad-sticky-section-no exad-glass-effect-no elementor-widget elementor-widget-text-editor\" data-id=\"64c20d8\" data-element_type=\"widget\" data-e-type=\"widget\" data-widget_type=\"text-editor.default\">\n\t\t\t\t<div class=\"elementor-widget-container\">\n\t\t\t\t\t\t\t\t\t<p><span style=\"vertical-align: inherit;\"><span style=\"vertical-align: inherit;\">Kvalifitseeritud k\u00e4sit\u00f6\u00f6lised ja range kvaliteedikontroll on v\u00f5ti Dunooni filosoofias toota k\u00f5rgeima kvaliteediga kruuse, mis on nii kuju kui mustri poolest h\u00e4sti kujundatud ja valmistatud n\u00f5udlikuma kliendi jaoks suurima hoolikusega.<\/span><\/span><\/p><p><span style=\"vertical-align: inherit;\"><span style=\"vertical-align: inherit;\">Dunoon kasutab Edela-Inglismaalt Cornwallist p\u00e4rit kvaliteetset Fine Bone China savi, mis sisaldab luutuhka, et anda kruusidele l\u00e4bipaistvust, s\u00e4ravvalget ja tugevust.\u00a0<\/span><\/span><\/p><p><span style=\"vertical-align: inherit;\"><span style=\"vertical-align: inherit;\">Dunoon kasutab igas tootmisetapis kohalikke vilunud k\u00e4sit\u00f6\u00f6lisi, kellest paljud on ettev\u00f5ttes aastaid t\u00f6\u00f6tanud.\u00a0K\u00f5ik Dunooni kruusid kontrollitakse ja l\u00e4bitakse Dunooni kilbi pealekandmisega.<\/span><\/span><\/p><p><strong><span style=\"vertical-align: inherit;\"><span style=\"vertical-align: inherit;\">Dunooni tooteid m\u00fc\u00fcme ainult meie Tallinna vanalinna poes Kohvieri<\/span><\/span><\/strong><\/p>\t\t\t\t\t\t\t\t<\/div>\n\t\t\t\t<\/div>\n\t\t\t\t<\/div>\n\t\t<div class=\"elementor-element elementor-element-4bd2ffb e-con-full e-flex e-con e-child\" data-id=\"4bd2ffb\" data-element_type=\"container\" data-e-type=\"container\">\n\t\t\t\t<div class=\"elementor-element elementor-element-5d3924d exad-sticky-section-no exad-glass-effect-no elementor-widget elementor-widget-image\" data-id=\"5d3924d\" data-element_type=\"widget\" data-e-type=\"widget\" data-widget_type=\"image.default\">\n\t\t\t\t<div class=\"elementor-widget-container\">\n\t\t\t\t\t\t\t\t\t\t\t\t\t\t\t<img decoding=\"async\" width=\"1024\" height=\"684\" src=\"https:\/\/kohvieri.ee\/wp-content\/uploads\/2023\/09\/dunooni-riiul-1024x684.jpg\" class=\"attachment-large size-large wp-image-11421\" alt=\"\" srcset=\"https:\/\/kohvieri.ee\/wp-content\/uploads\/2023\/09\/dunooni-riiul-1024x684.jpg 1024w, https:\/\/kohvieri.ee\/wp-content\/uploads\/2023\/09\/dunooni-riiul-300x201.jpg 300w, https:\/\/kohvieri.ee\/wp-content\/uploads\/2023\/09\/dunooni-riiul-768x513.jpg 768w, https:\/\/kohvieri.ee\/wp-content\/uploads\/2023\/09\/dunooni-riiul-1536x1027.jpg 1536w, https:\/\/kohvieri.ee\/wp-content\/uploads\/2023\/09\/dunooni-riiul-2048x1369.jpg 2048w, https:\/\/kohvieri.ee\/wp-content\/uploads\/2023\/09\/dunooni-riiul-18x12.jpg 18w, https:\/\/kohvieri.ee\/wp-content\/uploads\/2023\/09\/dunooni-riiul-600x401.jpg 600w\" sizes=\"(max-width: 1024px) 100vw, 1024px\" \/>\t\t\t\t\t\t\t\t\t\t\t\t\t\t\t<\/div>\n\t\t\t\t<\/div>\n\t\t\t\t<\/div>\n\t\t\t\t\t<\/div>\n\t\t\t\t<\/div>\n\t\t\t\t<\/div>\n\t\t","protected":false},"excerpt":{"rendered":"<p>Kohvieri poes on suurim valik Dunooni kruuse \u00a0 Dunoon ltd on edukas pereettev\u00f5te, mis alustas k\u00f5rgeima kvaliteediga kruuside tootmist 1974. aastal \u0160otimaal Dunoonis. Idee oli toota kvaliteetseid kivikeraamika kruuse, t\u00e4ites turul oleva t\u00fchimiku kasutajas\u00f5bralike kauni disainiga originaalkruusidega. Dunooni kruuse on valmistatud Staffordshire&#8217;is, Potterieside traditsioonilises s\u00fcdames alates 1980. aastate algusest ja paljusid neist valmistatakse seal ka [&hellip;]<\/p>\n","protected":false},"author":1,"featured_media":0,"parent":0,"menu_order":0,"comment_status":"closed","ping_status":"closed","template":"","meta":{"_uag_custom_page_level_css":"","site-sidebar-layout":"no-sidebar","site-content-layout":"page-builder","ast-site-content-layout":"default","site-content-style":"default","site-sidebar-style":"default","ast-global-header-display":"","ast-banner-title-visibility":"","ast-main-header-display":"","ast-hfb-above-header-display":"","ast-hfb-below-header-display":"","ast-hfb-mobile-header-display":"","site-post-title":"","ast-breadcrumbs-content":"","ast-featured-img":"disabled","footer-sml-layout":"","ast-disable-related-posts":"","theme-transparent-header-meta":"default","adv-header-id-meta":"","stick-header-meta":"default","header-above-stick-meta":"","header-main-stick-meta":"","header-below-stick-meta":"","astra-migrate-meta-layouts":"set","ast-page-background-enabled":"default","ast-page-background-meta":{"desktop":{"background-color":"var(--ast-global-color-4)","background-image":"","background-repeat":"repeat","background-position":"center center","background-size":"auto","background-attachment":"scroll","background-type":"","background-media":"","overlay-type":"","overlay-color":"","overlay-opacity":"","overlay-gradient":""},"tablet":{"background-color":"","background-image":"","background-repeat":"repeat","background-position":"center center","background-size":"auto","background-attachment":"scroll","background-type":"","background-media":"","overlay-type":"","overlay-color":"","overlay-opacity":"","overlay-gradient":""},"mobile":{"background-color":"","background-image":"","background-repeat":"repeat","background-position":"center center","background-size":"auto","background-attachment":"scroll","background-type":"","background-media":"","overlay-type":"","overlay-color":"","overlay-opacity":"","overlay-gradient":""}},"ast-content-background-meta":{"desktop":{"background-color":"var(--ast-global-color-5)","background-image":"","background-repeat":"repeat","background-position":"center center","background-size":"auto","background-attachment":"scroll","background-type":"","background-media":"","overlay-type":"","overlay-color":"","overlay-opacity":"","overlay-gradient":""},"tablet":{"background-color":"var(--ast-global-color-5)","background-image":"","background-repeat":"repeat","background-position":"center center","background-size":"auto","background-attachment":"scroll","background-type":"","background-media":"","overlay-type":"","overlay-color":"","overlay-opacity":"","overlay-gradient":""},"mobile":{"background-color":"var(--ast-global-color-5)","background-image":"","background-repeat":"repeat","background-position":"center center","background-size":"auto","background-attachment":"scroll","background-type":"","background-media":"","overlay-type":"","overlay-color":"","overlay-opacity":"","overlay-gradient":""}},"footnotes":""},"class_list":["post-10321","page","type-page","status-publish","hentry"],"yoast_head":"<!-- This site is optimized with the Yoast SEO plugin v27.4 - https:\/\/yoast.com\/product\/yoast-seo-wordpress\/ -->\n<title>Dunooni tassid - Kohvieri<\/title>\n<meta name=\"robots\" content=\"index, follow, max-snippet:-1, max-image-preview:large, max-video-preview:-1\" \/>\n<link rel=\"canonical\" href=\"https:\/\/kohvieri.ee\/et\/dunooni-tassid\/\" \/>\n<meta property=\"og:locale\" content=\"et_EE\" \/>\n<meta property=\"og:type\" content=\"article\" \/>\n<meta property=\"og:title\" content=\"Dunooni tassid - Kohvieri\" \/>\n<meta property=\"og:description\" content=\"Kohvieri poes on suurim valik Dunooni kruuse \u00a0 Dunoon ltd on edukas pereettev\u00f5te, mis alustas k\u00f5rgeima kvaliteediga kruuside tootmist 1974. aastal \u0160otimaal Dunoonis. Idee oli toota kvaliteetseid kivikeraamika kruuse, t\u00e4ites turul oleva t\u00fchimiku kasutajas\u00f5bralike kauni disainiga originaalkruusidega. Dunooni kruuse on valmistatud Staffordshire&#8217;is, Potterieside traditsioonilises s\u00fcdames alates 1980. aastate algusest ja paljusid neist valmistatakse seal ka [&hellip;]\" \/>\n<meta property=\"og:url\" content=\"https:\/\/kohvieri.ee\/et\/dunooni-tassid\/\" \/>\n<meta property=\"og:site_name\" content=\"Kohvieri\" \/>\n<meta property=\"article:publisher\" content=\"https:\/\/www.facebook.com\/kohvieri\" \/>\n<meta property=\"article:modified_time\" content=\"2024-10-25T11:26:18+00:00\" \/>\n<meta property=\"og:image\" content=\"https:\/\/kohvieri.ee\/wp-content\/uploads\/2023\/09\/dunoon-riiul-1024x684.jpg\" \/>\n<meta name=\"twitter:card\" content=\"summary_large_image\" \/>\n<meta name=\"twitter:label1\" content=\"Est. reading time\" \/>\n\t<meta name=\"twitter:data1\" content=\"2 minutit\" \/>\n<script type=\"application\/ld+json\" class=\"yoast-schema-graph\">{\"@context\":\"https:\\\/\\\/schema.org\",\"@graph\":[{\"@type\":\"WebPage\",\"@id\":\"https:\\\/\\\/kohvieri.ee\\\/et\\\/dunooni-tassid\\\/\",\"url\":\"https:\\\/\\\/kohvieri.ee\\\/et\\\/dunooni-tassid\\\/\",\"name\":\"Dunooni tassid - Kohvieri\",\"isPartOf\":{\"@id\":\"https:\\\/\\\/kohvieri.ee\\\/et\\\/#website\"},\"primaryImageOfPage\":{\"@id\":\"https:\\\/\\\/kohvieri.ee\\\/et\\\/dunooni-tassid\\\/#primaryimage\"},\"image\":{\"@id\":\"https:\\\/\\\/kohvieri.ee\\\/et\\\/dunooni-tassid\\\/#primaryimage\"},\"thumbnailUrl\":\"https:\\\/\\\/kohvieri.ee\\\/wp-content\\\/uploads\\\/2023\\\/09\\\/dunoon-riiul-1024x684.jpg\",\"datePublished\":\"2023-08-11T17:05:15+00:00\",\"dateModified\":\"2024-10-25T11:26:18+00:00\",\"breadcrumb\":{\"@id\":\"https:\\\/\\\/kohvieri.ee\\\/et\\\/dunooni-tassid\\\/#breadcrumb\"},\"inLanguage\":\"et\",\"potentialAction\":[{\"@type\":\"ReadAction\",\"target\":[\"https:\\\/\\\/kohvieri.ee\\\/et\\\/dunooni-tassid\\\/\"]}]},{\"@type\":\"ImageObject\",\"inLanguage\":\"et\",\"@id\":\"https:\\\/\\\/kohvieri.ee\\\/et\\\/dunooni-tassid\\\/#primaryimage\",\"url\":\"https:\\\/\\\/kohvieri.ee\\\/wp-content\\\/uploads\\\/2023\\\/09\\\/dunoon-riiul-1024x684.jpg\",\"contentUrl\":\"https:\\\/\\\/kohvieri.ee\\\/wp-content\\\/uploads\\\/2023\\\/09\\\/dunoon-riiul-1024x684.jpg\"},{\"@type\":\"BreadcrumbList\",\"@id\":\"https:\\\/\\\/kohvieri.ee\\\/et\\\/dunooni-tassid\\\/#breadcrumb\",\"itemListElement\":[{\"@type\":\"ListItem\",\"position\":1,\"name\":\"Home\",\"item\":\"https:\\\/\\\/kohvieri.ee\\\/et\\\/\"},{\"@type\":\"ListItem\",\"position\":2,\"name\":\"Dunooni tassid\"}]},{\"@type\":\"WebSite\",\"@id\":\"https:\\\/\\\/kohvieri.ee\\\/et\\\/#website\",\"url\":\"https:\\\/\\\/kohvieri.ee\\\/et\\\/\",\"name\":\"Kohvieri\",\"description\":\"Kohvi - ja teepood\",\"publisher\":{\"@id\":\"https:\\\/\\\/kohvieri.ee\\\/et\\\/#organization\"},\"potentialAction\":[{\"@type\":\"SearchAction\",\"target\":{\"@type\":\"EntryPoint\",\"urlTemplate\":\"https:\\\/\\\/kohvieri.ee\\\/et\\\/?s={search_term_string}\"},\"query-input\":{\"@type\":\"PropertyValueSpecification\",\"valueRequired\":true,\"valueName\":\"search_term_string\"}}],\"inLanguage\":\"et\"},{\"@type\":\"Organization\",\"@id\":\"https:\\\/\\\/kohvieri.ee\\\/et\\\/#organization\",\"name\":\"Kohvieri\",\"url\":\"https:\\\/\\\/kohvieri.ee\\\/et\\\/\",\"logo\":{\"@type\":\"ImageObject\",\"inLanguage\":\"et\",\"@id\":\"https:\\\/\\\/kohvieri.ee\\\/et\\\/#\\\/schema\\\/logo\\\/image\\\/\",\"url\":\"https:\\\/\\\/kohvieri.ee\\\/wp-content\\\/uploads\\\/2023\\\/07\\\/07cd6507-9210-4922-a9ff-55a59759ce72-e1689614757153.png\",\"contentUrl\":\"https:\\\/\\\/kohvieri.ee\\\/wp-content\\\/uploads\\\/2023\\\/07\\\/07cd6507-9210-4922-a9ff-55a59759ce72-e1689614757153.png\",\"width\":945,\"height\":318,\"caption\":\" Kohvieri\"},\"image\":{\"@id\":\"https:\\\/\\\/kohvieri.ee\\\/et\\\/#\\\/schema\\\/logo\\\/image\\\/\"},\"sameAs\":[\"https:\\\/\\\/www.facebook.com\\\/kohvieri\",\"https:\\\/\\\/www.instagram.com\\\/kohvieripood\"]}]}<\/script>\n<!-- \/ Yoast SEO plugin. -->","yoast_head_json":{"title":"Dunooni tassid - Kohvieri","robots":{"index":"index","follow":"follow","max-snippet":"max-snippet:-1","max-image-preview":"max-image-preview:large","max-video-preview":"max-video-preview:-1"},"canonical":"https:\/\/kohvieri.ee\/et\/dunooni-tassid\/","og_locale":"et_EE","og_type":"article","og_title":"Dunooni tassid - Kohvieri","og_description":"Kohvieri poes on suurim valik Dunooni kruuse \u00a0 Dunoon ltd on edukas pereettev\u00f5te, mis alustas k\u00f5rgeima kvaliteediga kruuside tootmist 1974. aastal \u0160otimaal Dunoonis. Idee oli toota kvaliteetseid kivikeraamika kruuse, t\u00e4ites turul oleva t\u00fchimiku kasutajas\u00f5bralike kauni disainiga originaalkruusidega. Dunooni kruuse on valmistatud Staffordshire&#8217;is, Potterieside traditsioonilises s\u00fcdames alates 1980. aastate algusest ja paljusid neist valmistatakse seal ka [&hellip;]","og_url":"https:\/\/kohvieri.ee\/et\/dunooni-tassid\/","og_site_name":"Kohvieri","article_publisher":"https:\/\/www.facebook.com\/kohvieri","article_modified_time":"2024-10-25T11:26:18+00:00","og_image":[{"url":"https:\/\/kohvieri.ee\/wp-content\/uploads\/2023\/09\/dunoon-riiul-1024x684.jpg","type":"","width":"","height":""}],"twitter_card":"summary_large_image","twitter_misc":{"Est. reading time":"2 minutit"},"schema":{"@context":"https:\/\/schema.org","@graph":[{"@type":"WebPage","@id":"https:\/\/kohvieri.ee\/et\/dunooni-tassid\/","url":"https:\/\/kohvieri.ee\/et\/dunooni-tassid\/","name":"Dunooni tassid - Kohvieri","isPartOf":{"@id":"https:\/\/kohvieri.ee\/et\/#website"},"primaryImageOfPage":{"@id":"https:\/\/kohvieri.ee\/et\/dunooni-tassid\/#primaryimage"},"image":{"@id":"https:\/\/kohvieri.ee\/et\/dunooni-tassid\/#primaryimage"},"thumbnailUrl":"https:\/\/kohvieri.ee\/wp-content\/uploads\/2023\/09\/dunoon-riiul-1024x684.jpg","datePublished":"2023-08-11T17:05:15+00:00","dateModified":"2024-10-25T11:26:18+00:00","breadcrumb":{"@id":"https:\/\/kohvieri.ee\/et\/dunooni-tassid\/#breadcrumb"},"inLanguage":"et","potentialAction":[{"@type":"ReadAction","target":["https:\/\/kohvieri.ee\/et\/dunooni-tassid\/"]}]},{"@type":"ImageObject","inLanguage":"et","@id":"https:\/\/kohvieri.ee\/et\/dunooni-tassid\/#primaryimage","url":"https:\/\/kohvieri.ee\/wp-content\/uploads\/2023\/09\/dunoon-riiul-1024x684.jpg","contentUrl":"https:\/\/kohvieri.ee\/wp-content\/uploads\/2023\/09\/dunoon-riiul-1024x684.jpg"},{"@type":"BreadcrumbList","@id":"https:\/\/kohvieri.ee\/et\/dunooni-tassid\/#breadcrumb","itemListElement":[{"@type":"ListItem","position":1,"name":"Home","item":"https:\/\/kohvieri.ee\/et\/"},{"@type":"ListItem","position":2,"name":"Dunooni tassid"}]},{"@type":"WebSite","@id":"https:\/\/kohvieri.ee\/et\/#website","url":"https:\/\/kohvieri.ee\/et\/","name":"Kohvieri","description":"Kohvi - ja teepood","publisher":{"@id":"https:\/\/kohvieri.ee\/et\/#organization"},"potentialAction":[{"@type":"SearchAction","target":{"@type":"EntryPoint","urlTemplate":"https:\/\/kohvieri.ee\/et\/?s={search_term_string}"},"query-input":{"@type":"PropertyValueSpecification","valueRequired":true,"valueName":"search_term_string"}}],"inLanguage":"et"},{"@type":"Organization","@id":"https:\/\/kohvieri.ee\/et\/#organization","name":"Kohvieri","url":"https:\/\/kohvieri.ee\/et\/","logo":{"@type":"ImageObject","inLanguage":"et","@id":"https:\/\/kohvieri.ee\/et\/#\/schema\/logo\/image\/","url":"https:\/\/kohvieri.ee\/wp-content\/uploads\/2023\/07\/07cd6507-9210-4922-a9ff-55a59759ce72-e1689614757153.png","contentUrl":"https:\/\/kohvieri.ee\/wp-content\/uploads\/2023\/07\/07cd6507-9210-4922-a9ff-55a59759ce72-e1689614757153.png","width":945,"height":318,"caption":" Kohvieri"},"image":{"@id":"https:\/\/kohvieri.ee\/et\/#\/schema\/logo\/image\/"},"sameAs":["https:\/\/www.facebook.com\/kohvieri","https:\/\/www.instagram.com\/kohvieripood"]}]}},"uagb_featured_image_src":{"full":false,"thumbnail":false,"medium":false,"medium_large":false,"large":false,"1536x1536":false,"2048x2048":false,"trp-custom-language-flag":false,"woocommerce_thumbnail":false,"woocommerce_single":false,"woocommerce_gallery_thumbnail":false},"uagb_author_info":{"display_name":"Kohvieri","author_link":"https:\/\/kohvieri.ee\/et\/author\/kaisu\/"},"uagb_comment_info":0,"uagb_excerpt":"Kohvieri poes on suurim valik Dunooni kruuse \u00a0 Dunoon ltd on edukas pereettev\u00f5te, mis alustas k\u00f5rgeima kvaliteediga kruuside tootmist 1974. aastal \u0160otimaal Dunoonis. Idee oli toota kvaliteetseid kivikeraamika kruuse, t\u00e4ites turul oleva t\u00fchimiku kasutajas\u00f5bralike kauni disainiga originaalkruusidega. Dunooni kruuse on valmistatud Staffordshire&#8217;is, Potterieside traditsioonilises s\u00fcdames alates 1980. aastate algusest ja paljusid neist valmistatakse seal ka&hellip;","jetpack_sharing_enabled":true,"_links":{"self":[{"href":"https:\/\/kohvieri.ee\/et\/wp-json\/wp\/v2\/pages\/10321","targetHints":{"allow":["GET"]}}],"collection":[{"href":"https:\/\/kohvieri.ee\/et\/wp-json\/wp\/v2\/pages"}],"about":[{"href":"https:\/\/kohvieri.ee\/et\/wp-json\/wp\/v2\/types\/page"}],"author":[{"embeddable":true,"href":"https:\/\/kohvieri.ee\/et\/wp-json\/wp\/v2\/users\/1"}],"replies":[{"embeddable":true,"href":"https:\/\/kohvieri.ee\/et\/wp-json\/wp\/v2\/comments?post=10321"}],"version-history":[{"count":5,"href":"https:\/\/kohvieri.ee\/et\/wp-json\/wp\/v2\/pages\/10321\/revisions"}],"predecessor-version":[{"id":14131,"href":"https:\/\/kohvieri.ee\/et\/wp-json\/wp\/v2\/pages\/10321\/revisions\/14131"}],"wp:attachment":[{"href":"https:\/\/kohvieri.ee\/et\/wp-json\/wp\/v2\/media?parent=10321"}],"curies":[{"name":"wp","href":"https:\/\/api.w.org\/{rel}","templated":true}]}}