{"id":6834,"date":"2023-07-14T10:21:06","date_gmt":"2023-07-14T10:21:06","guid":{"rendered":"https:\/\/kohvieri.ee\/?page_id=6834"},"modified":"2023-07-14T10:21:27","modified_gmt":"2023-07-14T10:21:27","slug":"kofeiinivaba-kohv","status":"publish","type":"page","link":"https:\/\/kohvieri.ee\/et\/kofeiinivaba-kohv\/","title":{"rendered":"Kofeiinivaba kohv"},"content":{"rendered":"<p>Kofeiinivaba kohv v\u00f5ib maitse poolest olla veidi erinev tavalisest kohvist, kuna kofeiin lisab kohvile m\u00f5ningaid maitseomadusi. M\u00f5ned inimesed m\u00e4rgivad, et kofeiinivabas kohvis on pisut pehmem maitse. Siiski on maitseerinevused \u00fcldiselt v\u00e4ikesed ja paljudele inimestele meeldib kofeiinivaba kohv sama palju kui tavaline kohv.<\/p>\n<p>Kofeiinivaba kohv suurep\u00e4rane alternatiiv neile, kes soovivad v\u00e4hendada kofeiini tarbimist, kuid soovivad ikkagi nautida kohvimaitset. Seda saab valmistada samamoodi nagu tavalist kohvi, kasutades kohvimasinat, presskannu ,filtrikannu v\u00f5i muid kohvi valmistamise meetodeid.<\/p>\n","protected":false},"excerpt":{"rendered":"<p>Kofeiinivaba kohv v\u00f5ib maitse poolest olla veidi erinev tavalisest kohvist, kuna kofeiin lisab kohvile m\u00f5ningaid maitseomadusi. M\u00f5ned inimesed m\u00e4rgivad, et kofeiinivabas kohvis on pisut pehmem maitse. Siiski on maitseerinevused \u00fcldiselt v\u00e4ikesed ja paljudele inimestele meeldib kofeiinivaba kohv sama palju kui tavaline kohv. Kofeiinivaba kohv suurep\u00e4rane alternatiiv neile, kes soovivad v\u00e4hendada kofeiini tarbimist, kuid soovivad ikkagi [&hellip;]<\/p>\n","protected":false},"author":1,"featured_media":0,"parent":0,"menu_order":0,"comment_status":"closed","ping_status":"closed","template":"","meta":{"_uag_custom_page_level_css":"","site-sidebar-layout":"default","site-content-layout":"default","ast-site-content-layout":"default","site-content-style":"default","site-sidebar-style":"default","ast-global-header-display":"","ast-banner-title-visibility":"","ast-main-header-display":"","ast-hfb-above-header-display":"","ast-hfb-below-header-display":"","ast-hfb-mobile-header-display":"","site-post-title":"","ast-breadcrumbs-content":"","ast-featured-img":"","footer-sml-layout":"","ast-disable-related-posts":"","theme-transparent-header-meta":"default","adv-header-id-meta":"","stick-header-meta":"default","header-above-stick-meta":"","header-main-stick-meta":"","header-below-stick-meta":"","astra-migrate-meta-layouts":"default","ast-page-background-enabled":"default","ast-page-background-meta":{"desktop":{"background-color":"var(--ast-global-color-4)","background-image":"","background-repeat":"repeat","background-position":"center center","background-size":"auto","background-attachment":"scroll","background-type":"","background-media":"","overlay-type":"","overlay-color":"","overlay-opacity":"","overlay-gradient":""},"tablet":{"background-color":"","background-image":"","background-repeat":"repeat","background-position":"center center","background-size":"auto","background-attachment":"scroll","background-type":"","background-media":"","overlay-type":"","overlay-color":"","overlay-opacity":"","overlay-gradient":""},"mobile":{"background-color":"","background-image":"","background-repeat":"repeat","background-position":"center center","background-size":"auto","background-attachment":"scroll","background-type":"","background-media":"","overlay-type":"","overlay-color":"","overlay-opacity":"","overlay-gradient":""}},"ast-content-background-meta":{"desktop":{"background-color":"var(--ast-global-color-5)","background-image":"","background-repeat":"repeat","background-position":"center center","background-size":"auto","background-attachment":"scroll","background-type":"","background-media":"","overlay-type":"","overlay-color":"","overlay-opacity":"","overlay-gradient":""},"tablet":{"background-color":"var(--ast-global-color-5)","background-image":"","background-repeat":"repeat","background-position":"center center","background-size":"auto","background-attachment":"scroll","background-type":"","background-media":"","overlay-type":"","overlay-color":"","overlay-opacity":"","overlay-gradient":""},"mobile":{"background-color":"var(--ast-global-color-5)","background-image":"","background-repeat":"repeat","background-position":"center center","background-size":"auto","background-attachment":"scroll","background-type":"","background-media":"","overlay-type":"","overlay-color":"","overlay-opacity":"","overlay-gradient":""}},"footnotes":""},"class_list":["post-6834","page","type-page","status-publish","hentry"],"yoast_head":"<!-- This site is optimized with the Yoast SEO plugin v27.4 - https:\/\/yoast.com\/product\/yoast-seo-wordpress\/ -->\n<title>Kofeiinivaba kohv - Kohvieri<\/title>\n<meta name=\"robots\" content=\"index, follow, max-snippet:-1, max-image-preview:large, max-video-preview:-1\" \/>\n<link rel=\"canonical\" href=\"https:\/\/kohvieri.ee\/et\/kofeiinivaba-kohv\/\" \/>\n<meta property=\"og:locale\" content=\"et_EE\" \/>\n<meta property=\"og:type\" content=\"article\" \/>\n<meta property=\"og:title\" content=\"Kofeiinivaba kohv - Kohvieri\" \/>\n<meta property=\"og:description\" content=\"Kofeiinivaba kohv v\u00f5ib maitse poolest olla veidi erinev tavalisest kohvist, kuna kofeiin lisab kohvile m\u00f5ningaid maitseomadusi. M\u00f5ned inimesed m\u00e4rgivad, et kofeiinivabas kohvis on pisut pehmem maitse. Siiski on maitseerinevused \u00fcldiselt v\u00e4ikesed ja paljudele inimestele meeldib kofeiinivaba kohv sama palju kui tavaline kohv. Kofeiinivaba kohv suurep\u00e4rane alternatiiv neile, kes soovivad v\u00e4hendada kofeiini tarbimist, kuid soovivad ikkagi [&hellip;]\" \/>\n<meta property=\"og:url\" content=\"https:\/\/kohvieri.ee\/et\/kofeiinivaba-kohv\/\" \/>\n<meta property=\"og:site_name\" content=\"Kohvieri\" \/>\n<meta property=\"article:publisher\" content=\"https:\/\/www.facebook.com\/kohvieri\" \/>\n<meta property=\"article:modified_time\" content=\"2023-07-14T10:21:27+00:00\" \/>\n<meta name=\"twitter:card\" content=\"summary_large_image\" \/>\n<script type=\"application\/ld+json\" class=\"yoast-schema-graph\">{\"@context\":\"https:\\\/\\\/schema.org\",\"@graph\":[{\"@type\":\"WebPage\",\"@id\":\"https:\\\/\\\/kohvieri.ee\\\/et\\\/kofeiinivaba-kohv\\\/\",\"url\":\"https:\\\/\\\/kohvieri.ee\\\/et\\\/kofeiinivaba-kohv\\\/\",\"name\":\"Kofeiinivaba kohv - Kohvieri\",\"isPartOf\":{\"@id\":\"https:\\\/\\\/kohvieri.ee\\\/et\\\/#website\"},\"datePublished\":\"2023-07-14T10:21:06+00:00\",\"dateModified\":\"2023-07-14T10:21:27+00:00\",\"breadcrumb\":{\"@id\":\"https:\\\/\\\/kohvieri.ee\\\/et\\\/kofeiinivaba-kohv\\\/#breadcrumb\"},\"inLanguage\":\"et\",\"potentialAction\":[{\"@type\":\"ReadAction\",\"target\":[\"https:\\\/\\\/kohvieri.ee\\\/et\\\/kofeiinivaba-kohv\\\/\"]}]},{\"@type\":\"BreadcrumbList\",\"@id\":\"https:\\\/\\\/kohvieri.ee\\\/et\\\/kofeiinivaba-kohv\\\/#breadcrumb\",\"itemListElement\":[{\"@type\":\"ListItem\",\"position\":1,\"name\":\"Home\",\"item\":\"https:\\\/\\\/kohvieri.ee\\\/et\\\/\"},{\"@type\":\"ListItem\",\"position\":2,\"name\":\"Kofeiinivaba kohv\"}]},{\"@type\":\"WebSite\",\"@id\":\"https:\\\/\\\/kohvieri.ee\\\/et\\\/#website\",\"url\":\"https:\\\/\\\/kohvieri.ee\\\/et\\\/\",\"name\":\"Kohvieri\",\"description\":\"Kohvi - ja teepood\",\"publisher\":{\"@id\":\"https:\\\/\\\/kohvieri.ee\\\/et\\\/#organization\"},\"potentialAction\":[{\"@type\":\"SearchAction\",\"target\":{\"@type\":\"EntryPoint\",\"urlTemplate\":\"https:\\\/\\\/kohvieri.ee\\\/et\\\/?s={search_term_string}\"},\"query-input\":{\"@type\":\"PropertyValueSpecification\",\"valueRequired\":true,\"valueName\":\"search_term_string\"}}],\"inLanguage\":\"et\"},{\"@type\":\"Organization\",\"@id\":\"https:\\\/\\\/kohvieri.ee\\\/et\\\/#organization\",\"name\":\"Kohvieri\",\"url\":\"https:\\\/\\\/kohvieri.ee\\\/et\\\/\",\"logo\":{\"@type\":\"ImageObject\",\"inLanguage\":\"et\",\"@id\":\"https:\\\/\\\/kohvieri.ee\\\/et\\\/#\\\/schema\\\/logo\\\/image\\\/\",\"url\":\"https:\\\/\\\/kohvieri.ee\\\/wp-content\\\/uploads\\\/2023\\\/07\\\/07cd6507-9210-4922-a9ff-55a59759ce72-e1689614757153.png\",\"contentUrl\":\"https:\\\/\\\/kohvieri.ee\\\/wp-content\\\/uploads\\\/2023\\\/07\\\/07cd6507-9210-4922-a9ff-55a59759ce72-e1689614757153.png\",\"width\":945,\"height\":318,\"caption\":\" Kohvieri\"},\"image\":{\"@id\":\"https:\\\/\\\/kohvieri.ee\\\/et\\\/#\\\/schema\\\/logo\\\/image\\\/\"},\"sameAs\":[\"https:\\\/\\\/www.facebook.com\\\/kohvieri\",\"https:\\\/\\\/www.instagram.com\\\/kohvieripood\"]}]}<\/script>\n<!-- \/ Yoast SEO plugin. -->","yoast_head_json":{"title":"Kofeiinivaba kohv - Kohvieri","robots":{"index":"index","follow":"follow","max-snippet":"max-snippet:-1","max-image-preview":"max-image-preview:large","max-video-preview":"max-video-preview:-1"},"canonical":"https:\/\/kohvieri.ee\/et\/kofeiinivaba-kohv\/","og_locale":"et_EE","og_type":"article","og_title":"Kofeiinivaba kohv - Kohvieri","og_description":"Kofeiinivaba kohv v\u00f5ib maitse poolest olla veidi erinev tavalisest kohvist, kuna kofeiin lisab kohvile m\u00f5ningaid maitseomadusi. M\u00f5ned inimesed m\u00e4rgivad, et kofeiinivabas kohvis on pisut pehmem maitse. Siiski on maitseerinevused \u00fcldiselt v\u00e4ikesed ja paljudele inimestele meeldib kofeiinivaba kohv sama palju kui tavaline kohv. Kofeiinivaba kohv suurep\u00e4rane alternatiiv neile, kes soovivad v\u00e4hendada kofeiini tarbimist, kuid soovivad ikkagi [&hellip;]","og_url":"https:\/\/kohvieri.ee\/et\/kofeiinivaba-kohv\/","og_site_name":"Kohvieri","article_publisher":"https:\/\/www.facebook.com\/kohvieri","article_modified_time":"2023-07-14T10:21:27+00:00","twitter_card":"summary_large_image","schema":{"@context":"https:\/\/schema.org","@graph":[{"@type":"WebPage","@id":"https:\/\/kohvieri.ee\/et\/kofeiinivaba-kohv\/","url":"https:\/\/kohvieri.ee\/et\/kofeiinivaba-kohv\/","name":"Kofeiinivaba kohv - Kohvieri","isPartOf":{"@id":"https:\/\/kohvieri.ee\/et\/#website"},"datePublished":"2023-07-14T10:21:06+00:00","dateModified":"2023-07-14T10:21:27+00:00","breadcrumb":{"@id":"https:\/\/kohvieri.ee\/et\/kofeiinivaba-kohv\/#breadcrumb"},"inLanguage":"et","potentialAction":[{"@type":"ReadAction","target":["https:\/\/kohvieri.ee\/et\/kofeiinivaba-kohv\/"]}]},{"@type":"BreadcrumbList","@id":"https:\/\/kohvieri.ee\/et\/kofeiinivaba-kohv\/#breadcrumb","itemListElement":[{"@type":"ListItem","position":1,"name":"Home","item":"https:\/\/kohvieri.ee\/et\/"},{"@type":"ListItem","position":2,"name":"Kofeiinivaba kohv"}]},{"@type":"WebSite","@id":"https:\/\/kohvieri.ee\/et\/#website","url":"https:\/\/kohvieri.ee\/et\/","name":"Kohvieri","description":"Kohvi - ja teepood","publisher":{"@id":"https:\/\/kohvieri.ee\/et\/#organization"},"potentialAction":[{"@type":"SearchAction","target":{"@type":"EntryPoint","urlTemplate":"https:\/\/kohvieri.ee\/et\/?s={search_term_string}"},"query-input":{"@type":"PropertyValueSpecification","valueRequired":true,"valueName":"search_term_string"}}],"inLanguage":"et"},{"@type":"Organization","@id":"https:\/\/kohvieri.ee\/et\/#organization","name":"Kohvieri","url":"https:\/\/kohvieri.ee\/et\/","logo":{"@type":"ImageObject","inLanguage":"et","@id":"https:\/\/kohvieri.ee\/et\/#\/schema\/logo\/image\/","url":"https:\/\/kohvieri.ee\/wp-content\/uploads\/2023\/07\/07cd6507-9210-4922-a9ff-55a59759ce72-e1689614757153.png","contentUrl":"https:\/\/kohvieri.ee\/wp-content\/uploads\/2023\/07\/07cd6507-9210-4922-a9ff-55a59759ce72-e1689614757153.png","width":945,"height":318,"caption":" Kohvieri"},"image":{"@id":"https:\/\/kohvieri.ee\/et\/#\/schema\/logo\/image\/"},"sameAs":["https:\/\/www.facebook.com\/kohvieri","https:\/\/www.instagram.com\/kohvieripood"]}]}},"uagb_featured_image_src":{"full":false,"thumbnail":false,"medium":false,"medium_large":false,"large":false,"1536x1536":false,"2048x2048":false,"trp-custom-language-flag":false,"woocommerce_thumbnail":false,"woocommerce_single":false,"woocommerce_gallery_thumbnail":false},"uagb_author_info":{"display_name":"Kohvieri","author_link":"https:\/\/kohvieri.ee\/et\/author\/kaisu\/"},"uagb_comment_info":0,"uagb_excerpt":"Kofeiinivaba kohv v\u00f5ib maitse poolest olla veidi erinev tavalisest kohvist, kuna kofeiin lisab kohvile m\u00f5ningaid maitseomadusi. M\u00f5ned inimesed m\u00e4rgivad, et kofeiinivabas kohvis on pisut pehmem maitse. Siiski on maitseerinevused \u00fcldiselt v\u00e4ikesed ja paljudele inimestele meeldib kofeiinivaba kohv sama palju kui tavaline kohv. Kofeiinivaba kohv suurep\u00e4rane alternatiiv neile, kes soovivad v\u00e4hendada kofeiini tarbimist, kuid soovivad ikkagi&hellip;","jetpack_sharing_enabled":true,"_links":{"self":[{"href":"https:\/\/kohvieri.ee\/et\/wp-json\/wp\/v2\/pages\/6834","targetHints":{"allow":["GET"]}}],"collection":[{"href":"https:\/\/kohvieri.ee\/et\/wp-json\/wp\/v2\/pages"}],"about":[{"href":"https:\/\/kohvieri.ee\/et\/wp-json\/wp\/v2\/types\/page"}],"author":[{"embeddable":true,"href":"https:\/\/kohvieri.ee\/et\/wp-json\/wp\/v2\/users\/1"}],"replies":[{"embeddable":true,"href":"https:\/\/kohvieri.ee\/et\/wp-json\/wp\/v2\/comments?post=6834"}],"version-history":[{"count":2,"href":"https:\/\/kohvieri.ee\/et\/wp-json\/wp\/v2\/pages\/6834\/revisions"}],"predecessor-version":[{"id":6836,"href":"https:\/\/kohvieri.ee\/et\/wp-json\/wp\/v2\/pages\/6834\/revisions\/6836"}],"wp:attachment":[{"href":"https:\/\/kohvieri.ee\/et\/wp-json\/wp\/v2\/media?parent=6834"}],"curies":[{"name":"wp","href":"https:\/\/api.w.org\/{rel}","templated":true}]}}