{"id":12793,"date":"2023-11-14T09:16:17","date_gmt":"2023-11-14T09:16:17","guid":{"rendered":"https:\/\/kohvieri.ee\/?post_type=product&#038;p=12793"},"modified":"2026-01-14T14:58:29","modified_gmt":"2026-01-14T14:58:29","slug":"bredemeijer-malmist-teekannu-komplekt-kobe-1-2l","status":"publish","type":"product","link":"https:\/\/kohvieri.ee\/et\/product\/bredemeijer-malmist-teekannu-komplekt-kobe-1-2l\/","title":{"rendered":"Bredemeijer malmist teekannu komplekt Kobe 1.2l"},"content":{"rendered":"\t\t<div data-elementor-type=\"wp-post\" data-elementor-id=\"12793\" class=\"elementor elementor-12793\">\n\t\t\t\t<div class=\"elementor-element elementor-element-8006cfb e-flex e-con-boxed e-con e-parent\" data-id=\"8006cfb\" data-element_type=\"container\" data-e-type=\"container\">\n\t\t\t\t\t<div class=\"e-con-inner\">\n\t\t\t\t\t<\/div>\n\t\t\t\t<\/div>\n\t\t\t\t<\/div>\n\t\t","protected":false},"excerpt":{"rendered":"<p>Aasia teekomplekt, mis koosneb malmist teekannust ja kahest portselankruusist.\u00a01,2-liitrine teekann on musta v\u00e4rvi ja sellel on roostevabast terasest filter.\u00a0Valgetel kruusidel (150 ml) on moodne must motiiv.\u00a0N\u00fc\u00fcd saate oma kodus pidada t\u00f5elise teetseremoonia!<\/p>\n<ul>\n<li>teekannu sisemus emailitud<\/li>\n<li>\n<p id=\"tw-target-text\" class=\"tw-data-text tw-text-large tw-ta\" dir=\"ltr\" data-placeholder=\"T\u00f5lge\"><span class=\"Y2IQFc\" lang=\"et\">teekann on varustatud roostevabast terasest filtriga<\/span><\/p>\n<\/li>\n<li>\n<p id=\"tw-target-text\" class=\"tw-data-text tw-text-large tw-ta\" dir=\"ltr\" data-placeholder=\"T\u00f5lge\">komplektis 2 portselaanist 150ml teekruusi<\/p>\n<\/li>\n<li>pikkus: 18,5cm<\/li>\n<li>laius: 12,5<span class=\"entry--content\">cm<\/span><\/li>\n<li>k\u00f5rgus: 23<span class=\"entry--content\">cm<\/span><\/li>\n<\/ul>\n<p>P\u00e4ritolumaa: Holland<\/p>\n<p><a href=\"https:\/\/kohvieri.ee\/teekannud\/\">Loe rohkem teekannudest<\/a><\/p>\n<div>\n<p>&nbsp;<\/p>\n<\/div>\n","protected":false},"featured_media":14463,"template":"","meta":{"_uag_custom_page_level_css":"","site-sidebar-layout":"no-sidebar","site-content-layout":"plain-container","ast-site-content-layout":"normal-width-container","site-content-style":"unboxed","site-sidebar-style":"unboxed","ast-global-header-display":"","ast-banner-title-visibility":"","ast-main-header-display":"","ast-hfb-above-header-display":"","ast-hfb-below-header-display":"","ast-hfb-mobile-header-display":"","site-post-title":"disabled","ast-breadcrumbs-content":"","ast-featured-img":"disabled","footer-sml-layout":"","ast-disable-related-posts":"","theme-transparent-header-meta":"default","adv-header-id-meta":"","stick-header-meta":"default","header-above-stick-meta":"","header-main-stick-meta":"","header-below-stick-meta":"","astra-migrate-meta-layouts":"set","ast-page-background-enabled":"default","ast-page-background-meta":{"desktop":{"background-color":"var(--ast-global-color-4)","background-image":"","background-repeat":"repeat","background-position":"center center","background-size":"auto","background-attachment":"scroll","background-type":"","background-media":"","overlay-type":"","overlay-color":"","overlay-opacity":"","overlay-gradient":""},"tablet":{"background-color":"","background-image":"","background-repeat":"repeat","background-position":"center center","background-size":"auto","background-attachment":"scroll","background-type":"","background-media":"","overlay-type":"","overlay-color":"","overlay-opacity":"","overlay-gradient":""},"mobile":{"background-color":"","background-image":"","background-repeat":"repeat","background-position":"center center","background-size":"auto","background-attachment":"scroll","background-type":"","background-media":"","overlay-type":"","overlay-color":"","overlay-opacity":"","overlay-gradient":""}},"ast-content-background-meta":{"desktop":{"background-color":"var(--ast-global-color-5)","background-image":"","background-repeat":"repeat","background-position":"center center","background-size":"auto","background-attachment":"scroll","background-type":"","background-media":"","overlay-type":"","overlay-color":"","overlay-opacity":"","overlay-gradient":""},"tablet":{"background-color":"var(--ast-global-color-5)","background-image":"","background-repeat":"repeat","background-position":"center center","background-size":"auto","background-attachment":"scroll","background-type":"","background-media":"","overlay-type":"","overlay-color":"","overlay-opacity":"","overlay-gradient":""},"mobile":{"background-color":"var(--ast-global-color-5)","background-image":"","background-repeat":"repeat","background-position":"center center","background-size":"auto","background-attachment":"scroll","background-type":"","background-media":"","overlay-type":"","overlay-color":"","overlay-opacity":"","overlay-gradient":""}}},"product_brand":[],"product_cat":[49,15],"product_tag":[164,158],"class_list":{"0":"post-12793","1":"product","2":"type-product","3":"status-publish","4":"has-post-thumbnail","6":"product_cat-tarvikud","7":"product_cat-teekannud","8":"product_tag-komplekt","9":"product_tag-malm","10":"desktop-align-center","11":"tablet-align-left","12":"mobile-align-left","14":"first","15":"instock","16":"taxable","17":"shipping-taxable","18":"purchasable","19":"product-type-simple"},"yoast_head":"<!-- This site is optimized with the Yoast SEO plugin v27.5 - https:\/\/yoast.com\/product\/yoast-seo-wordpress\/ -->\n<title>Bredemeijer malmist teekannu komplekt Kobe 1.2l - Kohvieri<\/title>\n<meta name=\"description\" content=\"Bredemeijer malmist teekannu komplekt Kobe 1.2l koosneb malmist teekannust ja kahest portselankruusist.\u00a01,2-liitrine teekann on musta v\u00e4rvi.\" \/>\n<meta name=\"robots\" content=\"index, follow, max-snippet:-1, max-image-preview:large, max-video-preview:-1\" \/>\n<link rel=\"canonical\" href=\"https:\/\/kohvieri.ee\/et\/product\/bredemeijer-malmist-teekannu-komplekt-kobe-1-2l\/\" \/>\n<meta property=\"og:locale\" content=\"et_EE\" \/>\n<meta property=\"og:type\" content=\"article\" \/>\n<meta property=\"og:title\" content=\"Bredemeijer malmist teekannu komplekt Kobe 1.2l - Kohvieri\" \/>\n<meta property=\"og:description\" content=\"Bredemeijer malmist teekannu komplekt Kobe 1.2l koosneb malmist teekannust ja kahest portselankruusist.\u00a01,2-liitrine teekann on musta v\u00e4rvi.\" \/>\n<meta property=\"og:url\" content=\"https:\/\/kohvieri.ee\/et\/product\/bredemeijer-malmist-teekannu-komplekt-kobe-1-2l\/\" \/>\n<meta property=\"og:site_name\" content=\"Kohvieri\" \/>\n<meta property=\"article:publisher\" content=\"https:\/\/www.facebook.com\/kohvieri\" \/>\n<meta property=\"article:modified_time\" content=\"2026-01-14T14:58:29+00:00\" \/>\n<meta property=\"og:image\" content=\"https:\/\/kohvieri.ee\/wp-content\/uploads\/2023\/11\/Bredemeijer-malmist-teekannu-komplekt-Kobe-1l.png\" \/>\n\t<meta property=\"og:image:width\" content=\"1080\" \/>\n\t<meta property=\"og:image:height\" content=\"1080\" \/>\n\t<meta property=\"og:image:type\" content=\"image\/png\" \/>\n<meta name=\"twitter:card\" content=\"summary_large_image\" \/>\n<meta name=\"twitter:label1\" content=\"Est. reading time\" \/>\n\t<meta name=\"twitter:data1\" content=\"1 minut\" \/>\n<script type=\"application\/ld+json\" class=\"yoast-schema-graph\">{\"@context\":\"https:\\\/\\\/schema.org\",\"@graph\":[{\"@type\":\"WebPage\",\"@id\":\"https:\\\/\\\/kohvieri.ee\\\/product\\\/bredemeijer-malmist-teekannu-komplekt-kobe-1-2l\\\/\",\"url\":\"https:\\\/\\\/kohvieri.ee\\\/product\\\/bredemeijer-malmist-teekannu-komplekt-kobe-1-2l\\\/\",\"name\":\"Bredemeijer malmist teekannu komplekt Kobe 1.2l - Kohvieri\",\"isPartOf\":{\"@id\":\"https:\\\/\\\/kohvieri.ee\\\/et\\\/#website\"},\"primaryImageOfPage\":{\"@id\":\"https:\\\/\\\/kohvieri.ee\\\/product\\\/bredemeijer-malmist-teekannu-komplekt-kobe-1-2l\\\/#primaryimage\"},\"image\":{\"@id\":\"https:\\\/\\\/kohvieri.ee\\\/product\\\/bredemeijer-malmist-teekannu-komplekt-kobe-1-2l\\\/#primaryimage\"},\"thumbnailUrl\":\"https:\\\/\\\/kohvieri.ee\\\/wp-content\\\/uploads\\\/2023\\\/11\\\/Bredemeijer-malmist-teekannu-komplekt-Kobe-1l.png\",\"datePublished\":\"2023-11-14T09:16:17+00:00\",\"dateModified\":\"2026-01-14T14:58:29+00:00\",\"description\":\"Bredemeijer malmist teekannu komplekt Kobe 1.2l koosneb malmist teekannust ja kahest portselankruusist.\u00a01,2-liitrine teekann on musta v\u00e4rvi.\",\"breadcrumb\":{\"@id\":\"https:\\\/\\\/kohvieri.ee\\\/product\\\/bredemeijer-malmist-teekannu-komplekt-kobe-1-2l\\\/#breadcrumb\"},\"inLanguage\":\"et\",\"potentialAction\":[{\"@type\":\"ReadAction\",\"target\":[\"https:\\\/\\\/kohvieri.ee\\\/product\\\/bredemeijer-malmist-teekannu-komplekt-kobe-1-2l\\\/\"]}]},{\"@type\":\"ImageObject\",\"inLanguage\":\"et\",\"@id\":\"https:\\\/\\\/kohvieri.ee\\\/product\\\/bredemeijer-malmist-teekannu-komplekt-kobe-1-2l\\\/#primaryimage\",\"url\":\"https:\\\/\\\/kohvieri.ee\\\/wp-content\\\/uploads\\\/2023\\\/11\\\/Bredemeijer-malmist-teekannu-komplekt-Kobe-1l.png\",\"contentUrl\":\"https:\\\/\\\/kohvieri.ee\\\/wp-content\\\/uploads\\\/2023\\\/11\\\/Bredemeijer-malmist-teekannu-komplekt-Kobe-1l.png\",\"width\":1080,\"height\":1080,\"caption\":\"Bredemeijer malmist teekannu komplekt Kobe 1.2l\"},{\"@type\":\"BreadcrumbList\",\"@id\":\"https:\\\/\\\/kohvieri.ee\\\/product\\\/bredemeijer-malmist-teekannu-komplekt-kobe-1-2l\\\/#breadcrumb\",\"itemListElement\":[{\"@type\":\"ListItem\",\"position\":1,\"name\":\"Home\",\"item\":\"https:\\\/\\\/kohvieri.ee\\\/et\\\/\"},{\"@type\":\"ListItem\",\"position\":2,\"name\":\"E-pood\",\"item\":\"https:\\\/\\\/kohvieri.ee\\\/et\\\/e-pood\\\/\"},{\"@type\":\"ListItem\",\"position\":3,\"name\":\"Bredemeijer malmist teekannu komplekt Kobe 1.2l\"}]},{\"@type\":\"WebSite\",\"@id\":\"https:\\\/\\\/kohvieri.ee\\\/et\\\/#website\",\"url\":\"https:\\\/\\\/kohvieri.ee\\\/et\\\/\",\"name\":\"Kohvieri\",\"description\":\"Kohvi - ja teepood\",\"publisher\":{\"@id\":\"https:\\\/\\\/kohvieri.ee\\\/et\\\/#organization\"},\"potentialAction\":[{\"@type\":\"SearchAction\",\"target\":{\"@type\":\"EntryPoint\",\"urlTemplate\":\"https:\\\/\\\/kohvieri.ee\\\/et\\\/?s={search_term_string}\"},\"query-input\":{\"@type\":\"PropertyValueSpecification\",\"valueRequired\":true,\"valueName\":\"search_term_string\"}}],\"inLanguage\":\"et\"},{\"@type\":\"Organization\",\"@id\":\"https:\\\/\\\/kohvieri.ee\\\/et\\\/#organization\",\"name\":\"Kohvieri\",\"url\":\"https:\\\/\\\/kohvieri.ee\\\/et\\\/\",\"logo\":{\"@type\":\"ImageObject\",\"inLanguage\":\"et\",\"@id\":\"https:\\\/\\\/kohvieri.ee\\\/et\\\/#\\\/schema\\\/logo\\\/image\\\/\",\"url\":\"https:\\\/\\\/kohvieri.ee\\\/wp-content\\\/uploads\\\/2023\\\/07\\\/07cd6507-9210-4922-a9ff-55a59759ce72-e1689614757153.png\",\"contentUrl\":\"https:\\\/\\\/kohvieri.ee\\\/wp-content\\\/uploads\\\/2023\\\/07\\\/07cd6507-9210-4922-a9ff-55a59759ce72-e1689614757153.png\",\"width\":945,\"height\":318,\"caption\":\" Kohvieri\"},\"image\":{\"@id\":\"https:\\\/\\\/kohvieri.ee\\\/et\\\/#\\\/schema\\\/logo\\\/image\\\/\"},\"sameAs\":[\"https:\\\/\\\/www.facebook.com\\\/kohvieri\",\"https:\\\/\\\/www.instagram.com\\\/kohvieripood\"]}]}<\/script>\n<!-- \/ Yoast SEO plugin. -->","yoast_head_json":{"title":"Bredemeijer malmist teekannu komplekt Kobe 1.2l - Kohvieri","description":"Bredemeijer malmist teekannu komplekt Kobe 1.2l koosneb malmist teekannust ja kahest portselankruusist.\u00a01,2-liitrine teekann on musta v\u00e4rvi.","robots":{"index":"index","follow":"follow","max-snippet":"max-snippet:-1","max-image-preview":"max-image-preview:large","max-video-preview":"max-video-preview:-1"},"canonical":"https:\/\/kohvieri.ee\/et\/product\/bredemeijer-malmist-teekannu-komplekt-kobe-1-2l\/","og_locale":"et_EE","og_type":"article","og_title":"Bredemeijer malmist teekannu komplekt Kobe 1.2l - Kohvieri","og_description":"Bredemeijer malmist teekannu komplekt Kobe 1.2l koosneb malmist teekannust ja kahest portselankruusist.\u00a01,2-liitrine teekann on musta v\u00e4rvi.","og_url":"https:\/\/kohvieri.ee\/et\/product\/bredemeijer-malmist-teekannu-komplekt-kobe-1-2l\/","og_site_name":"Kohvieri","article_publisher":"https:\/\/www.facebook.com\/kohvieri","article_modified_time":"2026-01-14T14:58:29+00:00","og_image":[{"width":1080,"height":1080,"url":"https:\/\/kohvieri.ee\/wp-content\/uploads\/2023\/11\/Bredemeijer-malmist-teekannu-komplekt-Kobe-1l.png","type":"image\/png"}],"twitter_card":"summary_large_image","twitter_misc":{"Est. reading time":"1 minut"},"schema":{"@context":"https:\/\/schema.org","@graph":[{"@type":"WebPage","@id":"https:\/\/kohvieri.ee\/product\/bredemeijer-malmist-teekannu-komplekt-kobe-1-2l\/","url":"https:\/\/kohvieri.ee\/product\/bredemeijer-malmist-teekannu-komplekt-kobe-1-2l\/","name":"Bredemeijer malmist teekannu komplekt Kobe 1.2l - Kohvieri","isPartOf":{"@id":"https:\/\/kohvieri.ee\/et\/#website"},"primaryImageOfPage":{"@id":"https:\/\/kohvieri.ee\/product\/bredemeijer-malmist-teekannu-komplekt-kobe-1-2l\/#primaryimage"},"image":{"@id":"https:\/\/kohvieri.ee\/product\/bredemeijer-malmist-teekannu-komplekt-kobe-1-2l\/#primaryimage"},"thumbnailUrl":"https:\/\/kohvieri.ee\/wp-content\/uploads\/2023\/11\/Bredemeijer-malmist-teekannu-komplekt-Kobe-1l.png","datePublished":"2023-11-14T09:16:17+00:00","dateModified":"2026-01-14T14:58:29+00:00","description":"Bredemeijer malmist teekannu komplekt Kobe 1.2l koosneb malmist teekannust ja kahest portselankruusist.\u00a01,2-liitrine teekann on musta v\u00e4rvi.","breadcrumb":{"@id":"https:\/\/kohvieri.ee\/product\/bredemeijer-malmist-teekannu-komplekt-kobe-1-2l\/#breadcrumb"},"inLanguage":"et","potentialAction":[{"@type":"ReadAction","target":["https:\/\/kohvieri.ee\/product\/bredemeijer-malmist-teekannu-komplekt-kobe-1-2l\/"]}]},{"@type":"ImageObject","inLanguage":"et","@id":"https:\/\/kohvieri.ee\/product\/bredemeijer-malmist-teekannu-komplekt-kobe-1-2l\/#primaryimage","url":"https:\/\/kohvieri.ee\/wp-content\/uploads\/2023\/11\/Bredemeijer-malmist-teekannu-komplekt-Kobe-1l.png","contentUrl":"https:\/\/kohvieri.ee\/wp-content\/uploads\/2023\/11\/Bredemeijer-malmist-teekannu-komplekt-Kobe-1l.png","width":1080,"height":1080,"caption":"Bredemeijer malmist teekannu komplekt Kobe 1.2l"},{"@type":"BreadcrumbList","@id":"https:\/\/kohvieri.ee\/product\/bredemeijer-malmist-teekannu-komplekt-kobe-1-2l\/#breadcrumb","itemListElement":[{"@type":"ListItem","position":1,"name":"Home","item":"https:\/\/kohvieri.ee\/et\/"},{"@type":"ListItem","position":2,"name":"E-pood","item":"https:\/\/kohvieri.ee\/et\/e-pood\/"},{"@type":"ListItem","position":3,"name":"Bredemeijer malmist teekannu komplekt Kobe 1.2l"}]},{"@type":"WebSite","@id":"https:\/\/kohvieri.ee\/et\/#website","url":"https:\/\/kohvieri.ee\/et\/","name":"Kohvieri","description":"Kohvi - ja teepood","publisher":{"@id":"https:\/\/kohvieri.ee\/et\/#organization"},"potentialAction":[{"@type":"SearchAction","target":{"@type":"EntryPoint","urlTemplate":"https:\/\/kohvieri.ee\/et\/?s={search_term_string}"},"query-input":{"@type":"PropertyValueSpecification","valueRequired":true,"valueName":"search_term_string"}}],"inLanguage":"et"},{"@type":"Organization","@id":"https:\/\/kohvieri.ee\/et\/#organization","name":"Kohvieri","url":"https:\/\/kohvieri.ee\/et\/","logo":{"@type":"ImageObject","inLanguage":"et","@id":"https:\/\/kohvieri.ee\/et\/#\/schema\/logo\/image\/","url":"https:\/\/kohvieri.ee\/wp-content\/uploads\/2023\/07\/07cd6507-9210-4922-a9ff-55a59759ce72-e1689614757153.png","contentUrl":"https:\/\/kohvieri.ee\/wp-content\/uploads\/2023\/07\/07cd6507-9210-4922-a9ff-55a59759ce72-e1689614757153.png","width":945,"height":318,"caption":" Kohvieri"},"image":{"@id":"https:\/\/kohvieri.ee\/et\/#\/schema\/logo\/image\/"},"sameAs":["https:\/\/www.facebook.com\/kohvieri","https:\/\/www.instagram.com\/kohvieripood"]}]}},"uagb_featured_image_src":{"full":["https:\/\/kohvieri.ee\/wp-content\/uploads\/2023\/11\/Bredemeijer-malmist-teekannu-komplekt-Kobe-1l.png",1080,1080,false],"thumbnail":["https:\/\/kohvieri.ee\/wp-content\/uploads\/2023\/11\/Bredemeijer-malmist-teekannu-komplekt-Kobe-1l-150x150.png",150,150,true],"medium":["https:\/\/kohvieri.ee\/wp-content\/uploads\/2023\/11\/Bredemeijer-malmist-teekannu-komplekt-Kobe-1l-300x300.png",300,300,true],"medium_large":["https:\/\/kohvieri.ee\/wp-content\/uploads\/2023\/11\/Bredemeijer-malmist-teekannu-komplekt-Kobe-1l-768x768.png",768,768,true],"large":["https:\/\/kohvieri.ee\/wp-content\/uploads\/2023\/11\/Bredemeijer-malmist-teekannu-komplekt-Kobe-1l-1024x1024.png",1024,1024,true],"1536x1536":["https:\/\/kohvieri.ee\/wp-content\/uploads\/2023\/11\/Bredemeijer-malmist-teekannu-komplekt-Kobe-1l.png",1080,1080,false],"2048x2048":["https:\/\/kohvieri.ee\/wp-content\/uploads\/2023\/11\/Bredemeijer-malmist-teekannu-komplekt-Kobe-1l.png",1080,1080,false],"trp-custom-language-flag":["https:\/\/kohvieri.ee\/wp-content\/uploads\/2023\/11\/Bredemeijer-malmist-teekannu-komplekt-Kobe-1l-12x12.png",12,12,true],"woocommerce_thumbnail":["https:\/\/kohvieri.ee\/wp-content\/uploads\/2023\/11\/Bredemeijer-malmist-teekannu-komplekt-Kobe-1l-300x300.png",300,300,true],"woocommerce_single":["https:\/\/kohvieri.ee\/wp-content\/uploads\/2023\/11\/Bredemeijer-malmist-teekannu-komplekt-Kobe-1l-600x600.png",600,600,true],"woocommerce_gallery_thumbnail":["https:\/\/kohvieri.ee\/wp-content\/uploads\/2023\/11\/Bredemeijer-malmist-teekannu-komplekt-Kobe-1l-100x100.png",100,100,true]},"uagb_author_info":{"display_name":"Kohvieri","author_link":"https:\/\/kohvieri.ee\/et\/author\/"},"uagb_comment_info":0,"uagb_excerpt":"Aasia teekomplekt, mis koosneb malmist teekannust ja kahest portselankruusist.\u00a01,2-liitrine teekann on musta v\u00e4rvi ja sellel on roostevabast terasest filter.\u00a0Valgetel kruusidel (150 ml) on moodne must motiiv.\u00a0N\u00fc\u00fcd saate oma kodus pidada t\u00f5elise teetseremoonia! teekannu sisemus emailitud teekann on varustatud roostevabast terasest filtriga komplektis 2 portselaanist 150ml teekruusi pikkus: 18,5cm laius: 12,5cm k\u00f5rgus: 23cm P\u00e4ritolumaa: Holland Loe&hellip;","jetpack_sharing_enabled":true,"_links":{"self":[{"href":"https:\/\/kohvieri.ee\/et\/wp-json\/wp\/v2\/product\/12793","targetHints":{"allow":["GET"]}}],"collection":[{"href":"https:\/\/kohvieri.ee\/et\/wp-json\/wp\/v2\/product"}],"about":[{"href":"https:\/\/kohvieri.ee\/et\/wp-json\/wp\/v2\/types\/product"}],"version-history":[{"count":4,"href":"https:\/\/kohvieri.ee\/et\/wp-json\/wp\/v2\/product\/12793\/revisions"}],"predecessor-version":[{"id":14465,"href":"https:\/\/kohvieri.ee\/et\/wp-json\/wp\/v2\/product\/12793\/revisions\/14465"}],"wp:featuredmedia":[{"embeddable":true,"href":"https:\/\/kohvieri.ee\/et\/wp-json\/wp\/v2\/media\/14463"}],"wp:attachment":[{"href":"https:\/\/kohvieri.ee\/et\/wp-json\/wp\/v2\/media?parent=12793"}],"wp:term":[{"taxonomy":"product_brand","embeddable":true,"href":"https:\/\/kohvieri.ee\/et\/wp-json\/wp\/v2\/product_brand?post=12793"},{"taxonomy":"product_cat","embeddable":true,"href":"https:\/\/kohvieri.ee\/et\/wp-json\/wp\/v2\/product_cat?post=12793"},{"taxonomy":"product_tag","embeddable":true,"href":"https:\/\/kohvieri.ee\/et\/wp-json\/wp\/v2\/product_tag?post=12793"}],"curies":[{"name":"wp","href":"https:\/\/api.w.org\/{rel}","templated":true}]}}