{"id":12917,"date":"2023-11-15T14:23:48","date_gmt":"2023-11-15T14:23:48","guid":{"rendered":"https:\/\/kohvieri.ee\/?post_type=product&#038;p=12917"},"modified":"2025-09-30T19:20:15","modified_gmt":"2025-09-30T19:20:15","slug":"bredemeijer-espresso-mokakann-tivoli-6-tassi-punane","status":"publish","type":"product","link":"https:\/\/kohvieri.ee\/et\/product\/bredemeijer-espresso-mokakann-tivoli-6-tassi-punane\/","title":{"rendered":"Leopold Vienna Espresso mokakann Tivoli 6 tassi, punane"},"content":{"rendered":"\t\t<div data-elementor-type=\"wp-post\" data-elementor-id=\"12917\" class=\"elementor elementor-12917\">\n\t\t\t\t<div class=\"elementor-element elementor-element-8006cfb e-flex e-con-boxed e-con e-parent\" data-id=\"8006cfb\" data-element_type=\"container\" data-e-type=\"container\">\n\t\t\t\t\t<div class=\"e-con-inner\">\n\t\t\t\t\t<\/div>\n\t\t\t\t<\/div>\n\t\t\t\t<\/div>\n\t\t","protected":false},"excerpt":{"rendered":"<p id=\"tw-target-text\" class=\"tw-data-text tw-text-large tw-ta\" dir=\"ltr\" data-placeholder=\"T\u00f5lge\">See klassikaline Itaalia espressomasin v\u00f5imaldab teil kiiresti valmistada 6 maitsvat espressokohvi.\u00a0Espressomasin on valmistatud roostevabast terasest ja alumiiniumist ning sobib k\u00f5ikidele soojusallikatele, v\u00e4lja arvatud gaas.<\/p>\n<ul>\n<li class=\"base-info--entry entry--height\">suurus: 10,3cm x 17,7cm x 18,8cm<\/li>\n<\/ul>\n<p>P\u00e4ritolumaa: Holland<\/p>\n<p><a href=\"https:\/\/kohvieri.ee\/kohvikannud\/\">Loe rohkem tarvikutest<\/a><\/p>\n<div>\n<p>&nbsp;<\/p>\n<\/div>\n","protected":false},"featured_media":12918,"template":"","meta":{"_uag_custom_page_level_css":"","site-sidebar-layout":"no-sidebar","site-content-layout":"plain-container","ast-site-content-layout":"normal-width-container","site-content-style":"unboxed","site-sidebar-style":"unboxed","ast-global-header-display":"","ast-banner-title-visibility":"","ast-main-header-display":"","ast-hfb-above-header-display":"","ast-hfb-below-header-display":"","ast-hfb-mobile-header-display":"","site-post-title":"disabled","ast-breadcrumbs-content":"","ast-featured-img":"disabled","footer-sml-layout":"","ast-disable-related-posts":"","theme-transparent-header-meta":"default","adv-header-id-meta":"","stick-header-meta":"default","header-above-stick-meta":"","header-main-stick-meta":"","header-below-stick-meta":"","astra-migrate-meta-layouts":"set","ast-page-background-enabled":"default","ast-page-background-meta":{"desktop":{"background-color":"var(--ast-global-color-4)","background-image":"","background-repeat":"repeat","background-position":"center center","background-size":"auto","background-attachment":"scroll","background-type":"","background-media":"","overlay-type":"","overlay-color":"","overlay-opacity":"","overlay-gradient":""},"tablet":{"background-color":"","background-image":"","background-repeat":"repeat","background-position":"center center","background-size":"auto","background-attachment":"scroll","background-type":"","background-media":"","overlay-type":"","overlay-color":"","overlay-opacity":"","overlay-gradient":""},"mobile":{"background-color":"","background-image":"","background-repeat":"repeat","background-position":"center center","background-size":"auto","background-attachment":"scroll","background-type":"","background-media":"","overlay-type":"","overlay-color":"","overlay-opacity":"","overlay-gradient":""}},"ast-content-background-meta":{"desktop":{"background-color":"var(--ast-global-color-5)","background-image":"","background-repeat":"repeat","background-position":"center center","background-size":"auto","background-attachment":"scroll","background-type":"","background-media":"","overlay-type":"","overlay-color":"","overlay-opacity":"","overlay-gradient":""},"tablet":{"background-color":"var(--ast-global-color-5)","background-image":"","background-repeat":"repeat","background-position":"center center","background-size":"auto","background-attachment":"scroll","background-type":"","background-media":"","overlay-type":"","overlay-color":"","overlay-opacity":"","overlay-gradient":""},"mobile":{"background-color":"var(--ast-global-color-5)","background-image":"","background-repeat":"repeat","background-position":"center center","background-size":"auto","background-attachment":"scroll","background-type":"","background-media":"","overlay-type":"","overlay-color":"","overlay-opacity":"","overlay-gradient":""}}},"product_brand":[],"product_cat":[115,49],"product_tag":[],"class_list":{"0":"post-12917","1":"product","2":"type-product","3":"status-publish","4":"has-post-thumbnail","6":"product_cat-kohvikannud","7":"product_cat-tarvikud","8":"desktop-align-center","9":"tablet-align-left","10":"mobile-align-left","12":"first","13":"instock","14":"taxable","15":"shipping-taxable","16":"purchasable","17":"product-type-simple"},"yoast_head":"<!-- This site is optimized with the Yoast SEO plugin v27.4 - https:\/\/yoast.com\/product\/yoast-seo-wordpress\/ -->\n<title>Leopold Vienna Espresso mokakann Tivoli 6 tassi, punane - Kohvieri<\/title>\n<meta name=\"robots\" content=\"index, follow, max-snippet:-1, max-image-preview:large, max-video-preview:-1\" \/>\n<link rel=\"canonical\" href=\"https:\/\/kohvieri.ee\/et\/product\/bredemeijer-espresso-mokakann-tivoli-6-tassi-punane\/\" \/>\n<meta property=\"og:locale\" content=\"et_EE\" \/>\n<meta property=\"og:type\" content=\"article\" \/>\n<meta property=\"og:title\" content=\"Leopold Vienna Espresso mokakann Tivoli 6 tassi, punane - Kohvieri\" \/>\n<meta property=\"og:description\" content=\"See klassikaline Itaalia espressomasin v\u00f5imaldab teil kiiresti valmistada 6 maitsvat espressokohvi.\u00a0Espressomasin on valmistatud roostevabast terasest ja alumiiniumist ning sobib k\u00f5ikidele soojusallikatele, v\u00e4lja arvatud gaas.    suurus: 10,3cm x 17,7cm x 18,8cm  P\u00e4ritolumaa: Holland  Loe rohkem tarvikutest   &nbsp;\" \/>\n<meta property=\"og:url\" content=\"https:\/\/kohvieri.ee\/et\/product\/bredemeijer-espresso-mokakann-tivoli-6-tassi-punane\/\" \/>\n<meta property=\"og:site_name\" content=\"Kohvieri\" \/>\n<meta property=\"article:publisher\" content=\"https:\/\/www.facebook.com\/kohvieri\" \/>\n<meta property=\"article:modified_time\" content=\"2025-09-30T19:20:15+00:00\" \/>\n<meta property=\"og:image\" content=\"https:\/\/kohvieri.ee\/wp-content\/uploads\/2023\/11\/Nimetu_kujundus_-_2023-11-15T162715.737-removebg-preview.png\" \/>\n\t<meta property=\"og:image:width\" content=\"500\" \/>\n\t<meta property=\"og:image:height\" content=\"500\" \/>\n\t<meta property=\"og:image:type\" content=\"image\/png\" \/>\n<meta name=\"twitter:card\" content=\"summary_large_image\" \/>\n<meta name=\"twitter:label1\" content=\"Est. reading time\" \/>\n\t<meta name=\"twitter:data1\" content=\"1 minut\" \/>\n<script type=\"application\/ld+json\" class=\"yoast-schema-graph\">{\"@context\":\"https:\\\/\\\/schema.org\",\"@graph\":[{\"@type\":\"WebPage\",\"@id\":\"https:\\\/\\\/kohvieri.ee\\\/product\\\/bredemeijer-espresso-mokakann-tivoli-6-tassi-punane\\\/\",\"url\":\"https:\\\/\\\/kohvieri.ee\\\/product\\\/bredemeijer-espresso-mokakann-tivoli-6-tassi-punane\\\/\",\"name\":\"Leopold Vienna Espresso mokakann Tivoli 6 tassi, punane - Kohvieri\",\"isPartOf\":{\"@id\":\"https:\\\/\\\/kohvieri.ee\\\/et\\\/#website\"},\"primaryImageOfPage\":{\"@id\":\"https:\\\/\\\/kohvieri.ee\\\/product\\\/bredemeijer-espresso-mokakann-tivoli-6-tassi-punane\\\/#primaryimage\"},\"image\":{\"@id\":\"https:\\\/\\\/kohvieri.ee\\\/product\\\/bredemeijer-espresso-mokakann-tivoli-6-tassi-punane\\\/#primaryimage\"},\"thumbnailUrl\":\"https:\\\/\\\/kohvieri.ee\\\/wp-content\\\/uploads\\\/2023\\\/11\\\/Nimetu_kujundus_-_2023-11-15T162715.737-removebg-preview.png\",\"datePublished\":\"2023-11-15T14:23:48+00:00\",\"dateModified\":\"2025-09-30T19:20:15+00:00\",\"breadcrumb\":{\"@id\":\"https:\\\/\\\/kohvieri.ee\\\/product\\\/bredemeijer-espresso-mokakann-tivoli-6-tassi-punane\\\/#breadcrumb\"},\"inLanguage\":\"et\",\"potentialAction\":[{\"@type\":\"ReadAction\",\"target\":[\"https:\\\/\\\/kohvieri.ee\\\/product\\\/bredemeijer-espresso-mokakann-tivoli-6-tassi-punane\\\/\"]}]},{\"@type\":\"ImageObject\",\"inLanguage\":\"et\",\"@id\":\"https:\\\/\\\/kohvieri.ee\\\/product\\\/bredemeijer-espresso-mokakann-tivoli-6-tassi-punane\\\/#primaryimage\",\"url\":\"https:\\\/\\\/kohvieri.ee\\\/wp-content\\\/uploads\\\/2023\\\/11\\\/Nimetu_kujundus_-_2023-11-15T162715.737-removebg-preview.png\",\"contentUrl\":\"https:\\\/\\\/kohvieri.ee\\\/wp-content\\\/uploads\\\/2023\\\/11\\\/Nimetu_kujundus_-_2023-11-15T162715.737-removebg-preview.png\",\"width\":500,\"height\":500,\"caption\":\"Leopold Vienna Espresso mokakann Tivoli 6 tassi, punane\"},{\"@type\":\"BreadcrumbList\",\"@id\":\"https:\\\/\\\/kohvieri.ee\\\/product\\\/bredemeijer-espresso-mokakann-tivoli-6-tassi-punane\\\/#breadcrumb\",\"itemListElement\":[{\"@type\":\"ListItem\",\"position\":1,\"name\":\"Home\",\"item\":\"https:\\\/\\\/kohvieri.ee\\\/et\\\/\"},{\"@type\":\"ListItem\",\"position\":2,\"name\":\"E-pood\",\"item\":\"https:\\\/\\\/kohvieri.ee\\\/et\\\/e-pood\\\/\"},{\"@type\":\"ListItem\",\"position\":3,\"name\":\"Leopold Vienna Espresso mokakann Tivoli 6 tassi, punane\"}]},{\"@type\":\"WebSite\",\"@id\":\"https:\\\/\\\/kohvieri.ee\\\/et\\\/#website\",\"url\":\"https:\\\/\\\/kohvieri.ee\\\/et\\\/\",\"name\":\"Kohvieri\",\"description\":\"Kohvi - ja teepood\",\"publisher\":{\"@id\":\"https:\\\/\\\/kohvieri.ee\\\/et\\\/#organization\"},\"potentialAction\":[{\"@type\":\"SearchAction\",\"target\":{\"@type\":\"EntryPoint\",\"urlTemplate\":\"https:\\\/\\\/kohvieri.ee\\\/et\\\/?s={search_term_string}\"},\"query-input\":{\"@type\":\"PropertyValueSpecification\",\"valueRequired\":true,\"valueName\":\"search_term_string\"}}],\"inLanguage\":\"et\"},{\"@type\":\"Organization\",\"@id\":\"https:\\\/\\\/kohvieri.ee\\\/et\\\/#organization\",\"name\":\"Kohvieri\",\"url\":\"https:\\\/\\\/kohvieri.ee\\\/et\\\/\",\"logo\":{\"@type\":\"ImageObject\",\"inLanguage\":\"et\",\"@id\":\"https:\\\/\\\/kohvieri.ee\\\/et\\\/#\\\/schema\\\/logo\\\/image\\\/\",\"url\":\"https:\\\/\\\/kohvieri.ee\\\/wp-content\\\/uploads\\\/2023\\\/07\\\/07cd6507-9210-4922-a9ff-55a59759ce72-e1689614757153.png\",\"contentUrl\":\"https:\\\/\\\/kohvieri.ee\\\/wp-content\\\/uploads\\\/2023\\\/07\\\/07cd6507-9210-4922-a9ff-55a59759ce72-e1689614757153.png\",\"width\":945,\"height\":318,\"caption\":\" Kohvieri\"},\"image\":{\"@id\":\"https:\\\/\\\/kohvieri.ee\\\/et\\\/#\\\/schema\\\/logo\\\/image\\\/\"},\"sameAs\":[\"https:\\\/\\\/www.facebook.com\\\/kohvieri\",\"https:\\\/\\\/www.instagram.com\\\/kohvieripood\"]}]}<\/script>\n<!-- \/ Yoast SEO plugin. -->","yoast_head_json":{"title":"Leopold Vienna Espresso mokakann Tivoli 6 tassi, punane - Kohvieri","robots":{"index":"index","follow":"follow","max-snippet":"max-snippet:-1","max-image-preview":"max-image-preview:large","max-video-preview":"max-video-preview:-1"},"canonical":"https:\/\/kohvieri.ee\/et\/product\/bredemeijer-espresso-mokakann-tivoli-6-tassi-punane\/","og_locale":"et_EE","og_type":"article","og_title":"Leopold Vienna Espresso mokakann Tivoli 6 tassi, punane - Kohvieri","og_description":"See klassikaline Itaalia espressomasin v\u00f5imaldab teil kiiresti valmistada 6 maitsvat espressokohvi.\u00a0Espressomasin on valmistatud roostevabast terasest ja alumiiniumist ning sobib k\u00f5ikidele soojusallikatele, v\u00e4lja arvatud gaas.    suurus: 10,3cm x 17,7cm x 18,8cm  P\u00e4ritolumaa: Holland  Loe rohkem tarvikutest   &nbsp;","og_url":"https:\/\/kohvieri.ee\/et\/product\/bredemeijer-espresso-mokakann-tivoli-6-tassi-punane\/","og_site_name":"Kohvieri","article_publisher":"https:\/\/www.facebook.com\/kohvieri","article_modified_time":"2025-09-30T19:20:15+00:00","og_image":[{"width":500,"height":500,"url":"https:\/\/kohvieri.ee\/wp-content\/uploads\/2023\/11\/Nimetu_kujundus_-_2023-11-15T162715.737-removebg-preview.png","type":"image\/png"}],"twitter_card":"summary_large_image","twitter_misc":{"Est. reading time":"1 minut"},"schema":{"@context":"https:\/\/schema.org","@graph":[{"@type":"WebPage","@id":"https:\/\/kohvieri.ee\/product\/bredemeijer-espresso-mokakann-tivoli-6-tassi-punane\/","url":"https:\/\/kohvieri.ee\/product\/bredemeijer-espresso-mokakann-tivoli-6-tassi-punane\/","name":"Leopold Vienna Espresso mokakann Tivoli 6 tassi, punane - Kohvieri","isPartOf":{"@id":"https:\/\/kohvieri.ee\/et\/#website"},"primaryImageOfPage":{"@id":"https:\/\/kohvieri.ee\/product\/bredemeijer-espresso-mokakann-tivoli-6-tassi-punane\/#primaryimage"},"image":{"@id":"https:\/\/kohvieri.ee\/product\/bredemeijer-espresso-mokakann-tivoli-6-tassi-punane\/#primaryimage"},"thumbnailUrl":"https:\/\/kohvieri.ee\/wp-content\/uploads\/2023\/11\/Nimetu_kujundus_-_2023-11-15T162715.737-removebg-preview.png","datePublished":"2023-11-15T14:23:48+00:00","dateModified":"2025-09-30T19:20:15+00:00","breadcrumb":{"@id":"https:\/\/kohvieri.ee\/product\/bredemeijer-espresso-mokakann-tivoli-6-tassi-punane\/#breadcrumb"},"inLanguage":"et","potentialAction":[{"@type":"ReadAction","target":["https:\/\/kohvieri.ee\/product\/bredemeijer-espresso-mokakann-tivoli-6-tassi-punane\/"]}]},{"@type":"ImageObject","inLanguage":"et","@id":"https:\/\/kohvieri.ee\/product\/bredemeijer-espresso-mokakann-tivoli-6-tassi-punane\/#primaryimage","url":"https:\/\/kohvieri.ee\/wp-content\/uploads\/2023\/11\/Nimetu_kujundus_-_2023-11-15T162715.737-removebg-preview.png","contentUrl":"https:\/\/kohvieri.ee\/wp-content\/uploads\/2023\/11\/Nimetu_kujundus_-_2023-11-15T162715.737-removebg-preview.png","width":500,"height":500,"caption":"Leopold Vienna Espresso mokakann Tivoli 6 tassi, punane"},{"@type":"BreadcrumbList","@id":"https:\/\/kohvieri.ee\/product\/bredemeijer-espresso-mokakann-tivoli-6-tassi-punane\/#breadcrumb","itemListElement":[{"@type":"ListItem","position":1,"name":"Home","item":"https:\/\/kohvieri.ee\/et\/"},{"@type":"ListItem","position":2,"name":"E-pood","item":"https:\/\/kohvieri.ee\/et\/e-pood\/"},{"@type":"ListItem","position":3,"name":"Leopold Vienna Espresso mokakann Tivoli 6 tassi, punane"}]},{"@type":"WebSite","@id":"https:\/\/kohvieri.ee\/et\/#website","url":"https:\/\/kohvieri.ee\/et\/","name":"Kohvieri","description":"Kohvi - ja teepood","publisher":{"@id":"https:\/\/kohvieri.ee\/et\/#organization"},"potentialAction":[{"@type":"SearchAction","target":{"@type":"EntryPoint","urlTemplate":"https:\/\/kohvieri.ee\/et\/?s={search_term_string}"},"query-input":{"@type":"PropertyValueSpecification","valueRequired":true,"valueName":"search_term_string"}}],"inLanguage":"et"},{"@type":"Organization","@id":"https:\/\/kohvieri.ee\/et\/#organization","name":"Kohvieri","url":"https:\/\/kohvieri.ee\/et\/","logo":{"@type":"ImageObject","inLanguage":"et","@id":"https:\/\/kohvieri.ee\/et\/#\/schema\/logo\/image\/","url":"https:\/\/kohvieri.ee\/wp-content\/uploads\/2023\/07\/07cd6507-9210-4922-a9ff-55a59759ce72-e1689614757153.png","contentUrl":"https:\/\/kohvieri.ee\/wp-content\/uploads\/2023\/07\/07cd6507-9210-4922-a9ff-55a59759ce72-e1689614757153.png","width":945,"height":318,"caption":" Kohvieri"},"image":{"@id":"https:\/\/kohvieri.ee\/et\/#\/schema\/logo\/image\/"},"sameAs":["https:\/\/www.facebook.com\/kohvieri","https:\/\/www.instagram.com\/kohvieripood"]}]}},"uagb_featured_image_src":{"full":["https:\/\/kohvieri.ee\/wp-content\/uploads\/2023\/11\/Nimetu_kujundus_-_2023-11-15T162715.737-removebg-preview.png",500,500,false],"thumbnail":["https:\/\/kohvieri.ee\/wp-content\/uploads\/2023\/11\/Nimetu_kujundus_-_2023-11-15T162715.737-removebg-preview-150x150.png",150,150,true],"medium":["https:\/\/kohvieri.ee\/wp-content\/uploads\/2023\/11\/Nimetu_kujundus_-_2023-11-15T162715.737-removebg-preview-300x300.png",300,300,true],"medium_large":["https:\/\/kohvieri.ee\/wp-content\/uploads\/2023\/11\/Nimetu_kujundus_-_2023-11-15T162715.737-removebg-preview.png",500,500,false],"large":["https:\/\/kohvieri.ee\/wp-content\/uploads\/2023\/11\/Nimetu_kujundus_-_2023-11-15T162715.737-removebg-preview.png",500,500,false],"1536x1536":["https:\/\/kohvieri.ee\/wp-content\/uploads\/2023\/11\/Nimetu_kujundus_-_2023-11-15T162715.737-removebg-preview.png",500,500,false],"2048x2048":["https:\/\/kohvieri.ee\/wp-content\/uploads\/2023\/11\/Nimetu_kujundus_-_2023-11-15T162715.737-removebg-preview.png",500,500,false],"trp-custom-language-flag":["https:\/\/kohvieri.ee\/wp-content\/uploads\/2023\/11\/Nimetu_kujundus_-_2023-11-15T162715.737-removebg-preview-12x12.png",12,12,true],"woocommerce_thumbnail":["https:\/\/kohvieri.ee\/wp-content\/uploads\/2023\/11\/Nimetu_kujundus_-_2023-11-15T162715.737-removebg-preview-300x300.png",300,300,true],"woocommerce_single":["https:\/\/kohvieri.ee\/wp-content\/uploads\/2023\/11\/Nimetu_kujundus_-_2023-11-15T162715.737-removebg-preview.png",500,500,false],"woocommerce_gallery_thumbnail":["https:\/\/kohvieri.ee\/wp-content\/uploads\/2023\/11\/Nimetu_kujundus_-_2023-11-15T162715.737-removebg-preview-100x100.png",100,100,true]},"uagb_author_info":{"display_name":"Kohvieri","author_link":"https:\/\/kohvieri.ee\/et\/author\/"},"uagb_comment_info":0,"uagb_excerpt":"See klassikaline Itaalia espressomasin v\u00f5imaldab teil kiiresti valmistada 6 maitsvat espressokohvi.\u00a0Espressomasin on valmistatud roostevabast terasest ja alumiiniumist ning sobib k\u00f5ikidele soojusallikatele, v\u00e4lja arvatud gaas. suurus: 10,3cm x 17,7cm x 18,8cm P\u00e4ritolumaa: Holland Loe rohkem tarvikutest &nbsp;","jetpack_sharing_enabled":true,"_links":{"self":[{"href":"https:\/\/kohvieri.ee\/et\/wp-json\/wp\/v2\/product\/12917","targetHints":{"allow":["GET"]}}],"collection":[{"href":"https:\/\/kohvieri.ee\/et\/wp-json\/wp\/v2\/product"}],"about":[{"href":"https:\/\/kohvieri.ee\/et\/wp-json\/wp\/v2\/types\/product"}],"version-history":[{"count":3,"href":"https:\/\/kohvieri.ee\/et\/wp-json\/wp\/v2\/product\/12917\/revisions"}],"predecessor-version":[{"id":12928,"href":"https:\/\/kohvieri.ee\/et\/wp-json\/wp\/v2\/product\/12917\/revisions\/12928"}],"wp:featuredmedia":[{"embeddable":true,"href":"https:\/\/kohvieri.ee\/et\/wp-json\/wp\/v2\/media\/12918"}],"wp:attachment":[{"href":"https:\/\/kohvieri.ee\/et\/wp-json\/wp\/v2\/media?parent=12917"}],"wp:term":[{"taxonomy":"product_brand","embeddable":true,"href":"https:\/\/kohvieri.ee\/et\/wp-json\/wp\/v2\/product_brand?post=12917"},{"taxonomy":"product_cat","embeddable":true,"href":"https:\/\/kohvieri.ee\/et\/wp-json\/wp\/v2\/product_cat?post=12917"},{"taxonomy":"product_tag","embeddable":true,"href":"https:\/\/kohvieri.ee\/et\/wp-json\/wp\/v2\/product_tag?post=12917"}],"curies":[{"name":"wp","href":"https:\/\/api.w.org\/{rel}","templated":true}]}}