{"id":12932,"date":"2023-11-15T15:04:28","date_gmt":"2023-11-15T15:04:28","guid":{"rendered":"https:\/\/kohvieri.ee\/?post_type=product&#038;p=12932"},"modified":"2026-04-07T13:32:10","modified_gmt":"2026-04-07T13:32:10","slug":"leopold-vienna-aeglase-kohvi-komplekt","status":"publish","type":"product","link":"https:\/\/kohvieri.ee\/et\/product\/leopold-vienna-aeglase-kohvi-komplekt\/","title":{"rendered":"Leopold Vienna aeglase kohvi komplekt"},"content":{"rendered":"\t\t<div data-elementor-type=\"wp-post\" data-elementor-id=\"12932\" class=\"elementor elementor-12932\">\n\t\t\t\t<div class=\"elementor-element elementor-element-8006cfb e-flex e-con-boxed e-con e-parent\" data-id=\"8006cfb\" data-element_type=\"container\" data-e-type=\"container\">\n\t\t\t\t\t<div class=\"e-con-inner\">\n\t\t\t\t\t<\/div>\n\t\t\t\t<\/div>\n\t\t\t\t<\/div>\n\t\t","protected":false},"excerpt":{"rendered":"<p id=\"tw-target-text\" class=\"tw-data-text tw-text-large tw-ta\" dir=\"ltr\" data-placeholder=\"T\u00f5lge\">Valmistage selle komplektiga parima maitsega aeglane kohv.\u00a0Kaasas kohvikann, filter, veekeetja ja kaas.\u00a0Kann on valmistatud kuumakindlast boorsilikaatklaasist ning nii veekeetja kui ka filter on valmistatud roostevabast terasest. R\u00f5\u00f5m kinkida, aga ka ennast r\u00f5\u00f5mustada!<\/p>\n<p>Kohvikann: 550 ml<br \/>\nVeekeetja: 400 ml<\/p>\n<ul>\n<li class=\"base-info--entry entry--height\">suurus: 26,5cm x 23,5cm x 15cm<\/li>\n<\/ul>\n<p>P\u00e4ritolumaa: Holland<\/p>\n<p><a href=\"https:\/\/kohvieri.ee\/kohvikannud\/\">Loe rohkem tarvikutest<\/a><\/p>\n<div>\n<p>&nbsp;<\/p>\n<\/div>\n","protected":false},"featured_media":13317,"template":"","meta":{"_uag_custom_page_level_css":"","site-sidebar-layout":"no-sidebar","site-content-layout":"plain-container","ast-site-content-layout":"normal-width-container","site-content-style":"unboxed","site-sidebar-style":"unboxed","ast-global-header-display":"","ast-banner-title-visibility":"","ast-main-header-display":"","ast-hfb-above-header-display":"","ast-hfb-below-header-display":"","ast-hfb-mobile-header-display":"","site-post-title":"disabled","ast-breadcrumbs-content":"","ast-featured-img":"disabled","footer-sml-layout":"","ast-disable-related-posts":"","theme-transparent-header-meta":"default","adv-header-id-meta":"","stick-header-meta":"default","header-above-stick-meta":"","header-main-stick-meta":"","header-below-stick-meta":"","astra-migrate-meta-layouts":"set","ast-page-background-enabled":"default","ast-page-background-meta":{"desktop":{"background-color":"var(--ast-global-color-4)","background-image":"","background-repeat":"repeat","background-position":"center center","background-size":"auto","background-attachment":"scroll","background-type":"","background-media":"","overlay-type":"","overlay-color":"","overlay-opacity":"","overlay-gradient":""},"tablet":{"background-color":"","background-image":"","background-repeat":"repeat","background-position":"center center","background-size":"auto","background-attachment":"scroll","background-type":"","background-media":"","overlay-type":"","overlay-color":"","overlay-opacity":"","overlay-gradient":""},"mobile":{"background-color":"","background-image":"","background-repeat":"repeat","background-position":"center center","background-size":"auto","background-attachment":"scroll","background-type":"","background-media":"","overlay-type":"","overlay-color":"","overlay-opacity":"","overlay-gradient":""}},"ast-content-background-meta":{"desktop":{"background-color":"var(--ast-global-color-5)","background-image":"","background-repeat":"repeat","background-position":"center center","background-size":"auto","background-attachment":"scroll","background-type":"","background-media":"","overlay-type":"","overlay-color":"","overlay-opacity":"","overlay-gradient":""},"tablet":{"background-color":"var(--ast-global-color-5)","background-image":"","background-repeat":"repeat","background-position":"center center","background-size":"auto","background-attachment":"scroll","background-type":"","background-media":"","overlay-type":"","overlay-color":"","overlay-opacity":"","overlay-gradient":""},"mobile":{"background-color":"var(--ast-global-color-5)","background-image":"","background-repeat":"repeat","background-position":"center center","background-size":"auto","background-attachment":"scroll","background-type":"","background-media":"","overlay-type":"","overlay-color":"","overlay-opacity":"","overlay-gradient":""}}},"product_brand":[],"product_cat":[115,120,49],"product_tag":[287],"class_list":{"0":"post-12932","1":"product","2":"type-product","3":"status-publish","4":"has-post-thumbnail","6":"product_cat-kohvikannud","7":"product_cat-muud-tarvikud","8":"product_cat-tarvikud","9":"product_tag-veekeetja","10":"desktop-align-center","11":"tablet-align-left","12":"mobile-align-left","14":"first","15":"outofstock","16":"taxable","17":"shipping-taxable","18":"purchasable","19":"product-type-simple"},"yoast_head":"<!-- This site is optimized with the Yoast SEO plugin v27.4 - https:\/\/yoast.com\/product\/yoast-seo-wordpress\/ -->\n<title>Leopold Vienna aeglase kohvi komplekt - Kohvieri<\/title>\n<meta name=\"robots\" content=\"index, follow, max-snippet:-1, max-image-preview:large, max-video-preview:-1\" \/>\n<link rel=\"canonical\" href=\"https:\/\/kohvieri.ee\/et\/product\/leopold-vienna-aeglase-kohvi-komplekt\/\" \/>\n<meta property=\"og:locale\" content=\"et_EE\" \/>\n<meta property=\"og:type\" content=\"article\" \/>\n<meta property=\"og:title\" content=\"Leopold Vienna aeglase kohvi komplekt - Kohvieri\" \/>\n<meta property=\"og:description\" content=\"Valmistage selle komplektiga parima maitsega aeglane kohv.\u00a0Kaasas kohvikann, filter, veekeetja ja kaas.\u00a0Kann on valmistatud kuumakindlast boorsilikaatklaasist ning nii veekeetja kui ka filter on valmistatud roostevabast terasest. R\u00f5\u00f5m kinkida, aga ka ennast r\u00f5\u00f5mustada! Kohvikann: 550 ml Veekeetja: 400 ml   suurus: 26,5cm x 23,5cm x 15cm  P\u00e4ritolumaa: Holland  Loe rohkem tarvikutest   &nbsp;\" \/>\n<meta property=\"og:url\" content=\"https:\/\/kohvieri.ee\/et\/product\/leopold-vienna-aeglase-kohvi-komplekt\/\" \/>\n<meta property=\"og:site_name\" content=\"Kohvieri\" \/>\n<meta property=\"article:publisher\" content=\"https:\/\/www.facebook.com\/kohvieri\" \/>\n<meta property=\"article:modified_time\" content=\"2026-04-07T13:32:10+00:00\" \/>\n<meta property=\"og:image\" content=\"https:\/\/kohvieri.ee\/wp-content\/uploads\/2023\/11\/lv113012-removebg-preview.png\" \/>\n\t<meta property=\"og:image:width\" content=\"577\" \/>\n\t<meta property=\"og:image:height\" content=\"433\" \/>\n\t<meta property=\"og:image:type\" content=\"image\/png\" \/>\n<meta name=\"twitter:card\" content=\"summary_large_image\" \/>\n<meta name=\"twitter:label1\" content=\"Est. reading time\" \/>\n\t<meta name=\"twitter:data1\" content=\"1 minut\" \/>\n<script type=\"application\/ld+json\" class=\"yoast-schema-graph\">{\"@context\":\"https:\\\/\\\/schema.org\",\"@graph\":[{\"@type\":\"WebPage\",\"@id\":\"https:\\\/\\\/kohvieri.ee\\\/product\\\/leopold-vienna-aeglase-kohvi-komplekt\\\/\",\"url\":\"https:\\\/\\\/kohvieri.ee\\\/product\\\/leopold-vienna-aeglase-kohvi-komplekt\\\/\",\"name\":\"Leopold Vienna aeglase kohvi komplekt - Kohvieri\",\"isPartOf\":{\"@id\":\"https:\\\/\\\/kohvieri.ee\\\/et\\\/#website\"},\"primaryImageOfPage\":{\"@id\":\"https:\\\/\\\/kohvieri.ee\\\/product\\\/leopold-vienna-aeglase-kohvi-komplekt\\\/#primaryimage\"},\"image\":{\"@id\":\"https:\\\/\\\/kohvieri.ee\\\/product\\\/leopold-vienna-aeglase-kohvi-komplekt\\\/#primaryimage\"},\"thumbnailUrl\":\"https:\\\/\\\/kohvieri.ee\\\/wp-content\\\/uploads\\\/2023\\\/11\\\/lv113012-removebg-preview.png\",\"datePublished\":\"2023-11-15T15:04:28+00:00\",\"dateModified\":\"2026-04-07T13:32:10+00:00\",\"breadcrumb\":{\"@id\":\"https:\\\/\\\/kohvieri.ee\\\/product\\\/leopold-vienna-aeglase-kohvi-komplekt\\\/#breadcrumb\"},\"inLanguage\":\"et\",\"potentialAction\":[{\"@type\":\"ReadAction\",\"target\":[\"https:\\\/\\\/kohvieri.ee\\\/product\\\/leopold-vienna-aeglase-kohvi-komplekt\\\/\"]}]},{\"@type\":\"ImageObject\",\"inLanguage\":\"et\",\"@id\":\"https:\\\/\\\/kohvieri.ee\\\/product\\\/leopold-vienna-aeglase-kohvi-komplekt\\\/#primaryimage\",\"url\":\"https:\\\/\\\/kohvieri.ee\\\/wp-content\\\/uploads\\\/2023\\\/11\\\/lv113012-removebg-preview.png\",\"contentUrl\":\"https:\\\/\\\/kohvieri.ee\\\/wp-content\\\/uploads\\\/2023\\\/11\\\/lv113012-removebg-preview.png\",\"width\":577,\"height\":433},{\"@type\":\"BreadcrumbList\",\"@id\":\"https:\\\/\\\/kohvieri.ee\\\/product\\\/leopold-vienna-aeglase-kohvi-komplekt\\\/#breadcrumb\",\"itemListElement\":[{\"@type\":\"ListItem\",\"position\":1,\"name\":\"Home\",\"item\":\"https:\\\/\\\/kohvieri.ee\\\/et\\\/\"},{\"@type\":\"ListItem\",\"position\":2,\"name\":\"E-pood\",\"item\":\"https:\\\/\\\/kohvieri.ee\\\/et\\\/e-pood\\\/\"},{\"@type\":\"ListItem\",\"position\":3,\"name\":\"Leopold Vienna aeglase kohvi komplekt\"}]},{\"@type\":\"WebSite\",\"@id\":\"https:\\\/\\\/kohvieri.ee\\\/et\\\/#website\",\"url\":\"https:\\\/\\\/kohvieri.ee\\\/et\\\/\",\"name\":\"Kohvieri\",\"description\":\"Kohvi - ja teepood\",\"publisher\":{\"@id\":\"https:\\\/\\\/kohvieri.ee\\\/et\\\/#organization\"},\"potentialAction\":[{\"@type\":\"SearchAction\",\"target\":{\"@type\":\"EntryPoint\",\"urlTemplate\":\"https:\\\/\\\/kohvieri.ee\\\/et\\\/?s={search_term_string}\"},\"query-input\":{\"@type\":\"PropertyValueSpecification\",\"valueRequired\":true,\"valueName\":\"search_term_string\"}}],\"inLanguage\":\"et\"},{\"@type\":\"Organization\",\"@id\":\"https:\\\/\\\/kohvieri.ee\\\/et\\\/#organization\",\"name\":\"Kohvieri\",\"url\":\"https:\\\/\\\/kohvieri.ee\\\/et\\\/\",\"logo\":{\"@type\":\"ImageObject\",\"inLanguage\":\"et\",\"@id\":\"https:\\\/\\\/kohvieri.ee\\\/et\\\/#\\\/schema\\\/logo\\\/image\\\/\",\"url\":\"https:\\\/\\\/kohvieri.ee\\\/wp-content\\\/uploads\\\/2023\\\/07\\\/07cd6507-9210-4922-a9ff-55a59759ce72-e1689614757153.png\",\"contentUrl\":\"https:\\\/\\\/kohvieri.ee\\\/wp-content\\\/uploads\\\/2023\\\/07\\\/07cd6507-9210-4922-a9ff-55a59759ce72-e1689614757153.png\",\"width\":945,\"height\":318,\"caption\":\" Kohvieri\"},\"image\":{\"@id\":\"https:\\\/\\\/kohvieri.ee\\\/et\\\/#\\\/schema\\\/logo\\\/image\\\/\"},\"sameAs\":[\"https:\\\/\\\/www.facebook.com\\\/kohvieri\",\"https:\\\/\\\/www.instagram.com\\\/kohvieripood\"]}]}<\/script>\n<!-- \/ Yoast SEO plugin. -->","yoast_head_json":{"title":"Leopold Vienna aeglase kohvi komplekt - Kohvieri","robots":{"index":"index","follow":"follow","max-snippet":"max-snippet:-1","max-image-preview":"max-image-preview:large","max-video-preview":"max-video-preview:-1"},"canonical":"https:\/\/kohvieri.ee\/et\/product\/leopold-vienna-aeglase-kohvi-komplekt\/","og_locale":"et_EE","og_type":"article","og_title":"Leopold Vienna aeglase kohvi komplekt - Kohvieri","og_description":"Valmistage selle komplektiga parima maitsega aeglane kohv.\u00a0Kaasas kohvikann, filter, veekeetja ja kaas.\u00a0Kann on valmistatud kuumakindlast boorsilikaatklaasist ning nii veekeetja kui ka filter on valmistatud roostevabast terasest. R\u00f5\u00f5m kinkida, aga ka ennast r\u00f5\u00f5mustada! Kohvikann: 550 ml Veekeetja: 400 ml   suurus: 26,5cm x 23,5cm x 15cm  P\u00e4ritolumaa: Holland  Loe rohkem tarvikutest   &nbsp;","og_url":"https:\/\/kohvieri.ee\/et\/product\/leopold-vienna-aeglase-kohvi-komplekt\/","og_site_name":"Kohvieri","article_publisher":"https:\/\/www.facebook.com\/kohvieri","article_modified_time":"2026-04-07T13:32:10+00:00","og_image":[{"width":577,"height":433,"url":"https:\/\/kohvieri.ee\/wp-content\/uploads\/2023\/11\/lv113012-removebg-preview.png","type":"image\/png"}],"twitter_card":"summary_large_image","twitter_misc":{"Est. reading time":"1 minut"},"schema":{"@context":"https:\/\/schema.org","@graph":[{"@type":"WebPage","@id":"https:\/\/kohvieri.ee\/product\/leopold-vienna-aeglase-kohvi-komplekt\/","url":"https:\/\/kohvieri.ee\/product\/leopold-vienna-aeglase-kohvi-komplekt\/","name":"Leopold Vienna aeglase kohvi komplekt - Kohvieri","isPartOf":{"@id":"https:\/\/kohvieri.ee\/et\/#website"},"primaryImageOfPage":{"@id":"https:\/\/kohvieri.ee\/product\/leopold-vienna-aeglase-kohvi-komplekt\/#primaryimage"},"image":{"@id":"https:\/\/kohvieri.ee\/product\/leopold-vienna-aeglase-kohvi-komplekt\/#primaryimage"},"thumbnailUrl":"https:\/\/kohvieri.ee\/wp-content\/uploads\/2023\/11\/lv113012-removebg-preview.png","datePublished":"2023-11-15T15:04:28+00:00","dateModified":"2026-04-07T13:32:10+00:00","breadcrumb":{"@id":"https:\/\/kohvieri.ee\/product\/leopold-vienna-aeglase-kohvi-komplekt\/#breadcrumb"},"inLanguage":"et","potentialAction":[{"@type":"ReadAction","target":["https:\/\/kohvieri.ee\/product\/leopold-vienna-aeglase-kohvi-komplekt\/"]}]},{"@type":"ImageObject","inLanguage":"et","@id":"https:\/\/kohvieri.ee\/product\/leopold-vienna-aeglase-kohvi-komplekt\/#primaryimage","url":"https:\/\/kohvieri.ee\/wp-content\/uploads\/2023\/11\/lv113012-removebg-preview.png","contentUrl":"https:\/\/kohvieri.ee\/wp-content\/uploads\/2023\/11\/lv113012-removebg-preview.png","width":577,"height":433},{"@type":"BreadcrumbList","@id":"https:\/\/kohvieri.ee\/product\/leopold-vienna-aeglase-kohvi-komplekt\/#breadcrumb","itemListElement":[{"@type":"ListItem","position":1,"name":"Home","item":"https:\/\/kohvieri.ee\/et\/"},{"@type":"ListItem","position":2,"name":"E-pood","item":"https:\/\/kohvieri.ee\/et\/e-pood\/"},{"@type":"ListItem","position":3,"name":"Leopold Vienna aeglase kohvi komplekt"}]},{"@type":"WebSite","@id":"https:\/\/kohvieri.ee\/et\/#website","url":"https:\/\/kohvieri.ee\/et\/","name":"Kohvieri","description":"Kohvi - ja teepood","publisher":{"@id":"https:\/\/kohvieri.ee\/et\/#organization"},"potentialAction":[{"@type":"SearchAction","target":{"@type":"EntryPoint","urlTemplate":"https:\/\/kohvieri.ee\/et\/?s={search_term_string}"},"query-input":{"@type":"PropertyValueSpecification","valueRequired":true,"valueName":"search_term_string"}}],"inLanguage":"et"},{"@type":"Organization","@id":"https:\/\/kohvieri.ee\/et\/#organization","name":"Kohvieri","url":"https:\/\/kohvieri.ee\/et\/","logo":{"@type":"ImageObject","inLanguage":"et","@id":"https:\/\/kohvieri.ee\/et\/#\/schema\/logo\/image\/","url":"https:\/\/kohvieri.ee\/wp-content\/uploads\/2023\/07\/07cd6507-9210-4922-a9ff-55a59759ce72-e1689614757153.png","contentUrl":"https:\/\/kohvieri.ee\/wp-content\/uploads\/2023\/07\/07cd6507-9210-4922-a9ff-55a59759ce72-e1689614757153.png","width":945,"height":318,"caption":" Kohvieri"},"image":{"@id":"https:\/\/kohvieri.ee\/et\/#\/schema\/logo\/image\/"},"sameAs":["https:\/\/www.facebook.com\/kohvieri","https:\/\/www.instagram.com\/kohvieripood"]}]}},"uagb_featured_image_src":{"full":["https:\/\/kohvieri.ee\/wp-content\/uploads\/2023\/11\/lv113012-removebg-preview.png",577,433,false],"thumbnail":["https:\/\/kohvieri.ee\/wp-content\/uploads\/2023\/11\/lv113012-removebg-preview-150x150.png",150,150,true],"medium":["https:\/\/kohvieri.ee\/wp-content\/uploads\/2023\/11\/lv113012-removebg-preview-300x225.png",300,225,true],"medium_large":["https:\/\/kohvieri.ee\/wp-content\/uploads\/2023\/11\/lv113012-removebg-preview.png",577,433,false],"large":["https:\/\/kohvieri.ee\/wp-content\/uploads\/2023\/11\/lv113012-removebg-preview.png",577,433,false],"1536x1536":["https:\/\/kohvieri.ee\/wp-content\/uploads\/2023\/11\/lv113012-removebg-preview.png",577,433,false],"2048x2048":["https:\/\/kohvieri.ee\/wp-content\/uploads\/2023\/11\/lv113012-removebg-preview.png",577,433,false],"trp-custom-language-flag":["https:\/\/kohvieri.ee\/wp-content\/uploads\/2023\/11\/lv113012-removebg-preview-16x12.png",16,12,true],"woocommerce_thumbnail":["https:\/\/kohvieri.ee\/wp-content\/uploads\/2023\/11\/lv113012-removebg-preview-300x300.png",300,300,true],"woocommerce_single":["https:\/\/kohvieri.ee\/wp-content\/uploads\/2023\/11\/lv113012-removebg-preview.png",577,433,false],"woocommerce_gallery_thumbnail":["https:\/\/kohvieri.ee\/wp-content\/uploads\/2023\/11\/lv113012-removebg-preview-100x100.png",100,100,true]},"uagb_author_info":{"display_name":"Kohvieri","author_link":"https:\/\/kohvieri.ee\/et\/author\/"},"uagb_comment_info":0,"uagb_excerpt":"Valmistage selle komplektiga parima maitsega aeglane kohv.\u00a0Kaasas kohvikann, filter, veekeetja ja kaas.\u00a0Kann on valmistatud kuumakindlast boorsilikaatklaasist ning nii veekeetja kui ka filter on valmistatud roostevabast terasest. R\u00f5\u00f5m kinkida, aga ka ennast r\u00f5\u00f5mustada! Kohvikann: 550 ml Veekeetja: 400 ml suurus: 26,5cm x 23,5cm x 15cm P\u00e4ritolumaa: Holland Loe rohkem tarvikutest &nbsp;","jetpack_sharing_enabled":true,"_links":{"self":[{"href":"https:\/\/kohvieri.ee\/et\/wp-json\/wp\/v2\/product\/12932","targetHints":{"allow":["GET"]}}],"collection":[{"href":"https:\/\/kohvieri.ee\/et\/wp-json\/wp\/v2\/product"}],"about":[{"href":"https:\/\/kohvieri.ee\/et\/wp-json\/wp\/v2\/types\/product"}],"version-history":[{"count":3,"href":"https:\/\/kohvieri.ee\/et\/wp-json\/wp\/v2\/product\/12932\/revisions"}],"predecessor-version":[{"id":12939,"href":"https:\/\/kohvieri.ee\/et\/wp-json\/wp\/v2\/product\/12932\/revisions\/12939"}],"wp:featuredmedia":[{"embeddable":true,"href":"https:\/\/kohvieri.ee\/et\/wp-json\/wp\/v2\/media\/13317"}],"wp:attachment":[{"href":"https:\/\/kohvieri.ee\/et\/wp-json\/wp\/v2\/media?parent=12932"}],"wp:term":[{"taxonomy":"product_brand","embeddable":true,"href":"https:\/\/kohvieri.ee\/et\/wp-json\/wp\/v2\/product_brand?post=12932"},{"taxonomy":"product_cat","embeddable":true,"href":"https:\/\/kohvieri.ee\/et\/wp-json\/wp\/v2\/product_cat?post=12932"},{"taxonomy":"product_tag","embeddable":true,"href":"https:\/\/kohvieri.ee\/et\/wp-json\/wp\/v2\/product_tag?post=12932"}],"curies":[{"name":"wp","href":"https:\/\/api.w.org\/{rel}","templated":true}]}}