{"id":12940,"date":"2023-11-15T15:22:53","date_gmt":"2023-11-15T15:22:53","guid":{"rendered":"https:\/\/kohvieri.ee\/?post_type=product&#038;p=12940"},"modified":"2026-04-07T13:20:42","modified_gmt":"2026-04-07T13:20:42","slug":"leopold-vienna-kohviveski-bologna","status":"publish","type":"product","link":"https:\/\/kohvieri.ee\/et\/product\/leopold-vienna-kohviveski-bologna\/","title":{"rendered":"Leopold Vienna kohviveski Bologna"},"content":{"rendered":"\t\t<div data-elementor-type=\"wp-post\" data-elementor-id=\"12940\" class=\"elementor elementor-12940\">\n\t\t\t\t<div class=\"elementor-element elementor-element-8006cfb e-flex e-con-boxed e-con e-parent\" data-id=\"8006cfb\" data-element_type=\"container\" data-e-type=\"container\">\n\t\t\t\t\t<div class=\"e-con-inner\">\n\t\t\t\t\t<\/div>\n\t\t\t\t<\/div>\n\t\t\t\t<\/div>\n\t\t","protected":false},"excerpt":{"rendered":"<p>Pole midagi paremat kui v\u00e4rskelt jahvatatud kohvi l\u00f5hn.\u00a0Selle kohviveskiga saate v\u00e4rskelt jahvatatud oad kiiresti k\u00e4tte.\u00a0T\u00e4itke veski soovitud kogusega ja m\u00e4\u00e4rake jahvatusaste.\u00a0P\u00f6\u00f6rake paar korda ja oletegi valmis!\u00a0Jahvatatud kohvi v\u00f5id kasutada n\u00e4iteks presskannu v\u00f5i filtrikohvina. V\u00e4rskemat tassi kohvi ei saa!\u00a0Komplekt koosneb kohviveskist ja klaasn\u00f5ust jahvatatud kohvi hoiustamiseks.<\/p>\n<ul>\n<li class=\"base-info--entry entry--height\">suurus: 23cm x 21cm x 12cm<\/li>\n<\/ul>\n<p>P\u00e4ritolumaa: Holland<\/p>\n<p><a href=\"https:\/\/kohvieri.ee\/kohvikannud\/\">Loe rohkem tarvikutest<\/a><\/p>\n<div>\n<p>&nbsp;<\/p>\n<\/div>\n","protected":false},"featured_media":14609,"template":"","meta":{"_uag_custom_page_level_css":"","site-sidebar-layout":"no-sidebar","site-content-layout":"plain-container","ast-site-content-layout":"normal-width-container","site-content-style":"unboxed","site-sidebar-style":"unboxed","ast-global-header-display":"","ast-banner-title-visibility":"","ast-main-header-display":"","ast-hfb-above-header-display":"","ast-hfb-below-header-display":"","ast-hfb-mobile-header-display":"","site-post-title":"disabled","ast-breadcrumbs-content":"","ast-featured-img":"disabled","footer-sml-layout":"","ast-disable-related-posts":"","theme-transparent-header-meta":"default","adv-header-id-meta":"","stick-header-meta":"default","header-above-stick-meta":"","header-main-stick-meta":"","header-below-stick-meta":"","astra-migrate-meta-layouts":"set","ast-page-background-enabled":"default","ast-page-background-meta":{"desktop":{"background-color":"var(--ast-global-color-4)","background-image":"","background-repeat":"repeat","background-position":"center center","background-size":"auto","background-attachment":"scroll","background-type":"","background-media":"","overlay-type":"","overlay-color":"","overlay-opacity":"","overlay-gradient":""},"tablet":{"background-color":"","background-image":"","background-repeat":"repeat","background-position":"center center","background-size":"auto","background-attachment":"scroll","background-type":"","background-media":"","overlay-type":"","overlay-color":"","overlay-opacity":"","overlay-gradient":""},"mobile":{"background-color":"","background-image":"","background-repeat":"repeat","background-position":"center center","background-size":"auto","background-attachment":"scroll","background-type":"","background-media":"","overlay-type":"","overlay-color":"","overlay-opacity":"","overlay-gradient":""}},"ast-content-background-meta":{"desktop":{"background-color":"var(--ast-global-color-5)","background-image":"","background-repeat":"repeat","background-position":"center center","background-size":"auto","background-attachment":"scroll","background-type":"","background-media":"","overlay-type":"","overlay-color":"","overlay-opacity":"","overlay-gradient":""},"tablet":{"background-color":"var(--ast-global-color-5)","background-image":"","background-repeat":"repeat","background-position":"center center","background-size":"auto","background-attachment":"scroll","background-type":"","background-media":"","overlay-type":"","overlay-color":"","overlay-opacity":"","overlay-gradient":""},"mobile":{"background-color":"var(--ast-global-color-5)","background-image":"","background-repeat":"repeat","background-position":"center center","background-size":"auto","background-attachment":"scroll","background-type":"","background-media":"","overlay-type":"","overlay-color":"","overlay-opacity":"","overlay-gradient":""}}},"product_brand":[],"product_cat":[120,49],"product_tag":[162],"class_list":{"0":"post-12940","1":"product","2":"type-product","3":"status-publish","4":"has-post-thumbnail","6":"product_cat-muud-tarvikud","7":"product_cat-tarvikud","8":"product_tag-kohviveski","9":"desktop-align-center","10":"tablet-align-left","11":"mobile-align-left","13":"first","14":"instock","15":"taxable","16":"shipping-taxable","17":"purchasable","18":"product-type-simple"},"yoast_head":"<!-- This site is optimized with the Yoast SEO plugin v27.5 - https:\/\/yoast.com\/product\/yoast-seo-wordpress\/ -->\n<title>Leopold Vienna kohviveski Bologna - Kohvieri<\/title>\n<meta name=\"robots\" content=\"index, follow, max-snippet:-1, max-image-preview:large, max-video-preview:-1\" \/>\n<link rel=\"canonical\" href=\"https:\/\/kohvieri.ee\/et\/product\/leopold-vienna-kohviveski-bologna\/\" \/>\n<meta property=\"og:locale\" content=\"et_EE\" \/>\n<meta property=\"og:type\" content=\"article\" \/>\n<meta property=\"og:title\" content=\"Leopold Vienna kohviveski Bologna - Kohvieri\" \/>\n<meta property=\"og:description\" content=\"Pole midagi paremat kui v\u00e4rskelt jahvatatud kohvi l\u00f5hn.\u00a0Selle kohviveskiga saate v\u00e4rskelt jahvatatud oad kiiresti k\u00e4tte.\u00a0T\u00e4itke veski soovitud kogusega ja m\u00e4\u00e4rake jahvatusaste.\u00a0P\u00f6\u00f6rake paar korda ja oletegi valmis!\u00a0Jahvatatud kohvi v\u00f5id kasutada n\u00e4iteks presskannu v\u00f5i filtrikohvina. V\u00e4rskemat tassi kohvi ei saa!\u00a0Komplekt koosneb kohviveskist ja klaasn\u00f5ust jahvatatud kohvi hoiustamiseks.   suurus: 23cm x 21cm x 12cm  P\u00e4ritolumaa: Holland  Loe rohkem tarvikutest   &nbsp;\" \/>\n<meta property=\"og:url\" content=\"https:\/\/kohvieri.ee\/et\/product\/leopold-vienna-kohviveski-bologna\/\" \/>\n<meta property=\"og:site_name\" content=\"Kohvieri\" \/>\n<meta property=\"article:publisher\" content=\"https:\/\/www.facebook.com\/kohvieri\" \/>\n<meta property=\"article:modified_time\" content=\"2026-04-07T13:20:42+00:00\" \/>\n<meta property=\"og:image\" content=\"https:\/\/kohvieri.ee\/wp-content\/uploads\/2023\/11\/Leopold-Vienna-kohviveski-Bologna.png\" \/>\n\t<meta property=\"og:image:width\" content=\"1080\" \/>\n\t<meta property=\"og:image:height\" content=\"1080\" \/>\n\t<meta property=\"og:image:type\" content=\"image\/png\" \/>\n<meta name=\"twitter:card\" content=\"summary_large_image\" \/>\n<meta name=\"twitter:label1\" content=\"Est. reading time\" \/>\n\t<meta name=\"twitter:data1\" content=\"1 minut\" \/>\n<script type=\"application\/ld+json\" class=\"yoast-schema-graph\">{\"@context\":\"https:\\\/\\\/schema.org\",\"@graph\":[{\"@type\":\"WebPage\",\"@id\":\"https:\\\/\\\/kohvieri.ee\\\/product\\\/leopold-vienna-kohviveski-bologna\\\/\",\"url\":\"https:\\\/\\\/kohvieri.ee\\\/product\\\/leopold-vienna-kohviveski-bologna\\\/\",\"name\":\"Leopold Vienna kohviveski Bologna - Kohvieri\",\"isPartOf\":{\"@id\":\"https:\\\/\\\/kohvieri.ee\\\/et\\\/#website\"},\"primaryImageOfPage\":{\"@id\":\"https:\\\/\\\/kohvieri.ee\\\/product\\\/leopold-vienna-kohviveski-bologna\\\/#primaryimage\"},\"image\":{\"@id\":\"https:\\\/\\\/kohvieri.ee\\\/product\\\/leopold-vienna-kohviveski-bologna\\\/#primaryimage\"},\"thumbnailUrl\":\"https:\\\/\\\/kohvieri.ee\\\/wp-content\\\/uploads\\\/2023\\\/11\\\/Leopold-Vienna-kohviveski-Bologna.png\",\"datePublished\":\"2023-11-15T15:22:53+00:00\",\"dateModified\":\"2026-04-07T13:20:42+00:00\",\"breadcrumb\":{\"@id\":\"https:\\\/\\\/kohvieri.ee\\\/product\\\/leopold-vienna-kohviveski-bologna\\\/#breadcrumb\"},\"inLanguage\":\"et\",\"potentialAction\":[{\"@type\":\"ReadAction\",\"target\":[\"https:\\\/\\\/kohvieri.ee\\\/product\\\/leopold-vienna-kohviveski-bologna\\\/\"]}]},{\"@type\":\"ImageObject\",\"inLanguage\":\"et\",\"@id\":\"https:\\\/\\\/kohvieri.ee\\\/product\\\/leopold-vienna-kohviveski-bologna\\\/#primaryimage\",\"url\":\"https:\\\/\\\/kohvieri.ee\\\/wp-content\\\/uploads\\\/2023\\\/11\\\/Leopold-Vienna-kohviveski-Bologna.png\",\"contentUrl\":\"https:\\\/\\\/kohvieri.ee\\\/wp-content\\\/uploads\\\/2023\\\/11\\\/Leopold-Vienna-kohviveski-Bologna.png\",\"width\":1080,\"height\":1080,\"caption\":\"Leopold Vienna kohviveski Bologna\"},{\"@type\":\"BreadcrumbList\",\"@id\":\"https:\\\/\\\/kohvieri.ee\\\/product\\\/leopold-vienna-kohviveski-bologna\\\/#breadcrumb\",\"itemListElement\":[{\"@type\":\"ListItem\",\"position\":1,\"name\":\"Home\",\"item\":\"https:\\\/\\\/kohvieri.ee\\\/et\\\/\"},{\"@type\":\"ListItem\",\"position\":2,\"name\":\"E-pood\",\"item\":\"https:\\\/\\\/kohvieri.ee\\\/et\\\/e-pood\\\/\"},{\"@type\":\"ListItem\",\"position\":3,\"name\":\"Leopold Vienna kohviveski Bologna\"}]},{\"@type\":\"WebSite\",\"@id\":\"https:\\\/\\\/kohvieri.ee\\\/et\\\/#website\",\"url\":\"https:\\\/\\\/kohvieri.ee\\\/et\\\/\",\"name\":\"Kohvieri\",\"description\":\"Kohvi - ja teepood\",\"publisher\":{\"@id\":\"https:\\\/\\\/kohvieri.ee\\\/et\\\/#organization\"},\"potentialAction\":[{\"@type\":\"SearchAction\",\"target\":{\"@type\":\"EntryPoint\",\"urlTemplate\":\"https:\\\/\\\/kohvieri.ee\\\/et\\\/?s={search_term_string}\"},\"query-input\":{\"@type\":\"PropertyValueSpecification\",\"valueRequired\":true,\"valueName\":\"search_term_string\"}}],\"inLanguage\":\"et\"},{\"@type\":\"Organization\",\"@id\":\"https:\\\/\\\/kohvieri.ee\\\/et\\\/#organization\",\"name\":\"Kohvieri\",\"url\":\"https:\\\/\\\/kohvieri.ee\\\/et\\\/\",\"logo\":{\"@type\":\"ImageObject\",\"inLanguage\":\"et\",\"@id\":\"https:\\\/\\\/kohvieri.ee\\\/et\\\/#\\\/schema\\\/logo\\\/image\\\/\",\"url\":\"https:\\\/\\\/kohvieri.ee\\\/wp-content\\\/uploads\\\/2023\\\/07\\\/07cd6507-9210-4922-a9ff-55a59759ce72-e1689614757153.png\",\"contentUrl\":\"https:\\\/\\\/kohvieri.ee\\\/wp-content\\\/uploads\\\/2023\\\/07\\\/07cd6507-9210-4922-a9ff-55a59759ce72-e1689614757153.png\",\"width\":945,\"height\":318,\"caption\":\" Kohvieri\"},\"image\":{\"@id\":\"https:\\\/\\\/kohvieri.ee\\\/et\\\/#\\\/schema\\\/logo\\\/image\\\/\"},\"sameAs\":[\"https:\\\/\\\/www.facebook.com\\\/kohvieri\",\"https:\\\/\\\/www.instagram.com\\\/kohvieripood\"]}]}<\/script>\n<!-- \/ Yoast SEO plugin. -->","yoast_head_json":{"title":"Leopold Vienna kohviveski Bologna - Kohvieri","robots":{"index":"index","follow":"follow","max-snippet":"max-snippet:-1","max-image-preview":"max-image-preview:large","max-video-preview":"max-video-preview:-1"},"canonical":"https:\/\/kohvieri.ee\/et\/product\/leopold-vienna-kohviveski-bologna\/","og_locale":"et_EE","og_type":"article","og_title":"Leopold Vienna kohviveski Bologna - Kohvieri","og_description":"Pole midagi paremat kui v\u00e4rskelt jahvatatud kohvi l\u00f5hn.\u00a0Selle kohviveskiga saate v\u00e4rskelt jahvatatud oad kiiresti k\u00e4tte.\u00a0T\u00e4itke veski soovitud kogusega ja m\u00e4\u00e4rake jahvatusaste.\u00a0P\u00f6\u00f6rake paar korda ja oletegi valmis!\u00a0Jahvatatud kohvi v\u00f5id kasutada n\u00e4iteks presskannu v\u00f5i filtrikohvina. V\u00e4rskemat tassi kohvi ei saa!\u00a0Komplekt koosneb kohviveskist ja klaasn\u00f5ust jahvatatud kohvi hoiustamiseks.   suurus: 23cm x 21cm x 12cm  P\u00e4ritolumaa: Holland  Loe rohkem tarvikutest   &nbsp;","og_url":"https:\/\/kohvieri.ee\/et\/product\/leopold-vienna-kohviveski-bologna\/","og_site_name":"Kohvieri","article_publisher":"https:\/\/www.facebook.com\/kohvieri","article_modified_time":"2026-04-07T13:20:42+00:00","og_image":[{"width":1080,"height":1080,"url":"https:\/\/kohvieri.ee\/wp-content\/uploads\/2023\/11\/Leopold-Vienna-kohviveski-Bologna.png","type":"image\/png"}],"twitter_card":"summary_large_image","twitter_misc":{"Est. reading time":"1 minut"},"schema":{"@context":"https:\/\/schema.org","@graph":[{"@type":"WebPage","@id":"https:\/\/kohvieri.ee\/product\/leopold-vienna-kohviveski-bologna\/","url":"https:\/\/kohvieri.ee\/product\/leopold-vienna-kohviveski-bologna\/","name":"Leopold Vienna kohviveski Bologna - Kohvieri","isPartOf":{"@id":"https:\/\/kohvieri.ee\/et\/#website"},"primaryImageOfPage":{"@id":"https:\/\/kohvieri.ee\/product\/leopold-vienna-kohviveski-bologna\/#primaryimage"},"image":{"@id":"https:\/\/kohvieri.ee\/product\/leopold-vienna-kohviveski-bologna\/#primaryimage"},"thumbnailUrl":"https:\/\/kohvieri.ee\/wp-content\/uploads\/2023\/11\/Leopold-Vienna-kohviveski-Bologna.png","datePublished":"2023-11-15T15:22:53+00:00","dateModified":"2026-04-07T13:20:42+00:00","breadcrumb":{"@id":"https:\/\/kohvieri.ee\/product\/leopold-vienna-kohviveski-bologna\/#breadcrumb"},"inLanguage":"et","potentialAction":[{"@type":"ReadAction","target":["https:\/\/kohvieri.ee\/product\/leopold-vienna-kohviveski-bologna\/"]}]},{"@type":"ImageObject","inLanguage":"et","@id":"https:\/\/kohvieri.ee\/product\/leopold-vienna-kohviveski-bologna\/#primaryimage","url":"https:\/\/kohvieri.ee\/wp-content\/uploads\/2023\/11\/Leopold-Vienna-kohviveski-Bologna.png","contentUrl":"https:\/\/kohvieri.ee\/wp-content\/uploads\/2023\/11\/Leopold-Vienna-kohviveski-Bologna.png","width":1080,"height":1080,"caption":"Leopold Vienna kohviveski Bologna"},{"@type":"BreadcrumbList","@id":"https:\/\/kohvieri.ee\/product\/leopold-vienna-kohviveski-bologna\/#breadcrumb","itemListElement":[{"@type":"ListItem","position":1,"name":"Home","item":"https:\/\/kohvieri.ee\/et\/"},{"@type":"ListItem","position":2,"name":"E-pood","item":"https:\/\/kohvieri.ee\/et\/e-pood\/"},{"@type":"ListItem","position":3,"name":"Leopold Vienna kohviveski Bologna"}]},{"@type":"WebSite","@id":"https:\/\/kohvieri.ee\/et\/#website","url":"https:\/\/kohvieri.ee\/et\/","name":"Kohvieri","description":"Kohvi - ja teepood","publisher":{"@id":"https:\/\/kohvieri.ee\/et\/#organization"},"potentialAction":[{"@type":"SearchAction","target":{"@type":"EntryPoint","urlTemplate":"https:\/\/kohvieri.ee\/et\/?s={search_term_string}"},"query-input":{"@type":"PropertyValueSpecification","valueRequired":true,"valueName":"search_term_string"}}],"inLanguage":"et"},{"@type":"Organization","@id":"https:\/\/kohvieri.ee\/et\/#organization","name":"Kohvieri","url":"https:\/\/kohvieri.ee\/et\/","logo":{"@type":"ImageObject","inLanguage":"et","@id":"https:\/\/kohvieri.ee\/et\/#\/schema\/logo\/image\/","url":"https:\/\/kohvieri.ee\/wp-content\/uploads\/2023\/07\/07cd6507-9210-4922-a9ff-55a59759ce72-e1689614757153.png","contentUrl":"https:\/\/kohvieri.ee\/wp-content\/uploads\/2023\/07\/07cd6507-9210-4922-a9ff-55a59759ce72-e1689614757153.png","width":945,"height":318,"caption":" Kohvieri"},"image":{"@id":"https:\/\/kohvieri.ee\/et\/#\/schema\/logo\/image\/"},"sameAs":["https:\/\/www.facebook.com\/kohvieri","https:\/\/www.instagram.com\/kohvieripood"]}]}},"uagb_featured_image_src":{"full":["https:\/\/kohvieri.ee\/wp-content\/uploads\/2023\/11\/Leopold-Vienna-kohviveski-Bologna.png",1080,1080,false],"thumbnail":["https:\/\/kohvieri.ee\/wp-content\/uploads\/2023\/11\/Leopold-Vienna-kohviveski-Bologna-150x150.png",150,150,true],"medium":["https:\/\/kohvieri.ee\/wp-content\/uploads\/2023\/11\/Leopold-Vienna-kohviveski-Bologna-300x300.png",300,300,true],"medium_large":["https:\/\/kohvieri.ee\/wp-content\/uploads\/2023\/11\/Leopold-Vienna-kohviveski-Bologna-768x768.png",768,768,true],"large":["https:\/\/kohvieri.ee\/wp-content\/uploads\/2023\/11\/Leopold-Vienna-kohviveski-Bologna-1024x1024.png",1024,1024,true],"1536x1536":["https:\/\/kohvieri.ee\/wp-content\/uploads\/2023\/11\/Leopold-Vienna-kohviveski-Bologna.png",1080,1080,false],"2048x2048":["https:\/\/kohvieri.ee\/wp-content\/uploads\/2023\/11\/Leopold-Vienna-kohviveski-Bologna.png",1080,1080,false],"trp-custom-language-flag":["https:\/\/kohvieri.ee\/wp-content\/uploads\/2023\/11\/Leopold-Vienna-kohviveski-Bologna-12x12.png",12,12,true],"woocommerce_thumbnail":["https:\/\/kohvieri.ee\/wp-content\/uploads\/2023\/11\/Leopold-Vienna-kohviveski-Bologna-300x300.png",300,300,true],"woocommerce_single":["https:\/\/kohvieri.ee\/wp-content\/uploads\/2023\/11\/Leopold-Vienna-kohviveski-Bologna-600x600.png",600,600,true],"woocommerce_gallery_thumbnail":["https:\/\/kohvieri.ee\/wp-content\/uploads\/2023\/11\/Leopold-Vienna-kohviveski-Bologna-100x100.png",100,100,true]},"uagb_author_info":{"display_name":"Kohvieri","author_link":"https:\/\/kohvieri.ee\/et\/author\/"},"uagb_comment_info":0,"uagb_excerpt":"Pole midagi paremat kui v\u00e4rskelt jahvatatud kohvi l\u00f5hn.\u00a0Selle kohviveskiga saate v\u00e4rskelt jahvatatud oad kiiresti k\u00e4tte.\u00a0T\u00e4itke veski soovitud kogusega ja m\u00e4\u00e4rake jahvatusaste.\u00a0P\u00f6\u00f6rake paar korda ja oletegi valmis!\u00a0Jahvatatud kohvi v\u00f5id kasutada n\u00e4iteks presskannu v\u00f5i filtrikohvina. V\u00e4rskemat tassi kohvi ei saa!\u00a0Komplekt koosneb kohviveskist ja klaasn\u00f5ust jahvatatud kohvi hoiustamiseks. suurus: 23cm x 21cm x 12cm P\u00e4ritolumaa: Holland Loe rohkem&hellip;","jetpack_sharing_enabled":true,"_links":{"self":[{"href":"https:\/\/kohvieri.ee\/et\/wp-json\/wp\/v2\/product\/12940","targetHints":{"allow":["GET"]}}],"collection":[{"href":"https:\/\/kohvieri.ee\/et\/wp-json\/wp\/v2\/product"}],"about":[{"href":"https:\/\/kohvieri.ee\/et\/wp-json\/wp\/v2\/types\/product"}],"version-history":[{"count":3,"href":"https:\/\/kohvieri.ee\/et\/wp-json\/wp\/v2\/product\/12940\/revisions"}],"predecessor-version":[{"id":14611,"href":"https:\/\/kohvieri.ee\/et\/wp-json\/wp\/v2\/product\/12940\/revisions\/14611"}],"wp:featuredmedia":[{"embeddable":true,"href":"https:\/\/kohvieri.ee\/et\/wp-json\/wp\/v2\/media\/14609"}],"wp:attachment":[{"href":"https:\/\/kohvieri.ee\/et\/wp-json\/wp\/v2\/media?parent=12940"}],"wp:term":[{"taxonomy":"product_brand","embeddable":true,"href":"https:\/\/kohvieri.ee\/et\/wp-json\/wp\/v2\/product_brand?post=12940"},{"taxonomy":"product_cat","embeddable":true,"href":"https:\/\/kohvieri.ee\/et\/wp-json\/wp\/v2\/product_cat?post=12940"},{"taxonomy":"product_tag","embeddable":true,"href":"https:\/\/kohvieri.ee\/et\/wp-json\/wp\/v2\/product_tag?post=12940"}],"curies":[{"name":"wp","href":"https:\/\/api.w.org\/{rel}","templated":true}]}}