{"id":14990,"date":"2025-01-14T12:26:20","date_gmt":"2025-01-14T12:26:20","guid":{"rendered":"https:\/\/kohvieri.ee\/?post_type=product&#038;p=14990"},"modified":"2026-04-04T14:29:36","modified_gmt":"2026-04-04T14:29:36","slug":"meestetee","status":"publish","type":"product","link":"https:\/\/kohvieri.ee\/et\/product\/meestetee\/","title":{"rendered":"Meestetee"},"content":{"rendered":"\t\t<div data-elementor-type=\"wp-post\" data-elementor-id=\"14990\" class=\"elementor elementor-14990\">\n\t\t\t\t<div class=\"elementor-element elementor-element-6ca78410 e-flex e-con-boxed e-con e-parent\" data-id=\"6ca78410\" data-element_type=\"container\" data-e-type=\"container\">\n\t\t\t\t\t<div class=\"e-con-inner\">\n\t\t<div class=\"elementor-element elementor-element-1f8a2bb e-con-full e-flex e-con e-child\" data-id=\"1f8a2bb\" data-element_type=\"container\" data-e-type=\"container\">\n\t\t\t\t<div class=\"elementor-element elementor-element-5f58f932 elementor-widget__width-initial e-transform elementor-position-top exad-sticky-section-no exad-glass-effect-no elementor-widget elementor-widget-image-box\" data-id=\"5f58f932\" data-element_type=\"widget\" data-e-type=\"widget\" data-settings=\"{&quot;_transform_translateX_effect&quot;:{&quot;unit&quot;:&quot;px&quot;,&quot;size&quot;:2,&quot;sizes&quot;:[]},&quot;_transform_translateY_effect&quot;:{&quot;unit&quot;:&quot;px&quot;,&quot;size&quot;:-9,&quot;sizes&quot;:[]},&quot;_transform_translateX_effect_tablet&quot;:{&quot;unit&quot;:&quot;px&quot;,&quot;size&quot;:&quot;&quot;,&quot;sizes&quot;:[]},&quot;_transform_translateX_effect_mobile&quot;:{&quot;unit&quot;:&quot;px&quot;,&quot;size&quot;:&quot;&quot;,&quot;sizes&quot;:[]},&quot;_transform_translateY_effect_tablet&quot;:{&quot;unit&quot;:&quot;px&quot;,&quot;size&quot;:&quot;&quot;,&quot;sizes&quot;:[]},&quot;_transform_translateY_effect_mobile&quot;:{&quot;unit&quot;:&quot;px&quot;,&quot;size&quot;:&quot;&quot;,&quot;sizes&quot;:[]}}\" data-widget_type=\"image-box.default\">\n\t\t\t\t<div class=\"elementor-widget-container\">\n\t\t\t\t\t<div class=\"elementor-image-box-wrapper\"><figure class=\"elementor-image-box-img\"><img fetchpriority=\"high\" decoding=\"async\" width=\"500\" height=\"500\" src=\"https:\/\/kohvieri.ee\/wp-content\/uploads\/2023\/08\/2gr.png\" class=\"attachment-1536x1536 size-1536x1536 wp-image-10475\" alt=\"\" srcset=\"https:\/\/kohvieri.ee\/wp-content\/uploads\/2023\/08\/2gr.png 500w, https:\/\/kohvieri.ee\/wp-content\/uploads\/2023\/08\/2gr-300x300.png 300w, https:\/\/kohvieri.ee\/wp-content\/uploads\/2023\/08\/2gr-150x150.png 150w, https:\/\/kohvieri.ee\/wp-content\/uploads\/2023\/08\/2gr-12x12.png 12w, https:\/\/kohvieri.ee\/wp-content\/uploads\/2023\/08\/2gr-100x100.png 100w\" sizes=\"(max-width: 500px) 100vw, 500px\" \/><\/figure><div class=\"elementor-image-box-content\"><h3 class=\"elementor-image-box-title\">2gr(1tl ) 200ml vee kohta.<\/h3><\/div><\/div>\t\t\t\t<\/div>\n\t\t\t\t<\/div>\n\t\t\t\t<\/div>\n\t\t<div class=\"elementor-element elementor-element-7bd89ba7 e-con-full e-flex e-con e-child\" data-id=\"7bd89ba7\" data-element_type=\"container\" data-e-type=\"container\">\n\t\t\t\t<div class=\"elementor-element elementor-element-594af00e e-transform elementor-position-top exad-sticky-section-no exad-glass-effect-no elementor-widget elementor-widget-image-box\" data-id=\"594af00e\" data-element_type=\"widget\" data-e-type=\"widget\" data-settings=\"{&quot;_transform_translateX_effect&quot;:{&quot;unit&quot;:&quot;px&quot;,&quot;size&quot;:-16,&quot;sizes&quot;:[]},&quot;_transform_translateY_effect&quot;:{&quot;unit&quot;:&quot;px&quot;,&quot;size&quot;:-1,&quot;sizes&quot;:[]},&quot;_transform_translateX_effect_tablet&quot;:{&quot;unit&quot;:&quot;px&quot;,&quot;size&quot;:&quot;&quot;,&quot;sizes&quot;:[]},&quot;_transform_translateX_effect_mobile&quot;:{&quot;unit&quot;:&quot;px&quot;,&quot;size&quot;:&quot;&quot;,&quot;sizes&quot;:[]},&quot;_transform_translateY_effect_tablet&quot;:{&quot;unit&quot;:&quot;px&quot;,&quot;size&quot;:&quot;&quot;,&quot;sizes&quot;:[]},&quot;_transform_translateY_effect_mobile&quot;:{&quot;unit&quot;:&quot;px&quot;,&quot;size&quot;:&quot;&quot;,&quot;sizes&quot;:[]}}\" data-widget_type=\"image-box.default\">\n\t\t\t\t<div class=\"elementor-widget-container\">\n\t\t\t\t\t<div class=\"elementor-image-box-wrapper\"><figure class=\"elementor-image-box-img\"><img decoding=\"async\" width=\"500\" height=\"500\" src=\"https:\/\/kohvieri.ee\/wp-content\/uploads\/2023\/07\/1ea3577b-2087-4362-b81b-93bdeafc1a84.png\" class=\"attachment-large size-large wp-image-8864\" alt=\"\" srcset=\"https:\/\/kohvieri.ee\/wp-content\/uploads\/2023\/07\/1ea3577b-2087-4362-b81b-93bdeafc1a84.png 500w, https:\/\/kohvieri.ee\/wp-content\/uploads\/2023\/07\/1ea3577b-2087-4362-b81b-93bdeafc1a84-300x300.png 300w, https:\/\/kohvieri.ee\/wp-content\/uploads\/2023\/07\/1ea3577b-2087-4362-b81b-93bdeafc1a84-150x150.png 150w, https:\/\/kohvieri.ee\/wp-content\/uploads\/2023\/07\/1ea3577b-2087-4362-b81b-93bdeafc1a84-12x12.png 12w, https:\/\/kohvieri.ee\/wp-content\/uploads\/2023\/07\/1ea3577b-2087-4362-b81b-93bdeafc1a84-100x100.png 100w\" sizes=\"(max-width: 500px) 100vw, 500px\" \/><\/figure><div class=\"elementor-image-box-content\"><h3 class=\"elementor-image-box-title\">100\u00b0C vee temperatuur<\/h3><\/div><\/div>\t\t\t\t<\/div>\n\t\t\t\t<\/div>\n\t\t\t\t<\/div>\n\t\t<div class=\"elementor-element elementor-element-68f894d7 e-con-full e-flex e-con e-child\" data-id=\"68f894d7\" data-element_type=\"container\" data-e-type=\"container\">\n\t\t\t\t<div class=\"elementor-element elementor-element-545a9ade e-transform elementor-position-top exad-sticky-section-no exad-glass-effect-no elementor-widget elementor-widget-image-box\" data-id=\"545a9ade\" data-element_type=\"widget\" data-e-type=\"widget\" data-settings=\"{&quot;_transform_translateY_effect&quot;:{&quot;unit&quot;:&quot;px&quot;,&quot;size&quot;:-11,&quot;sizes&quot;:[]},&quot;_transform_translateX_effect&quot;:{&quot;unit&quot;:&quot;px&quot;,&quot;size&quot;:&quot;&quot;,&quot;sizes&quot;:[]},&quot;_transform_translateX_effect_tablet&quot;:{&quot;unit&quot;:&quot;px&quot;,&quot;size&quot;:&quot;&quot;,&quot;sizes&quot;:[]},&quot;_transform_translateX_effect_mobile&quot;:{&quot;unit&quot;:&quot;px&quot;,&quot;size&quot;:&quot;&quot;,&quot;sizes&quot;:[]},&quot;_transform_translateY_effect_tablet&quot;:{&quot;unit&quot;:&quot;px&quot;,&quot;size&quot;:&quot;&quot;,&quot;sizes&quot;:[]},&quot;_transform_translateY_effect_mobile&quot;:{&quot;unit&quot;:&quot;px&quot;,&quot;size&quot;:&quot;&quot;,&quot;sizes&quot;:[]}}\" data-widget_type=\"image-box.default\">\n\t\t\t\t<div class=\"elementor-widget-container\">\n\t\t\t\t\t<div class=\"elementor-image-box-wrapper\"><figure class=\"elementor-image-box-img\"><img decoding=\"async\" width=\"500\" height=\"500\" src=\"https:\/\/kohvieri.ee\/wp-content\/uploads\/2023\/08\/8fdb532f-010a-4a34-a9c4-31e0471111d3.png\" class=\"attachment-full size-full wp-image-9016\" alt=\"\" srcset=\"https:\/\/kohvieri.ee\/wp-content\/uploads\/2023\/08\/8fdb532f-010a-4a34-a9c4-31e0471111d3.png 500w, https:\/\/kohvieri.ee\/wp-content\/uploads\/2023\/08\/8fdb532f-010a-4a34-a9c4-31e0471111d3-300x300.png 300w, https:\/\/kohvieri.ee\/wp-content\/uploads\/2023\/08\/8fdb532f-010a-4a34-a9c4-31e0471111d3-150x150.png 150w, https:\/\/kohvieri.ee\/wp-content\/uploads\/2023\/08\/8fdb532f-010a-4a34-a9c4-31e0471111d3-12x12.png 12w, https:\/\/kohvieri.ee\/wp-content\/uploads\/2023\/08\/8fdb532f-010a-4a34-a9c4-31e0471111d3-100x100.png 100w\" sizes=\"(max-width: 500px) 100vw, 500px\" \/><\/figure><div class=\"elementor-image-box-content\"><h3 class=\"elementor-image-box-title\">5-10 minutit valmimisaeg<\/h3><\/div><\/div>\t\t\t\t<\/div>\n\t\t\t\t<\/div>\n\t\t\t\t<\/div>\n\t\t\t\t\t<\/div>\n\t\t\t\t<\/div>\n\t\t\t\t<\/div>\n\t\t","protected":false},"excerpt":{"rendered":"<p>See segu on loodud iidsete traditsioonide j\u00e4rgi Ayurveda \u00f5petustest ja vastab k\u00f5igile taimetee ootustele. V\u00fcrtsikas -hapukas\u00a0, tugev \u00fcrdine noot on meeldivalt\u00a0oman\u00e4oline ja sobib kindlasti mitte ainult meestele, vaid ka \u00fclej\u00e4\u00e4nud perele. Selle tagab ingveri ja pipra\u00a0kerge\u00a0v\u00fcrtsikus. Huvitav kompositsioon!<\/p>\n<p>Koostisosad: \u00a0kaneelit\u00fckid, apteegitill, ingverit\u00fckid, rosmariinilehed, piparm\u00fcnt, salveilehed, kardemon, damiana lehed, lagritsajuured, jaanileivapuu, musta pipratera, nelk, sellerijuure t\u00fckid<\/p>\n<p><a href=\"https:\/\/kohvieri.ee\/et\/teedest\/\">Loe teedest rohkem<\/a><\/p>\n","protected":false},"featured_media":14994,"template":"","meta":{"_uag_custom_page_level_css":"","site-sidebar-layout":"default","site-content-layout":"default","ast-site-content-layout":"default","site-content-style":"default","site-sidebar-style":"default","ast-global-header-display":"","ast-banner-title-visibility":"","ast-main-header-display":"","ast-hfb-above-header-display":"","ast-hfb-below-header-display":"","ast-hfb-mobile-header-display":"","site-post-title":"","ast-breadcrumbs-content":"","ast-featured-img":"","footer-sml-layout":"","ast-disable-related-posts":"","theme-transparent-header-meta":"default","adv-header-id-meta":"","stick-header-meta":"default","header-above-stick-meta":"","header-main-stick-meta":"","header-below-stick-meta":"","astra-migrate-meta-layouts":"set","ast-page-background-enabled":"default","ast-page-background-meta":{"desktop":{"background-color":"var(--ast-global-color-4)","background-image":"","background-repeat":"repeat","background-position":"center center","background-size":"auto","background-attachment":"scroll","background-type":"","background-media":"","overlay-type":"","overlay-color":"","overlay-opacity":"","overlay-gradient":""},"tablet":{"background-color":"","background-image":"","background-repeat":"repeat","background-position":"center center","background-size":"auto","background-attachment":"scroll","background-type":"","background-media":"","overlay-type":"","overlay-color":"","overlay-opacity":"","overlay-gradient":""},"mobile":{"background-color":"","background-image":"","background-repeat":"repeat","background-position":"center center","background-size":"auto","background-attachment":"scroll","background-type":"","background-media":"","overlay-type":"","overlay-color":"","overlay-opacity":"","overlay-gradient":""}},"ast-content-background-meta":{"desktop":{"background-color":"var(--ast-global-color-5)","background-image":"","background-repeat":"repeat","background-position":"center center","background-size":"auto","background-attachment":"scroll","background-type":"","background-media":"","overlay-type":"","overlay-color":"","overlay-opacity":"","overlay-gradient":""},"tablet":{"background-color":"var(--ast-global-color-5)","background-image":"","background-repeat":"repeat","background-position":"center center","background-size":"auto","background-attachment":"scroll","background-type":"","background-media":"","overlay-type":"","overlay-color":"","overlay-opacity":"","overlay-gradient":""},"mobile":{"background-color":"var(--ast-global-color-5)","background-image":"","background-repeat":"repeat","background-position":"center center","background-size":"auto","background-attachment":"scroll","background-type":"","background-media":"","overlay-type":"","overlay-color":"","overlay-opacity":"","overlay-gradient":""}}},"product_brand":[],"product_cat":[106,47],"product_tag":[228,319,317,321,139,181,320,322,140,180,318,247,323],"class_list":{"0":"post-14990","1":"product","2":"type-product","3":"status-publish","4":"has-post-thumbnail","6":"product_cat-taimetee-mate","7":"product_cat-teed","8":"product_tag-apteegitill","9":"product_tag-damiana-lehed","10":"product_tag-ingveri","11":"product_tag-jaanileivapuu","12":"product_tag-kaneel","13":"product_tag-kardemon","14":"product_tag-lagrits","15":"product_tag-musta-pipar","16":"product_tag-nelk","17":"product_tag-piparmunt","18":"product_tag-rosmariin","19":"product_tag-salvei","20":"product_tag-sellerijuur","21":"desktop-align-center","22":"tablet-align-left","23":"mobile-align-left","25":"first","26":"instock","27":"taxable","28":"shipping-taxable","29":"purchasable","30":"product-type-variable"},"yoast_head":"<!-- This site is optimized with the Yoast SEO plugin v27.5 - https:\/\/yoast.com\/product\/yoast-seo-wordpress\/ -->\n<title>Meestetee - Kohvieri<\/title>\n<meta name=\"robots\" content=\"index, follow, max-snippet:-1, max-image-preview:large, max-video-preview:-1\" \/>\n<link rel=\"canonical\" href=\"https:\/\/kohvieri.ee\/et\/product\/meestetee\/\" \/>\n<meta property=\"og:locale\" content=\"et_EE\" \/>\n<meta property=\"og:type\" content=\"article\" \/>\n<meta property=\"og:title\" content=\"Meestetee - Kohvieri\" \/>\n<meta property=\"og:description\" content=\"See segu on loodud iidsete traditsioonide j\u00e4rgi Ayurveda \u00f5petustest ja vastab k\u00f5igile taimetee ootustele. V\u00fcrtsikas -hapukas\u00a0, tugev \u00fcrdine noot on meeldivalt\u00a0oman\u00e4oline ja sobib kindlasti mitte ainult meestele, vaid ka \u00fclej\u00e4\u00e4nud perele. Selle tagab ingveri ja pipra\u00a0kerge\u00a0v\u00fcrtsikus. Huvitav kompositsioon!  Koostisosad: \u00a0kaneelit\u00fckid, apteegitill, ingverit\u00fckid, rosmariinilehed, piparm\u00fcnt, salveilehed, kardemon, damiana lehed, lagritsajuured, jaanileivapuu, musta pipratera, nelk, sellerijuure t\u00fckid  Loe teedest rohkem\" \/>\n<meta property=\"og:url\" content=\"https:\/\/kohvieri.ee\/et\/product\/meestetee\/\" \/>\n<meta property=\"og:site_name\" content=\"Kohvieri\" \/>\n<meta property=\"article:publisher\" content=\"https:\/\/www.facebook.com\/kohvieri\" \/>\n<meta property=\"article:modified_time\" content=\"2026-04-04T14:29:36+00:00\" \/>\n<meta property=\"og:image\" content=\"https:\/\/kohvieri.ee\/wp-content\/uploads\/2025\/01\/meeste-tee.png\" \/>\n\t<meta property=\"og:image:width\" content=\"600\" \/>\n\t<meta property=\"og:image:height\" content=\"600\" \/>\n\t<meta property=\"og:image:type\" content=\"image\/png\" \/>\n<meta name=\"twitter:card\" content=\"summary_large_image\" \/>\n<meta name=\"twitter:label1\" content=\"Est. reading time\" \/>\n\t<meta name=\"twitter:data1\" content=\"1 minut\" \/>\n<script type=\"application\/ld+json\" class=\"yoast-schema-graph\">{\"@context\":\"https:\\\/\\\/schema.org\",\"@graph\":[{\"@type\":\"WebPage\",\"@id\":\"https:\\\/\\\/kohvieri.ee\\\/product\\\/meestetee\\\/\",\"url\":\"https:\\\/\\\/kohvieri.ee\\\/product\\\/meestetee\\\/\",\"name\":\"Meestetee - Kohvieri\",\"isPartOf\":{\"@id\":\"https:\\\/\\\/kohvieri.ee\\\/et\\\/#website\"},\"primaryImageOfPage\":{\"@id\":\"https:\\\/\\\/kohvieri.ee\\\/product\\\/meestetee\\\/#primaryimage\"},\"image\":{\"@id\":\"https:\\\/\\\/kohvieri.ee\\\/product\\\/meestetee\\\/#primaryimage\"},\"thumbnailUrl\":\"https:\\\/\\\/kohvieri.ee\\\/wp-content\\\/uploads\\\/2025\\\/01\\\/meeste-tee.png\",\"datePublished\":\"2025-01-14T12:26:20+00:00\",\"dateModified\":\"2026-04-04T14:29:36+00:00\",\"breadcrumb\":{\"@id\":\"https:\\\/\\\/kohvieri.ee\\\/product\\\/meestetee\\\/#breadcrumb\"},\"inLanguage\":\"et\",\"potentialAction\":[{\"@type\":\"ReadAction\",\"target\":[\"https:\\\/\\\/kohvieri.ee\\\/product\\\/meestetee\\\/\"]}]},{\"@type\":\"ImageObject\",\"inLanguage\":\"et\",\"@id\":\"https:\\\/\\\/kohvieri.ee\\\/product\\\/meestetee\\\/#primaryimage\",\"url\":\"https:\\\/\\\/kohvieri.ee\\\/wp-content\\\/uploads\\\/2025\\\/01\\\/meeste-tee.png\",\"contentUrl\":\"https:\\\/\\\/kohvieri.ee\\\/wp-content\\\/uploads\\\/2025\\\/01\\\/meeste-tee.png\",\"width\":600,\"height\":600,\"caption\":\"meestetee\"},{\"@type\":\"BreadcrumbList\",\"@id\":\"https:\\\/\\\/kohvieri.ee\\\/product\\\/meestetee\\\/#breadcrumb\",\"itemListElement\":[{\"@type\":\"ListItem\",\"position\":1,\"name\":\"Home\",\"item\":\"https:\\\/\\\/kohvieri.ee\\\/et\\\/\"},{\"@type\":\"ListItem\",\"position\":2,\"name\":\"E-pood\",\"item\":\"https:\\\/\\\/kohvieri.ee\\\/et\\\/e-pood\\\/\"},{\"@type\":\"ListItem\",\"position\":3,\"name\":\"Meestetee\"}]},{\"@type\":\"WebSite\",\"@id\":\"https:\\\/\\\/kohvieri.ee\\\/et\\\/#website\",\"url\":\"https:\\\/\\\/kohvieri.ee\\\/et\\\/\",\"name\":\"Kohvieri\",\"description\":\"Kohvi - ja teepood\",\"publisher\":{\"@id\":\"https:\\\/\\\/kohvieri.ee\\\/et\\\/#organization\"},\"potentialAction\":[{\"@type\":\"SearchAction\",\"target\":{\"@type\":\"EntryPoint\",\"urlTemplate\":\"https:\\\/\\\/kohvieri.ee\\\/et\\\/?s={search_term_string}\"},\"query-input\":{\"@type\":\"PropertyValueSpecification\",\"valueRequired\":true,\"valueName\":\"search_term_string\"}}],\"inLanguage\":\"et\"},{\"@type\":\"Organization\",\"@id\":\"https:\\\/\\\/kohvieri.ee\\\/et\\\/#organization\",\"name\":\"Kohvieri\",\"url\":\"https:\\\/\\\/kohvieri.ee\\\/et\\\/\",\"logo\":{\"@type\":\"ImageObject\",\"inLanguage\":\"et\",\"@id\":\"https:\\\/\\\/kohvieri.ee\\\/et\\\/#\\\/schema\\\/logo\\\/image\\\/\",\"url\":\"https:\\\/\\\/kohvieri.ee\\\/wp-content\\\/uploads\\\/2023\\\/07\\\/07cd6507-9210-4922-a9ff-55a59759ce72-e1689614757153.png\",\"contentUrl\":\"https:\\\/\\\/kohvieri.ee\\\/wp-content\\\/uploads\\\/2023\\\/07\\\/07cd6507-9210-4922-a9ff-55a59759ce72-e1689614757153.png\",\"width\":945,\"height\":318,\"caption\":\" Kohvieri\"},\"image\":{\"@id\":\"https:\\\/\\\/kohvieri.ee\\\/et\\\/#\\\/schema\\\/logo\\\/image\\\/\"},\"sameAs\":[\"https:\\\/\\\/www.facebook.com\\\/kohvieri\",\"https:\\\/\\\/www.instagram.com\\\/kohvieripood\"]}]}<\/script>\n<!-- \/ Yoast SEO plugin. -->","yoast_head_json":{"title":"Meestetee - Kohvieri","robots":{"index":"index","follow":"follow","max-snippet":"max-snippet:-1","max-image-preview":"max-image-preview:large","max-video-preview":"max-video-preview:-1"},"canonical":"https:\/\/kohvieri.ee\/et\/product\/meestetee\/","og_locale":"et_EE","og_type":"article","og_title":"Meestetee - Kohvieri","og_description":"See segu on loodud iidsete traditsioonide j\u00e4rgi Ayurveda \u00f5petustest ja vastab k\u00f5igile taimetee ootustele. V\u00fcrtsikas -hapukas\u00a0, tugev \u00fcrdine noot on meeldivalt\u00a0oman\u00e4oline ja sobib kindlasti mitte ainult meestele, vaid ka \u00fclej\u00e4\u00e4nud perele. Selle tagab ingveri ja pipra\u00a0kerge\u00a0v\u00fcrtsikus. Huvitav kompositsioon!  Koostisosad: \u00a0kaneelit\u00fckid, apteegitill, ingverit\u00fckid, rosmariinilehed, piparm\u00fcnt, salveilehed, kardemon, damiana lehed, lagritsajuured, jaanileivapuu, musta pipratera, nelk, sellerijuure t\u00fckid  Loe teedest rohkem","og_url":"https:\/\/kohvieri.ee\/et\/product\/meestetee\/","og_site_name":"Kohvieri","article_publisher":"https:\/\/www.facebook.com\/kohvieri","article_modified_time":"2026-04-04T14:29:36+00:00","og_image":[{"width":600,"height":600,"url":"https:\/\/kohvieri.ee\/wp-content\/uploads\/2025\/01\/meeste-tee.png","type":"image\/png"}],"twitter_card":"summary_large_image","twitter_misc":{"Est. reading time":"1 minut"},"schema":{"@context":"https:\/\/schema.org","@graph":[{"@type":"WebPage","@id":"https:\/\/kohvieri.ee\/product\/meestetee\/","url":"https:\/\/kohvieri.ee\/product\/meestetee\/","name":"Meestetee - Kohvieri","isPartOf":{"@id":"https:\/\/kohvieri.ee\/et\/#website"},"primaryImageOfPage":{"@id":"https:\/\/kohvieri.ee\/product\/meestetee\/#primaryimage"},"image":{"@id":"https:\/\/kohvieri.ee\/product\/meestetee\/#primaryimage"},"thumbnailUrl":"https:\/\/kohvieri.ee\/wp-content\/uploads\/2025\/01\/meeste-tee.png","datePublished":"2025-01-14T12:26:20+00:00","dateModified":"2026-04-04T14:29:36+00:00","breadcrumb":{"@id":"https:\/\/kohvieri.ee\/product\/meestetee\/#breadcrumb"},"inLanguage":"et","potentialAction":[{"@type":"ReadAction","target":["https:\/\/kohvieri.ee\/product\/meestetee\/"]}]},{"@type":"ImageObject","inLanguage":"et","@id":"https:\/\/kohvieri.ee\/product\/meestetee\/#primaryimage","url":"https:\/\/kohvieri.ee\/wp-content\/uploads\/2025\/01\/meeste-tee.png","contentUrl":"https:\/\/kohvieri.ee\/wp-content\/uploads\/2025\/01\/meeste-tee.png","width":600,"height":600,"caption":"meestetee"},{"@type":"BreadcrumbList","@id":"https:\/\/kohvieri.ee\/product\/meestetee\/#breadcrumb","itemListElement":[{"@type":"ListItem","position":1,"name":"Home","item":"https:\/\/kohvieri.ee\/et\/"},{"@type":"ListItem","position":2,"name":"E-pood","item":"https:\/\/kohvieri.ee\/et\/e-pood\/"},{"@type":"ListItem","position":3,"name":"Meestetee"}]},{"@type":"WebSite","@id":"https:\/\/kohvieri.ee\/et\/#website","url":"https:\/\/kohvieri.ee\/et\/","name":"Kohvieri","description":"Kohvi - ja teepood","publisher":{"@id":"https:\/\/kohvieri.ee\/et\/#organization"},"potentialAction":[{"@type":"SearchAction","target":{"@type":"EntryPoint","urlTemplate":"https:\/\/kohvieri.ee\/et\/?s={search_term_string}"},"query-input":{"@type":"PropertyValueSpecification","valueRequired":true,"valueName":"search_term_string"}}],"inLanguage":"et"},{"@type":"Organization","@id":"https:\/\/kohvieri.ee\/et\/#organization","name":"Kohvieri","url":"https:\/\/kohvieri.ee\/et\/","logo":{"@type":"ImageObject","inLanguage":"et","@id":"https:\/\/kohvieri.ee\/et\/#\/schema\/logo\/image\/","url":"https:\/\/kohvieri.ee\/wp-content\/uploads\/2023\/07\/07cd6507-9210-4922-a9ff-55a59759ce72-e1689614757153.png","contentUrl":"https:\/\/kohvieri.ee\/wp-content\/uploads\/2023\/07\/07cd6507-9210-4922-a9ff-55a59759ce72-e1689614757153.png","width":945,"height":318,"caption":" Kohvieri"},"image":{"@id":"https:\/\/kohvieri.ee\/et\/#\/schema\/logo\/image\/"},"sameAs":["https:\/\/www.facebook.com\/kohvieri","https:\/\/www.instagram.com\/kohvieripood"]}]}},"uagb_featured_image_src":{"full":["https:\/\/kohvieri.ee\/wp-content\/uploads\/2025\/01\/meeste-tee.png",600,600,false],"thumbnail":["https:\/\/kohvieri.ee\/wp-content\/uploads\/2025\/01\/meeste-tee-150x150.png",150,150,true],"medium":["https:\/\/kohvieri.ee\/wp-content\/uploads\/2025\/01\/meeste-tee-300x300.png",300,300,true],"medium_large":["https:\/\/kohvieri.ee\/wp-content\/uploads\/2025\/01\/meeste-tee.png",600,600,false],"large":["https:\/\/kohvieri.ee\/wp-content\/uploads\/2025\/01\/meeste-tee.png",600,600,false],"1536x1536":["https:\/\/kohvieri.ee\/wp-content\/uploads\/2025\/01\/meeste-tee.png",600,600,false],"2048x2048":["https:\/\/kohvieri.ee\/wp-content\/uploads\/2025\/01\/meeste-tee.png",600,600,false],"trp-custom-language-flag":["https:\/\/kohvieri.ee\/wp-content\/uploads\/2025\/01\/meeste-tee-12x12.png",12,12,true],"woocommerce_thumbnail":["https:\/\/kohvieri.ee\/wp-content\/uploads\/2025\/01\/meeste-tee-300x300.png",300,300,true],"woocommerce_single":["https:\/\/kohvieri.ee\/wp-content\/uploads\/2025\/01\/meeste-tee.png",600,600,false],"woocommerce_gallery_thumbnail":["https:\/\/kohvieri.ee\/wp-content\/uploads\/2025\/01\/meeste-tee-100x100.png",100,100,true]},"uagb_author_info":{"display_name":"Kohvieri","author_link":"https:\/\/kohvieri.ee\/et\/author\/"},"uagb_comment_info":0,"uagb_excerpt":"See segu on loodud iidsete traditsioonide j\u00e4rgi Ayurveda \u00f5petustest ja vastab k\u00f5igile taimetee ootustele. V\u00fcrtsikas -hapukas\u00a0, tugev \u00fcrdine noot on meeldivalt\u00a0oman\u00e4oline ja sobib kindlasti mitte ainult meestele, vaid ka \u00fclej\u00e4\u00e4nud perele. Selle tagab ingveri ja pipra\u00a0kerge\u00a0v\u00fcrtsikus. Huvitav kompositsioon! Koostisosad: \u00a0kaneelit\u00fckid, apteegitill, ingverit\u00fckid, rosmariinilehed, piparm\u00fcnt, salveilehed, kardemon, damiana lehed, lagritsajuured, jaanileivapuu, musta pipratera, nelk, sellerijuure t\u00fckid&hellip;","jetpack_sharing_enabled":true,"_links":{"self":[{"href":"https:\/\/kohvieri.ee\/et\/wp-json\/wp\/v2\/product\/14990","targetHints":{"allow":["GET"]}}],"collection":[{"href":"https:\/\/kohvieri.ee\/et\/wp-json\/wp\/v2\/product"}],"about":[{"href":"https:\/\/kohvieri.ee\/et\/wp-json\/wp\/v2\/types\/product"}],"version-history":[{"count":5,"href":"https:\/\/kohvieri.ee\/et\/wp-json\/wp\/v2\/product\/14990\/revisions"}],"predecessor-version":[{"id":14999,"href":"https:\/\/kohvieri.ee\/et\/wp-json\/wp\/v2\/product\/14990\/revisions\/14999"}],"wp:featuredmedia":[{"embeddable":true,"href":"https:\/\/kohvieri.ee\/et\/wp-json\/wp\/v2\/media\/14994"}],"wp:attachment":[{"href":"https:\/\/kohvieri.ee\/et\/wp-json\/wp\/v2\/media?parent=14990"}],"wp:term":[{"taxonomy":"product_brand","embeddable":true,"href":"https:\/\/kohvieri.ee\/et\/wp-json\/wp\/v2\/product_brand?post=14990"},{"taxonomy":"product_cat","embeddable":true,"href":"https:\/\/kohvieri.ee\/et\/wp-json\/wp\/v2\/product_cat?post=14990"},{"taxonomy":"product_tag","embeddable":true,"href":"https:\/\/kohvieri.ee\/et\/wp-json\/wp\/v2\/product_tag?post=14990"}],"curies":[{"name":"wp","href":"https:\/\/api.w.org\/{rel}","templated":true}]}}