{"id":15141,"date":"2025-03-12T18:54:34","date_gmt":"2025-03-12T18:54:34","guid":{"rendered":"https:\/\/kohvieri.ee\/?post_type=product&#038;p=15141"},"modified":"2025-03-12T19:02:13","modified_gmt":"2025-03-12T19:02:13","slug":"weis-malmist-teekann-1-7l","status":"publish","type":"product","link":"https:\/\/kohvieri.ee\/et\/product\/weis-malmist-teekann-1-7l\/","title":{"rendered":"Weis malmist teekann 1.7l"},"content":{"rendered":"\t\t<div data-elementor-type=\"wp-post\" data-elementor-id=\"15141\" class=\"elementor elementor-15141\">\n\t\t\t\t<div class=\"elementor-element elementor-element-8006cfb e-flex e-con-boxed e-con e-parent\" data-id=\"8006cfb\" data-element_type=\"container\" data-e-type=\"container\">\n\t\t\t\t\t<div class=\"e-con-inner\">\n\t\t\t\t\t<\/div>\n\t\t\t\t<\/div>\n\t\t\t\t<\/div>\n\t\t","protected":false},"excerpt":{"rendered":"<ul>\n<li id=\"tw-target-text\" class=\"tw-data-text tw-text-large tw-ta\" dir=\"ltr\" data-placeholder=\"T\u00f5lge\">peene roostevabast terasest teefiltriga<\/li>\n<li class=\"tw-data-text tw-text-large tw-ta\" dir=\"ltr\" data-placeholder=\"T\u00f5lge\">malmist libisemis- ja kriimustuskindlate jalgadega kuumaalus<\/li>\n<li class=\"tw-data-text tw-text-large tw-ta\" dir=\"ltr\" data-placeholder=\"T\u00f5lge\">ruumis\u00e4\u00e4stlik t\u00e4nu p\u00f6\u00f6ratavale k\u00e4epidemele<\/li>\n<li class=\"tw-data-text tw-text-large tw-ta\" dir=\"ltr\" data-placeholder=\"T\u00f5lge\">hea soojapidavus<\/li>\n<li class=\"tw-data-text tw-text-large tw-ta\" dir=\"ltr\" data-placeholder=\"T\u00f5lge\"><span style=\"font-size: 16px;\">viimistletud t\u00e4ieliku sisemise emailiga<\/span><\/li>\n<li dir=\"ltr\" data-placeholder=\"T\u00f5lge\">vastupidav ja kindel disain<\/li>\n<li class=\"base-info--entry entry--length\">pikkus<strong class=\"entry--label\">:<\/strong>\u00a0<span class=\"entry--content\">19 cm<\/span><\/li>\n<li class=\"base-info--entry entry--width\">laius:\u00a0<span class=\"entry--content\">22cm<\/span><\/li>\n<li class=\"base-info--entry entry--height\">k\u00f5rgus: <span class=\"entry--content\">21 cm<\/span><\/li>\n<\/ul>\n<p>&nbsp;<\/p>\n<p><span style=\"font-size: 16px;\">P\u00e4ritolumaa: Saksamaa<\/span><\/p>\n<p><a href=\"https:\/\/kohvieri.ee\/teekannud\/\">Loe rohkem teekannudest<\/a><\/p>\n<div>\n<p>&nbsp;<\/p>\n<\/div>\n","protected":false},"featured_media":15142,"template":"","meta":{"_uag_custom_page_level_css":"","site-sidebar-layout":"no-sidebar","site-content-layout":"plain-container","ast-site-content-layout":"normal-width-container","site-content-style":"unboxed","site-sidebar-style":"unboxed","ast-global-header-display":"","ast-banner-title-visibility":"","ast-main-header-display":"","ast-hfb-above-header-display":"","ast-hfb-below-header-display":"","ast-hfb-mobile-header-display":"","site-post-title":"disabled","ast-breadcrumbs-content":"","ast-featured-img":"disabled","footer-sml-layout":"","ast-disable-related-posts":"","theme-transparent-header-meta":"default","adv-header-id-meta":"","stick-header-meta":"default","header-above-stick-meta":"","header-main-stick-meta":"","header-below-stick-meta":"","astra-migrate-meta-layouts":"set","ast-page-background-enabled":"default","ast-page-background-meta":{"desktop":{"background-color":"var(--ast-global-color-4)","background-image":"","background-repeat":"repeat","background-position":"center center","background-size":"auto","background-attachment":"scroll","background-type":"","background-media":"","overlay-type":"","overlay-color":"","overlay-opacity":"","overlay-gradient":""},"tablet":{"background-color":"","background-image":"","background-repeat":"repeat","background-position":"center center","background-size":"auto","background-attachment":"scroll","background-type":"","background-media":"","overlay-type":"","overlay-color":"","overlay-opacity":"","overlay-gradient":""},"mobile":{"background-color":"","background-image":"","background-repeat":"repeat","background-position":"center center","background-size":"auto","background-attachment":"scroll","background-type":"","background-media":"","overlay-type":"","overlay-color":"","overlay-opacity":"","overlay-gradient":""}},"ast-content-background-meta":{"desktop":{"background-color":"var(--ast-global-color-5)","background-image":"","background-repeat":"repeat","background-position":"center center","background-size":"auto","background-attachment":"scroll","background-type":"","background-media":"","overlay-type":"","overlay-color":"","overlay-opacity":"","overlay-gradient":""},"tablet":{"background-color":"var(--ast-global-color-5)","background-image":"","background-repeat":"repeat","background-position":"center center","background-size":"auto","background-attachment":"scroll","background-type":"","background-media":"","overlay-type":"","overlay-color":"","overlay-opacity":"","overlay-gradient":""},"mobile":{"background-color":"var(--ast-global-color-5)","background-image":"","background-repeat":"repeat","background-position":"center center","background-size":"auto","background-attachment":"scroll","background-type":"","background-media":"","overlay-type":"","overlay-color":"","overlay-opacity":"","overlay-gradient":""}}},"product_brand":[],"product_cat":[49,15],"product_tag":[159,158],"class_list":{"0":"post-15141","1":"product","2":"type-product","3":"status-publish","4":"has-post-thumbnail","6":"product_cat-tarvikud","7":"product_cat-teekannud","8":"product_tag-alus","9":"product_tag-malm","10":"desktop-align-center","11":"tablet-align-left","12":"mobile-align-left","14":"first","15":"instock","16":"taxable","17":"shipping-taxable","18":"purchasable","19":"product-type-simple"},"yoast_head":"<!-- This site is optimized with the Yoast SEO plugin v27.5 - https:\/\/yoast.com\/product\/yoast-seo-wordpress\/ -->\n<title>Weis malmist teekann 1.7l - Kohvieri<\/title>\n<meta name=\"description\" content=\"Weis malmist teekann 1.7l on klassikaline ja vastupidav teekann, mis sobib ideaalselt tee valmistamiseks ja serveerimiseks.\" \/>\n<meta name=\"robots\" content=\"index, follow, max-snippet:-1, max-image-preview:large, max-video-preview:-1\" \/>\n<link rel=\"canonical\" href=\"https:\/\/kohvieri.ee\/et\/product\/weis-malmist-teekann-1-7l\/\" \/>\n<meta property=\"og:locale\" content=\"et_EE\" \/>\n<meta property=\"og:type\" content=\"article\" \/>\n<meta property=\"og:title\" content=\"Weis malmist teekann 1.7l - Kohvieri\" \/>\n<meta property=\"og:description\" content=\"Weis malmist teekann 1.7l on klassikaline ja vastupidav teekann, mis sobib ideaalselt tee valmistamiseks ja serveerimiseks.\" \/>\n<meta property=\"og:url\" content=\"https:\/\/kohvieri.ee\/et\/product\/weis-malmist-teekann-1-7l\/\" \/>\n<meta property=\"og:site_name\" content=\"Kohvieri\" \/>\n<meta property=\"article:publisher\" content=\"https:\/\/www.facebook.com\/kohvieri\" \/>\n<meta property=\"article:modified_time\" content=\"2025-03-12T19:02:13+00:00\" \/>\n<meta name=\"twitter:card\" content=\"summary_large_image\" \/>\n<meta name=\"twitter:label1\" content=\"Est. reading time\" \/>\n\t<meta name=\"twitter:data1\" content=\"1 minut\" \/>\n<script type=\"application\/ld+json\" class=\"yoast-schema-graph\">{\"@context\":\"https:\\\/\\\/schema.org\",\"@graph\":[{\"@type\":\"WebPage\",\"@id\":\"https:\\\/\\\/kohvieri.ee\\\/et\\\/product\\\/weis-malmist-teekann-1-7l\\\/\",\"url\":\"https:\\\/\\\/kohvieri.ee\\\/et\\\/product\\\/weis-malmist-teekann-1-7l\\\/\",\"name\":\"Weis malmist teekann 1.7l - Kohvieri\",\"isPartOf\":{\"@id\":\"https:\\\/\\\/kohvieri.ee\\\/et\\\/#website\"},\"primaryImageOfPage\":{\"@id\":\"https:\\\/\\\/kohvieri.ee\\\/et\\\/product\\\/weis-malmist-teekann-1-7l\\\/#primaryimage\"},\"image\":{\"@id\":\"https:\\\/\\\/kohvieri.ee\\\/et\\\/product\\\/weis-malmist-teekann-1-7l\\\/#primaryimage\"},\"thumbnailUrl\":\"https:\\\/\\\/kohvieri.ee\\\/wp-content\\\/uploads\\\/2025\\\/03\\\/malmkann17l.avif\",\"datePublished\":\"2025-03-12T18:54:34+00:00\",\"dateModified\":\"2025-03-12T19:02:13+00:00\",\"description\":\"Weis malmist teekann 1.7l on klassikaline ja vastupidav teekann, mis sobib ideaalselt tee valmistamiseks ja serveerimiseks.\",\"breadcrumb\":{\"@id\":\"https:\\\/\\\/kohvieri.ee\\\/et\\\/product\\\/weis-malmist-teekann-1-7l\\\/#breadcrumb\"},\"inLanguage\":\"et\",\"potentialAction\":[{\"@type\":\"ReadAction\",\"target\":[\"https:\\\/\\\/kohvieri.ee\\\/et\\\/product\\\/weis-malmist-teekann-1-7l\\\/\"]}]},{\"@type\":\"ImageObject\",\"inLanguage\":\"et\",\"@id\":\"https:\\\/\\\/kohvieri.ee\\\/et\\\/product\\\/weis-malmist-teekann-1-7l\\\/#primaryimage\",\"url\":\"https:\\\/\\\/kohvieri.ee\\\/wp-content\\\/uploads\\\/2025\\\/03\\\/malmkann17l.avif\",\"contentUrl\":\"https:\\\/\\\/kohvieri.ee\\\/wp-content\\\/uploads\\\/2025\\\/03\\\/malmkann17l.avif\",\"width\":1200,\"height\":800,\"caption\":\"malmkann 1,7l\"},{\"@type\":\"BreadcrumbList\",\"@id\":\"https:\\\/\\\/kohvieri.ee\\\/et\\\/product\\\/weis-malmist-teekann-1-7l\\\/#breadcrumb\",\"itemListElement\":[{\"@type\":\"ListItem\",\"position\":1,\"name\":\"Home\",\"item\":\"https:\\\/\\\/kohvieri.ee\\\/et\\\/\"},{\"@type\":\"ListItem\",\"position\":2,\"name\":\"E-pood\",\"item\":\"https:\\\/\\\/kohvieri.ee\\\/et\\\/e-pood\\\/\"},{\"@type\":\"ListItem\",\"position\":3,\"name\":\"Weis malmist teekann 1.7l\"}]},{\"@type\":\"WebSite\",\"@id\":\"https:\\\/\\\/kohvieri.ee\\\/et\\\/#website\",\"url\":\"https:\\\/\\\/kohvieri.ee\\\/et\\\/\",\"name\":\"Kohvieri\",\"description\":\"Kohvi - ja teepood\",\"publisher\":{\"@id\":\"https:\\\/\\\/kohvieri.ee\\\/et\\\/#organization\"},\"potentialAction\":[{\"@type\":\"SearchAction\",\"target\":{\"@type\":\"EntryPoint\",\"urlTemplate\":\"https:\\\/\\\/kohvieri.ee\\\/et\\\/?s={search_term_string}\"},\"query-input\":{\"@type\":\"PropertyValueSpecification\",\"valueRequired\":true,\"valueName\":\"search_term_string\"}}],\"inLanguage\":\"et\"},{\"@type\":\"Organization\",\"@id\":\"https:\\\/\\\/kohvieri.ee\\\/et\\\/#organization\",\"name\":\"Kohvieri\",\"url\":\"https:\\\/\\\/kohvieri.ee\\\/et\\\/\",\"logo\":{\"@type\":\"ImageObject\",\"inLanguage\":\"et\",\"@id\":\"https:\\\/\\\/kohvieri.ee\\\/et\\\/#\\\/schema\\\/logo\\\/image\\\/\",\"url\":\"https:\\\/\\\/kohvieri.ee\\\/wp-content\\\/uploads\\\/2023\\\/07\\\/07cd6507-9210-4922-a9ff-55a59759ce72-e1689614757153.png\",\"contentUrl\":\"https:\\\/\\\/kohvieri.ee\\\/wp-content\\\/uploads\\\/2023\\\/07\\\/07cd6507-9210-4922-a9ff-55a59759ce72-e1689614757153.png\",\"width\":945,\"height\":318,\"caption\":\" Kohvieri\"},\"image\":{\"@id\":\"https:\\\/\\\/kohvieri.ee\\\/et\\\/#\\\/schema\\\/logo\\\/image\\\/\"},\"sameAs\":[\"https:\\\/\\\/www.facebook.com\\\/kohvieri\",\"https:\\\/\\\/www.instagram.com\\\/kohvieripood\"]}]}<\/script>\n<!-- \/ Yoast SEO plugin. -->","yoast_head_json":{"title":"Weis malmist teekann 1.7l - Kohvieri","description":"Weis malmist teekann 1.7l on klassikaline ja vastupidav teekann, mis sobib ideaalselt tee valmistamiseks ja serveerimiseks.","robots":{"index":"index","follow":"follow","max-snippet":"max-snippet:-1","max-image-preview":"max-image-preview:large","max-video-preview":"max-video-preview:-1"},"canonical":"https:\/\/kohvieri.ee\/et\/product\/weis-malmist-teekann-1-7l\/","og_locale":"et_EE","og_type":"article","og_title":"Weis malmist teekann 1.7l - Kohvieri","og_description":"Weis malmist teekann 1.7l on klassikaline ja vastupidav teekann, mis sobib ideaalselt tee valmistamiseks ja serveerimiseks.","og_url":"https:\/\/kohvieri.ee\/et\/product\/weis-malmist-teekann-1-7l\/","og_site_name":"Kohvieri","article_publisher":"https:\/\/www.facebook.com\/kohvieri","article_modified_time":"2025-03-12T19:02:13+00:00","twitter_card":"summary_large_image","twitter_misc":{"Est. reading time":"1 minut"},"schema":{"@context":"https:\/\/schema.org","@graph":[{"@type":"WebPage","@id":"https:\/\/kohvieri.ee\/et\/product\/weis-malmist-teekann-1-7l\/","url":"https:\/\/kohvieri.ee\/et\/product\/weis-malmist-teekann-1-7l\/","name":"Weis malmist teekann 1.7l - Kohvieri","isPartOf":{"@id":"https:\/\/kohvieri.ee\/et\/#website"},"primaryImageOfPage":{"@id":"https:\/\/kohvieri.ee\/et\/product\/weis-malmist-teekann-1-7l\/#primaryimage"},"image":{"@id":"https:\/\/kohvieri.ee\/et\/product\/weis-malmist-teekann-1-7l\/#primaryimage"},"thumbnailUrl":"https:\/\/kohvieri.ee\/wp-content\/uploads\/2025\/03\/malmkann17l.avif","datePublished":"2025-03-12T18:54:34+00:00","dateModified":"2025-03-12T19:02:13+00:00","description":"Weis malmist teekann 1.7l on klassikaline ja vastupidav teekann, mis sobib ideaalselt tee valmistamiseks ja serveerimiseks.","breadcrumb":{"@id":"https:\/\/kohvieri.ee\/et\/product\/weis-malmist-teekann-1-7l\/#breadcrumb"},"inLanguage":"et","potentialAction":[{"@type":"ReadAction","target":["https:\/\/kohvieri.ee\/et\/product\/weis-malmist-teekann-1-7l\/"]}]},{"@type":"ImageObject","inLanguage":"et","@id":"https:\/\/kohvieri.ee\/et\/product\/weis-malmist-teekann-1-7l\/#primaryimage","url":"https:\/\/kohvieri.ee\/wp-content\/uploads\/2025\/03\/malmkann17l.avif","contentUrl":"https:\/\/kohvieri.ee\/wp-content\/uploads\/2025\/03\/malmkann17l.avif","width":1200,"height":800,"caption":"malmkann 1,7l"},{"@type":"BreadcrumbList","@id":"https:\/\/kohvieri.ee\/et\/product\/weis-malmist-teekann-1-7l\/#breadcrumb","itemListElement":[{"@type":"ListItem","position":1,"name":"Home","item":"https:\/\/kohvieri.ee\/et\/"},{"@type":"ListItem","position":2,"name":"E-pood","item":"https:\/\/kohvieri.ee\/et\/e-pood\/"},{"@type":"ListItem","position":3,"name":"Weis malmist teekann 1.7l"}]},{"@type":"WebSite","@id":"https:\/\/kohvieri.ee\/et\/#website","url":"https:\/\/kohvieri.ee\/et\/","name":"Kohvieri","description":"Kohvi - ja teepood","publisher":{"@id":"https:\/\/kohvieri.ee\/et\/#organization"},"potentialAction":[{"@type":"SearchAction","target":{"@type":"EntryPoint","urlTemplate":"https:\/\/kohvieri.ee\/et\/?s={search_term_string}"},"query-input":{"@type":"PropertyValueSpecification","valueRequired":true,"valueName":"search_term_string"}}],"inLanguage":"et"},{"@type":"Organization","@id":"https:\/\/kohvieri.ee\/et\/#organization","name":"Kohvieri","url":"https:\/\/kohvieri.ee\/et\/","logo":{"@type":"ImageObject","inLanguage":"et","@id":"https:\/\/kohvieri.ee\/et\/#\/schema\/logo\/image\/","url":"https:\/\/kohvieri.ee\/wp-content\/uploads\/2023\/07\/07cd6507-9210-4922-a9ff-55a59759ce72-e1689614757153.png","contentUrl":"https:\/\/kohvieri.ee\/wp-content\/uploads\/2023\/07\/07cd6507-9210-4922-a9ff-55a59759ce72-e1689614757153.png","width":945,"height":318,"caption":" Kohvieri"},"image":{"@id":"https:\/\/kohvieri.ee\/et\/#\/schema\/logo\/image\/"},"sameAs":["https:\/\/www.facebook.com\/kohvieri","https:\/\/www.instagram.com\/kohvieripood"]}]}},"uagb_featured_image_src":{"full":["https:\/\/kohvieri.ee\/wp-content\/uploads\/2025\/03\/malmkann17l.avif",1200,800,false],"thumbnail":["https:\/\/kohvieri.ee\/wp-content\/uploads\/2025\/03\/malmkann17l-150x150.avif",150,150,true],"medium":["https:\/\/kohvieri.ee\/wp-content\/uploads\/2025\/03\/malmkann17l-300x200.avif",300,200,true],"medium_large":["https:\/\/kohvieri.ee\/wp-content\/uploads\/2025\/03\/malmkann17l-768x512.avif",768,512,true],"large":["https:\/\/kohvieri.ee\/wp-content\/uploads\/2025\/03\/malmkann17l-1024x683.avif",1024,683,true],"1536x1536":["https:\/\/kohvieri.ee\/wp-content\/uploads\/2025\/03\/malmkann17l.avif",1200,800,false],"2048x2048":["https:\/\/kohvieri.ee\/wp-content\/uploads\/2025\/03\/malmkann17l.avif",1200,800,false],"trp-custom-language-flag":["https:\/\/kohvieri.ee\/wp-content\/uploads\/2025\/03\/malmkann17l-18x12.png",18,12,true],"woocommerce_thumbnail":["https:\/\/kohvieri.ee\/wp-content\/uploads\/2025\/03\/malmkann17l-300x300.avif",300,300,true],"woocommerce_single":["https:\/\/kohvieri.ee\/wp-content\/uploads\/2025\/03\/malmkann17l-600x400.avif",600,400,true],"woocommerce_gallery_thumbnail":["https:\/\/kohvieri.ee\/wp-content\/uploads\/2025\/03\/malmkann17l-100x100.avif",100,100,true]},"uagb_author_info":{"display_name":"Kohvieri","author_link":"https:\/\/kohvieri.ee\/et\/author\/"},"uagb_comment_info":0,"uagb_excerpt":"peene roostevabast terasest teefiltriga malmist libisemis- ja kriimustuskindlate jalgadega kuumaalus ruumis\u00e4\u00e4stlik t\u00e4nu p\u00f6\u00f6ratavale k\u00e4epidemele hea soojapidavus viimistletud t\u00e4ieliku sisemise emailiga vastupidav ja kindel disain pikkus:\u00a019 cm laius:\u00a022cm k\u00f5rgus: 21 cm &nbsp; P\u00e4ritolumaa: Saksamaa Loe rohkem teekannudest &nbsp;","jetpack_sharing_enabled":true,"_links":{"self":[{"href":"https:\/\/kohvieri.ee\/et\/wp-json\/wp\/v2\/product\/15141","targetHints":{"allow":["GET"]}}],"collection":[{"href":"https:\/\/kohvieri.ee\/et\/wp-json\/wp\/v2\/product"}],"about":[{"href":"https:\/\/kohvieri.ee\/et\/wp-json\/wp\/v2\/types\/product"}],"version-history":[{"count":2,"href":"https:\/\/kohvieri.ee\/et\/wp-json\/wp\/v2\/product\/15141\/revisions"}],"predecessor-version":[{"id":15144,"href":"https:\/\/kohvieri.ee\/et\/wp-json\/wp\/v2\/product\/15141\/revisions\/15144"}],"wp:featuredmedia":[{"embeddable":true,"href":"https:\/\/kohvieri.ee\/et\/wp-json\/wp\/v2\/media\/15142"}],"wp:attachment":[{"href":"https:\/\/kohvieri.ee\/et\/wp-json\/wp\/v2\/media?parent=15141"}],"wp:term":[{"taxonomy":"product_brand","embeddable":true,"href":"https:\/\/kohvieri.ee\/et\/wp-json\/wp\/v2\/product_brand?post=15141"},{"taxonomy":"product_cat","embeddable":true,"href":"https:\/\/kohvieri.ee\/et\/wp-json\/wp\/v2\/product_cat?post=15141"},{"taxonomy":"product_tag","embeddable":true,"href":"https:\/\/kohvieri.ee\/et\/wp-json\/wp\/v2\/product_tag?post=15141"}],"curies":[{"name":"wp","href":"https:\/\/api.w.org\/{rel}","templated":true}]}}