{"id":15316,"date":"2025-03-30T20:53:07","date_gmt":"2025-03-30T20:53:07","guid":{"rendered":"https:\/\/kohvieri.ee\/?post_type=product&#038;p=15316"},"modified":"2026-04-11T15:48:08","modified_gmt":"2026-04-11T15:48:08","slug":"bredemeijer-teekann-skagen-12l-valge","status":"publish","type":"product","link":"https:\/\/kohvieri.ee\/et\/product\/bredemeijer-teekann-skagen-12l-valge\/","title":{"rendered":"Bredemeijer teekann Skagen 1,2l valge"},"content":{"rendered":"\t\t<div data-elementor-type=\"wp-post\" data-elementor-id=\"15316\" class=\"elementor elementor-15316\">\n\t\t\t\t<div class=\"elementor-element elementor-element-8006cfb e-flex e-con-boxed e-con e-parent\" data-id=\"8006cfb\" data-element_type=\"container\" data-e-type=\"container\">\n\t\t\t\t\t<div class=\"e-con-inner\">\n\t\t\t\t\t<\/div>\n\t\t\t\t<\/div>\n\t\t\t\t<\/div>\n\t\t","protected":false},"excerpt":{"rendered":"<div class=\"product-info-main\">\n<div class=\"product info detailed\">\n<div class=\"product data items mage-tabs-disabled\" role=\"tablist\">\n<div id=\"description\" class=\"data item content\" role=\"tabpanel\" aria-labelledby=\"tab-label-description\" data-role=\"content\" aria-hidden=\"false\">\n<div class=\"product attribute description general_description\">\n<div class=\"value\">Skagen on kvaliteetsest portselanist valmistatud kollektsioon. Kollektsiooni esemeid iseloomustab peen jooneline struktuur. Selle teekannu maht on 1,2 liitrit ja kaasas on roostevabast terasest teefilter. Tila kallab ilma tilkumata. Seda saab pesta n\u00f5udepesumasinas. Teekann sobib h\u00e4sti teekannu k\u00fc\u00fcnlaalusega ja teekruusidega, mis on saadaval ka Skageni kollektsioonis.<\/div>\n<ul>\n<li>tila kallab ilma tilkumata<\/li>\n<li>pestav n\u00f5udepesumasinas<\/li>\n<li>roostevaba terasest teefilter<\/li>\n<li>suurus: 12,5 x 22,5 x 15,5cm<\/li>\n<li>mahutuvus 1,2l<\/li>\n<\/ul>\n<p>P\u00e4ritolumaa: Holland<\/p>\n<p><a href=\"https:\/\/kohvieri.ee\/et\/teekannud\/\">Loe rohkem teedest<\/a><\/p>\n<p>&nbsp;<\/p>\n<\/div>\n<\/div>\n<\/div>\n<\/div>\n<\/div>\n","protected":false},"featured_media":15317,"template":"","meta":{"_uag_custom_page_level_css":"","site-sidebar-layout":"no-sidebar","site-content-layout":"plain-container","ast-site-content-layout":"normal-width-container","site-content-style":"unboxed","site-sidebar-style":"unboxed","ast-global-header-display":"","ast-banner-title-visibility":"","ast-main-header-display":"","ast-hfb-above-header-display":"","ast-hfb-below-header-display":"","ast-hfb-mobile-header-display":"","site-post-title":"disabled","ast-breadcrumbs-content":"","ast-featured-img":"disabled","footer-sml-layout":"","ast-disable-related-posts":"","theme-transparent-header-meta":"default","adv-header-id-meta":"","stick-header-meta":"default","header-above-stick-meta":"","header-main-stick-meta":"","header-below-stick-meta":"","astra-migrate-meta-layouts":"set","ast-page-background-enabled":"default","ast-page-background-meta":{"desktop":{"background-color":"var(--ast-global-color-4)","background-image":"","background-repeat":"repeat","background-position":"center center","background-size":"auto","background-attachment":"scroll","background-type":"","background-media":"","overlay-type":"","overlay-color":"","overlay-opacity":"","overlay-gradient":""},"tablet":{"background-color":"","background-image":"","background-repeat":"repeat","background-position":"center center","background-size":"auto","background-attachment":"scroll","background-type":"","background-media":"","overlay-type":"","overlay-color":"","overlay-opacity":"","overlay-gradient":""},"mobile":{"background-color":"","background-image":"","background-repeat":"repeat","background-position":"center center","background-size":"auto","background-attachment":"scroll","background-type":"","background-media":"","overlay-type":"","overlay-color":"","overlay-opacity":"","overlay-gradient":""}},"ast-content-background-meta":{"desktop":{"background-color":"var(--ast-global-color-5)","background-image":"","background-repeat":"repeat","background-position":"center center","background-size":"auto","background-attachment":"scroll","background-type":"","background-media":"","overlay-type":"","overlay-color":"","overlay-opacity":"","overlay-gradient":""},"tablet":{"background-color":"var(--ast-global-color-5)","background-image":"","background-repeat":"repeat","background-position":"center center","background-size":"auto","background-attachment":"scroll","background-type":"","background-media":"","overlay-type":"","overlay-color":"","overlay-opacity":"","overlay-gradient":""},"mobile":{"background-color":"var(--ast-global-color-5)","background-image":"","background-repeat":"repeat","background-position":"center center","background-size":"auto","background-attachment":"scroll","background-type":"","background-media":"","overlay-type":"","overlay-color":"","overlay-opacity":"","overlay-gradient":""}}},"product_brand":[],"product_cat":[49,15],"product_tag":[],"class_list":{"0":"post-15316","1":"product","2":"type-product","3":"status-publish","4":"has-post-thumbnail","6":"product_cat-tarvikud","7":"product_cat-teekannud","8":"desktop-align-center","9":"tablet-align-left","10":"mobile-align-left","12":"first","13":"instock","14":"taxable","15":"shipping-taxable","16":"purchasable","17":"product-type-simple"},"yoast_head":"<!-- This site is optimized with the Yoast SEO plugin v27.3 - https:\/\/yoast.com\/product\/yoast-seo-wordpress\/ -->\n<title>Bredemeijer teekann Skagen 1,2l valge - Kohvieri<\/title>\n<meta name=\"description\" content=\"SSkagen on kvaliteetsest portselanist valmistatud kollektsioon. Kollektsiooni esemeid iseloomustab peen jooneline struktuur.\" \/>\n<meta name=\"robots\" content=\"index, follow, max-snippet:-1, max-image-preview:large, max-video-preview:-1\" \/>\n<link rel=\"canonical\" href=\"https:\/\/kohvieri.ee\/et\/product\/bredemeijer-teekann-skagen-12l-valge\/\" \/>\n<meta property=\"og:locale\" content=\"et_EE\" \/>\n<meta property=\"og:type\" content=\"article\" \/>\n<meta property=\"og:title\" content=\"Bredemeijer teekann Skagen 1,2l valge - Kohvieri\" \/>\n<meta property=\"og:description\" content=\"SSkagen on kvaliteetsest portselanist valmistatud kollektsioon. Kollektsiooni esemeid iseloomustab peen jooneline struktuur.\" \/>\n<meta property=\"og:url\" content=\"https:\/\/kohvieri.ee\/et\/product\/bredemeijer-teekann-skagen-12l-valge\/\" \/>\n<meta property=\"og:site_name\" content=\"Kohvieri\" \/>\n<meta property=\"article:publisher\" content=\"https:\/\/www.facebook.com\/kohvieri\" \/>\n<meta property=\"article:modified_time\" content=\"2026-04-11T15:48:08+00:00\" \/>\n<meta property=\"og:image\" content=\"https:\/\/kohvieri.ee\/wp-content\/uploads\/2025\/03\/Teekann-Skagen-12L-helesinine-2.png\" \/>\n\t<meta property=\"og:image:width\" content=\"1080\" \/>\n\t<meta property=\"og:image:height\" content=\"1080\" \/>\n\t<meta property=\"og:image:type\" content=\"image\/png\" \/>\n<meta name=\"twitter:card\" content=\"summary_large_image\" \/>\n<meta name=\"twitter:label1\" content=\"Est. reading time\" \/>\n\t<meta name=\"twitter:data1\" content=\"1 minut\" \/>\n<script type=\"application\/ld+json\" class=\"yoast-schema-graph\">{\"@context\":\"https:\\\/\\\/schema.org\",\"@graph\":[{\"@type\":\"WebPage\",\"@id\":\"https:\\\/\\\/kohvieri.ee\\\/product\\\/bredemeijer-teekann-skagen-12l-valge\\\/\",\"url\":\"https:\\\/\\\/kohvieri.ee\\\/product\\\/bredemeijer-teekann-skagen-12l-valge\\\/\",\"name\":\"Bredemeijer teekann Skagen 1,2l valge - Kohvieri\",\"isPartOf\":{\"@id\":\"https:\\\/\\\/kohvieri.ee\\\/et\\\/#website\"},\"primaryImageOfPage\":{\"@id\":\"https:\\\/\\\/kohvieri.ee\\\/product\\\/bredemeijer-teekann-skagen-12l-valge\\\/#primaryimage\"},\"image\":{\"@id\":\"https:\\\/\\\/kohvieri.ee\\\/product\\\/bredemeijer-teekann-skagen-12l-valge\\\/#primaryimage\"},\"thumbnailUrl\":\"https:\\\/\\\/kohvieri.ee\\\/wp-content\\\/uploads\\\/2025\\\/03\\\/Teekann-Skagen-12L-helesinine-2.png\",\"datePublished\":\"2025-03-30T20:53:07+00:00\",\"dateModified\":\"2026-04-11T15:48:08+00:00\",\"description\":\"SSkagen on kvaliteetsest portselanist valmistatud kollektsioon. Kollektsiooni esemeid iseloomustab peen jooneline struktuur.\",\"breadcrumb\":{\"@id\":\"https:\\\/\\\/kohvieri.ee\\\/product\\\/bredemeijer-teekann-skagen-12l-valge\\\/#breadcrumb\"},\"inLanguage\":\"et\",\"potentialAction\":[{\"@type\":\"ReadAction\",\"target\":[\"https:\\\/\\\/kohvieri.ee\\\/product\\\/bredemeijer-teekann-skagen-12l-valge\\\/\"]}]},{\"@type\":\"ImageObject\",\"inLanguage\":\"et\",\"@id\":\"https:\\\/\\\/kohvieri.ee\\\/product\\\/bredemeijer-teekann-skagen-12l-valge\\\/#primaryimage\",\"url\":\"https:\\\/\\\/kohvieri.ee\\\/wp-content\\\/uploads\\\/2025\\\/03\\\/Teekann-Skagen-12L-helesinine-2.png\",\"contentUrl\":\"https:\\\/\\\/kohvieri.ee\\\/wp-content\\\/uploads\\\/2025\\\/03\\\/Teekann-Skagen-12L-helesinine-2.png\",\"width\":1080,\"height\":1080,\"caption\":\"Bredemeijer teekann Skagen 1,2l valge\"},{\"@type\":\"BreadcrumbList\",\"@id\":\"https:\\\/\\\/kohvieri.ee\\\/product\\\/bredemeijer-teekann-skagen-12l-valge\\\/#breadcrumb\",\"itemListElement\":[{\"@type\":\"ListItem\",\"position\":1,\"name\":\"Home\",\"item\":\"https:\\\/\\\/kohvieri.ee\\\/et\\\/\"},{\"@type\":\"ListItem\",\"position\":2,\"name\":\"E-pood\",\"item\":\"https:\\\/\\\/kohvieri.ee\\\/et\\\/e-pood\\\/\"},{\"@type\":\"ListItem\",\"position\":3,\"name\":\"Bredemeijer teekann Skagen 1,2l valge\"}]},{\"@type\":\"WebSite\",\"@id\":\"https:\\\/\\\/kohvieri.ee\\\/et\\\/#website\",\"url\":\"https:\\\/\\\/kohvieri.ee\\\/et\\\/\",\"name\":\"Kohvieri\",\"description\":\"Kohvi - ja teepood\",\"publisher\":{\"@id\":\"https:\\\/\\\/kohvieri.ee\\\/et\\\/#organization\"},\"potentialAction\":[{\"@type\":\"SearchAction\",\"target\":{\"@type\":\"EntryPoint\",\"urlTemplate\":\"https:\\\/\\\/kohvieri.ee\\\/et\\\/?s={search_term_string}\"},\"query-input\":{\"@type\":\"PropertyValueSpecification\",\"valueRequired\":true,\"valueName\":\"search_term_string\"}}],\"inLanguage\":\"et\"},{\"@type\":\"Organization\",\"@id\":\"https:\\\/\\\/kohvieri.ee\\\/et\\\/#organization\",\"name\":\"Kohvieri\",\"url\":\"https:\\\/\\\/kohvieri.ee\\\/et\\\/\",\"logo\":{\"@type\":\"ImageObject\",\"inLanguage\":\"et\",\"@id\":\"https:\\\/\\\/kohvieri.ee\\\/et\\\/#\\\/schema\\\/logo\\\/image\\\/\",\"url\":\"https:\\\/\\\/kohvieri.ee\\\/wp-content\\\/uploads\\\/2023\\\/07\\\/07cd6507-9210-4922-a9ff-55a59759ce72-e1689614757153.png\",\"contentUrl\":\"https:\\\/\\\/kohvieri.ee\\\/wp-content\\\/uploads\\\/2023\\\/07\\\/07cd6507-9210-4922-a9ff-55a59759ce72-e1689614757153.png\",\"width\":945,\"height\":318,\"caption\":\" Kohvieri\"},\"image\":{\"@id\":\"https:\\\/\\\/kohvieri.ee\\\/et\\\/#\\\/schema\\\/logo\\\/image\\\/\"},\"sameAs\":[\"https:\\\/\\\/www.facebook.com\\\/kohvieri\",\"https:\\\/\\\/www.instagram.com\\\/kohvieripood\"]}]}<\/script>\n<!-- \/ Yoast SEO plugin. -->","yoast_head_json":{"title":"Bredemeijer teekann Skagen 1,2l valge - Kohvieri","description":"SSkagen on kvaliteetsest portselanist valmistatud kollektsioon. Kollektsiooni esemeid iseloomustab peen jooneline struktuur.","robots":{"index":"index","follow":"follow","max-snippet":"max-snippet:-1","max-image-preview":"max-image-preview:large","max-video-preview":"max-video-preview:-1"},"canonical":"https:\/\/kohvieri.ee\/et\/product\/bredemeijer-teekann-skagen-12l-valge\/","og_locale":"et_EE","og_type":"article","og_title":"Bredemeijer teekann Skagen 1,2l valge - Kohvieri","og_description":"SSkagen on kvaliteetsest portselanist valmistatud kollektsioon. Kollektsiooni esemeid iseloomustab peen jooneline struktuur.","og_url":"https:\/\/kohvieri.ee\/et\/product\/bredemeijer-teekann-skagen-12l-valge\/","og_site_name":"Kohvieri","article_publisher":"https:\/\/www.facebook.com\/kohvieri","article_modified_time":"2026-04-11T15:48:08+00:00","og_image":[{"width":1080,"height":1080,"url":"https:\/\/kohvieri.ee\/wp-content\/uploads\/2025\/03\/Teekann-Skagen-12L-helesinine-2.png","type":"image\/png"}],"twitter_card":"summary_large_image","twitter_misc":{"Est. reading time":"1 minut"},"schema":{"@context":"https:\/\/schema.org","@graph":[{"@type":"WebPage","@id":"https:\/\/kohvieri.ee\/product\/bredemeijer-teekann-skagen-12l-valge\/","url":"https:\/\/kohvieri.ee\/product\/bredemeijer-teekann-skagen-12l-valge\/","name":"Bredemeijer teekann Skagen 1,2l valge - Kohvieri","isPartOf":{"@id":"https:\/\/kohvieri.ee\/et\/#website"},"primaryImageOfPage":{"@id":"https:\/\/kohvieri.ee\/product\/bredemeijer-teekann-skagen-12l-valge\/#primaryimage"},"image":{"@id":"https:\/\/kohvieri.ee\/product\/bredemeijer-teekann-skagen-12l-valge\/#primaryimage"},"thumbnailUrl":"https:\/\/kohvieri.ee\/wp-content\/uploads\/2025\/03\/Teekann-Skagen-12L-helesinine-2.png","datePublished":"2025-03-30T20:53:07+00:00","dateModified":"2026-04-11T15:48:08+00:00","description":"SSkagen on kvaliteetsest portselanist valmistatud kollektsioon. Kollektsiooni esemeid iseloomustab peen jooneline struktuur.","breadcrumb":{"@id":"https:\/\/kohvieri.ee\/product\/bredemeijer-teekann-skagen-12l-valge\/#breadcrumb"},"inLanguage":"et","potentialAction":[{"@type":"ReadAction","target":["https:\/\/kohvieri.ee\/product\/bredemeijer-teekann-skagen-12l-valge\/"]}]},{"@type":"ImageObject","inLanguage":"et","@id":"https:\/\/kohvieri.ee\/product\/bredemeijer-teekann-skagen-12l-valge\/#primaryimage","url":"https:\/\/kohvieri.ee\/wp-content\/uploads\/2025\/03\/Teekann-Skagen-12L-helesinine-2.png","contentUrl":"https:\/\/kohvieri.ee\/wp-content\/uploads\/2025\/03\/Teekann-Skagen-12L-helesinine-2.png","width":1080,"height":1080,"caption":"Bredemeijer teekann Skagen 1,2l valge"},{"@type":"BreadcrumbList","@id":"https:\/\/kohvieri.ee\/product\/bredemeijer-teekann-skagen-12l-valge\/#breadcrumb","itemListElement":[{"@type":"ListItem","position":1,"name":"Home","item":"https:\/\/kohvieri.ee\/et\/"},{"@type":"ListItem","position":2,"name":"E-pood","item":"https:\/\/kohvieri.ee\/et\/e-pood\/"},{"@type":"ListItem","position":3,"name":"Bredemeijer teekann Skagen 1,2l valge"}]},{"@type":"WebSite","@id":"https:\/\/kohvieri.ee\/et\/#website","url":"https:\/\/kohvieri.ee\/et\/","name":"Kohvieri","description":"Kohvi - ja teepood","publisher":{"@id":"https:\/\/kohvieri.ee\/et\/#organization"},"potentialAction":[{"@type":"SearchAction","target":{"@type":"EntryPoint","urlTemplate":"https:\/\/kohvieri.ee\/et\/?s={search_term_string}"},"query-input":{"@type":"PropertyValueSpecification","valueRequired":true,"valueName":"search_term_string"}}],"inLanguage":"et"},{"@type":"Organization","@id":"https:\/\/kohvieri.ee\/et\/#organization","name":"Kohvieri","url":"https:\/\/kohvieri.ee\/et\/","logo":{"@type":"ImageObject","inLanguage":"et","@id":"https:\/\/kohvieri.ee\/et\/#\/schema\/logo\/image\/","url":"https:\/\/kohvieri.ee\/wp-content\/uploads\/2023\/07\/07cd6507-9210-4922-a9ff-55a59759ce72-e1689614757153.png","contentUrl":"https:\/\/kohvieri.ee\/wp-content\/uploads\/2023\/07\/07cd6507-9210-4922-a9ff-55a59759ce72-e1689614757153.png","width":945,"height":318,"caption":" Kohvieri"},"image":{"@id":"https:\/\/kohvieri.ee\/et\/#\/schema\/logo\/image\/"},"sameAs":["https:\/\/www.facebook.com\/kohvieri","https:\/\/www.instagram.com\/kohvieripood"]}]}},"uagb_featured_image_src":{"full":["https:\/\/kohvieri.ee\/wp-content\/uploads\/2025\/03\/Teekann-Skagen-12L-helesinine-2.png",1080,1080,false],"thumbnail":["https:\/\/kohvieri.ee\/wp-content\/uploads\/2025\/03\/Teekann-Skagen-12L-helesinine-2-150x150.png",150,150,true],"medium":["https:\/\/kohvieri.ee\/wp-content\/uploads\/2025\/03\/Teekann-Skagen-12L-helesinine-2-300x300.png",300,300,true],"medium_large":["https:\/\/kohvieri.ee\/wp-content\/uploads\/2025\/03\/Teekann-Skagen-12L-helesinine-2-768x768.png",768,768,true],"large":["https:\/\/kohvieri.ee\/wp-content\/uploads\/2025\/03\/Teekann-Skagen-12L-helesinine-2-1024x1024.png",1024,1024,true],"1536x1536":["https:\/\/kohvieri.ee\/wp-content\/uploads\/2025\/03\/Teekann-Skagen-12L-helesinine-2.png",1080,1080,false],"2048x2048":["https:\/\/kohvieri.ee\/wp-content\/uploads\/2025\/03\/Teekann-Skagen-12L-helesinine-2.png",1080,1080,false],"trp-custom-language-flag":["https:\/\/kohvieri.ee\/wp-content\/uploads\/2025\/03\/Teekann-Skagen-12L-helesinine-2-12x12.png",12,12,true],"woocommerce_thumbnail":["https:\/\/kohvieri.ee\/wp-content\/uploads\/2025\/03\/Teekann-Skagen-12L-helesinine-2-300x300.png",300,300,true],"woocommerce_single":["https:\/\/kohvieri.ee\/wp-content\/uploads\/2025\/03\/Teekann-Skagen-12L-helesinine-2-600x600.png",600,600,true],"woocommerce_gallery_thumbnail":["https:\/\/kohvieri.ee\/wp-content\/uploads\/2025\/03\/Teekann-Skagen-12L-helesinine-2-100x100.png",100,100,true]},"uagb_author_info":{"display_name":"Kohvieri","author_link":"https:\/\/kohvieri.ee\/et\/author\/"},"uagb_comment_info":0,"uagb_excerpt":"Skagen on kvaliteetsest portselanist valmistatud kollektsioon. Kollektsiooni esemeid iseloomustab peen jooneline struktuur. Selle teekannu maht on 1,2 liitrit ja kaasas on roostevabast terasest teefilter. Tila kallab ilma tilkumata. Seda saab pesta n\u00f5udepesumasinas. Teekann sobib h\u00e4sti teekannu k\u00fc\u00fcnlaalusega ja teekruusidega, mis on saadaval ka Skageni kollektsioonis. tila kallab ilma tilkumata pestav n\u00f5udepesumasinas roostevaba terasest teefilter suurus:&hellip;","jetpack_sharing_enabled":true,"_links":{"self":[{"href":"https:\/\/kohvieri.ee\/et\/wp-json\/wp\/v2\/product\/15316","targetHints":{"allow":["GET"]}}],"collection":[{"href":"https:\/\/kohvieri.ee\/et\/wp-json\/wp\/v2\/product"}],"about":[{"href":"https:\/\/kohvieri.ee\/et\/wp-json\/wp\/v2\/types\/product"}],"version-history":[{"count":3,"href":"https:\/\/kohvieri.ee\/et\/wp-json\/wp\/v2\/product\/15316\/revisions"}],"predecessor-version":[{"id":15340,"href":"https:\/\/kohvieri.ee\/et\/wp-json\/wp\/v2\/product\/15316\/revisions\/15340"}],"wp:featuredmedia":[{"embeddable":true,"href":"https:\/\/kohvieri.ee\/et\/wp-json\/wp\/v2\/media\/15317"}],"wp:attachment":[{"href":"https:\/\/kohvieri.ee\/et\/wp-json\/wp\/v2\/media?parent=15316"}],"wp:term":[{"taxonomy":"product_brand","embeddable":true,"href":"https:\/\/kohvieri.ee\/et\/wp-json\/wp\/v2\/product_brand?post=15316"},{"taxonomy":"product_cat","embeddable":true,"href":"https:\/\/kohvieri.ee\/et\/wp-json\/wp\/v2\/product_cat?post=15316"},{"taxonomy":"product_tag","embeddable":true,"href":"https:\/\/kohvieri.ee\/et\/wp-json\/wp\/v2\/product_tag?post=15316"}],"curies":[{"name":"wp","href":"https:\/\/api.w.org\/{rel}","templated":true}]}}