{"id":15861,"date":"2025-10-06T15:01:49","date_gmt":"2025-10-06T15:01:49","guid":{"rendered":"https:\/\/kohvieri.ee\/?post_type=product&#038;p=15861"},"modified":"2025-10-06T21:37:21","modified_gmt":"2025-10-06T21:37:21","slug":"bredemeijer-malm-teekann-henan-075l-oliivhall","status":"publish","type":"product","link":"https:\/\/kohvieri.ee\/et\/product\/bredemeijer-malm-teekann-henan-075l-oliivhall\/","title":{"rendered":"Bredemeijer malm teekann Henan 0,75l oliivhall"},"content":{"rendered":"\t\t<div data-elementor-type=\"wp-post\" data-elementor-id=\"15861\" class=\"elementor elementor-15861\">\n\t\t\t\t<div class=\"elementor-element elementor-element-8006cfb e-flex e-con-boxed e-con e-parent\" data-id=\"8006cfb\" data-element_type=\"container\" data-e-type=\"container\">\n\t\t\t\t\t<div class=\"e-con-inner\">\n\t\t\t\t\t<\/div>\n\t\t\t\t<\/div>\n\t\t\t\t<\/div>\n\t\t","protected":false},"excerpt":{"rendered":"<p>Bredemeijeri malmist teekann \u2013 puidust nupuga (0,75 liitrit) Tee kui oaas \u2013 stiilne, vastupidav ja rahulik See malmist teekann on loodud inimestele, kes teevad teadlikke valikuid. Kelle jaoks tee ei ole kiirustamine, vaid rahu, t\u00e4helepanu ja \u00fchenduse rituaal. \u00dcmar, minimalistlik disain ja matt viimistlus annavad kannule rahuliku v\u00e4limuse, samas kui puidust nupp ja metallist k\u00e4epide pakuvad loomulikku peenust ja mugavust kasutamisel. 0,75-liitrise mahutavusega teekann sobib ideaalselt pikkadeks vestlusteks v\u00f5i vaikusehetkedeks \u2013 nii \u00fcksi kui ka kahekesi. Emailitud sisemus tagab optimaalse maitse s\u00e4ilimise ja lihtsa hoolduse. T\u00e4nu peenele roostevabast terasest teefiltrile saate h\u00f5lpsalt keeta lahtist teed t\u00e4pselt nii, nagu teile meeldib.<\/p>\n<ul>\n<li>roostevabast terasest teefiltriga<\/li>\n<li class=\"tw-data-text tw-text-large tw-ta\" dir=\"ltr\" data-placeholder=\"T\u00f5lge\">hea soojapidavus<\/li>\n<li class=\"tw-data-text tw-text-large tw-ta\" dir=\"ltr\" data-placeholder=\"T\u00f5lge\"><span style=\"font-size: 16px;\">viimistletud t\u00e4ieliku sisemise emailiga<\/span><\/li>\n<li dir=\"ltr\" data-placeholder=\"T\u00f5lge\">vastupidav ja kindel disain<\/li>\n<li dir=\"ltr\" data-placeholder=\"T\u00f5lge\">puidust nupp<\/li>\n<li class=\"base-info--entry entry--height\">suurus<span style=\"font-size: 16px;\">: 16,0&#215;14,0x130,cm<\/span><\/li>\n<\/ul>\n<p><span style=\"font-size: 16px;\">P\u00e4ritolumaa: Holland<\/span><\/p>\n<p><a href=\"https:\/\/kohvieri.ee\/teekannud\/\">Loe rohkem teekannudest<\/a><\/p>\n<div>\n<p>&nbsp;<\/p>\n<\/div>\n","protected":false},"featured_media":15862,"template":"","meta":{"_uag_custom_page_level_css":"","site-sidebar-layout":"no-sidebar","site-content-layout":"plain-container","ast-site-content-layout":"normal-width-container","site-content-style":"unboxed","site-sidebar-style":"unboxed","ast-global-header-display":"","ast-banner-title-visibility":"","ast-main-header-display":"","ast-hfb-above-header-display":"","ast-hfb-below-header-display":"","ast-hfb-mobile-header-display":"","site-post-title":"disabled","ast-breadcrumbs-content":"","ast-featured-img":"disabled","footer-sml-layout":"","ast-disable-related-posts":"","theme-transparent-header-meta":"default","adv-header-id-meta":"","stick-header-meta":"default","header-above-stick-meta":"","header-main-stick-meta":"","header-below-stick-meta":"","astra-migrate-meta-layouts":"set","ast-page-background-enabled":"default","ast-page-background-meta":{"desktop":{"background-color":"var(--ast-global-color-4)","background-image":"","background-repeat":"repeat","background-position":"center center","background-size":"auto","background-attachment":"scroll","background-type":"","background-media":"","overlay-type":"","overlay-color":"","overlay-opacity":"","overlay-gradient":""},"tablet":{"background-color":"","background-image":"","background-repeat":"repeat","background-position":"center center","background-size":"auto","background-attachment":"scroll","background-type":"","background-media":"","overlay-type":"","overlay-color":"","overlay-opacity":"","overlay-gradient":""},"mobile":{"background-color":"","background-image":"","background-repeat":"repeat","background-position":"center center","background-size":"auto","background-attachment":"scroll","background-type":"","background-media":"","overlay-type":"","overlay-color":"","overlay-opacity":"","overlay-gradient":""}},"ast-content-background-meta":{"desktop":{"background-color":"var(--ast-global-color-5)","background-image":"","background-repeat":"repeat","background-position":"center center","background-size":"auto","background-attachment":"scroll","background-type":"","background-media":"","overlay-type":"","overlay-color":"","overlay-opacity":"","overlay-gradient":""},"tablet":{"background-color":"var(--ast-global-color-5)","background-image":"","background-repeat":"repeat","background-position":"center center","background-size":"auto","background-attachment":"scroll","background-type":"","background-media":"","overlay-type":"","overlay-color":"","overlay-opacity":"","overlay-gradient":""},"mobile":{"background-color":"var(--ast-global-color-5)","background-image":"","background-repeat":"repeat","background-position":"center center","background-size":"auto","background-attachment":"scroll","background-type":"","background-media":"","overlay-type":"","overlay-color":"","overlay-opacity":"","overlay-gradient":""}}},"product_brand":[],"product_cat":[49,15],"product_tag":[158],"class_list":{"0":"post-15861","1":"product","2":"type-product","3":"status-publish","4":"has-post-thumbnail","6":"product_cat-tarvikud","7":"product_cat-teekannud","8":"product_tag-malm","9":"desktop-align-center","10":"tablet-align-left","11":"mobile-align-left","13":"first","14":"instock","15":"taxable","16":"shipping-taxable","17":"purchasable","18":"product-type-simple"},"yoast_head":"<!-- This site is optimized with the Yoast SEO plugin v27.4 - https:\/\/yoast.com\/product\/yoast-seo-wordpress\/ -->\n<title>Bredemeijer malm teekann Henan 0,75l oliivhall - Kohvieri<\/title>\n<meta name=\"description\" content=\"\u00dcmar annavad kannule rahuliku v\u00e4limuse, samas kui puidust nupp ja metallist k\u00e4epide pakuvad loomulikku peenust ja mugavust kasutamisel.\" \/>\n<meta name=\"robots\" content=\"index, follow, max-snippet:-1, max-image-preview:large, max-video-preview:-1\" \/>\n<link rel=\"canonical\" href=\"https:\/\/kohvieri.ee\/et\/product\/bredemeijer-malm-teekann-henan-075l-oliivhall\/\" \/>\n<meta property=\"og:locale\" content=\"et_EE\" \/>\n<meta property=\"og:type\" content=\"article\" \/>\n<meta property=\"og:title\" content=\"Bredemeijer malm teekann Henan 0,75l oliivhall - Kohvieri\" \/>\n<meta property=\"og:description\" content=\"\u00dcmar annavad kannule rahuliku v\u00e4limuse, samas kui puidust nupp ja metallist k\u00e4epide pakuvad loomulikku peenust ja mugavust kasutamisel.\" \/>\n<meta property=\"og:url\" content=\"https:\/\/kohvieri.ee\/et\/product\/bredemeijer-malm-teekann-henan-075l-oliivhall\/\" \/>\n<meta property=\"og:site_name\" content=\"Kohvieri\" \/>\n<meta property=\"article:publisher\" content=\"https:\/\/www.facebook.com\/kohvieri\" \/>\n<meta property=\"article:modified_time\" content=\"2025-10-06T21:37:21+00:00\" \/>\n<meta property=\"og:image\" content=\"https:\/\/kohvieri.ee\/wp-content\/uploads\/2025\/10\/Bredemeijer-malm-teekann-Jang-08l-betoonhall-6.png\" \/>\n\t<meta property=\"og:image:width\" content=\"1080\" \/>\n\t<meta property=\"og:image:height\" content=\"1080\" \/>\n\t<meta property=\"og:image:type\" content=\"image\/png\" \/>\n<meta name=\"twitter:card\" content=\"summary_large_image\" \/>\n<meta name=\"twitter:label1\" content=\"Est. reading time\" \/>\n\t<meta name=\"twitter:data1\" content=\"1 minut\" \/>\n<script type=\"application\/ld+json\" class=\"yoast-schema-graph\">{\"@context\":\"https:\\\/\\\/schema.org\",\"@graph\":[{\"@type\":\"WebPage\",\"@id\":\"https:\\\/\\\/kohvieri.ee\\\/product\\\/bredemeijer-malm-teekann-henan-075l-oliivhall\\\/\",\"url\":\"https:\\\/\\\/kohvieri.ee\\\/product\\\/bredemeijer-malm-teekann-henan-075l-oliivhall\\\/\",\"name\":\"Bredemeijer malm teekann Henan 0,75l oliivhall - Kohvieri\",\"isPartOf\":{\"@id\":\"https:\\\/\\\/kohvieri.ee\\\/et\\\/#website\"},\"primaryImageOfPage\":{\"@id\":\"https:\\\/\\\/kohvieri.ee\\\/product\\\/bredemeijer-malm-teekann-henan-075l-oliivhall\\\/#primaryimage\"},\"image\":{\"@id\":\"https:\\\/\\\/kohvieri.ee\\\/product\\\/bredemeijer-malm-teekann-henan-075l-oliivhall\\\/#primaryimage\"},\"thumbnailUrl\":\"https:\\\/\\\/kohvieri.ee\\\/wp-content\\\/uploads\\\/2025\\\/10\\\/Bredemeijer-malm-teekann-Jang-08l-betoonhall-6.png\",\"datePublished\":\"2025-10-06T15:01:49+00:00\",\"dateModified\":\"2025-10-06T21:37:21+00:00\",\"description\":\"\u00dcmar annavad kannule rahuliku v\u00e4limuse, samas kui puidust nupp ja metallist k\u00e4epide pakuvad loomulikku peenust ja mugavust kasutamisel.\",\"breadcrumb\":{\"@id\":\"https:\\\/\\\/kohvieri.ee\\\/product\\\/bredemeijer-malm-teekann-henan-075l-oliivhall\\\/#breadcrumb\"},\"inLanguage\":\"et\",\"potentialAction\":[{\"@type\":\"ReadAction\",\"target\":[\"https:\\\/\\\/kohvieri.ee\\\/product\\\/bredemeijer-malm-teekann-henan-075l-oliivhall\\\/\"]}]},{\"@type\":\"ImageObject\",\"inLanguage\":\"et\",\"@id\":\"https:\\\/\\\/kohvieri.ee\\\/product\\\/bredemeijer-malm-teekann-henan-075l-oliivhall\\\/#primaryimage\",\"url\":\"https:\\\/\\\/kohvieri.ee\\\/wp-content\\\/uploads\\\/2025\\\/10\\\/Bredemeijer-malm-teekann-Jang-08l-betoonhall-6.png\",\"contentUrl\":\"https:\\\/\\\/kohvieri.ee\\\/wp-content\\\/uploads\\\/2025\\\/10\\\/Bredemeijer-malm-teekann-Jang-08l-betoonhall-6.png\",\"width\":1080,\"height\":1080,\"caption\":\"Bredemeijer malm teekann Henan 0,75l oliivihall\"},{\"@type\":\"BreadcrumbList\",\"@id\":\"https:\\\/\\\/kohvieri.ee\\\/product\\\/bredemeijer-malm-teekann-henan-075l-oliivhall\\\/#breadcrumb\",\"itemListElement\":[{\"@type\":\"ListItem\",\"position\":1,\"name\":\"Home\",\"item\":\"https:\\\/\\\/kohvieri.ee\\\/et\\\/\"},{\"@type\":\"ListItem\",\"position\":2,\"name\":\"E-pood\",\"item\":\"https:\\\/\\\/kohvieri.ee\\\/et\\\/e-pood\\\/\"},{\"@type\":\"ListItem\",\"position\":3,\"name\":\"Bredemeijer malm teekann Henan 0,75l oliivhall\"}]},{\"@type\":\"WebSite\",\"@id\":\"https:\\\/\\\/kohvieri.ee\\\/et\\\/#website\",\"url\":\"https:\\\/\\\/kohvieri.ee\\\/et\\\/\",\"name\":\"Kohvieri\",\"description\":\"Kohvi - ja teepood\",\"publisher\":{\"@id\":\"https:\\\/\\\/kohvieri.ee\\\/et\\\/#organization\"},\"potentialAction\":[{\"@type\":\"SearchAction\",\"target\":{\"@type\":\"EntryPoint\",\"urlTemplate\":\"https:\\\/\\\/kohvieri.ee\\\/et\\\/?s={search_term_string}\"},\"query-input\":{\"@type\":\"PropertyValueSpecification\",\"valueRequired\":true,\"valueName\":\"search_term_string\"}}],\"inLanguage\":\"et\"},{\"@type\":\"Organization\",\"@id\":\"https:\\\/\\\/kohvieri.ee\\\/et\\\/#organization\",\"name\":\"Kohvieri\",\"url\":\"https:\\\/\\\/kohvieri.ee\\\/et\\\/\",\"logo\":{\"@type\":\"ImageObject\",\"inLanguage\":\"et\",\"@id\":\"https:\\\/\\\/kohvieri.ee\\\/et\\\/#\\\/schema\\\/logo\\\/image\\\/\",\"url\":\"https:\\\/\\\/kohvieri.ee\\\/wp-content\\\/uploads\\\/2023\\\/07\\\/07cd6507-9210-4922-a9ff-55a59759ce72-e1689614757153.png\",\"contentUrl\":\"https:\\\/\\\/kohvieri.ee\\\/wp-content\\\/uploads\\\/2023\\\/07\\\/07cd6507-9210-4922-a9ff-55a59759ce72-e1689614757153.png\",\"width\":945,\"height\":318,\"caption\":\" Kohvieri\"},\"image\":{\"@id\":\"https:\\\/\\\/kohvieri.ee\\\/et\\\/#\\\/schema\\\/logo\\\/image\\\/\"},\"sameAs\":[\"https:\\\/\\\/www.facebook.com\\\/kohvieri\",\"https:\\\/\\\/www.instagram.com\\\/kohvieripood\"]}]}<\/script>\n<!-- \/ Yoast SEO plugin. -->","yoast_head_json":{"title":"Bredemeijer malm teekann Henan 0,75l oliivhall - Kohvieri","description":"\u00dcmar annavad kannule rahuliku v\u00e4limuse, samas kui puidust nupp ja metallist k\u00e4epide pakuvad loomulikku peenust ja mugavust kasutamisel.","robots":{"index":"index","follow":"follow","max-snippet":"max-snippet:-1","max-image-preview":"max-image-preview:large","max-video-preview":"max-video-preview:-1"},"canonical":"https:\/\/kohvieri.ee\/et\/product\/bredemeijer-malm-teekann-henan-075l-oliivhall\/","og_locale":"et_EE","og_type":"article","og_title":"Bredemeijer malm teekann Henan 0,75l oliivhall - Kohvieri","og_description":"\u00dcmar annavad kannule rahuliku v\u00e4limuse, samas kui puidust nupp ja metallist k\u00e4epide pakuvad loomulikku peenust ja mugavust kasutamisel.","og_url":"https:\/\/kohvieri.ee\/et\/product\/bredemeijer-malm-teekann-henan-075l-oliivhall\/","og_site_name":"Kohvieri","article_publisher":"https:\/\/www.facebook.com\/kohvieri","article_modified_time":"2025-10-06T21:37:21+00:00","og_image":[{"width":1080,"height":1080,"url":"https:\/\/kohvieri.ee\/wp-content\/uploads\/2025\/10\/Bredemeijer-malm-teekann-Jang-08l-betoonhall-6.png","type":"image\/png"}],"twitter_card":"summary_large_image","twitter_misc":{"Est. reading time":"1 minut"},"schema":{"@context":"https:\/\/schema.org","@graph":[{"@type":"WebPage","@id":"https:\/\/kohvieri.ee\/product\/bredemeijer-malm-teekann-henan-075l-oliivhall\/","url":"https:\/\/kohvieri.ee\/product\/bredemeijer-malm-teekann-henan-075l-oliivhall\/","name":"Bredemeijer malm teekann Henan 0,75l oliivhall - Kohvieri","isPartOf":{"@id":"https:\/\/kohvieri.ee\/et\/#website"},"primaryImageOfPage":{"@id":"https:\/\/kohvieri.ee\/product\/bredemeijer-malm-teekann-henan-075l-oliivhall\/#primaryimage"},"image":{"@id":"https:\/\/kohvieri.ee\/product\/bredemeijer-malm-teekann-henan-075l-oliivhall\/#primaryimage"},"thumbnailUrl":"https:\/\/kohvieri.ee\/wp-content\/uploads\/2025\/10\/Bredemeijer-malm-teekann-Jang-08l-betoonhall-6.png","datePublished":"2025-10-06T15:01:49+00:00","dateModified":"2025-10-06T21:37:21+00:00","description":"\u00dcmar annavad kannule rahuliku v\u00e4limuse, samas kui puidust nupp ja metallist k\u00e4epide pakuvad loomulikku peenust ja mugavust kasutamisel.","breadcrumb":{"@id":"https:\/\/kohvieri.ee\/product\/bredemeijer-malm-teekann-henan-075l-oliivhall\/#breadcrumb"},"inLanguage":"et","potentialAction":[{"@type":"ReadAction","target":["https:\/\/kohvieri.ee\/product\/bredemeijer-malm-teekann-henan-075l-oliivhall\/"]}]},{"@type":"ImageObject","inLanguage":"et","@id":"https:\/\/kohvieri.ee\/product\/bredemeijer-malm-teekann-henan-075l-oliivhall\/#primaryimage","url":"https:\/\/kohvieri.ee\/wp-content\/uploads\/2025\/10\/Bredemeijer-malm-teekann-Jang-08l-betoonhall-6.png","contentUrl":"https:\/\/kohvieri.ee\/wp-content\/uploads\/2025\/10\/Bredemeijer-malm-teekann-Jang-08l-betoonhall-6.png","width":1080,"height":1080,"caption":"Bredemeijer malm teekann Henan 0,75l oliivihall"},{"@type":"BreadcrumbList","@id":"https:\/\/kohvieri.ee\/product\/bredemeijer-malm-teekann-henan-075l-oliivhall\/#breadcrumb","itemListElement":[{"@type":"ListItem","position":1,"name":"Home","item":"https:\/\/kohvieri.ee\/et\/"},{"@type":"ListItem","position":2,"name":"E-pood","item":"https:\/\/kohvieri.ee\/et\/e-pood\/"},{"@type":"ListItem","position":3,"name":"Bredemeijer malm teekann Henan 0,75l oliivhall"}]},{"@type":"WebSite","@id":"https:\/\/kohvieri.ee\/et\/#website","url":"https:\/\/kohvieri.ee\/et\/","name":"Kohvieri","description":"Kohvi - ja teepood","publisher":{"@id":"https:\/\/kohvieri.ee\/et\/#organization"},"potentialAction":[{"@type":"SearchAction","target":{"@type":"EntryPoint","urlTemplate":"https:\/\/kohvieri.ee\/et\/?s={search_term_string}"},"query-input":{"@type":"PropertyValueSpecification","valueRequired":true,"valueName":"search_term_string"}}],"inLanguage":"et"},{"@type":"Organization","@id":"https:\/\/kohvieri.ee\/et\/#organization","name":"Kohvieri","url":"https:\/\/kohvieri.ee\/et\/","logo":{"@type":"ImageObject","inLanguage":"et","@id":"https:\/\/kohvieri.ee\/et\/#\/schema\/logo\/image\/","url":"https:\/\/kohvieri.ee\/wp-content\/uploads\/2023\/07\/07cd6507-9210-4922-a9ff-55a59759ce72-e1689614757153.png","contentUrl":"https:\/\/kohvieri.ee\/wp-content\/uploads\/2023\/07\/07cd6507-9210-4922-a9ff-55a59759ce72-e1689614757153.png","width":945,"height":318,"caption":" Kohvieri"},"image":{"@id":"https:\/\/kohvieri.ee\/et\/#\/schema\/logo\/image\/"},"sameAs":["https:\/\/www.facebook.com\/kohvieri","https:\/\/www.instagram.com\/kohvieripood"]}]}},"uagb_featured_image_src":{"full":["https:\/\/kohvieri.ee\/wp-content\/uploads\/2025\/10\/Bredemeijer-malm-teekann-Jang-08l-betoonhall-6.png",1080,1080,false],"thumbnail":["https:\/\/kohvieri.ee\/wp-content\/uploads\/2025\/10\/Bredemeijer-malm-teekann-Jang-08l-betoonhall-6-150x150.png",150,150,true],"medium":["https:\/\/kohvieri.ee\/wp-content\/uploads\/2025\/10\/Bredemeijer-malm-teekann-Jang-08l-betoonhall-6-300x300.png",300,300,true],"medium_large":["https:\/\/kohvieri.ee\/wp-content\/uploads\/2025\/10\/Bredemeijer-malm-teekann-Jang-08l-betoonhall-6-768x768.png",768,768,true],"large":["https:\/\/kohvieri.ee\/wp-content\/uploads\/2025\/10\/Bredemeijer-malm-teekann-Jang-08l-betoonhall-6-1024x1024.png",1024,1024,true],"1536x1536":["https:\/\/kohvieri.ee\/wp-content\/uploads\/2025\/10\/Bredemeijer-malm-teekann-Jang-08l-betoonhall-6.png",1080,1080,false],"2048x2048":["https:\/\/kohvieri.ee\/wp-content\/uploads\/2025\/10\/Bredemeijer-malm-teekann-Jang-08l-betoonhall-6.png",1080,1080,false],"trp-custom-language-flag":["https:\/\/kohvieri.ee\/wp-content\/uploads\/2025\/10\/Bredemeijer-malm-teekann-Jang-08l-betoonhall-6-12x12.png",12,12,true],"woocommerce_thumbnail":["https:\/\/kohvieri.ee\/wp-content\/uploads\/2025\/10\/Bredemeijer-malm-teekann-Jang-08l-betoonhall-6-300x300.png",300,300,true],"woocommerce_single":["https:\/\/kohvieri.ee\/wp-content\/uploads\/2025\/10\/Bredemeijer-malm-teekann-Jang-08l-betoonhall-6-600x600.png",600,600,true],"woocommerce_gallery_thumbnail":["https:\/\/kohvieri.ee\/wp-content\/uploads\/2025\/10\/Bredemeijer-malm-teekann-Jang-08l-betoonhall-6-100x100.png",100,100,true]},"uagb_author_info":{"display_name":"Kohvieri","author_link":"https:\/\/kohvieri.ee\/et\/author\/"},"uagb_comment_info":0,"uagb_excerpt":"Bredemeijeri malmist teekann \u2013 puidust nupuga (0,75 liitrit) Tee kui oaas \u2013 stiilne, vastupidav ja rahulik See malmist teekann on loodud inimestele, kes teevad teadlikke valikuid. Kelle jaoks tee ei ole kiirustamine, vaid rahu, t\u00e4helepanu ja \u00fchenduse rituaal. \u00dcmar, minimalistlik disain ja matt viimistlus annavad kannule rahuliku v\u00e4limuse, samas kui puidust nupp ja metallist k\u00e4epide&hellip;","jetpack_sharing_enabled":true,"_links":{"self":[{"href":"https:\/\/kohvieri.ee\/et\/wp-json\/wp\/v2\/product\/15861","targetHints":{"allow":["GET"]}}],"collection":[{"href":"https:\/\/kohvieri.ee\/et\/wp-json\/wp\/v2\/product"}],"about":[{"href":"https:\/\/kohvieri.ee\/et\/wp-json\/wp\/v2\/types\/product"}],"version-history":[{"count":1,"href":"https:\/\/kohvieri.ee\/et\/wp-json\/wp\/v2\/product\/15861\/revisions"}],"predecessor-version":[{"id":15867,"href":"https:\/\/kohvieri.ee\/et\/wp-json\/wp\/v2\/product\/15861\/revisions\/15867"}],"wp:featuredmedia":[{"embeddable":true,"href":"https:\/\/kohvieri.ee\/et\/wp-json\/wp\/v2\/media\/15862"}],"wp:attachment":[{"href":"https:\/\/kohvieri.ee\/et\/wp-json\/wp\/v2\/media?parent=15861"}],"wp:term":[{"taxonomy":"product_brand","embeddable":true,"href":"https:\/\/kohvieri.ee\/et\/wp-json\/wp\/v2\/product_brand?post=15861"},{"taxonomy":"product_cat","embeddable":true,"href":"https:\/\/kohvieri.ee\/et\/wp-json\/wp\/v2\/product_cat?post=15861"},{"taxonomy":"product_tag","embeddable":true,"href":"https:\/\/kohvieri.ee\/et\/wp-json\/wp\/v2\/product_tag?post=15861"}],"curies":[{"name":"wp","href":"https:\/\/api.w.org\/{rel}","templated":true}]}}