{"id":16288,"date":"2026-01-26T19:09:53","date_gmt":"2026-01-26T19:09:53","guid":{"rendered":"https:\/\/kohvieri.ee\/?post_type=product&#038;p=16288"},"modified":"2026-01-26T19:20:07","modified_gmt":"2026-01-26T19:20:07","slug":"weis-termospudel-joogifunktsiooniga-kaanega-1l-tumehall","status":"publish","type":"product","link":"https:\/\/kohvieri.ee\/et\/product\/weis-termospudel-joogifunktsiooniga-kaanega-1l-tumehall\/","title":{"rendered":"Weis Termospudel joogifunktsiooniga kaanega 1l, tumehall"},"content":{"rendered":"\t\t<div data-elementor-type=\"wp-post\" data-elementor-id=\"16288\" class=\"elementor elementor-16288\">\n\t\t\t\t<div class=\"elementor-element elementor-element-8006cfb e-flex e-con-boxed e-con e-parent\" data-id=\"8006cfb\" data-element_type=\"container\" data-e-type=\"container\">\n\t\t\t\t\t<div class=\"e-con-inner\">\n\t\t\t\t\t<\/div>\n\t\t\t\t<\/div>\n\t\t\t\t<\/div>\n\t\t","protected":false},"excerpt":{"rendered":"<ul>\n<li><span dir=\"auto\">roostevabast terasest, topeltseinaga<\/span><\/li>\n<li><span dir=\"auto\">\u00a0ainulaadne vaakumisolatsioon \u2013 hoiab joogid kuumana kuni 18 tundi v\u00f5i k\u00fclmana kuni 24 tundi<\/span><\/li>\n<li><span dir=\"auto\">\u00a0kaas kandek\u00e4epideme ja integreeritud joomise- ja valamiss\u00fcsteemiga<\/span><\/li>\n<li><span dir=\"auto\">\u00a0kvaliteetne roostevaba teras \u2013 maitsetu, toiduohutu ja purunemiskindel<\/span><\/li>\n<li><span style=\"font-size: 16px;\">\u00a0100% lekkekindel t\u00e4nu kaane kvaliteetsele silikoontihendile<\/span><span dir=\"auto\">M\u00e4rkus: ei sobi gaseeritud jookide jaoks.<\/span><\/li>\n<\/ul>\n<ul>\n<li>pikkus: 8,3cm<\/li>\n<li class=\"base-info--entry entry--width\">laius:8,3<span class=\"entry--content\">cm<\/span><\/li>\n<li class=\"base-info--entry entry--height\">k\u00f5rgus:\u00a0<span class=\"entry--content\">30,8cm<\/span><\/li>\n<\/ul>\n<p>P\u00e4ritolumaa: Saksamaa<\/p>\n<p><a href=\"https:\/\/kohvieri.ee\/kohvikannud\/\">Loe rohkem tarvikutest<\/a><\/p>\n<div>\n<p>&nbsp;<\/p>\n<\/div>\n","protected":false},"featured_media":16290,"template":"","meta":{"_uag_custom_page_level_css":"","site-sidebar-layout":"no-sidebar","site-content-layout":"plain-container","ast-site-content-layout":"normal-width-container","site-content-style":"unboxed","site-sidebar-style":"unboxed","ast-global-header-display":"","ast-banner-title-visibility":"","ast-main-header-display":"","ast-hfb-above-header-display":"","ast-hfb-below-header-display":"","ast-hfb-mobile-header-display":"","site-post-title":"disabled","ast-breadcrumbs-content":"","ast-featured-img":"disabled","footer-sml-layout":"","ast-disable-related-posts":"","theme-transparent-header-meta":"default","adv-header-id-meta":"","stick-header-meta":"default","header-above-stick-meta":"","header-main-stick-meta":"","header-below-stick-meta":"","astra-migrate-meta-layouts":"set","ast-page-background-enabled":"default","ast-page-background-meta":{"desktop":{"background-color":"var(--ast-global-color-4)","background-image":"","background-repeat":"repeat","background-position":"center center","background-size":"auto","background-attachment":"scroll","background-type":"","background-media":"","overlay-type":"","overlay-color":"","overlay-opacity":"","overlay-gradient":""},"tablet":{"background-color":"","background-image":"","background-repeat":"repeat","background-position":"center center","background-size":"auto","background-attachment":"scroll","background-type":"","background-media":"","overlay-type":"","overlay-color":"","overlay-opacity":"","overlay-gradient":""},"mobile":{"background-color":"","background-image":"","background-repeat":"repeat","background-position":"center center","background-size":"auto","background-attachment":"scroll","background-type":"","background-media":"","overlay-type":"","overlay-color":"","overlay-opacity":"","overlay-gradient":""}},"ast-content-background-meta":{"desktop":{"background-color":"var(--ast-global-color-5)","background-image":"","background-repeat":"repeat","background-position":"center center","background-size":"auto","background-attachment":"scroll","background-type":"","background-media":"","overlay-type":"","overlay-color":"","overlay-opacity":"","overlay-gradient":""},"tablet":{"background-color":"var(--ast-global-color-5)","background-image":"","background-repeat":"repeat","background-position":"center center","background-size":"auto","background-attachment":"scroll","background-type":"","background-media":"","overlay-type":"","overlay-color":"","overlay-opacity":"","overlay-gradient":""},"mobile":{"background-color":"var(--ast-global-color-5)","background-image":"","background-repeat":"repeat","background-position":"center center","background-size":"auto","background-attachment":"scroll","background-type":"","background-media":"","overlay-type":"","overlay-color":"","overlay-opacity":"","overlay-gradient":""}}},"product_brand":[],"product_cat":[120,49],"product_tag":[149],"class_list":{"0":"post-16288","1":"product","2":"type-product","3":"status-publish","4":"has-post-thumbnail","6":"product_cat-muud-tarvikud","7":"product_cat-tarvikud","8":"product_tag-termos","9":"desktop-align-center","10":"tablet-align-left","11":"mobile-align-left","13":"first","14":"instock","15":"taxable","16":"shipping-taxable","17":"purchasable","18":"product-type-simple"},"yoast_head":"<!-- This site is optimized with the Yoast SEO plugin v27.5 - https:\/\/yoast.com\/product\/yoast-seo-wordpress\/ -->\n<title>Weis Termospudel joogifunktsiooniga kaanega 1l, tumehall - Kohvieri<\/title>\n<meta name=\"description\" content=\"Termospudel joogifunktsiooniga kaanega, 1l tumehall, hoiab joogid kuumana kuni 18 tundi v\u00f5i k\u00fclmana kuni 24 tundi\" \/>\n<meta name=\"robots\" content=\"index, follow, max-snippet:-1, max-image-preview:large, max-video-preview:-1\" \/>\n<link rel=\"canonical\" href=\"https:\/\/kohvieri.ee\/et\/product\/weis-termospudel-joogifunktsiooniga-kaanega-1l-tumehall\/\" \/>\n<meta property=\"og:locale\" content=\"et_EE\" \/>\n<meta property=\"og:type\" content=\"article\" \/>\n<meta property=\"og:title\" content=\"Weis Termospudel joogifunktsiooniga kaanega 1l, tumehall - Kohvieri\" \/>\n<meta property=\"og:description\" content=\"Termospudel joogifunktsiooniga kaanega, 1l tumehall, hoiab joogid kuumana kuni 18 tundi v\u00f5i k\u00fclmana kuni 24 tundi\" \/>\n<meta property=\"og:url\" content=\"https:\/\/kohvieri.ee\/et\/product\/weis-termospudel-joogifunktsiooniga-kaanega-1l-tumehall\/\" \/>\n<meta property=\"og:site_name\" content=\"Kohvieri\" \/>\n<meta property=\"article:publisher\" content=\"https:\/\/www.facebook.com\/kohvieri\" \/>\n<meta property=\"article:modified_time\" content=\"2026-01-26T19:20:07+00:00\" \/>\n<meta property=\"og:image\" content=\"https:\/\/kohvieri.ee\/wp-content\/uploads\/2026\/01\/Termospudel-joogifunktsiooniga-kaanega-1-L-hall.jpg\" \/>\n\t<meta property=\"og:image:width\" content=\"1800\" \/>\n\t<meta property=\"og:image:height\" content=\"1200\" \/>\n\t<meta property=\"og:image:type\" content=\"image\/jpeg\" \/>\n<meta name=\"twitter:card\" content=\"summary_large_image\" \/>\n<meta name=\"twitter:label1\" content=\"Est. reading time\" \/>\n\t<meta name=\"twitter:data1\" content=\"1 minut\" \/>\n<script type=\"application\/ld+json\" class=\"yoast-schema-graph\">{\"@context\":\"https:\\\/\\\/schema.org\",\"@graph\":[{\"@type\":\"WebPage\",\"@id\":\"https:\\\/\\\/kohvieri.ee\\\/product\\\/weis-termospudel-joogifunktsiooniga-kaanega-1l-tumehall\\\/\",\"url\":\"https:\\\/\\\/kohvieri.ee\\\/product\\\/weis-termospudel-joogifunktsiooniga-kaanega-1l-tumehall\\\/\",\"name\":\"Weis Termospudel joogifunktsiooniga kaanega 1l, tumehall - Kohvieri\",\"isPartOf\":{\"@id\":\"https:\\\/\\\/kohvieri.ee\\\/et\\\/#website\"},\"primaryImageOfPage\":{\"@id\":\"https:\\\/\\\/kohvieri.ee\\\/product\\\/weis-termospudel-joogifunktsiooniga-kaanega-1l-tumehall\\\/#primaryimage\"},\"image\":{\"@id\":\"https:\\\/\\\/kohvieri.ee\\\/product\\\/weis-termospudel-joogifunktsiooniga-kaanega-1l-tumehall\\\/#primaryimage\"},\"thumbnailUrl\":\"https:\\\/\\\/kohvieri.ee\\\/wp-content\\\/uploads\\\/2026\\\/01\\\/Termospudel-joogifunktsiooniga-kaanega-1-L-hall.jpg\",\"datePublished\":\"2026-01-26T19:09:53+00:00\",\"dateModified\":\"2026-01-26T19:20:07+00:00\",\"description\":\"Termospudel joogifunktsiooniga kaanega, 1l tumehall, hoiab joogid kuumana kuni 18 tundi v\u00f5i k\u00fclmana kuni 24 tundi\",\"breadcrumb\":{\"@id\":\"https:\\\/\\\/kohvieri.ee\\\/product\\\/weis-termospudel-joogifunktsiooniga-kaanega-1l-tumehall\\\/#breadcrumb\"},\"inLanguage\":\"et\",\"potentialAction\":[{\"@type\":\"ReadAction\",\"target\":[\"https:\\\/\\\/kohvieri.ee\\\/product\\\/weis-termospudel-joogifunktsiooniga-kaanega-1l-tumehall\\\/\"]}]},{\"@type\":\"ImageObject\",\"inLanguage\":\"et\",\"@id\":\"https:\\\/\\\/kohvieri.ee\\\/product\\\/weis-termospudel-joogifunktsiooniga-kaanega-1l-tumehall\\\/#primaryimage\",\"url\":\"https:\\\/\\\/kohvieri.ee\\\/wp-content\\\/uploads\\\/2026\\\/01\\\/Termospudel-joogifunktsiooniga-kaanega-1-L-hall.jpg\",\"contentUrl\":\"https:\\\/\\\/kohvieri.ee\\\/wp-content\\\/uploads\\\/2026\\\/01\\\/Termospudel-joogifunktsiooniga-kaanega-1-L-hall.jpg\",\"width\":1800,\"height\":1200,\"caption\":\"Termospudel joogifunktsiooniga kaanega, 1 L, hall\"},{\"@type\":\"BreadcrumbList\",\"@id\":\"https:\\\/\\\/kohvieri.ee\\\/product\\\/weis-termospudel-joogifunktsiooniga-kaanega-1l-tumehall\\\/#breadcrumb\",\"itemListElement\":[{\"@type\":\"ListItem\",\"position\":1,\"name\":\"Home\",\"item\":\"https:\\\/\\\/kohvieri.ee\\\/et\\\/\"},{\"@type\":\"ListItem\",\"position\":2,\"name\":\"E-pood\",\"item\":\"https:\\\/\\\/kohvieri.ee\\\/et\\\/e-pood\\\/\"},{\"@type\":\"ListItem\",\"position\":3,\"name\":\"Weis Termospudel joogifunktsiooniga kaanega 1l, tumehall\"}]},{\"@type\":\"WebSite\",\"@id\":\"https:\\\/\\\/kohvieri.ee\\\/et\\\/#website\",\"url\":\"https:\\\/\\\/kohvieri.ee\\\/et\\\/\",\"name\":\"Kohvieri\",\"description\":\"Kohvi - ja teepood\",\"publisher\":{\"@id\":\"https:\\\/\\\/kohvieri.ee\\\/et\\\/#organization\"},\"potentialAction\":[{\"@type\":\"SearchAction\",\"target\":{\"@type\":\"EntryPoint\",\"urlTemplate\":\"https:\\\/\\\/kohvieri.ee\\\/et\\\/?s={search_term_string}\"},\"query-input\":{\"@type\":\"PropertyValueSpecification\",\"valueRequired\":true,\"valueName\":\"search_term_string\"}}],\"inLanguage\":\"et\"},{\"@type\":\"Organization\",\"@id\":\"https:\\\/\\\/kohvieri.ee\\\/et\\\/#organization\",\"name\":\"Kohvieri\",\"url\":\"https:\\\/\\\/kohvieri.ee\\\/et\\\/\",\"logo\":{\"@type\":\"ImageObject\",\"inLanguage\":\"et\",\"@id\":\"https:\\\/\\\/kohvieri.ee\\\/et\\\/#\\\/schema\\\/logo\\\/image\\\/\",\"url\":\"https:\\\/\\\/kohvieri.ee\\\/wp-content\\\/uploads\\\/2023\\\/07\\\/07cd6507-9210-4922-a9ff-55a59759ce72-e1689614757153.png\",\"contentUrl\":\"https:\\\/\\\/kohvieri.ee\\\/wp-content\\\/uploads\\\/2023\\\/07\\\/07cd6507-9210-4922-a9ff-55a59759ce72-e1689614757153.png\",\"width\":945,\"height\":318,\"caption\":\" Kohvieri\"},\"image\":{\"@id\":\"https:\\\/\\\/kohvieri.ee\\\/et\\\/#\\\/schema\\\/logo\\\/image\\\/\"},\"sameAs\":[\"https:\\\/\\\/www.facebook.com\\\/kohvieri\",\"https:\\\/\\\/www.instagram.com\\\/kohvieripood\"]}]}<\/script>\n<!-- \/ Yoast SEO plugin. -->","yoast_head_json":{"title":"Weis Termospudel joogifunktsiooniga kaanega 1l, tumehall - Kohvieri","description":"Termospudel joogifunktsiooniga kaanega, 1l tumehall, hoiab joogid kuumana kuni 18 tundi v\u00f5i k\u00fclmana kuni 24 tundi","robots":{"index":"index","follow":"follow","max-snippet":"max-snippet:-1","max-image-preview":"max-image-preview:large","max-video-preview":"max-video-preview:-1"},"canonical":"https:\/\/kohvieri.ee\/et\/product\/weis-termospudel-joogifunktsiooniga-kaanega-1l-tumehall\/","og_locale":"et_EE","og_type":"article","og_title":"Weis Termospudel joogifunktsiooniga kaanega 1l, tumehall - Kohvieri","og_description":"Termospudel joogifunktsiooniga kaanega, 1l tumehall, hoiab joogid kuumana kuni 18 tundi v\u00f5i k\u00fclmana kuni 24 tundi","og_url":"https:\/\/kohvieri.ee\/et\/product\/weis-termospudel-joogifunktsiooniga-kaanega-1l-tumehall\/","og_site_name":"Kohvieri","article_publisher":"https:\/\/www.facebook.com\/kohvieri","article_modified_time":"2026-01-26T19:20:07+00:00","og_image":[{"width":1800,"height":1200,"url":"https:\/\/kohvieri.ee\/wp-content\/uploads\/2026\/01\/Termospudel-joogifunktsiooniga-kaanega-1-L-hall.jpg","type":"image\/jpeg"}],"twitter_card":"summary_large_image","twitter_misc":{"Est. reading time":"1 minut"},"schema":{"@context":"https:\/\/schema.org","@graph":[{"@type":"WebPage","@id":"https:\/\/kohvieri.ee\/product\/weis-termospudel-joogifunktsiooniga-kaanega-1l-tumehall\/","url":"https:\/\/kohvieri.ee\/product\/weis-termospudel-joogifunktsiooniga-kaanega-1l-tumehall\/","name":"Weis Termospudel joogifunktsiooniga kaanega 1l, tumehall - Kohvieri","isPartOf":{"@id":"https:\/\/kohvieri.ee\/et\/#website"},"primaryImageOfPage":{"@id":"https:\/\/kohvieri.ee\/product\/weis-termospudel-joogifunktsiooniga-kaanega-1l-tumehall\/#primaryimage"},"image":{"@id":"https:\/\/kohvieri.ee\/product\/weis-termospudel-joogifunktsiooniga-kaanega-1l-tumehall\/#primaryimage"},"thumbnailUrl":"https:\/\/kohvieri.ee\/wp-content\/uploads\/2026\/01\/Termospudel-joogifunktsiooniga-kaanega-1-L-hall.jpg","datePublished":"2026-01-26T19:09:53+00:00","dateModified":"2026-01-26T19:20:07+00:00","description":"Termospudel joogifunktsiooniga kaanega, 1l tumehall, hoiab joogid kuumana kuni 18 tundi v\u00f5i k\u00fclmana kuni 24 tundi","breadcrumb":{"@id":"https:\/\/kohvieri.ee\/product\/weis-termospudel-joogifunktsiooniga-kaanega-1l-tumehall\/#breadcrumb"},"inLanguage":"et","potentialAction":[{"@type":"ReadAction","target":["https:\/\/kohvieri.ee\/product\/weis-termospudel-joogifunktsiooniga-kaanega-1l-tumehall\/"]}]},{"@type":"ImageObject","inLanguage":"et","@id":"https:\/\/kohvieri.ee\/product\/weis-termospudel-joogifunktsiooniga-kaanega-1l-tumehall\/#primaryimage","url":"https:\/\/kohvieri.ee\/wp-content\/uploads\/2026\/01\/Termospudel-joogifunktsiooniga-kaanega-1-L-hall.jpg","contentUrl":"https:\/\/kohvieri.ee\/wp-content\/uploads\/2026\/01\/Termospudel-joogifunktsiooniga-kaanega-1-L-hall.jpg","width":1800,"height":1200,"caption":"Termospudel joogifunktsiooniga kaanega, 1 L, hall"},{"@type":"BreadcrumbList","@id":"https:\/\/kohvieri.ee\/product\/weis-termospudel-joogifunktsiooniga-kaanega-1l-tumehall\/#breadcrumb","itemListElement":[{"@type":"ListItem","position":1,"name":"Home","item":"https:\/\/kohvieri.ee\/et\/"},{"@type":"ListItem","position":2,"name":"E-pood","item":"https:\/\/kohvieri.ee\/et\/e-pood\/"},{"@type":"ListItem","position":3,"name":"Weis Termospudel joogifunktsiooniga kaanega 1l, tumehall"}]},{"@type":"WebSite","@id":"https:\/\/kohvieri.ee\/et\/#website","url":"https:\/\/kohvieri.ee\/et\/","name":"Kohvieri","description":"Kohvi - ja teepood","publisher":{"@id":"https:\/\/kohvieri.ee\/et\/#organization"},"potentialAction":[{"@type":"SearchAction","target":{"@type":"EntryPoint","urlTemplate":"https:\/\/kohvieri.ee\/et\/?s={search_term_string}"},"query-input":{"@type":"PropertyValueSpecification","valueRequired":true,"valueName":"search_term_string"}}],"inLanguage":"et"},{"@type":"Organization","@id":"https:\/\/kohvieri.ee\/et\/#organization","name":"Kohvieri","url":"https:\/\/kohvieri.ee\/et\/","logo":{"@type":"ImageObject","inLanguage":"et","@id":"https:\/\/kohvieri.ee\/et\/#\/schema\/logo\/image\/","url":"https:\/\/kohvieri.ee\/wp-content\/uploads\/2023\/07\/07cd6507-9210-4922-a9ff-55a59759ce72-e1689614757153.png","contentUrl":"https:\/\/kohvieri.ee\/wp-content\/uploads\/2023\/07\/07cd6507-9210-4922-a9ff-55a59759ce72-e1689614757153.png","width":945,"height":318,"caption":" Kohvieri"},"image":{"@id":"https:\/\/kohvieri.ee\/et\/#\/schema\/logo\/image\/"},"sameAs":["https:\/\/www.facebook.com\/kohvieri","https:\/\/www.instagram.com\/kohvieripood"]}]}},"uagb_featured_image_src":{"full":["https:\/\/kohvieri.ee\/wp-content\/uploads\/2026\/01\/Termospudel-joogifunktsiooniga-kaanega-1-L-hall.jpg",1800,1200,false],"thumbnail":["https:\/\/kohvieri.ee\/wp-content\/uploads\/2026\/01\/Termospudel-joogifunktsiooniga-kaanega-1-L-hall-150x150.jpg",150,150,true],"medium":["https:\/\/kohvieri.ee\/wp-content\/uploads\/2026\/01\/Termospudel-joogifunktsiooniga-kaanega-1-L-hall-300x200.jpg",300,200,true],"medium_large":["https:\/\/kohvieri.ee\/wp-content\/uploads\/2026\/01\/Termospudel-joogifunktsiooniga-kaanega-1-L-hall-768x512.jpg",768,512,true],"large":["https:\/\/kohvieri.ee\/wp-content\/uploads\/2026\/01\/Termospudel-joogifunktsiooniga-kaanega-1-L-hall-1024x683.jpg",1024,683,true],"1536x1536":["https:\/\/kohvieri.ee\/wp-content\/uploads\/2026\/01\/Termospudel-joogifunktsiooniga-kaanega-1-L-hall-1536x1024.jpg",1536,1024,true],"2048x2048":["https:\/\/kohvieri.ee\/wp-content\/uploads\/2026\/01\/Termospudel-joogifunktsiooniga-kaanega-1-L-hall.jpg",1800,1200,false],"trp-custom-language-flag":["https:\/\/kohvieri.ee\/wp-content\/uploads\/2026\/01\/Termospudel-joogifunktsiooniga-kaanega-1-L-hall-18x12.jpg",18,12,true],"woocommerce_thumbnail":["https:\/\/kohvieri.ee\/wp-content\/uploads\/2026\/01\/Termospudel-joogifunktsiooniga-kaanega-1-L-hall-300x300.jpg",300,300,true],"woocommerce_single":["https:\/\/kohvieri.ee\/wp-content\/uploads\/2026\/01\/Termospudel-joogifunktsiooniga-kaanega-1-L-hall-600x400.jpg",600,400,true],"woocommerce_gallery_thumbnail":["https:\/\/kohvieri.ee\/wp-content\/uploads\/2026\/01\/Termospudel-joogifunktsiooniga-kaanega-1-L-hall-100x100.jpg",100,100,true]},"uagb_author_info":{"display_name":"Kohvieri","author_link":"https:\/\/kohvieri.ee\/et\/author\/"},"uagb_comment_info":0,"uagb_excerpt":"roostevabast terasest, topeltseinaga \u00a0ainulaadne vaakumisolatsioon \u2013 hoiab joogid kuumana kuni 18 tundi v\u00f5i k\u00fclmana kuni 24 tundi \u00a0kaas kandek\u00e4epideme ja integreeritud joomise- ja valamiss\u00fcsteemiga \u00a0kvaliteetne roostevaba teras \u2013 maitsetu, toiduohutu ja purunemiskindel \u00a0100% lekkekindel t\u00e4nu kaane kvaliteetsele silikoontihendileM\u00e4rkus: ei sobi gaseeritud jookide jaoks. pikkus: 8,3cm laius:8,3cm k\u00f5rgus:\u00a030,8cm P\u00e4ritolumaa: Saksamaa Loe rohkem tarvikutest &nbsp;","jetpack_sharing_enabled":true,"_links":{"self":[{"href":"https:\/\/kohvieri.ee\/et\/wp-json\/wp\/v2\/product\/16288","targetHints":{"allow":["GET"]}}],"collection":[{"href":"https:\/\/kohvieri.ee\/et\/wp-json\/wp\/v2\/product"}],"about":[{"href":"https:\/\/kohvieri.ee\/et\/wp-json\/wp\/v2\/types\/product"}],"version-history":[{"count":1,"href":"https:\/\/kohvieri.ee\/et\/wp-json\/wp\/v2\/product\/16288\/revisions"}],"predecessor-version":[{"id":16291,"href":"https:\/\/kohvieri.ee\/et\/wp-json\/wp\/v2\/product\/16288\/revisions\/16291"}],"wp:featuredmedia":[{"embeddable":true,"href":"https:\/\/kohvieri.ee\/et\/wp-json\/wp\/v2\/media\/16290"}],"wp:attachment":[{"href":"https:\/\/kohvieri.ee\/et\/wp-json\/wp\/v2\/media?parent=16288"}],"wp:term":[{"taxonomy":"product_brand","embeddable":true,"href":"https:\/\/kohvieri.ee\/et\/wp-json\/wp\/v2\/product_brand?post=16288"},{"taxonomy":"product_cat","embeddable":true,"href":"https:\/\/kohvieri.ee\/et\/wp-json\/wp\/v2\/product_cat?post=16288"},{"taxonomy":"product_tag","embeddable":true,"href":"https:\/\/kohvieri.ee\/et\/wp-json\/wp\/v2\/product_tag?post=16288"}],"curies":[{"name":"wp","href":"https:\/\/api.w.org\/{rel}","templated":true}]}}