{"id":16427,"date":"2026-02-08T14:28:47","date_gmt":"2026-02-08T14:28:47","guid":{"rendered":"https:\/\/kohvieri.ee\/?post_type=product&#038;p=16427"},"modified":"2026-02-08T14:44:44","modified_gmt":"2026-02-08T14:44:44","slug":"espresso-blend","status":"publish","type":"product","link":"https:\/\/kohvieri.ee\/et\/product\/espresso-blend\/","title":{"rendered":"Espresso Blend"},"content":{"rendered":"","protected":false},"excerpt":{"rendered":"<p>Espresso Blend\u00a0 on happeline, aromaatne\u00a0 espresso segu Columbia, Peruu, Brasiilia, Hondurase araabika kohvi ubadest.<\/p>\n<p>Kohvioad pakendatakse kohapeal vastavalt Sinu soovitud kogusele ning jahvatusele (uba, espresso, filterkann, Itaalia moka kann, presskann, T\u00fcrgi kohv). V\u00e4rskelt jahvatatud kohv s\u00e4ilib suletud pakendis u pool aastat.<\/p>\n<p><a href=\"https:\/\/kohvieri.ee\/et\/kohvist\/\">Loe kohvist rohkem<\/a><\/p>\n","protected":false},"featured_media":7970,"template":"","meta":{"_uag_custom_page_level_css":"","site-sidebar-layout":"default","site-content-layout":"default","ast-site-content-layout":"default","site-content-style":"default","site-sidebar-style":"default","ast-global-header-display":"","ast-banner-title-visibility":"","ast-main-header-display":"","ast-hfb-above-header-display":"","ast-hfb-below-header-display":"","ast-hfb-mobile-header-display":"","site-post-title":"","ast-breadcrumbs-content":"","ast-featured-img":"","footer-sml-layout":"","ast-disable-related-posts":"","theme-transparent-header-meta":"default","adv-header-id-meta":"","stick-header-meta":"default","header-above-stick-meta":"","header-main-stick-meta":"","header-below-stick-meta":"","astra-migrate-meta-layouts":"set","ast-page-background-enabled":"default","ast-page-background-meta":{"desktop":{"background-color":"var(--ast-global-color-4)","background-image":"","background-repeat":"repeat","background-position":"center center","background-size":"auto","background-attachment":"scroll","background-type":"","background-media":"","overlay-type":"","overlay-color":"","overlay-opacity":"","overlay-gradient":""},"tablet":{"background-color":"","background-image":"","background-repeat":"repeat","background-position":"center center","background-size":"auto","background-attachment":"scroll","background-type":"","background-media":"","overlay-type":"","overlay-color":"","overlay-opacity":"","overlay-gradient":""},"mobile":{"background-color":"","background-image":"","background-repeat":"repeat","background-position":"center center","background-size":"auto","background-attachment":"scroll","background-type":"","background-media":"","overlay-type":"","overlay-color":"","overlay-opacity":"","overlay-gradient":""}},"ast-content-background-meta":{"desktop":{"background-color":"var(--ast-global-color-5)","background-image":"","background-repeat":"repeat","background-position":"center center","background-size":"auto","background-attachment":"scroll","background-type":"","background-media":"","overlay-type":"","overlay-color":"","overlay-opacity":"","overlay-gradient":""},"tablet":{"background-color":"var(--ast-global-color-5)","background-image":"","background-repeat":"repeat","background-position":"center center","background-size":"auto","background-attachment":"scroll","background-type":"","background-media":"","overlay-type":"","overlay-color":"","overlay-opacity":"","overlay-gradient":""},"mobile":{"background-color":"var(--ast-global-color-5)","background-image":"","background-repeat":"repeat","background-position":"center center","background-size":"auto","background-attachment":"scroll","background-type":"","background-media":"","overlay-type":"","overlay-color":"","overlay-opacity":"","overlay-gradient":""}}},"product_brand":[],"product_cat":[46,81],"product_tag":[],"class_list":{"0":"post-16427","1":"product","2":"type-product","3":"status-publish","4":"has-post-thumbnail","6":"product_cat-kohvid","7":"product_cat-paritolumaa-kohv","8":"pa_jahvatus-espresso","9":"pa_jahvatus-filter","10":"pa_jahvatus-itaalia-mokakann","11":"pa_jahvatus-presskann","12":"pa_jahvatus-turgi-kohv","13":"pa_jahvatus-uba","14":"desktop-align-center","15":"tablet-align-left","16":"mobile-align-left","18":"first","19":"instock","20":"taxable","21":"shipping-taxable","22":"purchasable","23":"product-type-variable"},"yoast_head":"<!-- This site is optimized with the Yoast SEO plugin v27.5 - https:\/\/yoast.com\/product\/yoast-seo-wordpress\/ -->\n<title>Espresso Blend - Kohvieri<\/title>\n<meta name=\"description\" content=\"Espresso Blend\u00a0 on happeline, aromaatne\u00a0 espresso segu Columbia, Peruu, Brasiilia, Hondurase araabika kohvi ubadest.\" \/>\n<meta name=\"robots\" content=\"index, follow, max-snippet:-1, max-image-preview:large, max-video-preview:-1\" \/>\n<link rel=\"canonical\" href=\"https:\/\/kohvieri.ee\/et\/product\/espresso-blend\/\" \/>\n<meta property=\"og:locale\" content=\"et_EE\" \/>\n<meta property=\"og:type\" content=\"article\" \/>\n<meta property=\"og:title\" content=\"Espresso Blend - Kohvieri\" \/>\n<meta property=\"og:description\" content=\"Espresso Blend\u00a0 on happeline, aromaatne\u00a0 espresso segu Columbia, Peruu, Brasiilia, Hondurase araabika kohvi ubadest.\" \/>\n<meta property=\"og:url\" content=\"https:\/\/kohvieri.ee\/et\/product\/espresso-blend\/\" \/>\n<meta property=\"og:site_name\" content=\"Kohvieri\" \/>\n<meta property=\"article:publisher\" content=\"https:\/\/www.facebook.com\/kohvieri\" \/>\n<meta property=\"article:modified_time\" content=\"2026-02-08T14:44:44+00:00\" \/>\n<meta property=\"og:image\" content=\"https:\/\/kohvieri.ee\/wp-content\/uploads\/2023\/06\/Dusty-Beige-Rustic-Hotel-Logo-1.png\" \/>\n\t<meta property=\"og:image:width\" content=\"500\" \/>\n\t<meta property=\"og:image:height\" content=\"500\" \/>\n\t<meta property=\"og:image:type\" content=\"image\/png\" \/>\n<meta name=\"twitter:card\" content=\"summary_large_image\" \/>\n<meta name=\"twitter:label1\" content=\"Est. reading time\" \/>\n\t<meta name=\"twitter:data1\" content=\"1 minut\" \/>\n<script type=\"application\/ld+json\" class=\"yoast-schema-graph\">{\"@context\":\"https:\\\/\\\/schema.org\",\"@graph\":[{\"@type\":\"WebPage\",\"@id\":\"https:\\\/\\\/kohvieri.ee\\\/product\\\/espresso-blend\\\/\",\"url\":\"https:\\\/\\\/kohvieri.ee\\\/product\\\/espresso-blend\\\/\",\"name\":\"Espresso Blend - Kohvieri\",\"isPartOf\":{\"@id\":\"https:\\\/\\\/kohvieri.ee\\\/et\\\/#website\"},\"primaryImageOfPage\":{\"@id\":\"https:\\\/\\\/kohvieri.ee\\\/product\\\/espresso-blend\\\/#primaryimage\"},\"image\":{\"@id\":\"https:\\\/\\\/kohvieri.ee\\\/product\\\/espresso-blend\\\/#primaryimage\"},\"thumbnailUrl\":\"https:\\\/\\\/kohvieri.ee\\\/wp-content\\\/uploads\\\/2023\\\/06\\\/Dusty-Beige-Rustic-Hotel-Logo-1.png\",\"datePublished\":\"2026-02-08T14:28:47+00:00\",\"dateModified\":\"2026-02-08T14:44:44+00:00\",\"description\":\"Espresso Blend\u00a0 on happeline, aromaatne\u00a0 espresso segu Columbia, Peruu, Brasiilia, Hondurase araabika kohvi ubadest.\",\"breadcrumb\":{\"@id\":\"https:\\\/\\\/kohvieri.ee\\\/product\\\/espresso-blend\\\/#breadcrumb\"},\"inLanguage\":\"et\",\"potentialAction\":[{\"@type\":\"ReadAction\",\"target\":[\"https:\\\/\\\/kohvieri.ee\\\/product\\\/espresso-blend\\\/\"]}]},{\"@type\":\"ImageObject\",\"inLanguage\":\"et\",\"@id\":\"https:\\\/\\\/kohvieri.ee\\\/product\\\/espresso-blend\\\/#primaryimage\",\"url\":\"https:\\\/\\\/kohvieri.ee\\\/wp-content\\\/uploads\\\/2023\\\/06\\\/Dusty-Beige-Rustic-Hotel-Logo-1.png\",\"contentUrl\":\"https:\\\/\\\/kohvieri.ee\\\/wp-content\\\/uploads\\\/2023\\\/06\\\/Dusty-Beige-Rustic-Hotel-Logo-1.png\",\"width\":500,\"height\":500,\"caption\":\"maitsekohv\"},{\"@type\":\"BreadcrumbList\",\"@id\":\"https:\\\/\\\/kohvieri.ee\\\/product\\\/espresso-blend\\\/#breadcrumb\",\"itemListElement\":[{\"@type\":\"ListItem\",\"position\":1,\"name\":\"Home\",\"item\":\"https:\\\/\\\/kohvieri.ee\\\/et\\\/\"},{\"@type\":\"ListItem\",\"position\":2,\"name\":\"E-pood\",\"item\":\"https:\\\/\\\/kohvieri.ee\\\/et\\\/e-pood\\\/\"},{\"@type\":\"ListItem\",\"position\":3,\"name\":\"Espresso Blend\"}]},{\"@type\":\"WebSite\",\"@id\":\"https:\\\/\\\/kohvieri.ee\\\/et\\\/#website\",\"url\":\"https:\\\/\\\/kohvieri.ee\\\/et\\\/\",\"name\":\"Kohvieri\",\"description\":\"Kohvi - ja teepood\",\"publisher\":{\"@id\":\"https:\\\/\\\/kohvieri.ee\\\/et\\\/#organization\"},\"potentialAction\":[{\"@type\":\"SearchAction\",\"target\":{\"@type\":\"EntryPoint\",\"urlTemplate\":\"https:\\\/\\\/kohvieri.ee\\\/et\\\/?s={search_term_string}\"},\"query-input\":{\"@type\":\"PropertyValueSpecification\",\"valueRequired\":true,\"valueName\":\"search_term_string\"}}],\"inLanguage\":\"et\"},{\"@type\":\"Organization\",\"@id\":\"https:\\\/\\\/kohvieri.ee\\\/et\\\/#organization\",\"name\":\"Kohvieri\",\"url\":\"https:\\\/\\\/kohvieri.ee\\\/et\\\/\",\"logo\":{\"@type\":\"ImageObject\",\"inLanguage\":\"et\",\"@id\":\"https:\\\/\\\/kohvieri.ee\\\/et\\\/#\\\/schema\\\/logo\\\/image\\\/\",\"url\":\"https:\\\/\\\/kohvieri.ee\\\/wp-content\\\/uploads\\\/2023\\\/07\\\/07cd6507-9210-4922-a9ff-55a59759ce72-e1689614757153.png\",\"contentUrl\":\"https:\\\/\\\/kohvieri.ee\\\/wp-content\\\/uploads\\\/2023\\\/07\\\/07cd6507-9210-4922-a9ff-55a59759ce72-e1689614757153.png\",\"width\":945,\"height\":318,\"caption\":\" Kohvieri\"},\"image\":{\"@id\":\"https:\\\/\\\/kohvieri.ee\\\/et\\\/#\\\/schema\\\/logo\\\/image\\\/\"},\"sameAs\":[\"https:\\\/\\\/www.facebook.com\\\/kohvieri\",\"https:\\\/\\\/www.instagram.com\\\/kohvieripood\"]}]}<\/script>\n<!-- \/ Yoast SEO plugin. -->","yoast_head_json":{"title":"Espresso Blend - Kohvieri","description":"Espresso Blend\u00a0 on happeline, aromaatne\u00a0 espresso segu Columbia, Peruu, Brasiilia, Hondurase araabika kohvi ubadest.","robots":{"index":"index","follow":"follow","max-snippet":"max-snippet:-1","max-image-preview":"max-image-preview:large","max-video-preview":"max-video-preview:-1"},"canonical":"https:\/\/kohvieri.ee\/et\/product\/espresso-blend\/","og_locale":"et_EE","og_type":"article","og_title":"Espresso Blend - Kohvieri","og_description":"Espresso Blend\u00a0 on happeline, aromaatne\u00a0 espresso segu Columbia, Peruu, Brasiilia, Hondurase araabika kohvi ubadest.","og_url":"https:\/\/kohvieri.ee\/et\/product\/espresso-blend\/","og_site_name":"Kohvieri","article_publisher":"https:\/\/www.facebook.com\/kohvieri","article_modified_time":"2026-02-08T14:44:44+00:00","og_image":[{"width":500,"height":500,"url":"https:\/\/kohvieri.ee\/wp-content\/uploads\/2023\/06\/Dusty-Beige-Rustic-Hotel-Logo-1.png","type":"image\/png"}],"twitter_card":"summary_large_image","twitter_misc":{"Est. reading time":"1 minut"},"schema":{"@context":"https:\/\/schema.org","@graph":[{"@type":"WebPage","@id":"https:\/\/kohvieri.ee\/product\/espresso-blend\/","url":"https:\/\/kohvieri.ee\/product\/espresso-blend\/","name":"Espresso Blend - Kohvieri","isPartOf":{"@id":"https:\/\/kohvieri.ee\/et\/#website"},"primaryImageOfPage":{"@id":"https:\/\/kohvieri.ee\/product\/espresso-blend\/#primaryimage"},"image":{"@id":"https:\/\/kohvieri.ee\/product\/espresso-blend\/#primaryimage"},"thumbnailUrl":"https:\/\/kohvieri.ee\/wp-content\/uploads\/2023\/06\/Dusty-Beige-Rustic-Hotel-Logo-1.png","datePublished":"2026-02-08T14:28:47+00:00","dateModified":"2026-02-08T14:44:44+00:00","description":"Espresso Blend\u00a0 on happeline, aromaatne\u00a0 espresso segu Columbia, Peruu, Brasiilia, Hondurase araabika kohvi ubadest.","breadcrumb":{"@id":"https:\/\/kohvieri.ee\/product\/espresso-blend\/#breadcrumb"},"inLanguage":"et","potentialAction":[{"@type":"ReadAction","target":["https:\/\/kohvieri.ee\/product\/espresso-blend\/"]}]},{"@type":"ImageObject","inLanguage":"et","@id":"https:\/\/kohvieri.ee\/product\/espresso-blend\/#primaryimage","url":"https:\/\/kohvieri.ee\/wp-content\/uploads\/2023\/06\/Dusty-Beige-Rustic-Hotel-Logo-1.png","contentUrl":"https:\/\/kohvieri.ee\/wp-content\/uploads\/2023\/06\/Dusty-Beige-Rustic-Hotel-Logo-1.png","width":500,"height":500,"caption":"maitsekohv"},{"@type":"BreadcrumbList","@id":"https:\/\/kohvieri.ee\/product\/espresso-blend\/#breadcrumb","itemListElement":[{"@type":"ListItem","position":1,"name":"Home","item":"https:\/\/kohvieri.ee\/et\/"},{"@type":"ListItem","position":2,"name":"E-pood","item":"https:\/\/kohvieri.ee\/et\/e-pood\/"},{"@type":"ListItem","position":3,"name":"Espresso Blend"}]},{"@type":"WebSite","@id":"https:\/\/kohvieri.ee\/et\/#website","url":"https:\/\/kohvieri.ee\/et\/","name":"Kohvieri","description":"Kohvi - ja teepood","publisher":{"@id":"https:\/\/kohvieri.ee\/et\/#organization"},"potentialAction":[{"@type":"SearchAction","target":{"@type":"EntryPoint","urlTemplate":"https:\/\/kohvieri.ee\/et\/?s={search_term_string}"},"query-input":{"@type":"PropertyValueSpecification","valueRequired":true,"valueName":"search_term_string"}}],"inLanguage":"et"},{"@type":"Organization","@id":"https:\/\/kohvieri.ee\/et\/#organization","name":"Kohvieri","url":"https:\/\/kohvieri.ee\/et\/","logo":{"@type":"ImageObject","inLanguage":"et","@id":"https:\/\/kohvieri.ee\/et\/#\/schema\/logo\/image\/","url":"https:\/\/kohvieri.ee\/wp-content\/uploads\/2023\/07\/07cd6507-9210-4922-a9ff-55a59759ce72-e1689614757153.png","contentUrl":"https:\/\/kohvieri.ee\/wp-content\/uploads\/2023\/07\/07cd6507-9210-4922-a9ff-55a59759ce72-e1689614757153.png","width":945,"height":318,"caption":" Kohvieri"},"image":{"@id":"https:\/\/kohvieri.ee\/et\/#\/schema\/logo\/image\/"},"sameAs":["https:\/\/www.facebook.com\/kohvieri","https:\/\/www.instagram.com\/kohvieripood"]}]}},"uagb_featured_image_src":{"full":["https:\/\/kohvieri.ee\/wp-content\/uploads\/2023\/06\/Dusty-Beige-Rustic-Hotel-Logo-1.png",500,500,false],"thumbnail":["https:\/\/kohvieri.ee\/wp-content\/uploads\/2023\/06\/Dusty-Beige-Rustic-Hotel-Logo-1-150x150.png",150,150,true],"medium":["https:\/\/kohvieri.ee\/wp-content\/uploads\/2023\/06\/Dusty-Beige-Rustic-Hotel-Logo-1-300x300.png",300,300,true],"medium_large":["https:\/\/kohvieri.ee\/wp-content\/uploads\/2023\/06\/Dusty-Beige-Rustic-Hotel-Logo-1.png",500,500,false],"large":["https:\/\/kohvieri.ee\/wp-content\/uploads\/2023\/06\/Dusty-Beige-Rustic-Hotel-Logo-1.png",500,500,false],"1536x1536":["https:\/\/kohvieri.ee\/wp-content\/uploads\/2023\/06\/Dusty-Beige-Rustic-Hotel-Logo-1.png",500,500,false],"2048x2048":["https:\/\/kohvieri.ee\/wp-content\/uploads\/2023\/06\/Dusty-Beige-Rustic-Hotel-Logo-1.png",500,500,false],"trp-custom-language-flag":["https:\/\/kohvieri.ee\/wp-content\/uploads\/2023\/06\/Dusty-Beige-Rustic-Hotel-Logo-1-12x12.png",12,12,true],"woocommerce_thumbnail":["https:\/\/kohvieri.ee\/wp-content\/uploads\/2023\/06\/Dusty-Beige-Rustic-Hotel-Logo-1-300x300.png",300,300,true],"woocommerce_single":["https:\/\/kohvieri.ee\/wp-content\/uploads\/2023\/06\/Dusty-Beige-Rustic-Hotel-Logo-1.png",500,500,false],"woocommerce_gallery_thumbnail":["https:\/\/kohvieri.ee\/wp-content\/uploads\/2023\/06\/Dusty-Beige-Rustic-Hotel-Logo-1-100x100.png",100,100,true]},"uagb_author_info":{"display_name":"Kohvieri","author_link":"https:\/\/kohvieri.ee\/et\/author\/"},"uagb_comment_info":0,"uagb_excerpt":"Espresso Blend\u00a0 on happeline, aromaatne\u00a0 espresso segu Columbia, Peruu, Brasiilia, Hondurase araabika kohvi ubadest. Kohvioad pakendatakse kohapeal vastavalt Sinu soovitud kogusele ning jahvatusele (uba, espresso, filterkann, Itaalia moka kann, presskann, T\u00fcrgi kohv). V\u00e4rskelt jahvatatud kohv s\u00e4ilib suletud pakendis u pool aastat. Loe kohvist rohkem","jetpack_sharing_enabled":true,"_links":{"self":[{"href":"https:\/\/kohvieri.ee\/et\/wp-json\/wp\/v2\/product\/16427","targetHints":{"allow":["GET"]}}],"collection":[{"href":"https:\/\/kohvieri.ee\/et\/wp-json\/wp\/v2\/product"}],"about":[{"href":"https:\/\/kohvieri.ee\/et\/wp-json\/wp\/v2\/types\/product"}],"version-history":[{"count":1,"href":"https:\/\/kohvieri.ee\/et\/wp-json\/wp\/v2\/product\/16427\/revisions"}],"predecessor-version":[{"id":16447,"href":"https:\/\/kohvieri.ee\/et\/wp-json\/wp\/v2\/product\/16427\/revisions\/16447"}],"wp:featuredmedia":[{"embeddable":true,"href":"https:\/\/kohvieri.ee\/et\/wp-json\/wp\/v2\/media\/7970"}],"wp:attachment":[{"href":"https:\/\/kohvieri.ee\/et\/wp-json\/wp\/v2\/media?parent=16427"}],"wp:term":[{"taxonomy":"product_brand","embeddable":true,"href":"https:\/\/kohvieri.ee\/et\/wp-json\/wp\/v2\/product_brand?post=16427"},{"taxonomy":"product_cat","embeddable":true,"href":"https:\/\/kohvieri.ee\/et\/wp-json\/wp\/v2\/product_cat?post=16427"},{"taxonomy":"product_tag","embeddable":true,"href":"https:\/\/kohvieri.ee\/et\/wp-json\/wp\/v2\/product_tag?post=16427"}],"curies":[{"name":"wp","href":"https:\/\/api.w.org\/{rel}","templated":true}]}}