{"id":16781,"date":"2026-04-07T14:24:07","date_gmt":"2026-04-07T14:24:07","guid":{"rendered":"https:\/\/kohvieri.ee\/?post_type=product&#038;p=16781"},"modified":"2026-04-07T16:10:05","modified_gmt":"2026-04-07T16:10:05","slug":"bredemeijer-malm-teekann-jiangxi-0-7l-beez","status":"publish","type":"product","link":"https:\/\/kohvieri.ee\/et\/product\/bredemeijer-malm-teekann-jiangxi-0-7l-beez\/","title":{"rendered":"Bredemeijer malm teekann Jiangxi 0.7l  bee\u017e"},"content":{"rendered":"\t\t<div data-elementor-type=\"wp-post\" data-elementor-id=\"16781\" class=\"elementor elementor-16781\">\n\t\t\t\t<div class=\"elementor-element elementor-element-8006cfb e-flex e-con-boxed e-con e-parent\" data-id=\"8006cfb\" data-element_type=\"container\" data-e-type=\"container\">\n\t\t\t\t\t<div class=\"e-con-inner\">\n\t\t\t\t\t<\/div>\n\t\t\t\t<\/div>\n\t\t\t\t<\/div>\n\t\t","protected":false},"excerpt":{"rendered":"<p><span dir=\"auto\">Jiangxi teekann kiirgab idamaist elegantsi, mille iseloomulik t\u00e4piline disain lisab teie teehetkele tekstuuri ja iseloomu. Oma kompaktse suuruse ja rafineeritud viimistlusega on see malmist teekann ideaalne neile, kes valivad teadlikult p\u00e4eva jooksul v\u00e4ikeseid, t\u00e4hendusrikkaid pause.<\/span><\/p>\n<p><span dir=\"auto\">Valmistatud kvaliteetsest malmist ja viimistletud emailitud sisemusega, p\u00fcsib tee kaua soojana ilma maitsekaotuse v\u00f5i roostetamise ohuta. Komplektis olev roostevabast terasest teefilter teeb lahtise tee v\u00f5i \u00fcrtide valmistamise lihtsaks. Jiangxi sobib ideaalselt 3 tassi jaoks \u2013 t\u00e4pselt parasjagu rahulikuks hetkeks, nii \u00fcksi kui ka kahekesi.<\/span><\/p>\n<p><strong><span dir=\"auto\">On aeg teed juua.<\/span><\/strong><span dir=\"auto\">\u00a0<\/span><\/p>\n<ul>\n<li><strong><span dir=\"auto\">kvaliteetne malm<\/span><\/strong><span dir=\"auto\">\u00a0\u2013 hoiab teed pikka aega soojas ilma maitset kaotamata<\/span><\/li>\n<li><strong><span dir=\"auto\">emailitud sisemus<\/span><\/strong><span dir=\"auto\">\u00a0\u2013 s\u00e4ilitab maitse ja hoiab \u00e4ra rooste tekkimise<\/span><\/li>\n<li><strong><span dir=\"auto\">komplektis peenekoeline roostevabast terasest teefilter<\/span><\/strong><span dir=\"auto\">\u00a0\u2013 sobib lahtise tee ja \u00fcrtide jaoks. Filter on n\u00f5udepesumasinas pestav.<\/span><\/li>\n<li><strong><span dir=\"auto\">tilkumisvaba valamine<\/span><\/strong><span dir=\"auto\">\u00a0\u2013 Spetsiaalselt kujundatud tila tagab mugava valamise ilma tilkumiseta<\/span><\/li>\n<li><strong><span dir=\"auto\">mahutavus 0,7 liitrit<\/span><\/strong><span dir=\"auto\">\u00a0\u2013 Piisab 3 tassi tee jaoks. Ideaalne nii \u00fcksi tee tegemiseks kui ka l\u00fchikeseks teeseansiks kahele.<\/span><\/li>\n<\/ul>\n<p>&nbsp;<\/p>\n<p><span style=\"font-size: 16px;\">P\u00e4ritolumaa: Holland<\/span><\/p>\n<p><a href=\"https:\/\/kohvieri.ee\/teekannud\/\">Loe rohkem teekannudest<\/a><\/p>\n<div>\n<p>&nbsp;<\/p>\n<\/div>\n","protected":false},"featured_media":16786,"template":"","meta":{"_uag_custom_page_level_css":"","site-sidebar-layout":"no-sidebar","site-content-layout":"plain-container","ast-site-content-layout":"normal-width-container","site-content-style":"unboxed","site-sidebar-style":"unboxed","ast-global-header-display":"","ast-banner-title-visibility":"","ast-main-header-display":"","ast-hfb-above-header-display":"","ast-hfb-below-header-display":"","ast-hfb-mobile-header-display":"","site-post-title":"disabled","ast-breadcrumbs-content":"","ast-featured-img":"disabled","footer-sml-layout":"","ast-disable-related-posts":"","theme-transparent-header-meta":"default","adv-header-id-meta":"","stick-header-meta":"default","header-above-stick-meta":"","header-main-stick-meta":"","header-below-stick-meta":"","astra-migrate-meta-layouts":"set","ast-page-background-enabled":"default","ast-page-background-meta":{"desktop":{"background-color":"var(--ast-global-color-4)","background-image":"","background-repeat":"repeat","background-position":"center center","background-size":"auto","background-attachment":"scroll","background-type":"","background-media":"","overlay-type":"","overlay-color":"","overlay-opacity":"","overlay-gradient":""},"tablet":{"background-color":"","background-image":"","background-repeat":"repeat","background-position":"center center","background-size":"auto","background-attachment":"scroll","background-type":"","background-media":"","overlay-type":"","overlay-color":"","overlay-opacity":"","overlay-gradient":""},"mobile":{"background-color":"","background-image":"","background-repeat":"repeat","background-position":"center center","background-size":"auto","background-attachment":"scroll","background-type":"","background-media":"","overlay-type":"","overlay-color":"","overlay-opacity":"","overlay-gradient":""}},"ast-content-background-meta":{"desktop":{"background-color":"var(--ast-global-color-5)","background-image":"","background-repeat":"repeat","background-position":"center center","background-size":"auto","background-attachment":"scroll","background-type":"","background-media":"","overlay-type":"","overlay-color":"","overlay-opacity":"","overlay-gradient":""},"tablet":{"background-color":"var(--ast-global-color-5)","background-image":"","background-repeat":"repeat","background-position":"center center","background-size":"auto","background-attachment":"scroll","background-type":"","background-media":"","overlay-type":"","overlay-color":"","overlay-opacity":"","overlay-gradient":""},"mobile":{"background-color":"var(--ast-global-color-5)","background-image":"","background-repeat":"repeat","background-position":"center center","background-size":"auto","background-attachment":"scroll","background-type":"","background-media":"","overlay-type":"","overlay-color":"","overlay-opacity":"","overlay-gradient":""}}},"product_brand":[328],"product_cat":[49,15],"product_tag":[158],"class_list":{"0":"post-16781","1":"product","2":"type-product","3":"status-publish","4":"has-post-thumbnail","6":"product_brand-bredemeijer","7":"product_cat-tarvikud","8":"product_cat-teekannud","9":"product_tag-malm","10":"desktop-align-center","11":"tablet-align-left","12":"mobile-align-left","14":"first","15":"outofstock","16":"taxable","17":"shipping-taxable","18":"purchasable","19":"product-type-simple"},"yoast_head":"<!-- This site is optimized with the Yoast SEO plugin v27.3 - https:\/\/yoast.com\/product\/yoast-seo-wordpress\/ -->\n<title>Bredemeijer malm teekann Jiangxi 0.7l bee\u017e - Kohvieri<\/title>\n<meta name=\"description\" content=\"Jiangxi teekann kiirgab idamaist elegantsi, mille iseloomulik t\u00e4piline disain lisab teie teehetkele tekstuuri ja iseloomu.\" \/>\n<meta name=\"robots\" content=\"index, follow, max-snippet:-1, max-image-preview:large, max-video-preview:-1\" \/>\n<link rel=\"canonical\" href=\"https:\/\/kohvieri.ee\/et\/product\/bredemeijer-malm-teekann-jiangxi-0-7l-beez\/\" \/>\n<meta property=\"og:locale\" content=\"et_EE\" \/>\n<meta property=\"og:type\" content=\"article\" \/>\n<meta property=\"og:title\" content=\"Bredemeijer malm teekann Jiangxi 0.7l bee\u017e - Kohvieri\" \/>\n<meta property=\"og:description\" content=\"Jiangxi teekann kiirgab idamaist elegantsi, mille iseloomulik t\u00e4piline disain lisab teie teehetkele tekstuuri ja iseloomu.\" \/>\n<meta property=\"og:url\" content=\"https:\/\/kohvieri.ee\/et\/product\/bredemeijer-malm-teekann-jiangxi-0-7l-beez\/\" \/>\n<meta property=\"og:site_name\" content=\"Kohvieri\" \/>\n<meta property=\"article:publisher\" content=\"https:\/\/www.facebook.com\/kohvieri\" \/>\n<meta property=\"article:modified_time\" content=\"2026-04-07T16:10:05+00:00\" \/>\n<meta property=\"og:image\" content=\"https:\/\/kohvieri.ee\/wp-content\/uploads\/2026\/04\/Teekann-Jiangxi-07-liitrit-beez.png\" \/>\n\t<meta property=\"og:image:width\" content=\"1080\" \/>\n\t<meta property=\"og:image:height\" content=\"1080\" \/>\n\t<meta property=\"og:image:type\" content=\"image\/png\" \/>\n<meta name=\"twitter:card\" content=\"summary_large_image\" \/>\n<meta name=\"twitter:label1\" content=\"Est. reading time\" \/>\n\t<meta name=\"twitter:data1\" content=\"1 minut\" \/>\n<script type=\"application\/ld+json\" class=\"yoast-schema-graph\">{\"@context\":\"https:\\\/\\\/schema.org\",\"@graph\":[{\"@type\":\"WebPage\",\"@id\":\"https:\\\/\\\/kohvieri.ee\\\/product\\\/bredemeijer-malm-teekann-jiangxi-0-7l-beez\\\/\",\"url\":\"https:\\\/\\\/kohvieri.ee\\\/product\\\/bredemeijer-malm-teekann-jiangxi-0-7l-beez\\\/\",\"name\":\"Bredemeijer malm teekann Jiangxi 0.7l bee\u017e - Kohvieri\",\"isPartOf\":{\"@id\":\"https:\\\/\\\/kohvieri.ee\\\/et\\\/#website\"},\"primaryImageOfPage\":{\"@id\":\"https:\\\/\\\/kohvieri.ee\\\/product\\\/bredemeijer-malm-teekann-jiangxi-0-7l-beez\\\/#primaryimage\"},\"image\":{\"@id\":\"https:\\\/\\\/kohvieri.ee\\\/product\\\/bredemeijer-malm-teekann-jiangxi-0-7l-beez\\\/#primaryimage\"},\"thumbnailUrl\":\"https:\\\/\\\/kohvieri.ee\\\/wp-content\\\/uploads\\\/2026\\\/04\\\/Teekann-Jiangxi-07-liitrit-beez.png\",\"datePublished\":\"2026-04-07T14:24:07+00:00\",\"dateModified\":\"2026-04-07T16:10:05+00:00\",\"description\":\"Jiangxi teekann kiirgab idamaist elegantsi, mille iseloomulik t\u00e4piline disain lisab teie teehetkele tekstuuri ja iseloomu.\",\"breadcrumb\":{\"@id\":\"https:\\\/\\\/kohvieri.ee\\\/product\\\/bredemeijer-malm-teekann-jiangxi-0-7l-beez\\\/#breadcrumb\"},\"inLanguage\":\"et\",\"potentialAction\":[{\"@type\":\"ReadAction\",\"target\":[\"https:\\\/\\\/kohvieri.ee\\\/product\\\/bredemeijer-malm-teekann-jiangxi-0-7l-beez\\\/\"]}]},{\"@type\":\"ImageObject\",\"inLanguage\":\"et\",\"@id\":\"https:\\\/\\\/kohvieri.ee\\\/product\\\/bredemeijer-malm-teekann-jiangxi-0-7l-beez\\\/#primaryimage\",\"url\":\"https:\\\/\\\/kohvieri.ee\\\/wp-content\\\/uploads\\\/2026\\\/04\\\/Teekann-Jiangxi-07-liitrit-beez.png\",\"contentUrl\":\"https:\\\/\\\/kohvieri.ee\\\/wp-content\\\/uploads\\\/2026\\\/04\\\/Teekann-Jiangxi-07-liitrit-beez.png\",\"width\":1080,\"height\":1080,\"caption\":\"Teekann Jiangxi - 0,7 liitrit - bee\u017e\"},{\"@type\":\"BreadcrumbList\",\"@id\":\"https:\\\/\\\/kohvieri.ee\\\/product\\\/bredemeijer-malm-teekann-jiangxi-0-7l-beez\\\/#breadcrumb\",\"itemListElement\":[{\"@type\":\"ListItem\",\"position\":1,\"name\":\"Home\",\"item\":\"https:\\\/\\\/kohvieri.ee\\\/et\\\/\"},{\"@type\":\"ListItem\",\"position\":2,\"name\":\"E-pood\",\"item\":\"https:\\\/\\\/kohvieri.ee\\\/et\\\/e-pood\\\/\"},{\"@type\":\"ListItem\",\"position\":3,\"name\":\"Bredemeijer malm teekann Jiangxi 0.7l bee\u017e\"}]},{\"@type\":\"WebSite\",\"@id\":\"https:\\\/\\\/kohvieri.ee\\\/et\\\/#website\",\"url\":\"https:\\\/\\\/kohvieri.ee\\\/et\\\/\",\"name\":\"Kohvieri\",\"description\":\"Kohvi - ja teepood\",\"publisher\":{\"@id\":\"https:\\\/\\\/kohvieri.ee\\\/et\\\/#organization\"},\"potentialAction\":[{\"@type\":\"SearchAction\",\"target\":{\"@type\":\"EntryPoint\",\"urlTemplate\":\"https:\\\/\\\/kohvieri.ee\\\/et\\\/?s={search_term_string}\"},\"query-input\":{\"@type\":\"PropertyValueSpecification\",\"valueRequired\":true,\"valueName\":\"search_term_string\"}}],\"inLanguage\":\"et\"},{\"@type\":\"Organization\",\"@id\":\"https:\\\/\\\/kohvieri.ee\\\/et\\\/#organization\",\"name\":\"Kohvieri\",\"url\":\"https:\\\/\\\/kohvieri.ee\\\/et\\\/\",\"logo\":{\"@type\":\"ImageObject\",\"inLanguage\":\"et\",\"@id\":\"https:\\\/\\\/kohvieri.ee\\\/et\\\/#\\\/schema\\\/logo\\\/image\\\/\",\"url\":\"https:\\\/\\\/kohvieri.ee\\\/wp-content\\\/uploads\\\/2023\\\/07\\\/07cd6507-9210-4922-a9ff-55a59759ce72-e1689614757153.png\",\"contentUrl\":\"https:\\\/\\\/kohvieri.ee\\\/wp-content\\\/uploads\\\/2023\\\/07\\\/07cd6507-9210-4922-a9ff-55a59759ce72-e1689614757153.png\",\"width\":945,\"height\":318,\"caption\":\" Kohvieri\"},\"image\":{\"@id\":\"https:\\\/\\\/kohvieri.ee\\\/et\\\/#\\\/schema\\\/logo\\\/image\\\/\"},\"sameAs\":[\"https:\\\/\\\/www.facebook.com\\\/kohvieri\",\"https:\\\/\\\/www.instagram.com\\\/kohvieripood\"]}]}<\/script>\n<!-- \/ Yoast SEO plugin. -->","yoast_head_json":{"title":"Bredemeijer malm teekann Jiangxi 0.7l bee\u017e - Kohvieri","description":"Jiangxi teekann kiirgab idamaist elegantsi, mille iseloomulik t\u00e4piline disain lisab teie teehetkele tekstuuri ja iseloomu.","robots":{"index":"index","follow":"follow","max-snippet":"max-snippet:-1","max-image-preview":"max-image-preview:large","max-video-preview":"max-video-preview:-1"},"canonical":"https:\/\/kohvieri.ee\/et\/product\/bredemeijer-malm-teekann-jiangxi-0-7l-beez\/","og_locale":"et_EE","og_type":"article","og_title":"Bredemeijer malm teekann Jiangxi 0.7l bee\u017e - Kohvieri","og_description":"Jiangxi teekann kiirgab idamaist elegantsi, mille iseloomulik t\u00e4piline disain lisab teie teehetkele tekstuuri ja iseloomu.","og_url":"https:\/\/kohvieri.ee\/et\/product\/bredemeijer-malm-teekann-jiangxi-0-7l-beez\/","og_site_name":"Kohvieri","article_publisher":"https:\/\/www.facebook.com\/kohvieri","article_modified_time":"2026-04-07T16:10:05+00:00","og_image":[{"width":1080,"height":1080,"url":"https:\/\/kohvieri.ee\/wp-content\/uploads\/2026\/04\/Teekann-Jiangxi-07-liitrit-beez.png","type":"image\/png"}],"twitter_card":"summary_large_image","twitter_misc":{"Est. reading time":"1 minut"},"schema":{"@context":"https:\/\/schema.org","@graph":[{"@type":"WebPage","@id":"https:\/\/kohvieri.ee\/product\/bredemeijer-malm-teekann-jiangxi-0-7l-beez\/","url":"https:\/\/kohvieri.ee\/product\/bredemeijer-malm-teekann-jiangxi-0-7l-beez\/","name":"Bredemeijer malm teekann Jiangxi 0.7l bee\u017e - Kohvieri","isPartOf":{"@id":"https:\/\/kohvieri.ee\/et\/#website"},"primaryImageOfPage":{"@id":"https:\/\/kohvieri.ee\/product\/bredemeijer-malm-teekann-jiangxi-0-7l-beez\/#primaryimage"},"image":{"@id":"https:\/\/kohvieri.ee\/product\/bredemeijer-malm-teekann-jiangxi-0-7l-beez\/#primaryimage"},"thumbnailUrl":"https:\/\/kohvieri.ee\/wp-content\/uploads\/2026\/04\/Teekann-Jiangxi-07-liitrit-beez.png","datePublished":"2026-04-07T14:24:07+00:00","dateModified":"2026-04-07T16:10:05+00:00","description":"Jiangxi teekann kiirgab idamaist elegantsi, mille iseloomulik t\u00e4piline disain lisab teie teehetkele tekstuuri ja iseloomu.","breadcrumb":{"@id":"https:\/\/kohvieri.ee\/product\/bredemeijer-malm-teekann-jiangxi-0-7l-beez\/#breadcrumb"},"inLanguage":"et","potentialAction":[{"@type":"ReadAction","target":["https:\/\/kohvieri.ee\/product\/bredemeijer-malm-teekann-jiangxi-0-7l-beez\/"]}]},{"@type":"ImageObject","inLanguage":"et","@id":"https:\/\/kohvieri.ee\/product\/bredemeijer-malm-teekann-jiangxi-0-7l-beez\/#primaryimage","url":"https:\/\/kohvieri.ee\/wp-content\/uploads\/2026\/04\/Teekann-Jiangxi-07-liitrit-beez.png","contentUrl":"https:\/\/kohvieri.ee\/wp-content\/uploads\/2026\/04\/Teekann-Jiangxi-07-liitrit-beez.png","width":1080,"height":1080,"caption":"Teekann Jiangxi - 0,7 liitrit - bee\u017e"},{"@type":"BreadcrumbList","@id":"https:\/\/kohvieri.ee\/product\/bredemeijer-malm-teekann-jiangxi-0-7l-beez\/#breadcrumb","itemListElement":[{"@type":"ListItem","position":1,"name":"Home","item":"https:\/\/kohvieri.ee\/et\/"},{"@type":"ListItem","position":2,"name":"E-pood","item":"https:\/\/kohvieri.ee\/et\/e-pood\/"},{"@type":"ListItem","position":3,"name":"Bredemeijer malm teekann Jiangxi 0.7l bee\u017e"}]},{"@type":"WebSite","@id":"https:\/\/kohvieri.ee\/et\/#website","url":"https:\/\/kohvieri.ee\/et\/","name":"Kohvieri","description":"Kohvi - ja teepood","publisher":{"@id":"https:\/\/kohvieri.ee\/et\/#organization"},"potentialAction":[{"@type":"SearchAction","target":{"@type":"EntryPoint","urlTemplate":"https:\/\/kohvieri.ee\/et\/?s={search_term_string}"},"query-input":{"@type":"PropertyValueSpecification","valueRequired":true,"valueName":"search_term_string"}}],"inLanguage":"et"},{"@type":"Organization","@id":"https:\/\/kohvieri.ee\/et\/#organization","name":"Kohvieri","url":"https:\/\/kohvieri.ee\/et\/","logo":{"@type":"ImageObject","inLanguage":"et","@id":"https:\/\/kohvieri.ee\/et\/#\/schema\/logo\/image\/","url":"https:\/\/kohvieri.ee\/wp-content\/uploads\/2023\/07\/07cd6507-9210-4922-a9ff-55a59759ce72-e1689614757153.png","contentUrl":"https:\/\/kohvieri.ee\/wp-content\/uploads\/2023\/07\/07cd6507-9210-4922-a9ff-55a59759ce72-e1689614757153.png","width":945,"height":318,"caption":" Kohvieri"},"image":{"@id":"https:\/\/kohvieri.ee\/et\/#\/schema\/logo\/image\/"},"sameAs":["https:\/\/www.facebook.com\/kohvieri","https:\/\/www.instagram.com\/kohvieripood"]}]}},"uagb_featured_image_src":{"full":["https:\/\/kohvieri.ee\/wp-content\/uploads\/2026\/04\/Teekann-Jiangxi-07-liitrit-beez.png",1080,1080,false],"thumbnail":["https:\/\/kohvieri.ee\/wp-content\/uploads\/2026\/04\/Teekann-Jiangxi-07-liitrit-beez-150x150.png",150,150,true],"medium":["https:\/\/kohvieri.ee\/wp-content\/uploads\/2026\/04\/Teekann-Jiangxi-07-liitrit-beez-300x300.png",300,300,true],"medium_large":["https:\/\/kohvieri.ee\/wp-content\/uploads\/2026\/04\/Teekann-Jiangxi-07-liitrit-beez-768x768.png",768,768,true],"large":["https:\/\/kohvieri.ee\/wp-content\/uploads\/2026\/04\/Teekann-Jiangxi-07-liitrit-beez-1024x1024.png",1024,1024,true],"1536x1536":["https:\/\/kohvieri.ee\/wp-content\/uploads\/2026\/04\/Teekann-Jiangxi-07-liitrit-beez.png",1080,1080,false],"2048x2048":["https:\/\/kohvieri.ee\/wp-content\/uploads\/2026\/04\/Teekann-Jiangxi-07-liitrit-beez.png",1080,1080,false],"trp-custom-language-flag":["https:\/\/kohvieri.ee\/wp-content\/uploads\/2026\/04\/Teekann-Jiangxi-07-liitrit-beez-12x12.png",12,12,true],"woocommerce_thumbnail":["https:\/\/kohvieri.ee\/wp-content\/uploads\/2026\/04\/Teekann-Jiangxi-07-liitrit-beez-300x300.png",300,300,true],"woocommerce_single":["https:\/\/kohvieri.ee\/wp-content\/uploads\/2026\/04\/Teekann-Jiangxi-07-liitrit-beez-600x600.png",600,600,true],"woocommerce_gallery_thumbnail":["https:\/\/kohvieri.ee\/wp-content\/uploads\/2026\/04\/Teekann-Jiangxi-07-liitrit-beez-100x100.png",100,100,true]},"uagb_author_info":{"display_name":"Kohvieri","author_link":"https:\/\/kohvieri.ee\/et\/author\/"},"uagb_comment_info":0,"uagb_excerpt":"Jiangxi teekann kiirgab idamaist elegantsi, mille iseloomulik t\u00e4piline disain lisab teie teehetkele tekstuuri ja iseloomu. Oma kompaktse suuruse ja rafineeritud viimistlusega on see malmist teekann ideaalne neile, kes valivad teadlikult p\u00e4eva jooksul v\u00e4ikeseid, t\u00e4hendusrikkaid pause. Valmistatud kvaliteetsest malmist ja viimistletud emailitud sisemusega, p\u00fcsib tee kaua soojana ilma maitsekaotuse v\u00f5i roostetamise ohuta. Komplektis olev roostevabast terasest&hellip;","jetpack_sharing_enabled":true,"_links":{"self":[{"href":"https:\/\/kohvieri.ee\/et\/wp-json\/wp\/v2\/product\/16781","targetHints":{"allow":["GET"]}}],"collection":[{"href":"https:\/\/kohvieri.ee\/et\/wp-json\/wp\/v2\/product"}],"about":[{"href":"https:\/\/kohvieri.ee\/et\/wp-json\/wp\/v2\/types\/product"}],"version-history":[{"count":2,"href":"https:\/\/kohvieri.ee\/et\/wp-json\/wp\/v2\/product\/16781\/revisions"}],"predecessor-version":[{"id":16793,"href":"https:\/\/kohvieri.ee\/et\/wp-json\/wp\/v2\/product\/16781\/revisions\/16793"}],"wp:featuredmedia":[{"embeddable":true,"href":"https:\/\/kohvieri.ee\/et\/wp-json\/wp\/v2\/media\/16786"}],"wp:attachment":[{"href":"https:\/\/kohvieri.ee\/et\/wp-json\/wp\/v2\/media?parent=16781"}],"wp:term":[{"taxonomy":"product_brand","embeddable":true,"href":"https:\/\/kohvieri.ee\/et\/wp-json\/wp\/v2\/product_brand?post=16781"},{"taxonomy":"product_cat","embeddable":true,"href":"https:\/\/kohvieri.ee\/et\/wp-json\/wp\/v2\/product_cat?post=16781"},{"taxonomy":"product_tag","embeddable":true,"href":"https:\/\/kohvieri.ee\/et\/wp-json\/wp\/v2\/product_tag?post=16781"}],"curies":[{"name":"wp","href":"https:\/\/api.w.org\/{rel}","templated":true}]}}