{"id":16808,"date":"2026-04-08T09:40:02","date_gmt":"2026-04-08T09:40:02","guid":{"rendered":"https:\/\/kohvieri.ee\/?post_type=product&#038;p=16808"},"modified":"2026-04-09T07:11:39","modified_gmt":"2026-04-09T07:11:39","slug":"matcha-komplekt","status":"publish","type":"product","link":"https:\/\/kohvieri.ee\/et\/product\/matcha-komplekt\/","title":{"rendered":"Matcha komplekt"},"content":{"rendered":"\t\t<div data-elementor-type=\"wp-post\" data-elementor-id=\"16808\" class=\"elementor elementor-16808\">\n\t\t\t\t<div class=\"elementor-element elementor-element-8006cfb e-flex e-con-boxed e-con e-parent\" data-id=\"8006cfb\" data-element_type=\"container\" data-e-type=\"container\">\n\t\t\t\t\t<div class=\"e-con-inner\">\n\t\t\t\t\t<\/div>\n\t\t\t\t<\/div>\n\t\t\t\t<\/div>\n\t\t","protected":false},"excerpt":{"rendered":"<div class=\"product attribute description general_description\">\n<div class=\"value\">\n<p><strong><span dir=\"auto\">Jaapani teetseremoonia olemus \u2013 k\u00f5ik, mida vajate rahu, teadveloleku ja esteetika kogemiseks kodus<\/span><\/strong><\/p>\n<p><span dir=\"auto\">Muuda lihtne teehetk jagatud rituaaliks selle luksuslikus kinkekarbis oleva matcha komplektiga. Ideaalne k\u00f5igile, kes teadlikult valivad rahu, kvaliteedi ja \u00fchenduse.<\/span><\/p>\n<p><span dir=\"auto\">See komplekt sisaldab k\u00f5ike vajalikku Jaapani teetseremoonia kodus kogemiseks: k\u00e4sit\u00f6\u00f6na valminud matcha kauss (chawan), bambusest vispel (chasen), kulp (chashaku) ja hoidik. Iga element on l\u00e4bim\u00f5eldult disainitud ja kiirgab ajatut esteetikat \u2013 funktsionaalsuse ja minimalistliku disaini harmooniat.<\/span><\/p>\n<p><span dir=\"auto\">Hoolikalt pakendatud: elegantse kinkekarbi seest leiate selge samm-sammult juhendi. See v\u00f5imaldab teil matchat traditsioonilisel viisil valmistada ja nautida m\u00f5tisklusehetke, olgu siis \u00fcksi v\u00f5i kahekesi.<\/span><\/p>\n<p><span dir=\"auto\">T\u00e4hendusrikas kingitus rahu otsijatele, tees\u00f5pradele ja t\u00e4helepanelikele inimestele, kes soovivad enamat kui &#8220;lihtsalt kiiret tassi teed&#8221;.<\/span><\/p>\n<p><strong><span dir=\"auto\">On aeg teed juua \u2013 see komplekt kutsub sind aeglustama, vestlema, koos olema \u2013 iseendaga v\u00f5i teistega laua taga.<\/span><\/strong><\/p>\n<ul>\n<li><strong><span dir=\"auto\">t\u00e4hendusrikas kingitus, kaunilt esitletud.<\/span><\/strong><br \/>\n<span dir=\"auto\">See komplekt on luksuslikus kinkekarbis, millel on elegantne v\u00e4limus ja selge juhend sees. Ideaalne t\u00e4helepaneliku kingitusena s\u00f5brale, pereliikmele v\u00f5i kolleegile \u2013 v\u00f5i enesehoolduse hetkeks iseendale. See kiirgab t\u00e4helepanu ja sidet juba enne avamist.<\/span><\/li>\n<li><strong><span dir=\"auto\">t\u00e4ielik traditsiooniline matcha rituaal \u00fches komplektis.<\/span><\/strong><br \/>\n<span dir=\"auto\">Komplektis on k\u00f5ik vajalik: matcha kauss (chawan), bambusest vispel (chasen), bambusest kulp (chashaku) ja elegantne visplihoidja. See v\u00f5imaldab teil kohe alustada oma teetseremooniat, mis on inspireeritud sajanditepikkustest Jaapani traditsioonidest.<\/span><\/li>\n<li><strong><span dir=\"auto\">j\u00e4tkusuutlikud materjalid, loomulik v\u00e4limus.<\/span><\/strong><br \/>\n<span dir=\"auto\">Valmistatud keraamikast ja bambusest \u2013 materjalidest, mis sobivad teadliku eluviisiga. Kausi ja hoidiku ainulaadne glasuur annab igale komplektile oma iseloomu ning sulandub sujuvalt zen- v\u00f5i minimalistlikku interj\u00f6\u00f6ri.<\/span><\/li>\n<li><strong><span dir=\"auto\">stiilne ja funktsionaalne disain.<\/span><\/strong><br \/>\n<span dir=\"auto\">Kujud on puhtad ja ajatud, detailidele on t\u00e4helepanu p\u00f6\u00f6ratud. Iga ese sobib mugavalt k\u00e4tte ja toetab rituaali \u2013 alates matcha k\u00fchvliga v\u00f5tmisest kuni vahustamise ja serveerimiseni. Ideaalne neile, kes hindavad nii esteetikat kui ka kasutusmugavust.<\/span><\/li>\n<li><strong><span dir=\"auto\">tee kui sild inimeste vahel<\/span><\/strong><br \/>\n<span dir=\"auto\">See komplekt kutsub enamat kui lihtsalt jooma: see on kutse aeglustada, kuulata ja luua t\u00f5eline side. Ideaalne vaikseks hommikuks \u00fcksi v\u00f5i jagatud hetkeks kellegi teisega. Sest m\u00f5istmine algab t\u00e4helepanust.<\/span><\/li>\n<li><strong><span dir=\"auto\">hetk rahu kiire elu keskel.<\/span><\/strong><br \/>\n<span dir=\"auto\">Stimuleerivas maailmas pakub matcha valmistamine rituaali, mis toob rahu. Liigutused on meditatiivsed, aroom \u00f5rn, maitse intensiivne. Iga tassike on kutse peatuda \u2013 iseendaga v\u00f5i kahekesi.<\/span><\/li>\n<\/ul>\n<\/div>\n<\/div>\n<p>&nbsp;<\/p>\n<p><a href=\"https:\/\/kohvieri.ee\/teekannud\/\">Loe rohkem teekannudest<\/a><\/p>\n<div>\n<p>&nbsp;<\/p>\n<\/div>\n","protected":false},"featured_media":16844,"template":"","meta":{"_uag_custom_page_level_css":"","site-sidebar-layout":"no-sidebar","site-content-layout":"plain-container","ast-site-content-layout":"normal-width-container","site-content-style":"unboxed","site-sidebar-style":"unboxed","ast-global-header-display":"","ast-banner-title-visibility":"","ast-main-header-display":"","ast-hfb-above-header-display":"","ast-hfb-below-header-display":"","ast-hfb-mobile-header-display":"","site-post-title":"disabled","ast-breadcrumbs-content":"","ast-featured-img":"disabled","footer-sml-layout":"","ast-disable-related-posts":"","theme-transparent-header-meta":"default","adv-header-id-meta":"","stick-header-meta":"default","header-above-stick-meta":"","header-main-stick-meta":"","header-below-stick-meta":"","astra-migrate-meta-layouts":"set","ast-page-background-enabled":"default","ast-page-background-meta":{"desktop":{"background-color":"var(--ast-global-color-4)","background-image":"","background-repeat":"repeat","background-position":"center center","background-size":"auto","background-attachment":"scroll","background-type":"","background-media":"","overlay-type":"","overlay-color":"","overlay-opacity":"","overlay-gradient":""},"tablet":{"background-color":"","background-image":"","background-repeat":"repeat","background-position":"center center","background-size":"auto","background-attachment":"scroll","background-type":"","background-media":"","overlay-type":"","overlay-color":"","overlay-opacity":"","overlay-gradient":""},"mobile":{"background-color":"","background-image":"","background-repeat":"repeat","background-position":"center center","background-size":"auto","background-attachment":"scroll","background-type":"","background-media":"","overlay-type":"","overlay-color":"","overlay-opacity":"","overlay-gradient":""}},"ast-content-background-meta":{"desktop":{"background-color":"var(--ast-global-color-5)","background-image":"","background-repeat":"repeat","background-position":"center center","background-size":"auto","background-attachment":"scroll","background-type":"","background-media":"","overlay-type":"","overlay-color":"","overlay-opacity":"","overlay-gradient":""},"tablet":{"background-color":"var(--ast-global-color-5)","background-image":"","background-repeat":"repeat","background-position":"center center","background-size":"auto","background-attachment":"scroll","background-type":"","background-media":"","overlay-type":"","overlay-color":"","overlay-opacity":"","overlay-gradient":""},"mobile":{"background-color":"var(--ast-global-color-5)","background-image":"","background-repeat":"repeat","background-position":"center center","background-size":"auto","background-attachment":"scroll","background-type":"","background-media":"","overlay-type":"","overlay-color":"","overlay-opacity":"","overlay-gradient":""}}},"product_brand":[],"product_cat":[120,49],"product_tag":[197],"class_list":{"0":"post-16808","1":"product","2":"type-product","3":"status-publish","4":"has-post-thumbnail","6":"product_cat-muud-tarvikud","7":"product_cat-tarvikud","8":"product_tag-jaapan","9":"desktop-align-center","10":"tablet-align-left","11":"mobile-align-left","13":"first","14":"outofstock","15":"taxable","16":"shipping-taxable","17":"purchasable","18":"product-type-simple"},"yoast_head":"<!-- This site is optimized with the Yoast SEO plugin v27.3 - https:\/\/yoast.com\/product\/yoast-seo-wordpress\/ -->\n<title>Matcha komplekt - Kohvieri<\/title>\n<meta name=\"description\" content=\"Muuda lihtne teehetk jagatud rituaaliks selle kinkekarbis oleva matcha komplektiga. Ideaalne k\u00f5igile, kes teadlikult valivad rahu, kvaliteedi ja \u00fchenduse.\" \/>\n<meta name=\"robots\" content=\"index, follow, max-snippet:-1, max-image-preview:large, max-video-preview:-1\" \/>\n<link rel=\"canonical\" href=\"https:\/\/kohvieri.ee\/et\/product\/matcha-komplekt\/\" \/>\n<meta property=\"og:locale\" content=\"et_EE\" \/>\n<meta property=\"og:type\" content=\"article\" \/>\n<meta property=\"og:title\" content=\"Matcha komplekt - Kohvieri\" \/>\n<meta property=\"og:description\" content=\"Muuda lihtne teehetk jagatud rituaaliks selle kinkekarbis oleva matcha komplektiga. Ideaalne k\u00f5igile, kes teadlikult valivad rahu, kvaliteedi ja \u00fchenduse.\" \/>\n<meta property=\"og:url\" content=\"https:\/\/kohvieri.ee\/et\/product\/matcha-komplekt\/\" \/>\n<meta property=\"og:site_name\" content=\"Kohvieri\" \/>\n<meta property=\"article:publisher\" content=\"https:\/\/www.facebook.com\/kohvieri\" \/>\n<meta property=\"article:modified_time\" content=\"2026-04-09T07:11:39+00:00\" \/>\n<meta property=\"og:image\" content=\"https:\/\/kohvieri.ee\/wp-content\/uploads\/2026\/04\/Matcha-komplekt.png\" \/>\n\t<meta property=\"og:image:width\" content=\"1080\" \/>\n\t<meta property=\"og:image:height\" content=\"1080\" \/>\n\t<meta property=\"og:image:type\" content=\"image\/png\" \/>\n<meta name=\"twitter:card\" content=\"summary_large_image\" \/>\n<meta name=\"twitter:label1\" content=\"Est. reading time\" \/>\n\t<meta name=\"twitter:data1\" content=\"1 minut\" \/>\n<script type=\"application\/ld+json\" class=\"yoast-schema-graph\">{\"@context\":\"https:\\\/\\\/schema.org\",\"@graph\":[{\"@type\":\"WebPage\",\"@id\":\"https:\\\/\\\/kohvieri.ee\\\/product\\\/matcha-komplekt\\\/\",\"url\":\"https:\\\/\\\/kohvieri.ee\\\/product\\\/matcha-komplekt\\\/\",\"name\":\"Matcha komplekt - Kohvieri\",\"isPartOf\":{\"@id\":\"https:\\\/\\\/kohvieri.ee\\\/et\\\/#website\"},\"primaryImageOfPage\":{\"@id\":\"https:\\\/\\\/kohvieri.ee\\\/product\\\/matcha-komplekt\\\/#primaryimage\"},\"image\":{\"@id\":\"https:\\\/\\\/kohvieri.ee\\\/product\\\/matcha-komplekt\\\/#primaryimage\"},\"thumbnailUrl\":\"https:\\\/\\\/kohvieri.ee\\\/wp-content\\\/uploads\\\/2026\\\/04\\\/Matcha-komplekt.png\",\"datePublished\":\"2026-04-08T09:40:02+00:00\",\"dateModified\":\"2026-04-09T07:11:39+00:00\",\"description\":\"Muuda lihtne teehetk jagatud rituaaliks selle kinkekarbis oleva matcha komplektiga. Ideaalne k\u00f5igile, kes teadlikult valivad rahu, kvaliteedi ja \u00fchenduse.\",\"breadcrumb\":{\"@id\":\"https:\\\/\\\/kohvieri.ee\\\/product\\\/matcha-komplekt\\\/#breadcrumb\"},\"inLanguage\":\"et\",\"potentialAction\":[{\"@type\":\"ReadAction\",\"target\":[\"https:\\\/\\\/kohvieri.ee\\\/product\\\/matcha-komplekt\\\/\"]}]},{\"@type\":\"ImageObject\",\"inLanguage\":\"et\",\"@id\":\"https:\\\/\\\/kohvieri.ee\\\/product\\\/matcha-komplekt\\\/#primaryimage\",\"url\":\"https:\\\/\\\/kohvieri.ee\\\/wp-content\\\/uploads\\\/2026\\\/04\\\/Matcha-komplekt.png\",\"contentUrl\":\"https:\\\/\\\/kohvieri.ee\\\/wp-content\\\/uploads\\\/2026\\\/04\\\/Matcha-komplekt.png\",\"width\":1080,\"height\":1080,\"caption\":\"Matcha komplekt\"},{\"@type\":\"BreadcrumbList\",\"@id\":\"https:\\\/\\\/kohvieri.ee\\\/product\\\/matcha-komplekt\\\/#breadcrumb\",\"itemListElement\":[{\"@type\":\"ListItem\",\"position\":1,\"name\":\"Home\",\"item\":\"https:\\\/\\\/kohvieri.ee\\\/et\\\/\"},{\"@type\":\"ListItem\",\"position\":2,\"name\":\"E-pood\",\"item\":\"https:\\\/\\\/kohvieri.ee\\\/et\\\/e-pood\\\/\"},{\"@type\":\"ListItem\",\"position\":3,\"name\":\"Matcha komplekt\"}]},{\"@type\":\"WebSite\",\"@id\":\"https:\\\/\\\/kohvieri.ee\\\/et\\\/#website\",\"url\":\"https:\\\/\\\/kohvieri.ee\\\/et\\\/\",\"name\":\"Kohvieri\",\"description\":\"Kohvi - ja teepood\",\"publisher\":{\"@id\":\"https:\\\/\\\/kohvieri.ee\\\/et\\\/#organization\"},\"potentialAction\":[{\"@type\":\"SearchAction\",\"target\":{\"@type\":\"EntryPoint\",\"urlTemplate\":\"https:\\\/\\\/kohvieri.ee\\\/et\\\/?s={search_term_string}\"},\"query-input\":{\"@type\":\"PropertyValueSpecification\",\"valueRequired\":true,\"valueName\":\"search_term_string\"}}],\"inLanguage\":\"et\"},{\"@type\":\"Organization\",\"@id\":\"https:\\\/\\\/kohvieri.ee\\\/et\\\/#organization\",\"name\":\"Kohvieri\",\"url\":\"https:\\\/\\\/kohvieri.ee\\\/et\\\/\",\"logo\":{\"@type\":\"ImageObject\",\"inLanguage\":\"et\",\"@id\":\"https:\\\/\\\/kohvieri.ee\\\/et\\\/#\\\/schema\\\/logo\\\/image\\\/\",\"url\":\"https:\\\/\\\/kohvieri.ee\\\/wp-content\\\/uploads\\\/2023\\\/07\\\/07cd6507-9210-4922-a9ff-55a59759ce72-e1689614757153.png\",\"contentUrl\":\"https:\\\/\\\/kohvieri.ee\\\/wp-content\\\/uploads\\\/2023\\\/07\\\/07cd6507-9210-4922-a9ff-55a59759ce72-e1689614757153.png\",\"width\":945,\"height\":318,\"caption\":\" Kohvieri\"},\"image\":{\"@id\":\"https:\\\/\\\/kohvieri.ee\\\/et\\\/#\\\/schema\\\/logo\\\/image\\\/\"},\"sameAs\":[\"https:\\\/\\\/www.facebook.com\\\/kohvieri\",\"https:\\\/\\\/www.instagram.com\\\/kohvieripood\"]}]}<\/script>\n<!-- \/ Yoast SEO plugin. -->","yoast_head_json":{"title":"Matcha komplekt - Kohvieri","description":"Muuda lihtne teehetk jagatud rituaaliks selle kinkekarbis oleva matcha komplektiga. Ideaalne k\u00f5igile, kes teadlikult valivad rahu, kvaliteedi ja \u00fchenduse.","robots":{"index":"index","follow":"follow","max-snippet":"max-snippet:-1","max-image-preview":"max-image-preview:large","max-video-preview":"max-video-preview:-1"},"canonical":"https:\/\/kohvieri.ee\/et\/product\/matcha-komplekt\/","og_locale":"et_EE","og_type":"article","og_title":"Matcha komplekt - Kohvieri","og_description":"Muuda lihtne teehetk jagatud rituaaliks selle kinkekarbis oleva matcha komplektiga. Ideaalne k\u00f5igile, kes teadlikult valivad rahu, kvaliteedi ja \u00fchenduse.","og_url":"https:\/\/kohvieri.ee\/et\/product\/matcha-komplekt\/","og_site_name":"Kohvieri","article_publisher":"https:\/\/www.facebook.com\/kohvieri","article_modified_time":"2026-04-09T07:11:39+00:00","og_image":[{"width":1080,"height":1080,"url":"https:\/\/kohvieri.ee\/wp-content\/uploads\/2026\/04\/Matcha-komplekt.png","type":"image\/png"}],"twitter_card":"summary_large_image","twitter_misc":{"Est. reading time":"1 minut"},"schema":{"@context":"https:\/\/schema.org","@graph":[{"@type":"WebPage","@id":"https:\/\/kohvieri.ee\/product\/matcha-komplekt\/","url":"https:\/\/kohvieri.ee\/product\/matcha-komplekt\/","name":"Matcha komplekt - Kohvieri","isPartOf":{"@id":"https:\/\/kohvieri.ee\/et\/#website"},"primaryImageOfPage":{"@id":"https:\/\/kohvieri.ee\/product\/matcha-komplekt\/#primaryimage"},"image":{"@id":"https:\/\/kohvieri.ee\/product\/matcha-komplekt\/#primaryimage"},"thumbnailUrl":"https:\/\/kohvieri.ee\/wp-content\/uploads\/2026\/04\/Matcha-komplekt.png","datePublished":"2026-04-08T09:40:02+00:00","dateModified":"2026-04-09T07:11:39+00:00","description":"Muuda lihtne teehetk jagatud rituaaliks selle kinkekarbis oleva matcha komplektiga. Ideaalne k\u00f5igile, kes teadlikult valivad rahu, kvaliteedi ja \u00fchenduse.","breadcrumb":{"@id":"https:\/\/kohvieri.ee\/product\/matcha-komplekt\/#breadcrumb"},"inLanguage":"et","potentialAction":[{"@type":"ReadAction","target":["https:\/\/kohvieri.ee\/product\/matcha-komplekt\/"]}]},{"@type":"ImageObject","inLanguage":"et","@id":"https:\/\/kohvieri.ee\/product\/matcha-komplekt\/#primaryimage","url":"https:\/\/kohvieri.ee\/wp-content\/uploads\/2026\/04\/Matcha-komplekt.png","contentUrl":"https:\/\/kohvieri.ee\/wp-content\/uploads\/2026\/04\/Matcha-komplekt.png","width":1080,"height":1080,"caption":"Matcha komplekt"},{"@type":"BreadcrumbList","@id":"https:\/\/kohvieri.ee\/product\/matcha-komplekt\/#breadcrumb","itemListElement":[{"@type":"ListItem","position":1,"name":"Home","item":"https:\/\/kohvieri.ee\/et\/"},{"@type":"ListItem","position":2,"name":"E-pood","item":"https:\/\/kohvieri.ee\/et\/e-pood\/"},{"@type":"ListItem","position":3,"name":"Matcha komplekt"}]},{"@type":"WebSite","@id":"https:\/\/kohvieri.ee\/et\/#website","url":"https:\/\/kohvieri.ee\/et\/","name":"Kohvieri","description":"Kohvi - ja teepood","publisher":{"@id":"https:\/\/kohvieri.ee\/et\/#organization"},"potentialAction":[{"@type":"SearchAction","target":{"@type":"EntryPoint","urlTemplate":"https:\/\/kohvieri.ee\/et\/?s={search_term_string}"},"query-input":{"@type":"PropertyValueSpecification","valueRequired":true,"valueName":"search_term_string"}}],"inLanguage":"et"},{"@type":"Organization","@id":"https:\/\/kohvieri.ee\/et\/#organization","name":"Kohvieri","url":"https:\/\/kohvieri.ee\/et\/","logo":{"@type":"ImageObject","inLanguage":"et","@id":"https:\/\/kohvieri.ee\/et\/#\/schema\/logo\/image\/","url":"https:\/\/kohvieri.ee\/wp-content\/uploads\/2023\/07\/07cd6507-9210-4922-a9ff-55a59759ce72-e1689614757153.png","contentUrl":"https:\/\/kohvieri.ee\/wp-content\/uploads\/2023\/07\/07cd6507-9210-4922-a9ff-55a59759ce72-e1689614757153.png","width":945,"height":318,"caption":" Kohvieri"},"image":{"@id":"https:\/\/kohvieri.ee\/et\/#\/schema\/logo\/image\/"},"sameAs":["https:\/\/www.facebook.com\/kohvieri","https:\/\/www.instagram.com\/kohvieripood"]}]}},"uagb_featured_image_src":{"full":["https:\/\/kohvieri.ee\/wp-content\/uploads\/2026\/04\/Matcha-komplekt.png",1080,1080,false],"thumbnail":["https:\/\/kohvieri.ee\/wp-content\/uploads\/2026\/04\/Matcha-komplekt-150x150.png",150,150,true],"medium":["https:\/\/kohvieri.ee\/wp-content\/uploads\/2026\/04\/Matcha-komplekt-300x300.png",300,300,true],"medium_large":["https:\/\/kohvieri.ee\/wp-content\/uploads\/2026\/04\/Matcha-komplekt-768x768.png",768,768,true],"large":["https:\/\/kohvieri.ee\/wp-content\/uploads\/2026\/04\/Matcha-komplekt-1024x1024.png",1024,1024,true],"1536x1536":["https:\/\/kohvieri.ee\/wp-content\/uploads\/2026\/04\/Matcha-komplekt.png",1080,1080,false],"2048x2048":["https:\/\/kohvieri.ee\/wp-content\/uploads\/2026\/04\/Matcha-komplekt.png",1080,1080,false],"trp-custom-language-flag":["https:\/\/kohvieri.ee\/wp-content\/uploads\/2026\/04\/Matcha-komplekt-12x12.png",12,12,true],"woocommerce_thumbnail":["https:\/\/kohvieri.ee\/wp-content\/uploads\/2026\/04\/Matcha-komplekt-300x300.png",300,300,true],"woocommerce_single":["https:\/\/kohvieri.ee\/wp-content\/uploads\/2026\/04\/Matcha-komplekt-600x600.png",600,600,true],"woocommerce_gallery_thumbnail":["https:\/\/kohvieri.ee\/wp-content\/uploads\/2026\/04\/Matcha-komplekt-100x100.png",100,100,true]},"uagb_author_info":{"display_name":"Kohvieri","author_link":"https:\/\/kohvieri.ee\/et\/author\/"},"uagb_comment_info":0,"uagb_excerpt":"Jaapani teetseremoonia olemus \u2013 k\u00f5ik, mida vajate rahu, teadveloleku ja esteetika kogemiseks kodus Muuda lihtne teehetk jagatud rituaaliks selle luksuslikus kinkekarbis oleva matcha komplektiga. Ideaalne k\u00f5igile, kes teadlikult valivad rahu, kvaliteedi ja \u00fchenduse. See komplekt sisaldab k\u00f5ike vajalikku Jaapani teetseremoonia kodus kogemiseks: k\u00e4sit\u00f6\u00f6na valminud matcha kauss (chawan), bambusest vispel (chasen), kulp (chashaku) ja hoidik. Iga&hellip;","jetpack_sharing_enabled":true,"_links":{"self":[{"href":"https:\/\/kohvieri.ee\/et\/wp-json\/wp\/v2\/product\/16808","targetHints":{"allow":["GET"]}}],"collection":[{"href":"https:\/\/kohvieri.ee\/et\/wp-json\/wp\/v2\/product"}],"about":[{"href":"https:\/\/kohvieri.ee\/et\/wp-json\/wp\/v2\/types\/product"}],"version-history":[{"count":1,"href":"https:\/\/kohvieri.ee\/et\/wp-json\/wp\/v2\/product\/16808\/revisions"}],"predecessor-version":[{"id":16848,"href":"https:\/\/kohvieri.ee\/et\/wp-json\/wp\/v2\/product\/16808\/revisions\/16848"}],"wp:featuredmedia":[{"embeddable":true,"href":"https:\/\/kohvieri.ee\/et\/wp-json\/wp\/v2\/media\/16844"}],"wp:attachment":[{"href":"https:\/\/kohvieri.ee\/et\/wp-json\/wp\/v2\/media?parent=16808"}],"wp:term":[{"taxonomy":"product_brand","embeddable":true,"href":"https:\/\/kohvieri.ee\/et\/wp-json\/wp\/v2\/product_brand?post=16808"},{"taxonomy":"product_cat","embeddable":true,"href":"https:\/\/kohvieri.ee\/et\/wp-json\/wp\/v2\/product_cat?post=16808"},{"taxonomy":"product_tag","embeddable":true,"href":"https:\/\/kohvieri.ee\/et\/wp-json\/wp\/v2\/product_tag?post=16808"}],"curies":[{"name":"wp","href":"https:\/\/api.w.org\/{rel}","templated":true}]}}