{"id":16865,"date":"2026-04-08T20:19:02","date_gmt":"2026-04-08T20:19:02","guid":{"rendered":"https:\/\/kohvieri.ee\/?post_type=product&#038;p=16865"},"modified":"2026-04-09T07:07:26","modified_gmt":"2026-04-09T07:07:26","slug":"bredemeijer-teekann-topeltseinaga-eva-11l-valge","status":"publish","type":"product","link":"https:\/\/kohvieri.ee\/et\/product\/bredemeijer-teekann-topeltseinaga-eva-11l-valge\/","title":{"rendered":"Bredemeijer teekann topeltseinaga Eva 1,1l valge"},"content":{"rendered":"\t\t<div data-elementor-type=\"wp-post\" data-elementor-id=\"16865\" class=\"elementor elementor-16865\">\n\t\t\t\t<div class=\"elementor-element elementor-element-8006cfb e-flex e-con-boxed e-con e-parent\" data-id=\"8006cfb\" data-element_type=\"container\" data-e-type=\"container\">\n\t\t\t\t\t<div class=\"e-con-inner\">\n\t\t\t\t\t<\/div>\n\t\t\t\t<\/div>\n\t\t\t\t<\/div>\n\t\t","protected":false},"excerpt":{"rendered":"<div class=\"product-info-main\">\n<div class=\"product info detailed\">\n<div class=\"product data items mage-tabs-disabled\" role=\"tablist\">\n<div id=\"description\" class=\"data item content\" role=\"tabpanel\" aria-labelledby=\"tab-label-description\" data-role=\"content\" aria-hidden=\"false\">\n<div class=\"product attribute description general_description\">\n<div class=\"value\">\n<p><strong><span dir=\"auto\">\u00a0Eva | peen lihtsus, s\u00fcgav rahu<\/span><\/strong><\/p>\n<p><span dir=\"auto\">Eva on ood tagasihoidlikule ilule. Oma pehmete vormide ja puhta lihtsusega toob see teekann rahu teie lauale ja teie p\u00e4eva.\u00a0 Armastatakse ajatu disaini ja l\u00e4bim\u00f5eldud funktsionaalsuse poolest.<\/span><\/p>\n<p><span dir=\"auto\">Topelt isoleeriv sein hoiab teed soojas kuni tund aega, kaotamata aroomi v\u00f5i maitset. T\u00e4nu spetsiaalselt vormitud tilale on valamine vaevatu ja tilkumisvaba. Eva on valmistatud vastupidavatest ja kvaliteetsetest materjalidest, mis on loodud kestma aastaid. Ja kaasasoleva filtri abil saate t\u00e4ielikult nautida lahtist teed v\u00f5i l\u00f5hnavaid \u00fcrte.<\/span><\/p>\n<p><strong><span dir=\"auto\">On aeg teed juua<\/span><\/strong><span dir=\"auto\">\u00a0\u2013 \u00d5rnade kurvide, rahustava silueti ja j\u00e4tkusuutlike materjalidega teekann on ideaalne kaaslane teadlikeks teeelamusteks \u2013 nii \u00fcksi kui ka kahekesi.<\/span><\/p>\n<ul>\n<li><strong><span dir=\"auto\">topeltseinaga konstruktsioon<\/span><\/strong><span dir=\"auto\">\u00a0\u2013 hoiab teed soojas kuni 60 minutit, s\u00e4ilitades samal ajal selle maitse. V\u00f5imaldab loomulikku jahutamist, mis toob esile aroomid. Optimaalne j\u00f5udlus v\u00e4hemalt 90% t\u00e4idisega.<\/span><\/li>\n<li><strong><span dir=\"auto\">tilkumisvaba valamine<\/span><\/strong><span dir=\"auto\">\u00a0\u2013 Teekann on varustatud spetsiaalse kujuga tilaga, mis hoiab \u00e4ra tilkumise valamise ajal. Sujuv ja kontrollitud serveerimine.<\/span><\/li>\n<li><strong><span dir=\"auto\">mugav kasutada<\/span><\/strong><span dir=\"auto\">\u00a0\u2013 Teekannul on ergonoomilise kujuga k\u00e4epide, mis on k\u00e4es meeldiv. Nupp ja k\u00e4epide j\u00e4\u00e4vad ainult k\u00e4ele soojaks.<\/span><\/li>\n<li><strong><span dir=\"auto\">mahutavus\u00a0 1,1 liitrit<\/span><\/strong><span dir=\"auto\"> \u2013 sobib 5 tassi tee jaoks. Ideaalne suurus jagatud hetkedeks .<\/span><\/li>\n<li><strong><span dir=\"auto\">minimalistlik disain ajatu v\u00f5luga<\/span><\/strong><span dir=\"auto\"> \u2013 esteetiline, tagasihoidlik ja vastupidav.<\/span><\/li>\n<li><strong><span dir=\"auto\">sisaldab eemaldatavat roostevabast terasest teefiltrit<\/span><\/strong><span dir=\"auto\">\u00a0\u2013 sobib lahtise tee ja v\u00e4rskete \u00fcrtide jaoks. Peene v\u00f5rgusilmaga filter tagab, et tassi ei j\u00e4\u00e4 teej\u00e4\u00e4ke. Lihtne puhastada ja n\u00f5udepesumasinas pestav.<\/span><\/li>\n<\/ul>\n<\/div>\n<p>P\u00e4ritolumaa: Holland<\/p>\n<p><a href=\"https:\/\/kohvieri.ee\/et\/teekannud\/\">Loe rohkem teekannudest<\/a><\/p>\n<p>&nbsp;<\/p>\n<\/div>\n<\/div>\n<\/div>\n<\/div>\n<\/div>\n","protected":false},"featured_media":16866,"template":"","meta":{"_uag_custom_page_level_css":"","site-sidebar-layout":"no-sidebar","site-content-layout":"plain-container","ast-site-content-layout":"normal-width-container","site-content-style":"unboxed","site-sidebar-style":"unboxed","ast-global-header-display":"","ast-banner-title-visibility":"","ast-main-header-display":"","ast-hfb-above-header-display":"","ast-hfb-below-header-display":"","ast-hfb-mobile-header-display":"","site-post-title":"disabled","ast-breadcrumbs-content":"","ast-featured-img":"disabled","footer-sml-layout":"","ast-disable-related-posts":"","theme-transparent-header-meta":"default","adv-header-id-meta":"","stick-header-meta":"default","header-above-stick-meta":"","header-main-stick-meta":"","header-below-stick-meta":"","astra-migrate-meta-layouts":"set","ast-page-background-enabled":"default","ast-page-background-meta":{"desktop":{"background-color":"var(--ast-global-color-4)","background-image":"","background-repeat":"repeat","background-position":"center center","background-size":"auto","background-attachment":"scroll","background-type":"","background-media":"","overlay-type":"","overlay-color":"","overlay-opacity":"","overlay-gradient":""},"tablet":{"background-color":"","background-image":"","background-repeat":"repeat","background-position":"center center","background-size":"auto","background-attachment":"scroll","background-type":"","background-media":"","overlay-type":"","overlay-color":"","overlay-opacity":"","overlay-gradient":""},"mobile":{"background-color":"","background-image":"","background-repeat":"repeat","background-position":"center center","background-size":"auto","background-attachment":"scroll","background-type":"","background-media":"","overlay-type":"","overlay-color":"","overlay-opacity":"","overlay-gradient":""}},"ast-content-background-meta":{"desktop":{"background-color":"var(--ast-global-color-5)","background-image":"","background-repeat":"repeat","background-position":"center center","background-size":"auto","background-attachment":"scroll","background-type":"","background-media":"","overlay-type":"","overlay-color":"","overlay-opacity":"","overlay-gradient":""},"tablet":{"background-color":"var(--ast-global-color-5)","background-image":"","background-repeat":"repeat","background-position":"center center","background-size":"auto","background-attachment":"scroll","background-type":"","background-media":"","overlay-type":"","overlay-color":"","overlay-opacity":"","overlay-gradient":""},"mobile":{"background-color":"var(--ast-global-color-5)","background-image":"","background-repeat":"repeat","background-position":"center center","background-size":"auto","background-attachment":"scroll","background-type":"","background-media":"","overlay-type":"","overlay-color":"","overlay-opacity":"","overlay-gradient":""}}},"product_brand":[328],"product_cat":[49,15],"product_tag":[],"class_list":{"0":"post-16865","1":"product","2":"type-product","3":"status-publish","4":"has-post-thumbnail","6":"product_brand-bredemeijer","7":"product_cat-tarvikud","8":"product_cat-teekannud","9":"desktop-align-center","10":"tablet-align-left","11":"mobile-align-left","13":"first","14":"outofstock","15":"taxable","16":"shipping-taxable","17":"purchasable","18":"product-type-simple"},"yoast_head":"<!-- This site is optimized with the Yoast SEO plugin v27.3 - https:\/\/yoast.com\/product\/yoast-seo-wordpress\/ -->\n<title>Bredemeijer teekann topeltseinaga Eva 1,1l valge - Kohvieri<\/title>\n<meta name=\"description\" content=\"Eva on ood tagasihoidlikule ilule. Oma pehmete vormide ja puhta lihtsusega toob see teekann rahu teie lauale ja teie p\u00e4eva.\u00a0\" \/>\n<meta name=\"robots\" content=\"index, follow, max-snippet:-1, max-image-preview:large, max-video-preview:-1\" \/>\n<link rel=\"canonical\" href=\"https:\/\/kohvieri.ee\/et\/product\/bredemeijer-teekann-topeltseinaga-eva-11l-valge\/\" \/>\n<meta property=\"og:locale\" content=\"et_EE\" \/>\n<meta property=\"og:type\" content=\"article\" \/>\n<meta property=\"og:title\" content=\"Bredemeijer teekann topeltseinaga Eva 1,1l valge - Kohvieri\" \/>\n<meta property=\"og:description\" content=\"Eva on ood tagasihoidlikule ilule. Oma pehmete vormide ja puhta lihtsusega toob see teekann rahu teie lauale ja teie p\u00e4eva.\u00a0\" \/>\n<meta property=\"og:url\" content=\"https:\/\/kohvieri.ee\/et\/product\/bredemeijer-teekann-topeltseinaga-eva-11l-valge\/\" \/>\n<meta property=\"og:site_name\" content=\"Kohvieri\" \/>\n<meta property=\"article:publisher\" content=\"https:\/\/www.facebook.com\/kohvieri\" \/>\n<meta property=\"article:modified_time\" content=\"2026-04-09T07:07:26+00:00\" \/>\n<meta property=\"og:image\" content=\"https:\/\/kohvieri.ee\/wp-content\/uploads\/2026\/04\/eva-rrostevaba-teekann.png\" \/>\n\t<meta property=\"og:image:width\" content=\"1080\" \/>\n\t<meta property=\"og:image:height\" content=\"1080\" \/>\n\t<meta property=\"og:image:type\" content=\"image\/png\" \/>\n<meta name=\"twitter:card\" content=\"summary_large_image\" \/>\n<meta name=\"twitter:label1\" content=\"Est. reading time\" \/>\n\t<meta name=\"twitter:data1\" content=\"1 minut\" \/>\n<script type=\"application\/ld+json\" class=\"yoast-schema-graph\">{\"@context\":\"https:\\\/\\\/schema.org\",\"@graph\":[{\"@type\":\"WebPage\",\"@id\":\"https:\\\/\\\/kohvieri.ee\\\/product\\\/bredemeijer-teekann-topeltseinaga-eva-11l-valge\\\/\",\"url\":\"https:\\\/\\\/kohvieri.ee\\\/product\\\/bredemeijer-teekann-topeltseinaga-eva-11l-valge\\\/\",\"name\":\"Bredemeijer teekann topeltseinaga Eva 1,1l valge - Kohvieri\",\"isPartOf\":{\"@id\":\"https:\\\/\\\/kohvieri.ee\\\/et\\\/#website\"},\"primaryImageOfPage\":{\"@id\":\"https:\\\/\\\/kohvieri.ee\\\/product\\\/bredemeijer-teekann-topeltseinaga-eva-11l-valge\\\/#primaryimage\"},\"image\":{\"@id\":\"https:\\\/\\\/kohvieri.ee\\\/product\\\/bredemeijer-teekann-topeltseinaga-eva-11l-valge\\\/#primaryimage\"},\"thumbnailUrl\":\"https:\\\/\\\/kohvieri.ee\\\/wp-content\\\/uploads\\\/2026\\\/04\\\/eva-rrostevaba-teekann.png\",\"datePublished\":\"2026-04-08T20:19:02+00:00\",\"dateModified\":\"2026-04-09T07:07:26+00:00\",\"description\":\"Eva on ood tagasihoidlikule ilule. Oma pehmete vormide ja puhta lihtsusega toob see teekann rahu teie lauale ja teie p\u00e4eva.\u00a0\",\"breadcrumb\":{\"@id\":\"https:\\\/\\\/kohvieri.ee\\\/product\\\/bredemeijer-teekann-topeltseinaga-eva-11l-valge\\\/#breadcrumb\"},\"inLanguage\":\"et\",\"potentialAction\":[{\"@type\":\"ReadAction\",\"target\":[\"https:\\\/\\\/kohvieri.ee\\\/product\\\/bredemeijer-teekann-topeltseinaga-eva-11l-valge\\\/\"]}]},{\"@type\":\"ImageObject\",\"inLanguage\":\"et\",\"@id\":\"https:\\\/\\\/kohvieri.ee\\\/product\\\/bredemeijer-teekann-topeltseinaga-eva-11l-valge\\\/#primaryimage\",\"url\":\"https:\\\/\\\/kohvieri.ee\\\/wp-content\\\/uploads\\\/2026\\\/04\\\/eva-rrostevaba-teekann.png\",\"contentUrl\":\"https:\\\/\\\/kohvieri.ee\\\/wp-content\\\/uploads\\\/2026\\\/04\\\/eva-rrostevaba-teekann.png\",\"width\":1080,\"height\":1080,\"caption\":\"Bredemeijer teekann topeltseinaga Eva 1,1l valge\"},{\"@type\":\"BreadcrumbList\",\"@id\":\"https:\\\/\\\/kohvieri.ee\\\/product\\\/bredemeijer-teekann-topeltseinaga-eva-11l-valge\\\/#breadcrumb\",\"itemListElement\":[{\"@type\":\"ListItem\",\"position\":1,\"name\":\"Home\",\"item\":\"https:\\\/\\\/kohvieri.ee\\\/et\\\/\"},{\"@type\":\"ListItem\",\"position\":2,\"name\":\"E-pood\",\"item\":\"https:\\\/\\\/kohvieri.ee\\\/et\\\/e-pood\\\/\"},{\"@type\":\"ListItem\",\"position\":3,\"name\":\"Bredemeijer teekann topeltseinaga Eva 1,1l valge\"}]},{\"@type\":\"WebSite\",\"@id\":\"https:\\\/\\\/kohvieri.ee\\\/et\\\/#website\",\"url\":\"https:\\\/\\\/kohvieri.ee\\\/et\\\/\",\"name\":\"Kohvieri\",\"description\":\"Kohvi - ja teepood\",\"publisher\":{\"@id\":\"https:\\\/\\\/kohvieri.ee\\\/et\\\/#organization\"},\"potentialAction\":[{\"@type\":\"SearchAction\",\"target\":{\"@type\":\"EntryPoint\",\"urlTemplate\":\"https:\\\/\\\/kohvieri.ee\\\/et\\\/?s={search_term_string}\"},\"query-input\":{\"@type\":\"PropertyValueSpecification\",\"valueRequired\":true,\"valueName\":\"search_term_string\"}}],\"inLanguage\":\"et\"},{\"@type\":\"Organization\",\"@id\":\"https:\\\/\\\/kohvieri.ee\\\/et\\\/#organization\",\"name\":\"Kohvieri\",\"url\":\"https:\\\/\\\/kohvieri.ee\\\/et\\\/\",\"logo\":{\"@type\":\"ImageObject\",\"inLanguage\":\"et\",\"@id\":\"https:\\\/\\\/kohvieri.ee\\\/et\\\/#\\\/schema\\\/logo\\\/image\\\/\",\"url\":\"https:\\\/\\\/kohvieri.ee\\\/wp-content\\\/uploads\\\/2023\\\/07\\\/07cd6507-9210-4922-a9ff-55a59759ce72-e1689614757153.png\",\"contentUrl\":\"https:\\\/\\\/kohvieri.ee\\\/wp-content\\\/uploads\\\/2023\\\/07\\\/07cd6507-9210-4922-a9ff-55a59759ce72-e1689614757153.png\",\"width\":945,\"height\":318,\"caption\":\" Kohvieri\"},\"image\":{\"@id\":\"https:\\\/\\\/kohvieri.ee\\\/et\\\/#\\\/schema\\\/logo\\\/image\\\/\"},\"sameAs\":[\"https:\\\/\\\/www.facebook.com\\\/kohvieri\",\"https:\\\/\\\/www.instagram.com\\\/kohvieripood\"]}]}<\/script>\n<!-- \/ Yoast SEO plugin. -->","yoast_head_json":{"title":"Bredemeijer teekann topeltseinaga Eva 1,1l valge - Kohvieri","description":"Eva on ood tagasihoidlikule ilule. Oma pehmete vormide ja puhta lihtsusega toob see teekann rahu teie lauale ja teie p\u00e4eva.\u00a0","robots":{"index":"index","follow":"follow","max-snippet":"max-snippet:-1","max-image-preview":"max-image-preview:large","max-video-preview":"max-video-preview:-1"},"canonical":"https:\/\/kohvieri.ee\/et\/product\/bredemeijer-teekann-topeltseinaga-eva-11l-valge\/","og_locale":"et_EE","og_type":"article","og_title":"Bredemeijer teekann topeltseinaga Eva 1,1l valge - Kohvieri","og_description":"Eva on ood tagasihoidlikule ilule. Oma pehmete vormide ja puhta lihtsusega toob see teekann rahu teie lauale ja teie p\u00e4eva.\u00a0","og_url":"https:\/\/kohvieri.ee\/et\/product\/bredemeijer-teekann-topeltseinaga-eva-11l-valge\/","og_site_name":"Kohvieri","article_publisher":"https:\/\/www.facebook.com\/kohvieri","article_modified_time":"2026-04-09T07:07:26+00:00","og_image":[{"width":1080,"height":1080,"url":"https:\/\/kohvieri.ee\/wp-content\/uploads\/2026\/04\/eva-rrostevaba-teekann.png","type":"image\/png"}],"twitter_card":"summary_large_image","twitter_misc":{"Est. reading time":"1 minut"},"schema":{"@context":"https:\/\/schema.org","@graph":[{"@type":"WebPage","@id":"https:\/\/kohvieri.ee\/product\/bredemeijer-teekann-topeltseinaga-eva-11l-valge\/","url":"https:\/\/kohvieri.ee\/product\/bredemeijer-teekann-topeltseinaga-eva-11l-valge\/","name":"Bredemeijer teekann topeltseinaga Eva 1,1l valge - Kohvieri","isPartOf":{"@id":"https:\/\/kohvieri.ee\/et\/#website"},"primaryImageOfPage":{"@id":"https:\/\/kohvieri.ee\/product\/bredemeijer-teekann-topeltseinaga-eva-11l-valge\/#primaryimage"},"image":{"@id":"https:\/\/kohvieri.ee\/product\/bredemeijer-teekann-topeltseinaga-eva-11l-valge\/#primaryimage"},"thumbnailUrl":"https:\/\/kohvieri.ee\/wp-content\/uploads\/2026\/04\/eva-rrostevaba-teekann.png","datePublished":"2026-04-08T20:19:02+00:00","dateModified":"2026-04-09T07:07:26+00:00","description":"Eva on ood tagasihoidlikule ilule. Oma pehmete vormide ja puhta lihtsusega toob see teekann rahu teie lauale ja teie p\u00e4eva.\u00a0","breadcrumb":{"@id":"https:\/\/kohvieri.ee\/product\/bredemeijer-teekann-topeltseinaga-eva-11l-valge\/#breadcrumb"},"inLanguage":"et","potentialAction":[{"@type":"ReadAction","target":["https:\/\/kohvieri.ee\/product\/bredemeijer-teekann-topeltseinaga-eva-11l-valge\/"]}]},{"@type":"ImageObject","inLanguage":"et","@id":"https:\/\/kohvieri.ee\/product\/bredemeijer-teekann-topeltseinaga-eva-11l-valge\/#primaryimage","url":"https:\/\/kohvieri.ee\/wp-content\/uploads\/2026\/04\/eva-rrostevaba-teekann.png","contentUrl":"https:\/\/kohvieri.ee\/wp-content\/uploads\/2026\/04\/eva-rrostevaba-teekann.png","width":1080,"height":1080,"caption":"Bredemeijer teekann topeltseinaga Eva 1,1l valge"},{"@type":"BreadcrumbList","@id":"https:\/\/kohvieri.ee\/product\/bredemeijer-teekann-topeltseinaga-eva-11l-valge\/#breadcrumb","itemListElement":[{"@type":"ListItem","position":1,"name":"Home","item":"https:\/\/kohvieri.ee\/et\/"},{"@type":"ListItem","position":2,"name":"E-pood","item":"https:\/\/kohvieri.ee\/et\/e-pood\/"},{"@type":"ListItem","position":3,"name":"Bredemeijer teekann topeltseinaga Eva 1,1l valge"}]},{"@type":"WebSite","@id":"https:\/\/kohvieri.ee\/et\/#website","url":"https:\/\/kohvieri.ee\/et\/","name":"Kohvieri","description":"Kohvi - ja teepood","publisher":{"@id":"https:\/\/kohvieri.ee\/et\/#organization"},"potentialAction":[{"@type":"SearchAction","target":{"@type":"EntryPoint","urlTemplate":"https:\/\/kohvieri.ee\/et\/?s={search_term_string}"},"query-input":{"@type":"PropertyValueSpecification","valueRequired":true,"valueName":"search_term_string"}}],"inLanguage":"et"},{"@type":"Organization","@id":"https:\/\/kohvieri.ee\/et\/#organization","name":"Kohvieri","url":"https:\/\/kohvieri.ee\/et\/","logo":{"@type":"ImageObject","inLanguage":"et","@id":"https:\/\/kohvieri.ee\/et\/#\/schema\/logo\/image\/","url":"https:\/\/kohvieri.ee\/wp-content\/uploads\/2023\/07\/07cd6507-9210-4922-a9ff-55a59759ce72-e1689614757153.png","contentUrl":"https:\/\/kohvieri.ee\/wp-content\/uploads\/2023\/07\/07cd6507-9210-4922-a9ff-55a59759ce72-e1689614757153.png","width":945,"height":318,"caption":" Kohvieri"},"image":{"@id":"https:\/\/kohvieri.ee\/et\/#\/schema\/logo\/image\/"},"sameAs":["https:\/\/www.facebook.com\/kohvieri","https:\/\/www.instagram.com\/kohvieripood"]}]}},"uagb_featured_image_src":{"full":["https:\/\/kohvieri.ee\/wp-content\/uploads\/2026\/04\/eva-rrostevaba-teekann.png",1080,1080,false],"thumbnail":["https:\/\/kohvieri.ee\/wp-content\/uploads\/2026\/04\/eva-rrostevaba-teekann-150x150.png",150,150,true],"medium":["https:\/\/kohvieri.ee\/wp-content\/uploads\/2026\/04\/eva-rrostevaba-teekann-300x300.png",300,300,true],"medium_large":["https:\/\/kohvieri.ee\/wp-content\/uploads\/2026\/04\/eva-rrostevaba-teekann-768x768.png",768,768,true],"large":["https:\/\/kohvieri.ee\/wp-content\/uploads\/2026\/04\/eva-rrostevaba-teekann-1024x1024.png",1024,1024,true],"1536x1536":["https:\/\/kohvieri.ee\/wp-content\/uploads\/2026\/04\/eva-rrostevaba-teekann.png",1080,1080,false],"2048x2048":["https:\/\/kohvieri.ee\/wp-content\/uploads\/2026\/04\/eva-rrostevaba-teekann.png",1080,1080,false],"trp-custom-language-flag":["https:\/\/kohvieri.ee\/wp-content\/uploads\/2026\/04\/eva-rrostevaba-teekann-12x12.png",12,12,true],"woocommerce_thumbnail":["https:\/\/kohvieri.ee\/wp-content\/uploads\/2026\/04\/eva-rrostevaba-teekann-300x300.png",300,300,true],"woocommerce_single":["https:\/\/kohvieri.ee\/wp-content\/uploads\/2026\/04\/eva-rrostevaba-teekann-600x600.png",600,600,true],"woocommerce_gallery_thumbnail":["https:\/\/kohvieri.ee\/wp-content\/uploads\/2026\/04\/eva-rrostevaba-teekann-100x100.png",100,100,true]},"uagb_author_info":{"display_name":"Kohvieri","author_link":"https:\/\/kohvieri.ee\/et\/author\/"},"uagb_comment_info":0,"uagb_excerpt":"\u00a0Eva | peen lihtsus, s\u00fcgav rahu Eva on ood tagasihoidlikule ilule. Oma pehmete vormide ja puhta lihtsusega toob see teekann rahu teie lauale ja teie p\u00e4eva.\u00a0 Armastatakse ajatu disaini ja l\u00e4bim\u00f5eldud funktsionaalsuse poolest. Topelt isoleeriv sein hoiab teed soojas kuni tund aega, kaotamata aroomi v\u00f5i maitset. T\u00e4nu spetsiaalselt vormitud tilale on valamine vaevatu ja tilkumisvaba.&hellip;","jetpack_sharing_enabled":true,"_links":{"self":[{"href":"https:\/\/kohvieri.ee\/et\/wp-json\/wp\/v2\/product\/16865","targetHints":{"allow":["GET"]}}],"collection":[{"href":"https:\/\/kohvieri.ee\/et\/wp-json\/wp\/v2\/product"}],"about":[{"href":"https:\/\/kohvieri.ee\/et\/wp-json\/wp\/v2\/types\/product"}],"version-history":[{"count":1,"href":"https:\/\/kohvieri.ee\/et\/wp-json\/wp\/v2\/product\/16865\/revisions"}],"predecessor-version":[{"id":16874,"href":"https:\/\/kohvieri.ee\/et\/wp-json\/wp\/v2\/product\/16865\/revisions\/16874"}],"wp:featuredmedia":[{"embeddable":true,"href":"https:\/\/kohvieri.ee\/et\/wp-json\/wp\/v2\/media\/16866"}],"wp:attachment":[{"href":"https:\/\/kohvieri.ee\/et\/wp-json\/wp\/v2\/media?parent=16865"}],"wp:term":[{"taxonomy":"product_brand","embeddable":true,"href":"https:\/\/kohvieri.ee\/et\/wp-json\/wp\/v2\/product_brand?post=16865"},{"taxonomy":"product_cat","embeddable":true,"href":"https:\/\/kohvieri.ee\/et\/wp-json\/wp\/v2\/product_cat?post=16865"},{"taxonomy":"product_tag","embeddable":true,"href":"https:\/\/kohvieri.ee\/et\/wp-json\/wp\/v2\/product_tag?post=16865"}],"curies":[{"name":"wp","href":"https:\/\/api.w.org\/{rel}","templated":true}]}}