{"id":16875,"date":"2026-04-09T16:46:50","date_gmt":"2026-04-09T16:46:50","guid":{"rendered":"https:\/\/kohvieri.ee\/?post_type=product&#038;p=16875"},"modified":"2026-04-10T07:10:12","modified_gmt":"2026-04-10T07:10:12","slug":"bredemeijer-malmist-tassid-xilin-karamell-2tk","status":"publish","type":"product","link":"https:\/\/kohvieri.ee\/et\/product\/bredemeijer-malmist-tassid-xilin-karamell-2tk\/","title":{"rendered":"Bredemeijer malmist tassid Xilin karamell 2tk"},"content":{"rendered":"\t\t<div data-elementor-type=\"wp-post\" data-elementor-id=\"16875\" class=\"elementor elementor-16875\">\n\t\t\t\t<div class=\"elementor-element elementor-element-8006cfb e-flex e-con-boxed e-con e-parent\" data-id=\"8006cfb\" data-element_type=\"container\" data-e-type=\"container\">\n\t\t\t\t\t<div class=\"e-con-inner\">\n\t\t\t\t\t<\/div>\n\t\t\t\t<\/div>\n\t\t\t\t<\/div>\n\t\t","protected":false},"excerpt":{"rendered":"<div class=\"product attribute description general_description\">\n<div class=\"value\">\n<p><strong><span dir=\"auto\">Teetassid \u2013 120 ml | V\u00e4ike suuruselt, rikkalik kogemus<\/span><\/strong><\/p>\n<p><span dir=\"auto\">T\u00f5stke oma teerituaali uuele tasemele nende elegantsete\u00a0<\/span><strong><span dir=\"auto\">malmist teetassidega. <\/span><\/strong><span dir=\"auto\">\u00a0Idamaade traditsioonidest inspireeritud tassid \u00fchendavad endas tagasihoidliku suuruse ja v\u00f5imsa olemuse. Kahe tassi komplekt sobib ideaalselt jagatud hetkeks \u2013 vaikne, soe ja t\u00e4helepanu t\u00e4is.<\/span><\/p>\n<p><strong><span dir=\"auto\">Kvaliteetsest malmist ja<\/span><\/strong><span dir=\"auto\">\u00a0emailitud\u00a0<\/span><strong><span dir=\"auto\">sisemusega<\/span><\/strong><span dir=\"auto\">\u00a0valmistatud\u00a0tassid hoiavad teie tee kauem sooja ja maitsvana. Need on k\u00e4es mugavad ja koos sobiva malmist teekannuga loovad teie laual harmoonilise komplekti.<\/span><\/p>\n<p><span dir=\"auto\">Neile, kes hindavad rituaali sama palju kui teed ennast.<\/span><\/p>\n<p><strong><span dir=\"auto\">On aeg teed juua.<\/span><\/strong><span dir=\"auto\">\u00a0V\u00e4ikesed joogid, suurep\u00e4rased tutvused.<\/span><\/p>\n<ul>\n<li><strong><span dir=\"auto\">kvaliteetne malm<\/span><\/strong><span dir=\"auto\">\u00a0\u2013 elegantse helerohelise viimistlusega.<\/span><\/li>\n<li><strong><span dir=\"auto\">emailitud sisemus<\/span><\/strong><span dir=\"auto\">\u00a0\u2013 hoiab \u00e4ra rooste tekkimise, on h\u00fcgieeniline ja s\u00e4ilitab maitset.<\/span><\/li>\n<li><strong><span dir=\"auto\">kaheosaline komplekt<\/span><\/strong><span dir=\"auto\">\u00a0\u2013 ideaalne koos tee joomiseks.<\/span><\/li>\n<li><strong><span dir=\"auto\">kaunilt sobitatud<\/span><\/strong><span dir=\"auto\"> \u2013 sobib ideaalselt\u00a0 malmist teekannudega.<\/span><\/li>\n<li><strong><span dir=\"auto\">mugav ja k\u00e4es stabiilne<\/span><\/strong><span dir=\"auto\">\u00a0\u2013 loodud sooja ja tasakaalustatud joomise kogemuse pakkumiseks.<\/span><\/li>\n<\/ul>\n<\/div>\n<\/div>\n<p>P\u00e4ritolumaa: Holland<\/p>\n<p><a href=\"https:\/\/kohvieri.ee\/kohvikannud\/\">Loe rohkem tarvikutest<\/a><\/p>\n<div>\n<p>&nbsp;<\/p>\n<\/div>\n","protected":false},"featured_media":16876,"template":"","meta":{"_uag_custom_page_level_css":"","site-sidebar-layout":"no-sidebar","site-content-layout":"plain-container","ast-site-content-layout":"normal-width-container","site-content-style":"unboxed","site-sidebar-style":"unboxed","ast-global-header-display":"","ast-banner-title-visibility":"","ast-main-header-display":"","ast-hfb-above-header-display":"","ast-hfb-below-header-display":"","ast-hfb-mobile-header-display":"","site-post-title":"disabled","ast-breadcrumbs-content":"","ast-featured-img":"disabled","footer-sml-layout":"","ast-disable-related-posts":"","theme-transparent-header-meta":"default","adv-header-id-meta":"","stick-header-meta":"default","header-above-stick-meta":"","header-main-stick-meta":"","header-below-stick-meta":"","astra-migrate-meta-layouts":"set","ast-page-background-enabled":"default","ast-page-background-meta":{"desktop":{"background-color":"var(--ast-global-color-4)","background-image":"","background-repeat":"repeat","background-position":"center center","background-size":"auto","background-attachment":"scroll","background-type":"","background-media":"","overlay-type":"","overlay-color":"","overlay-opacity":"","overlay-gradient":""},"tablet":{"background-color":"","background-image":"","background-repeat":"repeat","background-position":"center center","background-size":"auto","background-attachment":"scroll","background-type":"","background-media":"","overlay-type":"","overlay-color":"","overlay-opacity":"","overlay-gradient":""},"mobile":{"background-color":"","background-image":"","background-repeat":"repeat","background-position":"center center","background-size":"auto","background-attachment":"scroll","background-type":"","background-media":"","overlay-type":"","overlay-color":"","overlay-opacity":"","overlay-gradient":""}},"ast-content-background-meta":{"desktop":{"background-color":"var(--ast-global-color-5)","background-image":"","background-repeat":"repeat","background-position":"center center","background-size":"auto","background-attachment":"scroll","background-type":"","background-media":"","overlay-type":"","overlay-color":"","overlay-opacity":"","overlay-gradient":""},"tablet":{"background-color":"var(--ast-global-color-5)","background-image":"","background-repeat":"repeat","background-position":"center center","background-size":"auto","background-attachment":"scroll","background-type":"","background-media":"","overlay-type":"","overlay-color":"","overlay-opacity":"","overlay-gradient":""},"mobile":{"background-color":"var(--ast-global-color-5)","background-image":"","background-repeat":"repeat","background-position":"center center","background-size":"auto","background-attachment":"scroll","background-type":"","background-media":"","overlay-type":"","overlay-color":"","overlay-opacity":"","overlay-gradient":""}}},"product_brand":[328],"product_cat":[120,49],"product_tag":[158,154],"class_list":{"0":"post-16875","1":"product","2":"type-product","3":"status-publish","4":"has-post-thumbnail","6":"product_brand-bredemeijer","7":"product_cat-muud-tarvikud","8":"product_cat-tarvikud","9":"product_tag-malm","10":"product_tag-tassid","11":"desktop-align-center","12":"tablet-align-left","13":"mobile-align-left","15":"first","16":"outofstock","17":"taxable","18":"shipping-taxable","19":"purchasable","20":"product-type-simple"},"yoast_head":"<!-- This site is optimized with the Yoast SEO plugin v27.3 - https:\/\/yoast.com\/product\/yoast-seo-wordpress\/ -->\n<title>Bredemeijer malmist tassid Xilin karamell 2tk - Kohvieri<\/title>\n<meta name=\"description\" content=\"T\u00f5stke oma teerituaali uuele tasemele nende malmist teetassidega. \u00a0Idamaadest inspireeritud tassid \u00fchendavad endas tagasihoidliku suuruse ja v\u00f5imsa olemuse.\" \/>\n<meta name=\"robots\" content=\"index, follow, max-snippet:-1, max-image-preview:large, max-video-preview:-1\" \/>\n<link rel=\"canonical\" href=\"https:\/\/kohvieri.ee\/et\/product\/bredemeijer-malmist-tassid-xilin-karamell-2tk\/\" \/>\n<meta property=\"og:locale\" content=\"et_EE\" \/>\n<meta property=\"og:type\" content=\"article\" \/>\n<meta property=\"og:title\" content=\"Bredemeijer malmist tassid Xilin karamell 2tk - Kohvieri\" \/>\n<meta property=\"og:description\" content=\"T\u00f5stke oma teerituaali uuele tasemele nende malmist teetassidega. \u00a0Idamaadest inspireeritud tassid \u00fchendavad endas tagasihoidliku suuruse ja v\u00f5imsa olemuse.\" \/>\n<meta property=\"og:url\" content=\"https:\/\/kohvieri.ee\/et\/product\/bredemeijer-malmist-tassid-xilin-karamell-2tk\/\" \/>\n<meta property=\"og:site_name\" content=\"Kohvieri\" \/>\n<meta property=\"article:publisher\" content=\"https:\/\/www.facebook.com\/kohvieri\" \/>\n<meta property=\"article:modified_time\" content=\"2026-04-10T07:10:12+00:00\" \/>\n<meta property=\"og:image\" content=\"https:\/\/kohvieri.ee\/wp-content\/uploads\/2026\/04\/Xilin-teetass.png\" \/>\n\t<meta property=\"og:image:width\" content=\"1080\" \/>\n\t<meta property=\"og:image:height\" content=\"1080\" \/>\n\t<meta property=\"og:image:type\" content=\"image\/png\" \/>\n<meta name=\"twitter:card\" content=\"summary_large_image\" \/>\n<meta name=\"twitter:label1\" content=\"Est. reading time\" \/>\n\t<meta name=\"twitter:data1\" content=\"1 minut\" \/>\n<script type=\"application\/ld+json\" class=\"yoast-schema-graph\">{\"@context\":\"https:\\\/\\\/schema.org\",\"@graph\":[{\"@type\":\"WebPage\",\"@id\":\"https:\\\/\\\/kohvieri.ee\\\/product\\\/bredemeijer-malmist-tassid-xilin-karamell-2tk\\\/\",\"url\":\"https:\\\/\\\/kohvieri.ee\\\/product\\\/bredemeijer-malmist-tassid-xilin-karamell-2tk\\\/\",\"name\":\"Bredemeijer malmist tassid Xilin karamell 2tk - Kohvieri\",\"isPartOf\":{\"@id\":\"https:\\\/\\\/kohvieri.ee\\\/et\\\/#website\"},\"primaryImageOfPage\":{\"@id\":\"https:\\\/\\\/kohvieri.ee\\\/product\\\/bredemeijer-malmist-tassid-xilin-karamell-2tk\\\/#primaryimage\"},\"image\":{\"@id\":\"https:\\\/\\\/kohvieri.ee\\\/product\\\/bredemeijer-malmist-tassid-xilin-karamell-2tk\\\/#primaryimage\"},\"thumbnailUrl\":\"https:\\\/\\\/kohvieri.ee\\\/wp-content\\\/uploads\\\/2026\\\/04\\\/Xilin-teetass.png\",\"datePublished\":\"2026-04-09T16:46:50+00:00\",\"dateModified\":\"2026-04-10T07:10:12+00:00\",\"description\":\"T\u00f5stke oma teerituaali uuele tasemele nende malmist teetassidega. \u00a0Idamaadest inspireeritud tassid \u00fchendavad endas tagasihoidliku suuruse ja v\u00f5imsa olemuse.\",\"breadcrumb\":{\"@id\":\"https:\\\/\\\/kohvieri.ee\\\/product\\\/bredemeijer-malmist-tassid-xilin-karamell-2tk\\\/#breadcrumb\"},\"inLanguage\":\"et\",\"potentialAction\":[{\"@type\":\"ReadAction\",\"target\":[\"https:\\\/\\\/kohvieri.ee\\\/product\\\/bredemeijer-malmist-tassid-xilin-karamell-2tk\\\/\"]}]},{\"@type\":\"ImageObject\",\"inLanguage\":\"et\",\"@id\":\"https:\\\/\\\/kohvieri.ee\\\/product\\\/bredemeijer-malmist-tassid-xilin-karamell-2tk\\\/#primaryimage\",\"url\":\"https:\\\/\\\/kohvieri.ee\\\/wp-content\\\/uploads\\\/2026\\\/04\\\/Xilin-teetass.png\",\"contentUrl\":\"https:\\\/\\\/kohvieri.ee\\\/wp-content\\\/uploads\\\/2026\\\/04\\\/Xilin-teetass.png\",\"width\":1080,\"height\":1080,\"caption\":\"Xilin teetass\"},{\"@type\":\"BreadcrumbList\",\"@id\":\"https:\\\/\\\/kohvieri.ee\\\/product\\\/bredemeijer-malmist-tassid-xilin-karamell-2tk\\\/#breadcrumb\",\"itemListElement\":[{\"@type\":\"ListItem\",\"position\":1,\"name\":\"Home\",\"item\":\"https:\\\/\\\/kohvieri.ee\\\/et\\\/\"},{\"@type\":\"ListItem\",\"position\":2,\"name\":\"E-pood\",\"item\":\"https:\\\/\\\/kohvieri.ee\\\/et\\\/e-pood\\\/\"},{\"@type\":\"ListItem\",\"position\":3,\"name\":\"Bredemeijer malmist tassid Xilin karamell 2tk\"}]},{\"@type\":\"WebSite\",\"@id\":\"https:\\\/\\\/kohvieri.ee\\\/et\\\/#website\",\"url\":\"https:\\\/\\\/kohvieri.ee\\\/et\\\/\",\"name\":\"Kohvieri\",\"description\":\"Kohvi - ja teepood\",\"publisher\":{\"@id\":\"https:\\\/\\\/kohvieri.ee\\\/et\\\/#organization\"},\"potentialAction\":[{\"@type\":\"SearchAction\",\"target\":{\"@type\":\"EntryPoint\",\"urlTemplate\":\"https:\\\/\\\/kohvieri.ee\\\/et\\\/?s={search_term_string}\"},\"query-input\":{\"@type\":\"PropertyValueSpecification\",\"valueRequired\":true,\"valueName\":\"search_term_string\"}}],\"inLanguage\":\"et\"},{\"@type\":\"Organization\",\"@id\":\"https:\\\/\\\/kohvieri.ee\\\/et\\\/#organization\",\"name\":\"Kohvieri\",\"url\":\"https:\\\/\\\/kohvieri.ee\\\/et\\\/\",\"logo\":{\"@type\":\"ImageObject\",\"inLanguage\":\"et\",\"@id\":\"https:\\\/\\\/kohvieri.ee\\\/et\\\/#\\\/schema\\\/logo\\\/image\\\/\",\"url\":\"https:\\\/\\\/kohvieri.ee\\\/wp-content\\\/uploads\\\/2023\\\/07\\\/07cd6507-9210-4922-a9ff-55a59759ce72-e1689614757153.png\",\"contentUrl\":\"https:\\\/\\\/kohvieri.ee\\\/wp-content\\\/uploads\\\/2023\\\/07\\\/07cd6507-9210-4922-a9ff-55a59759ce72-e1689614757153.png\",\"width\":945,\"height\":318,\"caption\":\" Kohvieri\"},\"image\":{\"@id\":\"https:\\\/\\\/kohvieri.ee\\\/et\\\/#\\\/schema\\\/logo\\\/image\\\/\"},\"sameAs\":[\"https:\\\/\\\/www.facebook.com\\\/kohvieri\",\"https:\\\/\\\/www.instagram.com\\\/kohvieripood\"]}]}<\/script>\n<!-- \/ Yoast SEO plugin. -->","yoast_head_json":{"title":"Bredemeijer malmist tassid Xilin karamell 2tk - Kohvieri","description":"T\u00f5stke oma teerituaali uuele tasemele nende malmist teetassidega. \u00a0Idamaadest inspireeritud tassid \u00fchendavad endas tagasihoidliku suuruse ja v\u00f5imsa olemuse.","robots":{"index":"index","follow":"follow","max-snippet":"max-snippet:-1","max-image-preview":"max-image-preview:large","max-video-preview":"max-video-preview:-1"},"canonical":"https:\/\/kohvieri.ee\/et\/product\/bredemeijer-malmist-tassid-xilin-karamell-2tk\/","og_locale":"et_EE","og_type":"article","og_title":"Bredemeijer malmist tassid Xilin karamell 2tk - Kohvieri","og_description":"T\u00f5stke oma teerituaali uuele tasemele nende malmist teetassidega. \u00a0Idamaadest inspireeritud tassid \u00fchendavad endas tagasihoidliku suuruse ja v\u00f5imsa olemuse.","og_url":"https:\/\/kohvieri.ee\/et\/product\/bredemeijer-malmist-tassid-xilin-karamell-2tk\/","og_site_name":"Kohvieri","article_publisher":"https:\/\/www.facebook.com\/kohvieri","article_modified_time":"2026-04-10T07:10:12+00:00","og_image":[{"width":1080,"height":1080,"url":"https:\/\/kohvieri.ee\/wp-content\/uploads\/2026\/04\/Xilin-teetass.png","type":"image\/png"}],"twitter_card":"summary_large_image","twitter_misc":{"Est. reading time":"1 minut"},"schema":{"@context":"https:\/\/schema.org","@graph":[{"@type":"WebPage","@id":"https:\/\/kohvieri.ee\/product\/bredemeijer-malmist-tassid-xilin-karamell-2tk\/","url":"https:\/\/kohvieri.ee\/product\/bredemeijer-malmist-tassid-xilin-karamell-2tk\/","name":"Bredemeijer malmist tassid Xilin karamell 2tk - Kohvieri","isPartOf":{"@id":"https:\/\/kohvieri.ee\/et\/#website"},"primaryImageOfPage":{"@id":"https:\/\/kohvieri.ee\/product\/bredemeijer-malmist-tassid-xilin-karamell-2tk\/#primaryimage"},"image":{"@id":"https:\/\/kohvieri.ee\/product\/bredemeijer-malmist-tassid-xilin-karamell-2tk\/#primaryimage"},"thumbnailUrl":"https:\/\/kohvieri.ee\/wp-content\/uploads\/2026\/04\/Xilin-teetass.png","datePublished":"2026-04-09T16:46:50+00:00","dateModified":"2026-04-10T07:10:12+00:00","description":"T\u00f5stke oma teerituaali uuele tasemele nende malmist teetassidega. \u00a0Idamaadest inspireeritud tassid \u00fchendavad endas tagasihoidliku suuruse ja v\u00f5imsa olemuse.","breadcrumb":{"@id":"https:\/\/kohvieri.ee\/product\/bredemeijer-malmist-tassid-xilin-karamell-2tk\/#breadcrumb"},"inLanguage":"et","potentialAction":[{"@type":"ReadAction","target":["https:\/\/kohvieri.ee\/product\/bredemeijer-malmist-tassid-xilin-karamell-2tk\/"]}]},{"@type":"ImageObject","inLanguage":"et","@id":"https:\/\/kohvieri.ee\/product\/bredemeijer-malmist-tassid-xilin-karamell-2tk\/#primaryimage","url":"https:\/\/kohvieri.ee\/wp-content\/uploads\/2026\/04\/Xilin-teetass.png","contentUrl":"https:\/\/kohvieri.ee\/wp-content\/uploads\/2026\/04\/Xilin-teetass.png","width":1080,"height":1080,"caption":"Xilin teetass"},{"@type":"BreadcrumbList","@id":"https:\/\/kohvieri.ee\/product\/bredemeijer-malmist-tassid-xilin-karamell-2tk\/#breadcrumb","itemListElement":[{"@type":"ListItem","position":1,"name":"Home","item":"https:\/\/kohvieri.ee\/et\/"},{"@type":"ListItem","position":2,"name":"E-pood","item":"https:\/\/kohvieri.ee\/et\/e-pood\/"},{"@type":"ListItem","position":3,"name":"Bredemeijer malmist tassid Xilin karamell 2tk"}]},{"@type":"WebSite","@id":"https:\/\/kohvieri.ee\/et\/#website","url":"https:\/\/kohvieri.ee\/et\/","name":"Kohvieri","description":"Kohvi - ja teepood","publisher":{"@id":"https:\/\/kohvieri.ee\/et\/#organization"},"potentialAction":[{"@type":"SearchAction","target":{"@type":"EntryPoint","urlTemplate":"https:\/\/kohvieri.ee\/et\/?s={search_term_string}"},"query-input":{"@type":"PropertyValueSpecification","valueRequired":true,"valueName":"search_term_string"}}],"inLanguage":"et"},{"@type":"Organization","@id":"https:\/\/kohvieri.ee\/et\/#organization","name":"Kohvieri","url":"https:\/\/kohvieri.ee\/et\/","logo":{"@type":"ImageObject","inLanguage":"et","@id":"https:\/\/kohvieri.ee\/et\/#\/schema\/logo\/image\/","url":"https:\/\/kohvieri.ee\/wp-content\/uploads\/2023\/07\/07cd6507-9210-4922-a9ff-55a59759ce72-e1689614757153.png","contentUrl":"https:\/\/kohvieri.ee\/wp-content\/uploads\/2023\/07\/07cd6507-9210-4922-a9ff-55a59759ce72-e1689614757153.png","width":945,"height":318,"caption":" Kohvieri"},"image":{"@id":"https:\/\/kohvieri.ee\/et\/#\/schema\/logo\/image\/"},"sameAs":["https:\/\/www.facebook.com\/kohvieri","https:\/\/www.instagram.com\/kohvieripood"]}]}},"uagb_featured_image_src":{"full":["https:\/\/kohvieri.ee\/wp-content\/uploads\/2026\/04\/Xilin-teetass.png",1080,1080,false],"thumbnail":["https:\/\/kohvieri.ee\/wp-content\/uploads\/2026\/04\/Xilin-teetass-150x150.png",150,150,true],"medium":["https:\/\/kohvieri.ee\/wp-content\/uploads\/2026\/04\/Xilin-teetass-300x300.png",300,300,true],"medium_large":["https:\/\/kohvieri.ee\/wp-content\/uploads\/2026\/04\/Xilin-teetass-768x768.png",768,768,true],"large":["https:\/\/kohvieri.ee\/wp-content\/uploads\/2026\/04\/Xilin-teetass-1024x1024.png",1024,1024,true],"1536x1536":["https:\/\/kohvieri.ee\/wp-content\/uploads\/2026\/04\/Xilin-teetass.png",1080,1080,false],"2048x2048":["https:\/\/kohvieri.ee\/wp-content\/uploads\/2026\/04\/Xilin-teetass.png",1080,1080,false],"trp-custom-language-flag":["https:\/\/kohvieri.ee\/wp-content\/uploads\/2026\/04\/Xilin-teetass-12x12.png",12,12,true],"woocommerce_thumbnail":["https:\/\/kohvieri.ee\/wp-content\/uploads\/2026\/04\/Xilin-teetass-300x300.png",300,300,true],"woocommerce_single":["https:\/\/kohvieri.ee\/wp-content\/uploads\/2026\/04\/Xilin-teetass-600x600.png",600,600,true],"woocommerce_gallery_thumbnail":["https:\/\/kohvieri.ee\/wp-content\/uploads\/2026\/04\/Xilin-teetass-100x100.png",100,100,true]},"uagb_author_info":{"display_name":"Kohvieri","author_link":"https:\/\/kohvieri.ee\/et\/author\/"},"uagb_comment_info":0,"uagb_excerpt":"Teetassid \u2013 120 ml | V\u00e4ike suuruselt, rikkalik kogemus T\u00f5stke oma teerituaali uuele tasemele nende elegantsete\u00a0malmist teetassidega. \u00a0Idamaade traditsioonidest inspireeritud tassid \u00fchendavad endas tagasihoidliku suuruse ja v\u00f5imsa olemuse. Kahe tassi komplekt sobib ideaalselt jagatud hetkeks \u2013 vaikne, soe ja t\u00e4helepanu t\u00e4is. Kvaliteetsest malmist ja\u00a0emailitud\u00a0sisemusega\u00a0valmistatud\u00a0tassid hoiavad teie tee kauem sooja ja maitsvana. Need on k\u00e4es mugavad&hellip;","jetpack_sharing_enabled":true,"_links":{"self":[{"href":"https:\/\/kohvieri.ee\/et\/wp-json\/wp\/v2\/product\/16875","targetHints":{"allow":["GET"]}}],"collection":[{"href":"https:\/\/kohvieri.ee\/et\/wp-json\/wp\/v2\/product"}],"about":[{"href":"https:\/\/kohvieri.ee\/et\/wp-json\/wp\/v2\/types\/product"}],"version-history":[{"count":1,"href":"https:\/\/kohvieri.ee\/et\/wp-json\/wp\/v2\/product\/16875\/revisions"}],"predecessor-version":[{"id":16878,"href":"https:\/\/kohvieri.ee\/et\/wp-json\/wp\/v2\/product\/16875\/revisions\/16878"}],"wp:featuredmedia":[{"embeddable":true,"href":"https:\/\/kohvieri.ee\/et\/wp-json\/wp\/v2\/media\/16876"}],"wp:attachment":[{"href":"https:\/\/kohvieri.ee\/et\/wp-json\/wp\/v2\/media?parent=16875"}],"wp:term":[{"taxonomy":"product_brand","embeddable":true,"href":"https:\/\/kohvieri.ee\/et\/wp-json\/wp\/v2\/product_brand?post=16875"},{"taxonomy":"product_cat","embeddable":true,"href":"https:\/\/kohvieri.ee\/et\/wp-json\/wp\/v2\/product_cat?post=16875"},{"taxonomy":"product_tag","embeddable":true,"href":"https:\/\/kohvieri.ee\/et\/wp-json\/wp\/v2\/product_tag?post=16875"}],"curies":[{"name":"wp","href":"https:\/\/api.w.org\/{rel}","templated":true}]}}