{"id":6197,"date":"2023-07-02T17:34:15","date_gmt":"2023-07-02T17:34:15","guid":{"rendered":"https:\/\/kohvieri.ee\/?post_type=product&#038;p=6197"},"modified":"2025-02-26T17:25:20","modified_gmt":"2025-02-26T17:25:20","slug":"pai-mu-tan-2","status":"publish","type":"product","link":"https:\/\/kohvieri.ee\/et\/product\/pai-mu-tan-2\/","title":{"rendered":"Pai Mu Tan"},"content":{"rendered":"\t\t<div data-elementor-type=\"wp-post\" data-elementor-id=\"6197\" class=\"elementor elementor-6197\">\n\t\t\t\t<div class=\"elementor-element elementor-element-7cf02634 e-flex e-con-boxed e-con e-parent\" data-id=\"7cf02634\" data-element_type=\"container\" data-e-type=\"container\">\n\t\t\t\t\t<div class=\"e-con-inner\">\n\t\t<div class=\"elementor-element elementor-element-7caa4536 e-con-full e-flex e-con e-child\" data-id=\"7caa4536\" data-element_type=\"container\" data-e-type=\"container\">\n\t\t\t\t<div class=\"elementor-element elementor-element-138ab61b elementor-widget__width-initial e-transform elementor-position-top exad-sticky-section-no exad-glass-effect-no elementor-widget elementor-widget-image-box\" data-id=\"138ab61b\" data-element_type=\"widget\" data-e-type=\"widget\" data-settings=\"{&quot;_transform_translateX_effect&quot;:{&quot;unit&quot;:&quot;px&quot;,&quot;size&quot;:2,&quot;sizes&quot;:[]},&quot;_transform_translateY_effect&quot;:{&quot;unit&quot;:&quot;px&quot;,&quot;size&quot;:-9,&quot;sizes&quot;:[]},&quot;_transform_translateX_effect_tablet&quot;:{&quot;unit&quot;:&quot;px&quot;,&quot;size&quot;:&quot;&quot;,&quot;sizes&quot;:[]},&quot;_transform_translateX_effect_mobile&quot;:{&quot;unit&quot;:&quot;px&quot;,&quot;size&quot;:&quot;&quot;,&quot;sizes&quot;:[]},&quot;_transform_translateY_effect_tablet&quot;:{&quot;unit&quot;:&quot;px&quot;,&quot;size&quot;:&quot;&quot;,&quot;sizes&quot;:[]},&quot;_transform_translateY_effect_mobile&quot;:{&quot;unit&quot;:&quot;px&quot;,&quot;size&quot;:&quot;&quot;,&quot;sizes&quot;:[]}}\" data-widget_type=\"image-box.default\">\n\t\t\t\t<div class=\"elementor-widget-container\">\n\t\t\t\t\t<div class=\"elementor-image-box-wrapper\"><figure class=\"elementor-image-box-img\"><img fetchpriority=\"high\" decoding=\"async\" width=\"500\" height=\"500\" src=\"https:\/\/kohvieri.ee\/wp-content\/uploads\/2023\/08\/2gr-2tl.png\" class=\"attachment-1536x1536 size-1536x1536 wp-image-10476\" alt=\"\" srcset=\"https:\/\/kohvieri.ee\/wp-content\/uploads\/2023\/08\/2gr-2tl.png 500w, https:\/\/kohvieri.ee\/wp-content\/uploads\/2023\/08\/2gr-2tl-300x300.png 300w, https:\/\/kohvieri.ee\/wp-content\/uploads\/2023\/08\/2gr-2tl-150x150.png 150w, https:\/\/kohvieri.ee\/wp-content\/uploads\/2023\/08\/2gr-2tl-12x12.png 12w, https:\/\/kohvieri.ee\/wp-content\/uploads\/2023\/08\/2gr-2tl-100x100.png 100w\" sizes=\"(max-width: 500px) 100vw, 500px\" \/><\/figure><div class=\"elementor-image-box-content\"><h3 class=\"elementor-image-box-title\">2gr(2tl ) 200ml vee kohta.<\/h3><\/div><\/div>\t\t\t\t<\/div>\n\t\t\t\t<\/div>\n\t\t\t\t<\/div>\n\t\t<div class=\"elementor-element elementor-element-40b2c3d1 e-con-full e-flex e-con e-child\" data-id=\"40b2c3d1\" data-element_type=\"container\" data-e-type=\"container\">\n\t\t\t\t<div class=\"elementor-element elementor-element-49498419 e-transform elementor-position-top exad-sticky-section-no exad-glass-effect-no elementor-widget elementor-widget-image-box\" data-id=\"49498419\" data-element_type=\"widget\" data-e-type=\"widget\" data-settings=\"{&quot;_transform_translateX_effect&quot;:{&quot;unit&quot;:&quot;px&quot;,&quot;size&quot;:-16,&quot;sizes&quot;:[]},&quot;_transform_translateY_effect&quot;:{&quot;unit&quot;:&quot;px&quot;,&quot;size&quot;:-1,&quot;sizes&quot;:[]},&quot;_transform_translateX_effect_tablet&quot;:{&quot;unit&quot;:&quot;px&quot;,&quot;size&quot;:&quot;&quot;,&quot;sizes&quot;:[]},&quot;_transform_translateX_effect_mobile&quot;:{&quot;unit&quot;:&quot;px&quot;,&quot;size&quot;:&quot;&quot;,&quot;sizes&quot;:[]},&quot;_transform_translateY_effect_tablet&quot;:{&quot;unit&quot;:&quot;px&quot;,&quot;size&quot;:&quot;&quot;,&quot;sizes&quot;:[]},&quot;_transform_translateY_effect_mobile&quot;:{&quot;unit&quot;:&quot;px&quot;,&quot;size&quot;:&quot;&quot;,&quot;sizes&quot;:[]}}\" data-widget_type=\"image-box.default\">\n\t\t\t\t<div class=\"elementor-widget-container\">\n\t\t\t\t\t<div class=\"elementor-image-box-wrapper\"><figure class=\"elementor-image-box-img\"><img decoding=\"async\" width=\"500\" height=\"500\" src=\"https:\/\/kohvieri.ee\/wp-content\/uploads\/2023\/06\/Gray-1.png\" class=\"attachment-large size-large wp-image-8009\" alt=\"\" srcset=\"https:\/\/kohvieri.ee\/wp-content\/uploads\/2023\/06\/Gray-1.png 500w, https:\/\/kohvieri.ee\/wp-content\/uploads\/2023\/06\/Gray-1-300x300.png 300w, https:\/\/kohvieri.ee\/wp-content\/uploads\/2023\/06\/Gray-1-150x150.png 150w, https:\/\/kohvieri.ee\/wp-content\/uploads\/2023\/06\/Gray-1-12x12.png 12w, https:\/\/kohvieri.ee\/wp-content\/uploads\/2023\/06\/Gray-1-100x100.png 100w\" sizes=\"(max-width: 500px) 100vw, 500px\" \/><\/figure><div class=\"elementor-image-box-content\"><h3 class=\"elementor-image-box-title\">70\u00b0- 80\u00b0C vee temperatuur<\/h3><\/div><\/div>\t\t\t\t<\/div>\n\t\t\t\t<\/div>\n\t\t\t\t<\/div>\n\t\t<div class=\"elementor-element elementor-element-4e79de3e e-con-full e-flex e-con e-child\" data-id=\"4e79de3e\" data-element_type=\"container\" data-e-type=\"container\">\n\t\t\t\t<div class=\"elementor-element elementor-element-78726179 e-transform elementor-position-top exad-sticky-section-no exad-glass-effect-no elementor-widget elementor-widget-image-box\" data-id=\"78726179\" data-element_type=\"widget\" data-e-type=\"widget\" data-settings=\"{&quot;_transform_translateY_effect&quot;:{&quot;unit&quot;:&quot;px&quot;,&quot;size&quot;:-11,&quot;sizes&quot;:[]},&quot;_transform_translateX_effect&quot;:{&quot;unit&quot;:&quot;px&quot;,&quot;size&quot;:&quot;&quot;,&quot;sizes&quot;:[]},&quot;_transform_translateX_effect_tablet&quot;:{&quot;unit&quot;:&quot;px&quot;,&quot;size&quot;:&quot;&quot;,&quot;sizes&quot;:[]},&quot;_transform_translateX_effect_mobile&quot;:{&quot;unit&quot;:&quot;px&quot;,&quot;size&quot;:&quot;&quot;,&quot;sizes&quot;:[]},&quot;_transform_translateY_effect_tablet&quot;:{&quot;unit&quot;:&quot;px&quot;,&quot;size&quot;:&quot;&quot;,&quot;sizes&quot;:[]},&quot;_transform_translateY_effect_mobile&quot;:{&quot;unit&quot;:&quot;px&quot;,&quot;size&quot;:&quot;&quot;,&quot;sizes&quot;:[]}}\" data-widget_type=\"image-box.default\">\n\t\t\t\t<div class=\"elementor-widget-container\">\n\t\t\t\t\t<div class=\"elementor-image-box-wrapper\"><figure class=\"elementor-image-box-img\"><img decoding=\"async\" width=\"500\" height=\"500\" src=\"https:\/\/kohvieri.ee\/wp-content\/uploads\/2023\/06\/Beige-Green-Minimalist-Organic-Shop-Logo-2.png\" class=\"attachment-full size-full wp-image-8043\" alt=\"\" srcset=\"https:\/\/kohvieri.ee\/wp-content\/uploads\/2023\/06\/Beige-Green-Minimalist-Organic-Shop-Logo-2.png 500w, https:\/\/kohvieri.ee\/wp-content\/uploads\/2023\/06\/Beige-Green-Minimalist-Organic-Shop-Logo-2-300x300.png 300w, https:\/\/kohvieri.ee\/wp-content\/uploads\/2023\/06\/Beige-Green-Minimalist-Organic-Shop-Logo-2-150x150.png 150w, https:\/\/kohvieri.ee\/wp-content\/uploads\/2023\/06\/Beige-Green-Minimalist-Organic-Shop-Logo-2-12x12.png 12w, https:\/\/kohvieri.ee\/wp-content\/uploads\/2023\/06\/Beige-Green-Minimalist-Organic-Shop-Logo-2-100x100.png 100w\" sizes=\"(max-width: 500px) 100vw, 500px\" \/><\/figure><div class=\"elementor-image-box-content\"><h3 class=\"elementor-image-box-title\">2-3 minutit valmimisaeg<\/h3><\/div><\/div>\t\t\t\t<\/div>\n\t\t\t\t<\/div>\n\t\t\t\t<\/div>\n\t\t\t\t\t<\/div>\n\t\t\t\t<\/div>\n\t\t\t\t<\/div>\n\t\t","protected":false},"excerpt":{"rendered":"<p>Kasvab Hiina Fujiani provintsis ja on tuntud ka kui &#8220;Valge pojeng&#8221;. P\u00e4rast korjamist kuivatatakse tee p\u00e4ikese k\u00e4es v\u00f5i suletud ruumides ilma t\u00e4iendava tehnilise abita. Leht on paljude roheliste varjunditega, v\u00e4ga mahukas, erineva struktuuriga ja\u00a0 osa teest on piklike, h\u00f5bevalgete leheotstega. Tassi v\u00e4rv on s\u00e4delev merevaigutoon ja maitse on <b>elegantselt v\u00fcrtsikas<\/b>\u00a0. V\u00e4iksema teiini sisaldusega, sobib ka p\u00e4rastl\u00f5unase teena.<\/p>\n<p><a href=\"https:\/\/kohvieri.ee\/et\/teedest\/\">Loe teedest edasi<\/a><\/p>\n<p>&nbsp;<\/p>\n<div>\n<p>&nbsp;<\/p>\n<\/div>\n","protected":false},"featured_media":6191,"template":"","meta":{"_uag_custom_page_level_css":"","site-sidebar-layout":"default","site-content-layout":"default","ast-site-content-layout":"default","site-content-style":"default","site-sidebar-style":"default","ast-global-header-display":"","ast-banner-title-visibility":"","ast-main-header-display":"","ast-hfb-above-header-display":"","ast-hfb-below-header-display":"","ast-hfb-mobile-header-display":"","site-post-title":"","ast-breadcrumbs-content":"","ast-featured-img":"","footer-sml-layout":"","ast-disable-related-posts":"","theme-transparent-header-meta":"default","adv-header-id-meta":"","stick-header-meta":"default","header-above-stick-meta":"","header-main-stick-meta":"","header-below-stick-meta":"","astra-migrate-meta-layouts":"set","ast-page-background-enabled":"default","ast-page-background-meta":{"desktop":{"background-color":"var(--ast-global-color-4)","background-image":"","background-repeat":"repeat","background-position":"center center","background-size":"auto","background-attachment":"scroll","background-type":"","background-media":"","overlay-type":"","overlay-color":"","overlay-opacity":"","overlay-gradient":""},"tablet":{"background-color":"","background-image":"","background-repeat":"repeat","background-position":"center center","background-size":"auto","background-attachment":"scroll","background-type":"","background-media":"","overlay-type":"","overlay-color":"","overlay-opacity":"","overlay-gradient":""},"mobile":{"background-color":"","background-image":"","background-repeat":"repeat","background-position":"center center","background-size":"auto","background-attachment":"scroll","background-type":"","background-media":"","overlay-type":"","overlay-color":"","overlay-opacity":"","overlay-gradient":""}},"ast-content-background-meta":{"desktop":{"background-color":"var(--ast-global-color-5)","background-image":"","background-repeat":"repeat","background-position":"center center","background-size":"auto","background-attachment":"scroll","background-type":"","background-media":"","overlay-type":"","overlay-color":"","overlay-opacity":"","overlay-gradient":""},"tablet":{"background-color":"var(--ast-global-color-5)","background-image":"","background-repeat":"repeat","background-position":"center center","background-size":"auto","background-attachment":"scroll","background-type":"","background-media":"","overlay-type":"","overlay-color":"","overlay-opacity":"","overlay-gradient":""},"mobile":{"background-color":"var(--ast-global-color-5)","background-image":"","background-repeat":"repeat","background-position":"center center","background-size":"auto","background-attachment":"scroll","background-type":"","background-media":"","overlay-type":"","overlay-color":"","overlay-opacity":"","overlay-gradient":""}}},"product_brand":[],"product_cat":[47,107],"product_tag":[],"class_list":{"0":"post-6197","1":"product","2":"type-product","3":"status-publish","4":"has-post-thumbnail","6":"product_cat-teed","7":"product_cat-valge-tee","8":"desktop-align-center","9":"tablet-align-left","10":"mobile-align-left","12":"first","13":"instock","14":"taxable","15":"shipping-taxable","16":"purchasable","17":"product-type-variable"},"yoast_head":"<!-- This site is optimized with the Yoast SEO plugin v27.5 - https:\/\/yoast.com\/product\/yoast-seo-wordpress\/ -->\n<title>Pai Mu Tan - Kohvieri<\/title>\n<meta name=\"robots\" content=\"index, follow, max-snippet:-1, max-image-preview:large, max-video-preview:-1\" \/>\n<link rel=\"canonical\" href=\"https:\/\/kohvieri.ee\/et\/product\/pai-mu-tan-2\/\" \/>\n<meta property=\"og:locale\" content=\"et_EE\" \/>\n<meta property=\"og:type\" content=\"article\" \/>\n<meta property=\"og:title\" content=\"Pai Mu Tan - Kohvieri\" \/>\n<meta property=\"og:description\" content=\"Kasvab Hiina Fujiani provintsis ja on tuntud ka kui &quot;Valge pojeng&quot;. P\u00e4rast korjamist kuivatatakse tee p\u00e4ikese k\u00e4es v\u00f5i suletud ruumides ilma t\u00e4iendava tehnilise abita. Leht on paljude roheliste varjunditega, v\u00e4ga mahukas, erineva struktuuriga ja\u00a0 osa teest on piklike, h\u00f5bevalgete leheotstega. Tassi v\u00e4rv on s\u00e4delev merevaigutoon ja maitse on elegantselt v\u00fcrtsikas\u00a0. V\u00e4iksema teiini sisaldusega, sobib ka p\u00e4rastl\u00f5unase teena.  Loe teedest edasi  &nbsp;   &nbsp;\" \/>\n<meta property=\"og:url\" content=\"https:\/\/kohvieri.ee\/et\/product\/pai-mu-tan-2\/\" \/>\n<meta property=\"og:site_name\" content=\"Kohvieri\" \/>\n<meta property=\"article:publisher\" content=\"https:\/\/www.facebook.com\/kohvieri\" \/>\n<meta property=\"article:modified_time\" content=\"2025-02-26T17:25:20+00:00\" \/>\n<meta property=\"og:image\" content=\"https:\/\/kohvieri.ee\/wp-content\/uploads\/2023\/07\/Pai_Mu_Tan-300x300-1.jpg\" \/>\n\t<meta property=\"og:image:width\" content=\"300\" \/>\n\t<meta property=\"og:image:height\" content=\"300\" \/>\n\t<meta property=\"og:image:type\" content=\"image\/jpeg\" \/>\n<meta name=\"twitter:card\" content=\"summary_large_image\" \/>\n<meta name=\"twitter:label1\" content=\"Est. reading time\" \/>\n\t<meta name=\"twitter:data1\" content=\"1 minut\" \/>\n<script type=\"application\/ld+json\" class=\"yoast-schema-graph\">{\"@context\":\"https:\\\/\\\/schema.org\",\"@graph\":[{\"@type\":\"WebPage\",\"@id\":\"https:\\\/\\\/kohvieri.ee\\\/et\\\/product\\\/pai-mu-tan-2\\\/\",\"url\":\"https:\\\/\\\/kohvieri.ee\\\/et\\\/product\\\/pai-mu-tan-2\\\/\",\"name\":\"Pai Mu Tan - Kohvieri\",\"isPartOf\":{\"@id\":\"https:\\\/\\\/kohvieri.ee\\\/et\\\/#website\"},\"primaryImageOfPage\":{\"@id\":\"https:\\\/\\\/kohvieri.ee\\\/et\\\/product\\\/pai-mu-tan-2\\\/#primaryimage\"},\"image\":{\"@id\":\"https:\\\/\\\/kohvieri.ee\\\/et\\\/product\\\/pai-mu-tan-2\\\/#primaryimage\"},\"thumbnailUrl\":\"https:\\\/\\\/kohvieri.ee\\\/wp-content\\\/uploads\\\/2023\\\/07\\\/Pai_Mu_Tan-300x300-1.jpg\",\"datePublished\":\"2023-07-02T17:34:15+00:00\",\"dateModified\":\"2025-02-26T17:25:20+00:00\",\"breadcrumb\":{\"@id\":\"https:\\\/\\\/kohvieri.ee\\\/et\\\/product\\\/pai-mu-tan-2\\\/#breadcrumb\"},\"inLanguage\":\"et\",\"potentialAction\":[{\"@type\":\"ReadAction\",\"target\":[\"https:\\\/\\\/kohvieri.ee\\\/et\\\/product\\\/pai-mu-tan-2\\\/\"]}]},{\"@type\":\"ImageObject\",\"inLanguage\":\"et\",\"@id\":\"https:\\\/\\\/kohvieri.ee\\\/et\\\/product\\\/pai-mu-tan-2\\\/#primaryimage\",\"url\":\"https:\\\/\\\/kohvieri.ee\\\/wp-content\\\/uploads\\\/2023\\\/07\\\/Pai_Mu_Tan-300x300-1.jpg\",\"contentUrl\":\"https:\\\/\\\/kohvieri.ee\\\/wp-content\\\/uploads\\\/2023\\\/07\\\/Pai_Mu_Tan-300x300-1.jpg\",\"width\":300,\"height\":300,\"caption\":\"Pai Mu Tan\"},{\"@type\":\"BreadcrumbList\",\"@id\":\"https:\\\/\\\/kohvieri.ee\\\/et\\\/product\\\/pai-mu-tan-2\\\/#breadcrumb\",\"itemListElement\":[{\"@type\":\"ListItem\",\"position\":1,\"name\":\"Home\",\"item\":\"https:\\\/\\\/kohvieri.ee\\\/et\\\/\"},{\"@type\":\"ListItem\",\"position\":2,\"name\":\"E-pood\",\"item\":\"https:\\\/\\\/kohvieri.ee\\\/et\\\/e-pood\\\/\"},{\"@type\":\"ListItem\",\"position\":3,\"name\":\"Pai Mu Tan\"}]},{\"@type\":\"WebSite\",\"@id\":\"https:\\\/\\\/kohvieri.ee\\\/et\\\/#website\",\"url\":\"https:\\\/\\\/kohvieri.ee\\\/et\\\/\",\"name\":\"Kohvieri\",\"description\":\"Kohvi - ja teepood\",\"publisher\":{\"@id\":\"https:\\\/\\\/kohvieri.ee\\\/et\\\/#organization\"},\"potentialAction\":[{\"@type\":\"SearchAction\",\"target\":{\"@type\":\"EntryPoint\",\"urlTemplate\":\"https:\\\/\\\/kohvieri.ee\\\/et\\\/?s={search_term_string}\"},\"query-input\":{\"@type\":\"PropertyValueSpecification\",\"valueRequired\":true,\"valueName\":\"search_term_string\"}}],\"inLanguage\":\"et\"},{\"@type\":\"Organization\",\"@id\":\"https:\\\/\\\/kohvieri.ee\\\/et\\\/#organization\",\"name\":\"Kohvieri\",\"url\":\"https:\\\/\\\/kohvieri.ee\\\/et\\\/\",\"logo\":{\"@type\":\"ImageObject\",\"inLanguage\":\"et\",\"@id\":\"https:\\\/\\\/kohvieri.ee\\\/et\\\/#\\\/schema\\\/logo\\\/image\\\/\",\"url\":\"https:\\\/\\\/kohvieri.ee\\\/wp-content\\\/uploads\\\/2023\\\/07\\\/07cd6507-9210-4922-a9ff-55a59759ce72-e1689614757153.png\",\"contentUrl\":\"https:\\\/\\\/kohvieri.ee\\\/wp-content\\\/uploads\\\/2023\\\/07\\\/07cd6507-9210-4922-a9ff-55a59759ce72-e1689614757153.png\",\"width\":945,\"height\":318,\"caption\":\" Kohvieri\"},\"image\":{\"@id\":\"https:\\\/\\\/kohvieri.ee\\\/et\\\/#\\\/schema\\\/logo\\\/image\\\/\"},\"sameAs\":[\"https:\\\/\\\/www.facebook.com\\\/kohvieri\",\"https:\\\/\\\/www.instagram.com\\\/kohvieripood\"]}]}<\/script>\n<!-- \/ Yoast SEO plugin. -->","yoast_head_json":{"title":"Pai Mu Tan - Kohvieri","robots":{"index":"index","follow":"follow","max-snippet":"max-snippet:-1","max-image-preview":"max-image-preview:large","max-video-preview":"max-video-preview:-1"},"canonical":"https:\/\/kohvieri.ee\/et\/product\/pai-mu-tan-2\/","og_locale":"et_EE","og_type":"article","og_title":"Pai Mu Tan - Kohvieri","og_description":"Kasvab Hiina Fujiani provintsis ja on tuntud ka kui \"Valge pojeng\". P\u00e4rast korjamist kuivatatakse tee p\u00e4ikese k\u00e4es v\u00f5i suletud ruumides ilma t\u00e4iendava tehnilise abita. Leht on paljude roheliste varjunditega, v\u00e4ga mahukas, erineva struktuuriga ja\u00a0 osa teest on piklike, h\u00f5bevalgete leheotstega. Tassi v\u00e4rv on s\u00e4delev merevaigutoon ja maitse on elegantselt v\u00fcrtsikas\u00a0. V\u00e4iksema teiini sisaldusega, sobib ka p\u00e4rastl\u00f5unase teena.  Loe teedest edasi  &nbsp;   &nbsp;","og_url":"https:\/\/kohvieri.ee\/et\/product\/pai-mu-tan-2\/","og_site_name":"Kohvieri","article_publisher":"https:\/\/www.facebook.com\/kohvieri","article_modified_time":"2025-02-26T17:25:20+00:00","og_image":[{"width":300,"height":300,"url":"https:\/\/kohvieri.ee\/wp-content\/uploads\/2023\/07\/Pai_Mu_Tan-300x300-1.jpg","type":"image\/jpeg"}],"twitter_card":"summary_large_image","twitter_misc":{"Est. reading time":"1 minut"},"schema":{"@context":"https:\/\/schema.org","@graph":[{"@type":"WebPage","@id":"https:\/\/kohvieri.ee\/et\/product\/pai-mu-tan-2\/","url":"https:\/\/kohvieri.ee\/et\/product\/pai-mu-tan-2\/","name":"Pai Mu Tan - Kohvieri","isPartOf":{"@id":"https:\/\/kohvieri.ee\/et\/#website"},"primaryImageOfPage":{"@id":"https:\/\/kohvieri.ee\/et\/product\/pai-mu-tan-2\/#primaryimage"},"image":{"@id":"https:\/\/kohvieri.ee\/et\/product\/pai-mu-tan-2\/#primaryimage"},"thumbnailUrl":"https:\/\/kohvieri.ee\/wp-content\/uploads\/2023\/07\/Pai_Mu_Tan-300x300-1.jpg","datePublished":"2023-07-02T17:34:15+00:00","dateModified":"2025-02-26T17:25:20+00:00","breadcrumb":{"@id":"https:\/\/kohvieri.ee\/et\/product\/pai-mu-tan-2\/#breadcrumb"},"inLanguage":"et","potentialAction":[{"@type":"ReadAction","target":["https:\/\/kohvieri.ee\/et\/product\/pai-mu-tan-2\/"]}]},{"@type":"ImageObject","inLanguage":"et","@id":"https:\/\/kohvieri.ee\/et\/product\/pai-mu-tan-2\/#primaryimage","url":"https:\/\/kohvieri.ee\/wp-content\/uploads\/2023\/07\/Pai_Mu_Tan-300x300-1.jpg","contentUrl":"https:\/\/kohvieri.ee\/wp-content\/uploads\/2023\/07\/Pai_Mu_Tan-300x300-1.jpg","width":300,"height":300,"caption":"Pai Mu Tan"},{"@type":"BreadcrumbList","@id":"https:\/\/kohvieri.ee\/et\/product\/pai-mu-tan-2\/#breadcrumb","itemListElement":[{"@type":"ListItem","position":1,"name":"Home","item":"https:\/\/kohvieri.ee\/et\/"},{"@type":"ListItem","position":2,"name":"E-pood","item":"https:\/\/kohvieri.ee\/et\/e-pood\/"},{"@type":"ListItem","position":3,"name":"Pai Mu Tan"}]},{"@type":"WebSite","@id":"https:\/\/kohvieri.ee\/et\/#website","url":"https:\/\/kohvieri.ee\/et\/","name":"Kohvieri","description":"Kohvi - ja teepood","publisher":{"@id":"https:\/\/kohvieri.ee\/et\/#organization"},"potentialAction":[{"@type":"SearchAction","target":{"@type":"EntryPoint","urlTemplate":"https:\/\/kohvieri.ee\/et\/?s={search_term_string}"},"query-input":{"@type":"PropertyValueSpecification","valueRequired":true,"valueName":"search_term_string"}}],"inLanguage":"et"},{"@type":"Organization","@id":"https:\/\/kohvieri.ee\/et\/#organization","name":"Kohvieri","url":"https:\/\/kohvieri.ee\/et\/","logo":{"@type":"ImageObject","inLanguage":"et","@id":"https:\/\/kohvieri.ee\/et\/#\/schema\/logo\/image\/","url":"https:\/\/kohvieri.ee\/wp-content\/uploads\/2023\/07\/07cd6507-9210-4922-a9ff-55a59759ce72-e1689614757153.png","contentUrl":"https:\/\/kohvieri.ee\/wp-content\/uploads\/2023\/07\/07cd6507-9210-4922-a9ff-55a59759ce72-e1689614757153.png","width":945,"height":318,"caption":" Kohvieri"},"image":{"@id":"https:\/\/kohvieri.ee\/et\/#\/schema\/logo\/image\/"},"sameAs":["https:\/\/www.facebook.com\/kohvieri","https:\/\/www.instagram.com\/kohvieripood"]}]}},"uagb_featured_image_src":{"full":["https:\/\/kohvieri.ee\/wp-content\/uploads\/2023\/07\/Pai_Mu_Tan-300x300-1.jpg",300,300,false],"thumbnail":["https:\/\/kohvieri.ee\/wp-content\/uploads\/2023\/07\/Pai_Mu_Tan-300x300-1.jpg",150,150,false],"medium":["https:\/\/kohvieri.ee\/wp-content\/uploads\/2023\/07\/Pai_Mu_Tan-300x300-1.jpg",300,300,false],"medium_large":["https:\/\/kohvieri.ee\/wp-content\/uploads\/2023\/07\/Pai_Mu_Tan-300x300-1.jpg",300,300,false],"large":["https:\/\/kohvieri.ee\/wp-content\/uploads\/2023\/07\/Pai_Mu_Tan-300x300-1.jpg",300,300,false],"1536x1536":["https:\/\/kohvieri.ee\/wp-content\/uploads\/2023\/07\/Pai_Mu_Tan-300x300-1.jpg",300,300,false],"2048x2048":["https:\/\/kohvieri.ee\/wp-content\/uploads\/2023\/07\/Pai_Mu_Tan-300x300-1.jpg",300,300,false],"trp-custom-language-flag":["https:\/\/kohvieri.ee\/wp-content\/uploads\/2023\/07\/Pai_Mu_Tan-300x300-1.jpg",12,12,false],"woocommerce_thumbnail":["https:\/\/kohvieri.ee\/wp-content\/uploads\/2023\/07\/Pai_Mu_Tan-300x300-1.jpg",300,300,false],"woocommerce_single":["https:\/\/kohvieri.ee\/wp-content\/uploads\/2023\/07\/Pai_Mu_Tan-300x300-1.jpg",300,300,false],"woocommerce_gallery_thumbnail":["https:\/\/kohvieri.ee\/wp-content\/uploads\/2023\/07\/Pai_Mu_Tan-300x300-1-100x100.jpg",100,100,true]},"uagb_author_info":{"display_name":"Kohvieri","author_link":"https:\/\/kohvieri.ee\/et\/author\/"},"uagb_comment_info":0,"uagb_excerpt":"Kasvab Hiina Fujiani provintsis ja on tuntud ka kui \"Valge pojeng\". P\u00e4rast korjamist kuivatatakse tee p\u00e4ikese k\u00e4es v\u00f5i suletud ruumides ilma t\u00e4iendava tehnilise abita. Leht on paljude roheliste varjunditega, v\u00e4ga mahukas, erineva struktuuriga ja\u00a0 osa teest on piklike, h\u00f5bevalgete leheotstega. Tassi v\u00e4rv on s\u00e4delev merevaigutoon ja maitse on elegantselt v\u00fcrtsikas\u00a0. V\u00e4iksema teiini sisaldusega, sobib ka&hellip;","jetpack_sharing_enabled":true,"_links":{"self":[{"href":"https:\/\/kohvieri.ee\/et\/wp-json\/wp\/v2\/product\/6197","targetHints":{"allow":["GET"]}}],"collection":[{"href":"https:\/\/kohvieri.ee\/et\/wp-json\/wp\/v2\/product"}],"about":[{"href":"https:\/\/kohvieri.ee\/et\/wp-json\/wp\/v2\/types\/product"}],"version-history":[{"count":5,"href":"https:\/\/kohvieri.ee\/et\/wp-json\/wp\/v2\/product\/6197\/revisions"}],"predecessor-version":[{"id":14841,"href":"https:\/\/kohvieri.ee\/et\/wp-json\/wp\/v2\/product\/6197\/revisions\/14841"}],"wp:featuredmedia":[{"embeddable":true,"href":"https:\/\/kohvieri.ee\/et\/wp-json\/wp\/v2\/media\/6191"}],"wp:attachment":[{"href":"https:\/\/kohvieri.ee\/et\/wp-json\/wp\/v2\/media?parent=6197"}],"wp:term":[{"taxonomy":"product_brand","embeddable":true,"href":"https:\/\/kohvieri.ee\/et\/wp-json\/wp\/v2\/product_brand?post=6197"},{"taxonomy":"product_cat","embeddable":true,"href":"https:\/\/kohvieri.ee\/et\/wp-json\/wp\/v2\/product_cat?post=6197"},{"taxonomy":"product_tag","embeddable":true,"href":"https:\/\/kohvieri.ee\/et\/wp-json\/wp\/v2\/product_tag?post=6197"}],"curies":[{"name":"wp","href":"https:\/\/api.w.org\/{rel}","templated":true}]}}