{"id":7578,"date":"2023-07-21T17:08:12","date_gmt":"2023-07-21T17:08:12","guid":{"rendered":"https:\/\/kohvieri.ee\/?post_type=product&#038;p=7578"},"modified":"2024-11-20T14:49:33","modified_gmt":"2024-11-20T14:49:33","slug":"weis-termospudel-vaakumisolatsiooniga-05l","status":"publish","type":"product","link":"https:\/\/kohvieri.ee\/et\/product\/weis-termospudel-vaakumisolatsiooniga-05l\/","title":{"rendered":"Weis termospudel vaakumisolatsiooniga 0.5l"},"content":{"rendered":"\t\t<div data-elementor-type=\"wp-post\" data-elementor-id=\"7578\" class=\"elementor elementor-7578\">\n\t\t\t\t<div class=\"elementor-element elementor-element-8006cfb e-flex e-con-boxed e-con e-parent\" data-id=\"8006cfb\" data-element_type=\"container\" data-e-type=\"container\">\n\t\t\t\t\t<div class=\"e-con-inner\">\n\t\t\t\t\t<\/div>\n\t\t\t\t<\/div>\n\t\t\t\t<\/div>\n\t\t","protected":false},"excerpt":{"rendered":"<ul>\n<li>ainulaadne vaakumiisolatsioon, hoiab joogid kuumana kuni 18 tundi v\u00f5i k\u00fclmana 24 tundi<\/li>\n<li>kvaliteetne roostevaba teras, toidukindel ja purunematu<\/li>\n<li>\u00f5huke ja k\u00e4ep\u00e4rane disain, sobib suurep\u00e4raselt \u00f5ues tegutsemiseks, sportimiseks, v\u00e4ljas\u00f5itudeks v\u00f5i kontorisse<\/li>\n<li>100% lekkekindel t\u00e4nu kvaliteetsele silikoontihendile kaanes<\/li>\n<li>lihtne puhastada, n\u00f5udepesumasinas pestav<\/li>\n<li>pikkus: 7cm<\/li>\n<li class=\"base-info--entry entry--width\">laius: 7<span class=\"entry--content\">cm<\/span><\/li>\n<li class=\"base-info--entry entry--height\">k\u00f5rgus:\u00a0<span class=\"entry--content\">27 cm<\/span><\/li>\n<\/ul>\n<p>P\u00e4ritolumaa: Saksamaa<\/p>\n<p><a href=\"https:\/\/kohvieri.ee\/kohvikannud\/\">Loe rohkem tarvikutest<\/a><\/p>\n<div>\n<p>&nbsp;<\/p>\n<\/div>\n","protected":false},"featured_media":7579,"template":"","meta":{"_uag_custom_page_level_css":"","site-sidebar-layout":"no-sidebar","site-content-layout":"plain-container","ast-site-content-layout":"normal-width-container","site-content-style":"unboxed","site-sidebar-style":"unboxed","ast-global-header-display":"","ast-banner-title-visibility":"","ast-main-header-display":"","ast-hfb-above-header-display":"","ast-hfb-below-header-display":"","ast-hfb-mobile-header-display":"","site-post-title":"disabled","ast-breadcrumbs-content":"","ast-featured-img":"disabled","footer-sml-layout":"","ast-disable-related-posts":"","theme-transparent-header-meta":"default","adv-header-id-meta":"","stick-header-meta":"default","header-above-stick-meta":"","header-main-stick-meta":"","header-below-stick-meta":"","astra-migrate-meta-layouts":"set","ast-page-background-enabled":"default","ast-page-background-meta":{"desktop":{"background-color":"var(--ast-global-color-4)","background-image":"","background-repeat":"repeat","background-position":"center center","background-size":"auto","background-attachment":"scroll","background-type":"","background-media":"","overlay-type":"","overlay-color":"","overlay-opacity":"","overlay-gradient":""},"tablet":{"background-color":"","background-image":"","background-repeat":"repeat","background-position":"center center","background-size":"auto","background-attachment":"scroll","background-type":"","background-media":"","overlay-type":"","overlay-color":"","overlay-opacity":"","overlay-gradient":""},"mobile":{"background-color":"","background-image":"","background-repeat":"repeat","background-position":"center center","background-size":"auto","background-attachment":"scroll","background-type":"","background-media":"","overlay-type":"","overlay-color":"","overlay-opacity":"","overlay-gradient":""}},"ast-content-background-meta":{"desktop":{"background-color":"var(--ast-global-color-5)","background-image":"","background-repeat":"repeat","background-position":"center center","background-size":"auto","background-attachment":"scroll","background-type":"","background-media":"","overlay-type":"","overlay-color":"","overlay-opacity":"","overlay-gradient":""},"tablet":{"background-color":"var(--ast-global-color-5)","background-image":"","background-repeat":"repeat","background-position":"center center","background-size":"auto","background-attachment":"scroll","background-type":"","background-media":"","overlay-type":"","overlay-color":"","overlay-opacity":"","overlay-gradient":""},"mobile":{"background-color":"var(--ast-global-color-5)","background-image":"","background-repeat":"repeat","background-position":"center center","background-size":"auto","background-attachment":"scroll","background-type":"","background-media":"","overlay-type":"","overlay-color":"","overlay-opacity":"","overlay-gradient":""}}},"product_brand":[],"product_cat":[120,49],"product_tag":[149],"class_list":{"0":"post-7578","1":"product","2":"type-product","3":"status-publish","4":"has-post-thumbnail","6":"product_cat-muud-tarvikud","7":"product_cat-tarvikud","8":"product_tag-termos","9":"desktop-align-center","10":"tablet-align-left","11":"mobile-align-left","13":"first","14":"instock","15":"taxable","16":"shipping-taxable","17":"purchasable","18":"product-type-simple"},"yoast_head":"<!-- This site is optimized with the Yoast SEO plugin v27.5 - https:\/\/yoast.com\/product\/yoast-seo-wordpress\/ -->\n<title>Weis termospudel vaakumisolatsiooniga 0.5l - Kohvieri<\/title>\n<meta name=\"robots\" content=\"index, follow, max-snippet:-1, max-image-preview:large, max-video-preview:-1\" \/>\n<link rel=\"canonical\" href=\"https:\/\/kohvieri.ee\/et\/product\/weis-termospudel-vaakumisolatsiooniga-05l\/\" \/>\n<meta property=\"og:locale\" content=\"et_EE\" \/>\n<meta property=\"og:type\" content=\"article\" \/>\n<meta property=\"og:title\" content=\"Weis termospudel vaakumisolatsiooniga 0.5l - Kohvieri\" \/>\n<meta property=\"og:description\" content=\"ainulaadne vaakumiisolatsioon, hoiab joogid kuumana kuni 18 tundi v\u00f5i k\u00fclmana 24 tundi  kvaliteetne roostevaba teras, toidukindel ja purunematu  \u00f5huke ja k\u00e4ep\u00e4rane disain, sobib suurep\u00e4raselt \u00f5ues tegutsemiseks, sportimiseks, v\u00e4ljas\u00f5itudeks v\u00f5i kontorisse  100% lekkekindel t\u00e4nu kvaliteetsele silikoontihendile kaanes  lihtne puhastada, n\u00f5udepesumasinas pestav  pikkus: 7cm  laius: 7cm  k\u00f5rgus:\u00a027 cm  P\u00e4ritolumaa: Saksamaa  Loe rohkem tarvikutest   &nbsp;\" \/>\n<meta property=\"og:url\" content=\"https:\/\/kohvieri.ee\/et\/product\/weis-termospudel-vaakumisolatsiooniga-05l\/\" \/>\n<meta property=\"og:site_name\" content=\"Kohvieri\" \/>\n<meta property=\"article:publisher\" content=\"https:\/\/www.facebook.com\/kohvieri\" \/>\n<meta property=\"article:modified_time\" content=\"2024-11-20T14:49:33+00:00\" \/>\n<meta property=\"og:image\" content=\"https:\/\/kohvieri.ee\/wp-content\/uploads\/2023\/07\/a7e5a266-9c3a-43df-9418-45f8b9ac2d6b.png\" \/>\n\t<meta property=\"og:image:width\" content=\"1200\" \/>\n\t<meta property=\"og:image:height\" content=\"1200\" \/>\n\t<meta property=\"og:image:type\" content=\"image\/png\" \/>\n<meta name=\"twitter:card\" content=\"summary_large_image\" \/>\n<meta name=\"twitter:label1\" content=\"Est. reading time\" \/>\n\t<meta name=\"twitter:data1\" content=\"1 minut\" \/>\n<script type=\"application\/ld+json\" class=\"yoast-schema-graph\">{\"@context\":\"https:\\\/\\\/schema.org\",\"@graph\":[{\"@type\":\"WebPage\",\"@id\":\"https:\\\/\\\/kohvieri.ee\\\/et\\\/product\\\/weis-termospudel-vaakumisolatsiooniga-05l\\\/\",\"url\":\"https:\\\/\\\/kohvieri.ee\\\/et\\\/product\\\/weis-termospudel-vaakumisolatsiooniga-05l\\\/\",\"name\":\"Weis termospudel vaakumisolatsiooniga 0.5l - Kohvieri\",\"isPartOf\":{\"@id\":\"https:\\\/\\\/kohvieri.ee\\\/et\\\/#website\"},\"primaryImageOfPage\":{\"@id\":\"https:\\\/\\\/kohvieri.ee\\\/et\\\/product\\\/weis-termospudel-vaakumisolatsiooniga-05l\\\/#primaryimage\"},\"image\":{\"@id\":\"https:\\\/\\\/kohvieri.ee\\\/et\\\/product\\\/weis-termospudel-vaakumisolatsiooniga-05l\\\/#primaryimage\"},\"thumbnailUrl\":\"https:\\\/\\\/kohvieri.ee\\\/wp-content\\\/uploads\\\/2023\\\/07\\\/a7e5a266-9c3a-43df-9418-45f8b9ac2d6b.png\",\"datePublished\":\"2023-07-21T17:08:12+00:00\",\"dateModified\":\"2024-11-20T14:49:33+00:00\",\"breadcrumb\":{\"@id\":\"https:\\\/\\\/kohvieri.ee\\\/et\\\/product\\\/weis-termospudel-vaakumisolatsiooniga-05l\\\/#breadcrumb\"},\"inLanguage\":\"et\",\"potentialAction\":[{\"@type\":\"ReadAction\",\"target\":[\"https:\\\/\\\/kohvieri.ee\\\/et\\\/product\\\/weis-termospudel-vaakumisolatsiooniga-05l\\\/\"]}]},{\"@type\":\"ImageObject\",\"inLanguage\":\"et\",\"@id\":\"https:\\\/\\\/kohvieri.ee\\\/et\\\/product\\\/weis-termospudel-vaakumisolatsiooniga-05l\\\/#primaryimage\",\"url\":\"https:\\\/\\\/kohvieri.ee\\\/wp-content\\\/uploads\\\/2023\\\/07\\\/a7e5a266-9c3a-43df-9418-45f8b9ac2d6b.png\",\"contentUrl\":\"https:\\\/\\\/kohvieri.ee\\\/wp-content\\\/uploads\\\/2023\\\/07\\\/a7e5a266-9c3a-43df-9418-45f8b9ac2d6b.png\",\"width\":1200,\"height\":1200,\"caption\":\"Weis termospudel vaakumisolatsiooniga 0.5l\"},{\"@type\":\"BreadcrumbList\",\"@id\":\"https:\\\/\\\/kohvieri.ee\\\/et\\\/product\\\/weis-termospudel-vaakumisolatsiooniga-05l\\\/#breadcrumb\",\"itemListElement\":[{\"@type\":\"ListItem\",\"position\":1,\"name\":\"Home\",\"item\":\"https:\\\/\\\/kohvieri.ee\\\/et\\\/\"},{\"@type\":\"ListItem\",\"position\":2,\"name\":\"E-pood\",\"item\":\"https:\\\/\\\/kohvieri.ee\\\/et\\\/e-pood\\\/\"},{\"@type\":\"ListItem\",\"position\":3,\"name\":\"Weis termospudel vaakumisolatsiooniga 0.5l\"}]},{\"@type\":\"WebSite\",\"@id\":\"https:\\\/\\\/kohvieri.ee\\\/et\\\/#website\",\"url\":\"https:\\\/\\\/kohvieri.ee\\\/et\\\/\",\"name\":\"Kohvieri\",\"description\":\"Kohvi - ja teepood\",\"publisher\":{\"@id\":\"https:\\\/\\\/kohvieri.ee\\\/et\\\/#organization\"},\"potentialAction\":[{\"@type\":\"SearchAction\",\"target\":{\"@type\":\"EntryPoint\",\"urlTemplate\":\"https:\\\/\\\/kohvieri.ee\\\/et\\\/?s={search_term_string}\"},\"query-input\":{\"@type\":\"PropertyValueSpecification\",\"valueRequired\":true,\"valueName\":\"search_term_string\"}}],\"inLanguage\":\"et\"},{\"@type\":\"Organization\",\"@id\":\"https:\\\/\\\/kohvieri.ee\\\/et\\\/#organization\",\"name\":\"Kohvieri\",\"url\":\"https:\\\/\\\/kohvieri.ee\\\/et\\\/\",\"logo\":{\"@type\":\"ImageObject\",\"inLanguage\":\"et\",\"@id\":\"https:\\\/\\\/kohvieri.ee\\\/et\\\/#\\\/schema\\\/logo\\\/image\\\/\",\"url\":\"https:\\\/\\\/kohvieri.ee\\\/wp-content\\\/uploads\\\/2023\\\/07\\\/07cd6507-9210-4922-a9ff-55a59759ce72-e1689614757153.png\",\"contentUrl\":\"https:\\\/\\\/kohvieri.ee\\\/wp-content\\\/uploads\\\/2023\\\/07\\\/07cd6507-9210-4922-a9ff-55a59759ce72-e1689614757153.png\",\"width\":945,\"height\":318,\"caption\":\" Kohvieri\"},\"image\":{\"@id\":\"https:\\\/\\\/kohvieri.ee\\\/et\\\/#\\\/schema\\\/logo\\\/image\\\/\"},\"sameAs\":[\"https:\\\/\\\/www.facebook.com\\\/kohvieri\",\"https:\\\/\\\/www.instagram.com\\\/kohvieripood\"]}]}<\/script>\n<!-- \/ Yoast SEO plugin. -->","yoast_head_json":{"title":"Weis termospudel vaakumisolatsiooniga 0.5l - Kohvieri","robots":{"index":"index","follow":"follow","max-snippet":"max-snippet:-1","max-image-preview":"max-image-preview:large","max-video-preview":"max-video-preview:-1"},"canonical":"https:\/\/kohvieri.ee\/et\/product\/weis-termospudel-vaakumisolatsiooniga-05l\/","og_locale":"et_EE","og_type":"article","og_title":"Weis termospudel vaakumisolatsiooniga 0.5l - Kohvieri","og_description":"ainulaadne vaakumiisolatsioon, hoiab joogid kuumana kuni 18 tundi v\u00f5i k\u00fclmana 24 tundi  kvaliteetne roostevaba teras, toidukindel ja purunematu  \u00f5huke ja k\u00e4ep\u00e4rane disain, sobib suurep\u00e4raselt \u00f5ues tegutsemiseks, sportimiseks, v\u00e4ljas\u00f5itudeks v\u00f5i kontorisse  100% lekkekindel t\u00e4nu kvaliteetsele silikoontihendile kaanes  lihtne puhastada, n\u00f5udepesumasinas pestav  pikkus: 7cm  laius: 7cm  k\u00f5rgus:\u00a027 cm  P\u00e4ritolumaa: Saksamaa  Loe rohkem tarvikutest   &nbsp;","og_url":"https:\/\/kohvieri.ee\/et\/product\/weis-termospudel-vaakumisolatsiooniga-05l\/","og_site_name":"Kohvieri","article_publisher":"https:\/\/www.facebook.com\/kohvieri","article_modified_time":"2024-11-20T14:49:33+00:00","og_image":[{"width":1200,"height":1200,"url":"https:\/\/kohvieri.ee\/wp-content\/uploads\/2023\/07\/a7e5a266-9c3a-43df-9418-45f8b9ac2d6b.png","type":"image\/png"}],"twitter_card":"summary_large_image","twitter_misc":{"Est. reading time":"1 minut"},"schema":{"@context":"https:\/\/schema.org","@graph":[{"@type":"WebPage","@id":"https:\/\/kohvieri.ee\/et\/product\/weis-termospudel-vaakumisolatsiooniga-05l\/","url":"https:\/\/kohvieri.ee\/et\/product\/weis-termospudel-vaakumisolatsiooniga-05l\/","name":"Weis termospudel vaakumisolatsiooniga 0.5l - Kohvieri","isPartOf":{"@id":"https:\/\/kohvieri.ee\/et\/#website"},"primaryImageOfPage":{"@id":"https:\/\/kohvieri.ee\/et\/product\/weis-termospudel-vaakumisolatsiooniga-05l\/#primaryimage"},"image":{"@id":"https:\/\/kohvieri.ee\/et\/product\/weis-termospudel-vaakumisolatsiooniga-05l\/#primaryimage"},"thumbnailUrl":"https:\/\/kohvieri.ee\/wp-content\/uploads\/2023\/07\/a7e5a266-9c3a-43df-9418-45f8b9ac2d6b.png","datePublished":"2023-07-21T17:08:12+00:00","dateModified":"2024-11-20T14:49:33+00:00","breadcrumb":{"@id":"https:\/\/kohvieri.ee\/et\/product\/weis-termospudel-vaakumisolatsiooniga-05l\/#breadcrumb"},"inLanguage":"et","potentialAction":[{"@type":"ReadAction","target":["https:\/\/kohvieri.ee\/et\/product\/weis-termospudel-vaakumisolatsiooniga-05l\/"]}]},{"@type":"ImageObject","inLanguage":"et","@id":"https:\/\/kohvieri.ee\/et\/product\/weis-termospudel-vaakumisolatsiooniga-05l\/#primaryimage","url":"https:\/\/kohvieri.ee\/wp-content\/uploads\/2023\/07\/a7e5a266-9c3a-43df-9418-45f8b9ac2d6b.png","contentUrl":"https:\/\/kohvieri.ee\/wp-content\/uploads\/2023\/07\/a7e5a266-9c3a-43df-9418-45f8b9ac2d6b.png","width":1200,"height":1200,"caption":"Weis termospudel vaakumisolatsiooniga 0.5l"},{"@type":"BreadcrumbList","@id":"https:\/\/kohvieri.ee\/et\/product\/weis-termospudel-vaakumisolatsiooniga-05l\/#breadcrumb","itemListElement":[{"@type":"ListItem","position":1,"name":"Home","item":"https:\/\/kohvieri.ee\/et\/"},{"@type":"ListItem","position":2,"name":"E-pood","item":"https:\/\/kohvieri.ee\/et\/e-pood\/"},{"@type":"ListItem","position":3,"name":"Weis termospudel vaakumisolatsiooniga 0.5l"}]},{"@type":"WebSite","@id":"https:\/\/kohvieri.ee\/et\/#website","url":"https:\/\/kohvieri.ee\/et\/","name":"Kohvieri","description":"Kohvi - ja teepood","publisher":{"@id":"https:\/\/kohvieri.ee\/et\/#organization"},"potentialAction":[{"@type":"SearchAction","target":{"@type":"EntryPoint","urlTemplate":"https:\/\/kohvieri.ee\/et\/?s={search_term_string}"},"query-input":{"@type":"PropertyValueSpecification","valueRequired":true,"valueName":"search_term_string"}}],"inLanguage":"et"},{"@type":"Organization","@id":"https:\/\/kohvieri.ee\/et\/#organization","name":"Kohvieri","url":"https:\/\/kohvieri.ee\/et\/","logo":{"@type":"ImageObject","inLanguage":"et","@id":"https:\/\/kohvieri.ee\/et\/#\/schema\/logo\/image\/","url":"https:\/\/kohvieri.ee\/wp-content\/uploads\/2023\/07\/07cd6507-9210-4922-a9ff-55a59759ce72-e1689614757153.png","contentUrl":"https:\/\/kohvieri.ee\/wp-content\/uploads\/2023\/07\/07cd6507-9210-4922-a9ff-55a59759ce72-e1689614757153.png","width":945,"height":318,"caption":" Kohvieri"},"image":{"@id":"https:\/\/kohvieri.ee\/et\/#\/schema\/logo\/image\/"},"sameAs":["https:\/\/www.facebook.com\/kohvieri","https:\/\/www.instagram.com\/kohvieripood"]}]}},"uagb_featured_image_src":{"full":["https:\/\/kohvieri.ee\/wp-content\/uploads\/2023\/07\/a7e5a266-9c3a-43df-9418-45f8b9ac2d6b.png",1200,1200,false],"thumbnail":["https:\/\/kohvieri.ee\/wp-content\/uploads\/2023\/07\/a7e5a266-9c3a-43df-9418-45f8b9ac2d6b-150x150.png",150,150,true],"medium":["https:\/\/kohvieri.ee\/wp-content\/uploads\/2023\/07\/a7e5a266-9c3a-43df-9418-45f8b9ac2d6b-300x300.png",300,300,true],"medium_large":["https:\/\/kohvieri.ee\/wp-content\/uploads\/2023\/07\/a7e5a266-9c3a-43df-9418-45f8b9ac2d6b-768x768.png",768,768,true],"large":["https:\/\/kohvieri.ee\/wp-content\/uploads\/2023\/07\/a7e5a266-9c3a-43df-9418-45f8b9ac2d6b-1024x1024.png",1024,1024,true],"1536x1536":["https:\/\/kohvieri.ee\/wp-content\/uploads\/2023\/07\/a7e5a266-9c3a-43df-9418-45f8b9ac2d6b.png",1200,1200,false],"2048x2048":["https:\/\/kohvieri.ee\/wp-content\/uploads\/2023\/07\/a7e5a266-9c3a-43df-9418-45f8b9ac2d6b.png",1200,1200,false],"trp-custom-language-flag":["https:\/\/kohvieri.ee\/wp-content\/uploads\/2023\/07\/a7e5a266-9c3a-43df-9418-45f8b9ac2d6b-12x12.png",12,12,true],"woocommerce_thumbnail":["https:\/\/kohvieri.ee\/wp-content\/uploads\/2023\/07\/a7e5a266-9c3a-43df-9418-45f8b9ac2d6b-300x300.png",300,300,true],"woocommerce_single":["https:\/\/kohvieri.ee\/wp-content\/uploads\/2023\/07\/a7e5a266-9c3a-43df-9418-45f8b9ac2d6b-600x600.png",600,600,true],"woocommerce_gallery_thumbnail":["https:\/\/kohvieri.ee\/wp-content\/uploads\/2023\/07\/a7e5a266-9c3a-43df-9418-45f8b9ac2d6b-100x100.png",100,100,true]},"uagb_author_info":{"display_name":"Kohvieri","author_link":"https:\/\/kohvieri.ee\/et\/author\/"},"uagb_comment_info":0,"uagb_excerpt":"ainulaadne vaakumiisolatsioon, hoiab joogid kuumana kuni 18 tundi v\u00f5i k\u00fclmana 24 tundi kvaliteetne roostevaba teras, toidukindel ja purunematu \u00f5huke ja k\u00e4ep\u00e4rane disain, sobib suurep\u00e4raselt \u00f5ues tegutsemiseks, sportimiseks, v\u00e4ljas\u00f5itudeks v\u00f5i kontorisse 100% lekkekindel t\u00e4nu kvaliteetsele silikoontihendile kaanes lihtne puhastada, n\u00f5udepesumasinas pestav pikkus: 7cm laius: 7cm k\u00f5rgus:\u00a027 cm P\u00e4ritolumaa: Saksamaa Loe rohkem tarvikutest &nbsp;","jetpack_sharing_enabled":true,"_links":{"self":[{"href":"https:\/\/kohvieri.ee\/et\/wp-json\/wp\/v2\/product\/7578","targetHints":{"allow":["GET"]}}],"collection":[{"href":"https:\/\/kohvieri.ee\/et\/wp-json\/wp\/v2\/product"}],"about":[{"href":"https:\/\/kohvieri.ee\/et\/wp-json\/wp\/v2\/types\/product"}],"version-history":[{"count":4,"href":"https:\/\/kohvieri.ee\/et\/wp-json\/wp\/v2\/product\/7578\/revisions"}],"predecessor-version":[{"id":14696,"href":"https:\/\/kohvieri.ee\/et\/wp-json\/wp\/v2\/product\/7578\/revisions\/14696"}],"wp:featuredmedia":[{"embeddable":true,"href":"https:\/\/kohvieri.ee\/et\/wp-json\/wp\/v2\/media\/7579"}],"wp:attachment":[{"href":"https:\/\/kohvieri.ee\/et\/wp-json\/wp\/v2\/media?parent=7578"}],"wp:term":[{"taxonomy":"product_brand","embeddable":true,"href":"https:\/\/kohvieri.ee\/et\/wp-json\/wp\/v2\/product_brand?post=7578"},{"taxonomy":"product_cat","embeddable":true,"href":"https:\/\/kohvieri.ee\/et\/wp-json\/wp\/v2\/product_cat?post=7578"},{"taxonomy":"product_tag","embeddable":true,"href":"https:\/\/kohvieri.ee\/et\/wp-json\/wp\/v2\/product_tag?post=7578"}],"curies":[{"name":"wp","href":"https:\/\/api.w.org\/{rel}","templated":true}]}}