{"id":8746,"date":"2023-07-30T10:49:46","date_gmt":"2023-07-30T10:49:46","guid":{"rendered":"https:\/\/kohvieri.ee\/?post_type=product&#038;p=8746"},"modified":"2025-10-19T17:41:12","modified_gmt":"2025-10-19T17:41:12","slug":"golden-autumn","status":"publish","type":"product","link":"https:\/\/kohvieri.ee\/et\/product\/golden-autumn\/","title":{"rendered":"Golden Autumn"},"content":{"rendered":"\t\t<div data-elementor-type=\"wp-post\" data-elementor-id=\"8746\" class=\"elementor elementor-8746\">\n\t\t\t\t<div class=\"elementor-element elementor-element-b5dc9f e-flex e-con-boxed e-con e-parent\" data-id=\"b5dc9f\" data-element_type=\"container\" data-e-type=\"container\">\n\t\t\t\t\t<div class=\"e-con-inner\">\n\t\t<div class=\"elementor-element elementor-element-1c14ed4f e-con-full e-flex e-con e-child\" data-id=\"1c14ed4f\" data-element_type=\"container\" data-e-type=\"container\">\n\t\t\t\t<div class=\"elementor-element elementor-element-7c2320bb elementor-widget__width-initial e-transform elementor-position-top exad-sticky-section-no exad-glass-effect-no elementor-widget elementor-widget-image-box\" data-id=\"7c2320bb\" data-element_type=\"widget\" data-e-type=\"widget\" data-settings=\"{&quot;_transform_translateX_effect&quot;:{&quot;unit&quot;:&quot;px&quot;,&quot;size&quot;:2,&quot;sizes&quot;:[]},&quot;_transform_translateY_effect&quot;:{&quot;unit&quot;:&quot;px&quot;,&quot;size&quot;:-9,&quot;sizes&quot;:[]},&quot;_transform_translateX_effect_tablet&quot;:{&quot;unit&quot;:&quot;px&quot;,&quot;size&quot;:&quot;&quot;,&quot;sizes&quot;:[]},&quot;_transform_translateX_effect_mobile&quot;:{&quot;unit&quot;:&quot;px&quot;,&quot;size&quot;:&quot;&quot;,&quot;sizes&quot;:[]},&quot;_transform_translateY_effect_tablet&quot;:{&quot;unit&quot;:&quot;px&quot;,&quot;size&quot;:&quot;&quot;,&quot;sizes&quot;:[]},&quot;_transform_translateY_effect_mobile&quot;:{&quot;unit&quot;:&quot;px&quot;,&quot;size&quot;:&quot;&quot;,&quot;sizes&quot;:[]}}\" data-widget_type=\"image-box.default\">\n\t\t\t\t<div class=\"elementor-widget-container\">\n\t\t\t\t\t<div class=\"elementor-image-box-wrapper\"><figure class=\"elementor-image-box-img\"><img fetchpriority=\"high\" decoding=\"async\" width=\"500\" height=\"500\" src=\"https:\/\/kohvieri.ee\/wp-content\/uploads\/2023\/08\/2gr.png\" class=\"attachment-1536x1536 size-1536x1536 wp-image-10475\" alt=\"\" srcset=\"https:\/\/kohvieri.ee\/wp-content\/uploads\/2023\/08\/2gr.png 500w, https:\/\/kohvieri.ee\/wp-content\/uploads\/2023\/08\/2gr-300x300.png 300w, https:\/\/kohvieri.ee\/wp-content\/uploads\/2023\/08\/2gr-150x150.png 150w, https:\/\/kohvieri.ee\/wp-content\/uploads\/2023\/08\/2gr-12x12.png 12w, https:\/\/kohvieri.ee\/wp-content\/uploads\/2023\/08\/2gr-100x100.png 100w\" sizes=\"(max-width: 500px) 100vw, 500px\" \/><\/figure><div class=\"elementor-image-box-content\"><h3 class=\"elementor-image-box-title\">2gr(1tl ) 200ml vee kohta.<\/h3><\/div><\/div>\t\t\t\t<\/div>\n\t\t\t\t<\/div>\n\t\t\t\t<\/div>\n\t\t<div class=\"elementor-element elementor-element-4cf867fe e-con-full e-flex e-con e-child\" data-id=\"4cf867fe\" data-element_type=\"container\" data-e-type=\"container\">\n\t\t\t\t<div class=\"elementor-element elementor-element-7111bbf8 e-transform elementor-position-top exad-sticky-section-no exad-glass-effect-no elementor-widget elementor-widget-image-box\" data-id=\"7111bbf8\" data-element_type=\"widget\" data-e-type=\"widget\" data-settings=\"{&quot;_transform_translateX_effect&quot;:{&quot;unit&quot;:&quot;px&quot;,&quot;size&quot;:-16,&quot;sizes&quot;:[]},&quot;_transform_translateY_effect&quot;:{&quot;unit&quot;:&quot;px&quot;,&quot;size&quot;:-1,&quot;sizes&quot;:[]},&quot;_transform_translateX_effect_tablet&quot;:{&quot;unit&quot;:&quot;px&quot;,&quot;size&quot;:&quot;&quot;,&quot;sizes&quot;:[]},&quot;_transform_translateX_effect_mobile&quot;:{&quot;unit&quot;:&quot;px&quot;,&quot;size&quot;:&quot;&quot;,&quot;sizes&quot;:[]},&quot;_transform_translateY_effect_tablet&quot;:{&quot;unit&quot;:&quot;px&quot;,&quot;size&quot;:&quot;&quot;,&quot;sizes&quot;:[]},&quot;_transform_translateY_effect_mobile&quot;:{&quot;unit&quot;:&quot;px&quot;,&quot;size&quot;:&quot;&quot;,&quot;sizes&quot;:[]}}\" data-widget_type=\"image-box.default\">\n\t\t\t\t<div class=\"elementor-widget-container\">\n\t\t\t\t\t<div class=\"elementor-image-box-wrapper\"><figure class=\"elementor-image-box-img\"><img decoding=\"async\" width=\"500\" height=\"500\" src=\"https:\/\/kohvieri.ee\/wp-content\/uploads\/2022\/03\/Gray-4.png\" class=\"attachment-large size-large wp-image-8542\" alt=\"\" srcset=\"https:\/\/kohvieri.ee\/wp-content\/uploads\/2022\/03\/Gray-4.png 500w, https:\/\/kohvieri.ee\/wp-content\/uploads\/2022\/03\/Gray-4-300x300.png 300w, https:\/\/kohvieri.ee\/wp-content\/uploads\/2022\/03\/Gray-4-150x150.png 150w, https:\/\/kohvieri.ee\/wp-content\/uploads\/2022\/03\/Gray-4-12x12.png 12w, https:\/\/kohvieri.ee\/wp-content\/uploads\/2022\/03\/Gray-4-100x100.png 100w\" sizes=\"(max-width: 500px) 100vw, 500px\" \/><\/figure><div class=\"elementor-image-box-content\"><h3 class=\"elementor-image-box-title\">90\u00b0- 100\u00b0C vee temperatuur<\/h3><\/div><\/div>\t\t\t\t<\/div>\n\t\t\t\t<\/div>\n\t\t\t\t<\/div>\n\t\t<div class=\"elementor-element elementor-element-2f8d4b7c e-con-full e-flex e-con e-child\" data-id=\"2f8d4b7c\" data-element_type=\"container\" data-e-type=\"container\">\n\t\t\t\t<div class=\"elementor-element elementor-element-5fe31972 e-transform elementor-position-top exad-sticky-section-no exad-glass-effect-no elementor-widget elementor-widget-image-box\" data-id=\"5fe31972\" data-element_type=\"widget\" data-e-type=\"widget\" data-settings=\"{&quot;_transform_translateY_effect&quot;:{&quot;unit&quot;:&quot;px&quot;,&quot;size&quot;:-11,&quot;sizes&quot;:[]},&quot;_transform_translateX_effect&quot;:{&quot;unit&quot;:&quot;px&quot;,&quot;size&quot;:&quot;&quot;,&quot;sizes&quot;:[]},&quot;_transform_translateX_effect_tablet&quot;:{&quot;unit&quot;:&quot;px&quot;,&quot;size&quot;:&quot;&quot;,&quot;sizes&quot;:[]},&quot;_transform_translateX_effect_mobile&quot;:{&quot;unit&quot;:&quot;px&quot;,&quot;size&quot;:&quot;&quot;,&quot;sizes&quot;:[]},&quot;_transform_translateY_effect_tablet&quot;:{&quot;unit&quot;:&quot;px&quot;,&quot;size&quot;:&quot;&quot;,&quot;sizes&quot;:[]},&quot;_transform_translateY_effect_mobile&quot;:{&quot;unit&quot;:&quot;px&quot;,&quot;size&quot;:&quot;&quot;,&quot;sizes&quot;:[]}}\" data-widget_type=\"image-box.default\">\n\t\t\t\t<div class=\"elementor-widget-container\">\n\t\t\t\t\t<div class=\"elementor-image-box-wrapper\"><figure class=\"elementor-image-box-img\"><img decoding=\"async\" width=\"500\" height=\"500\" src=\"https:\/\/kohvieri.ee\/wp-content\/uploads\/2022\/03\/Dusty-Beige-Rustic-Hotel-Logo-6.png\" class=\"attachment-full size-full wp-image-8543\" alt=\"\" srcset=\"https:\/\/kohvieri.ee\/wp-content\/uploads\/2022\/03\/Dusty-Beige-Rustic-Hotel-Logo-6.png 500w, https:\/\/kohvieri.ee\/wp-content\/uploads\/2022\/03\/Dusty-Beige-Rustic-Hotel-Logo-6-300x300.png 300w, https:\/\/kohvieri.ee\/wp-content\/uploads\/2022\/03\/Dusty-Beige-Rustic-Hotel-Logo-6-150x150.png 150w, https:\/\/kohvieri.ee\/wp-content\/uploads\/2022\/03\/Dusty-Beige-Rustic-Hotel-Logo-6-12x12.png 12w, https:\/\/kohvieri.ee\/wp-content\/uploads\/2022\/03\/Dusty-Beige-Rustic-Hotel-Logo-6-100x100.png 100w\" sizes=\"(max-width: 500px) 100vw, 500px\" \/><\/figure><div class=\"elementor-image-box-content\"><h3 class=\"elementor-image-box-title\">3-5 minutit valmimisaeg<\/h3><\/div><\/div>\t\t\t\t<\/div>\n\t\t\t\t<\/div>\n\t\t\t\t<\/div>\n\t\t\t\t\t<\/div>\n\t\t\t\t<\/div>\n\t\t\t\t<\/div>\n\t\t","protected":false},"excerpt":{"rendered":"<p>S\u00fcgis, aastaaeg, mis v\u00f5ib olla nii lummav.\u00a0Lehed pakuvad neile, kes vaatavad ringi avatud silmadega, v\u00e4rvidem\u00e4ngu, mis on \u00fcletamatu.\u00a0P\u00e4ike paneb v\u00e4rvid imeliselt s\u00e4rama, nii et j\u00e4tab s\u00f5natuks.\u00a0Just neil hetkedel soovitame tassikest \u201cKuldset s\u00fcgist\u201d.\u00a0Nautige seda kaunist loodusvaateid koos tassi musta teega.<\/p>\n<p>Koostisosad: India must tee millele on lisatud apelsinikoore t\u00fckid, kaneel, murakas, \u00f5una ja p\u00e4hkli t\u00fckid, looduslik aroomiaine.<\/p>\n","protected":false},"featured_media":8750,"template":"","meta":{"_uag_custom_page_level_css":"","site-sidebar-layout":"default","site-content-layout":"default","ast-site-content-layout":"default","site-content-style":"default","site-sidebar-style":"default","ast-global-header-display":"","ast-banner-title-visibility":"","ast-main-header-display":"","ast-hfb-above-header-display":"","ast-hfb-below-header-display":"","ast-hfb-mobile-header-display":"","site-post-title":"","ast-breadcrumbs-content":"","ast-featured-img":"","footer-sml-layout":"","ast-disable-related-posts":"","theme-transparent-header-meta":"default","adv-header-id-meta":"","stick-header-meta":"default","header-above-stick-meta":"","header-main-stick-meta":"","header-below-stick-meta":"","astra-migrate-meta-layouts":"set","ast-page-background-enabled":"default","ast-page-background-meta":{"desktop":{"background-color":"var(--ast-global-color-4)","background-image":"","background-repeat":"repeat","background-position":"center center","background-size":"auto","background-attachment":"scroll","background-type":"","background-media":"","overlay-type":"","overlay-color":"","overlay-opacity":"","overlay-gradient":""},"tablet":{"background-color":"","background-image":"","background-repeat":"repeat","background-position":"center center","background-size":"auto","background-attachment":"scroll","background-type":"","background-media":"","overlay-type":"","overlay-color":"","overlay-opacity":"","overlay-gradient":""},"mobile":{"background-color":"","background-image":"","background-repeat":"repeat","background-position":"center center","background-size":"auto","background-attachment":"scroll","background-type":"","background-media":"","overlay-type":"","overlay-color":"","overlay-opacity":"","overlay-gradient":""}},"ast-content-background-meta":{"desktop":{"background-color":"var(--ast-global-color-5)","background-image":"","background-repeat":"repeat","background-position":"center center","background-size":"auto","background-attachment":"scroll","background-type":"","background-media":"","overlay-type":"","overlay-color":"","overlay-opacity":"","overlay-gradient":""},"tablet":{"background-color":"var(--ast-global-color-5)","background-image":"","background-repeat":"repeat","background-position":"center center","background-size":"auto","background-attachment":"scroll","background-type":"","background-media":"","overlay-type":"","overlay-color":"","overlay-opacity":"","overlay-gradient":""},"mobile":{"background-color":"var(--ast-global-color-5)","background-image":"","background-repeat":"repeat","background-position":"center center","background-size":"auto","background-attachment":"scroll","background-type":"","background-media":"","overlay-type":"","overlay-color":"","overlay-opacity":"","overlay-gradient":""}}},"product_brand":[],"product_cat":[83,47],"product_tag":[100,139,217,110,218],"class_list":{"0":"post-8746","1":"product","2":"type-product","3":"status-publish","4":"has-post-thumbnail","6":"product_cat-must-tee","7":"product_cat-teed","8":"product_tag-apelsin","9":"product_tag-kaneel","10":"product_tag-murakas","11":"product_tag-oun","12":"product_tag-pahkel","13":"desktop-align-center","14":"tablet-align-left","15":"mobile-align-left","17":"first","18":"instock","19":"taxable","20":"shipping-taxable","21":"purchasable","22":"product-type-variable"},"yoast_head":"<!-- This site is optimized with the Yoast SEO plugin v27.4 - https:\/\/yoast.com\/product\/yoast-seo-wordpress\/ -->\n<title>Golden Autumn - Kohvieri<\/title>\n<meta name=\"robots\" content=\"index, follow, max-snippet:-1, max-image-preview:large, max-video-preview:-1\" \/>\n<link rel=\"canonical\" href=\"https:\/\/kohvieri.ee\/et\/product\/golden-autumn\/\" \/>\n<meta property=\"og:locale\" content=\"et_EE\" \/>\n<meta property=\"og:type\" content=\"article\" \/>\n<meta property=\"og:title\" content=\"Golden Autumn - Kohvieri\" \/>\n<meta property=\"og:description\" content=\"S\u00fcgis, aastaaeg, mis v\u00f5ib olla nii lummav.\u00a0Lehed pakuvad neile, kes vaatavad ringi avatud silmadega, v\u00e4rvidem\u00e4ngu, mis on \u00fcletamatu.\u00a0P\u00e4ike paneb v\u00e4rvid imeliselt s\u00e4rama, nii et j\u00e4tab s\u00f5natuks.\u00a0Just neil hetkedel soovitame tassikest \u201cKuldset s\u00fcgist\u201d.\u00a0Nautige seda kaunist loodusvaateid koos tassi musta teega.  Koostisosad: India must tee millele on lisatud apelsinikoore t\u00fckid, kaneel, murakas, \u00f5una ja p\u00e4hkli t\u00fckid, looduslik aroomiaine.\" \/>\n<meta property=\"og:url\" content=\"https:\/\/kohvieri.ee\/et\/product\/golden-autumn\/\" \/>\n<meta property=\"og:site_name\" content=\"Kohvieri\" \/>\n<meta property=\"article:publisher\" content=\"https:\/\/www.facebook.com\/kohvieri\" \/>\n<meta property=\"article:modified_time\" content=\"2025-10-19T17:41:12+00:00\" \/>\n<meta property=\"og:image\" content=\"https:\/\/kohvieri.ee\/wp-content\/uploads\/2023\/07\/golden-autumn.png\" \/>\n\t<meta property=\"og:image:width\" content=\"600\" \/>\n\t<meta property=\"og:image:height\" content=\"600\" \/>\n\t<meta property=\"og:image:type\" content=\"image\/png\" \/>\n<meta name=\"twitter:card\" content=\"summary_large_image\" \/>\n<meta name=\"twitter:label1\" content=\"Est. reading time\" \/>\n\t<meta name=\"twitter:data1\" content=\"1 minut\" \/>\n<script type=\"application\/ld+json\" class=\"yoast-schema-graph\">{\"@context\":\"https:\\\/\\\/schema.org\",\"@graph\":[{\"@type\":\"WebPage\",\"@id\":\"https:\\\/\\\/kohvieri.ee\\\/product\\\/golden-autumn\\\/\",\"url\":\"https:\\\/\\\/kohvieri.ee\\\/product\\\/golden-autumn\\\/\",\"name\":\"Golden Autumn - Kohvieri\",\"isPartOf\":{\"@id\":\"https:\\\/\\\/kohvieri.ee\\\/et\\\/#website\"},\"primaryImageOfPage\":{\"@id\":\"https:\\\/\\\/kohvieri.ee\\\/product\\\/golden-autumn\\\/#primaryimage\"},\"image\":{\"@id\":\"https:\\\/\\\/kohvieri.ee\\\/product\\\/golden-autumn\\\/#primaryimage\"},\"thumbnailUrl\":\"https:\\\/\\\/kohvieri.ee\\\/wp-content\\\/uploads\\\/2023\\\/07\\\/golden-autumn.png\",\"datePublished\":\"2023-07-30T10:49:46+00:00\",\"dateModified\":\"2025-10-19T17:41:12+00:00\",\"breadcrumb\":{\"@id\":\"https:\\\/\\\/kohvieri.ee\\\/product\\\/golden-autumn\\\/#breadcrumb\"},\"inLanguage\":\"et\",\"potentialAction\":[{\"@type\":\"ReadAction\",\"target\":[\"https:\\\/\\\/kohvieri.ee\\\/product\\\/golden-autumn\\\/\"]}]},{\"@type\":\"ImageObject\",\"inLanguage\":\"et\",\"@id\":\"https:\\\/\\\/kohvieri.ee\\\/product\\\/golden-autumn\\\/#primaryimage\",\"url\":\"https:\\\/\\\/kohvieri.ee\\\/wp-content\\\/uploads\\\/2023\\\/07\\\/golden-autumn.png\",\"contentUrl\":\"https:\\\/\\\/kohvieri.ee\\\/wp-content\\\/uploads\\\/2023\\\/07\\\/golden-autumn.png\",\"width\":600,\"height\":600,\"caption\":\"Golden Autumn\"},{\"@type\":\"BreadcrumbList\",\"@id\":\"https:\\\/\\\/kohvieri.ee\\\/product\\\/golden-autumn\\\/#breadcrumb\",\"itemListElement\":[{\"@type\":\"ListItem\",\"position\":1,\"name\":\"Home\",\"item\":\"https:\\\/\\\/kohvieri.ee\\\/et\\\/\"},{\"@type\":\"ListItem\",\"position\":2,\"name\":\"E-pood\",\"item\":\"https:\\\/\\\/kohvieri.ee\\\/et\\\/e-pood\\\/\"},{\"@type\":\"ListItem\",\"position\":3,\"name\":\"Golden Autumn\"}]},{\"@type\":\"WebSite\",\"@id\":\"https:\\\/\\\/kohvieri.ee\\\/et\\\/#website\",\"url\":\"https:\\\/\\\/kohvieri.ee\\\/et\\\/\",\"name\":\"Kohvieri\",\"description\":\"Kohvi - ja teepood\",\"publisher\":{\"@id\":\"https:\\\/\\\/kohvieri.ee\\\/et\\\/#organization\"},\"potentialAction\":[{\"@type\":\"SearchAction\",\"target\":{\"@type\":\"EntryPoint\",\"urlTemplate\":\"https:\\\/\\\/kohvieri.ee\\\/et\\\/?s={search_term_string}\"},\"query-input\":{\"@type\":\"PropertyValueSpecification\",\"valueRequired\":true,\"valueName\":\"search_term_string\"}}],\"inLanguage\":\"et\"},{\"@type\":\"Organization\",\"@id\":\"https:\\\/\\\/kohvieri.ee\\\/et\\\/#organization\",\"name\":\"Kohvieri\",\"url\":\"https:\\\/\\\/kohvieri.ee\\\/et\\\/\",\"logo\":{\"@type\":\"ImageObject\",\"inLanguage\":\"et\",\"@id\":\"https:\\\/\\\/kohvieri.ee\\\/et\\\/#\\\/schema\\\/logo\\\/image\\\/\",\"url\":\"https:\\\/\\\/kohvieri.ee\\\/wp-content\\\/uploads\\\/2023\\\/07\\\/07cd6507-9210-4922-a9ff-55a59759ce72-e1689614757153.png\",\"contentUrl\":\"https:\\\/\\\/kohvieri.ee\\\/wp-content\\\/uploads\\\/2023\\\/07\\\/07cd6507-9210-4922-a9ff-55a59759ce72-e1689614757153.png\",\"width\":945,\"height\":318,\"caption\":\" Kohvieri\"},\"image\":{\"@id\":\"https:\\\/\\\/kohvieri.ee\\\/et\\\/#\\\/schema\\\/logo\\\/image\\\/\"},\"sameAs\":[\"https:\\\/\\\/www.facebook.com\\\/kohvieri\",\"https:\\\/\\\/www.instagram.com\\\/kohvieripood\"]}]}<\/script>\n<!-- \/ Yoast SEO plugin. -->","yoast_head_json":{"title":"Golden Autumn - Kohvieri","robots":{"index":"index","follow":"follow","max-snippet":"max-snippet:-1","max-image-preview":"max-image-preview:large","max-video-preview":"max-video-preview:-1"},"canonical":"https:\/\/kohvieri.ee\/et\/product\/golden-autumn\/","og_locale":"et_EE","og_type":"article","og_title":"Golden Autumn - Kohvieri","og_description":"S\u00fcgis, aastaaeg, mis v\u00f5ib olla nii lummav.\u00a0Lehed pakuvad neile, kes vaatavad ringi avatud silmadega, v\u00e4rvidem\u00e4ngu, mis on \u00fcletamatu.\u00a0P\u00e4ike paneb v\u00e4rvid imeliselt s\u00e4rama, nii et j\u00e4tab s\u00f5natuks.\u00a0Just neil hetkedel soovitame tassikest \u201cKuldset s\u00fcgist\u201d.\u00a0Nautige seda kaunist loodusvaateid koos tassi musta teega.  Koostisosad: India must tee millele on lisatud apelsinikoore t\u00fckid, kaneel, murakas, \u00f5una ja p\u00e4hkli t\u00fckid, looduslik aroomiaine.","og_url":"https:\/\/kohvieri.ee\/et\/product\/golden-autumn\/","og_site_name":"Kohvieri","article_publisher":"https:\/\/www.facebook.com\/kohvieri","article_modified_time":"2025-10-19T17:41:12+00:00","og_image":[{"width":600,"height":600,"url":"https:\/\/kohvieri.ee\/wp-content\/uploads\/2023\/07\/golden-autumn.png","type":"image\/png"}],"twitter_card":"summary_large_image","twitter_misc":{"Est. reading time":"1 minut"},"schema":{"@context":"https:\/\/schema.org","@graph":[{"@type":"WebPage","@id":"https:\/\/kohvieri.ee\/product\/golden-autumn\/","url":"https:\/\/kohvieri.ee\/product\/golden-autumn\/","name":"Golden Autumn - Kohvieri","isPartOf":{"@id":"https:\/\/kohvieri.ee\/et\/#website"},"primaryImageOfPage":{"@id":"https:\/\/kohvieri.ee\/product\/golden-autumn\/#primaryimage"},"image":{"@id":"https:\/\/kohvieri.ee\/product\/golden-autumn\/#primaryimage"},"thumbnailUrl":"https:\/\/kohvieri.ee\/wp-content\/uploads\/2023\/07\/golden-autumn.png","datePublished":"2023-07-30T10:49:46+00:00","dateModified":"2025-10-19T17:41:12+00:00","breadcrumb":{"@id":"https:\/\/kohvieri.ee\/product\/golden-autumn\/#breadcrumb"},"inLanguage":"et","potentialAction":[{"@type":"ReadAction","target":["https:\/\/kohvieri.ee\/product\/golden-autumn\/"]}]},{"@type":"ImageObject","inLanguage":"et","@id":"https:\/\/kohvieri.ee\/product\/golden-autumn\/#primaryimage","url":"https:\/\/kohvieri.ee\/wp-content\/uploads\/2023\/07\/golden-autumn.png","contentUrl":"https:\/\/kohvieri.ee\/wp-content\/uploads\/2023\/07\/golden-autumn.png","width":600,"height":600,"caption":"Golden Autumn"},{"@type":"BreadcrumbList","@id":"https:\/\/kohvieri.ee\/product\/golden-autumn\/#breadcrumb","itemListElement":[{"@type":"ListItem","position":1,"name":"Home","item":"https:\/\/kohvieri.ee\/et\/"},{"@type":"ListItem","position":2,"name":"E-pood","item":"https:\/\/kohvieri.ee\/et\/e-pood\/"},{"@type":"ListItem","position":3,"name":"Golden Autumn"}]},{"@type":"WebSite","@id":"https:\/\/kohvieri.ee\/et\/#website","url":"https:\/\/kohvieri.ee\/et\/","name":"Kohvieri","description":"Kohvi - ja teepood","publisher":{"@id":"https:\/\/kohvieri.ee\/et\/#organization"},"potentialAction":[{"@type":"SearchAction","target":{"@type":"EntryPoint","urlTemplate":"https:\/\/kohvieri.ee\/et\/?s={search_term_string}"},"query-input":{"@type":"PropertyValueSpecification","valueRequired":true,"valueName":"search_term_string"}}],"inLanguage":"et"},{"@type":"Organization","@id":"https:\/\/kohvieri.ee\/et\/#organization","name":"Kohvieri","url":"https:\/\/kohvieri.ee\/et\/","logo":{"@type":"ImageObject","inLanguage":"et","@id":"https:\/\/kohvieri.ee\/et\/#\/schema\/logo\/image\/","url":"https:\/\/kohvieri.ee\/wp-content\/uploads\/2023\/07\/07cd6507-9210-4922-a9ff-55a59759ce72-e1689614757153.png","contentUrl":"https:\/\/kohvieri.ee\/wp-content\/uploads\/2023\/07\/07cd6507-9210-4922-a9ff-55a59759ce72-e1689614757153.png","width":945,"height":318,"caption":" Kohvieri"},"image":{"@id":"https:\/\/kohvieri.ee\/et\/#\/schema\/logo\/image\/"},"sameAs":["https:\/\/www.facebook.com\/kohvieri","https:\/\/www.instagram.com\/kohvieripood"]}]}},"uagb_featured_image_src":{"full":["https:\/\/kohvieri.ee\/wp-content\/uploads\/2023\/07\/golden-autumn.png",600,600,false],"thumbnail":["https:\/\/kohvieri.ee\/wp-content\/uploads\/2023\/07\/golden-autumn-150x150.png",150,150,true],"medium":["https:\/\/kohvieri.ee\/wp-content\/uploads\/2023\/07\/golden-autumn-300x300.png",300,300,true],"medium_large":["https:\/\/kohvieri.ee\/wp-content\/uploads\/2023\/07\/golden-autumn.png",600,600,false],"large":["https:\/\/kohvieri.ee\/wp-content\/uploads\/2023\/07\/golden-autumn.png",600,600,false],"1536x1536":["https:\/\/kohvieri.ee\/wp-content\/uploads\/2023\/07\/golden-autumn.png",600,600,false],"2048x2048":["https:\/\/kohvieri.ee\/wp-content\/uploads\/2023\/07\/golden-autumn.png",600,600,false],"trp-custom-language-flag":["https:\/\/kohvieri.ee\/wp-content\/uploads\/2023\/07\/golden-autumn-12x12.png",12,12,true],"woocommerce_thumbnail":["https:\/\/kohvieri.ee\/wp-content\/uploads\/2023\/07\/golden-autumn-300x300.png",300,300,true],"woocommerce_single":["https:\/\/kohvieri.ee\/wp-content\/uploads\/2023\/07\/golden-autumn.png",600,600,false],"woocommerce_gallery_thumbnail":["https:\/\/kohvieri.ee\/wp-content\/uploads\/2023\/07\/golden-autumn-100x100.png",100,100,true]},"uagb_author_info":{"display_name":"Kohvieri","author_link":"https:\/\/kohvieri.ee\/et\/author\/"},"uagb_comment_info":0,"uagb_excerpt":"S\u00fcgis, aastaaeg, mis v\u00f5ib olla nii lummav.\u00a0Lehed pakuvad neile, kes vaatavad ringi avatud silmadega, v\u00e4rvidem\u00e4ngu, mis on \u00fcletamatu.\u00a0P\u00e4ike paneb v\u00e4rvid imeliselt s\u00e4rama, nii et j\u00e4tab s\u00f5natuks.\u00a0Just neil hetkedel soovitame tassikest \u201cKuldset s\u00fcgist\u201d.\u00a0Nautige seda kaunist loodusvaateid koos tassi musta teega. Koostisosad: India must tee millele on lisatud apelsinikoore t\u00fckid, kaneel, murakas, \u00f5una ja p\u00e4hkli t\u00fckid, looduslik&hellip;","jetpack_sharing_enabled":true,"_links":{"self":[{"href":"https:\/\/kohvieri.ee\/et\/wp-json\/wp\/v2\/product\/8746","targetHints":{"allow":["GET"]}}],"collection":[{"href":"https:\/\/kohvieri.ee\/et\/wp-json\/wp\/v2\/product"}],"about":[{"href":"https:\/\/kohvieri.ee\/et\/wp-json\/wp\/v2\/types\/product"}],"version-history":[{"count":5,"href":"https:\/\/kohvieri.ee\/et\/wp-json\/wp\/v2\/product\/8746\/revisions"}],"predecessor-version":[{"id":12209,"href":"https:\/\/kohvieri.ee\/et\/wp-json\/wp\/v2\/product\/8746\/revisions\/12209"}],"wp:featuredmedia":[{"embeddable":true,"href":"https:\/\/kohvieri.ee\/et\/wp-json\/wp\/v2\/media\/8750"}],"wp:attachment":[{"href":"https:\/\/kohvieri.ee\/et\/wp-json\/wp\/v2\/media?parent=8746"}],"wp:term":[{"taxonomy":"product_brand","embeddable":true,"href":"https:\/\/kohvieri.ee\/et\/wp-json\/wp\/v2\/product_brand?post=8746"},{"taxonomy":"product_cat","embeddable":true,"href":"https:\/\/kohvieri.ee\/et\/wp-json\/wp\/v2\/product_cat?post=8746"},{"taxonomy":"product_tag","embeddable":true,"href":"https:\/\/kohvieri.ee\/et\/wp-json\/wp\/v2\/product_tag?post=8746"}],"curies":[{"name":"wp","href":"https:\/\/api.w.org\/{rel}","templated":true}]}}